{"id":26,"date":"2024-01-31T12:57:07","date_gmt":"2024-01-31T12:57:07","guid":{"rendered":"https:\/\/aviator-slotgame.com\/?page_id=26"},"modified":"2024-10-03T23:16:00","modified_gmt":"2024-10-03T23:16:00","slug":"play-for-free","status":"publish","type":"page","link":"https:\/\/aviator-slotgame.com\/it\/come-giocare-gratuitamente-alla-demo-di-aviator\/","title":{"rendered":"Come giocare gratuitamente alla demo di Aviator"},"content":{"rendered":"<div class=\"b1050f1cb27355f177e9a5a37e5dd145\" data-index=\"1\" style=\"float: none; margin:10px 0 10px 0; text-align:center;\">\n<div class=\"custom-play-button\">\r\n<center><a href=\"https:\/\/aviator-slotgame.com\/it\/play-game\/\" rel=\"nofollow\" target=\"_blank\">Riproduci ora<\/a><br><\/center>\r\n<\/div>\n<\/div>\n<p>Il gioco Aviator di Spribe \u00e8 un nuovo ed entusiasmante gioco da casin\u00f2 che permette ai giocatori di provare l&#039;emozione di vincere volando alto. La versione demo del gioco offre ai giocatori la possibilit\u00e0 di provarlo gratuitamente, mentre la versione completa \u00e8 disponibile su molti dei migliori siti di casin\u00f2. La demo gratuita di Aviator \u00e8 un ottimo modo per imparare a giocare prima di spendere soldi per la versione completa, ed \u00e8 un modo divertente per trascorrere del tempo online senza spendere soldi.<\/p>\n<p>Per fare ci\u00f2, devi andare sul sito ufficiale di Aviator e selezionare la modalit\u00e0 di gioco demo. Nella versione demo, puoi giocare senza dover scommettere soldi veri e goderti semplicemente il gameplay.<\/p>\n<p><img loading=\"lazy\" decoding=\"async\" title=\"Gioca alla demo di Aviator\" src=\"https:\/\/aviator-slotgame.com\/wp-content\/uploads\/aviator-3.png\" alt=\"Come giocare gratuitamente alla demo di Aviator\" width=\"800\" height=\"445\" \/><\/p>\n<h2>Caratteristiche principali<\/h2>\n<p>La versione demo ti introdurr\u00e0 a diverse importanti meccaniche di gioco. Facendo prima pratica gratuita, avrai una migliore comprensione di come funziona il gioco e potrai massimizzare le tue vincite quando giochi con soldi veri. La demo di Aviator \u00e8 anche un ottimo modo per divertirsi un po&#039; senza spendere soldi o crediti.<\/p><div class=\"b1050f1cb27355f177e9a5a37e5dd145\" data-index=\"1\" style=\"float: none; margin:10px 0 10px 0; text-align:center;\">\n<div class=\"custom-play-button\">\r\n<center><a href=\"https:\/\/aviator-slotgame.com\/it\/play-game\/\" rel=\"nofollow\" target=\"_blank\">Riproduci ora<\/a><br><\/center>\r\n<\/div>\n<\/div>\n\n<h3>Pulsanti doppi<\/h3>\n<p>Questi pulsanti ti danno l&#039;opportunit\u00e0 di raddoppiare la tua scommessa quando le probabilit\u00e0 sono a tuo favore. Ci\u00f2 pu\u00f2 aumentare le tue vincite, ma aumenta anche il fattore di rischio.<\/p>\n<p>Ti consigliamo di esercitarti a utilizzare entrambi i pulsanti nella versione demo prima di rischiare crediti sul sito reale. L&#039;aereo Aviator pu\u00f2 volare via nel tempo necessario a premere il secondo pulsante. I migliori giocatori di Aviator riescono a incassare entrambe le scommesse in un secondo.<\/p>\n<h3>Classifica<\/h3>\n<p>Questa funzione ti d\u00e0 un&#039;idea di quanto bene le tue scommesse si confrontano con quelle degli altri giocatori in tempo reale! Questo \u00e8 un ottimo modo per rimanere motivati quando arrivi al gioco vero e proprio. Nella demo questi giocatori sono simulati, ma puoi farti un&#039;idea di cosa cercare.<\/p>\n<h3>Limiti di scommessa e vincita<\/h3>\n<p>La demo di Aviator \u00e8 un buon posto per scoprire quali scommesse massime e minime puoi fare e quanti soldi ti porter\u00e0 la fortuna. Questa informazione \u00e8 estremamente importante per due motivi. In primo luogo, potrai conoscere i limiti del tuo gioco e non oltrepassarli quando giochi alla versione completa. In secondo luogo, puoi sapere cosa aspettarti quando il moltiplicatore inizia ad aumentare.<\/p>\n<table>\n<tbody>\n<tr>\n<td><strong>LIMITI DEL GIOCO<\/strong><\/td>\n<\/tr>\n<tr>\n<td><strong>Offerta minima<\/strong><\/td>\n<td>0.10<\/td>\n<\/tr>\n<tr>\n<td><strong>Scommessa massima<\/strong><\/td>\n<td>100<\/td>\n<\/tr>\n<tr>\n<td><strong>Vittoria massima<\/strong><\/td>\n<td>10,000<\/td>\n<\/tr>\n<\/tbody>\n<\/table>\n<p><img loading=\"lazy\" decoding=\"async\" src=\"https:\/\/aviator-slotgame.com\/wp-content\/uploads\/Aviator-12-800-x-600-\u043f\u0438\u043a\u0441.jpg\" alt=\"Scommesse e vincite\" width=\"800\" height=\"600\" \/><\/p>\n<h3>Riproduzione automatica<\/h3>\n<p>La riproduzione automatica piazza automaticamente le scommesse e paga i soldi per tuo conto in base alle impostazioni specificate. Ci\u00f2 ti consente di sederti e rilassarti mentre il gioco Aviator fa il lavoro per te. Per divertimento e pratica, il gioco consentir\u00e0 ai giocatori di provare diverse combinazioni di impostazioni.<\/p>\n<p>Nella versione demo di Aviator sono disponibili le seguenti opzioni di riproduzione automatica:<\/p>\n<ul>\n<li>Limite di riduzione del contante<\/li>\n<li>Limite di vincita<\/li>\n<li>Limite per vittoria<\/li>\n<li>Moltiplicatore del pagamento in contanti<\/li>\n<\/ul>\n<p><img loading=\"lazy\" decoding=\"async\" src=\"https:\/\/aviator-slotgame.com\/wp-content\/uploads\/Aviator-15-800-x-600-\u043f\u0438\u043a\u0441.jpg\" alt=\"Riproduzione automatica in Aviator\" width=\"800\" height=\"600\" \/><\/p>\n<h2>Funzionalit\u00e0 non incluse nella versione demo<\/h2>\n<p>Alla demo di Aviator manca una caratteristica vitale. Semplicemente non pu\u00f2 essere modellato.<\/p>\n<h3>I giocatori chattano<\/h3>\n<p>Nella versione completa di Aviator, i giocatori possono accedere al sistema di chat del gioco per discutere di strategia, abusare dei moltiplicatori, condividere suggerimenti e trucchi, vantarsi delle recenti grandi vittorie e chattare tra loro. Questa funzione non \u00e8 disponibile nella versione demo.<\/p>\n<p>Potresti non essere in grado di esercitarti a comunicare con altri giocatori, ma \u00e8 uno degli aspetti pi\u00f9 importanti di un gioco dal vivo. Questo \u00e8 un ottimo modo per costruire relazioni con altri giocatori e imparare di pi\u00f9 sul gioco.<\/p>\n<h2>Demo gratuita di Aviator rispetto al gioco reale<\/h2>\n<p>La demo di Aviator \u00e8 una versione gratuita del gioco che ti consente di esercitarti e provare diverse strategie. La versione demo include tutte le funzionalit\u00e0 disponibili nella versione completa, ma con alcune limitazioni. Ad esempio, nella versione demo di Aviator non puoi guadagnare soldi veri o vincere premi. Tuttavia, se ti piace giocare alla versione demo e desideri provare pi\u00f9 funzionalit\u00e0 di questo entusiasmante gioco, puoi continuare a giocare al gioco reale in qualsiasi momento.<\/p>\n<p>La versione demo di Aviator include numerosi tutorial e suggerimenti per aiutarti a capire come giocare in modo pi\u00f9 efficiente. Ti aiuteranno a migliorare la tua esperienza di gioco complessiva fornendo una guida di facile comprensione per i nuovi giocatori e insegnando nuove tecniche. Puoi anche visualizzare i dati RNG (Random Number Generator) generati da questi round, permettendoti di acquisire maggiore familiarit\u00e0 con la tecnologia crittografica di Spribe.<\/p>\n<table>\n<tbody>\n<tr>\n<td><strong>DEMO DELL&#039;AVIATORE<\/strong><\/td>\n<td><strong>GIOCO DAL VIVO \u201cAVIATORE\u201d<\/strong><\/td>\n<\/tr>\n<tr>\n<td>Gioca gratis<\/td>\n<td>Credito del sito richiesto<\/td>\n<\/tr>\n<tr>\n<td>Nessuna chat dal vivo<\/td>\n<td>Chatta per tutti i giocatori<\/td>\n<\/tr>\n<tr>\n<td>Nessuna vincita<\/td>\n<td>La vincita dipende dal moltiplicatore<\/td>\n<\/tr>\n<tr>\n<td>Puoi giocare sul sito ufficiale di Spribe<\/td>\n<td>Disponibile solo nei casin\u00f2 online autorizzati<\/td>\n<\/tr>\n<tr>\n<td>Giocatori simulati nella classifica<\/td>\n<td>I giocatori reali piazzano le scommesse<\/td>\n<\/tr>\n<\/tbody>\n<\/table>\n<p>Giocando prima alla demo di Aviator, potrai affinare le tue abilit\u00e0 prima di affrontare altri giocatori e magari vincere davvero!<\/p>\n<p><img loading=\"lazy\" decoding=\"async\" src=\"https:\/\/aviator-slotgame.com\/wp-content\/uploads\/Aviator-11-800-x-600-\u043f\u0438\u043a\u0441.jpg\" alt=\"Versione demo in Aviator\" width=\"800\" height=\"600\" \/><\/p>\n<h2>Versione demo del gioco Aviator<\/h2>\n<p>Perch\u00e9 tutti consigliano di conoscere prima la versione demo del gioco Aviator?<\/p>\n<ol>\n<li><strong>Introduzione al gioco:<\/strong> La versione gratuita del gioco Aviator aiuta i giocatori a familiarizzare con il gameplay, le regole del gioco e le funzioni delle slot senza rischiare i propri soldi.<\/li>\n<li><strong>Pratica:<\/strong> Giocare alla versione gratuita consente ai giocatori di esercitarsi e affinare le proprie abilit\u00e0 prima di giocare con soldi veri.<\/li>\n<li><strong>Punteggio di interesse:<\/strong> Giocando alla versione gratuita potrai valutare quanto sia interessante ed emozionante il gioco, cosa che ti aiuter\u00e0 a decidere se continuare a giocare con soldi veri.<\/li>\n<li><strong>Rischi non finanziari:<\/strong> La versione gratuita elimina i rischi finanziari per il giocatore, poich\u00e9 le scommesse vengono piazzate su denaro virtuale, il che ti consente di goderti il gioco senza stress.<\/li>\n<li><strong>Divertimento:<\/strong> Giocare alla versione gratuita di Aviator pu\u00f2 essere un ottimo modo per divertirsi e passare il tempo senza dover investire denaro.<\/li>\n<\/ol>\n<p><img loading=\"lazy\" decoding=\"async\" src=\"https:\/\/aviator-slotgame.com\/wp-content\/uploads\/Aviator-30-800-x-600-\u043f\u0438\u043a\u0441.jpg\" alt=\"Gioco dimostrativo Aviator\" width=\"800\" height=\"600\" \/><\/p>\n<h2>Dove posso trovare una versione demo del gioco Aviator?<\/h2>\n<p>Ecco le istruzioni dettagliate su come trovare una versione demo del gioco online Aviator:<\/p>\n<ol>\n<li>Apri il browser Internet del tuo dispositivo e vai al sito ufficiale del casin\u00f2 in cui vuoi giocare.<\/li>\n<li>Se hai gi\u00e0 un account sul sito, accedi utilizzando le tue credenziali. Se non hai ancora un account, registrati sul sito del casin\u00f2.<\/li>\n<li>Dopo essere entrato nel sito, trova la sezione con i giochi crash o usa la barra di ricerca. In genere, le versioni demo dei giochi sono fornite nella sezione Giochi.<\/li>\n<li>Trova il gioco Aviator tra le opzioni presentate e fai clic su di esso.<\/li>\n<li>Nelle informazioni sul gioco solitamente troverai il pulsante Gioca o Demo. Fai clic su questo pulsante per avviare la modalit\u00e0 demo del gioco Aviator.<\/li>\n<li>Verr\u00e0 scaricata la versione demo del gioco e potrai iniziare a giocare senza dover scommettere soldi veri. Nella modalit\u00e0 demo, utilizzerai il denaro virtuale fornito dal casin\u00f2 per giocare al gioco Aviator crash.<\/li>\n<\/ol>\n<p>Quindi, seguendo questi passaggi, potrai facilmente trovare e giocare alla versione demo del gioco Aviator sul sito ufficiale del casin\u00f2<\/p>\n<p><img loading=\"lazy\" decoding=\"async\" src=\"https:\/\/aviator-slotgame.com\/wp-content\/uploads\/Aviator-31-800-x-600-\u043f\u0438\u043a\u0441.jpg\" alt=\"Trova il gioco demo Aviator\" width=\"800\" height=\"600\" \/><\/p>\n\n<div style=\"font-size: 0px; height: 0px; line-height: 0px; margin: 0; padding: 0; clear: both;\"><\/div>","protected":false},"excerpt":{"rendered":"<p>Spribe&#039;s Aviator \u00e8 un nuovo ed emozionante gioco da casin\u00f2 che permette ai giocatori di provare l&#039;emozione di vincere<\/p>","protected":false},"author":1,"featured_media":0,"parent":0,"menu_order":0,"comment_status":"closed","ping_status":"closed","template":"","meta":{"footnotes":""},"class_list":["post-26","page","type-page","status-publish","hentry"],"yoast_head":"<!-- This site is optimized with the Yoast SEO plugin v22.0 - https:\/\/yoast.com\/wordpress\/plugins\/seo\/ -->\n<title>\u0414\u0435\u043c\u043e-\u0432\u0435\u0440\u0441\u0438\u044f \u0438\u0433\u0440\u044b \u0410\u0432\u0438\u0430\u0442\u043e\u0440 \u2014 \u0418\u0433\u0440\u0430\u0439\u0442\u0435 \u0432 \u043a\u0440\u0430\u0448-\u0441\u043b\u043e\u0442 \u0431\u0435\u0441\u043f\u043b\u0430\u0442\u043d\u043e<\/title>\n<meta name=\"description\" content=\"\u0418\u0433\u0440\u0430\u0439 \u0432 \u0434\u0435\u043c\u043e-\u0432\u0435\u0440\u0441\u0438\u044e \u0410\u0432\u0438\u0430\u0442\u043e\u0440 \u0431\u0435\u0441\u043f\u043b\u0430\u0442\u043d\u043e. \u0422\u0440\u0435\u043d\u0438\u0440\u0443\u0439\u0441\u044f \u0431\u0435\u0437 \u0434\u0435\u043d\u0435\u0433 \u0432 \u043a\u0440\u0430\u0448-\u0441\u043b\u043e\u0442\u0435 \u043e\u0442 Spribe \u043f\u0435\u0440\u0435\u0434 \u0438\u0433\u0440\u043e\u0439 \u043d\u0430 \u0440\u0435\u0430\u043b\u044c\u043d\u044b\u0435 \u0434\u0435\u043d\u044c\u0433\u0438 \u0432 \u043e\u043d\u043b\u0430\u0439\u043d \u043a\u0430\u0437\u0438\u043d\u043e.\" \/>\n<meta name=\"robots\" content=\"index, follow, max-snippet:-1, max-image-preview:large, max-video-preview:-1\" \/>\n<link rel=\"canonical\" href=\"https:\/\/aviator-slotgame.com\/it\/come-giocare-gratuitamente-alla-demo-di-aviator\/\" \/>\n<meta property=\"og:locale\" content=\"it_IT\" \/>\n<meta property=\"og:type\" content=\"article\" \/>\n<meta property=\"og:title\" content=\"\u0414\u0435\u043c\u043e-\u0432\u0435\u0440\u0441\u0438\u044f \u0438\u0433\u0440\u044b \u0410\u0432\u0438\u0430\u0442\u043e\u0440 \u2014 \u0418\u0433\u0440\u0430\u0439\u0442\u0435 \u0432 \u043a\u0440\u0430\u0448-\u0441\u043b\u043e\u0442 \u0431\u0435\u0441\u043f\u043b\u0430\u0442\u043d\u043e\" \/>\n<meta property=\"og:description\" content=\"\u0418\u0433\u0440\u0430\u0439 \u0432 \u0434\u0435\u043c\u043e-\u0432\u0435\u0440\u0441\u0438\u044e \u0410\u0432\u0438\u0430\u0442\u043e\u0440 \u0431\u0435\u0441\u043f\u043b\u0430\u0442\u043d\u043e. \u0422\u0440\u0435\u043d\u0438\u0440\u0443\u0439\u0441\u044f \u0431\u0435\u0437 \u0434\u0435\u043d\u0435\u0433 \u0432 \u043a\u0440\u0430\u0448-\u0441\u043b\u043e\u0442\u0435 \u043e\u0442 Spribe \u043f\u0435\u0440\u0435\u0434 \u0438\u0433\u0440\u043e\u0439 \u043d\u0430 \u0440\u0435\u0430\u043b\u044c\u043d\u044b\u0435 \u0434\u0435\u043d\u044c\u0433\u0438 \u0432 \u043e\u043d\u043b\u0430\u0439\u043d \u043a\u0430\u0437\u0438\u043d\u043e.\" \/>\n<meta property=\"og:url\" content=\"https:\/\/aviator-slotgame.com\/it\/come-giocare-gratuitamente-alla-demo-di-aviator\/\" \/>\n<meta property=\"og:site_name\" content=\"Aviator\" \/>\n<meta property=\"article:modified_time\" content=\"2024-10-03T23:16:00+00:00\" \/>\n<meta property=\"og:image\" content=\"https:\/\/aviator-slotgame.com\/wp-content\/uploads\/aviator-3.png\" \/>\n<meta name=\"twitter:card\" content=\"summary_large_image\" \/>\n<meta name=\"twitter:label1\" content=\"Tempo di lettura stimato\" \/>\n\t<meta name=\"twitter:data1\" content=\"6 minuti\" \/>\n<script type=\"application\/ld+json\" class=\"yoast-schema-graph\">{\"@context\":\"https:\/\/schema.org\",\"@graph\":[{\"@type\":\"WebPage\",\"@id\":\"https:\/\/aviator-slotgame.com\/play-for-free\/\",\"url\":\"https:\/\/aviator-slotgame.com\/play-for-free\/\",\"name\":\"\u0414\u0435\u043c\u043e-\u0432\u0435\u0440\u0441\u0438\u044f \u0438\u0433\u0440\u044b \u0410\u0432\u0438\u0430\u0442\u043e\u0440 \u2014 \u0418\u0433\u0440\u0430\u0439\u0442\u0435 \u0432 \u043a\u0440\u0430\u0448-\u0441\u043b\u043e\u0442 \u0431\u0435\u0441\u043f\u043b\u0430\u0442\u043d\u043e\",\"isPartOf\":{\"@id\":\"https:\/\/aviator-slotgame.com\/#website\"},\"datePublished\":\"2024-01-31T12:57:07+00:00\",\"dateModified\":\"2024-10-03T23:16:00+00:00\",\"description\":\"\u0418\u0433\u0440\u0430\u0439 \u0432 \u0434\u0435\u043c\u043e-\u0432\u0435\u0440\u0441\u0438\u044e \u0410\u0432\u0438\u0430\u0442\u043e\u0440 \u0431\u0435\u0441\u043f\u043b\u0430\u0442\u043d\u043e. \u0422\u0440\u0435\u043d\u0438\u0440\u0443\u0439\u0441\u044f \u0431\u0435\u0437 \u0434\u0435\u043d\u0435\u0433 \u0432 \u043a\u0440\u0430\u0448-\u0441\u043b\u043e\u0442\u0435 \u043e\u0442 Spribe \u043f\u0435\u0440\u0435\u0434 \u0438\u0433\u0440\u043e\u0439 \u043d\u0430 \u0440\u0435\u0430\u043b\u044c\u043d\u044b\u0435 \u0434\u0435\u043d\u044c\u0433\u0438 \u0432 \u043e\u043d\u043b\u0430\u0439\u043d \u043a\u0430\u0437\u0438\u043d\u043e.\",\"breadcrumb\":{\"@id\":\"https:\/\/aviator-slotgame.com\/play-for-free\/#breadcrumb\"},\"inLanguage\":\"it-IT\",\"potentialAction\":[{\"@type\":\"ReadAction\",\"target\":[\"https:\/\/aviator-slotgame.com\/play-for-free\/\"]}]},{\"@type\":\"BreadcrumbList\",\"@id\":\"https:\/\/aviator-slotgame.com\/play-for-free\/#breadcrumb\",\"itemListElement\":[{\"@type\":\"ListItem\",\"position\":1,\"name\":\"Home\",\"item\":\"https:\/\/aviator-slotgame.com\/\"},{\"@type\":\"ListItem\",\"position\":2,\"name\":\"\u041a\u0430\u043a \u0438\u0433\u0440\u0430\u0442\u044c \u0432 \u0434\u0435\u043c\u043e-\u0432\u0435\u0440\u0441\u0438\u044e \u0410\u0432\u0438\u0430\u0442\u043e\u0440\u0430 \u0431\u0435\u0441\u043f\u043b\u0430\u0442\u043d\u043e\"}]},{\"@type\":\"WebSite\",\"@id\":\"https:\/\/aviator-slotgame.com\/#website\",\"url\":\"https:\/\/aviator-slotgame.com\/\",\"name\":\"Aviator\",\"description\":\"\",\"publisher\":{\"@id\":\"https:\/\/aviator-slotgame.com\/#organization\"},\"potentialAction\":[{\"@type\":\"SearchAction\",\"target\":{\"@type\":\"EntryPoint\",\"urlTemplate\":\"https:\/\/aviator-slotgame.com\/?s={search_term_string}\"},\"query-input\":\"required name=search_term_string\"}],\"inLanguage\":\"it-IT\"},{\"@type\":\"Organization\",\"@id\":\"https:\/\/aviator-slotgame.com\/#organization\",\"name\":\"Aviator\",\"url\":\"https:\/\/aviator-slotgame.com\/\",\"logo\":{\"@type\":\"ImageObject\",\"inLanguage\":\"it-IT\",\"@id\":\"https:\/\/aviator-slotgame.com\/#\/schema\/logo\/image\/\",\"url\":\"https:\/\/aviator-slotgame.com\/wp-content\/uploads\/16f5e8_dade544d4623411c9c4153c639aae85amv2.webp\",\"contentUrl\":\"https:\/\/aviator-slotgame.com\/wp-content\/uploads\/16f5e8_dade544d4623411c9c4153c639aae85amv2.webp\",\"width\":400,\"height\":300,\"caption\":\"Aviator\"},\"image\":{\"@id\":\"https:\/\/aviator-slotgame.com\/#\/schema\/logo\/image\/\"}}]}<\/script>\n<!-- \/ Yoast SEO plugin. -->","yoast_head_json":{"title":"\u0414\u0435\u043c\u043e-\u0432\u0435\u0440\u0441\u0438\u044f \u0438\u0433\u0440\u044b \u0410\u0432\u0438\u0430\u0442\u043e\u0440 \u2014 \u0418\u0433\u0440\u0430\u0439\u0442\u0435 \u0432 \u043a\u0440\u0430\u0448-\u0441\u043b\u043e\u0442 \u0431\u0435\u0441\u043f\u043b\u0430\u0442\u043d\u043e","description":"\u0418\u0433\u0440\u0430\u0439 \u0432 \u0434\u0435\u043c\u043e-\u0432\u0435\u0440\u0441\u0438\u044e \u0410\u0432\u0438\u0430\u0442\u043e\u0440 \u0431\u0435\u0441\u043f\u043b\u0430\u0442\u043d\u043e. \u0422\u0440\u0435\u043d\u0438\u0440\u0443\u0439\u0441\u044f \u0431\u0435\u0437 \u0434\u0435\u043d\u0435\u0433 \u0432 \u043a\u0440\u0430\u0448-\u0441\u043b\u043e\u0442\u0435 \u043e\u0442 Spribe \u043f\u0435\u0440\u0435\u0434 \u0438\u0433\u0440\u043e\u0439 \u043d\u0430 \u0440\u0435\u0430\u043b\u044c\u043d\u044b\u0435 \u0434\u0435\u043d\u044c\u0433\u0438 \u0432 \u043e\u043d\u043b\u0430\u0439\u043d \u043a\u0430\u0437\u0438\u043d\u043e.","robots":{"index":"index","follow":"follow","max-snippet":"max-snippet:-1","max-image-preview":"max-image-preview:large","max-video-preview":"max-video-preview:-1"},"canonical":"https:\/\/aviator-slotgame.com\/it\/come-giocare-gratuitamente-alla-demo-di-aviator\/","og_locale":"it_IT","og_type":"article","og_title":"\u0414\u0435\u043c\u043e-\u0432\u0435\u0440\u0441\u0438\u044f \u0438\u0433\u0440\u044b \u0410\u0432\u0438\u0430\u0442\u043e\u0440 \u2014 \u0418\u0433\u0440\u0430\u0439\u0442\u0435 \u0432 \u043a\u0440\u0430\u0448-\u0441\u043b\u043e\u0442 \u0431\u0435\u0441\u043f\u043b\u0430\u0442\u043d\u043e","og_description":"\u0418\u0433\u0440\u0430\u0439 \u0432 \u0434\u0435\u043c\u043e-\u0432\u0435\u0440\u0441\u0438\u044e \u0410\u0432\u0438\u0430\u0442\u043e\u0440 \u0431\u0435\u0441\u043f\u043b\u0430\u0442\u043d\u043e. \u0422\u0440\u0435\u043d\u0438\u0440\u0443\u0439\u0441\u044f \u0431\u0435\u0437 \u0434\u0435\u043d\u0435\u0433 \u0432 \u043a\u0440\u0430\u0448-\u0441\u043b\u043e\u0442\u0435 \u043e\u0442 Spribe \u043f\u0435\u0440\u0435\u0434 \u0438\u0433\u0440\u043e\u0439 \u043d\u0430 \u0440\u0435\u0430\u043b\u044c\u043d\u044b\u0435 \u0434\u0435\u043d\u044c\u0433\u0438 \u0432 \u043e\u043d\u043b\u0430\u0439\u043d \u043a\u0430\u0437\u0438\u043d\u043e.","og_url":"https:\/\/aviator-slotgame.com\/it\/come-giocare-gratuitamente-alla-demo-di-aviator\/","og_site_name":"Aviator","article_modified_time":"2024-10-03T23:16:00+00:00","og_image":[{"url":"https:\/\/aviator-slotgame.com\/wp-content\/uploads\/aviator-3.png"}],"twitter_card":"summary_large_image","twitter_misc":{"Tempo di lettura stimato":"6 minuti"},"schema":{"@context":"https:\/\/schema.org","@graph":[{"@type":"WebPage","@id":"https:\/\/aviator-slotgame.com\/play-for-free\/","url":"https:\/\/aviator-slotgame.com\/play-for-free\/","name":"\u0414\u0435\u043c\u043e-\u0432\u0435\u0440\u0441\u0438\u044f \u0438\u0433\u0440\u044b \u0410\u0432\u0438\u0430\u0442\u043e\u0440 \u2014 \u0418\u0433\u0440\u0430\u0439\u0442\u0435 \u0432 \u043a\u0440\u0430\u0448-\u0441\u043b\u043e\u0442 \u0431\u0435\u0441\u043f\u043b\u0430\u0442\u043d\u043e","isPartOf":{"@id":"https:\/\/aviator-slotgame.com\/#website"},"datePublished":"2024-01-31T12:57:07+00:00","dateModified":"2024-10-03T23:16:00+00:00","description":"\u0418\u0433\u0440\u0430\u0439 \u0432 \u0434\u0435\u043c\u043e-\u0432\u0435\u0440\u0441\u0438\u044e \u0410\u0432\u0438\u0430\u0442\u043e\u0440 \u0431\u0435\u0441\u043f\u043b\u0430\u0442\u043d\u043e. \u0422\u0440\u0435\u043d\u0438\u0440\u0443\u0439\u0441\u044f \u0431\u0435\u0437 \u0434\u0435\u043d\u0435\u0433 \u0432 \u043a\u0440\u0430\u0448-\u0441\u043b\u043e\u0442\u0435 \u043e\u0442 Spribe \u043f\u0435\u0440\u0435\u0434 \u0438\u0433\u0440\u043e\u0439 \u043d\u0430 \u0440\u0435\u0430\u043b\u044c\u043d\u044b\u0435 \u0434\u0435\u043d\u044c\u0433\u0438 \u0432 \u043e\u043d\u043b\u0430\u0439\u043d \u043a\u0430\u0437\u0438\u043d\u043e.","breadcrumb":{"@id":"https:\/\/aviator-slotgame.com\/play-for-free\/#breadcrumb"},"inLanguage":"it-IT","potentialAction":[{"@type":"ReadAction","target":["https:\/\/aviator-slotgame.com\/play-for-free\/"]}]},{"@type":"BreadcrumbList","@id":"https:\/\/aviator-slotgame.com\/play-for-free\/#breadcrumb","itemListElement":[{"@type":"ListItem","position":1,"name":"Home","item":"https:\/\/aviator-slotgame.com\/"},{"@type":"ListItem","position":2,"name":"\u041a\u0430\u043a \u0438\u0433\u0440\u0430\u0442\u044c \u0432 \u0434\u0435\u043c\u043e-\u0432\u0435\u0440\u0441\u0438\u044e \u0410\u0432\u0438\u0430\u0442\u043e\u0440\u0430 \u0431\u0435\u0441\u043f\u043b\u0430\u0442\u043d\u043e"}]},{"@type":"WebSite","@id":"https:\/\/aviator-slotgame.com\/#website","url":"https:\/\/aviator-slotgame.com\/","name":"Aviator","description":"","publisher":{"@id":"https:\/\/aviator-slotgame.com\/#organization"},"potentialAction":[{"@type":"SearchAction","target":{"@type":"EntryPoint","urlTemplate":"https:\/\/aviator-slotgame.com\/?s={search_term_string}"},"query-input":"required name=search_term_string"}],"inLanguage":"it-IT"},{"@type":"Organization","@id":"https:\/\/aviator-slotgame.com\/#organization","name":"Aviator","url":"https:\/\/aviator-slotgame.com\/","logo":{"@type":"ImageObject","inLanguage":"it-IT","@id":"https:\/\/aviator-slotgame.com\/#\/schema\/logo\/image\/","url":"https:\/\/aviator-slotgame.com\/wp-content\/uploads\/16f5e8_dade544d4623411c9c4153c639aae85amv2.webp","contentUrl":"https:\/\/aviator-slotgame.com\/wp-content\/uploads\/16f5e8_dade544d4623411c9c4153c639aae85amv2.webp","width":400,"height":300,"caption":"Aviator"},"image":{"@id":"https:\/\/aviator-slotgame.com\/#\/schema\/logo\/image\/"}}]}},"amp_enabled":true,"_links":{"self":[{"href":"https:\/\/aviator-slotgame.com\/it\/wp-json\/wp\/v2\/pages\/26","targetHints":{"allow":["GET"]}}],"collection":[{"href":"https:\/\/aviator-slotgame.com\/it\/wp-json\/wp\/v2\/pages"}],"about":[{"href":"https:\/\/aviator-slotgame.com\/it\/wp-json\/wp\/v2\/types\/page"}],"author":[{"embeddable":true,"href":"https:\/\/aviator-slotgame.com\/it\/wp-json\/wp\/v2\/users\/1"}],"replies":[{"embeddable":true,"href":"https:\/\/aviator-slotgame.com\/it\/wp-json\/wp\/v2\/comments?post=26"}],"version-history":[{"count":19,"href":"https:\/\/aviator-slotgame.com\/it\/wp-json\/wp\/v2\/pages\/26\/revisions"}],"predecessor-version":[{"id":412,"href":"https:\/\/aviator-slotgame.com\/it\/wp-json\/wp\/v2\/pages\/26\/revisions\/412"}],"wp:attachment":[{"href":"https:\/\/aviator-slotgame.com\/it\/wp-json\/wp\/v2\/media?parent=26"}],"curies":[{"name":"wp","href":"https:\/\/api.w.org\/{rel}","templated":true}]}}