{"id":263,"date":"2024-09-06T14:43:40","date_gmt":"2024-09-06T14:43:40","guid":{"rendered":"https:\/\/aviator-slotgame.com\/?page_id=263"},"modified":"2024-09-08T10:40:25","modified_gmt":"2024-09-08T10:40:25","slug":"aviator","status":"publish","type":"page","link":"https:\/\/aviator-slotgame.com\/it\/aviator\/","title":{"rendered":"Regole, caratteristiche e vincite nel gioco di slot Crash per soldi"},"content":{"rendered":"<div class=\"b1050f1cb27355f177e9a5a37e5dd145\" data-index=\"1\" style=\"float: none; margin:10px 0 10px 0; text-align:center;\">\n<div class=\"custom-play-button\">\r\n<center><a href=\"https:\/\/aviator-slotgame.com\/it\/play-game\/\" rel=\"nofollow\" target=\"_blank\">Riproduci ora<\/a><br><\/center>\r\n<\/div>\n<\/div>\n<h1><\/h1>\n<p><img loading=\"lazy\" decoding=\"async\" class=\"alignnone size-full wp-image-264\" src=\"https:\/\/aviator-slotgame.com\/wp-content\/uploads\/Aviator-7-800-x-600-\u043f\u0438\u043a\u0441.jpg\" alt=\"Slot online Aviator: gioca con soldi veri nel casin\u00f2 \" width=\"800\" height=\"600\" srcset=\"https:\/\/aviator-slotgame.com\/wp-content\/uploads\/Aviator-7-800-x-600-\u043f\u0438\u043a\u0441.jpg 800w, https:\/\/aviator-slotgame.com\/wp-content\/uploads\/Aviator-7-800-x-600-\u043f\u0438\u043a\u0441-300x225.jpg 300w, https:\/\/aviator-slotgame.com\/wp-content\/uploads\/Aviator-7-800-x-600-\u043f\u0438\u043a\u0441-768x576.jpg 768w, https:\/\/aviator-slotgame.com\/wp-content\/uploads\/Aviator-7-800-x-600-\u043f\u0438\u043a\u0441-16x12.jpg 16w\" sizes=\"auto, (max-width: 800px) 100vw, 800px\" \/><\/p>\n<h2>Cos&#039;\u00e8 il gioco crash online Aviator?<\/h2>\n<p>Aviator \u00e8 uno dei giochi popolari sviluppati dallo studio Spribe. Un nuovo prodotto sul mercato moderno, creato sulla base di un generatore di numeri casuali, affascina il giocatore fin dall&#039;inizio. Il vincitore \u00e8 determinato da una selezione casuale! Ci\u00f2 mantiene il gioco corretto e mostra al giocatore che la sua scommessa non dipende dalla piattaforma o dalla storia del gioco. Aviator si differenzia dagli altri popolari giochi crash per il suo gameplay originale: Aviator non ha i soliti rulli, linee con frutta e simili che sono cos\u00ec noiosi per gli appassionati di gioco d&#039;azzardo. Il gioco attira anche con le sue regole abbastanza semplici e l&#039;opportunit\u00e0 di guadagnare soldi veri, che lo rendono popolare tra i giocatori d&#039;azzardo, e soprattutto tra gli appassionati di aeroplani e tutto ci\u00f2 che riguarda il volo!<\/p>\n<p>L&#039;essenza del gioco \u00e8 che l&#039;utente deve avere il tempo di salvare la sua scommessa prima che l&#039;aereo voli via, azzerando cos\u00ec il coefficiente del giocatore.<\/p>\n<p>Spribe \u00e8 una nota azienda specializzata nello sviluppo di giochi online innovativi e piattaforme di gioco d&#039;azzardo, i loro giochi sono popolari tra i giocatori d&#039;azzardo di tutto il mondo. La societ\u00e0 \u00e8 stata fondata nel 2018 e in un breve periodo di tempo \u00e8 riuscita a guadagnare popolarit\u00e0 tra i giocatori e gli operatori di casin\u00f2 online grazie alle sue entusiasmanti meccaniche di gioco e alla possibilit\u00e0 di giocare sia con soldi che in modalit\u00e0 demo.<\/p><div class=\"b1050f1cb27355f177e9a5a37e5dd145\" data-index=\"1\" style=\"float: none; margin:10px 0 10px 0; text-align:center;\">\n<div class=\"custom-play-button\">\r\n<center><a href=\"https:\/\/aviator-slotgame.com\/it\/play-game\/\" rel=\"nofollow\" target=\"_blank\">Riproduci ora<\/a><br><\/center>\r\n<\/div>\n<\/div>\n\n<h2>Ragioni della popolarit\u00e0 del gioco online Aviator<\/h2>\n<p>Cosa rende il gioco Aviator cos\u00ec popolare tra i giocatori d&#039;azzardo?<\/p>\n<ol>\n<li>Semplicit\u00e0 delle regole: il gioco Aviator ha regole semplici e comprensibili, che lo rendono accessibile a un&#039;ampia gamma di giocatori, indipendentemente dalla loro esperienza e livello di allenamento.<\/li>\n<\/ol>\n<p>Modalit\u00e0 demo: se non vuoi rischiare i tuoi soldi e hai paura di iniziare, dai un&#039;occhiata e mettiti alla prova nella modalit\u00e0 gratuita. Non stai investendo soldi veri. La \u201cModalit\u00e0 Divertimento\u201d consente ai giocatori di avvicinarsi al gameplay senza rischiare i propri risparmi.<\/p>\n<p>Opportunit\u00e0 di vincite rapide: il gioco d&#039;azzardo Aviator offre l&#039;opportunit\u00e0 di vincere rapidamente, cosa che attira molti giocatori in cerca di eccitazione e adrenalina.<\/p>\n<p>Variet\u00e0 di scommesse: il gioco Aviator offre una variet\u00e0 di tipi di scommesse, consentendo ai giocatori di scegliere il livello di rischio e la potenziale ricompensa pi\u00f9 adatta a loro.<\/p>\n<p>Possibilit\u00e0 di giocare online: il gioco Aviator \u00e8 disponibile in un formato online, che lo rende disponibile per giocare in qualsiasi momento conveniente e da qualsiasi parte del mondo.<\/p>\n<p>Convenienza e accessibilit\u00e0: il gioco online Aviator consente ai giocatori di godersi l&#039;emozione direttamente da casa o da qualsiasi altro luogo senza uscire di casa. Ci\u00f2 rende il gioco conveniente e accessibile a una vasta gamma di giocatori.<\/p>\n<p>Bonus e offerte speciali: molti casin\u00f2 online che offrono il gioco Aviator offrono spesso vari bonus, promozioni e offerte speciali per attirare nuovi giocatori e premiare quelli abituali. Questo rende il gioco ancora pi\u00f9 allettante.<\/p>\n<p>Grafica e sound design: i moderni casin\u00f2 online di solito offrono grafica e sound design di alta qualit\u00e0 per i giochi, incluso il gioco Aviator. E il gameplay dinamico ed emozionante sicuramente non permetter\u00e0 ai giocatori di annoiarsi e manterr\u00e0 l&#039;interesse per il gioco per tutto il tempo.<\/p>\n<p>Giocabilit\u00e0 mobile: molti casin\u00f2 online offrono il gioco Aviator in un formato compatibile con i dispositivi mobili, consentendo ai giocatori di divertirsi sempre e ovunque. Non dimenticare di assicurarti di avere una buona connessione Internet e una carica sufficiente sul tuo dispositivo mobile!<\/p>\n<p>&nbsp;<\/p>\n<h2>Regole del gioco d&#039;azzardo degli aviatori<\/h2>\n<p>Il gioco ha regole semplici e chiare, in cui l&#039;utente scommette su un determinato risultato e pu\u00f2 vincere moltiplicando la sua scommessa per la quota. Puoi giocare sia in modalit\u00e0 manuale, effettuando le tue scommesse, sia in modalit\u00e0 automatica, quando il gioco effettua le scommesse per te in base ai parametri impostati.<\/p>\n<h3>Regole del gioco<\/h3>\n<p>Per iniziare a giocare al gioco Aviator, devi seguire questi passaggi:<\/p>\n<ol>\n<li>Trova un casin\u00f2 online o una piattaforma di gioco che offra il gioco Aviator.<\/li>\n<li>Registrati sulla piattaforma di tua scelta creando un account e fornendo le informazioni richieste.<\/li>\n<li>Ricarica il tuo conto di gioco con denaro per poter piazzare scommesse nel gioco.<\/li>\n<li>Trova il gioco Aviator sulla piattaforma e seleziona la tua scommessa.<\/li>\n<li>Il gioco inizia con la scommessa del giocatore.<\/li>\n<li>Segui le regole e le istruzioni sullo schermo e controlla il processo di gioco facendo clic sui pulsanti appropriati.<\/li>\n<li>Dopo aver piazzato la scommessa, l&#039;aereo inizia a muoversi verso l&#039;alto o verso il basso lungo la scala delle quote.<\/li>\n<li>Il giocatore pu\u00f2 cliccare in qualsiasi momento sul pulsante Preleva per terminare il gioco e ricevere la vincita moltiplicata per la quota corrente, oppure continuare il gioco e attendere per aumentare la vincita. Prova ad indovinare il momento in cui ritirare la tua vincita per evitare che la scommessa venga scommessa reset.<\/li>\n<li>Se il giocatore non clicca sul pulsante Prendi le vincite e l&#039;aereo raggiunge la fine della scala delle quote, la scommessa viene azzerata e il giocatore non riceve la vincita.<\/li>\n<li>Lo scopo del gioco \u00e8 prendere le tue vincite al momento giusto ed evitare che la tua scommessa venga ripristinata.<\/li>\n<\/ol>\n<p>Ricordati di giocare in modo responsabile, scommetti solo l&#039;importo di denaro che sei disposto a perdere e controlla la tua attivit\u00e0 di gioco.<\/p>\n<p>Tenendo conto della traiettoria unica dell&#039;aereo, il gameplay diventa ancora pi\u00f9 interessante ed emozionante per i giocatori. Allo stesso tempo, \u00e8 importante essere consapevoli delle tue scommesse e controllare le tue azioni per mantenere l\u2019entusiasmo di giocare con soldi veri.<\/p>\n<p>Caratteristiche principali del gioco online Aviator<\/p>\n<table>\n<tbody>\n<tr>\n<td>RTP<\/td>\n<td>96,49%, 96,48%, 95,45%<\/td>\n<\/tr>\n<tr>\n<td>Sviluppatore<\/td>\n<td>Studio Spribe<\/td>\n<\/tr>\n<tr>\n<td>Giri gratuiti<\/td>\n<td>NO<\/td>\n<\/tr>\n<tr>\n<td>Gioco bonus<\/td>\n<td>NO<\/td>\n<\/tr>\n<tr>\n<td>Offerta minima<\/td>\n<td>0,1$<\/td>\n<\/tr>\n<tr>\n<td>Scommessa massima<\/td>\n<td>100$<\/td>\n<\/tr>\n<\/tbody>\n<\/table>\n<p>&nbsp;<\/p>\n<h2>Bonus nel gioco d&#039;azzardo Aviator<\/h2>\n<p>I bonus e gli sconti nel gioco online Aviator possono essere forniti ai giocatori in vari modi, a seconda della piattaforma di gioco o del casin\u00f2.<\/p>\n<p>Ecco alcuni possibili bonus e sconti che potrebbero essere disponibili nel gioco Aviator:<\/p>\n<h3>Bonus di benvenuto<\/h3>\n<p>ai nuovi giocatori possono essere offerti bonus speciali al momento della registrazione sulla piattaforma, come fondi aggiuntivi sul conto o giri gratuiti.<\/p>\n<h3>Bonus sui depositi<\/h3>\n<p>i giocatori possono ricevere dei bonus quando ricaricano il proprio conto di gioco di un certo importo.<\/p>\n<h3>Promozioni<\/h3>\n<p>i casin\u00f2 o le piattaforme di gioco possono lanciare promozioni temporanee che offrono vari bonus e sconti ai giocatori del gioco Aviator.<\/p>\n<h3>Programmi VIP<\/h3>\n<p>Alcune piattaforme possono offrire ai giocatori la partecipazione a programmi VIP in cui sono disponibili bonus aggiuntivi, cashback e altri vantaggi.<\/p>\n<h3>Rimborso<\/h3>\n<p>i giocatori potrebbero avere l&#039;opportunit\u00e0 di ricevere una parte dei fondi persi come rimborso come parte del programma bonus.<\/p>\n<p>Prima di prendere parte ai bonus e agli sconti del gioco Aviator, \u00e8 importante rivedere attentamente i termini e i requisiti in modo da comprendere come funzionano e cosa ti viene richiesto per ricevere tutti i vantaggi.<\/p>\n\n<div style=\"font-size: 0px; height: 0px; line-height: 0px; margin: 0; padding: 0; clear: both;\"><\/div>","protected":false},"excerpt":{"rendered":"<p>Cos&#039;\u00e8 il gioco online Aviator? Aviator \u00e8 uno dei giochi pi\u00f9 popolari sviluppati dallo studio Spribe. Novit\u00e0 sul mercato moderno,<\/p>","protected":false},"author":1,"featured_media":0,"parent":0,"menu_order":0,"comment_status":"closed","ping_status":"closed","template":"","meta":{"footnotes":""},"class_list":["post-263","page","type-page","status-publish","hentry"],"yoast_head":"<!-- This site is optimized with the Yoast SEO plugin v22.0 - https:\/\/yoast.com\/wordpress\/plugins\/seo\/ -->\n<title>\u041e\u043d\u043b\u0430\u0439\u043d \u0441\u043b\u043e\u0442 \u0410\u0432\u0438\u0430\u0442\u043e\u0440 \u2014 \u0418\u0433\u0440\u0430\u0439 \u043d\u0430 \u0440\u0435\u0430\u043b\u044c\u043d\u044b\u0435 \u0434\u0435\u043d\u044c\u0433\u0438 \u0432 \u043a\u0430\u0437\u0438\u043d\u043e<\/title>\n<meta name=\"description\" content=\"\u0423\u0437\u043d\u0430\u0439\u0442\u0435 \u0432\u0441\u0435 \u043e \u043a\u0440\u0430\u0448-\u0438\u0433\u0440\u0435 \u0410\u0432\u0438\u0430\u0442\u043e\u0440: \u043f\u0440\u0430\u0432\u0438\u043b\u0430, \u0431\u043e\u043d\u0443\u0441\u044b, \u043e\u0441\u043e\u0431\u0435\u043d\u043d\u043e\u0441\u0442\u0438 \u0438 \u0445\u0430\u0440\u0430\u043a\u0442\u0435\u0440\u0438\u0441\u0442\u0438\u043a\u0438 \u0438\u0433\u0440\u044b \u0434\u043b\u044f \u0443\u0432\u0435\u043b\u0438\u0447\u0435\u043d\u0438\u0435 \u043f\u0440\u0438\u0431\u044b\u043b\u0438 \u0432 \u043a\u0430\u0437\u0438\u043d\u043e. \u0418\u0433\u0440\u0430\u0439 \u0432 Aviator \u043e\u0442 Spribe \u0432 \u043e\u043d\u043b\u0430\u0439\u043d\u0435.\" \/>\n<meta name=\"robots\" content=\"index, follow, max-snippet:-1, max-image-preview:large, max-video-preview:-1\" \/>\n<link rel=\"canonical\" href=\"https:\/\/aviator-slotgame.com\/it\/aviator\/\" \/>\n<meta property=\"og:locale\" content=\"it_IT\" \/>\n<meta property=\"og:type\" content=\"article\" \/>\n<meta property=\"og:title\" content=\"\u041e\u043d\u043b\u0430\u0439\u043d \u0441\u043b\u043e\u0442 \u0410\u0432\u0438\u0430\u0442\u043e\u0440 \u2014 \u0418\u0433\u0440\u0430\u0439 \u043d\u0430 \u0440\u0435\u0430\u043b\u044c\u043d\u044b\u0435 \u0434\u0435\u043d\u044c\u0433\u0438 \u0432 \u043a\u0430\u0437\u0438\u043d\u043e\" \/>\n<meta property=\"og:description\" content=\"\u0423\u0437\u043d\u0430\u0439\u0442\u0435 \u0432\u0441\u0435 \u043e \u043a\u0440\u0430\u0448-\u0438\u0433\u0440\u0435 \u0410\u0432\u0438\u0430\u0442\u043e\u0440: \u043f\u0440\u0430\u0432\u0438\u043b\u0430, \u0431\u043e\u043d\u0443\u0441\u044b, \u043e\u0441\u043e\u0431\u0435\u043d\u043d\u043e\u0441\u0442\u0438 \u0438 \u0445\u0430\u0440\u0430\u043a\u0442\u0435\u0440\u0438\u0441\u0442\u0438\u043a\u0438 \u0438\u0433\u0440\u044b \u0434\u043b\u044f \u0443\u0432\u0435\u043b\u0438\u0447\u0435\u043d\u0438\u0435 \u043f\u0440\u0438\u0431\u044b\u043b\u0438 \u0432 \u043a\u0430\u0437\u0438\u043d\u043e. \u0418\u0433\u0440\u0430\u0439 \u0432 Aviator \u043e\u0442 Spribe \u0432 \u043e\u043d\u043b\u0430\u0439\u043d\u0435.\" \/>\n<meta property=\"og:url\" content=\"https:\/\/aviator-slotgame.com\/it\/aviator\/\" \/>\n<meta property=\"og:site_name\" content=\"Aviator\" \/>\n<meta property=\"article:modified_time\" content=\"2024-09-08T10:40:25+00:00\" \/>\n<meta name=\"twitter:card\" content=\"summary_large_image\" \/>\n<meta name=\"twitter:label1\" content=\"Tempo di lettura stimato\" \/>\n\t<meta name=\"twitter:data1\" content=\"5 minuti\" \/>\n<script type=\"application\/ld+json\" class=\"yoast-schema-graph\">{\"@context\":\"https:\/\/schema.org\",\"@graph\":[{\"@type\":\"WebPage\",\"@id\":\"https:\/\/aviator-slotgame.com\/aviator\/\",\"url\":\"https:\/\/aviator-slotgame.com\/aviator\/\",\"name\":\"\u041e\u043d\u043b\u0430\u0439\u043d \u0441\u043b\u043e\u0442 \u0410\u0432\u0438\u0430\u0442\u043e\u0440 \u2014 \u0418\u0433\u0440\u0430\u0439 \u043d\u0430 \u0440\u0435\u0430\u043b\u044c\u043d\u044b\u0435 \u0434\u0435\u043d\u044c\u0433\u0438 \u0432 \u043a\u0430\u0437\u0438\u043d\u043e\",\"isPartOf\":{\"@id\":\"https:\/\/aviator-slotgame.com\/#website\"},\"datePublished\":\"2024-09-06T14:43:40+00:00\",\"dateModified\":\"2024-09-08T10:40:25+00:00\",\"description\":\"\u0423\u0437\u043d\u0430\u0439\u0442\u0435 \u0432\u0441\u0435 \u043e \u043a\u0440\u0430\u0448-\u0438\u0433\u0440\u0435 \u0410\u0432\u0438\u0430\u0442\u043e\u0440: \u043f\u0440\u0430\u0432\u0438\u043b\u0430, \u0431\u043e\u043d\u0443\u0441\u044b, \u043e\u0441\u043e\u0431\u0435\u043d\u043d\u043e\u0441\u0442\u0438 \u0438 \u0445\u0430\u0440\u0430\u043a\u0442\u0435\u0440\u0438\u0441\u0442\u0438\u043a\u0438 \u0438\u0433\u0440\u044b \u0434\u043b\u044f \u0443\u0432\u0435\u043b\u0438\u0447\u0435\u043d\u0438\u0435 \u043f\u0440\u0438\u0431\u044b\u043b\u0438 \u0432 \u043a\u0430\u0437\u0438\u043d\u043e. \u0418\u0433\u0440\u0430\u0439 \u0432 Aviator \u043e\u0442 Spribe \u0432 \u043e\u043d\u043b\u0430\u0439\u043d\u0435.\",\"breadcrumb\":{\"@id\":\"https:\/\/aviator-slotgame.com\/aviator\/#breadcrumb\"},\"inLanguage\":\"it-IT\",\"potentialAction\":[{\"@type\":\"ReadAction\",\"target\":[\"https:\/\/aviator-slotgame.com\/aviator\/\"]}]},{\"@type\":\"BreadcrumbList\",\"@id\":\"https:\/\/aviator-slotgame.com\/aviator\/#breadcrumb\",\"itemListElement\":[{\"@type\":\"ListItem\",\"position\":1,\"name\":\"Home\",\"item\":\"https:\/\/aviator-slotgame.com\/\"},{\"@type\":\"ListItem\",\"position\":2,\"name\":\"\u041f\u0440\u0430\u0432\u0438\u043b\u0430,\u043e\u0441\u043e\u0431\u0435\u043d\u043e\u0441\u0442\u0438 \u0438 \u0432\u044b\u0438\u0433\u0440\u044b\u0448\u0438 \u0432 \u043a\u0440\u0430\u0448-\u0441\u043b\u043e\u0442 \u0438\u0433\u0440\u0435 \u043d\u0430 \u0434\u0435\u043d\u044c\u0433\u0438\"}]},{\"@type\":\"WebSite\",\"@id\":\"https:\/\/aviator-slotgame.com\/#website\",\"url\":\"https:\/\/aviator-slotgame.com\/\",\"name\":\"Aviator\",\"description\":\"\",\"publisher\":{\"@id\":\"https:\/\/aviator-slotgame.com\/#organization\"},\"potentialAction\":[{\"@type\":\"SearchAction\",\"target\":{\"@type\":\"EntryPoint\",\"urlTemplate\":\"https:\/\/aviator-slotgame.com\/?s={search_term_string}\"},\"query-input\":\"required name=search_term_string\"}],\"inLanguage\":\"it-IT\"},{\"@type\":\"Organization\",\"@id\":\"https:\/\/aviator-slotgame.com\/#organization\",\"name\":\"Aviator\",\"url\":\"https:\/\/aviator-slotgame.com\/\",\"logo\":{\"@type\":\"ImageObject\",\"inLanguage\":\"it-IT\",\"@id\":\"https:\/\/aviator-slotgame.com\/#\/schema\/logo\/image\/\",\"url\":\"https:\/\/aviator-slotgame.com\/wp-content\/uploads\/16f5e8_dade544d4623411c9c4153c639aae85amv2.webp\",\"contentUrl\":\"https:\/\/aviator-slotgame.com\/wp-content\/uploads\/16f5e8_dade544d4623411c9c4153c639aae85amv2.webp\",\"width\":400,\"height\":300,\"caption\":\"Aviator\"},\"image\":{\"@id\":\"https:\/\/aviator-slotgame.com\/#\/schema\/logo\/image\/\"}}]}<\/script>\n<!-- \/ Yoast SEO plugin. -->","yoast_head_json":{"title":"\u041e\u043d\u043b\u0430\u0439\u043d \u0441\u043b\u043e\u0442 \u0410\u0432\u0438\u0430\u0442\u043e\u0440 \u2014 \u0418\u0433\u0440\u0430\u0439 \u043d\u0430 \u0440\u0435\u0430\u043b\u044c\u043d\u044b\u0435 \u0434\u0435\u043d\u044c\u0433\u0438 \u0432 \u043a\u0430\u0437\u0438\u043d\u043e","description":"\u0423\u0437\u043d\u0430\u0439\u0442\u0435 \u0432\u0441\u0435 \u043e \u043a\u0440\u0430\u0448-\u0438\u0433\u0440\u0435 \u0410\u0432\u0438\u0430\u0442\u043e\u0440: \u043f\u0440\u0430\u0432\u0438\u043b\u0430, \u0431\u043e\u043d\u0443\u0441\u044b, \u043e\u0441\u043e\u0431\u0435\u043d\u043d\u043e\u0441\u0442\u0438 \u0438 \u0445\u0430\u0440\u0430\u043a\u0442\u0435\u0440\u0438\u0441\u0442\u0438\u043a\u0438 \u0438\u0433\u0440\u044b \u0434\u043b\u044f \u0443\u0432\u0435\u043b\u0438\u0447\u0435\u043d\u0438\u0435 \u043f\u0440\u0438\u0431\u044b\u043b\u0438 \u0432 \u043a\u0430\u0437\u0438\u043d\u043e. \u0418\u0433\u0440\u0430\u0439 \u0432 Aviator \u043e\u0442 Spribe \u0432 \u043e\u043d\u043b\u0430\u0439\u043d\u0435.","robots":{"index":"index","follow":"follow","max-snippet":"max-snippet:-1","max-image-preview":"max-image-preview:large","max-video-preview":"max-video-preview:-1"},"canonical":"https:\/\/aviator-slotgame.com\/it\/aviator\/","og_locale":"it_IT","og_type":"article","og_title":"\u041e\u043d\u043b\u0430\u0439\u043d \u0441\u043b\u043e\u0442 \u0410\u0432\u0438\u0430\u0442\u043e\u0440 \u2014 \u0418\u0433\u0440\u0430\u0439 \u043d\u0430 \u0440\u0435\u0430\u043b\u044c\u043d\u044b\u0435 \u0434\u0435\u043d\u044c\u0433\u0438 \u0432 \u043a\u0430\u0437\u0438\u043d\u043e","og_description":"\u0423\u0437\u043d\u0430\u0439\u0442\u0435 \u0432\u0441\u0435 \u043e \u043a\u0440\u0430\u0448-\u0438\u0433\u0440\u0435 \u0410\u0432\u0438\u0430\u0442\u043e\u0440: \u043f\u0440\u0430\u0432\u0438\u043b\u0430, \u0431\u043e\u043d\u0443\u0441\u044b, \u043e\u0441\u043e\u0431\u0435\u043d\u043d\u043e\u0441\u0442\u0438 \u0438 \u0445\u0430\u0440\u0430\u043a\u0442\u0435\u0440\u0438\u0441\u0442\u0438\u043a\u0438 \u0438\u0433\u0440\u044b \u0434\u043b\u044f \u0443\u0432\u0435\u043b\u0438\u0447\u0435\u043d\u0438\u0435 \u043f\u0440\u0438\u0431\u044b\u043b\u0438 \u0432 \u043a\u0430\u0437\u0438\u043d\u043e. \u0418\u0433\u0440\u0430\u0439 \u0432 Aviator \u043e\u0442 Spribe \u0432 \u043e\u043d\u043b\u0430\u0439\u043d\u0435.","og_url":"https:\/\/aviator-slotgame.com\/it\/aviator\/","og_site_name":"Aviator","article_modified_time":"2024-09-08T10:40:25+00:00","twitter_card":"summary_large_image","twitter_misc":{"Tempo di lettura stimato":"5 minuti"},"schema":{"@context":"https:\/\/schema.org","@graph":[{"@type":"WebPage","@id":"https:\/\/aviator-slotgame.com\/aviator\/","url":"https:\/\/aviator-slotgame.com\/aviator\/","name":"\u041e\u043d\u043b\u0430\u0439\u043d \u0441\u043b\u043e\u0442 \u0410\u0432\u0438\u0430\u0442\u043e\u0440 \u2014 \u0418\u0433\u0440\u0430\u0439 \u043d\u0430 \u0440\u0435\u0430\u043b\u044c\u043d\u044b\u0435 \u0434\u0435\u043d\u044c\u0433\u0438 \u0432 \u043a\u0430\u0437\u0438\u043d\u043e","isPartOf":{"@id":"https:\/\/aviator-slotgame.com\/#website"},"datePublished":"2024-09-06T14:43:40+00:00","dateModified":"2024-09-08T10:40:25+00:00","description":"\u0423\u0437\u043d\u0430\u0439\u0442\u0435 \u0432\u0441\u0435 \u043e \u043a\u0440\u0430\u0448-\u0438\u0433\u0440\u0435 \u0410\u0432\u0438\u0430\u0442\u043e\u0440: \u043f\u0440\u0430\u0432\u0438\u043b\u0430, \u0431\u043e\u043d\u0443\u0441\u044b, \u043e\u0441\u043e\u0431\u0435\u043d\u043d\u043e\u0441\u0442\u0438 \u0438 \u0445\u0430\u0440\u0430\u043a\u0442\u0435\u0440\u0438\u0441\u0442\u0438\u043a\u0438 \u0438\u0433\u0440\u044b \u0434\u043b\u044f \u0443\u0432\u0435\u043b\u0438\u0447\u0435\u043d\u0438\u0435 \u043f\u0440\u0438\u0431\u044b\u043b\u0438 \u0432 \u043a\u0430\u0437\u0438\u043d\u043e. \u0418\u0433\u0440\u0430\u0439 \u0432 Aviator \u043e\u0442 Spribe \u0432 \u043e\u043d\u043b\u0430\u0439\u043d\u0435.","breadcrumb":{"@id":"https:\/\/aviator-slotgame.com\/aviator\/#breadcrumb"},"inLanguage":"it-IT","potentialAction":[{"@type":"ReadAction","target":["https:\/\/aviator-slotgame.com\/aviator\/"]}]},{"@type":"BreadcrumbList","@id":"https:\/\/aviator-slotgame.com\/aviator\/#breadcrumb","itemListElement":[{"@type":"ListItem","position":1,"name":"Home","item":"https:\/\/aviator-slotgame.com\/"},{"@type":"ListItem","position":2,"name":"\u041f\u0440\u0430\u0432\u0438\u043b\u0430,\u043e\u0441\u043e\u0431\u0435\u043d\u043e\u0441\u0442\u0438 \u0438 \u0432\u044b\u0438\u0433\u0440\u044b\u0448\u0438 \u0432 \u043a\u0440\u0430\u0448-\u0441\u043b\u043e\u0442 \u0438\u0433\u0440\u0435 \u043d\u0430 \u0434\u0435\u043d\u044c\u0433\u0438"}]},{"@type":"WebSite","@id":"https:\/\/aviator-slotgame.com\/#website","url":"https:\/\/aviator-slotgame.com\/","name":"Aviator","description":"","publisher":{"@id":"https:\/\/aviator-slotgame.com\/#organization"},"potentialAction":[{"@type":"SearchAction","target":{"@type":"EntryPoint","urlTemplate":"https:\/\/aviator-slotgame.com\/?s={search_term_string}"},"query-input":"required name=search_term_string"}],"inLanguage":"it-IT"},{"@type":"Organization","@id":"https:\/\/aviator-slotgame.com\/#organization","name":"Aviator","url":"https:\/\/aviator-slotgame.com\/","logo":{"@type":"ImageObject","inLanguage":"it-IT","@id":"https:\/\/aviator-slotgame.com\/#\/schema\/logo\/image\/","url":"https:\/\/aviator-slotgame.com\/wp-content\/uploads\/16f5e8_dade544d4623411c9c4153c639aae85amv2.webp","contentUrl":"https:\/\/aviator-slotgame.com\/wp-content\/uploads\/16f5e8_dade544d4623411c9c4153c639aae85amv2.webp","width":400,"height":300,"caption":"Aviator"},"image":{"@id":"https:\/\/aviator-slotgame.com\/#\/schema\/logo\/image\/"}}]}},"amp_enabled":true,"_links":{"self":[{"href":"https:\/\/aviator-slotgame.com\/it\/wp-json\/wp\/v2\/pages\/263","targetHints":{"allow":["GET"]}}],"collection":[{"href":"https:\/\/aviator-slotgame.com\/it\/wp-json\/wp\/v2\/pages"}],"about":[{"href":"https:\/\/aviator-slotgame.com\/it\/wp-json\/wp\/v2\/types\/page"}],"author":[{"embeddable":true,"href":"https:\/\/aviator-slotgame.com\/it\/wp-json\/wp\/v2\/users\/1"}],"replies":[{"embeddable":true,"href":"https:\/\/aviator-slotgame.com\/it\/wp-json\/wp\/v2\/comments?post=263"}],"version-history":[{"count":4,"href":"https:\/\/aviator-slotgame.com\/it\/wp-json\/wp\/v2\/pages\/263\/revisions"}],"predecessor-version":[{"id":287,"href":"https:\/\/aviator-slotgame.com\/it\/wp-json\/wp\/v2\/pages\/263\/revisions\/287"}],"wp:attachment":[{"href":"https:\/\/aviator-slotgame.com\/it\/wp-json\/wp\/v2\/media?parent=263"}],"curies":[{"name":"wp","href":"https:\/\/api.w.org\/{rel}","templated":true}]}}