{"id":215,"date":"2024-04-02T16:05:37","date_gmt":"2024-04-02T16:05:37","guid":{"rendered":"https:\/\/aviator-slotgame.com\/?page_id=215"},"modified":"2024-09-09T10:50:04","modified_gmt":"2024-09-09T10:50:04","slug":"aviator-slots","status":"publish","type":"page","link":"https:\/\/aviator-slotgame.com\/lt\/aviatoriaus-lizdas-vs-tradiciniai-vaizdo-zaidimu-automatai\/","title":{"rendered":"Aviatoriaus lizdai"},"content":{"rendered":"<div class=\"54c3cc2d7ffa14676369cd5ddf1dd0f9\" data-index=\"1\" style=\"float: none; margin:10px 0 10px 0; text-align:center;\">\n<div class=\"custom-play-button\">\r\n<center><a href=\"https:\/\/aviator-slotgame.com\/lt\/play-game\/\" rel=\"nofollow\" target=\"_blank\">\u017daisti Dabar<\/a><br><\/center>\r\n<\/div>\n<\/div>\n<p>Aviator i\u0161 \u201eSpribe\u201c n\u0117ra j\u016bs\u0173 vidutinis vaizdo lo\u0161imo automatas. Jame si\u016blomos socialini\u0173 \u017eaidim\u0173 funkcijos, kuri\u0173 nerasite tradiciniuose vaizdo lo\u0161imo automatuose. Galite prisijungti prie linksmybi\u0173 ir i\u0161\u0161aukti kitus \u017eaid\u0117jus prisijungti prie internetinio kazino \u017eaidimo, kuriame gausu \u012fdomi\u0173 premij\u0173, daugikli\u0173 ir kit\u0173 netik\u0117tum\u0173.<\/p>\n<p><img loading=\"lazy\" decoding=\"async\" class=\"alignnone size-full wp-image-216\" title=\"Aviatorius prie\u0161 tradicinius lo\u0161imo automatus\" src=\"https:\/\/aviator-slotgame.com\/wp-content\/uploads\/aviator-4-1.png\" alt=\"Aviatorius prie\u0161 tradicinius lo\u0161imo automatus\" width=\"800\" height=\"445\" srcset=\"https:\/\/aviator-slotgame.com\/wp-content\/uploads\/aviator-4-1.png 800w, https:\/\/aviator-slotgame.com\/wp-content\/uploads\/aviator-4-1-300x167.png 300w, https:\/\/aviator-slotgame.com\/wp-content\/uploads\/aviator-4-1-768x427.png 768w, https:\/\/aviator-slotgame.com\/wp-content\/uploads\/aviator-4-1-18x10.png 18w\" sizes=\"auto, (max-width: 800px) 100vw, 800px\" \/><\/p>\n<p>Aviator si\u016blo ne tik standartinius 3x5 b\u016bgn\u0173 lo\u0161imo automatus. Jame yra daugiklis, pagr\u012fstas RNG, kuris did\u0117ja ir did\u0117ja, kol kiekvienas \u017eaid\u0117jas nusprend\u017eia i\u0161sigryninti pinigus. Tai rei\u0161kia, kad jei jums pasiseks, gal\u0117site \u017eaisti vis\u0105 dien\u0105 ir j\u016bs\u0173 laim\u0117jimai tikrai prad\u0117s did\u0117ti!<\/p>\n<p>Be to, \u201eAviator\u201c neriboja \u017eaid\u0117j\u0173, galin\u010di\u0173 prisijungti prie linksmybi\u0173, skai\u010diaus. Jums nereikia jaudintis, kad laukiate \u017eaidimo prad\u017eios, nes jis niekada nebus pilnas, visada atsiras vietos daugiau \u017eaid\u0117j\u0173. Tur\u0117dami \u017eaid\u0117jams palankius koeficientus, RTP ir didelius laim\u0117jimus, turite daug galimybi\u0173 \u0161iame \u012fdomiame alternatyviame lo\u0161imo automate i\u0161kovoti prana\u0161um\u0105.<\/p><div class=\"54c3cc2d7ffa14676369cd5ddf1dd0f9\" data-index=\"1\" style=\"float: none; margin:10px 0 10px 0; text-align:center;\">\n<div class=\"custom-play-button\">\r\n<center><a href=\"https:\/\/aviator-slotgame.com\/lt\/play-game\/\" rel=\"nofollow\" target=\"_blank\">\u017daisti Dabar<\/a><br><\/center>\r\n<\/div>\n<\/div>\n\n<p>Taigi, nesvarbu, ar ie\u0161kote \u012ftraukian\u010dios \u017eaidim\u0173 patirties, ar norite atsipalaiduoti ir m\u0117gautis klasikiniu vaizdo lo\u0161imo automat\u0173 stiliaus \u017eaidimu, \u201eSpribe&#039;s Aviator\u201c tikrai turi k\u0105 pasi\u016blyti kiekvienam.<\/p>\n<h2 id=\"h-rtp-of-aviator-and-regular-slot-games\">Aviator RTP ir \u012fprasti laiko tarpsniai<\/h2>\n<p>Populiariausi\u0173 laiko tarpsni\u0173 vidutin\u0117s RTP vert\u0117s vir\u0161ija 65%. \u0160is skai\u010dius gali skirtis priklausomai nuo \u017eaidimo, kai kuriuose \u017eaidimuose gali siekti 97%, ta\u010diau paprastai norma yra 65% su de\u0161imtainiu tikslumu.<\/p>\n<p>Pavyzd\u017eiui, \u201eSecond Strike\u201c, vienas i\u0161 populiariausi\u0173 laiko tarpsni\u0173 pasaulyje, turi 96.26% RTP; Aviatorius dar daugiau!<\/p>\n<p>\u201eAviator\u201c apytikslis RTP (gr\u012f\u017eimas \u012f grotuv\u0105) yra 97%, o tai yra daugiau nei vidutinis vaizdo lizdo. Tai rei\u0161kia, kad \u017eaisdami \u201eAviator\u201c u\u017edirbsite daugiau pinig\u0173, palyginti su tradiciniais lo\u0161imo automatais. O su nuolat augan\u010diu daugikliu did\u017eiausi turai taps dar \u012fdomesni! Taigi, jei ie\u0161kote didesnio RTP ir galimyb\u0117s padidinti savo u\u017edarbio potencial\u0105, \u201eAviator\u201c gali b\u016bti kaip tik tai, ko jums tr\u016bko.<\/p>\n<figure class=\"wp-block-table\">\n<table>\n<tbody>\n<tr>\n<td><strong>AVIATORIUS<\/strong><\/td>\n<td><strong>TRADICINIS LO\u0160IMO \u017dAIDIMAS<\/strong><\/td>\n<\/tr>\n<tr>\n<td>Kalb\u0117kit\u0117s su kitais \u017eaid\u0117jais<\/td>\n<td>Vartotojo \u017eaidim\u0173 patirtis<\/td>\n<\/tr>\n<tr>\n<td>\u017daidim\u0173 kambaryje neribotas \u017eaid\u0117j\u0173 skai\u010dius<\/td>\n<td>Vienas \u017eaid\u0117jas viename \u012frenginyje arba puslapyje<\/td>\n<\/tr>\n<tr>\n<td>\u017daidimo mechanika su vienu RNG<\/td>\n<td>Keli rit\u0117s ir linijos<\/td>\n<\/tr>\n<tr>\n<td>~97% gr\u0105\u017einimas<\/td>\n<td>~96% gr\u0105\u017einimas<\/td>\n<\/tr>\n<\/tbody>\n<\/table><figcaption class=\"wp-element-caption\">Lo\u0161im\u0173 automatas\u00a0<strong><strong>AVIATORIUS<\/strong><\/strong><img loading=\"lazy\" decoding=\"async\" class=\"alignnone size-full wp-image-293\" src=\"https:\/\/aviator-slotgame.com\/wp-content\/uploads\/Aviator-13-800-x-600-\u043f\u0438\u043a\u0441.jpg\" alt=\"Aviator RTP ir \u012fprasti laiko tarpsniai\" width=\"800\" height=\"600\" srcset=\"https:\/\/aviator-slotgame.com\/wp-content\/uploads\/Aviator-13-800-x-600-\u043f\u0438\u043a\u0441.jpg 800w, https:\/\/aviator-slotgame.com\/wp-content\/uploads\/Aviator-13-800-x-600-\u043f\u0438\u043a\u0441-300x225.jpg 300w, https:\/\/aviator-slotgame.com\/wp-content\/uploads\/Aviator-13-800-x-600-\u043f\u0438\u043a\u0441-768x576.jpg 768w, https:\/\/aviator-slotgame.com\/wp-content\/uploads\/Aviator-13-800-x-600-\u043f\u0438\u043a\u0441-16x12.jpg 16w\" sizes=\"auto, (max-width: 800px) 100vw, 800px\" \/><\/figcaption><\/figure>\n<h2 id=\"h-the-bottom-line\">Apatin\u0117 eilut\u0117<\/h2>\n<p>\u201eSpribe&#039;s Aviator\u201c si\u016blo unikali\u0105 tradicini\u0173 vaizdo automat\u0173 interpretacij\u0105, kuri gali suteikti \u017eaid\u0117jams \u012ftraukian\u010di\u0173 \u017eaidim\u0173 patirt\u012f. D\u0117l nuolat did\u0117jan\u010di\u0173 daugikli\u0173 ir auk\u0161to RTP yra daugyb\u0117 prie\u017eas\u010di\u0173 i\u0161bandyti \u201eAviator\u201c. Be to, socialinis aspektas daro tai dar \u012fdomiau!<\/p>\n<h2 id=\"h-using-bonus-spins-on-aviator\">Papildom\u0173 sukim\u0173 naudojimas \u201eAviator\u201c.<\/h2>\n<p>Premijos sukimai yra pagrindin\u0117 kazino svetaini\u0173 dalis. Kai u\u017esiregistruojate kazino svetain\u0117je, da\u017enai gausite nemokam\u0173 sukim\u0173 kaip pasveikinimo premij\u0105. Juos netgi galite gauti per riboto laiko akcijas arba kaip prizus kituose \u017eaidimuose!<\/p>\n<p>Jei esate \u201eAviator\u201c ar kit\u0173 kazino \u017eaidim\u0173 gerb\u0117jas, premijiniai sukimai yra puikus b\u016bdas gauti nemokam\u0105 galimyb\u0119 susukti b\u016bgnus, nusileisti l\u0117ktuve ir galb\u016bt laim\u0117ti pinig\u0173. Ties\u0105 sakant, premijiniai sukimai gali b\u016bti net vertingesni nei \u012fprasti \u017eaidimo sukimai, nes jiems paprastai n\u0117ra joki\u0173 la\u017eyb\u0173 reikalavim\u0173 ar kit\u0173 laim\u0117jimo apribojim\u0173.<\/p>\n<h2 id=\"h-how-to-get-bonus-spins\">Kaip gauti papildom\u0173 sukim\u0173<\/h2>\n<p>Nemokami sukimai gali b\u016bti gaunami i\u0161 \u012fvairi\u0173 viet\u0173, pavyzd\u017eiui, pasveikinimo premijos naujiems vartotojams, atliekantiems pirm\u0105j\u012f \u012fna\u0161\u0105, reklamos kodai ir riboto laiko renginiai.<\/p>\n<h3 id=\"h-welcome-bonus-spins-for-aviator\">Aviatoriaus pasveikinimo premijos sukimai<\/h3>\n<p>Kai kurie kazino suteikia nemokam\u0173 sukim\u0173, kai sukuriate paskyr\u0105. Jums gali kilti klausimas, kuo \u0161ie nemokami sukimai gali b\u016bti naudingi \u017eaid\u017eiant \u201eAviator\u201c; ta\u010diau kartais kazino riboja \u0161i\u0173 nemokam\u0173 sukim\u0173 naudojim\u0105 tik populiariausiuose tradiciniuose lo\u0161imo automatuose. Ta\u010diau nesijaudinkite, vis dar yra b\u016bd\u0173, kaip panaudoti visus \u201eAviator\u201c jums paruo\u0161tus nemokamus sukimus.<\/p>\n<h2 id=\"h-how-to-use-free-spins-in-aviator\">Kaip naudotis nemokamais sukimais \u201eAviator\u201c.<\/h2>\n<p>Jei j\u016bs\u0173 sukimai neveikia \u201eAviator\u201c, visada galite juos panaudoti kreditams laim\u0117ti kituose kazino \u017eaidimuose. Pavyzd\u017eiui, jei turite nemokam\u0173 sukim\u0173 lo\u0161imo automate, tuos kreditus galite i\u0161keisti \u012f \u017eetonus prie \u017eaidim\u0173 stal\u0173. Tada galite naudoti \u0161iuos \u017eetonus statydami Aviator ar bet kur\u012f kit\u0105 kazino \u017eaidim\u0105!<\/p>\n<p>\u0160tai kaip:<\/p>\n<ol start=\"1\" type=\"1\">\n<li>Pasirinkite vien\u0105 i\u0161 savo m\u0117gstamiausi\u0173 lo\u0161imo automat\u0173.<\/li>\n<li>Pasinaudokite nemokamais sukimais.<\/li>\n<li>Pasiimkite visus sukim\u0173 metu laim\u0117tus kreditus ir \u017eaiskite \u201eAviator\u201c!<\/li>\n<\/ol>\n<p>Tai taip paprasta.<\/p>\n<h2 id=\"h-can-you-win-free-spins-in-aviator\">Ar galite laim\u0117ti nemokam\u0173 sukim\u0173 \u201eAviator\u201c?<\/h2>\n<p>N\u0117ra nemokam\u0173 sukim\u0173 funkcijos. Vienintelis prizas, kur\u012f laim\u0117site turo metu, yra j\u016bs\u0173 statymas, padaugintas i\u0161 raudonojo l\u0117ktuvo pakilimo laiko.<\/p>\n<h2 id=\"h-in-conclusion\">I\u0161vada<\/h2>\n<p>Nepriklausomai nuo to, kaip juos gausite \u2013 pasveikinimo premijos sukimai, reklamos kredito kodai ar riboto laiko pasi\u016blymai \u2013 premijiniai sukimai yra puikus b\u016bdas bet kokio lygio \u017eaid\u0117jams \u017eaisti, nesijaudinant d\u0117l pralaim\u0117jimo kur\u012f laik\u0105. Ir nesvarbu, kokiems \u017eaidimams jie skirti, patyr\u0119 \u017eaid\u0117jai gali paversti savo sukimus naudingais kreditais, kuriuos galima statyti gyvame \u201eAviator\u201c \u017eaidime.<\/p>\n<p><img loading=\"lazy\" decoding=\"async\" class=\"alignnone size-full wp-image-297\" src=\"https:\/\/aviator-slotgame.com\/wp-content\/uploads\/Aviator-14-800-x-600-\u043f\u0438\u043a\u0441.jpg\" alt=\"I\u0161vada\" width=\"800\" height=\"600\" srcset=\"https:\/\/aviator-slotgame.com\/wp-content\/uploads\/Aviator-14-800-x-600-\u043f\u0438\u043a\u0441.jpg 800w, https:\/\/aviator-slotgame.com\/wp-content\/uploads\/Aviator-14-800-x-600-\u043f\u0438\u043a\u0441-300x225.jpg 300w, https:\/\/aviator-slotgame.com\/wp-content\/uploads\/Aviator-14-800-x-600-\u043f\u0438\u043a\u0441-768x576.jpg 768w, https:\/\/aviator-slotgame.com\/wp-content\/uploads\/Aviator-14-800-x-600-\u043f\u0438\u043a\u0441-16x12.jpg 16w\" sizes=\"auto, (max-width: 800px) 100vw, 800px\" \/><\/p>\n\n<div style=\"font-size: 0px; height: 0px; line-height: 0px; margin: 0; padding: 0; clear: both;\"><\/div>","protected":false},"excerpt":{"rendered":"<p>Aviator i\u0161 \u201eSpribe\u201c n\u0117ra j\u016bs\u0173 vidutinis vaizdo lo\u0161imo automatas. Jame si\u016blomos socialini\u0173 \u017eaidim\u0173 funkcijos, kuri\u0173 nerasite tradiciniuose vaizdo lo\u0161imo automatuose.<\/p>","protected":false},"author":1,"featured_media":0,"parent":0,"menu_order":0,"comment_status":"closed","ping_status":"closed","template":"","meta":{"footnotes":""},"class_list":["post-215","page","type-page","status-publish","hentry"],"yoast_head":"<!-- This site is optimized with the Yoast SEO plugin v22.0 - https:\/\/yoast.com\/wordpress\/plugins\/seo\/ -->\n<title>\u0410\u0432\u0438\u0430\u0442\u043e\u0440 \u0441\u043b\u043e\u0442\u044b - Aviator<\/title>\n<meta name=\"robots\" content=\"index, follow, max-snippet:-1, max-image-preview:large, max-video-preview:-1\" \/>\n<link rel=\"canonical\" href=\"https:\/\/aviator-slotgame.com\/lt\/aviatoriaus-lizdas-vs-tradiciniai-vaizdo-zaidimu-automatai\/\" \/>\n<meta property=\"og:locale\" content=\"lt_LT\" \/>\n<meta property=\"og:type\" content=\"article\" \/>\n<meta property=\"og:title\" content=\"\u0410\u0432\u0438\u0430\u0442\u043e\u0440 \u0441\u043b\u043e\u0442\u044b - Aviator\" \/>\n<meta property=\"og:description\" content=\"Aviator \u043e\u0442 Spribe \u2013 \u044d\u0442\u043e \u043d\u0435 \u043e\u0431\u044b\u0447\u043d\u044b\u0439 \u0432\u0438\u0434\u0435\u043e\u0441\u043b\u043e\u0442. \u041e\u043d \u043f\u0440\u0435\u0434\u043b\u0430\u0433\u0430\u0435\u0442 \u0432\u043e\u0437\u043c\u043e\u0436\u043d\u043e\u0441\u0442\u0438 \u0441\u043e\u0446\u0438\u0430\u043b\u044c\u043d\u044b\u0445 \u0438\u0433\u0440, \u043a\u043e\u0442\u043e\u0440\u044b\u0435 \u0432\u044b \u043d\u0435 \u043d\u0430\u0439\u0434\u0435\u0442\u0435 \u0432 \u0442\u0440\u0430\u0434\u0438\u0446\u0438\u043e\u043d\u043d\u044b\u0445 \u0432\u0438\u0434\u0435\u043e\u0441\u043b\u043e\u0442\u0430\u0445.\" \/>\n<meta property=\"og:url\" content=\"https:\/\/aviator-slotgame.com\/lt\/aviatoriaus-lizdas-vs-tradiciniai-vaizdo-zaidimu-automatai\/\" \/>\n<meta property=\"og:site_name\" content=\"Aviator\" \/>\n<meta property=\"article:modified_time\" content=\"2024-09-09T10:50:04+00:00\" \/>\n<meta property=\"og:image\" content=\"https:\/\/aviator-slotgame.com\/wp-content\/uploads\/aviator-4-1.png\" \/>\n<meta name=\"twitter:card\" content=\"summary_large_image\" \/>\n<meta name=\"twitter:label1\" content=\"Est. reading time\" \/>\n\t<meta name=\"twitter:data1\" content=\"4 minut\u0117s\" \/>\n<script type=\"application\/ld+json\" class=\"yoast-schema-graph\">{\"@context\":\"https:\/\/schema.org\",\"@graph\":[{\"@type\":\"WebPage\",\"@id\":\"https:\/\/aviator-slotgame.com\/aviator-slots\/\",\"url\":\"https:\/\/aviator-slotgame.com\/aviator-slots\/\",\"name\":\"\u0410\u0432\u0438\u0430\u0442\u043e\u0440 \u0441\u043b\u043e\u0442\u044b - Aviator\",\"isPartOf\":{\"@id\":\"https:\/\/aviator-slotgame.com\/#website\"},\"datePublished\":\"2024-04-02T16:05:37+00:00\",\"dateModified\":\"2024-09-09T10:50:04+00:00\",\"breadcrumb\":{\"@id\":\"https:\/\/aviator-slotgame.com\/aviator-slots\/#breadcrumb\"},\"inLanguage\":\"lt-LT\",\"potentialAction\":[{\"@type\":\"ReadAction\",\"target\":[\"https:\/\/aviator-slotgame.com\/aviator-slots\/\"]}]},{\"@type\":\"BreadcrumbList\",\"@id\":\"https:\/\/aviator-slotgame.com\/aviator-slots\/#breadcrumb\",\"itemListElement\":[{\"@type\":\"ListItem\",\"position\":1,\"name\":\"Home\",\"item\":\"https:\/\/aviator-slotgame.com\/\"},{\"@type\":\"ListItem\",\"position\":2,\"name\":\"\u0410\u0432\u0438\u0430\u0442\u043e\u0440 \u0441\u043b\u043e\u0442\u044b\"}]},{\"@type\":\"WebSite\",\"@id\":\"https:\/\/aviator-slotgame.com\/#website\",\"url\":\"https:\/\/aviator-slotgame.com\/\",\"name\":\"Aviator\",\"description\":\"\",\"publisher\":{\"@id\":\"https:\/\/aviator-slotgame.com\/#organization\"},\"potentialAction\":[{\"@type\":\"SearchAction\",\"target\":{\"@type\":\"EntryPoint\",\"urlTemplate\":\"https:\/\/aviator-slotgame.com\/?s={search_term_string}\"},\"query-input\":\"required name=search_term_string\"}],\"inLanguage\":\"lt-LT\"},{\"@type\":\"Organization\",\"@id\":\"https:\/\/aviator-slotgame.com\/#organization\",\"name\":\"Aviator\",\"url\":\"https:\/\/aviator-slotgame.com\/\",\"logo\":{\"@type\":\"ImageObject\",\"inLanguage\":\"lt-LT\",\"@id\":\"https:\/\/aviator-slotgame.com\/#\/schema\/logo\/image\/\",\"url\":\"https:\/\/aviator-slotgame.com\/wp-content\/uploads\/16f5e8_dade544d4623411c9c4153c639aae85amv2.webp\",\"contentUrl\":\"https:\/\/aviator-slotgame.com\/wp-content\/uploads\/16f5e8_dade544d4623411c9c4153c639aae85amv2.webp\",\"width\":400,\"height\":300,\"caption\":\"Aviator\"},\"image\":{\"@id\":\"https:\/\/aviator-slotgame.com\/#\/schema\/logo\/image\/\"}}]}<\/script>\n<!-- \/ Yoast SEO plugin. -->","yoast_head_json":{"title":"\u0410\u0432\u0438\u0430\u0442\u043e\u0440 \u0441\u043b\u043e\u0442\u044b - Aviator","robots":{"index":"index","follow":"follow","max-snippet":"max-snippet:-1","max-image-preview":"max-image-preview:large","max-video-preview":"max-video-preview:-1"},"canonical":"https:\/\/aviator-slotgame.com\/lt\/aviatoriaus-lizdas-vs-tradiciniai-vaizdo-zaidimu-automatai\/","og_locale":"lt_LT","og_type":"article","og_title":"\u0410\u0432\u0438\u0430\u0442\u043e\u0440 \u0441\u043b\u043e\u0442\u044b - Aviator","og_description":"Aviator \u043e\u0442 Spribe \u2013 \u044d\u0442\u043e \u043d\u0435 \u043e\u0431\u044b\u0447\u043d\u044b\u0439 \u0432\u0438\u0434\u0435\u043e\u0441\u043b\u043e\u0442. \u041e\u043d \u043f\u0440\u0435\u0434\u043b\u0430\u0433\u0430\u0435\u0442 \u0432\u043e\u0437\u043c\u043e\u0436\u043d\u043e\u0441\u0442\u0438 \u0441\u043e\u0446\u0438\u0430\u043b\u044c\u043d\u044b\u0445 \u0438\u0433\u0440, \u043a\u043e\u0442\u043e\u0440\u044b\u0435 \u0432\u044b \u043d\u0435 \u043d\u0430\u0439\u0434\u0435\u0442\u0435 \u0432 \u0442\u0440\u0430\u0434\u0438\u0446\u0438\u043e\u043d\u043d\u044b\u0445 \u0432\u0438\u0434\u0435\u043e\u0441\u043b\u043e\u0442\u0430\u0445.","og_url":"https:\/\/aviator-slotgame.com\/lt\/aviatoriaus-lizdas-vs-tradiciniai-vaizdo-zaidimu-automatai\/","og_site_name":"Aviator","article_modified_time":"2024-09-09T10:50:04+00:00","og_image":[{"url":"https:\/\/aviator-slotgame.com\/wp-content\/uploads\/aviator-4-1.png"}],"twitter_card":"summary_large_image","twitter_misc":{"Est. reading time":"4 minut\u0117s"},"schema":{"@context":"https:\/\/schema.org","@graph":[{"@type":"WebPage","@id":"https:\/\/aviator-slotgame.com\/aviator-slots\/","url":"https:\/\/aviator-slotgame.com\/aviator-slots\/","name":"\u0410\u0432\u0438\u0430\u0442\u043e\u0440 \u0441\u043b\u043e\u0442\u044b - Aviator","isPartOf":{"@id":"https:\/\/aviator-slotgame.com\/#website"},"datePublished":"2024-04-02T16:05:37+00:00","dateModified":"2024-09-09T10:50:04+00:00","breadcrumb":{"@id":"https:\/\/aviator-slotgame.com\/aviator-slots\/#breadcrumb"},"inLanguage":"lt-LT","potentialAction":[{"@type":"ReadAction","target":["https:\/\/aviator-slotgame.com\/aviator-slots\/"]}]},{"@type":"BreadcrumbList","@id":"https:\/\/aviator-slotgame.com\/aviator-slots\/#breadcrumb","itemListElement":[{"@type":"ListItem","position":1,"name":"Home","item":"https:\/\/aviator-slotgame.com\/"},{"@type":"ListItem","position":2,"name":"\u0410\u0432\u0438\u0430\u0442\u043e\u0440 \u0441\u043b\u043e\u0442\u044b"}]},{"@type":"WebSite","@id":"https:\/\/aviator-slotgame.com\/#website","url":"https:\/\/aviator-slotgame.com\/","name":"Aviator","description":"","publisher":{"@id":"https:\/\/aviator-slotgame.com\/#organization"},"potentialAction":[{"@type":"SearchAction","target":{"@type":"EntryPoint","urlTemplate":"https:\/\/aviator-slotgame.com\/?s={search_term_string}"},"query-input":"required name=search_term_string"}],"inLanguage":"lt-LT"},{"@type":"Organization","@id":"https:\/\/aviator-slotgame.com\/#organization","name":"Aviator","url":"https:\/\/aviator-slotgame.com\/","logo":{"@type":"ImageObject","inLanguage":"lt-LT","@id":"https:\/\/aviator-slotgame.com\/#\/schema\/logo\/image\/","url":"https:\/\/aviator-slotgame.com\/wp-content\/uploads\/16f5e8_dade544d4623411c9c4153c639aae85amv2.webp","contentUrl":"https:\/\/aviator-slotgame.com\/wp-content\/uploads\/16f5e8_dade544d4623411c9c4153c639aae85amv2.webp","width":400,"height":300,"caption":"Aviator"},"image":{"@id":"https:\/\/aviator-slotgame.com\/#\/schema\/logo\/image\/"}}]}},"amp_enabled":true,"_links":{"self":[{"href":"https:\/\/aviator-slotgame.com\/lt\/wp-json\/wp\/v2\/pages\/215","targetHints":{"allow":["GET"]}}],"collection":[{"href":"https:\/\/aviator-slotgame.com\/lt\/wp-json\/wp\/v2\/pages"}],"about":[{"href":"https:\/\/aviator-slotgame.com\/lt\/wp-json\/wp\/v2\/types\/page"}],"author":[{"embeddable":true,"href":"https:\/\/aviator-slotgame.com\/lt\/wp-json\/wp\/v2\/users\/1"}],"replies":[{"embeddable":true,"href":"https:\/\/aviator-slotgame.com\/lt\/wp-json\/wp\/v2\/comments?post=215"}],"version-history":[{"count":6,"href":"https:\/\/aviator-slotgame.com\/lt\/wp-json\/wp\/v2\/pages\/215\/revisions"}],"predecessor-version":[{"id":309,"href":"https:\/\/aviator-slotgame.com\/lt\/wp-json\/wp\/v2\/pages\/215\/revisions\/309"}],"wp:attachment":[{"href":"https:\/\/aviator-slotgame.com\/lt\/wp-json\/wp\/v2\/media?parent=215"}],"curies":[{"name":"wp","href":"https:\/\/api.w.org\/{rel}","templated":true}]}}