{"id":26,"date":"2024-01-31T12:57:07","date_gmt":"2024-01-31T12:57:07","guid":{"rendered":"https:\/\/aviator-slotgame.com\/?page_id=26"},"modified":"2024-10-03T23:16:00","modified_gmt":"2024-10-03T23:16:00","slug":"play-for-free","status":"publish","type":"page","link":"https:\/\/aviator-slotgame.com\/lt\/kaip-zaisti-aviator-demo-nemokamai\/","title":{"rendered":"Kaip \u017eaisti demonstracin\u0119 versij\u0105 Aviator nemokamai"},"content":{"rendered":"<div class=\"54c3cc2d7ffa14676369cd5ddf1dd0f9\" data-index=\"1\" style=\"float: none; margin:10px 0 10px 0; text-align:center;\">\n<div class=\"custom-play-button\">\r\n<center><a href=\"https:\/\/aviator-slotgame.com\/lt\/play-game\/\" rel=\"nofollow\" target=\"_blank\">\u017daisti Dabar<\/a><br><\/center>\r\n<\/div>\n<\/div>\n<p>\u201eSpribe\u201c \u017eaidimas \u201eAviator\u201c yra naujas ir jaudinantis kazino \u017eaidimas, leid\u017eiantis \u017eaid\u0117jams patirti laim\u0117jimo jaudul\u012f skrendant auk\u0161tai. Demonstracin\u0117 \u017eaidimo versija suteikia \u017eaid\u0117jams galimyb\u0119 i\u0161bandyti \u017eaidim\u0105 nemokamai, o pilna versija yra prieinama daugelyje geriausi\u0173 kazino svetaini\u0173. Nemokama Aviator demonstracin\u0117 versija yra puikus b\u016bdas i\u0161mokti \u017eaisti \u017eaidim\u0105 prie\u0161 i\u0161leid\u017eiant pinigus pilnai versijai, be to, tai smagus b\u016bdas leisti laik\u0105 internete nei\u0161leid\u017eiant pinig\u0173.<\/p>\n<p>Nor\u0117dami tai padaryti, turite apsilankyti oficialioje \u201eAviator\u201c svetain\u0117je ir pasirinkti demonstracinio \u017eaidimo re\u017eim\u0105. Demonstracin\u0117je versijoje galite \u017eaisti nestatydami tikr\u0173 pinig\u0173 ir tiesiog m\u0117gautis \u017eaidimu.<\/p>\n<p><img loading=\"lazy\" decoding=\"async\" title=\"\u017daisti \u201eAviator\u201c demonstracin\u0119 versij\u0105\" src=\"https:\/\/aviator-slotgame.com\/wp-content\/uploads\/aviator-3.png\" alt=\"Kaip \u017eaisti demonstracin\u0119 versij\u0105 Aviator nemokamai\" width=\"800\" height=\"445\" \/><\/p>\n<h2>Pagrindiniai bruo\u017eai<\/h2>\n<p>Demonstracin\u0117 versija supa\u017eindins su keliomis svarbiomis \u017eaidimo mechanikomis. Pirmiausia treniruodamiesi nemokamai, geriau suprasite, kaip veikia \u017eaidimas, ir gal\u0117site maksimaliai padidinti savo laim\u0117jimus \u017eaisdami i\u0161 tikr\u0173 pinig\u0173. \u201eAviator\u201c demonstracin\u0117 versija taip pat yra puikus b\u016bdas smagiai praleisti laik\u0105 nei\u0161leid\u017eiant pinig\u0173 ar kredit\u0173.<\/p><div class=\"54c3cc2d7ffa14676369cd5ddf1dd0f9\" data-index=\"1\" style=\"float: none; margin:10px 0 10px 0; text-align:center;\">\n<div class=\"custom-play-button\">\r\n<center><a href=\"https:\/\/aviator-slotgame.com\/lt\/play-game\/\" rel=\"nofollow\" target=\"_blank\">\u017daisti Dabar<\/a><br><\/center>\r\n<\/div>\n<\/div>\n\n<h3>Dvigubi mygtukai \u017eemyn<\/h3>\n<p>\u0160ie mygtukai suteikia jums galimyb\u0119 padvigubinti savo statym\u0105, kai \u0161ansai yra sukrauti j\u016bs\u0173 naudai. Tai gali padidinti j\u016bs\u0173 laim\u0117jim\u0105, bet taip pat padidina rizikos veiksn\u012f.<\/p>\n<p>Prie\u0161 rizikuojant tikrais svetain\u0117s kreditais, rekomenduojame pasipraktikuoti naudojant abu mygtukus demonstracin\u0117je versijoje. L\u0117ktuvas \u201eAviator\u201c gali i\u0161skristi tiek laiko, kiek reikia paspaudus 2-\u0105j\u012f mygtuk\u0105. Geriausi Aviator \u017eaid\u0117jai gali i\u0161gryninti abu savo statymus per sekund\u0119.<\/p>\n<h3>Lyderi\u0173 lentel\u0117<\/h3>\n<p>\u0160i funkcija leid\u017eia suprasti, kaip j\u016bs\u0173 statymai yra lyginami su kit\u0173 \u017eaid\u0117j\u0173 statymais realiuoju laiku! Tai puikus b\u016bdas i\u0161laikyti motyvacij\u0105, kai pradedate tikr\u0105j\u012f \u017eaidim\u0105. Demonstracin\u0117je versijoje \u0161ie grotuvai yra imituojami, ta\u010diau galite susidaryti id\u0117j\u0105, \u012f k\u0105 atkreipti d\u0117mes\u012f.<\/p>\n<h3>La\u017eyb\u0173 ir laim\u0117jimo limitai<\/h3>\n<p>\u201eAviator\u201c demonstracin\u0117 versija yra gera vieta su\u017einoti, kokius maksimalius ir minimalius statymus galite atlikti ir kiek pinig\u0173 jums atne\u0161 s\u0117km\u0117. \u0160i informacija itin svarbi d\u0117l dviej\u0173 prie\u017eas\u010di\u0173. Pirma, \u017eaisdami piln\u0105 versij\u0105 gal\u0117site \u017einoti savo \u017eaidimo ribas ir j\u0173 neper\u017eengti. Antra, galite \u017einoti, ko tik\u0117tis, kai daugiklis prad\u0117s did\u0117ti.<\/p>\n<table>\n<tbody>\n<tr>\n<td><strong>\u017dAIDIMO RIBOS<\/strong><\/td>\n<\/tr>\n<tr>\n<td><strong>Minimalus pasi\u016blymas<\/strong><\/td>\n<td>0.10<\/td>\n<\/tr>\n<tr>\n<td><strong>Maksimalus statymas<\/strong><\/td>\n<td>100<\/td>\n<\/tr>\n<tr>\n<td><strong>Maksimalus laim\u0117jimas<\/strong><\/td>\n<td>10,000<\/td>\n<\/tr>\n<\/tbody>\n<\/table>\n<p><img loading=\"lazy\" decoding=\"async\" src=\"https:\/\/aviator-slotgame.com\/wp-content\/uploads\/Aviator-12-800-x-600-\u043f\u0438\u043a\u0441.jpg\" alt=\"Statymai ir laim\u0117jimai\" width=\"800\" height=\"600\" \/><\/p>\n<h3>Automatinis paleidimas<\/h3>\n<p>Automatinis paleidimas automati\u0161kai atlieka statymus ir i\u0161moka pinigus j\u016bs\u0173 vardu pagal j\u016bs\u0173 nurodytus nustatymus. Tai leid\u017eia atsis\u0117sti ir atsipalaiduoti, o \u017eaidimas \u201eAviator\u201c atlieka darb\u0105 u\u017e jus. Pramogoms ir praktikai \u017eaidimas leis \u017eaid\u0117jams i\u0161bandyti \u012fvairius nustatym\u0173 derinius.<\/p>\n<p>Demonstracin\u0117je \u201eAviator\u201c versijoje galimos \u0161ios automatinio paleidimo parinktys:<\/p>\n<ul>\n<li>Gryn\u0173j\u0173 pinig\u0173 ma\u017einimo limitas<\/li>\n<li>Laim\u0117jimo limitas<\/li>\n<li>Vieno laim\u0117jimo limitas<\/li>\n<li>Gryn\u0173j\u0173 pinig\u0173 i\u0161mok\u0117jimo daugiklis<\/li>\n<\/ul>\n<p><img loading=\"lazy\" decoding=\"async\" src=\"https:\/\/aviator-slotgame.com\/wp-content\/uploads\/Aviator-15-800-x-600-\u043f\u0438\u043a\u0441.jpg\" alt=\"Automatinis paleidimas \u201eAviator\u201c.\" width=\"800\" height=\"600\" \/><\/p>\n<h2>Funkcijos, ne\u012ftrauktos \u012f demonstracin\u0119 versij\u0105<\/h2>\n<p>\u201eAviator\u201c demonstracijoje tr\u016bksta vienos gyvybi\u0161kai svarbios funkcijos. To tiesiog negalima modeliuoti.<\/p>\n<h3>\u017daid\u0117jai kalbasi<\/h3>\n<p>Pilnoje \u201eAviator\u201c versijoje \u017eaid\u0117jai gali pasiekti \u017eaidimo pokalbi\u0173 sistem\u0105 ir aptarti strategij\u0105, piktnaud\u017eiavimo daugiklius, dalytis patarimais ir gudryb\u0117mis, girtis neseniai laim\u0117tais dideliais laim\u0117jimais ir kalb\u0117tis vieni su kitais. \u0160ios funkcijos demonstracin\u0117je versijoje n\u0117ra.<\/p>\n<p>Galb\u016bt negal\u0117site praktikuoti bendravimo su kitais \u017eaid\u0117jais, ta\u010diau tai yra vienas i\u0161 svarbiausi\u0173 tiesioginio \u017eaidimo aspekt\u0173. Tai puikus b\u016bdas u\u017emegzti ry\u0161ius su kitais \u017eaid\u0117jais ir su\u017einoti daugiau apie \u017eaidim\u0105.<\/p>\n<h2>Nemokama \u201eAviator\u201c demonstracin\u0117 versija, palyginti su tikru \u017eaidimu<\/h2>\n<p>\u201eAviator\u201c demonstracin\u0117 versija yra nemokama \u017eaidimo versija, leid\u017eianti praktikuoti ir i\u0161bandyti \u012fvairias strategijas. Demonstracin\u0117je versijoje yra visos visos versijos funkcijos, ta\u010diau su tam tikrais apribojimais. Pavyzd\u017eiui, demonstracin\u0117je \u201eAviator\u201c versijoje negalite u\u017edirbti tikr\u0173 pinig\u0173 ar laim\u0117ti priz\u0173. Ta\u010diau, jei jums patinka \u017eaisti demonstracin\u0119 versij\u0105 ir norite patirti daugiau \u0161io \u012fdomaus \u017eaidimo funkcij\u0173, galite bet kada t\u0119sti \u017eaisti tikr\u0105j\u012f \u017eaidim\u0105.<\/p>\n<p>Demonstracin\u0117je \u201eAviator\u201c versijoje yra keletas mokymo program\u0173 ir patarim\u0173, kurie pad\u0117s suprasti, kaip \u017eaisti efektyviau. Jie pad\u0117s jums pagerinti bendr\u0105 \u017eaidim\u0173 patirt\u012f, nes naujiems \u017eaid\u0117jams bus lengvai suprantamos instrukcijos ir mokoma nauj\u0173 technik\u0173. Taip pat galite per\u017ei\u016br\u0117ti RNG (Random Number Generator) duomenis, sugeneruotus i\u0161 \u0161i\u0173 raund\u0173, kad gal\u0117tum\u0117te geriau susipa\u017einti su \u201eSpribe\u201c kriptovaliut\u0173 technologija.<\/p>\n<table>\n<tbody>\n<tr>\n<td><strong>AVIATORIAUS DEMO<\/strong><\/td>\n<td><strong>GYVAS \u017dAIDIMAS \u201eAVIATOR\u201c<\/strong><\/td>\n<\/tr>\n<tr>\n<td>\u017daisk nemokamai<\/td>\n<td>Reikalingas svetain\u0117s kreditas<\/td>\n<\/tr>\n<tr>\n<td>N\u0117ra tiesioginio pokalbio<\/td>\n<td>Pokalbis visiems \u017eaid\u0117jams<\/td>\n<\/tr>\n<tr>\n<td>Joki\u0173 laim\u0117jim\u0173<\/td>\n<td>Laim\u0117jimas priklauso nuo daugiklio<\/td>\n<\/tr>\n<tr>\n<td>Galite \u017eaisti oficialioje \u201eSpribe\u201c svetain\u0117je<\/td>\n<td>Galima \u012fsigyti tik licencijuotuose internetiniuose kazino<\/td>\n<\/tr>\n<tr>\n<td>Imituojami \u017eaid\u0117jai pirmaujan\u010di\u0173j\u0173 s\u0105ra\u0161e<\/td>\n<td>Tikri \u017eaid\u0117jai atlieka statymus<\/td>\n<\/tr>\n<\/tbody>\n<\/table>\n<p>Pirmiausia \u017eaisdami \u201eAviator\u201c demonstracin\u0119 versij\u0105 galite patobulinti savo \u012fg\u016bd\u017eius prie\u0161 imdamiesi kit\u0173 \u017eaid\u0117j\u0173 ir galb\u016bt laim\u0117dami i\u0161 tikr\u0173j\u0173!<\/p>\n<p><img loading=\"lazy\" decoding=\"async\" src=\"https:\/\/aviator-slotgame.com\/wp-content\/uploads\/Aviator-11-800-x-600-\u043f\u0438\u043a\u0441.jpg\" alt=\"Demonstracin\u0117 versija Aviator\" width=\"800\" height=\"600\" \/><\/p>\n<h2>Demonstracin\u0117 \u017eaidimo Aviator versija<\/h2>\n<p>Kod\u0117l visi rekomenduoja pirmiausia susipa\u017einti su demonstracine \u017eaidimo \u201eAviator\u201c versija?<\/p>\n<ol>\n<li><strong>\u012evadas \u012f \u017eaidim\u0105:<\/strong> Nemokama \u017eaidimo Aviator versija padeda \u017eaid\u0117jams susipa\u017einti su \u017eaidimo eiga, \u017eaidimo taisykl\u0117mis ir lo\u0161imo automat\u0173 funkcijomis nerizikuojant savo pinigais.<\/li>\n<li><strong>Praktika:<\/strong> \u017daisdami nemokam\u0105 versij\u0105, \u017eaid\u0117jai gali treniruotis ir tobulinti savo \u012fg\u016bd\u017eius prie\u0161 \u017eaid\u017eiant i\u0161 tikr\u0173 pinig\u0173.<\/li>\n<li><strong>Susidom\u0117jimo balas:<\/strong> \u017daisdami nemokam\u0105 versij\u0105 galite \u012fvertinti, koks \u012fdomus ir jaudinantis yra \u017eaidimas, kuris pad\u0117s apsispr\u0119sti, ar toliau \u017eaisti i\u0161 tikr\u0173 pinig\u0173.<\/li>\n<li><strong>Nefinansin\u0117 rizika:<\/strong> Nemokama versija pa\u0161alina \u017eaid\u0117jo finansin\u0119 rizik\u0105, nes statymai atliekami u\u017e virtualius pinigus, o tai leid\u017eia m\u0117gautis \u017eaidimu be streso.<\/li>\n<li><strong>Pramogos:<\/strong> \u017daisti nemokam\u0105 \u201eAviator\u201c versij\u0105 gali b\u016bti puikus b\u016bdas smagiai praleisti laik\u0105 neinvestuojant pinig\u0173.<\/li>\n<\/ol>\n<p><img loading=\"lazy\" decoding=\"async\" src=\"https:\/\/aviator-slotgame.com\/wp-content\/uploads\/Aviator-30-800-x-600-\u043f\u0438\u043a\u0441.jpg\" alt=\"Demo \u017eaidimas Aviator\" width=\"800\" height=\"600\" \/><\/p>\n<h2>Kur galiu rasti demonstracin\u0119 \u017eaidimo \u201eAviator\u201c versij\u0105?<\/h2>\n<p>\u010cia pateikiamos i\u0161samios instrukcijos, kaip rasti internetinio \u017eaidimo \u201eAviator\u201c demonstracin\u0119 versij\u0105:<\/p>\n<ol>\n<li>\u012erenginyje atidarykite interneto nar\u0161ykl\u0119 ir eikite \u012f oficiali\u0105 kazino, kuriame norite \u017eaisti, svetain\u0119.<\/li>\n<li>Jei jau turite paskyr\u0105 svetain\u0117je, prisijunkite naudodami savo kredencialus. Jei dar neturite paskyros, u\u017esiregistruokite kazino svetain\u0117je.<\/li>\n<li>\u012e\u0117j\u0119 \u012f svetain\u0119 suraskite skyri\u0173 su avarij\u0173 \u017eaidimais arba naudokite paie\u0161kos juost\u0105. Paprastai \u017eaidim\u0173 demonstracin\u0117s versijos pateikiamos skiltyje \u017daidimai.<\/li>\n<li>Tarp pateikt\u0173 parink\u010di\u0173 raskite \u017eaidim\u0105 Aviator ir spustel\u0117kite j\u012f.<\/li>\n<li>\u017daidimo informacijoje paprastai rasite mygtuk\u0105 Play arba Demo. Spustel\u0117kite \u0161\u012f mygtuk\u0105, kad paleistum\u0117te \u017eaidimo \u201eAviator\u201c demonstracin\u012f re\u017eim\u0105.<\/li>\n<li>Bus atsisi\u0173sta demonstracin\u0117 \u017eaidimo versija ir gal\u0117site prad\u0117ti \u017eaisti nestatydami tikr\u0173 pinig\u0173. Demonstraciniu re\u017eimu naudosite virtualius kazino teikiamus pinigus, kad gal\u0117tum\u0117te \u017eaisti \u201eAviator crash\u201c \u017eaidim\u0105.<\/li>\n<\/ol>\n<p>Taigi, atlikdami \u0161iuos veiksmus, galite lengvai rasti ir \u017eaisti demonstracin\u0119 \u017eaidimo Aviator versij\u0105 oficialioje kazino svetain\u0117je.<\/p>\n<p><img loading=\"lazy\" decoding=\"async\" src=\"https:\/\/aviator-slotgame.com\/wp-content\/uploads\/Aviator-31-800-x-600-\u043f\u0438\u043a\u0441.jpg\" alt=\"Raskite demonstracin\u012f \u017eaidim\u0105 Aviator\" width=\"800\" height=\"600\" \/><\/p>\n\n<div style=\"font-size: 0px; height: 0px; line-height: 0px; margin: 0; padding: 0; clear: both;\"><\/div>","protected":false},"excerpt":{"rendered":"<p>\u201eSpribe&#039;s Aviator\u201c yra naujas ir \u012fdomus kazino \u017eaidimas, leid\u017eiantis \u017eaid\u0117jams patirti laim\u0117jimo jaudul\u012f<\/p>","protected":false},"author":1,"featured_media":0,"parent":0,"menu_order":0,"comment_status":"closed","ping_status":"closed","template":"","meta":{"footnotes":""},"class_list":["post-26","page","type-page","status-publish","hentry"],"yoast_head":"<!-- This site is optimized with the Yoast SEO plugin v22.0 - https:\/\/yoast.com\/wordpress\/plugins\/seo\/ -->\n<title>\u0414\u0435\u043c\u043e-\u0432\u0435\u0440\u0441\u0438\u044f \u0438\u0433\u0440\u044b \u0410\u0432\u0438\u0430\u0442\u043e\u0440 \u2014 \u0418\u0433\u0440\u0430\u0439\u0442\u0435 \u0432 \u043a\u0440\u0430\u0448-\u0441\u043b\u043e\u0442 \u0431\u0435\u0441\u043f\u043b\u0430\u0442\u043d\u043e<\/title>\n<meta name=\"description\" content=\"\u0418\u0433\u0440\u0430\u0439 \u0432 \u0434\u0435\u043c\u043e-\u0432\u0435\u0440\u0441\u0438\u044e \u0410\u0432\u0438\u0430\u0442\u043e\u0440 \u0431\u0435\u0441\u043f\u043b\u0430\u0442\u043d\u043e. \u0422\u0440\u0435\u043d\u0438\u0440\u0443\u0439\u0441\u044f \u0431\u0435\u0437 \u0434\u0435\u043d\u0435\u0433 \u0432 \u043a\u0440\u0430\u0448-\u0441\u043b\u043e\u0442\u0435 \u043e\u0442 Spribe \u043f\u0435\u0440\u0435\u0434 \u0438\u0433\u0440\u043e\u0439 \u043d\u0430 \u0440\u0435\u0430\u043b\u044c\u043d\u044b\u0435 \u0434\u0435\u043d\u044c\u0433\u0438 \u0432 \u043e\u043d\u043b\u0430\u0439\u043d \u043a\u0430\u0437\u0438\u043d\u043e.\" \/>\n<meta name=\"robots\" content=\"index, follow, max-snippet:-1, max-image-preview:large, max-video-preview:-1\" \/>\n<link rel=\"canonical\" href=\"https:\/\/aviator-slotgame.com\/lt\/kaip-zaisti-aviator-demo-nemokamai\/\" \/>\n<meta property=\"og:locale\" content=\"lt_LT\" \/>\n<meta property=\"og:type\" content=\"article\" \/>\n<meta property=\"og:title\" content=\"\u0414\u0435\u043c\u043e-\u0432\u0435\u0440\u0441\u0438\u044f \u0438\u0433\u0440\u044b \u0410\u0432\u0438\u0430\u0442\u043e\u0440 \u2014 \u0418\u0433\u0440\u0430\u0439\u0442\u0435 \u0432 \u043a\u0440\u0430\u0448-\u0441\u043b\u043e\u0442 \u0431\u0435\u0441\u043f\u043b\u0430\u0442\u043d\u043e\" \/>\n<meta property=\"og:description\" content=\"\u0418\u0433\u0440\u0430\u0439 \u0432 \u0434\u0435\u043c\u043e-\u0432\u0435\u0440\u0441\u0438\u044e \u0410\u0432\u0438\u0430\u0442\u043e\u0440 \u0431\u0435\u0441\u043f\u043b\u0430\u0442\u043d\u043e. \u0422\u0440\u0435\u043d\u0438\u0440\u0443\u0439\u0441\u044f \u0431\u0435\u0437 \u0434\u0435\u043d\u0435\u0433 \u0432 \u043a\u0440\u0430\u0448-\u0441\u043b\u043e\u0442\u0435 \u043e\u0442 Spribe \u043f\u0435\u0440\u0435\u0434 \u0438\u0433\u0440\u043e\u0439 \u043d\u0430 \u0440\u0435\u0430\u043b\u044c\u043d\u044b\u0435 \u0434\u0435\u043d\u044c\u0433\u0438 \u0432 \u043e\u043d\u043b\u0430\u0439\u043d \u043a\u0430\u0437\u0438\u043d\u043e.\" \/>\n<meta property=\"og:url\" content=\"https:\/\/aviator-slotgame.com\/lt\/kaip-zaisti-aviator-demo-nemokamai\/\" \/>\n<meta property=\"og:site_name\" content=\"Aviator\" \/>\n<meta property=\"article:modified_time\" content=\"2024-10-03T23:16:00+00:00\" \/>\n<meta property=\"og:image\" content=\"https:\/\/aviator-slotgame.com\/wp-content\/uploads\/aviator-3.png\" \/>\n<meta name=\"twitter:card\" content=\"summary_large_image\" \/>\n<meta name=\"twitter:label1\" content=\"Est. reading time\" \/>\n\t<meta name=\"twitter:data1\" content=\"6 minut\u0117s\" \/>\n<script type=\"application\/ld+json\" class=\"yoast-schema-graph\">{\"@context\":\"https:\/\/schema.org\",\"@graph\":[{\"@type\":\"WebPage\",\"@id\":\"https:\/\/aviator-slotgame.com\/play-for-free\/\",\"url\":\"https:\/\/aviator-slotgame.com\/play-for-free\/\",\"name\":\"\u0414\u0435\u043c\u043e-\u0432\u0435\u0440\u0441\u0438\u044f \u0438\u0433\u0440\u044b \u0410\u0432\u0438\u0430\u0442\u043e\u0440 \u2014 \u0418\u0433\u0440\u0430\u0439\u0442\u0435 \u0432 \u043a\u0440\u0430\u0448-\u0441\u043b\u043e\u0442 \u0431\u0435\u0441\u043f\u043b\u0430\u0442\u043d\u043e\",\"isPartOf\":{\"@id\":\"https:\/\/aviator-slotgame.com\/#website\"},\"datePublished\":\"2024-01-31T12:57:07+00:00\",\"dateModified\":\"2024-10-03T23:16:00+00:00\",\"description\":\"\u0418\u0433\u0440\u0430\u0439 \u0432 \u0434\u0435\u043c\u043e-\u0432\u0435\u0440\u0441\u0438\u044e \u0410\u0432\u0438\u0430\u0442\u043e\u0440 \u0431\u0435\u0441\u043f\u043b\u0430\u0442\u043d\u043e. \u0422\u0440\u0435\u043d\u0438\u0440\u0443\u0439\u0441\u044f \u0431\u0435\u0437 \u0434\u0435\u043d\u0435\u0433 \u0432 \u043a\u0440\u0430\u0448-\u0441\u043b\u043e\u0442\u0435 \u043e\u0442 Spribe \u043f\u0435\u0440\u0435\u0434 \u0438\u0433\u0440\u043e\u0439 \u043d\u0430 \u0440\u0435\u0430\u043b\u044c\u043d\u044b\u0435 \u0434\u0435\u043d\u044c\u0433\u0438 \u0432 \u043e\u043d\u043b\u0430\u0439\u043d \u043a\u0430\u0437\u0438\u043d\u043e.\",\"breadcrumb\":{\"@id\":\"https:\/\/aviator-slotgame.com\/play-for-free\/#breadcrumb\"},\"inLanguage\":\"lt-LT\",\"potentialAction\":[{\"@type\":\"ReadAction\",\"target\":[\"https:\/\/aviator-slotgame.com\/play-for-free\/\"]}]},{\"@type\":\"BreadcrumbList\",\"@id\":\"https:\/\/aviator-slotgame.com\/play-for-free\/#breadcrumb\",\"itemListElement\":[{\"@type\":\"ListItem\",\"position\":1,\"name\":\"Home\",\"item\":\"https:\/\/aviator-slotgame.com\/\"},{\"@type\":\"ListItem\",\"position\":2,\"name\":\"\u041a\u0430\u043a \u0438\u0433\u0440\u0430\u0442\u044c \u0432 \u0434\u0435\u043c\u043e-\u0432\u0435\u0440\u0441\u0438\u044e \u0410\u0432\u0438\u0430\u0442\u043e\u0440\u0430 \u0431\u0435\u0441\u043f\u043b\u0430\u0442\u043d\u043e\"}]},{\"@type\":\"WebSite\",\"@id\":\"https:\/\/aviator-slotgame.com\/#website\",\"url\":\"https:\/\/aviator-slotgame.com\/\",\"name\":\"Aviator\",\"description\":\"\",\"publisher\":{\"@id\":\"https:\/\/aviator-slotgame.com\/#organization\"},\"potentialAction\":[{\"@type\":\"SearchAction\",\"target\":{\"@type\":\"EntryPoint\",\"urlTemplate\":\"https:\/\/aviator-slotgame.com\/?s={search_term_string}\"},\"query-input\":\"required name=search_term_string\"}],\"inLanguage\":\"lt-LT\"},{\"@type\":\"Organization\",\"@id\":\"https:\/\/aviator-slotgame.com\/#organization\",\"name\":\"Aviator\",\"url\":\"https:\/\/aviator-slotgame.com\/\",\"logo\":{\"@type\":\"ImageObject\",\"inLanguage\":\"lt-LT\",\"@id\":\"https:\/\/aviator-slotgame.com\/#\/schema\/logo\/image\/\",\"url\":\"https:\/\/aviator-slotgame.com\/wp-content\/uploads\/16f5e8_dade544d4623411c9c4153c639aae85amv2.webp\",\"contentUrl\":\"https:\/\/aviator-slotgame.com\/wp-content\/uploads\/16f5e8_dade544d4623411c9c4153c639aae85amv2.webp\",\"width\":400,\"height\":300,\"caption\":\"Aviator\"},\"image\":{\"@id\":\"https:\/\/aviator-slotgame.com\/#\/schema\/logo\/image\/\"}}]}<\/script>\n<!-- \/ Yoast SEO plugin. -->","yoast_head_json":{"title":"\u0414\u0435\u043c\u043e-\u0432\u0435\u0440\u0441\u0438\u044f \u0438\u0433\u0440\u044b \u0410\u0432\u0438\u0430\u0442\u043e\u0440 \u2014 \u0418\u0433\u0440\u0430\u0439\u0442\u0435 \u0432 \u043a\u0440\u0430\u0448-\u0441\u043b\u043e\u0442 \u0431\u0435\u0441\u043f\u043b\u0430\u0442\u043d\u043e","description":"\u0418\u0433\u0440\u0430\u0439 \u0432 \u0434\u0435\u043c\u043e-\u0432\u0435\u0440\u0441\u0438\u044e \u0410\u0432\u0438\u0430\u0442\u043e\u0440 \u0431\u0435\u0441\u043f\u043b\u0430\u0442\u043d\u043e. \u0422\u0440\u0435\u043d\u0438\u0440\u0443\u0439\u0441\u044f \u0431\u0435\u0437 \u0434\u0435\u043d\u0435\u0433 \u0432 \u043a\u0440\u0430\u0448-\u0441\u043b\u043e\u0442\u0435 \u043e\u0442 Spribe \u043f\u0435\u0440\u0435\u0434 \u0438\u0433\u0440\u043e\u0439 \u043d\u0430 \u0440\u0435\u0430\u043b\u044c\u043d\u044b\u0435 \u0434\u0435\u043d\u044c\u0433\u0438 \u0432 \u043e\u043d\u043b\u0430\u0439\u043d \u043a\u0430\u0437\u0438\u043d\u043e.","robots":{"index":"index","follow":"follow","max-snippet":"max-snippet:-1","max-image-preview":"max-image-preview:large","max-video-preview":"max-video-preview:-1"},"canonical":"https:\/\/aviator-slotgame.com\/lt\/kaip-zaisti-aviator-demo-nemokamai\/","og_locale":"lt_LT","og_type":"article","og_title":"\u0414\u0435\u043c\u043e-\u0432\u0435\u0440\u0441\u0438\u044f \u0438\u0433\u0440\u044b \u0410\u0432\u0438\u0430\u0442\u043e\u0440 \u2014 \u0418\u0433\u0440\u0430\u0439\u0442\u0435 \u0432 \u043a\u0440\u0430\u0448-\u0441\u043b\u043e\u0442 \u0431\u0435\u0441\u043f\u043b\u0430\u0442\u043d\u043e","og_description":"\u0418\u0433\u0440\u0430\u0439 \u0432 \u0434\u0435\u043c\u043e-\u0432\u0435\u0440\u0441\u0438\u044e \u0410\u0432\u0438\u0430\u0442\u043e\u0440 \u0431\u0435\u0441\u043f\u043b\u0430\u0442\u043d\u043e. \u0422\u0440\u0435\u043d\u0438\u0440\u0443\u0439\u0441\u044f \u0431\u0435\u0437 \u0434\u0435\u043d\u0435\u0433 \u0432 \u043a\u0440\u0430\u0448-\u0441\u043b\u043e\u0442\u0435 \u043e\u0442 Spribe \u043f\u0435\u0440\u0435\u0434 \u0438\u0433\u0440\u043e\u0439 \u043d\u0430 \u0440\u0435\u0430\u043b\u044c\u043d\u044b\u0435 \u0434\u0435\u043d\u044c\u0433\u0438 \u0432 \u043e\u043d\u043b\u0430\u0439\u043d \u043a\u0430\u0437\u0438\u043d\u043e.","og_url":"https:\/\/aviator-slotgame.com\/lt\/kaip-zaisti-aviator-demo-nemokamai\/","og_site_name":"Aviator","article_modified_time":"2024-10-03T23:16:00+00:00","og_image":[{"url":"https:\/\/aviator-slotgame.com\/wp-content\/uploads\/aviator-3.png"}],"twitter_card":"summary_large_image","twitter_misc":{"Est. reading time":"6 minut\u0117s"},"schema":{"@context":"https:\/\/schema.org","@graph":[{"@type":"WebPage","@id":"https:\/\/aviator-slotgame.com\/play-for-free\/","url":"https:\/\/aviator-slotgame.com\/play-for-free\/","name":"\u0414\u0435\u043c\u043e-\u0432\u0435\u0440\u0441\u0438\u044f \u0438\u0433\u0440\u044b \u0410\u0432\u0438\u0430\u0442\u043e\u0440 \u2014 \u0418\u0433\u0440\u0430\u0439\u0442\u0435 \u0432 \u043a\u0440\u0430\u0448-\u0441\u043b\u043e\u0442 \u0431\u0435\u0441\u043f\u043b\u0430\u0442\u043d\u043e","isPartOf":{"@id":"https:\/\/aviator-slotgame.com\/#website"},"datePublished":"2024-01-31T12:57:07+00:00","dateModified":"2024-10-03T23:16:00+00:00","description":"\u0418\u0433\u0440\u0430\u0439 \u0432 \u0434\u0435\u043c\u043e-\u0432\u0435\u0440\u0441\u0438\u044e \u0410\u0432\u0438\u0430\u0442\u043e\u0440 \u0431\u0435\u0441\u043f\u043b\u0430\u0442\u043d\u043e. \u0422\u0440\u0435\u043d\u0438\u0440\u0443\u0439\u0441\u044f \u0431\u0435\u0437 \u0434\u0435\u043d\u0435\u0433 \u0432 \u043a\u0440\u0430\u0448-\u0441\u043b\u043e\u0442\u0435 \u043e\u0442 Spribe \u043f\u0435\u0440\u0435\u0434 \u0438\u0433\u0440\u043e\u0439 \u043d\u0430 \u0440\u0435\u0430\u043b\u044c\u043d\u044b\u0435 \u0434\u0435\u043d\u044c\u0433\u0438 \u0432 \u043e\u043d\u043b\u0430\u0439\u043d \u043a\u0430\u0437\u0438\u043d\u043e.","breadcrumb":{"@id":"https:\/\/aviator-slotgame.com\/play-for-free\/#breadcrumb"},"inLanguage":"lt-LT","potentialAction":[{"@type":"ReadAction","target":["https:\/\/aviator-slotgame.com\/play-for-free\/"]}]},{"@type":"BreadcrumbList","@id":"https:\/\/aviator-slotgame.com\/play-for-free\/#breadcrumb","itemListElement":[{"@type":"ListItem","position":1,"name":"Home","item":"https:\/\/aviator-slotgame.com\/"},{"@type":"ListItem","position":2,"name":"\u041a\u0430\u043a \u0438\u0433\u0440\u0430\u0442\u044c \u0432 \u0434\u0435\u043c\u043e-\u0432\u0435\u0440\u0441\u0438\u044e \u0410\u0432\u0438\u0430\u0442\u043e\u0440\u0430 \u0431\u0435\u0441\u043f\u043b\u0430\u0442\u043d\u043e"}]},{"@type":"WebSite","@id":"https:\/\/aviator-slotgame.com\/#website","url":"https:\/\/aviator-slotgame.com\/","name":"Aviator","description":"","publisher":{"@id":"https:\/\/aviator-slotgame.com\/#organization"},"potentialAction":[{"@type":"SearchAction","target":{"@type":"EntryPoint","urlTemplate":"https:\/\/aviator-slotgame.com\/?s={search_term_string}"},"query-input":"required name=search_term_string"}],"inLanguage":"lt-LT"},{"@type":"Organization","@id":"https:\/\/aviator-slotgame.com\/#organization","name":"Aviator","url":"https:\/\/aviator-slotgame.com\/","logo":{"@type":"ImageObject","inLanguage":"lt-LT","@id":"https:\/\/aviator-slotgame.com\/#\/schema\/logo\/image\/","url":"https:\/\/aviator-slotgame.com\/wp-content\/uploads\/16f5e8_dade544d4623411c9c4153c639aae85amv2.webp","contentUrl":"https:\/\/aviator-slotgame.com\/wp-content\/uploads\/16f5e8_dade544d4623411c9c4153c639aae85amv2.webp","width":400,"height":300,"caption":"Aviator"},"image":{"@id":"https:\/\/aviator-slotgame.com\/#\/schema\/logo\/image\/"}}]}},"amp_enabled":true,"_links":{"self":[{"href":"https:\/\/aviator-slotgame.com\/lt\/wp-json\/wp\/v2\/pages\/26","targetHints":{"allow":["GET"]}}],"collection":[{"href":"https:\/\/aviator-slotgame.com\/lt\/wp-json\/wp\/v2\/pages"}],"about":[{"href":"https:\/\/aviator-slotgame.com\/lt\/wp-json\/wp\/v2\/types\/page"}],"author":[{"embeddable":true,"href":"https:\/\/aviator-slotgame.com\/lt\/wp-json\/wp\/v2\/users\/1"}],"replies":[{"embeddable":true,"href":"https:\/\/aviator-slotgame.com\/lt\/wp-json\/wp\/v2\/comments?post=26"}],"version-history":[{"count":19,"href":"https:\/\/aviator-slotgame.com\/lt\/wp-json\/wp\/v2\/pages\/26\/revisions"}],"predecessor-version":[{"id":412,"href":"https:\/\/aviator-slotgame.com\/lt\/wp-json\/wp\/v2\/pages\/26\/revisions\/412"}],"wp:attachment":[{"href":"https:\/\/aviator-slotgame.com\/lt\/wp-json\/wp\/v2\/media?parent=26"}],"curies":[{"name":"wp","href":"https:\/\/api.w.org\/{rel}","templated":true}]}}