{"id":263,"date":"2024-09-06T14:43:40","date_gmt":"2024-09-06T14:43:40","guid":{"rendered":"https:\/\/aviator-slotgame.com\/?page_id=263"},"modified":"2024-09-08T10:40:25","modified_gmt":"2024-09-08T10:40:25","slug":"aviator","status":"publish","type":"page","link":"https:\/\/aviator-slotgame.com\/lt\/aviator\/","title":{"rendered":"Avarinio lo\u0161imo automato \u017eaidimo taisykl\u0117s, funkcijos ir laim\u0117jimai u\u017e pinigus"},"content":{"rendered":"<div class=\"54c3cc2d7ffa14676369cd5ddf1dd0f9\" data-index=\"1\" style=\"float: none; margin:10px 0 10px 0; text-align:center;\">\n<div class=\"custom-play-button\">\r\n<center><a href=\"https:\/\/aviator-slotgame.com\/lt\/play-game\/\" rel=\"nofollow\" target=\"_blank\">\u017daisti Dabar<\/a><br><\/center>\r\n<\/div>\n<\/div>\n<h1><\/h1>\n<p><img loading=\"lazy\" decoding=\"async\" class=\"alignnone size-full wp-image-264\" src=\"https:\/\/aviator-slotgame.com\/wp-content\/uploads\/Aviator-7-800-x-600-\u043f\u0438\u043a\u0441.jpg\" alt=\"Internetinis lo\u0161imo automatas Aviator \u2013 \u017eaiskite u\u017e tikrus pinigus kazino \" width=\"800\" height=\"600\" srcset=\"https:\/\/aviator-slotgame.com\/wp-content\/uploads\/Aviator-7-800-x-600-\u043f\u0438\u043a\u0441.jpg 800w, https:\/\/aviator-slotgame.com\/wp-content\/uploads\/Aviator-7-800-x-600-\u043f\u0438\u043a\u0441-300x225.jpg 300w, https:\/\/aviator-slotgame.com\/wp-content\/uploads\/Aviator-7-800-x-600-\u043f\u0438\u043a\u0441-768x576.jpg 768w, https:\/\/aviator-slotgame.com\/wp-content\/uploads\/Aviator-7-800-x-600-\u043f\u0438\u043a\u0441-16x12.jpg 16w\" sizes=\"auto, (max-width: 800px) 100vw, 800px\" \/><\/p>\n<h2>Kas yra internetinis avarijos \u017eaidimas \u201eAviator\u201c?<\/h2>\n<p>\u201eAviator\u201c yra vienas i\u0161 populiariausi\u0173 \u017eaidim\u0173, kuriuos suk\u016br\u0117 \u201eSpribe studio\u201c. Naujas produktas \u0161iuolaikin\u0117je rinkoje, sukurtas atsitiktini\u0173 skai\u010di\u0173 generatoriaus pagrindu, \u017eavi \u017eaid\u0117j\u0105 nuo pat prad\u017ei\u0173. Laim\u0117tojas nustatomas atsitiktin\u0117s atrankos b\u016bdu! Tai u\u017etikrina teising\u0105 \u017eaidim\u0105 ir parodo \u017eaid\u0117jui, kad jo statymas nepriklauso nuo \u017eaidimo platformos ar istorijos. \u201eAviator\u201c skiriasi nuo kit\u0173 populiari\u0173 avarij\u0173 \u017eaidim\u0173 savo originaliu \u017eaidimu. \u017daidimas vilioja ir gana paprastomis taisykl\u0117mis bei galimybe u\u017esidirbti reali\u0173 pinig\u0173, tod\u0117l yra populiarus tarp lo\u0161\u0117j\u0173, o ypa\u010d \u2013 tarp l\u0117ktuv\u0173 ir visko, kas susij\u0119 su skraidymu, gerb\u0117j\u0173!<\/p>\n<p>\u017daidimo esm\u0117 yra ta, kad vartotojas turi sugeb\u0117ti i\u0161saugoti savo statym\u0105 prie\u0161 l\u0117ktuvui i\u0161skrendant, taip i\u0161 naujo nustatydamas \u017eaid\u0117jo \u0161ansus \u012f nul\u012f.<\/p>\n<p>\u201eSpribe\u201c yra gerai \u017einoma \u012fmon\u0117, kuri specializuojasi inovatyvi\u0173 internetini\u0173 \u017eaidim\u0173 ir lo\u0161imo platform\u0173 k\u016brime, j\u0173 \u017eaidimai yra populiar\u016bs tarp lo\u0161\u0117j\u0173 visame pasaulyje. \u012emon\u0117 buvo \u012fkurta 2018 metais ir per trump\u0105 laik\u0105 sugeb\u0117jo i\u0161populiar\u0117ti tarp \u017eaid\u0117j\u0173 ir internetini\u0173 kazino operatori\u0173 d\u0117l savo \u012fdomios \u017eaidimo mechanikos ir galimyb\u0117s \u017eaisti tiek i\u0161 pinig\u0173, tiek demonstraciniu re\u017eimu.<\/p><div class=\"54c3cc2d7ffa14676369cd5ddf1dd0f9\" data-index=\"1\" style=\"float: none; margin:10px 0 10px 0; text-align:center;\">\n<div class=\"custom-play-button\">\r\n<center><a href=\"https:\/\/aviator-slotgame.com\/lt\/play-game\/\" rel=\"nofollow\" target=\"_blank\">\u017daisti Dabar<\/a><br><\/center>\r\n<\/div>\n<\/div>\n\n<h2>Internetinio \u017eaidimo \u201eAviator\u201c populiarumo prie\u017eastys<\/h2>\n<p>D\u0117l ko \u201eAviator\u201c \u017eaidimas toks populiarus tarp lo\u0161\u0117j\u0173?<\/p>\n<ol>\n<li>Taisykli\u0173 paprastumas: Aviator \u017eaidimo taisykl\u0117s yra paprastos ir suprantamos, tod\u0117l j\u012f gali pasiekti daugyb\u0117 \u017eaid\u0117j\u0173, nepaisant j\u0173 patirties ir pasirengimo lygio.<\/li>\n<\/ol>\n<p>Demonstracinis re\u017eimas: jei nenorite rizikuoti savo pinigais ir bijote prad\u0117ti, patikrinkite ir i\u0161bandykite save laisvuoju re\u017eimu. J\u016bs neinvestuojate tikr\u0173 pinig\u0173. \u201eFun Mode\u201c leid\u017eia \u017eaid\u0117jams priart\u0117ti prie \u017eaidimo nerizikuojant sutaupyti.<\/p>\n<p>Galimyb\u0117 greitai laim\u0117ti: lo\u0161imo \u017eaidimas \u201eAviator\u201c suteikia galimyb\u0119 greitai laim\u0117ti, o tai pritraukia daugyb\u0119 \u017eaid\u0117j\u0173, ie\u0161kan\u010di\u0173 \u012fsp\u016bd\u017ei\u0173 ir adrenalino.<\/p>\n<p>La\u017eyb\u0173 \u012fvairov\u0117: \u201eAviator\u201c \u017eaidimas si\u016blo \u012fvairius statym\u0173 tipus, tod\u0117l \u017eaid\u0117jai gali pasirinkti jiems tinkant\u012f rizikos lyg\u012f ir galim\u0105 atlyg\u012f.<\/p>\n<p>Galimyb\u0117 \u017eaisti internete: \u017daidimas Aviator yra prieinamas internetiniu formatu, tod\u0117l j\u012f galima \u017eaisti bet kuriuo patogiu metu ir i\u0161 bet kurios pasaulio vietos.<\/p>\n<p>Patogumas ir prieinamumas: internetinis \u017eaidimas Aviator leid\u017eia \u017eaid\u0117jams m\u0117gautis \u012fsp\u016bd\u017eiais tiesiog i\u0161 nam\u0173 ar bet kurios kitos vietos nei\u0161einant i\u0161 nam\u0173. D\u0117l to \u017eaidimas yra patogus ir prieinamas daugeliui \u017eaid\u0117j\u0173.<\/p>\n<p>Premijos ir special\u016bs pasi\u016blymai: daugelis internetini\u0173 kazino, si\u016blan\u010di\u0173 \u017eaidim\u0105 Aviator, da\u017enai si\u016blo \u012fvairias premijas, akcijas ir specialius pasi\u016blymus, kad pritraukt\u0173 naujus \u017eaid\u0117jus ir apdovanot\u0173 nuolatinius. Tai daro \u017eaidim\u0105 dar patrauklesn\u012f.<\/p>\n<p>Grafika ir garso dizainas: \u0160iuolaikiniai internetiniai kazino paprastai si\u016blo auk\u0161tos kokyb\u0117s \u017eaidim\u0173 grafik\u0105 ir garso dizain\u0105, \u012fskaitant \u017eaidim\u0105 Aviator. O dinami\u0161kas ir jaudinantis \u017eaidimo b\u016bdas tikrai neleis \u017eaid\u0117jams nuobod\u017eiauti ir i\u0161laikys susidom\u0117jim\u0105 \u017eaidimu vis\u0105 laik\u0105.<\/p>\n<p>Galimyb\u0117 \u017eaisti mobiliajame telefone: daugelis internetini\u0173 kazino si\u016blo Aviator \u017eaidim\u0105 formatu, kuris yra suderinamas su mobiliaisiais \u012frenginiais, tod\u0117l \u017eaid\u0117jai gali m\u0117gautis \u017eaidimu bet kada ir bet kur. Nepamir\u0161kite \u012fsitikinti, kad turite ger\u0105 interneto ry\u0161\u012f ir pakankamai \u012fkrauti savo mobil\u0173j\u012f \u012frengin\u012f!<\/p>\n<p>&nbsp;<\/p>\n<h2>Aviatoriaus lo\u0161imo taisykl\u0117s<\/h2>\n<p>\u017daidimas turi paprastas ir ai\u0161kias taisykles, kai vartotojas stato u\u017e tam tikr\u0105 rezultat\u0105 ir gali laim\u0117ti savo statym\u0105 padaugin\u0119s i\u0161 koeficiento. Galite \u017eaisti rankiniu re\u017eimu, atlikdami savo statymus, arba automatiniu re\u017eimu, kai \u017eaidimas atlieka statymus u\u017e jus pagal j\u016bs\u0173 nustatytus parametrus.<\/p>\n<h3>\u017daidimo taisykl\u0117s<\/h3>\n<p>Nor\u0117dami prad\u0117ti \u017eaisti Aviator \u017eaidim\u0105, turite atlikti \u0161iuos veiksmus:<\/p>\n<ol>\n<li>Raskite internetin\u012f kazino ar \u017eaidim\u0173 platform\u0105, kurioje si\u016blomas \u017eaidimas \u201eAviator\u201c.<\/li>\n<li>Registruokit\u0117s pasirinktoje platformoje susikurdami paskyr\u0105 ir pateikdami reikiam\u0105 informacij\u0105.<\/li>\n<li>Papildykite savo \u017eaidim\u0173 s\u0105skait\u0105 pinig\u0173, kad gal\u0117tum\u0117te atlikti statymus \u017eaidime.<\/li>\n<li>Platformoje raskite \u017eaidim\u0105 Aviator ir pasirinkite savo statym\u0105.<\/li>\n<li>\u017daidimas prasideda \u017eaid\u0117jui atlikus statym\u0105.<\/li>\n<li>Vadovaukit\u0117s taisykl\u0117mis ir instrukcijomis ekrane ir valdykite \u017eaidimo proces\u0105 spustel\u0117dami atitinkamus mygtukus.<\/li>\n<li>Atlikus statym\u0105, l\u0117ktuvas pradeda jud\u0117ti auk\u0161tyn arba \u017eemyn \u0161ans\u0173 skal\u0117je.<\/li>\n<li>\u017daid\u0117jas gali bet kada spustel\u0117ti mygtuk\u0105 I\u0161siimti, kad baigt\u0173 \u017eaidim\u0105 ir gaut\u0173 laim\u0117jim\u0105, padaugint\u0105 i\u0161 esam\u0173 \u0161ans\u0173, arba t\u0119sti \u017eaidim\u0105 ir laukti, kol padidins laim\u0117jim\u0105, kad i\u0161vengtum\u0117te statymo atstatyti.<\/li>\n<li>Jei \u017eaid\u0117jas nepaspaud\u017eia mygtuko Take Winnings ir l\u0117ktuvas pasiekia \u0161ans\u0173 skal\u0117s pabaig\u0105, statymas atstatomas \u012f nul\u012f ir \u017eaid\u0117jas laim\u0117jimo negauna.<\/li>\n<li>\u017daidimo tikslas yra pasiimti savo laim\u0117jimus tinkamu laiku ir i\u0161vengti, kad j\u016bs\u0173 statymas b\u016bt\u0173 atstatytas \u012f nul\u012f.<\/li>\n<\/ol>\n<p>Nepamir\u0161kite lo\u0161ti atsakingai, statykite tik t\u0105 pinig\u0173 sum\u0105, kuri\u0105 norite prarasti, ir kontroliuokite savo lo\u0161imo veikl\u0105.<\/p>\n<p>Atsi\u017evelgiant \u012f unikali\u0105 orlaivio trajektorij\u0105, \u017eaidimas tampa dar \u012fdomesnis ir \u012fdomesnis \u017eaid\u0117jams. Tuo pa\u010diu metu svarbu b\u016bti atidiems savo statymams ir kontroliuoti savo veiksmus, kad i\u0161laikytum\u0117te azart\u0105 \u017eaisti i\u0161 tikr\u0173 pinig\u0173.<\/p>\n<p>Pagrindin\u0117s internetinio \u017eaidimo \u201eAviator\u201c savyb\u0117s<\/p>\n<table>\n<tbody>\n<tr>\n<td>RTP<\/td>\n<td>96,49%, 96,48%, 95,45%<\/td>\n<\/tr>\n<tr>\n<td>K\u016br\u0117jas<\/td>\n<td>Studija \u201eSpribe\u201c.<\/td>\n<\/tr>\n<tr>\n<td>Nemokami sukimai<\/td>\n<td>Nr<\/td>\n<\/tr>\n<tr>\n<td>Bonuso \u017eaidimas<\/td>\n<td>Nr<\/td>\n<\/tr>\n<tr>\n<td>Minimalus pasi\u016blymas<\/td>\n<td>0,1$<\/td>\n<\/tr>\n<tr>\n<td>Maksimalus statymas<\/td>\n<td>100$<\/td>\n<\/tr>\n<\/tbody>\n<\/table>\n<p>&nbsp;<\/p>\n<h2>Premijos lo\u0161imo \u017eaidime Aviator<\/h2>\n<p>Premijos ir nuolaidos internetiniame \u017eaidime Aviator \u017eaid\u0117jams gali b\u016bti suteikiamos \u012fvairiais b\u016bdais, priklausomai nuo \u017eaidim\u0173 platformos ar kazino.<\/p>\n<p>\u0160tai keletas galim\u0173 premij\u0173 ir nuolaid\u0173, kurios gali b\u016bti prieinamos \u017eaidime Aviator:<\/p>\n<h3>Sveikinimo premijos<\/h3>\n<p>naujiems \u017eaid\u0117jams registruojantis platformoje gali b\u016bti pasi\u016blytos specialios premijos, pavyzd\u017eiui, papildomos s\u0105skaitos l\u0117\u0161os ar nemokami sukimai.<\/p>\n<h3>Ind\u0117li\u0173 premijos<\/h3>\n<p>\u017eaid\u0117jai gali gauti premijas, kai papildys savo \u017eaidim\u0173 s\u0105skait\u0105 tam tikra suma.<\/p>\n<h3>Akcijos<\/h3>\n<p>kazino ar \u017eaidim\u0173 platformos gali vykdyti laikinas akcijas, kurios si\u016blo Aviator \u017eaidimo \u017eaid\u0117jams \u012fvairias premijas ir nuolaidas.<\/p>\n<h3>VIP programos<\/h3>\n<p>Kai kurios platformos gali pasi\u016blyti \u017eaid\u0117jams dalyvauti VIP programose, kuriose galimos papildomos premijos, pinig\u0173 gr\u0105\u017einimas ir kiti privalumai.<\/p>\n<h3>Gryn\u0173j\u0173 pinig\u0173 gr\u0105\u017einimas<\/h3>\n<p>\u017eaid\u0117jai gali tur\u0117ti galimyb\u0119 gauti dal\u012f savo prarast\u0173 l\u0117\u0161\u0173 kaip pinig\u0173 gr\u0105\u017einim\u0105 kaip premij\u0173 programos dal\u012f.<\/p>\n<p>Prie\u0161 dalyvaujant premijose ir nuolaidose \u017eaidime \u201eAviator\u201c, svarbu atid\u017eiai per\u017evelgti s\u0105lygas ir reikalavimus, kad suprastum\u0117te, kaip jie veikia ir ko i\u0161 j\u016bs\u0173 reikalaujama, kad gautum\u0117te visas j\u0173 privalumus.<\/p>\n\n<div style=\"font-size: 0px; height: 0px; line-height: 0px; margin: 0; padding: 0; clear: both;\"><\/div>","protected":false},"excerpt":{"rendered":"<p>Kas yra internetinis avarijos \u017eaidimas Aviator? \u201eAviator\u201c yra vienas i\u0161 populiariausi\u0173 \u017eaidim\u0173, kuriuos suk\u016br\u0117 \u201eSpribe studio\u201c. Naujiena \u0161iuolaikin\u0117je rinkoje,<\/p>","protected":false},"author":1,"featured_media":0,"parent":0,"menu_order":0,"comment_status":"closed","ping_status":"closed","template":"","meta":{"footnotes":""},"class_list":["post-263","page","type-page","status-publish","hentry"],"yoast_head":"<!-- This site is optimized with the Yoast SEO plugin v22.0 - https:\/\/yoast.com\/wordpress\/plugins\/seo\/ -->\n<title>\u041e\u043d\u043b\u0430\u0439\u043d \u0441\u043b\u043e\u0442 \u0410\u0432\u0438\u0430\u0442\u043e\u0440 \u2014 \u0418\u0433\u0440\u0430\u0439 \u043d\u0430 \u0440\u0435\u0430\u043b\u044c\u043d\u044b\u0435 \u0434\u0435\u043d\u044c\u0433\u0438 \u0432 \u043a\u0430\u0437\u0438\u043d\u043e<\/title>\n<meta name=\"description\" content=\"\u0423\u0437\u043d\u0430\u0439\u0442\u0435 \u0432\u0441\u0435 \u043e \u043a\u0440\u0430\u0448-\u0438\u0433\u0440\u0435 \u0410\u0432\u0438\u0430\u0442\u043e\u0440: \u043f\u0440\u0430\u0432\u0438\u043b\u0430, \u0431\u043e\u043d\u0443\u0441\u044b, \u043e\u0441\u043e\u0431\u0435\u043d\u043d\u043e\u0441\u0442\u0438 \u0438 \u0445\u0430\u0440\u0430\u043a\u0442\u0435\u0440\u0438\u0441\u0442\u0438\u043a\u0438 \u0438\u0433\u0440\u044b \u0434\u043b\u044f \u0443\u0432\u0435\u043b\u0438\u0447\u0435\u043d\u0438\u0435 \u043f\u0440\u0438\u0431\u044b\u043b\u0438 \u0432 \u043a\u0430\u0437\u0438\u043d\u043e. \u0418\u0433\u0440\u0430\u0439 \u0432 Aviator \u043e\u0442 Spribe \u0432 \u043e\u043d\u043b\u0430\u0439\u043d\u0435.\" \/>\n<meta name=\"robots\" content=\"index, follow, max-snippet:-1, max-image-preview:large, max-video-preview:-1\" \/>\n<link rel=\"canonical\" href=\"https:\/\/aviator-slotgame.com\/lt\/aviator\/\" \/>\n<meta property=\"og:locale\" content=\"lt_LT\" \/>\n<meta property=\"og:type\" content=\"article\" \/>\n<meta property=\"og:title\" content=\"\u041e\u043d\u043b\u0430\u0439\u043d \u0441\u043b\u043e\u0442 \u0410\u0432\u0438\u0430\u0442\u043e\u0440 \u2014 \u0418\u0433\u0440\u0430\u0439 \u043d\u0430 \u0440\u0435\u0430\u043b\u044c\u043d\u044b\u0435 \u0434\u0435\u043d\u044c\u0433\u0438 \u0432 \u043a\u0430\u0437\u0438\u043d\u043e\" \/>\n<meta property=\"og:description\" content=\"\u0423\u0437\u043d\u0430\u0439\u0442\u0435 \u0432\u0441\u0435 \u043e \u043a\u0440\u0430\u0448-\u0438\u0433\u0440\u0435 \u0410\u0432\u0438\u0430\u0442\u043e\u0440: \u043f\u0440\u0430\u0432\u0438\u043b\u0430, \u0431\u043e\u043d\u0443\u0441\u044b, \u043e\u0441\u043e\u0431\u0435\u043d\u043d\u043e\u0441\u0442\u0438 \u0438 \u0445\u0430\u0440\u0430\u043a\u0442\u0435\u0440\u0438\u0441\u0442\u0438\u043a\u0438 \u0438\u0433\u0440\u044b \u0434\u043b\u044f \u0443\u0432\u0435\u043b\u0438\u0447\u0435\u043d\u0438\u0435 \u043f\u0440\u0438\u0431\u044b\u043b\u0438 \u0432 \u043a\u0430\u0437\u0438\u043d\u043e. \u0418\u0433\u0440\u0430\u0439 \u0432 Aviator \u043e\u0442 Spribe \u0432 \u043e\u043d\u043b\u0430\u0439\u043d\u0435.\" \/>\n<meta property=\"og:url\" content=\"https:\/\/aviator-slotgame.com\/lt\/aviator\/\" \/>\n<meta property=\"og:site_name\" content=\"Aviator\" \/>\n<meta property=\"article:modified_time\" content=\"2024-09-08T10:40:25+00:00\" \/>\n<meta name=\"twitter:card\" content=\"summary_large_image\" \/>\n<meta name=\"twitter:label1\" content=\"Est. reading time\" \/>\n\t<meta name=\"twitter:data1\" content=\"5 minut\u0117s\" \/>\n<script type=\"application\/ld+json\" class=\"yoast-schema-graph\">{\"@context\":\"https:\/\/schema.org\",\"@graph\":[{\"@type\":\"WebPage\",\"@id\":\"https:\/\/aviator-slotgame.com\/aviator\/\",\"url\":\"https:\/\/aviator-slotgame.com\/aviator\/\",\"name\":\"\u041e\u043d\u043b\u0430\u0439\u043d \u0441\u043b\u043e\u0442 \u0410\u0432\u0438\u0430\u0442\u043e\u0440 \u2014 \u0418\u0433\u0440\u0430\u0439 \u043d\u0430 \u0440\u0435\u0430\u043b\u044c\u043d\u044b\u0435 \u0434\u0435\u043d\u044c\u0433\u0438 \u0432 \u043a\u0430\u0437\u0438\u043d\u043e\",\"isPartOf\":{\"@id\":\"https:\/\/aviator-slotgame.com\/#website\"},\"datePublished\":\"2024-09-06T14:43:40+00:00\",\"dateModified\":\"2024-09-08T10:40:25+00:00\",\"description\":\"\u0423\u0437\u043d\u0430\u0439\u0442\u0435 \u0432\u0441\u0435 \u043e \u043a\u0440\u0430\u0448-\u0438\u0433\u0440\u0435 \u0410\u0432\u0438\u0430\u0442\u043e\u0440: \u043f\u0440\u0430\u0432\u0438\u043b\u0430, \u0431\u043e\u043d\u0443\u0441\u044b, \u043e\u0441\u043e\u0431\u0435\u043d\u043d\u043e\u0441\u0442\u0438 \u0438 \u0445\u0430\u0440\u0430\u043a\u0442\u0435\u0440\u0438\u0441\u0442\u0438\u043a\u0438 \u0438\u0433\u0440\u044b \u0434\u043b\u044f \u0443\u0432\u0435\u043b\u0438\u0447\u0435\u043d\u0438\u0435 \u043f\u0440\u0438\u0431\u044b\u043b\u0438 \u0432 \u043a\u0430\u0437\u0438\u043d\u043e. \u0418\u0433\u0440\u0430\u0439 \u0432 Aviator \u043e\u0442 Spribe \u0432 \u043e\u043d\u043b\u0430\u0439\u043d\u0435.\",\"breadcrumb\":{\"@id\":\"https:\/\/aviator-slotgame.com\/aviator\/#breadcrumb\"},\"inLanguage\":\"lt-LT\",\"potentialAction\":[{\"@type\":\"ReadAction\",\"target\":[\"https:\/\/aviator-slotgame.com\/aviator\/\"]}]},{\"@type\":\"BreadcrumbList\",\"@id\":\"https:\/\/aviator-slotgame.com\/aviator\/#breadcrumb\",\"itemListElement\":[{\"@type\":\"ListItem\",\"position\":1,\"name\":\"Home\",\"item\":\"https:\/\/aviator-slotgame.com\/\"},{\"@type\":\"ListItem\",\"position\":2,\"name\":\"\u041f\u0440\u0430\u0432\u0438\u043b\u0430,\u043e\u0441\u043e\u0431\u0435\u043d\u043e\u0441\u0442\u0438 \u0438 \u0432\u044b\u0438\u0433\u0440\u044b\u0448\u0438 \u0432 \u043a\u0440\u0430\u0448-\u0441\u043b\u043e\u0442 \u0438\u0433\u0440\u0435 \u043d\u0430 \u0434\u0435\u043d\u044c\u0433\u0438\"}]},{\"@type\":\"WebSite\",\"@id\":\"https:\/\/aviator-slotgame.com\/#website\",\"url\":\"https:\/\/aviator-slotgame.com\/\",\"name\":\"Aviator\",\"description\":\"\",\"publisher\":{\"@id\":\"https:\/\/aviator-slotgame.com\/#organization\"},\"potentialAction\":[{\"@type\":\"SearchAction\",\"target\":{\"@type\":\"EntryPoint\",\"urlTemplate\":\"https:\/\/aviator-slotgame.com\/?s={search_term_string}\"},\"query-input\":\"required name=search_term_string\"}],\"inLanguage\":\"lt-LT\"},{\"@type\":\"Organization\",\"@id\":\"https:\/\/aviator-slotgame.com\/#organization\",\"name\":\"Aviator\",\"url\":\"https:\/\/aviator-slotgame.com\/\",\"logo\":{\"@type\":\"ImageObject\",\"inLanguage\":\"lt-LT\",\"@id\":\"https:\/\/aviator-slotgame.com\/#\/schema\/logo\/image\/\",\"url\":\"https:\/\/aviator-slotgame.com\/wp-content\/uploads\/16f5e8_dade544d4623411c9c4153c639aae85amv2.webp\",\"contentUrl\":\"https:\/\/aviator-slotgame.com\/wp-content\/uploads\/16f5e8_dade544d4623411c9c4153c639aae85amv2.webp\",\"width\":400,\"height\":300,\"caption\":\"Aviator\"},\"image\":{\"@id\":\"https:\/\/aviator-slotgame.com\/#\/schema\/logo\/image\/\"}}]}<\/script>\n<!-- \/ Yoast SEO plugin. -->","yoast_head_json":{"title":"\u041e\u043d\u043b\u0430\u0439\u043d \u0441\u043b\u043e\u0442 \u0410\u0432\u0438\u0430\u0442\u043e\u0440 \u2014 \u0418\u0433\u0440\u0430\u0439 \u043d\u0430 \u0440\u0435\u0430\u043b\u044c\u043d\u044b\u0435 \u0434\u0435\u043d\u044c\u0433\u0438 \u0432 \u043a\u0430\u0437\u0438\u043d\u043e","description":"\u0423\u0437\u043d\u0430\u0439\u0442\u0435 \u0432\u0441\u0435 \u043e \u043a\u0440\u0430\u0448-\u0438\u0433\u0440\u0435 \u0410\u0432\u0438\u0430\u0442\u043e\u0440: \u043f\u0440\u0430\u0432\u0438\u043b\u0430, \u0431\u043e\u043d\u0443\u0441\u044b, \u043e\u0441\u043e\u0431\u0435\u043d\u043d\u043e\u0441\u0442\u0438 \u0438 \u0445\u0430\u0440\u0430\u043a\u0442\u0435\u0440\u0438\u0441\u0442\u0438\u043a\u0438 \u0438\u0433\u0440\u044b \u0434\u043b\u044f \u0443\u0432\u0435\u043b\u0438\u0447\u0435\u043d\u0438\u0435 \u043f\u0440\u0438\u0431\u044b\u043b\u0438 \u0432 \u043a\u0430\u0437\u0438\u043d\u043e. \u0418\u0433\u0440\u0430\u0439 \u0432 Aviator \u043e\u0442 Spribe \u0432 \u043e\u043d\u043b\u0430\u0439\u043d\u0435.","robots":{"index":"index","follow":"follow","max-snippet":"max-snippet:-1","max-image-preview":"max-image-preview:large","max-video-preview":"max-video-preview:-1"},"canonical":"https:\/\/aviator-slotgame.com\/lt\/aviator\/","og_locale":"lt_LT","og_type":"article","og_title":"\u041e\u043d\u043b\u0430\u0439\u043d \u0441\u043b\u043e\u0442 \u0410\u0432\u0438\u0430\u0442\u043e\u0440 \u2014 \u0418\u0433\u0440\u0430\u0439 \u043d\u0430 \u0440\u0435\u0430\u043b\u044c\u043d\u044b\u0435 \u0434\u0435\u043d\u044c\u0433\u0438 \u0432 \u043a\u0430\u0437\u0438\u043d\u043e","og_description":"\u0423\u0437\u043d\u0430\u0439\u0442\u0435 \u0432\u0441\u0435 \u043e \u043a\u0440\u0430\u0448-\u0438\u0433\u0440\u0435 \u0410\u0432\u0438\u0430\u0442\u043e\u0440: \u043f\u0440\u0430\u0432\u0438\u043b\u0430, \u0431\u043e\u043d\u0443\u0441\u044b, \u043e\u0441\u043e\u0431\u0435\u043d\u043d\u043e\u0441\u0442\u0438 \u0438 \u0445\u0430\u0440\u0430\u043a\u0442\u0435\u0440\u0438\u0441\u0442\u0438\u043a\u0438 \u0438\u0433\u0440\u044b \u0434\u043b\u044f \u0443\u0432\u0435\u043b\u0438\u0447\u0435\u043d\u0438\u0435 \u043f\u0440\u0438\u0431\u044b\u043b\u0438 \u0432 \u043a\u0430\u0437\u0438\u043d\u043e. \u0418\u0433\u0440\u0430\u0439 \u0432 Aviator \u043e\u0442 Spribe \u0432 \u043e\u043d\u043b\u0430\u0439\u043d\u0435.","og_url":"https:\/\/aviator-slotgame.com\/lt\/aviator\/","og_site_name":"Aviator","article_modified_time":"2024-09-08T10:40:25+00:00","twitter_card":"summary_large_image","twitter_misc":{"Est. reading time":"5 minut\u0117s"},"schema":{"@context":"https:\/\/schema.org","@graph":[{"@type":"WebPage","@id":"https:\/\/aviator-slotgame.com\/aviator\/","url":"https:\/\/aviator-slotgame.com\/aviator\/","name":"\u041e\u043d\u043b\u0430\u0439\u043d \u0441\u043b\u043e\u0442 \u0410\u0432\u0438\u0430\u0442\u043e\u0440 \u2014 \u0418\u0433\u0440\u0430\u0439 \u043d\u0430 \u0440\u0435\u0430\u043b\u044c\u043d\u044b\u0435 \u0434\u0435\u043d\u044c\u0433\u0438 \u0432 \u043a\u0430\u0437\u0438\u043d\u043e","isPartOf":{"@id":"https:\/\/aviator-slotgame.com\/#website"},"datePublished":"2024-09-06T14:43:40+00:00","dateModified":"2024-09-08T10:40:25+00:00","description":"\u0423\u0437\u043d\u0430\u0439\u0442\u0435 \u0432\u0441\u0435 \u043e \u043a\u0440\u0430\u0448-\u0438\u0433\u0440\u0435 \u0410\u0432\u0438\u0430\u0442\u043e\u0440: \u043f\u0440\u0430\u0432\u0438\u043b\u0430, \u0431\u043e\u043d\u0443\u0441\u044b, \u043e\u0441\u043e\u0431\u0435\u043d\u043d\u043e\u0441\u0442\u0438 \u0438 \u0445\u0430\u0440\u0430\u043a\u0442\u0435\u0440\u0438\u0441\u0442\u0438\u043a\u0438 \u0438\u0433\u0440\u044b \u0434\u043b\u044f \u0443\u0432\u0435\u043b\u0438\u0447\u0435\u043d\u0438\u0435 \u043f\u0440\u0438\u0431\u044b\u043b\u0438 \u0432 \u043a\u0430\u0437\u0438\u043d\u043e. \u0418\u0433\u0440\u0430\u0439 \u0432 Aviator \u043e\u0442 Spribe \u0432 \u043e\u043d\u043b\u0430\u0439\u043d\u0435.","breadcrumb":{"@id":"https:\/\/aviator-slotgame.com\/aviator\/#breadcrumb"},"inLanguage":"lt-LT","potentialAction":[{"@type":"ReadAction","target":["https:\/\/aviator-slotgame.com\/aviator\/"]}]},{"@type":"BreadcrumbList","@id":"https:\/\/aviator-slotgame.com\/aviator\/#breadcrumb","itemListElement":[{"@type":"ListItem","position":1,"name":"Home","item":"https:\/\/aviator-slotgame.com\/"},{"@type":"ListItem","position":2,"name":"\u041f\u0440\u0430\u0432\u0438\u043b\u0430,\u043e\u0441\u043e\u0431\u0435\u043d\u043e\u0441\u0442\u0438 \u0438 \u0432\u044b\u0438\u0433\u0440\u044b\u0448\u0438 \u0432 \u043a\u0440\u0430\u0448-\u0441\u043b\u043e\u0442 \u0438\u0433\u0440\u0435 \u043d\u0430 \u0434\u0435\u043d\u044c\u0433\u0438"}]},{"@type":"WebSite","@id":"https:\/\/aviator-slotgame.com\/#website","url":"https:\/\/aviator-slotgame.com\/","name":"Aviator","description":"","publisher":{"@id":"https:\/\/aviator-slotgame.com\/#organization"},"potentialAction":[{"@type":"SearchAction","target":{"@type":"EntryPoint","urlTemplate":"https:\/\/aviator-slotgame.com\/?s={search_term_string}"},"query-input":"required name=search_term_string"}],"inLanguage":"lt-LT"},{"@type":"Organization","@id":"https:\/\/aviator-slotgame.com\/#organization","name":"Aviator","url":"https:\/\/aviator-slotgame.com\/","logo":{"@type":"ImageObject","inLanguage":"lt-LT","@id":"https:\/\/aviator-slotgame.com\/#\/schema\/logo\/image\/","url":"https:\/\/aviator-slotgame.com\/wp-content\/uploads\/16f5e8_dade544d4623411c9c4153c639aae85amv2.webp","contentUrl":"https:\/\/aviator-slotgame.com\/wp-content\/uploads\/16f5e8_dade544d4623411c9c4153c639aae85amv2.webp","width":400,"height":300,"caption":"Aviator"},"image":{"@id":"https:\/\/aviator-slotgame.com\/#\/schema\/logo\/image\/"}}]}},"amp_enabled":true,"_links":{"self":[{"href":"https:\/\/aviator-slotgame.com\/lt\/wp-json\/wp\/v2\/pages\/263","targetHints":{"allow":["GET"]}}],"collection":[{"href":"https:\/\/aviator-slotgame.com\/lt\/wp-json\/wp\/v2\/pages"}],"about":[{"href":"https:\/\/aviator-slotgame.com\/lt\/wp-json\/wp\/v2\/types\/page"}],"author":[{"embeddable":true,"href":"https:\/\/aviator-slotgame.com\/lt\/wp-json\/wp\/v2\/users\/1"}],"replies":[{"embeddable":true,"href":"https:\/\/aviator-slotgame.com\/lt\/wp-json\/wp\/v2\/comments?post=263"}],"version-history":[{"count":4,"href":"https:\/\/aviator-slotgame.com\/lt\/wp-json\/wp\/v2\/pages\/263\/revisions"}],"predecessor-version":[{"id":287,"href":"https:\/\/aviator-slotgame.com\/lt\/wp-json\/wp\/v2\/pages\/263\/revisions\/287"}],"wp:attachment":[{"href":"https:\/\/aviator-slotgame.com\/lt\/wp-json\/wp\/v2\/media?parent=263"}],"curies":[{"name":"wp","href":"https:\/\/api.w.org\/{rel}","templated":true}]}}