{"id":29,"date":"2024-01-31T12:59:48","date_gmt":"2024-01-31T12:59:48","guid":{"rendered":"https:\/\/aviator-slotgame.com\/?page_id=29"},"modified":"2024-10-04T00:04:28","modified_gmt":"2024-10-04T00:04:28","slug":"aviator-by-spribe","status":"publish","type":"page","link":"https:\/\/aviator-slotgame.com\/lt\/internetiniai-kazino-su-aviator-is-spribe\/","title":{"rendered":"Internetinis kazino su Aviator i\u0161 Spribe"},"content":{"rendered":"<div class=\"54c3cc2d7ffa14676369cd5ddf1dd0f9\" data-index=\"1\" style=\"float: none; margin:10px 0 10px 0; text-align:center;\">\n<div class=\"custom-play-button\">\r\n<center><a href=\"https:\/\/aviator-slotgame.com\/lt\/play-game\/\" rel=\"nofollow\" target=\"_blank\">\u017daisti Dabar<\/a><br><\/center>\r\n<\/div>\n<\/div>\n<p>Ar ie\u0161kote internetini\u0173 kazino, si\u016blan\u010di\u0173 \u201eAviator\u201c? J\u016bs at\u0117jote \u012f reikiam\u0105 viet\u0105!<\/p>\n<p>\u017daisti internetiniame kazino gali b\u016bti \u012fdomi ir smagi patirtis. \u201eAviator\u201c pasi\u017eymi skland\u017eiu \u017eaidimu, puikia grafika ir premijomis. Geriausiuose internetiniuose kazino, kurie si\u016blo \u0161\u012f \u017eaidim\u0105, galite tik\u0117tis lengvo \u012fne\u0161imo ir i\u0161\u0117mimo, saugi\u0173 \u017eaidimo s\u0105lyg\u0173, vis\u0105 par\u0105 veikian\u010dios klient\u0173 aptarnavimo ir daugyb\u0117s \u017eaidim\u0173 pasirinkimo.<\/p>\n<p>\u017daid\u017eiant internetiniame kazino u\u017e tikrus pinigus ar kriptovaliut\u0105, svarbu \u012fsitikinti, ar internetinis kazino yra patikimas. Pad\u0117sime jums nuspr\u0119sti, kuris internetinis kazino geriausiai atitinka j\u016bs\u0173 Aviator poreikius. Vadovaudamiesi \u0161iuo vadovu, nesunkiai rasite internetinius kazino, kuriuose si\u016bloma Aviator, ir i\u0161kart gal\u0117site m\u0117gautis puikiais internetiniais \u017eaidimais!<\/p>\n<p><img loading=\"lazy\" decoding=\"async\" class=\"alignnone size-full wp-image-209\" title=\"\u201eSpribe\u201c aviatorius\" src=\"https:\/\/aviator-slotgame.com\/wp-content\/uploads\/aviator-2.png\" alt=\"\u201eSpribe\u201c aviatorius\" width=\"800\" height=\"445\" srcset=\"https:\/\/aviator-slotgame.com\/wp-content\/uploads\/aviator-2.png 800w, https:\/\/aviator-slotgame.com\/wp-content\/uploads\/aviator-2-300x167.png 300w, https:\/\/aviator-slotgame.com\/wp-content\/uploads\/aviator-2-768x427.png 768w, https:\/\/aviator-slotgame.com\/wp-content\/uploads\/aviator-2-18x10.png 18w\" sizes=\"auto, (max-width: 800px) 100vw, 800px\" \/><\/p><div class=\"54c3cc2d7ffa14676369cd5ddf1dd0f9\" data-index=\"1\" style=\"float: none; margin:10px 0 10px 0; text-align:center;\">\n<div class=\"custom-play-button\">\r\n<center><a href=\"https:\/\/aviator-slotgame.com\/lt\/play-game\/\" rel=\"nofollow\" target=\"_blank\">\u017daisti Dabar<\/a><br><\/center>\r\n<\/div>\n<\/div>\n\n<h2>Internetinio kazino pasirinkimas \u017eaisti Aviator<\/h2>\n<p>Pateikiame s\u0105ra\u0161\u0105 klausim\u0173, \u012f kuriuos reikia atsi\u017evelgti renkantis kazino svetain\u0119:<\/p>\n<ul>\n<li>Ar svetain\u0117 turi ger\u0105 reputacij\u0105 tarp \u017eaid\u0117j\u0173?<\/li>\n<li>Ar Aviator galima rasti \u0161ioje svetain\u0117je?<\/li>\n<li>Ar \u0161is kazino turi licencij\u0105 veikti j\u016bs\u0173 \u0161alyje?<\/li>\n<li>Ar internetinis kazino priima j\u016bs\u0173 pageidaujam\u0105 valiut\u0105?<\/li>\n<li>Jei norite naudoti kriptovaliut\u0105, ar jie priima j\u016bs\u0173 m\u0117gstam\u0105 monet\u0105?<\/li>\n<li>Kokias pasveikinimo premijas gali gauti nauji internetinio kazino \u017eaid\u0117jai?<\/li>\n<\/ul>\n<h3>Geriausios pasveikinimo premijos \u017eaid\u0117jams aviatoriams<\/h3>\n<p>Geriausia kazino pasveikinimo premija pasi\u016blys naujiems \u017eaid\u0117jams pirmojo \u012fna\u0161o metu atitinkant\u012f kredit\u0105 svetain\u0117je, taip pat nemokam\u0173 sukim\u0173 paket\u0105! Prie\u0161 registruodamiesi b\u016btinai perskaitykite internetinio kazino s\u0105lygas.<\/p>\n<p>Galiausiai, nepamir\u0161kite linksmintis! \u017daisti internetiniame kazino tur\u0117t\u0173 b\u016bti smagu. Neskub\u0117kite, atlikite kelis bandomuosius va\u017eiavimus ir m\u0117gaukit\u0117s \u017eaidimo \u201eAviator\u201c \u012fsp\u016bd\u017eiais! S\u0117km\u0117s!<\/p>\n<table>\n<tbody>\n<tr>\n<td><strong>SVEIKI PASI\u016aLYMAI BONUSAI<\/strong><\/td>\n<\/tr>\n<tr>\n<td><strong>Pirmojo ind\u0117lio paskola<\/strong><\/td>\n<td>150% arba naujesn\u0117<\/td>\n<\/tr>\n<tr>\n<td><strong>Maksimali premija<\/strong><\/td>\n<td>Ne ma\u017eiau kaip 25 000 rupij\u0173<\/td>\n<\/tr>\n<tr>\n<td><strong>Nemokami sukimai<\/strong><\/td>\n<td>150+ nemokam\u0173 sukim\u0173<\/td>\n<\/tr>\n<\/tbody>\n<\/table>\n<p><img loading=\"lazy\" decoding=\"async\" class=\"alignnone size-full wp-image-363\" src=\"https:\/\/aviator-slotgame.com\/wp-content\/uploads\/Aviator-32-800-x-600-\u043f\u0438\u043a\u0441.jpg\" alt=\"Internetinis kazino \u017eaidime Aviator\" width=\"800\" height=\"600\" srcset=\"https:\/\/aviator-slotgame.com\/wp-content\/uploads\/Aviator-32-800-x-600-\u043f\u0438\u043a\u0441.jpg 800w, https:\/\/aviator-slotgame.com\/wp-content\/uploads\/Aviator-32-800-x-600-\u043f\u0438\u043a\u0441-300x225.jpg 300w, https:\/\/aviator-slotgame.com\/wp-content\/uploads\/Aviator-32-800-x-600-\u043f\u0438\u043a\u0441-768x576.jpg 768w, https:\/\/aviator-slotgame.com\/wp-content\/uploads\/Aviator-32-800-x-600-\u043f\u0438\u043a\u0441-16x12.jpg 16w\" sizes=\"auto, (max-width: 800px) 100vw, 800px\" \/><\/p>\n<h2 id=\"h-online-cryptocurrency-casinos\">Kriptovaliutos internetiniai kazino<\/h2>\n<p>Pradinis \u201eAviator\u201c populiarumas kilo i\u0161 kriptovaliut\u0173 kazino pasaulio. D\u0117l \u017eemo nam\u0173 prana\u0161umo ir greito \u017eaidimo tempo jis tapo m\u0117gstamiausiu tarp kriptovaliut\u0173 lo\u0161\u0117j\u0173 visame pasaulyje. Be to, d\u0117l socialinio keli\u0173 \u017eaid\u0117j\u0173 ir konkurencini\u0173 aspekt\u0173 \u017eaidimas puikiai tinka kriptovaliut\u0173 bendruomen\u0117ms.<\/p>\n<p>Jei ie\u0161kote internetinio kazino, palaikan\u010dio kriptovaliut\u0105, reikia atsiminti kelet\u0105 dalyk\u0173.<\/p>\n<figure class=\"wp-block-table\">\n<table>\n<tbody>\n<tr>\n<td><strong>KAZINUOSE PADARIAUSIOS KRIPTOVALIUTOS<\/strong><\/td>\n<\/tr>\n<tr>\n<td><strong>Bitcoin (BTC)<\/strong><\/td>\n<\/tr>\n<tr>\n<td><strong>Ethereum (ETH)<\/strong><\/td>\n<\/tr>\n<tr>\n<td><strong>Bitcoin Cash (BCH)<\/strong><\/td>\n<\/tr>\n<tr>\n<td><strong>Litecoin (LTC)<\/strong><\/td>\n<\/tr>\n<tr>\n<td><strong>Dogecoin (DOGE)<\/strong><\/td>\n<\/tr>\n<\/tbody>\n<\/table>\n<\/figure>\n<p><img loading=\"lazy\" decoding=\"async\" class=\"alignnone size-full wp-image-356\" src=\"https:\/\/aviator-slotgame.com\/wp-content\/uploads\/Aviator-29-800-x-600-\u043f\u0438\u043a\u0441-1.jpg\" alt=\"Mok\u0117jimas kriptovaliuta internetiniuose kazino\" width=\"800\" height=\"600\" srcset=\"https:\/\/aviator-slotgame.com\/wp-content\/uploads\/Aviator-29-800-x-600-\u043f\u0438\u043a\u0441-1.jpg 800w, https:\/\/aviator-slotgame.com\/wp-content\/uploads\/Aviator-29-800-x-600-\u043f\u0438\u043a\u0441-1-300x225.jpg 300w, https:\/\/aviator-slotgame.com\/wp-content\/uploads\/Aviator-29-800-x-600-\u043f\u0438\u043a\u0441-1-768x576.jpg 768w, https:\/\/aviator-slotgame.com\/wp-content\/uploads\/Aviator-29-800-x-600-\u043f\u0438\u043a\u0441-1-16x12.jpg 16w\" sizes=\"auto, (max-width: 800px) 100vw, 800px\" \/><\/p>\n<h2 id=\"h-the-social-experience\">Socialin\u0117 patirtis<\/h2>\n<p>Naudodami \u201eAviator\u201c galite kalb\u0117tis su kitais \u017eaid\u0117jais realiuoju laiku, nusistatyti savo profilio nuotrauk\u0105, per\u017ei\u016br\u0117ti vienas kito statymus ir parodyti did\u017eiausius savo laim\u0117jimus! Ir visa tai internete!<\/p>\n<p>Nedaug \u017eaidim\u0173, pana\u0161i\u0173 \u012f lo\u0161imo automatus, suteikia \u017eaid\u0117jams galimyb\u0119 bendrauti ir sekti vienas kito statymus, kaip tai daro \u201eAviator\u201c. Interneto keli\u0173 \u017eaid\u0117j\u0173 \u017eaidimo jausmas yra retas kazino pasaulyje, kur \u017emon\u0117s da\u017enai b\u016bna izoliuoti, vieni sukasi m\u0117gstamus b\u016bgnus. \u012eprastame kazino galite b\u016bti vieni\u0161as, ta\u010diau svetain\u0117se tai 100 kart\u0173 lengviau.<\/p>\n<p><img loading=\"lazy\" decoding=\"async\" class=\"alignnone size-full wp-image-365\" src=\"https:\/\/aviator-slotgame.com\/wp-content\/uploads\/Aviator-33-800-x-600-\u043f\u0438\u043a\u0441.jpg\" alt=\"Socialin\u0117 patirtis aviatoriuje\" width=\"800\" height=\"600\" srcset=\"https:\/\/aviator-slotgame.com\/wp-content\/uploads\/Aviator-33-800-x-600-\u043f\u0438\u043a\u0441.jpg 800w, https:\/\/aviator-slotgame.com\/wp-content\/uploads\/Aviator-33-800-x-600-\u043f\u0438\u043a\u0441-300x225.jpg 300w, https:\/\/aviator-slotgame.com\/wp-content\/uploads\/Aviator-33-800-x-600-\u043f\u0438\u043a\u0441-768x576.jpg 768w, https:\/\/aviator-slotgame.com\/wp-content\/uploads\/Aviator-33-800-x-600-\u043f\u0438\u043a\u0441-16x12.jpg 16w\" sizes=\"auto, (max-width: 800px) 100vw, 800px\" \/><\/p>\n<h2 id=\"h-aviator-mobile-devices\">Aviator mobilieji \u012frenginiai<\/h2>\n<p>Jei j\u016bs\u0173 m\u0117gstamiausia kazino svetain\u0117 si\u016blo mobili\u0105j\u0105 savo svetain\u0117s versij\u0105 arba speciali\u0105 program\u0105, galite \u017eaisti \u201eAviator\u201c internetu i\u0161 bet kurios mobiliojo ry\u0161io paslaugos. Galb\u016bt esate papl\u016bdimyje ar ant sofos. O gal stovite eil\u0117je rytin\u0117s kavos ir norite la\u017eintis d\u0117l keli\u0173 skryd\u017ei\u0173, kol laukiate.<\/p>\n<p>Tai puiki \u017einia, jei \u017eaid\u017eiate Aviator \u2013 \u017eaidimas optimizuotas i\u0161mani\u0173j\u0173 telefon\u0173 ekranams ir puikiai \u017eaid\u017eia tiek Android, tiek iOS operacin\u0117se sistemose. Patogi\u0173 valdikli\u0173 d\u0117ka galite lengvai atlikti statym\u0105, spustel\u0117ti mygtuk\u0105 \u201eI\u0161siimti\u201c ir atsiimti laim\u0117jim\u0105 i\u0161 bet kurios vietos!<\/p>\n<p><img loading=\"lazy\" decoding=\"async\" class=\"alignnone size-full wp-image-367\" src=\"https:\/\/aviator-slotgame.com\/wp-content\/uploads\/Aviator-34-800-x-600-\u043f\u0438\u043a\u0441.jpg\" alt=\"\u017daisti Aviator telefone\" width=\"800\" height=\"600\" srcset=\"https:\/\/aviator-slotgame.com\/wp-content\/uploads\/Aviator-34-800-x-600-\u043f\u0438\u043a\u0441.jpg 800w, https:\/\/aviator-slotgame.com\/wp-content\/uploads\/Aviator-34-800-x-600-\u043f\u0438\u043a\u0441-300x225.jpg 300w, https:\/\/aviator-slotgame.com\/wp-content\/uploads\/Aviator-34-800-x-600-\u043f\u0438\u043a\u0441-768x576.jpg 768w, https:\/\/aviator-slotgame.com\/wp-content\/uploads\/Aviator-34-800-x-600-\u043f\u0438\u043a\u0441-16x12.jpg 16w\" sizes=\"auto, (max-width: 800px) 100vw, 800px\" \/><\/p>\n<h2 id=\"h-the-bottom-line\">Apatin\u0117 eilut\u0117<\/h2>\n<p>Jei ie\u0161kote \u012fdomaus ir naujo internetinio kazino, ie\u0161kokite \u201eAviator by Spribe\u201c. D\u0117l ma\u017e\u0173 statym\u0173 ir lengvai i\u0161mokstam\u0173 taisykli\u0173 \u0161is kazino turi ka\u017ek\u0105 kiekvienam. Be to, tur\u0117damas socialin\u012f aspekt\u0105 ir kriptovaliut\u0173 palaikym\u0105, \u201eAviator\u201c gali pakelti j\u016bs\u0173 internetin\u012f jaudul\u012f \u012f kit\u0105 lyg\u012f! Ko lauki? I\u0161bandykite \u0161iandien ir su\u017einokite, kod\u0117l tai vienas kar\u0161\u010diausi\u0173 nauj\u0173 \u017eaidim\u0173 mieste!<\/p>\n<p>Gero skryd\u017eio!<\/p>\n<p><img loading=\"lazy\" decoding=\"async\" class=\"alignnone size-full wp-image-369\" src=\"https:\/\/aviator-slotgame.com\/wp-content\/uploads\/Aviator-35-800-x-600-\u043f\u0438\u043a\u0441.jpg\" alt=\"Rezultatai\" width=\"800\" height=\"600\" srcset=\"https:\/\/aviator-slotgame.com\/wp-content\/uploads\/Aviator-35-800-x-600-\u043f\u0438\u043a\u0441.jpg 800w, https:\/\/aviator-slotgame.com\/wp-content\/uploads\/Aviator-35-800-x-600-\u043f\u0438\u043a\u0441-300x225.jpg 300w, https:\/\/aviator-slotgame.com\/wp-content\/uploads\/Aviator-35-800-x-600-\u043f\u0438\u043a\u0441-768x576.jpg 768w, https:\/\/aviator-slotgame.com\/wp-content\/uploads\/Aviator-35-800-x-600-\u043f\u0438\u043a\u0441-16x12.jpg 16w\" sizes=\"auto, (max-width: 800px) 100vw, 800px\" \/><\/p>\n<h2 id=\"h-frequently-asked-questions-faq\">Da\u017eniausiai u\u017eduodami klausimai (DUK)<\/h2>\n<h3 id=\"h-is-aviator-legal\">Ar \u201eAviator\u201c \u017eaidimas yra legalus?<\/h3>\n<p>Taip. \u201eAviator\u201c yra legalus 100%. Internetiniai kazino, si\u016blantys \u0161\u012f \u017eaidim\u0105, taip pat yra legal\u016bs, licencijuoti ir reguliuojami atitinkam\u0173 vyriausybini\u0173 institucij\u0173 savo regionuose.<\/p>\n<h3 id=\"h-who-makes-aviator\">Kas gamina Aviatori\u0173?<\/h3>\n<p>\u201eAviator\u201c suk\u016br\u0117 \u201eSpribe\u201c.<\/p>\n<p>\u201eSpribe\u201c palaiko ir kuria plat\u0173 internetini\u0173 \u017eaidim\u0173 pasirinkim\u0105 svetain\u0117ms visame pasaulyje.<\/p>\n<h3 id=\"h-are-online-casinos-rigged\">Ar internetiniai kazino yra suk\u010diai?<\/h3>\n<p>Jei \u017eaisti pasirinksite patikimas, licencijuotas svetaines, jos visi\u0161kai N\u0116RA suklastotos.<\/p>\n<h3 id=\"h-is-aviator-fair\">Ar aviatorius s\u0105\u017einingas?<\/h3>\n<p>Nesunku kilti \u012ftarim\u0173 d\u0117l internetini\u0173 lo\u0161im\u0173. Mes suprantame. Ta\u010diau \u201eAviator\u201c yra s\u0105\u017einingiausias ir skaidriausias kazino \u017eaidimas visoje rinkoje.<\/p>\n<p>\u201eSpribe\u201c naudoja tai, k\u0105 ji vadina \u201eProvably Fair Technology\u201c, siekdama u\u017etikrinti, kad kiekvienas turas b\u016bt\u0173 visi\u0161kai atsitiktinis ir s\u0105\u017einingas. Jei \u017eaid\u017eiate vien\u0105 i\u0161 tiesiogini\u0173 \u017eaidim\u0173, galite spustel\u0117ti \u017eali\u0105 skydo piktogram\u0105 ekrano apa\u010dioje arba \u0161alia statymo, kad pamatytum\u0117te \u0161i\u0105 informacij\u0105.<\/p>\n\n<div style=\"font-size: 0px; height: 0px; line-height: 0px; margin: 0; padding: 0; clear: both;\"><\/div>","protected":false},"excerpt":{"rendered":"<p>Ar ie\u0161kote internetini\u0173 kazino, si\u016blan\u010di\u0173 \u201eAviator\u201c? J\u016bs at\u0117jote \u012f reikiam\u0105 viet\u0105! \u017daisti internetiniame kazino gali b\u016bti \u012fdomu ir smagu<\/p>","protected":false},"author":1,"featured_media":0,"parent":0,"menu_order":0,"comment_status":"closed","ping_status":"closed","template":"","meta":{"footnotes":""},"class_list":["post-29","page","type-page","status-publish","hentry"],"yoast_head":"<!-- This site is optimized with the Yoast SEO plugin v22.0 - https:\/\/yoast.com\/wordpress\/plugins\/seo\/ -->\n<title>Aviator \u043e\u0442 Spribe \u2013 \u041f\u043e\u043f\u0443\u043b\u044f\u0440\u043d\u0430\u044f \u0438\u0433\u0440\u0430 \u0441 \u0432\u044b\u0441\u043e\u043a\u0438\u043c\u0438 \u0432\u044b\u0438\u0433\u0440\u044b\u0448\u0430\u043c\u0438<\/title>\n<meta name=\"description\" content=\"\u041a\u0440\u0430\u0448-\u0438\u0433\u0440\u0430 \u0410\u0432\u0438\u0430\u0442\u043e\u0440 \u043e\u0442 Spribe \u2013 \u043b\u0443\u0447\u0448\u0438\u0439 \u0441\u043b\u043e\u0442 \u0434\u043b\u044f \u0430\u0437\u0430\u0440\u0442\u043d\u044b\u0445 \u0438\u0433\u0440\u043e\u043a\u043e\u0432. \u0421\u043b\u0435\u0434\u0438 \u0437\u0430 \u0441\u0430\u043c\u043e\u043b\u0435\u0442\u043e\u043c \u0438 \u0438\u0433\u0440\u0430\u0439 \u043d\u0430 \u0434\u0435\u043d\u044c\u0433\u0438 \u0432 \u043e\u043d\u043b\u0430\u0439\u043d \u043a\u0430\u0437\u0438\u043d\u043e, \u0438\u0433\u0440\u0430\u0439 \u0441 \u043c\u043e\u0431\u0438\u043b\u044c\u043d\u043e\u0433\u043e \u0438\u043b\u0438 \u0441\u043a\u0430\u0447\u0430\u0439 \u043d\u0430 \u0442\u0435\u043b\u0435\u0444\u043e\u043d.\" \/>\n<meta name=\"robots\" content=\"index, follow, max-snippet:-1, max-image-preview:large, max-video-preview:-1\" \/>\n<link rel=\"canonical\" href=\"https:\/\/aviator-slotgame.com\/lt\/internetiniai-kazino-su-aviator-is-spribe\/\" \/>\n<meta property=\"og:locale\" content=\"lt_LT\" \/>\n<meta property=\"og:type\" content=\"article\" \/>\n<meta property=\"og:title\" content=\"Aviator \u043e\u0442 Spribe \u2013 \u041f\u043e\u043f\u0443\u043b\u044f\u0440\u043d\u0430\u044f \u0438\u0433\u0440\u0430 \u0441 \u0432\u044b\u0441\u043e\u043a\u0438\u043c\u0438 \u0432\u044b\u0438\u0433\u0440\u044b\u0448\u0430\u043c\u0438\" \/>\n<meta property=\"og:description\" content=\"\u041a\u0440\u0430\u0448-\u0438\u0433\u0440\u0430 \u0410\u0432\u0438\u0430\u0442\u043e\u0440 \u043e\u0442 Spribe \u2013 \u043b\u0443\u0447\u0448\u0438\u0439 \u0441\u043b\u043e\u0442 \u0434\u043b\u044f \u0430\u0437\u0430\u0440\u0442\u043d\u044b\u0445 \u0438\u0433\u0440\u043e\u043a\u043e\u0432. \u0421\u043b\u0435\u0434\u0438 \u0437\u0430 \u0441\u0430\u043c\u043e\u043b\u0435\u0442\u043e\u043c \u0438 \u0438\u0433\u0440\u0430\u0439 \u043d\u0430 \u0434\u0435\u043d\u044c\u0433\u0438 \u0432 \u043e\u043d\u043b\u0430\u0439\u043d \u043a\u0430\u0437\u0438\u043d\u043e, \u0438\u0433\u0440\u0430\u0439 \u0441 \u043c\u043e\u0431\u0438\u043b\u044c\u043d\u043e\u0433\u043e \u0438\u043b\u0438 \u0441\u043a\u0430\u0447\u0430\u0439 \u043d\u0430 \u0442\u0435\u043b\u0435\u0444\u043e\u043d.\" \/>\n<meta property=\"og:url\" content=\"https:\/\/aviator-slotgame.com\/lt\/internetiniai-kazino-su-aviator-is-spribe\/\" \/>\n<meta property=\"og:site_name\" content=\"Aviator\" \/>\n<meta property=\"article:modified_time\" content=\"2024-10-04T00:04:28+00:00\" \/>\n<meta property=\"og:image\" content=\"https:\/\/aviator-slotgame.com\/wp-content\/uploads\/aviator-2.png\" \/>\n<meta name=\"twitter:card\" content=\"summary_large_image\" \/>\n<meta name=\"twitter:label1\" content=\"Est. reading time\" \/>\n\t<meta name=\"twitter:data1\" content=\"5 minut\u0117s\" \/>\n<script type=\"application\/ld+json\" class=\"yoast-schema-graph\">{\"@context\":\"https:\/\/schema.org\",\"@graph\":[{\"@type\":\"WebPage\",\"@id\":\"https:\/\/aviator-slotgame.com\/aviator-by-spribe\/\",\"url\":\"https:\/\/aviator-slotgame.com\/aviator-by-spribe\/\",\"name\":\"Aviator \u043e\u0442 Spribe \u2013 \u041f\u043e\u043f\u0443\u043b\u044f\u0440\u043d\u0430\u044f \u0438\u0433\u0440\u0430 \u0441 \u0432\u044b\u0441\u043e\u043a\u0438\u043c\u0438 \u0432\u044b\u0438\u0433\u0440\u044b\u0448\u0430\u043c\u0438\",\"isPartOf\":{\"@id\":\"https:\/\/aviator-slotgame.com\/#website\"},\"datePublished\":\"2024-01-31T12:59:48+00:00\",\"dateModified\":\"2024-10-04T00:04:28+00:00\",\"description\":\"\u041a\u0440\u0430\u0448-\u0438\u0433\u0440\u0430 \u0410\u0432\u0438\u0430\u0442\u043e\u0440 \u043e\u0442 Spribe \u2013 \u043b\u0443\u0447\u0448\u0438\u0439 \u0441\u043b\u043e\u0442 \u0434\u043b\u044f \u0430\u0437\u0430\u0440\u0442\u043d\u044b\u0445 \u0438\u0433\u0440\u043e\u043a\u043e\u0432. \u0421\u043b\u0435\u0434\u0438 \u0437\u0430 \u0441\u0430\u043c\u043e\u043b\u0435\u0442\u043e\u043c \u0438 \u0438\u0433\u0440\u0430\u0439 \u043d\u0430 \u0434\u0435\u043d\u044c\u0433\u0438 \u0432 \u043e\u043d\u043b\u0430\u0439\u043d \u043a\u0430\u0437\u0438\u043d\u043e, \u0438\u0433\u0440\u0430\u0439 \u0441 \u043c\u043e\u0431\u0438\u043b\u044c\u043d\u043e\u0433\u043e \u0438\u043b\u0438 \u0441\u043a\u0430\u0447\u0430\u0439 \u043d\u0430 \u0442\u0435\u043b\u0435\u0444\u043e\u043d.\",\"breadcrumb\":{\"@id\":\"https:\/\/aviator-slotgame.com\/aviator-by-spribe\/#breadcrumb\"},\"inLanguage\":\"lt-LT\",\"potentialAction\":[{\"@type\":\"ReadAction\",\"target\":[\"https:\/\/aviator-slotgame.com\/aviator-by-spribe\/\"]}]},{\"@type\":\"BreadcrumbList\",\"@id\":\"https:\/\/aviator-slotgame.com\/aviator-by-spribe\/#breadcrumb\",\"itemListElement\":[{\"@type\":\"ListItem\",\"position\":1,\"name\":\"Home\",\"item\":\"https:\/\/aviator-slotgame.com\/\"},{\"@type\":\"ListItem\",\"position\":2,\"name\":\"\u041e\u043d\u043b\u0430\u0439\u043d \u043a\u0430\u0437\u0438\u043d\u043e \u0441 \u0410\u0432\u0438\u0430\u0442\u043e\u0440\u043e\u043c \u043e\u0442 Spribe\"}]},{\"@type\":\"WebSite\",\"@id\":\"https:\/\/aviator-slotgame.com\/#website\",\"url\":\"https:\/\/aviator-slotgame.com\/\",\"name\":\"Aviator\",\"description\":\"\",\"publisher\":{\"@id\":\"https:\/\/aviator-slotgame.com\/#organization\"},\"potentialAction\":[{\"@type\":\"SearchAction\",\"target\":{\"@type\":\"EntryPoint\",\"urlTemplate\":\"https:\/\/aviator-slotgame.com\/?s={search_term_string}\"},\"query-input\":\"required name=search_term_string\"}],\"inLanguage\":\"lt-LT\"},{\"@type\":\"Organization\",\"@id\":\"https:\/\/aviator-slotgame.com\/#organization\",\"name\":\"Aviator\",\"url\":\"https:\/\/aviator-slotgame.com\/\",\"logo\":{\"@type\":\"ImageObject\",\"inLanguage\":\"lt-LT\",\"@id\":\"https:\/\/aviator-slotgame.com\/#\/schema\/logo\/image\/\",\"url\":\"https:\/\/aviator-slotgame.com\/wp-content\/uploads\/16f5e8_dade544d4623411c9c4153c639aae85amv2.webp\",\"contentUrl\":\"https:\/\/aviator-slotgame.com\/wp-content\/uploads\/16f5e8_dade544d4623411c9c4153c639aae85amv2.webp\",\"width\":400,\"height\":300,\"caption\":\"Aviator\"},\"image\":{\"@id\":\"https:\/\/aviator-slotgame.com\/#\/schema\/logo\/image\/\"}}]}<\/script>\n<!-- \/ Yoast SEO plugin. -->","yoast_head_json":{"title":"Aviator \u043e\u0442 Spribe \u2013 \u041f\u043e\u043f\u0443\u043b\u044f\u0440\u043d\u0430\u044f \u0438\u0433\u0440\u0430 \u0441 \u0432\u044b\u0441\u043e\u043a\u0438\u043c\u0438 \u0432\u044b\u0438\u0433\u0440\u044b\u0448\u0430\u043c\u0438","description":"\u041a\u0440\u0430\u0448-\u0438\u0433\u0440\u0430 \u0410\u0432\u0438\u0430\u0442\u043e\u0440 \u043e\u0442 Spribe \u2013 \u043b\u0443\u0447\u0448\u0438\u0439 \u0441\u043b\u043e\u0442 \u0434\u043b\u044f \u0430\u0437\u0430\u0440\u0442\u043d\u044b\u0445 \u0438\u0433\u0440\u043e\u043a\u043e\u0432. \u0421\u043b\u0435\u0434\u0438 \u0437\u0430 \u0441\u0430\u043c\u043e\u043b\u0435\u0442\u043e\u043c \u0438 \u0438\u0433\u0440\u0430\u0439 \u043d\u0430 \u0434\u0435\u043d\u044c\u0433\u0438 \u0432 \u043e\u043d\u043b\u0430\u0439\u043d \u043a\u0430\u0437\u0438\u043d\u043e, \u0438\u0433\u0440\u0430\u0439 \u0441 \u043c\u043e\u0431\u0438\u043b\u044c\u043d\u043e\u0433\u043e \u0438\u043b\u0438 \u0441\u043a\u0430\u0447\u0430\u0439 \u043d\u0430 \u0442\u0435\u043b\u0435\u0444\u043e\u043d.","robots":{"index":"index","follow":"follow","max-snippet":"max-snippet:-1","max-image-preview":"max-image-preview:large","max-video-preview":"max-video-preview:-1"},"canonical":"https:\/\/aviator-slotgame.com\/lt\/internetiniai-kazino-su-aviator-is-spribe\/","og_locale":"lt_LT","og_type":"article","og_title":"Aviator \u043e\u0442 Spribe \u2013 \u041f\u043e\u043f\u0443\u043b\u044f\u0440\u043d\u0430\u044f \u0438\u0433\u0440\u0430 \u0441 \u0432\u044b\u0441\u043e\u043a\u0438\u043c\u0438 \u0432\u044b\u0438\u0433\u0440\u044b\u0448\u0430\u043c\u0438","og_description":"\u041a\u0440\u0430\u0448-\u0438\u0433\u0440\u0430 \u0410\u0432\u0438\u0430\u0442\u043e\u0440 \u043e\u0442 Spribe \u2013 \u043b\u0443\u0447\u0448\u0438\u0439 \u0441\u043b\u043e\u0442 \u0434\u043b\u044f \u0430\u0437\u0430\u0440\u0442\u043d\u044b\u0445 \u0438\u0433\u0440\u043e\u043a\u043e\u0432. \u0421\u043b\u0435\u0434\u0438 \u0437\u0430 \u0441\u0430\u043c\u043e\u043b\u0435\u0442\u043e\u043c \u0438 \u0438\u0433\u0440\u0430\u0439 \u043d\u0430 \u0434\u0435\u043d\u044c\u0433\u0438 \u0432 \u043e\u043d\u043b\u0430\u0439\u043d \u043a\u0430\u0437\u0438\u043d\u043e, \u0438\u0433\u0440\u0430\u0439 \u0441 \u043c\u043e\u0431\u0438\u043b\u044c\u043d\u043e\u0433\u043e \u0438\u043b\u0438 \u0441\u043a\u0430\u0447\u0430\u0439 \u043d\u0430 \u0442\u0435\u043b\u0435\u0444\u043e\u043d.","og_url":"https:\/\/aviator-slotgame.com\/lt\/internetiniai-kazino-su-aviator-is-spribe\/","og_site_name":"Aviator","article_modified_time":"2024-10-04T00:04:28+00:00","og_image":[{"url":"https:\/\/aviator-slotgame.com\/wp-content\/uploads\/aviator-2.png"}],"twitter_card":"summary_large_image","twitter_misc":{"Est. reading time":"5 minut\u0117s"},"schema":{"@context":"https:\/\/schema.org","@graph":[{"@type":"WebPage","@id":"https:\/\/aviator-slotgame.com\/aviator-by-spribe\/","url":"https:\/\/aviator-slotgame.com\/aviator-by-spribe\/","name":"Aviator \u043e\u0442 Spribe \u2013 \u041f\u043e\u043f\u0443\u043b\u044f\u0440\u043d\u0430\u044f \u0438\u0433\u0440\u0430 \u0441 \u0432\u044b\u0441\u043e\u043a\u0438\u043c\u0438 \u0432\u044b\u0438\u0433\u0440\u044b\u0448\u0430\u043c\u0438","isPartOf":{"@id":"https:\/\/aviator-slotgame.com\/#website"},"datePublished":"2024-01-31T12:59:48+00:00","dateModified":"2024-10-04T00:04:28+00:00","description":"\u041a\u0440\u0430\u0448-\u0438\u0433\u0440\u0430 \u0410\u0432\u0438\u0430\u0442\u043e\u0440 \u043e\u0442 Spribe \u2013 \u043b\u0443\u0447\u0448\u0438\u0439 \u0441\u043b\u043e\u0442 \u0434\u043b\u044f \u0430\u0437\u0430\u0440\u0442\u043d\u044b\u0445 \u0438\u0433\u0440\u043e\u043a\u043e\u0432. \u0421\u043b\u0435\u0434\u0438 \u0437\u0430 \u0441\u0430\u043c\u043e\u043b\u0435\u0442\u043e\u043c \u0438 \u0438\u0433\u0440\u0430\u0439 \u043d\u0430 \u0434\u0435\u043d\u044c\u0433\u0438 \u0432 \u043e\u043d\u043b\u0430\u0439\u043d \u043a\u0430\u0437\u0438\u043d\u043e, \u0438\u0433\u0440\u0430\u0439 \u0441 \u043c\u043e\u0431\u0438\u043b\u044c\u043d\u043e\u0433\u043e \u0438\u043b\u0438 \u0441\u043a\u0430\u0447\u0430\u0439 \u043d\u0430 \u0442\u0435\u043b\u0435\u0444\u043e\u043d.","breadcrumb":{"@id":"https:\/\/aviator-slotgame.com\/aviator-by-spribe\/#breadcrumb"},"inLanguage":"lt-LT","potentialAction":[{"@type":"ReadAction","target":["https:\/\/aviator-slotgame.com\/aviator-by-spribe\/"]}]},{"@type":"BreadcrumbList","@id":"https:\/\/aviator-slotgame.com\/aviator-by-spribe\/#breadcrumb","itemListElement":[{"@type":"ListItem","position":1,"name":"Home","item":"https:\/\/aviator-slotgame.com\/"},{"@type":"ListItem","position":2,"name":"\u041e\u043d\u043b\u0430\u0439\u043d \u043a\u0430\u0437\u0438\u043d\u043e \u0441 \u0410\u0432\u0438\u0430\u0442\u043e\u0440\u043e\u043c \u043e\u0442 Spribe"}]},{"@type":"WebSite","@id":"https:\/\/aviator-slotgame.com\/#website","url":"https:\/\/aviator-slotgame.com\/","name":"Aviator","description":"","publisher":{"@id":"https:\/\/aviator-slotgame.com\/#organization"},"potentialAction":[{"@type":"SearchAction","target":{"@type":"EntryPoint","urlTemplate":"https:\/\/aviator-slotgame.com\/?s={search_term_string}"},"query-input":"required name=search_term_string"}],"inLanguage":"lt-LT"},{"@type":"Organization","@id":"https:\/\/aviator-slotgame.com\/#organization","name":"Aviator","url":"https:\/\/aviator-slotgame.com\/","logo":{"@type":"ImageObject","inLanguage":"lt-LT","@id":"https:\/\/aviator-slotgame.com\/#\/schema\/logo\/image\/","url":"https:\/\/aviator-slotgame.com\/wp-content\/uploads\/16f5e8_dade544d4623411c9c4153c639aae85amv2.webp","contentUrl":"https:\/\/aviator-slotgame.com\/wp-content\/uploads\/16f5e8_dade544d4623411c9c4153c639aae85amv2.webp","width":400,"height":300,"caption":"Aviator"},"image":{"@id":"https:\/\/aviator-slotgame.com\/#\/schema\/logo\/image\/"}}]}},"amp_enabled":true,"_links":{"self":[{"href":"https:\/\/aviator-slotgame.com\/lt\/wp-json\/wp\/v2\/pages\/29","targetHints":{"allow":["GET"]}}],"collection":[{"href":"https:\/\/aviator-slotgame.com\/lt\/wp-json\/wp\/v2\/pages"}],"about":[{"href":"https:\/\/aviator-slotgame.com\/lt\/wp-json\/wp\/v2\/types\/page"}],"author":[{"embeddable":true,"href":"https:\/\/aviator-slotgame.com\/lt\/wp-json\/wp\/v2\/users\/1"}],"replies":[{"embeddable":true,"href":"https:\/\/aviator-slotgame.com\/lt\/wp-json\/wp\/v2\/comments?post=29"}],"version-history":[{"count":13,"href":"https:\/\/aviator-slotgame.com\/lt\/wp-json\/wp\/v2\/pages\/29\/revisions"}],"predecessor-version":[{"id":413,"href":"https:\/\/aviator-slotgame.com\/lt\/wp-json\/wp\/v2\/pages\/29\/revisions\/413"}],"wp:attachment":[{"href":"https:\/\/aviator-slotgame.com\/lt\/wp-json\/wp\/v2\/media?parent=29"}],"curies":[{"name":"wp","href":"https:\/\/api.w.org\/{rel}","templated":true}]}}