{"id":215,"date":"2024-04-02T16:05:37","date_gmt":"2024-04-02T16:05:37","guid":{"rendered":"https:\/\/aviator-slotgame.com\/?page_id=215"},"modified":"2024-09-09T10:50:04","modified_gmt":"2024-09-09T10:50:04","slug":"aviator-slots","status":"publish","type":"page","link":"https:\/\/aviator-slotgame.com\/lv\/aviator-slots-vs-tradicionalie-video-spelu-automati\/","title":{"rendered":"Aviatora slots"},"content":{"rendered":"<div class=\"a78185e9f49acb0fd5b7cc91aab6ca74\" data-index=\"1\" style=\"float: none; margin:10px 0 10px 0; text-align:center;\">\n<div class=\"custom-play-button\">\r\n<center><a href=\"https:\/\/aviator-slotgame.com\/lv\/play-game\/\" rel=\"nofollow\" target=\"_blank\">Sp\u0113l\u0113t tagad<\/a><br><\/center>\r\n<\/div>\n<\/div>\n<p>Aviator no Spribe nav j\u016bsu vid\u0113jais video slots. T\u0101 pied\u0101v\u0101 soci\u0101lo sp\u0113\u013cu funkcijas, kuras j\u016bs neatrad\u012bsiet tradicion\u0101lajos video slotos. J\u016bs varat pievienoties jautr\u012bbai un izaicin\u0101t citus sp\u0113l\u0113t\u0101jus pievienoties tie\u0161saistes kazino sp\u0113lei, kas ir pilna ar aizraujo\u0161iem bonusiem, reizin\u0101t\u0101jiem un citiem p\u0101rsteigumiem.<\/p>\n<p><img loading=\"lazy\" decoding=\"async\" class=\"alignnone size-full wp-image-216\" title=\"Aviators pret tradicion\u0101lajiem sp\u0113\u013cu autom\u0101tiem\" src=\"https:\/\/aviator-slotgame.com\/wp-content\/uploads\/aviator-4-1.png\" alt=\"Aviators pret tradicion\u0101lajiem sp\u0113\u013cu autom\u0101tiem\" width=\"800\" height=\"445\" srcset=\"https:\/\/aviator-slotgame.com\/wp-content\/uploads\/aviator-4-1.png 800w, https:\/\/aviator-slotgame.com\/wp-content\/uploads\/aviator-4-1-300x167.png 300w, https:\/\/aviator-slotgame.com\/wp-content\/uploads\/aviator-4-1-768x427.png 768w, https:\/\/aviator-slotgame.com\/wp-content\/uploads\/aviator-4-1-18x10.png 18w\" sizes=\"auto, (max-width: 800px) 100vw, 800px\" \/><\/p>\n<p>Aviator pied\u0101v\u0101 vair\u0101k nek\u0101 tikai standarta 3x5 ru\u013c\u013cu sp\u0113\u013cu autom\u0101tus. Tam ir reizin\u0101t\u0101js, pamatojoties uz RNG, kas palielin\u0101s un palielin\u0101s, l\u012bdz katrs sp\u0113l\u0113t\u0101js nolemj iz\u0146emt naudu. Tas noz\u012bm\u0113, ka, ja jums paveiksies, j\u016bs var\u0113siet sp\u0113l\u0113t visu dienu, un j\u016bsu laimesti patie\u0161\u0101m s\u0101ks pievienoties!<\/p>\n<p>Turkl\u0101t Aviator neierobe\u017eo sp\u0113l\u0113t\u0101ju skaitu, kuri var pievienoties jautr\u012bbai. Jums nav j\u0101uztraucas par sp\u0113les atv\u0113r\u0161anu, jo t\u0101 nekad neb\u016bs pilna, vienm\u0113r b\u016bs vieta vair\u0101kiem sp\u0113l\u0113t\u0101jiem. Un ar sp\u0113l\u0113t\u0101jiem draudz\u012bg\u0101m izredz\u0113m, RTP un augst\u0101m izmaks\u0101m jums ir daudz iesp\u0113ju izcelties \u0161aj\u0101 aizraujo\u0161aj\u0101 alternat\u012bvaj\u0101 sp\u0113\u013cu autom\u0101t\u0101.<\/p><div class=\"a78185e9f49acb0fd5b7cc91aab6ca74\" data-index=\"1\" style=\"float: none; margin:10px 0 10px 0; text-align:center;\">\n<div class=\"custom-play-button\">\r\n<center><a href=\"https:\/\/aviator-slotgame.com\/lv\/play-game\/\" rel=\"nofollow\" target=\"_blank\">Sp\u0113l\u0113t tagad<\/a><br><\/center>\r\n<\/div>\n<\/div>\n\n<p>T\u0101tad, neatkar\u012bgi no t\u0101, vai mekl\u0113jat aizraujo\u0161u sp\u0113\u013cu pieredzi vai v\u0113laties atp\u016bsties un izbaud\u012bt klasisku video slotu stila sp\u0113li ar pav\u0113rsienu, Spribe&#039;s Aviator patie\u0161\u0101m pied\u0101v\u0101 kaut ko ikvienam.<\/p>\n<h2 id=\"h-rtp-of-aviator-and-regular-slot-games\">Aviator RTP un parast\u0101s slots<\/h2>\n<p>Popul\u0101r\u0101ko slotu vid\u0113j\u0101s RTP v\u0113rt\u012bbas p\u0101rsniedz 65%. \u0160is skaitlis da\u017e\u0101d\u0101s sp\u0113l\u0113s var at\u0161\u0137irties, da\u017e\u0101s sp\u0113l\u0113s sasniedzot pat 97%, ta\u010du parasti norma ir 65% ar decim\u0101lda\u013cu.<\/p>\n<p>Piem\u0113ram, Second Strike, vienam no popul\u0101r\u0101kajiem sp\u0113\u013cu autom\u0101tiem pasaul\u0113, RTP ir 96.26%; Aviators v\u0113l vair\u0101k!<\/p>\n<p>Aviator aptuvenais RTP (atgrie\u0161an\u0101s atska\u0146ot\u0101j\u0101) ir 97%, kas ir virs vid\u0113j\u0101 video slota. Tas noz\u012bm\u0113, ka, sp\u0113l\u0113jot Aviator, j\u016bs vid\u0113ji ieg\u016bsit vair\u0101k naudas, sal\u012bdzinot ar tradicion\u0101lajiem sp\u0113\u013cu autom\u0101tiem. Un ar arvien pieaugo\u0161u reizin\u0101t\u0101ju liel\u0101k\u0101s k\u0101rtas k\u013c\u016bs v\u0113l aizraujo\u0161\u0101kas! T\u0101tad, ja j\u016bs mekl\u0113jat augst\u0101ku RTP un iesp\u0113ju palielin\u0101t savu pe\u013c\u0146as potenci\u0101lu, Aviator var\u0113tu b\u016bt tie\u0161i tas, ko esat tr\u016bcis.<\/p>\n<figure class=\"wp-block-table\">\n<table>\n<tbody>\n<tr>\n<td><strong>AVIATORS<\/strong><\/td>\n<td><strong>TRADICION\u0100L\u0100 SP\u0112LE<\/strong><\/td>\n<\/tr>\n<tr>\n<td>T\u0113rz\u0113jiet ar citiem sp\u0113l\u0113t\u0101jiem<\/td>\n<td>Lietot\u0101ja sp\u0113\u013cu pieredze<\/td>\n<\/tr>\n<tr>\n<td>Neierobe\u017eots sp\u0113l\u0113t\u0101ju skaits sp\u0113\u013cu istab\u0101<\/td>\n<td>Viens sp\u0113l\u0113t\u0101js katr\u0101 ma\u0161\u012bn\u0101 vai lap\u0101<\/td>\n<\/tr>\n<tr>\n<td>Sp\u0113\u013cu meh\u0101nika ar vienu RNG<\/td>\n<td>Vair\u0101ki ru\u013c\u013ci un l\u012bnijas<\/td>\n<\/tr>\n<tr>\n<td>~97% atmaksa<\/td>\n<td>~96% atmaksa<\/td>\n<\/tr>\n<\/tbody>\n<\/table><figcaption class=\"wp-element-caption\">Autom\u0101ts\u00a0<strong><strong>AVIATORS<\/strong><\/strong><img loading=\"lazy\" decoding=\"async\" class=\"alignnone size-full wp-image-293\" src=\"https:\/\/aviator-slotgame.com\/wp-content\/uploads\/Aviator-13-800-x-600-\u043f\u0438\u043a\u0441.jpg\" alt=\"Aviator RTP un parast\u0101s slots\" width=\"800\" height=\"600\" srcset=\"https:\/\/aviator-slotgame.com\/wp-content\/uploads\/Aviator-13-800-x-600-\u043f\u0438\u043a\u0441.jpg 800w, https:\/\/aviator-slotgame.com\/wp-content\/uploads\/Aviator-13-800-x-600-\u043f\u0438\u043a\u0441-300x225.jpg 300w, https:\/\/aviator-slotgame.com\/wp-content\/uploads\/Aviator-13-800-x-600-\u043f\u0438\u043a\u0441-768x576.jpg 768w, https:\/\/aviator-slotgame.com\/wp-content\/uploads\/Aviator-13-800-x-600-\u043f\u0438\u043a\u0441-16x12.jpg 16w\" sizes=\"auto, (max-width: 800px) 100vw, 800px\" \/><\/figcaption><\/figure>\n<h2 id=\"h-the-bottom-line\">Apak\u0161\u0113j\u0101 l\u012bnija<\/h2>\n<p>Spribe&#039;s Aviator pied\u0101v\u0101 unik\u0101lu tradicion\u0101lo video slotu interpret\u0101ciju, kas var nodro\u0161in\u0101t sp\u0113l\u0113t\u0101jiem aizraujo\u0161u sp\u0113\u013cu pieredzi. Ar arvien pieaugo\u0161iem reizin\u0101t\u0101jiem un augstu RTP ir daudz iemeslu, lai m\u0113\u0123in\u0101tu Aviator. Turkl\u0101t soci\u0101lais aspekts padara to v\u0113l aizraujo\u0161\u0101ku!<\/p>\n<h2 id=\"h-using-bonus-spins-on-aviator\">Bonusa griezienu izmanto\u0161ana programm\u0101 Aviator<\/h2>\n<p>Bonusa griezieni ir kazino viet\u0146u galven\u0101 sast\u0101vda\u013ca. Re\u0123istr\u0113joties kazino vietn\u0113, j\u016bs bie\u017ei sa\u0146emat bezmaksas griezienus k\u0101 sveiciena bonusu. Tos var ieg\u016bt pat ierobe\u017eota laika akcij\u0101s vai k\u0101 balvas cit\u0101s sp\u0113l\u0113s!<\/p>\n<p>Ja esat Aviator vai citu kazino sp\u0113\u013cu cien\u012bt\u0101js, tad bonusa griezieni ir lielisks veids, k\u0101 ieg\u016bt bezmaksas iesp\u0113ju izgriezt ru\u013c\u013cus, nos\u0113sties lidma\u0161\u012bn\u0101 un, iesp\u0113jams, laim\u0113t naudu. Faktiski bonusa griezieni var b\u016bt pat v\u0113rt\u012bg\u0101ki nek\u0101 parastie griezieni sp\u0113l\u0113, jo tiem parasti nav der\u012bbu pras\u012bbu vai citu laimestu ierobe\u017eojumu.<\/p>\n<h2 id=\"h-how-to-get-bonus-spins\">K\u0101 ieg\u016bt bonusa griezienus<\/h2>\n<p>Bezmaksas griezieni var n\u0101kt no da\u017e\u0101d\u0101m viet\u0101m, piem\u0113ram, sveiciena bonusi jauniem lietot\u0101jiem, kuri veic pirmo iemaksu, vai rekl\u0101mas kodi un ierobe\u017eota laika pas\u0101kumi.<\/p>\n<h3 id=\"h-welcome-bonus-spins-for-aviator\">Aviatora sveiciena bonusa griezieni<\/h3>\n<p>Da\u017ei kazino pied\u0101v\u0101 bezmaksas griezienus, kad izveidojat kontu. Jums var\u0113tu rasties jaut\u0101jums, k\u0101 \u0161ie bezmaksas griezieni var b\u016bt noder\u012bgi, sp\u0113l\u0113jot Aviator; tom\u0113r da\u017ereiz kazino ierobe\u017eo \u0161o bezmaksas griezienu izmanto\u0161anu tikai popul\u0101r\u0101kajiem tradicion\u0101lajiem sp\u0113\u013cu autom\u0101tiem. Bet neuztraucieties, joproj\u0101m ir veidi, k\u0101 izmantot visus Aviator pied\u0101v\u0101tos bezmaksas griezienus.<\/p>\n<h2 id=\"h-how-to-use-free-spins-in-aviator\">K\u0101 izmantot bezmaksas griezienus programm\u0101 Aviator<\/h2>\n<p>Ja j\u016bsu griezieni nedarbojas Aviator, j\u016bs vienm\u0113r varat tos izmantot, lai laim\u0113tu kred\u012btus cit\u0101s kazino sp\u0113l\u0113s. Piem\u0113ram, ja jums ir bezmaksas griezieni sp\u0113\u013cu autom\u0101t\u0101, j\u016bs varat apmain\u012bt \u0161os kred\u012btus pret \u017eetoniem pie sp\u0113\u013cu galdiem. P\u0113c tam varat izmantot \u0161os \u017eetonus, lai liktu uz Aviator vai jebkuru citu kazino sp\u0113li!<\/p>\n<p>L\u016bk, k\u0101 to izdar\u012bt:<\/p>\n<ol start=\"1\" type=\"1\">\n<li>Izv\u0113lieties vienu no saviem iecien\u012bt\u0101kajiem sp\u0113\u013cu autom\u0101tiem.<\/li>\n<li>Izmantojiet bezmaksas griezienus.<\/li>\n<li>Pa\u0146emiet visus griezienu laik\u0101 ieg\u016btos kred\u012btus un sp\u0113l\u0113jiet Aviator!<\/li>\n<\/ol>\n<p>Tas ir tik vienk\u0101r\u0161i.<\/p>\n<h2 id=\"h-can-you-win-free-spins-in-aviator\">Vai varat laim\u0113t bezmaksas griezienus sp\u0113l\u0113 Aviator?<\/h2>\n<p>Nav bezmaksas griezienu funkcijas. Vien\u012bg\u0101 balva, ko laim\u0113siet raunda laik\u0101, ir j\u016bsu likme, kas reizin\u0101ta ar sarkan\u0101s lidma\u0161\u012bnas pacel\u0161an\u0101s laiku.<\/p>\n<h2 id=\"h-in-conclusion\">Secin\u0101jums<\/h2>\n<p>Neatkar\u012bgi no t\u0101, k\u0101 j\u016bs tos ieg\u016bstat\u00a0\u2014 viesm\u012bl\u012bbas bonusa griezieni, rekl\u0101mas kodi vai ierobe\u017eota laika pied\u0101v\u0101jumi\u00a0\u2014 bonusa griezieni ir lielisks veids, k\u0101 jebkura l\u012bme\u0146a sp\u0113l\u0113t\u0101jiem turpin\u0101t sp\u0113l\u0113t, neuztraucoties par k\u0101du br\u012bdi zaud\u0113\u0161anu. Un neatkar\u012bgi no t\u0101, k\u0101d\u0101m sp\u0113l\u0113m vi\u0146i ir paredz\u0113ti, pieredz\u0113ju\u0161i sp\u0113l\u0113t\u0101ji var p\u0101rv\u0113rst savus griezienus noder\u012bgos kred\u012btos, uz kuriem var likt likmes dz\u012bvaj\u0101 Aviator sp\u0113l\u0113.<\/p>\n<p><img loading=\"lazy\" decoding=\"async\" class=\"alignnone size-full wp-image-297\" src=\"https:\/\/aviator-slotgame.com\/wp-content\/uploads\/Aviator-14-800-x-600-\u043f\u0438\u043a\u0441.jpg\" alt=\"Secin\u0101jums\" width=\"800\" height=\"600\" srcset=\"https:\/\/aviator-slotgame.com\/wp-content\/uploads\/Aviator-14-800-x-600-\u043f\u0438\u043a\u0441.jpg 800w, https:\/\/aviator-slotgame.com\/wp-content\/uploads\/Aviator-14-800-x-600-\u043f\u0438\u043a\u0441-300x225.jpg 300w, https:\/\/aviator-slotgame.com\/wp-content\/uploads\/Aviator-14-800-x-600-\u043f\u0438\u043a\u0441-768x576.jpg 768w, https:\/\/aviator-slotgame.com\/wp-content\/uploads\/Aviator-14-800-x-600-\u043f\u0438\u043a\u0441-16x12.jpg 16w\" sizes=\"auto, (max-width: 800px) 100vw, 800px\" \/><\/p>\n\n<div style=\"font-size: 0px; height: 0px; line-height: 0px; margin: 0; padding: 0; clear: both;\"><\/div>","protected":false},"excerpt":{"rendered":"<p>Aviator no Spribe nav j\u016bsu vid\u0113jais video slots. T\u0101 pied\u0101v\u0101 soci\u0101lo sp\u0113\u013cu funkcijas, kuras j\u016bs neatrad\u012bsiet tradicion\u0101lajos video slotos.<\/p>","protected":false},"author":1,"featured_media":0,"parent":0,"menu_order":0,"comment_status":"closed","ping_status":"closed","template":"","meta":{"footnotes":""},"class_list":["post-215","page","type-page","status-publish","hentry"],"yoast_head":"<!-- This site is optimized with the Yoast SEO plugin v22.0 - https:\/\/yoast.com\/wordpress\/plugins\/seo\/ -->\n<title>\u0410\u0432\u0438\u0430\u0442\u043e\u0440 \u0441\u043b\u043e\u0442\u044b - Aviator<\/title>\n<meta name=\"robots\" content=\"index, follow, max-snippet:-1, max-image-preview:large, max-video-preview:-1\" \/>\n<link rel=\"canonical\" href=\"https:\/\/aviator-slotgame.com\/lv\/aviator-slots-vs-tradicionalie-video-spelu-automati\/\" \/>\n<meta property=\"og:locale\" content=\"lv_LV\" \/>\n<meta property=\"og:type\" content=\"article\" \/>\n<meta property=\"og:title\" content=\"\u0410\u0432\u0438\u0430\u0442\u043e\u0440 \u0441\u043b\u043e\u0442\u044b - Aviator\" \/>\n<meta property=\"og:description\" content=\"Aviator \u043e\u0442 Spribe \u2013 \u044d\u0442\u043e \u043d\u0435 \u043e\u0431\u044b\u0447\u043d\u044b\u0439 \u0432\u0438\u0434\u0435\u043e\u0441\u043b\u043e\u0442. \u041e\u043d \u043f\u0440\u0435\u0434\u043b\u0430\u0433\u0430\u0435\u0442 \u0432\u043e\u0437\u043c\u043e\u0436\u043d\u043e\u0441\u0442\u0438 \u0441\u043e\u0446\u0438\u0430\u043b\u044c\u043d\u044b\u0445 \u0438\u0433\u0440, \u043a\u043e\u0442\u043e\u0440\u044b\u0435 \u0432\u044b \u043d\u0435 \u043d\u0430\u0439\u0434\u0435\u0442\u0435 \u0432 \u0442\u0440\u0430\u0434\u0438\u0446\u0438\u043e\u043d\u043d\u044b\u0445 \u0432\u0438\u0434\u0435\u043e\u0441\u043b\u043e\u0442\u0430\u0445.\" \/>\n<meta property=\"og:url\" content=\"https:\/\/aviator-slotgame.com\/lv\/aviator-slots-vs-tradicionalie-video-spelu-automati\/\" \/>\n<meta property=\"og:site_name\" content=\"Aviator\" \/>\n<meta property=\"article:modified_time\" content=\"2024-09-09T10:50:04+00:00\" \/>\n<meta property=\"og:image\" content=\"https:\/\/aviator-slotgame.com\/wp-content\/uploads\/aviator-4-1.png\" \/>\n<meta name=\"twitter:card\" content=\"summary_large_image\" \/>\n<meta name=\"twitter:label1\" content=\"Est. reading time\" \/>\n\t<meta name=\"twitter:data1\" content=\"4 min\u016btes\" \/>\n<script type=\"application\/ld+json\" class=\"yoast-schema-graph\">{\"@context\":\"https:\/\/schema.org\",\"@graph\":[{\"@type\":\"WebPage\",\"@id\":\"https:\/\/aviator-slotgame.com\/aviator-slots\/\",\"url\":\"https:\/\/aviator-slotgame.com\/aviator-slots\/\",\"name\":\"\u0410\u0432\u0438\u0430\u0442\u043e\u0440 \u0441\u043b\u043e\u0442\u044b - Aviator\",\"isPartOf\":{\"@id\":\"https:\/\/aviator-slotgame.com\/#website\"},\"datePublished\":\"2024-04-02T16:05:37+00:00\",\"dateModified\":\"2024-09-09T10:50:04+00:00\",\"breadcrumb\":{\"@id\":\"https:\/\/aviator-slotgame.com\/aviator-slots\/#breadcrumb\"},\"inLanguage\":\"lv-LV\",\"potentialAction\":[{\"@type\":\"ReadAction\",\"target\":[\"https:\/\/aviator-slotgame.com\/aviator-slots\/\"]}]},{\"@type\":\"BreadcrumbList\",\"@id\":\"https:\/\/aviator-slotgame.com\/aviator-slots\/#breadcrumb\",\"itemListElement\":[{\"@type\":\"ListItem\",\"position\":1,\"name\":\"Home\",\"item\":\"https:\/\/aviator-slotgame.com\/\"},{\"@type\":\"ListItem\",\"position\":2,\"name\":\"\u0410\u0432\u0438\u0430\u0442\u043e\u0440 \u0441\u043b\u043e\u0442\u044b\"}]},{\"@type\":\"WebSite\",\"@id\":\"https:\/\/aviator-slotgame.com\/#website\",\"url\":\"https:\/\/aviator-slotgame.com\/\",\"name\":\"Aviator\",\"description\":\"\",\"publisher\":{\"@id\":\"https:\/\/aviator-slotgame.com\/#organization\"},\"potentialAction\":[{\"@type\":\"SearchAction\",\"target\":{\"@type\":\"EntryPoint\",\"urlTemplate\":\"https:\/\/aviator-slotgame.com\/?s={search_term_string}\"},\"query-input\":\"required name=search_term_string\"}],\"inLanguage\":\"lv-LV\"},{\"@type\":\"Organization\",\"@id\":\"https:\/\/aviator-slotgame.com\/#organization\",\"name\":\"Aviator\",\"url\":\"https:\/\/aviator-slotgame.com\/\",\"logo\":{\"@type\":\"ImageObject\",\"inLanguage\":\"lv-LV\",\"@id\":\"https:\/\/aviator-slotgame.com\/#\/schema\/logo\/image\/\",\"url\":\"https:\/\/aviator-slotgame.com\/wp-content\/uploads\/16f5e8_dade544d4623411c9c4153c639aae85amv2.webp\",\"contentUrl\":\"https:\/\/aviator-slotgame.com\/wp-content\/uploads\/16f5e8_dade544d4623411c9c4153c639aae85amv2.webp\",\"width\":400,\"height\":300,\"caption\":\"Aviator\"},\"image\":{\"@id\":\"https:\/\/aviator-slotgame.com\/#\/schema\/logo\/image\/\"}}]}<\/script>\n<!-- \/ Yoast SEO plugin. -->","yoast_head_json":{"title":"\u0410\u0432\u0438\u0430\u0442\u043e\u0440 \u0441\u043b\u043e\u0442\u044b - Aviator","robots":{"index":"index","follow":"follow","max-snippet":"max-snippet:-1","max-image-preview":"max-image-preview:large","max-video-preview":"max-video-preview:-1"},"canonical":"https:\/\/aviator-slotgame.com\/lv\/aviator-slots-vs-tradicionalie-video-spelu-automati\/","og_locale":"lv_LV","og_type":"article","og_title":"\u0410\u0432\u0438\u0430\u0442\u043e\u0440 \u0441\u043b\u043e\u0442\u044b - Aviator","og_description":"Aviator \u043e\u0442 Spribe \u2013 \u044d\u0442\u043e \u043d\u0435 \u043e\u0431\u044b\u0447\u043d\u044b\u0439 \u0432\u0438\u0434\u0435\u043e\u0441\u043b\u043e\u0442. \u041e\u043d \u043f\u0440\u0435\u0434\u043b\u0430\u0433\u0430\u0435\u0442 \u0432\u043e\u0437\u043c\u043e\u0436\u043d\u043e\u0441\u0442\u0438 \u0441\u043e\u0446\u0438\u0430\u043b\u044c\u043d\u044b\u0445 \u0438\u0433\u0440, \u043a\u043e\u0442\u043e\u0440\u044b\u0435 \u0432\u044b \u043d\u0435 \u043d\u0430\u0439\u0434\u0435\u0442\u0435 \u0432 \u0442\u0440\u0430\u0434\u0438\u0446\u0438\u043e\u043d\u043d\u044b\u0445 \u0432\u0438\u0434\u0435\u043e\u0441\u043b\u043e\u0442\u0430\u0445.","og_url":"https:\/\/aviator-slotgame.com\/lv\/aviator-slots-vs-tradicionalie-video-spelu-automati\/","og_site_name":"Aviator","article_modified_time":"2024-09-09T10:50:04+00:00","og_image":[{"url":"https:\/\/aviator-slotgame.com\/wp-content\/uploads\/aviator-4-1.png"}],"twitter_card":"summary_large_image","twitter_misc":{"Est. reading time":"4 min\u016btes"},"schema":{"@context":"https:\/\/schema.org","@graph":[{"@type":"WebPage","@id":"https:\/\/aviator-slotgame.com\/aviator-slots\/","url":"https:\/\/aviator-slotgame.com\/aviator-slots\/","name":"\u0410\u0432\u0438\u0430\u0442\u043e\u0440 \u0441\u043b\u043e\u0442\u044b - Aviator","isPartOf":{"@id":"https:\/\/aviator-slotgame.com\/#website"},"datePublished":"2024-04-02T16:05:37+00:00","dateModified":"2024-09-09T10:50:04+00:00","breadcrumb":{"@id":"https:\/\/aviator-slotgame.com\/aviator-slots\/#breadcrumb"},"inLanguage":"lv-LV","potentialAction":[{"@type":"ReadAction","target":["https:\/\/aviator-slotgame.com\/aviator-slots\/"]}]},{"@type":"BreadcrumbList","@id":"https:\/\/aviator-slotgame.com\/aviator-slots\/#breadcrumb","itemListElement":[{"@type":"ListItem","position":1,"name":"Home","item":"https:\/\/aviator-slotgame.com\/"},{"@type":"ListItem","position":2,"name":"\u0410\u0432\u0438\u0430\u0442\u043e\u0440 \u0441\u043b\u043e\u0442\u044b"}]},{"@type":"WebSite","@id":"https:\/\/aviator-slotgame.com\/#website","url":"https:\/\/aviator-slotgame.com\/","name":"Aviator","description":"","publisher":{"@id":"https:\/\/aviator-slotgame.com\/#organization"},"potentialAction":[{"@type":"SearchAction","target":{"@type":"EntryPoint","urlTemplate":"https:\/\/aviator-slotgame.com\/?s={search_term_string}"},"query-input":"required name=search_term_string"}],"inLanguage":"lv-LV"},{"@type":"Organization","@id":"https:\/\/aviator-slotgame.com\/#organization","name":"Aviator","url":"https:\/\/aviator-slotgame.com\/","logo":{"@type":"ImageObject","inLanguage":"lv-LV","@id":"https:\/\/aviator-slotgame.com\/#\/schema\/logo\/image\/","url":"https:\/\/aviator-slotgame.com\/wp-content\/uploads\/16f5e8_dade544d4623411c9c4153c639aae85amv2.webp","contentUrl":"https:\/\/aviator-slotgame.com\/wp-content\/uploads\/16f5e8_dade544d4623411c9c4153c639aae85amv2.webp","width":400,"height":300,"caption":"Aviator"},"image":{"@id":"https:\/\/aviator-slotgame.com\/#\/schema\/logo\/image\/"}}]}},"amp_enabled":true,"_links":{"self":[{"href":"https:\/\/aviator-slotgame.com\/lv\/wp-json\/wp\/v2\/pages\/215","targetHints":{"allow":["GET"]}}],"collection":[{"href":"https:\/\/aviator-slotgame.com\/lv\/wp-json\/wp\/v2\/pages"}],"about":[{"href":"https:\/\/aviator-slotgame.com\/lv\/wp-json\/wp\/v2\/types\/page"}],"author":[{"embeddable":true,"href":"https:\/\/aviator-slotgame.com\/lv\/wp-json\/wp\/v2\/users\/1"}],"replies":[{"embeddable":true,"href":"https:\/\/aviator-slotgame.com\/lv\/wp-json\/wp\/v2\/comments?post=215"}],"version-history":[{"count":6,"href":"https:\/\/aviator-slotgame.com\/lv\/wp-json\/wp\/v2\/pages\/215\/revisions"}],"predecessor-version":[{"id":309,"href":"https:\/\/aviator-slotgame.com\/lv\/wp-json\/wp\/v2\/pages\/215\/revisions\/309"}],"wp:attachment":[{"href":"https:\/\/aviator-slotgame.com\/lv\/wp-json\/wp\/v2\/media?parent=215"}],"curies":[{"name":"wp","href":"https:\/\/api.w.org\/{rel}","templated":true}]}}