{"id":230,"date":"2024-09-06T08:55:11","date_gmt":"2024-09-06T08:55:11","guid":{"rendered":"https:\/\/aviator-slotgame.com\/?page_id=230"},"modified":"2024-10-03T23:03:12","modified_gmt":"2024-10-03T23:03:12","slug":"strategy-and-tactics","status":"publish","type":"page","link":"https:\/\/aviator-slotgame.com\/lv\/strategy-and-tactics\/","title":{"rendered":"Aviatoru sp\u0113les strat\u0113\u0123ijas un taktika"},"content":{"rendered":"<div class=\"a78185e9f49acb0fd5b7cc91aab6ca74\" data-index=\"1\" style=\"float: none; margin:10px 0 10px 0; text-align:center;\">\n<div class=\"custom-play-button\">\r\n<center><a href=\"https:\/\/aviator-slotgame.com\/lv\/play-game\/\" rel=\"nofollow\" target=\"_blank\">Sp\u0113l\u0113t tagad<\/a><br><\/center>\r\n<\/div>\n<\/div>\n<p><img loading=\"lazy\" decoding=\"async\" class=\"alignnone wp-image-233 size-full\" title=\"Strat\u0113\u0123ijas sp\u0113l\u0113 Aviator\" src=\"https:\/\/aviator-slotgame.com\/wp-content\/uploads\/Aviator-4-800-x-600-\u043f\u0438\u043a\u0441.jpg\" alt=\"Aviatoru sp\u0113les strat\u0113\u0123ijas un taktika\" width=\"800\" height=\"600\" srcset=\"https:\/\/aviator-slotgame.com\/wp-content\/uploads\/Aviator-4-800-x-600-\u043f\u0438\u043a\u0441.jpg 800w, https:\/\/aviator-slotgame.com\/wp-content\/uploads\/Aviator-4-800-x-600-\u043f\u0438\u043a\u0441-300x225.jpg 300w, https:\/\/aviator-slotgame.com\/wp-content\/uploads\/Aviator-4-800-x-600-\u043f\u0438\u043a\u0441-768x576.jpg 768w, https:\/\/aviator-slotgame.com\/wp-content\/uploads\/Aviator-4-800-x-600-\u043f\u0438\u043a\u0441-16x12.jpg 16w\" sizes=\"auto, (max-width: 800px) 100vw, 800px\" \/><\/p>\n<p>Aviator av\u0101rijas sp\u0113l\u0113, t\u0101pat k\u0101 daudz\u0101s cit\u0101s azartsp\u0113\u013cu sp\u0113l\u0113s, ir svar\u012bgi atcer\u0113ties, ka rezult\u0101ti ir balst\u012bti uz nejau\u0161\u012bbu. Tom\u0113r ir vair\u0101kas strat\u0113\u0123ijas un taktikas, kas var pal\u012bdz\u0113t palielin\u0101t j\u016bsu izredzes uzvar\u0113t un p\u0101rvald\u012bt savu bankrotu. \u0160eit ir da\u017ei no tiem:<\/p>\n<h2>X strat\u0113\u0123ija sp\u0113l\u0113 Aviator \u2014 K\u0101 no\u0137ert lielas izredzes<\/h2>\n<p>B\u016bt\u012bba ir t\u0101da, ka jums ir j\u0101m\u0113\u0123ina pan\u0101kt noteiktu koeficientu noteikt\u0101 laika period\u0101. P\u0113c sp\u0113\u013cu statistikas anal\u012bzes j\u016bs varat paman\u012bt, ka noteiktas izredzes samazin\u0101s ar noteiktu bie\u017eumu. X100 kr\u012bt vismaz reizi pusotras stundas laik\u0101, t\u0101p\u0113c, ja saskait\u0101t, cik daudz laika ir pag\u0101jis kop\u0161 \u0161\u012b reizin\u0101t\u0101ja p\u0113d\u0113j\u0101 kritiena, veicot likmi virs 10$, j\u016bs varat aizvest m\u0101j\u0101s lielu laimestu.<\/p>\n<p><img loading=\"lazy\" decoding=\"async\" class=\"alignnone size-full wp-image-303\" src=\"https:\/\/aviator-slotgame.com\/wp-content\/uploads\/Aviator-17-800-x-600-\u043f\u0438\u043a\u0441.jpg\" alt=\"Nozvejas izredzes sp\u0113l\u0113 Aviator\" width=\"800\" height=\"600\" srcset=\"https:\/\/aviator-slotgame.com\/wp-content\/uploads\/Aviator-17-800-x-600-\u043f\u0438\u043a\u0441.jpg 800w, https:\/\/aviator-slotgame.com\/wp-content\/uploads\/Aviator-17-800-x-600-\u043f\u0438\u043a\u0441-300x225.jpg 300w, https:\/\/aviator-slotgame.com\/wp-content\/uploads\/Aviator-17-800-x-600-\u043f\u0438\u043a\u0441-768x576.jpg 768w, https:\/\/aviator-slotgame.com\/wp-content\/uploads\/Aviator-17-800-x-600-\u043f\u0438\u043a\u0441-16x12.jpg 16w\" sizes=\"auto, (max-width: 800px) 100vw, 800px\" \/><\/p><div class=\"a78185e9f49acb0fd5b7cc91aab6ca74\" data-index=\"1\" style=\"float: none; margin:10px 0 10px 0; text-align:center;\">\n<div class=\"custom-play-button\">\r\n<center><a href=\"https:\/\/aviator-slotgame.com\/lv\/play-game\/\" rel=\"nofollow\" target=\"_blank\">Sp\u0113l\u0113t tagad<\/a><br><\/center>\r\n<\/div>\n<\/div>\n\n<h2>Dubult\u0101 likme sp\u0113l\u0113 Aviator \u2013 samaziniet riskus un palieliniet laimestus<\/h2>\n<p>Sekojo\u0161\u0101 taktika ir piem\u0113rota tiem, kuri nevar veikt lielu pirmo iemaksu vai nev\u0113las risk\u0113t ar lielu summu. J\u016bsu pirmajai likmei j\u0101b\u016bt 10$, m\u0113s run\u0101jam par dubulto likmi, t\u0101tad vien\u0101 k\u0101rt\u0101 j\u016bs izt\u0113r\u0113jat vismaz 21$. Autom\u0101tisk\u0101 iz\u0146em\u0161ana abos ekr\u0101nos ir iestat\u012bta uz aptuveni 1,2. Lidma\u0161\u012bna gandr\u012bz vienm\u0113r p\u0101rsniedz \u0161o atz\u012bmi. No t\u0101 izriet, ka lietot\u0101js, izmantojot ilgu sp\u0113li, noteikti var\u0113s laim\u0113t savu naudu ar minim\u0101laj\u0101m likm\u0113m.<\/p>\n<p><img loading=\"lazy\" decoding=\"async\" class=\"alignnone size-full wp-image-305\" src=\"https:\/\/aviator-slotgame.com\/wp-content\/uploads\/Aviator-18-800-x-600-\u043f\u0438\u043a\u0441.jpg\" alt=\"Dubult\u0101s likmes Aviator sp\u0113l\u0113\" width=\"800\" height=\"600\" srcset=\"https:\/\/aviator-slotgame.com\/wp-content\/uploads\/Aviator-18-800-x-600-\u043f\u0438\u043a\u0441.jpg 800w, https:\/\/aviator-slotgame.com\/wp-content\/uploads\/Aviator-18-800-x-600-\u043f\u0438\u043a\u0441-300x225.jpg 300w, https:\/\/aviator-slotgame.com\/wp-content\/uploads\/Aviator-18-800-x-600-\u043f\u0438\u043a\u0441-768x576.jpg 768w, https:\/\/aviator-slotgame.com\/wp-content\/uploads\/Aviator-18-800-x-600-\u043f\u0438\u043a\u0441-16x12.jpg 16w\" sizes=\"auto, (max-width: 800px) 100vw, 800px\" \/><\/p>\n<h2>Bankrola vad\u012bba Aviator sp\u0113l\u0113 - K\u0101 izvair\u012bties no zaud\u0113jumiem un saglab\u0101t l\u012bdzsvaru<\/h2>\n<p>Viena no galvenaj\u0101m azartsp\u0113\u013cu strat\u0113\u0123ij\u0101m ir sp\u0113ja labi p\u0101rvald\u012bt savu banku. Iestatiet sev ierobe\u017eojumus, cik daudz varat zaud\u0113t un uzvar\u0113t, un iev\u0113rojiet tos. Tas pal\u012bdz\u0113s izvair\u012bties no lieliem zaud\u0113jumiem un saglab\u0101t sp\u0113les l\u012bdzsvaru.<\/p>\n<p><img loading=\"lazy\" decoding=\"async\" class=\"alignnone size-full wp-image-307\" src=\"https:\/\/aviator-slotgame.com\/wp-content\/uploads\/Aviator-19-800-x-600-\u043f\u0438\u043a\u0441.jpg\" alt=\"P\u0101rvaldiet savu bankrollu sp\u0113l\u0113 Aviator\" width=\"800\" height=\"600\" srcset=\"https:\/\/aviator-slotgame.com\/wp-content\/uploads\/Aviator-19-800-x-600-\u043f\u0438\u043a\u0441.jpg 800w, https:\/\/aviator-slotgame.com\/wp-content\/uploads\/Aviator-19-800-x-600-\u043f\u0438\u043a\u0441-300x225.jpg 300w, https:\/\/aviator-slotgame.com\/wp-content\/uploads\/Aviator-19-800-x-600-\u043f\u0438\u043a\u0441-768x576.jpg 768w, https:\/\/aviator-slotgame.com\/wp-content\/uploads\/Aviator-19-800-x-600-\u043f\u0438\u043a\u0441-16x12.jpg 16w\" sizes=\"auto, (max-width: 800px) 100vw, 800px\" \/><\/p>\n<h2>K\u0101p\u0113c Aviator ir viena no lab\u0101kaj\u0101m sp\u0113l\u0113m ar augstu RTP<\/h2>\n<p>M\u0113\u0123iniet izv\u0113l\u0113ties sp\u0113les ar augst\u0101ku RTP (Atgriezties pie atska\u0146ot\u0101ja). Tie\u0161saistes sp\u0113le Aviator ietilpst av\u0101rijas sp\u0113\u013cu sarakst\u0101 ar augstu RTP procentu\u0101lo v\u0113rt\u012bbu. Jo augst\u0101ks RTP, jo liel\u0101ka iesp\u0113ja uzvar\u0113t ilgtermi\u0146\u0101.<\/p>\n<h2>Sp\u0113l\u0113t ar maksim\u0101lo likmi Aviator - riski un ieguvumi<\/h2>\n<p>Da\u017e\u0101s sp\u0113l\u0113s, tostarp Aviator, likmes uz maksimumu var palielin\u0101t j\u016bsu izredzes g\u016bt lielus laimestus. Tom\u0113r atcerieties, ka, sp\u0113l\u0113jot uz maksim\u0101l\u0101s likmes, var rasties ar\u012b \u0101tri zaud\u0113jumi, t\u0101p\u0113c esiet uzman\u012bgi.<\/p>\n<h2>Divk\u0101r\u0161o\u0161anas strat\u0113\u0123ija sp\u0113l\u0113 Aviator<\/h2>\n<p>Da\u017ei sp\u0113l\u0113t\u0101ji izmanto dubulto\u0161anas strat\u0113\u0123iju, kur\u0101 vi\u0146i dubulto likmi p\u0113c katra zaud\u0113juma. \u0160ai taktikai ir savi riski, t\u0101p\u0113c izmantojiet to piesardz\u012bgi.<\/p>\n<h2>Demo re\u017e\u012bms sp\u0113l\u0113 Aviator<\/h2>\n<p>Pirms sp\u0113l\u0113jat uz \u012bstu naudu, m\u0113\u0123iniet sp\u0113l\u0113t demonstr\u0101cijas re\u017e\u012bm\u0101, lai uzzin\u0101tu sp\u0113li, t\u0101s noteikumus un funkcijas. Tas pal\u012bdz\u0113s jums izstr\u0101d\u0101t savu strat\u0113\u0123iju un sagatavoties sp\u0113lei uz \u012bstu naudu.<\/p>\n<h2>Ieteikumi un padomi sp\u0113lei Aviator<\/h2>\n<p>Izmantojiet \u0161\u0101dus padomus, tas noteikti jums pal\u012bdz\u0113s sp\u0113l\u0113:<\/p>\n<ul>\n<li>Veltiet laiku, lai r\u016bp\u012bgi iepaz\u012btos ar sp\u0113\u013cu tehniku, k\u0101 notiek maks\u0101jumi, papildin\u0101\u0161ana un bonusi. Ja j\u016bs saprotat sp\u0113les principus un to, k\u0101 t\u0101 darbojas, j\u016bsu turpm\u0101kie l\u0113mumi b\u016bs racion\u0101l\u0101ki.<\/li>\n<\/ul>\n<ul>\n<li>Mainiet savas likmes. T\u0101 viet\u0101, lai katr\u0101 k\u0101rt\u0101 veiktu vienas un t\u0101s pa\u0161as likmes, m\u0113\u0123iniet main\u012bt likmes. Reiz\u0113m lab\u0101k ir izdar\u012bt liel\u0101ku likmi, lai palielin\u0101tu izredzes g\u016bt lielus laimestus, un da\u017ereiz maz\u0101ku likmi, lai samazin\u0101tu zaud\u0113jumus.<\/li>\n<\/ul>\n<ul>\n<li>P\u0101rvaldiet savu bud\u017eetu. Sp\u0113l\u0113 ir \u013coti svar\u012bgi sp\u0113t p\u0101rvald\u012bt savas finanses. Iestatiet sev zaud\u0113jumu ierobe\u017eojumu un pieturieties pie t\u0101. Ne\u013caujiet sev sp\u0113l\u0113t ar liel\u0101m summ\u0101m, kuras nevarat at\u013cauties zaud\u0113t.<\/li>\n<\/ul>\n<ul>\n<li>Sp\u0113l\u0113jiet gudri. Neaizmirstiet, ka sp\u0113l\u0113\u0161ana kazino vienm\u0113r ir saist\u012bta ar risku. Sp\u0113l\u0113jiet atbild\u012bgi un ne\u013caujiet emocij\u0101m ietekm\u0113t j\u016bsu l\u0113mumus. Atcerieties, ka veiksme var b\u016bt neparedzama, t\u0101p\u0113c nepa\u013caujieties tikai uz to.<\/li>\n<\/ul>\n<ul>\n<li>Uzziniet sp\u0113les noteikumus. Lai g\u016btu pan\u0101kumus tie\u0161saistes kazino Aviator un jebkur\u0101 cit\u0101 kazino, ir svar\u012bgi labi izprast sp\u0113les noteikumus. Izp\u0113tiet visas sp\u0113les deta\u013cas un funkcijas, lai pie\u0146emtu apzin\u0101tus l\u0113mumus.<\/li>\n<\/ul>\n<ul>\n<li>Izmantojiet demonstr\u0101cijas re\u017e\u012bmu. Ja esat ies\u0101c\u0113js sp\u0113l\u0113 vai vienk\u0101r\u0161i v\u0113laties praktiz\u0113t un lab\u0101k izprast sp\u0113les gaitu, izmantojiet demonstr\u0101cijas re\u017e\u012bmu, lai sp\u0113l\u0113tu, nerisk\u0113jot zaud\u0113t re\u0101lu naudu. Tas pal\u012bdz\u0113s jums labi iejusties sp\u0113l\u0113 un att\u012bst\u012bt strat\u0113\u0123iju.<\/li>\n<\/ul>\n<ul>\n<li>Piev\u0113rsiet uzman\u012bbu citu sp\u0113l\u0113t\u0101ju viedok\u013ciem. Iesp\u0113jams, ka citi sp\u0113l\u0113t\u0101ji jau ir atradu\u0161i efekt\u012bvas strat\u0113\u0123ijas vai padomus, k\u0101 sp\u0113l\u0113t Aviator. Lasiet forumus un diskusijas, lai uzzin\u0101tu vair\u0101k par tiem un izmantotu tos sav\u0101 sp\u0113l\u0113. Un bie\u017e\u0101k piev\u0113rsiet uzman\u012bbu sp\u0113les t\u0113rz\u0113\u0161anai!<\/li>\n<\/ul>\n<ul>\n<li>P\u0101rliecinieties, vai jums ir labs interneta savienojums. Pirms s\u0101kat sp\u0113l\u0113t, p\u0101rliecinieties, vai jums ir stabils savienojums! Neparedz\u0113tas atvieno\u0161anas gad\u012bjum\u0101 izstr\u0101d\u0101t\u0101ji nav atbild\u012bgi par zaud\u0113to likmi.<\/li>\n<\/ul>\n<p>Es ceru, ka \u0161ie ieteikumi pal\u012bdz\u0113s jums izbaud\u012bt tie\u0161saistes sp\u0113li Aviator un palielin\u0101s j\u016bsu izredzes g\u016bt pan\u0101kumus.<\/p>\n<p><img loading=\"lazy\" decoding=\"async\" class=\"alignnone size-full wp-image-301\" src=\"https:\/\/aviator-slotgame.com\/wp-content\/uploads\/Aviator-16-800-x-600-\u043f\u0438\u043a\u0441.jpg\" alt=\"Svar\u012bgi padomi, k\u0101 veiksm\u012bgi sp\u0113l\u0113t Aviator\" width=\"800\" height=\"600\" srcset=\"https:\/\/aviator-slotgame.com\/wp-content\/uploads\/Aviator-16-800-x-600-\u043f\u0438\u043a\u0441.jpg 800w, https:\/\/aviator-slotgame.com\/wp-content\/uploads\/Aviator-16-800-x-600-\u043f\u0438\u043a\u0441-300x225.jpg 300w, https:\/\/aviator-slotgame.com\/wp-content\/uploads\/Aviator-16-800-x-600-\u043f\u0438\u043a\u0441-768x576.jpg 768w, https:\/\/aviator-slotgame.com\/wp-content\/uploads\/Aviator-16-800-x-600-\u043f\u0438\u043a\u0441-16x12.jpg 16w\" sizes=\"auto, (max-width: 800px) 100vw, 800px\" \/><\/p>\n\n<div style=\"font-size: 0px; height: 0px; line-height: 0px; margin: 0; padding: 0; clear: both;\"><\/div>","protected":false},"excerpt":{"rendered":"<p>Aviator av\u0101rijas sp\u0113l\u0113, t\u0101pat k\u0101 daudz\u0101s cit\u0101s azartsp\u0113\u013cu sp\u0113l\u0113s, ir svar\u012bgi atcer\u0113ties, ka rezult\u0101ti ir balst\u012bti uz nejau\u0161\u012bbu. Tom\u0113r<\/p>","protected":false},"author":1,"featured_media":0,"parent":0,"menu_order":0,"comment_status":"closed","ping_status":"closed","template":"","meta":{"footnotes":""},"class_list":["post-230","page","type-page","status-publish","hentry"],"yoast_head":"<!-- This site is optimized with the Yoast SEO plugin v22.0 - https:\/\/yoast.com\/wordpress\/plugins\/seo\/ -->\n<title>C\u0442\u0440\u0430\u0442\u0435\u0433\u0438\u0438 \u0438\u0433\u0440\u044b \u0410\u0432\u0438\u0430\u0442\u043e\u0440 \u2014 \u041a\u0430\u043a \u0432\u044b\u0438\u0433\u0440\u044b\u0432\u0430\u0442\u044c \u0434\u0435\u043d\u044c\u0433\u0438 \u0432 \u043a\u0440\u0430\u0448-\u0441\u043b\u043e\u0442<\/title>\n<meta name=\"description\" content=\"\u0418\u0437\u0443\u0447\u0438\u0442\u0435 \u0441\u0442\u0440\u0430\u0442\u0435\u0433\u0438\u0438 \u0438 \u0442\u0430\u043a\u0442\u0438\u043a\u0438 \u0438\u0433\u0440\u044b \u0432 \u0441\u043b\u043e\u0442 \u0410\u0432\u0438\u0430\u0442\u043e\u0440. \u0423\u043f\u0440\u0430\u0432\u043b\u044f\u0439\u0442\u0435 \u0431\u0430\u043d\u043a\u0440\u043e\u043b\u043b\u043e\u043c, \u0438\u0441\u043f\u043e\u043b\u044c\u0437\u0443\u0439\u0442\u0435 \u043a\u043e\u044d\u0444\u0444\u0438\u0446\u0438\u0435\u043d\u0442\u044b \u0438 \u0443\u0432\u0435\u043b\u0438\u0447\u0438\u0432\u0430\u0439\u0442\u0435 \u0448\u0430\u043d\u0441\u044b \u043d\u0430 \u0432\u044b\u0438\u0433\u0440\u044b\u0448 \u0432 \u043a\u0440\u0430\u0448-\u0438\u0433\u0440\u0435 \u043d\u0430 \u0434\u0435\u043d\u044c\u0433\u0438.\" \/>\n<meta name=\"robots\" content=\"index, follow, max-snippet:-1, max-image-preview:large, max-video-preview:-1\" \/>\n<link rel=\"canonical\" href=\"https:\/\/aviator-slotgame.com\/lv\/strategy-and-tactics\/\" \/>\n<meta property=\"og:locale\" content=\"lv_LV\" \/>\n<meta property=\"og:type\" content=\"article\" \/>\n<meta property=\"og:title\" content=\"C\u0442\u0440\u0430\u0442\u0435\u0433\u0438\u0438 \u0438\u0433\u0440\u044b \u0410\u0432\u0438\u0430\u0442\u043e\u0440 \u2014 \u041a\u0430\u043a \u0432\u044b\u0438\u0433\u0440\u044b\u0432\u0430\u0442\u044c \u0434\u0435\u043d\u044c\u0433\u0438 \u0432 \u043a\u0440\u0430\u0448-\u0441\u043b\u043e\u0442\" \/>\n<meta property=\"og:description\" content=\"\u0418\u0437\u0443\u0447\u0438\u0442\u0435 \u0441\u0442\u0440\u0430\u0442\u0435\u0433\u0438\u0438 \u0438 \u0442\u0430\u043a\u0442\u0438\u043a\u0438 \u0438\u0433\u0440\u044b \u0432 \u0441\u043b\u043e\u0442 \u0410\u0432\u0438\u0430\u0442\u043e\u0440. \u0423\u043f\u0440\u0430\u0432\u043b\u044f\u0439\u0442\u0435 \u0431\u0430\u043d\u043a\u0440\u043e\u043b\u043b\u043e\u043c, \u0438\u0441\u043f\u043e\u043b\u044c\u0437\u0443\u0439\u0442\u0435 \u043a\u043e\u044d\u0444\u0444\u0438\u0446\u0438\u0435\u043d\u0442\u044b \u0438 \u0443\u0432\u0435\u043b\u0438\u0447\u0438\u0432\u0430\u0439\u0442\u0435 \u0448\u0430\u043d\u0441\u044b \u043d\u0430 \u0432\u044b\u0438\u0433\u0440\u044b\u0448 \u0432 \u043a\u0440\u0430\u0448-\u0438\u0433\u0440\u0435 \u043d\u0430 \u0434\u0435\u043d\u044c\u0433\u0438.\" \/>\n<meta property=\"og:url\" content=\"https:\/\/aviator-slotgame.com\/lv\/strategy-and-tactics\/\" \/>\n<meta property=\"og:site_name\" content=\"Aviator\" \/>\n<meta property=\"article:modified_time\" content=\"2024-10-03T23:03:12+00:00\" \/>\n<meta name=\"twitter:card\" content=\"summary_large_image\" \/>\n<meta name=\"twitter:label1\" content=\"Est. reading time\" \/>\n\t<meta name=\"twitter:data1\" content=\"4 min\u016btes\" \/>\n<script type=\"application\/ld+json\" class=\"yoast-schema-graph\">{\"@context\":\"https:\/\/schema.org\",\"@graph\":[{\"@type\":\"WebPage\",\"@id\":\"https:\/\/aviator-slotgame.com\/strategy-and-tactics\/\",\"url\":\"https:\/\/aviator-slotgame.com\/strategy-and-tactics\/\",\"name\":\"C\u0442\u0440\u0430\u0442\u0435\u0433\u0438\u0438 \u0438\u0433\u0440\u044b \u0410\u0432\u0438\u0430\u0442\u043e\u0440 \u2014 \u041a\u0430\u043a \u0432\u044b\u0438\u0433\u0440\u044b\u0432\u0430\u0442\u044c \u0434\u0435\u043d\u044c\u0433\u0438 \u0432 \u043a\u0440\u0430\u0448-\u0441\u043b\u043e\u0442\",\"isPartOf\":{\"@id\":\"https:\/\/aviator-slotgame.com\/#website\"},\"datePublished\":\"2024-09-06T08:55:11+00:00\",\"dateModified\":\"2024-10-03T23:03:12+00:00\",\"description\":\"\u0418\u0437\u0443\u0447\u0438\u0442\u0435 \u0441\u0442\u0440\u0430\u0442\u0435\u0433\u0438\u0438 \u0438 \u0442\u0430\u043a\u0442\u0438\u043a\u0438 \u0438\u0433\u0440\u044b \u0432 \u0441\u043b\u043e\u0442 \u0410\u0432\u0438\u0430\u0442\u043e\u0440. \u0423\u043f\u0440\u0430\u0432\u043b\u044f\u0439\u0442\u0435 \u0431\u0430\u043d\u043a\u0440\u043e\u043b\u043b\u043e\u043c, \u0438\u0441\u043f\u043e\u043b\u044c\u0437\u0443\u0439\u0442\u0435 \u043a\u043e\u044d\u0444\u0444\u0438\u0446\u0438\u0435\u043d\u0442\u044b \u0438 \u0443\u0432\u0435\u043b\u0438\u0447\u0438\u0432\u0430\u0439\u0442\u0435 \u0448\u0430\u043d\u0441\u044b \u043d\u0430 \u0432\u044b\u0438\u0433\u0440\u044b\u0448 \u0432 \u043a\u0440\u0430\u0448-\u0438\u0433\u0440\u0435 \u043d\u0430 \u0434\u0435\u043d\u044c\u0433\u0438.\",\"breadcrumb\":{\"@id\":\"https:\/\/aviator-slotgame.com\/strategy-and-tactics\/#breadcrumb\"},\"inLanguage\":\"lv-LV\",\"potentialAction\":[{\"@type\":\"ReadAction\",\"target\":[\"https:\/\/aviator-slotgame.com\/strategy-and-tactics\/\"]}]},{\"@type\":\"BreadcrumbList\",\"@id\":\"https:\/\/aviator-slotgame.com\/strategy-and-tactics\/#breadcrumb\",\"itemListElement\":[{\"@type\":\"ListItem\",\"position\":1,\"name\":\"Home\",\"item\":\"https:\/\/aviator-slotgame.com\/\"},{\"@type\":\"ListItem\",\"position\":2,\"name\":\"\u0421\u0442\u0440\u0430\u0442\u0435\u0433\u0438\u0438 \u0438 \u0442\u0430\u043a\u0442\u0438\u043a\u0438 \u0438\u0433\u0440\u044b Aviator\"}]},{\"@type\":\"WebSite\",\"@id\":\"https:\/\/aviator-slotgame.com\/#website\",\"url\":\"https:\/\/aviator-slotgame.com\/\",\"name\":\"Aviator\",\"description\":\"\",\"publisher\":{\"@id\":\"https:\/\/aviator-slotgame.com\/#organization\"},\"potentialAction\":[{\"@type\":\"SearchAction\",\"target\":{\"@type\":\"EntryPoint\",\"urlTemplate\":\"https:\/\/aviator-slotgame.com\/?s={search_term_string}\"},\"query-input\":\"required name=search_term_string\"}],\"inLanguage\":\"lv-LV\"},{\"@type\":\"Organization\",\"@id\":\"https:\/\/aviator-slotgame.com\/#organization\",\"name\":\"Aviator\",\"url\":\"https:\/\/aviator-slotgame.com\/\",\"logo\":{\"@type\":\"ImageObject\",\"inLanguage\":\"lv-LV\",\"@id\":\"https:\/\/aviator-slotgame.com\/#\/schema\/logo\/image\/\",\"url\":\"https:\/\/aviator-slotgame.com\/wp-content\/uploads\/16f5e8_dade544d4623411c9c4153c639aae85amv2.webp\",\"contentUrl\":\"https:\/\/aviator-slotgame.com\/wp-content\/uploads\/16f5e8_dade544d4623411c9c4153c639aae85amv2.webp\",\"width\":400,\"height\":300,\"caption\":\"Aviator\"},\"image\":{\"@id\":\"https:\/\/aviator-slotgame.com\/#\/schema\/logo\/image\/\"}}]}<\/script>\n<!-- \/ Yoast SEO plugin. -->","yoast_head_json":{"title":"C\u0442\u0440\u0430\u0442\u0435\u0433\u0438\u0438 \u0438\u0433\u0440\u044b \u0410\u0432\u0438\u0430\u0442\u043e\u0440 \u2014 \u041a\u0430\u043a \u0432\u044b\u0438\u0433\u0440\u044b\u0432\u0430\u0442\u044c \u0434\u0435\u043d\u044c\u0433\u0438 \u0432 \u043a\u0440\u0430\u0448-\u0441\u043b\u043e\u0442","description":"\u0418\u0437\u0443\u0447\u0438\u0442\u0435 \u0441\u0442\u0440\u0430\u0442\u0435\u0433\u0438\u0438 \u0438 \u0442\u0430\u043a\u0442\u0438\u043a\u0438 \u0438\u0433\u0440\u044b \u0432 \u0441\u043b\u043e\u0442 \u0410\u0432\u0438\u0430\u0442\u043e\u0440. \u0423\u043f\u0440\u0430\u0432\u043b\u044f\u0439\u0442\u0435 \u0431\u0430\u043d\u043a\u0440\u043e\u043b\u043b\u043e\u043c, \u0438\u0441\u043f\u043e\u043b\u044c\u0437\u0443\u0439\u0442\u0435 \u043a\u043e\u044d\u0444\u0444\u0438\u0446\u0438\u0435\u043d\u0442\u044b \u0438 \u0443\u0432\u0435\u043b\u0438\u0447\u0438\u0432\u0430\u0439\u0442\u0435 \u0448\u0430\u043d\u0441\u044b \u043d\u0430 \u0432\u044b\u0438\u0433\u0440\u044b\u0448 \u0432 \u043a\u0440\u0430\u0448-\u0438\u0433\u0440\u0435 \u043d\u0430 \u0434\u0435\u043d\u044c\u0433\u0438.","robots":{"index":"index","follow":"follow","max-snippet":"max-snippet:-1","max-image-preview":"max-image-preview:large","max-video-preview":"max-video-preview:-1"},"canonical":"https:\/\/aviator-slotgame.com\/lv\/strategy-and-tactics\/","og_locale":"lv_LV","og_type":"article","og_title":"C\u0442\u0440\u0430\u0442\u0435\u0433\u0438\u0438 \u0438\u0433\u0440\u044b \u0410\u0432\u0438\u0430\u0442\u043e\u0440 \u2014 \u041a\u0430\u043a \u0432\u044b\u0438\u0433\u0440\u044b\u0432\u0430\u0442\u044c \u0434\u0435\u043d\u044c\u0433\u0438 \u0432 \u043a\u0440\u0430\u0448-\u0441\u043b\u043e\u0442","og_description":"\u0418\u0437\u0443\u0447\u0438\u0442\u0435 \u0441\u0442\u0440\u0430\u0442\u0435\u0433\u0438\u0438 \u0438 \u0442\u0430\u043a\u0442\u0438\u043a\u0438 \u0438\u0433\u0440\u044b \u0432 \u0441\u043b\u043e\u0442 \u0410\u0432\u0438\u0430\u0442\u043e\u0440. \u0423\u043f\u0440\u0430\u0432\u043b\u044f\u0439\u0442\u0435 \u0431\u0430\u043d\u043a\u0440\u043e\u043b\u043b\u043e\u043c, \u0438\u0441\u043f\u043e\u043b\u044c\u0437\u0443\u0439\u0442\u0435 \u043a\u043e\u044d\u0444\u0444\u0438\u0446\u0438\u0435\u043d\u0442\u044b \u0438 \u0443\u0432\u0435\u043b\u0438\u0447\u0438\u0432\u0430\u0439\u0442\u0435 \u0448\u0430\u043d\u0441\u044b \u043d\u0430 \u0432\u044b\u0438\u0433\u0440\u044b\u0448 \u0432 \u043a\u0440\u0430\u0448-\u0438\u0433\u0440\u0435 \u043d\u0430 \u0434\u0435\u043d\u044c\u0433\u0438.","og_url":"https:\/\/aviator-slotgame.com\/lv\/strategy-and-tactics\/","og_site_name":"Aviator","article_modified_time":"2024-10-03T23:03:12+00:00","twitter_card":"summary_large_image","twitter_misc":{"Est. reading time":"4 min\u016btes"},"schema":{"@context":"https:\/\/schema.org","@graph":[{"@type":"WebPage","@id":"https:\/\/aviator-slotgame.com\/strategy-and-tactics\/","url":"https:\/\/aviator-slotgame.com\/strategy-and-tactics\/","name":"C\u0442\u0440\u0430\u0442\u0435\u0433\u0438\u0438 \u0438\u0433\u0440\u044b \u0410\u0432\u0438\u0430\u0442\u043e\u0440 \u2014 \u041a\u0430\u043a \u0432\u044b\u0438\u0433\u0440\u044b\u0432\u0430\u0442\u044c \u0434\u0435\u043d\u044c\u0433\u0438 \u0432 \u043a\u0440\u0430\u0448-\u0441\u043b\u043e\u0442","isPartOf":{"@id":"https:\/\/aviator-slotgame.com\/#website"},"datePublished":"2024-09-06T08:55:11+00:00","dateModified":"2024-10-03T23:03:12+00:00","description":"\u0418\u0437\u0443\u0447\u0438\u0442\u0435 \u0441\u0442\u0440\u0430\u0442\u0435\u0433\u0438\u0438 \u0438 \u0442\u0430\u043a\u0442\u0438\u043a\u0438 \u0438\u0433\u0440\u044b \u0432 \u0441\u043b\u043e\u0442 \u0410\u0432\u0438\u0430\u0442\u043e\u0440. \u0423\u043f\u0440\u0430\u0432\u043b\u044f\u0439\u0442\u0435 \u0431\u0430\u043d\u043a\u0440\u043e\u043b\u043b\u043e\u043c, \u0438\u0441\u043f\u043e\u043b\u044c\u0437\u0443\u0439\u0442\u0435 \u043a\u043e\u044d\u0444\u0444\u0438\u0446\u0438\u0435\u043d\u0442\u044b \u0438 \u0443\u0432\u0435\u043b\u0438\u0447\u0438\u0432\u0430\u0439\u0442\u0435 \u0448\u0430\u043d\u0441\u044b \u043d\u0430 \u0432\u044b\u0438\u0433\u0440\u044b\u0448 \u0432 \u043a\u0440\u0430\u0448-\u0438\u0433\u0440\u0435 \u043d\u0430 \u0434\u0435\u043d\u044c\u0433\u0438.","breadcrumb":{"@id":"https:\/\/aviator-slotgame.com\/strategy-and-tactics\/#breadcrumb"},"inLanguage":"lv-LV","potentialAction":[{"@type":"ReadAction","target":["https:\/\/aviator-slotgame.com\/strategy-and-tactics\/"]}]},{"@type":"BreadcrumbList","@id":"https:\/\/aviator-slotgame.com\/strategy-and-tactics\/#breadcrumb","itemListElement":[{"@type":"ListItem","position":1,"name":"Home","item":"https:\/\/aviator-slotgame.com\/"},{"@type":"ListItem","position":2,"name":"\u0421\u0442\u0440\u0430\u0442\u0435\u0433\u0438\u0438 \u0438 \u0442\u0430\u043a\u0442\u0438\u043a\u0438 \u0438\u0433\u0440\u044b Aviator"}]},{"@type":"WebSite","@id":"https:\/\/aviator-slotgame.com\/#website","url":"https:\/\/aviator-slotgame.com\/","name":"Aviator","description":"","publisher":{"@id":"https:\/\/aviator-slotgame.com\/#organization"},"potentialAction":[{"@type":"SearchAction","target":{"@type":"EntryPoint","urlTemplate":"https:\/\/aviator-slotgame.com\/?s={search_term_string}"},"query-input":"required name=search_term_string"}],"inLanguage":"lv-LV"},{"@type":"Organization","@id":"https:\/\/aviator-slotgame.com\/#organization","name":"Aviator","url":"https:\/\/aviator-slotgame.com\/","logo":{"@type":"ImageObject","inLanguage":"lv-LV","@id":"https:\/\/aviator-slotgame.com\/#\/schema\/logo\/image\/","url":"https:\/\/aviator-slotgame.com\/wp-content\/uploads\/16f5e8_dade544d4623411c9c4153c639aae85amv2.webp","contentUrl":"https:\/\/aviator-slotgame.com\/wp-content\/uploads\/16f5e8_dade544d4623411c9c4153c639aae85amv2.webp","width":400,"height":300,"caption":"Aviator"},"image":{"@id":"https:\/\/aviator-slotgame.com\/#\/schema\/logo\/image\/"}}]}},"amp_enabled":true,"_links":{"self":[{"href":"https:\/\/aviator-slotgame.com\/lv\/wp-json\/wp\/v2\/pages\/230","targetHints":{"allow":["GET"]}}],"collection":[{"href":"https:\/\/aviator-slotgame.com\/lv\/wp-json\/wp\/v2\/pages"}],"about":[{"href":"https:\/\/aviator-slotgame.com\/lv\/wp-json\/wp\/v2\/types\/page"}],"author":[{"embeddable":true,"href":"https:\/\/aviator-slotgame.com\/lv\/wp-json\/wp\/v2\/users\/1"}],"replies":[{"embeddable":true,"href":"https:\/\/aviator-slotgame.com\/lv\/wp-json\/wp\/v2\/comments?post=230"}],"version-history":[{"count":14,"href":"https:\/\/aviator-slotgame.com\/lv\/wp-json\/wp\/v2\/pages\/230\/revisions"}],"predecessor-version":[{"id":410,"href":"https:\/\/aviator-slotgame.com\/lv\/wp-json\/wp\/v2\/pages\/230\/revisions\/410"}],"wp:attachment":[{"href":"https:\/\/aviator-slotgame.com\/lv\/wp-json\/wp\/v2\/media?parent=230"}],"curies":[{"name":"wp","href":"https:\/\/api.w.org\/{rel}","templated":true}]}}