{"id":241,"date":"2024-09-06T13:17:52","date_gmt":"2024-09-06T13:17:52","guid":{"rendered":"https:\/\/aviator-slotgame.com\/?page_id=241"},"modified":"2024-10-03T22:55:56","modified_gmt":"2024-10-03T22:55:56","slug":"download-app","status":"publish","type":"page","link":"https:\/\/aviator-slotgame.com\/lv\/download-app\/","title":{"rendered":"Lejupiel\u0101d\u0113jiet av\u0101rijas sp\u0113li Aviator viedt\u0101lru\u0146iem\u00a0\u2014 instrukcijas"},"content":{"rendered":"<div class=\"a78185e9f49acb0fd5b7cc91aab6ca74\" data-index=\"1\" style=\"float: none; margin:10px 0 10px 0; text-align:center;\">\n<div class=\"custom-play-button\">\r\n<center><a href=\"https:\/\/aviator-slotgame.com\/lv\/play-game\/\" rel=\"nofollow\" target=\"_blank\">Sp\u0113l\u0113t tagad<\/a><br><\/center>\r\n<\/div>\n<\/div>\n<p><img loading=\"lazy\" decoding=\"async\" class=\"alignnone size-full wp-image-252\" src=\"https:\/\/aviator-slotgame.com\/wp-content\/uploads\/Aviator-5-800-x-600-\u043f\u0438\u043a\u0441.jpg\" alt=\"Av\u0101rijas sp\u0113le Aviator t\u0101lru\u0146iem\" width=\"800\" height=\"600\" srcset=\"https:\/\/aviator-slotgame.com\/wp-content\/uploads\/Aviator-5-800-x-600-\u043f\u0438\u043a\u0441.jpg 800w, https:\/\/aviator-slotgame.com\/wp-content\/uploads\/Aviator-5-800-x-600-\u043f\u0438\u043a\u0441-300x225.jpg 300w, https:\/\/aviator-slotgame.com\/wp-content\/uploads\/Aviator-5-800-x-600-\u043f\u0438\u043a\u0441-768x576.jpg 768w, https:\/\/aviator-slotgame.com\/wp-content\/uploads\/Aviator-5-800-x-600-\u043f\u0438\u043a\u0441-16x12.jpg 16w\" sizes=\"auto, (max-width: 800px) 100vw, 800px\" \/><\/p>\n<h2>Lejupiel\u0101d\u0113jiet sp\u0113li Aviator sav\u0101 Android ier\u012bc\u0113<\/h2>\n<p>Lai to izdar\u012btu, jums j\u0101veic \u0161\u0101das darb\u012bbas:<\/p>\n<ol>\n<li>Atveriet Google Play veikalu sav\u0101 Android ier\u012bc\u0113.<\/li>\n<li>Mekl\u0113\u0161anas josl\u0101 ievadiet Aviator un mekl\u0113jiet.<\/li>\n<li>Atrodiet vajadz\u012bgo lietojumprogrammu un noklik\u0161\u0137iniet uz pogas Instal\u0113t.<\/li>\n<li>Pagaidiet, l\u012bdz sp\u0113le ir lejupiel\u0101d\u0113ta un instal\u0113ta j\u016bsu ier\u012bc\u0113.<\/li>\n<\/ol>\n<p>L\u016bdzu, \u0146emiet v\u0113r\u0101, ka lietot\u0146u veikal\u0101 var b\u016bt pieejamas da\u017e\u0101das lietotnes ar nosaukumu Aviator, t\u0101p\u0113c noteikti izv\u0113lieties tie\u0161i to sp\u0113li, kuru mekl\u0113jat. T\u0101pat noteikti lejupiel\u0101d\u0113jiet lietotni no ofici\u0101la un uzticama avota, lai izvair\u012btos no \u013caunpr\u0101t\u012bgas programmat\u016bras instal\u0113\u0161anas.<\/p>\n<p>Kad esat instal\u0113jis sp\u0113li Aviator sav\u0101 Android ier\u012bc\u0113, varat izbaud\u012bt \u0161\u012bs aizraujo\u0161\u0101s azartsp\u0113\u013cu sp\u0113les aizraut\u012bbu jebkur\u0101 jums \u0113rt\u0101 laik\u0101 un viet\u0101. Galvenais ir p\u0101rliecin\u0101ties, ka jums ir stabils interneta piesl\u0113gums!<\/p><div class=\"a78185e9f49acb0fd5b7cc91aab6ca74\" data-index=\"1\" style=\"float: none; margin:10px 0 10px 0; text-align:center;\">\n<div class=\"custom-play-button\">\r\n<center><a href=\"https:\/\/aviator-slotgame.com\/lv\/play-game\/\" rel=\"nofollow\" target=\"_blank\">Sp\u0113l\u0113t tagad<\/a><br><\/center>\r\n<\/div>\n<\/div>\n\n<p><img loading=\"lazy\" decoding=\"async\" class=\"alignnone size-full wp-image-350\" src=\"https:\/\/aviator-slotgame.com\/wp-content\/uploads\/Aviator-27-800-x-600-\u043f\u0438\u043a\u0441.jpg\" alt=\"Lejupiel\u0101d\u0113jiet Aviator oper\u0113t\u0101jsist\u0113m\u0101 Android\" width=\"800\" height=\"600\" srcset=\"https:\/\/aviator-slotgame.com\/wp-content\/uploads\/Aviator-27-800-x-600-\u043f\u0438\u043a\u0441.jpg 800w, https:\/\/aviator-slotgame.com\/wp-content\/uploads\/Aviator-27-800-x-600-\u043f\u0438\u043a\u0441-300x225.jpg 300w, https:\/\/aviator-slotgame.com\/wp-content\/uploads\/Aviator-27-800-x-600-\u043f\u0438\u043a\u0441-768x576.jpg 768w, https:\/\/aviator-slotgame.com\/wp-content\/uploads\/Aviator-27-800-x-600-\u043f\u0438\u043a\u0441-16x12.jpg 16w\" sizes=\"auto, (max-width: 800px) 100vw, 800px\" \/><\/p>\n<h2>Lejupiel\u0101d\u0113jiet sp\u0113li Aviator sav\u0101 iOS ier\u012bc\u0113<\/h2>\n<p>Lai lejupiel\u0101d\u0113tu Aviator sp\u0113li iOS ier\u012bc\u0113s, piem\u0113ram, iPhone vai iPad, jums b\u016bs j\u0101dodas uz App Store. Veiciet \u0161\u012bs darb\u012bbas, lai lejupiel\u0101d\u0113tu sp\u0113li sav\u0101 iOS ier\u012bc\u0113:<\/p>\n<ol>\n<li>Atveriet App Store sav\u0101 iOS ier\u012bc\u0113.<\/li>\n<li>Noklik\u0161\u0137iniet uz ikonas Mekl\u0113t ekr\u0101na apak\u0161\u0101.<\/li>\n<li>Mekl\u0113\u0161anas josl\u0101 ierakstiet Aviator un noklik\u0161\u0137iniet uz Mekl\u0113t.<\/li>\n<li>Mekl\u0113\u0161anas rezult\u0101tos atrodiet lietotni Aviator un noklik\u0161\u0137iniet uz t\u0101s.<\/li>\n<li>Noklik\u0161\u0137iniet uz pogas Instal\u0113t blakus lietojumprogrammai.<\/li>\n<li>Ievadiet savu Apple ID paroli vai izmantojiet Touch ID vai Face ID, lai apstiprin\u0101tu lejupiel\u0101di un instal\u0113\u0161anu.<\/li>\n<\/ol>\n<p>Kad instal\u0113\u0161ana ir pabeigta, varat baud\u012bt Aviator sp\u0113li sav\u0101 iOS ier\u012bc\u0113. Noteikti lejupiel\u0101d\u0113jiet lietotni no izstr\u0101d\u0101t\u0101ja, kuram uzticaties, lai izvair\u012btos no viltotu vai \u013caunpr\u0101t\u012bgu lietot\u0146u instal\u0113\u0161anas.<\/p>\n<p><img loading=\"lazy\" decoding=\"async\" class=\"alignnone size-full wp-image-352\" src=\"https:\/\/aviator-slotgame.com\/wp-content\/uploads\/Aviator-28-800-x-600-\u043f\u0438\u043a\u0441.jpg\" alt=\"Lejupiel\u0101d\u0113jiet Aviator oper\u0113t\u0101jsist\u0113mai iOS\" width=\"800\" height=\"600\" srcset=\"https:\/\/aviator-slotgame.com\/wp-content\/uploads\/Aviator-28-800-x-600-\u043f\u0438\u043a\u0441.jpg 800w, https:\/\/aviator-slotgame.com\/wp-content\/uploads\/Aviator-28-800-x-600-\u043f\u0438\u043a\u0441-300x225.jpg 300w, https:\/\/aviator-slotgame.com\/wp-content\/uploads\/Aviator-28-800-x-600-\u043f\u0438\u043a\u0441-768x576.jpg 768w, https:\/\/aviator-slotgame.com\/wp-content\/uploads\/Aviator-28-800-x-600-\u043f\u0438\u043a\u0441-16x12.jpg 16w\" sizes=\"auto, (max-width: 800px) 100vw, 800px\" \/><\/p>\n\n<div style=\"font-size: 0px; height: 0px; line-height: 0px; margin: 0; padding: 0; clear: both;\"><\/div>","protected":false},"excerpt":{"rendered":"<p>Lejupiel\u0101d\u0113jiet sp\u0113li Aviator sav\u0101 Android ier\u012bc\u0113 Lai to izdar\u012btu, veiciet \u0161\u012bs darb\u012bbas: Atveriet sav\u0101 ier\u012bc\u0113 Google Play veikalu<\/p>","protected":false},"author":1,"featured_media":0,"parent":0,"menu_order":0,"comment_status":"closed","ping_status":"closed","template":"","meta":{"footnotes":""},"class_list":["post-241","page","type-page","status-publish","hentry"],"yoast_head":"<!-- This site is optimized with the Yoast SEO plugin v22.0 - https:\/\/yoast.com\/wordpress\/plugins\/seo\/ -->\n<title>\u0421\u043a\u0430\u0447\u0430\u0442\u044c \u0438\u0433\u0440\u0443 \u0410\u0432\u0438\u0430\u0442\u043e\u0440 \u043d\u0430 Android \u0438 iOS \u2014 \u0423\u0441\u0442\u0430\u043d\u043e\u0432\u043a\u0430 \u043a\u0440\u0430\u0448-\u0438\u0433\u0440\u044b<\/title>\n<meta name=\"description\" content=\"\u0423\u0437\u043d\u0430\u0439\u0442\u0435, \u043a\u0430\u043a \u0441\u043a\u0430\u0447\u0430\u0442\u044c \u043a\u0440\u0430\u0448-\u0438\u0433\u0440\u0443 \u0410\u0432\u0438\u0430\u0442\u043e\u0440 \u043d\u0430 \u043c\u043e\u0431\u0438\u043b\u044c\u043d\u044b\u0435 \u0443\u0441\u0442\u0440\u043e\u0439\u0441\u0442\u0432\u0430 Android \u0438 iOS. \u0418\u0433\u0440\u0430\u0439 \u043d\u0430 \u0442\u0435\u043b\u0435\u0444\u043e\u043d\u0435 \u0432 \u043e\u043d\u043b\u0430\u0439\u043d \u043a\u0430\u0437\u0438\u043d\u043e \u0438\u0433\u0440\u0443 \u0447\u0435\u0440\u0435\u0437 Google Play \u0438 App Store.\" \/>\n<meta name=\"robots\" content=\"index, follow, max-snippet:-1, max-image-preview:large, max-video-preview:-1\" \/>\n<link rel=\"canonical\" href=\"https:\/\/aviator-slotgame.com\/lv\/download-app\/\" \/>\n<meta property=\"og:locale\" content=\"lv_LV\" \/>\n<meta property=\"og:type\" content=\"article\" \/>\n<meta property=\"og:title\" content=\"\u0421\u043a\u0430\u0447\u0430\u0442\u044c \u0438\u0433\u0440\u0443 \u0410\u0432\u0438\u0430\u0442\u043e\u0440 \u043d\u0430 Android \u0438 iOS \u2014 \u0423\u0441\u0442\u0430\u043d\u043e\u0432\u043a\u0430 \u043a\u0440\u0430\u0448-\u0438\u0433\u0440\u044b\" \/>\n<meta property=\"og:description\" content=\"\u0423\u0437\u043d\u0430\u0439\u0442\u0435, \u043a\u0430\u043a \u0441\u043a\u0430\u0447\u0430\u0442\u044c \u043a\u0440\u0430\u0448-\u0438\u0433\u0440\u0443 \u0410\u0432\u0438\u0430\u0442\u043e\u0440 \u043d\u0430 \u043c\u043e\u0431\u0438\u043b\u044c\u043d\u044b\u0435 \u0443\u0441\u0442\u0440\u043e\u0439\u0441\u0442\u0432\u0430 Android \u0438 iOS. \u0418\u0433\u0440\u0430\u0439 \u043d\u0430 \u0442\u0435\u043b\u0435\u0444\u043e\u043d\u0435 \u0432 \u043e\u043d\u043b\u0430\u0439\u043d \u043a\u0430\u0437\u0438\u043d\u043e \u0438\u0433\u0440\u0443 \u0447\u0435\u0440\u0435\u0437 Google Play \u0438 App Store.\" \/>\n<meta property=\"og:url\" content=\"https:\/\/aviator-slotgame.com\/lv\/download-app\/\" \/>\n<meta property=\"og:site_name\" content=\"Aviator\" \/>\n<meta property=\"article:modified_time\" content=\"2024-10-03T22:55:56+00:00\" \/>\n<meta name=\"twitter:card\" content=\"summary_large_image\" \/>\n<meta name=\"twitter:label1\" content=\"Est. reading time\" \/>\n\t<meta name=\"twitter:data1\" content=\"2 min\u016btes\" \/>\n<script type=\"application\/ld+json\" class=\"yoast-schema-graph\">{\"@context\":\"https:\/\/schema.org\",\"@graph\":[{\"@type\":\"WebPage\",\"@id\":\"https:\/\/aviator-slotgame.com\/download-app\/\",\"url\":\"https:\/\/aviator-slotgame.com\/download-app\/\",\"name\":\"\u0421\u043a\u0430\u0447\u0430\u0442\u044c \u0438\u0433\u0440\u0443 \u0410\u0432\u0438\u0430\u0442\u043e\u0440 \u043d\u0430 Android \u0438 iOS \u2014 \u0423\u0441\u0442\u0430\u043d\u043e\u0432\u043a\u0430 \u043a\u0440\u0430\u0448-\u0438\u0433\u0440\u044b\",\"isPartOf\":{\"@id\":\"https:\/\/aviator-slotgame.com\/#website\"},\"datePublished\":\"2024-09-06T13:17:52+00:00\",\"dateModified\":\"2024-10-03T22:55:56+00:00\",\"description\":\"\u0423\u0437\u043d\u0430\u0439\u0442\u0435, \u043a\u0430\u043a \u0441\u043a\u0430\u0447\u0430\u0442\u044c \u043a\u0440\u0430\u0448-\u0438\u0433\u0440\u0443 \u0410\u0432\u0438\u0430\u0442\u043e\u0440 \u043d\u0430 \u043c\u043e\u0431\u0438\u043b\u044c\u043d\u044b\u0435 \u0443\u0441\u0442\u0440\u043e\u0439\u0441\u0442\u0432\u0430 Android \u0438 iOS. \u0418\u0433\u0440\u0430\u0439 \u043d\u0430 \u0442\u0435\u043b\u0435\u0444\u043e\u043d\u0435 \u0432 \u043e\u043d\u043b\u0430\u0439\u043d \u043a\u0430\u0437\u0438\u043d\u043e \u0438\u0433\u0440\u0443 \u0447\u0435\u0440\u0435\u0437 Google Play \u0438 App Store.\",\"breadcrumb\":{\"@id\":\"https:\/\/aviator-slotgame.com\/download-app\/#breadcrumb\"},\"inLanguage\":\"lv-LV\",\"potentialAction\":[{\"@type\":\"ReadAction\",\"target\":[\"https:\/\/aviator-slotgame.com\/download-app\/\"]}]},{\"@type\":\"BreadcrumbList\",\"@id\":\"https:\/\/aviator-slotgame.com\/download-app\/#breadcrumb\",\"itemListElement\":[{\"@type\":\"ListItem\",\"position\":1,\"name\":\"Home\",\"item\":\"https:\/\/aviator-slotgame.com\/\"},{\"@type\":\"ListItem\",\"position\":2,\"name\":\"\u0417\u0430\u0433\u0440\u0443\u0437\u0438\u0442\u0435 \u043a\u0440\u0430\u0448-\u0438\u0433\u0440\u0443 \u0410\u0432\u0438\u0430\u0442\u043e\u0440 \u0434\u043b\u044f \u0441\u043c\u0430\u0440\u0442\u0444\u043e\u043d\u043e\u0432 \u2014 \u0418\u043d\u0441\u0442\u0440\u0443\u043a\u0446\u0438\u044f\"}]},{\"@type\":\"WebSite\",\"@id\":\"https:\/\/aviator-slotgame.com\/#website\",\"url\":\"https:\/\/aviator-slotgame.com\/\",\"name\":\"Aviator\",\"description\":\"\",\"publisher\":{\"@id\":\"https:\/\/aviator-slotgame.com\/#organization\"},\"potentialAction\":[{\"@type\":\"SearchAction\",\"target\":{\"@type\":\"EntryPoint\",\"urlTemplate\":\"https:\/\/aviator-slotgame.com\/?s={search_term_string}\"},\"query-input\":\"required name=search_term_string\"}],\"inLanguage\":\"lv-LV\"},{\"@type\":\"Organization\",\"@id\":\"https:\/\/aviator-slotgame.com\/#organization\",\"name\":\"Aviator\",\"url\":\"https:\/\/aviator-slotgame.com\/\",\"logo\":{\"@type\":\"ImageObject\",\"inLanguage\":\"lv-LV\",\"@id\":\"https:\/\/aviator-slotgame.com\/#\/schema\/logo\/image\/\",\"url\":\"https:\/\/aviator-slotgame.com\/wp-content\/uploads\/16f5e8_dade544d4623411c9c4153c639aae85amv2.webp\",\"contentUrl\":\"https:\/\/aviator-slotgame.com\/wp-content\/uploads\/16f5e8_dade544d4623411c9c4153c639aae85amv2.webp\",\"width\":400,\"height\":300,\"caption\":\"Aviator\"},\"image\":{\"@id\":\"https:\/\/aviator-slotgame.com\/#\/schema\/logo\/image\/\"}}]}<\/script>\n<!-- \/ Yoast SEO plugin. -->","yoast_head_json":{"title":"\u0421\u043a\u0430\u0447\u0430\u0442\u044c \u0438\u0433\u0440\u0443 \u0410\u0432\u0438\u0430\u0442\u043e\u0440 \u043d\u0430 Android \u0438 iOS \u2014 \u0423\u0441\u0442\u0430\u043d\u043e\u0432\u043a\u0430 \u043a\u0440\u0430\u0448-\u0438\u0433\u0440\u044b","description":"\u0423\u0437\u043d\u0430\u0439\u0442\u0435, \u043a\u0430\u043a \u0441\u043a\u0430\u0447\u0430\u0442\u044c \u043a\u0440\u0430\u0448-\u0438\u0433\u0440\u0443 \u0410\u0432\u0438\u0430\u0442\u043e\u0440 \u043d\u0430 \u043c\u043e\u0431\u0438\u043b\u044c\u043d\u044b\u0435 \u0443\u0441\u0442\u0440\u043e\u0439\u0441\u0442\u0432\u0430 Android \u0438 iOS. \u0418\u0433\u0440\u0430\u0439 \u043d\u0430 \u0442\u0435\u043b\u0435\u0444\u043e\u043d\u0435 \u0432 \u043e\u043d\u043b\u0430\u0439\u043d \u043a\u0430\u0437\u0438\u043d\u043e \u0438\u0433\u0440\u0443 \u0447\u0435\u0440\u0435\u0437 Google Play \u0438 App Store.","robots":{"index":"index","follow":"follow","max-snippet":"max-snippet:-1","max-image-preview":"max-image-preview:large","max-video-preview":"max-video-preview:-1"},"canonical":"https:\/\/aviator-slotgame.com\/lv\/download-app\/","og_locale":"lv_LV","og_type":"article","og_title":"\u0421\u043a\u0430\u0447\u0430\u0442\u044c \u0438\u0433\u0440\u0443 \u0410\u0432\u0438\u0430\u0442\u043e\u0440 \u043d\u0430 Android \u0438 iOS \u2014 \u0423\u0441\u0442\u0430\u043d\u043e\u0432\u043a\u0430 \u043a\u0440\u0430\u0448-\u0438\u0433\u0440\u044b","og_description":"\u0423\u0437\u043d\u0430\u0439\u0442\u0435, \u043a\u0430\u043a \u0441\u043a\u0430\u0447\u0430\u0442\u044c \u043a\u0440\u0430\u0448-\u0438\u0433\u0440\u0443 \u0410\u0432\u0438\u0430\u0442\u043e\u0440 \u043d\u0430 \u043c\u043e\u0431\u0438\u043b\u044c\u043d\u044b\u0435 \u0443\u0441\u0442\u0440\u043e\u0439\u0441\u0442\u0432\u0430 Android \u0438 iOS. \u0418\u0433\u0440\u0430\u0439 \u043d\u0430 \u0442\u0435\u043b\u0435\u0444\u043e\u043d\u0435 \u0432 \u043e\u043d\u043b\u0430\u0439\u043d \u043a\u0430\u0437\u0438\u043d\u043e \u0438\u0433\u0440\u0443 \u0447\u0435\u0440\u0435\u0437 Google Play \u0438 App Store.","og_url":"https:\/\/aviator-slotgame.com\/lv\/download-app\/","og_site_name":"Aviator","article_modified_time":"2024-10-03T22:55:56+00:00","twitter_card":"summary_large_image","twitter_misc":{"Est. reading time":"2 min\u016btes"},"schema":{"@context":"https:\/\/schema.org","@graph":[{"@type":"WebPage","@id":"https:\/\/aviator-slotgame.com\/download-app\/","url":"https:\/\/aviator-slotgame.com\/download-app\/","name":"\u0421\u043a\u0430\u0447\u0430\u0442\u044c \u0438\u0433\u0440\u0443 \u0410\u0432\u0438\u0430\u0442\u043e\u0440 \u043d\u0430 Android \u0438 iOS \u2014 \u0423\u0441\u0442\u0430\u043d\u043e\u0432\u043a\u0430 \u043a\u0440\u0430\u0448-\u0438\u0433\u0440\u044b","isPartOf":{"@id":"https:\/\/aviator-slotgame.com\/#website"},"datePublished":"2024-09-06T13:17:52+00:00","dateModified":"2024-10-03T22:55:56+00:00","description":"\u0423\u0437\u043d\u0430\u0439\u0442\u0435, \u043a\u0430\u043a \u0441\u043a\u0430\u0447\u0430\u0442\u044c \u043a\u0440\u0430\u0448-\u0438\u0433\u0440\u0443 \u0410\u0432\u0438\u0430\u0442\u043e\u0440 \u043d\u0430 \u043c\u043e\u0431\u0438\u043b\u044c\u043d\u044b\u0435 \u0443\u0441\u0442\u0440\u043e\u0439\u0441\u0442\u0432\u0430 Android \u0438 iOS. \u0418\u0433\u0440\u0430\u0439 \u043d\u0430 \u0442\u0435\u043b\u0435\u0444\u043e\u043d\u0435 \u0432 \u043e\u043d\u043b\u0430\u0439\u043d \u043a\u0430\u0437\u0438\u043d\u043e \u0438\u0433\u0440\u0443 \u0447\u0435\u0440\u0435\u0437 Google Play \u0438 App Store.","breadcrumb":{"@id":"https:\/\/aviator-slotgame.com\/download-app\/#breadcrumb"},"inLanguage":"lv-LV","potentialAction":[{"@type":"ReadAction","target":["https:\/\/aviator-slotgame.com\/download-app\/"]}]},{"@type":"BreadcrumbList","@id":"https:\/\/aviator-slotgame.com\/download-app\/#breadcrumb","itemListElement":[{"@type":"ListItem","position":1,"name":"Home","item":"https:\/\/aviator-slotgame.com\/"},{"@type":"ListItem","position":2,"name":"\u0417\u0430\u0433\u0440\u0443\u0437\u0438\u0442\u0435 \u043a\u0440\u0430\u0448-\u0438\u0433\u0440\u0443 \u0410\u0432\u0438\u0430\u0442\u043e\u0440 \u0434\u043b\u044f \u0441\u043c\u0430\u0440\u0442\u0444\u043e\u043d\u043e\u0432 \u2014 \u0418\u043d\u0441\u0442\u0440\u0443\u043a\u0446\u0438\u044f"}]},{"@type":"WebSite","@id":"https:\/\/aviator-slotgame.com\/#website","url":"https:\/\/aviator-slotgame.com\/","name":"Aviator","description":"","publisher":{"@id":"https:\/\/aviator-slotgame.com\/#organization"},"potentialAction":[{"@type":"SearchAction","target":{"@type":"EntryPoint","urlTemplate":"https:\/\/aviator-slotgame.com\/?s={search_term_string}"},"query-input":"required name=search_term_string"}],"inLanguage":"lv-LV"},{"@type":"Organization","@id":"https:\/\/aviator-slotgame.com\/#organization","name":"Aviator","url":"https:\/\/aviator-slotgame.com\/","logo":{"@type":"ImageObject","inLanguage":"lv-LV","@id":"https:\/\/aviator-slotgame.com\/#\/schema\/logo\/image\/","url":"https:\/\/aviator-slotgame.com\/wp-content\/uploads\/16f5e8_dade544d4623411c9c4153c639aae85amv2.webp","contentUrl":"https:\/\/aviator-slotgame.com\/wp-content\/uploads\/16f5e8_dade544d4623411c9c4153c639aae85amv2.webp","width":400,"height":300,"caption":"Aviator"},"image":{"@id":"https:\/\/aviator-slotgame.com\/#\/schema\/logo\/image\/"}}]}},"amp_enabled":true,"_links":{"self":[{"href":"https:\/\/aviator-slotgame.com\/lv\/wp-json\/wp\/v2\/pages\/241","targetHints":{"allow":["GET"]}}],"collection":[{"href":"https:\/\/aviator-slotgame.com\/lv\/wp-json\/wp\/v2\/pages"}],"about":[{"href":"https:\/\/aviator-slotgame.com\/lv\/wp-json\/wp\/v2\/types\/page"}],"author":[{"embeddable":true,"href":"https:\/\/aviator-slotgame.com\/lv\/wp-json\/wp\/v2\/users\/1"}],"replies":[{"embeddable":true,"href":"https:\/\/aviator-slotgame.com\/lv\/wp-json\/wp\/v2\/comments?post=241"}],"version-history":[{"count":10,"href":"https:\/\/aviator-slotgame.com\/lv\/wp-json\/wp\/v2\/pages\/241\/revisions"}],"predecessor-version":[{"id":409,"href":"https:\/\/aviator-slotgame.com\/lv\/wp-json\/wp\/v2\/pages\/241\/revisions\/409"}],"wp:attachment":[{"href":"https:\/\/aviator-slotgame.com\/lv\/wp-json\/wp\/v2\/media?parent=241"}],"curies":[{"name":"wp","href":"https:\/\/api.w.org\/{rel}","templated":true}]}}