{"id":26,"date":"2024-01-31T12:57:07","date_gmt":"2024-01-31T12:57:07","guid":{"rendered":"https:\/\/aviator-slotgame.com\/?page_id=26"},"modified":"2024-10-03T23:16:00","modified_gmt":"2024-10-03T23:16:00","slug":"play-for-free","status":"publish","type":"page","link":"https:\/\/aviator-slotgame.com\/lv\/ka-spelet-aviator-demo-bez-maksas\/","title":{"rendered":"K\u0101 sp\u0113l\u0113t Aviator demonstr\u0101ciju bez maksas"},"content":{"rendered":"<div class=\"a78185e9f49acb0fd5b7cc91aab6ca74\" data-index=\"1\" style=\"float: none; margin:10px 0 10px 0; text-align:center;\">\n<div class=\"custom-play-button\">\r\n<center><a href=\"https:\/\/aviator-slotgame.com\/lv\/play-game\/\" rel=\"nofollow\" target=\"_blank\">Sp\u0113l\u0113t tagad<\/a><br><\/center>\r\n<\/div>\n<\/div>\n<p>Aviator sp\u0113le no Spribe ir jauna un aizraujo\u0161a kazino sp\u0113le, kas \u013cauj sp\u0113l\u0113t\u0101jiem izjust uzvaras aizrau\u0161anos, lidojot augstu. Sp\u0113les demo versija pied\u0101v\u0101 sp\u0113l\u0113t\u0101jiem iesp\u0113ju izm\u0113\u0123in\u0101t sp\u0113li bez maksas, savuk\u0101rt pilna versija ir pieejama daudz\u0101s popul\u0101r\u0101kaj\u0101s kazino vietn\u0113s. Bezmaksas Aviator demonstr\u0101cija ir lielisks veids, k\u0101 uzzin\u0101t, k\u0101 sp\u0113l\u0113t sp\u0113li, pirms t\u0113r\u0113jat naudu pilnajai versijai, un tas ir jautrs veids, k\u0101 pavad\u012bt laiku tie\u0161saist\u0113, net\u0113r\u0113jot naudu.<\/p>\n<p>Lai to izdar\u012btu, jums j\u0101iet uz ofici\u0101lo Aviator vietni un j\u0101izv\u0113las demonstr\u0101cijas sp\u0113les re\u017e\u012bms. Demonstr\u0101cijas versij\u0101 j\u016bs varat sp\u0113l\u0113t bez nepiecie\u0161am\u012bbas veikt likmes uz \u012bstu naudu un vienk\u0101r\u0161i baud\u012bt sp\u0113li.<\/p>\n<p><img loading=\"lazy\" decoding=\"async\" title=\"Sp\u0113l\u0113jiet Aviator demonstr\u0101ciju\" src=\"https:\/\/aviator-slotgame.com\/wp-content\/uploads\/aviator-3.png\" alt=\"K\u0101 sp\u0113l\u0113t Aviator demonstr\u0101ciju bez maksas\" width=\"800\" height=\"445\" \/><\/p>\n<h2>Galven\u0101s iez\u012bmes<\/h2>\n<p>Demonstr\u0101cijas versija iepaz\u012bstin\u0101s j\u016bs ar vair\u0101kiem svar\u012bgiem sp\u0113\u013cu meh\u0101nismiem. Vispirms tren\u0113joties bez maksas, j\u016bs lab\u0101k saprat\u012bsit, k\u0101 sp\u0113le darbojas, un var\u0113sit maksim\u0101li palielin\u0101t laimestus, sp\u0113l\u0113jot uz \u012bstu naudu. Aviator demonstr\u0101cija ir ar\u012b lielisks veids, k\u0101 nedaudz izklaid\u0113ties, net\u0113r\u0113jot naudu vai kred\u012btus.<\/p><div class=\"a78185e9f49acb0fd5b7cc91aab6ca74\" data-index=\"1\" style=\"float: none; margin:10px 0 10px 0; text-align:center;\">\n<div class=\"custom-play-button\">\r\n<center><a href=\"https:\/\/aviator-slotgame.com\/lv\/play-game\/\" rel=\"nofollow\" target=\"_blank\">Sp\u0113l\u0113t tagad<\/a><br><\/center>\r\n<\/div>\n<\/div>\n\n<h3>Dubult\u0101s uz leju pogas<\/h3>\n<p>\u0160\u012bs pogas sniedz jums iesp\u0113ju dubultot likmi, kad izredzes ir sak\u0101rtotas j\u016bsu lab\u0101. Tas var palielin\u0101t j\u016bsu laimestu, bet tas ar\u012b palielina riska faktoru.<\/p>\n<p>M\u0113s iesak\u0101m izmantot abas pogas demonstr\u0101cijas versij\u0101, pirms risk\u0113jat ar re\u0101liem vietnes kred\u012btiem. Lidma\u0161\u012bna Aviator var aizlidot laik\u0101, kas nepiecie\u0161ams, lai nospiestu 2. pogu. Lab\u0101kie Aviator sp\u0113l\u0113t\u0101ji var iz\u0146emt abas savas likmes sekundes laik\u0101.<\/p>\n<h3>L\u012bderu saraksts<\/h3>\n<p>\u0160\u012b funkcija sniedz priek\u0161statu par to, cik labi j\u016bsu likmes ir sal\u012bdzin\u0101mas ar citiem sp\u0113l\u0113t\u0101jiem re\u0101llaik\u0101! Tas ir lielisks veids, k\u0101 saglab\u0101t motiv\u0101ciju, kad nok\u013c\u016bstat \u012bstaj\u0101 sp\u0113l\u0113. Demonstr\u0101cij\u0101 \u0161ie sp\u0113l\u0113t\u0101ji ir simul\u0113ti, ta\u010du j\u016bs varat g\u016bt priek\u0161statu par to, kam j\u0101piev\u0113r\u0161 uzman\u012bba.<\/p>\n<h3>Likmju un laimestu limiti<\/h3>\n<p>Aviator demonstr\u0101cija ir laba vieta, kur uzzin\u0101t, k\u0101das maksim\u0101l\u0101s un minim\u0101l\u0101s likmes varat veikt un cik daudz naudas jums nes\u012bs veiksme. \u0160\u012b inform\u0101cija ir \u0101rk\u0101rt\u012bgi svar\u012bga divu iemeslu d\u0113\u013c. Pirmk\u0101rt, j\u016bs var\u0113siet zin\u0101t savas sp\u0113les robe\u017eas un nep\u0101rsniegt t\u0101s, sp\u0113l\u0113jot pilno versiju. Otrk\u0101rt, j\u016bs varat zin\u0101t, ko sagaid\u012bt, kad reizin\u0101t\u0101js s\u0101ks pieaugt.<\/p>\n<table>\n<tbody>\n<tr>\n<td><strong>SP\u0112\u013bU IEROBE\u017dOJUMI<\/strong><\/td>\n<\/tr>\n<tr>\n<td><strong>Minim\u0101l\u0101 cena<\/strong><\/td>\n<td>0.10<\/td>\n<\/tr>\n<tr>\n<td><strong>Maksim\u0101l\u0101 likme<\/strong><\/td>\n<td>100<\/td>\n<\/tr>\n<tr>\n<td><strong>Maksim\u0101l\u0101 uzvara<\/strong><\/td>\n<td>10,000<\/td>\n<\/tr>\n<\/tbody>\n<\/table>\n<p><img loading=\"lazy\" decoding=\"async\" src=\"https:\/\/aviator-slotgame.com\/wp-content\/uploads\/Aviator-12-800-x-600-\u043f\u0438\u043a\u0441.jpg\" alt=\"Likmes un laimesti\" width=\"800\" height=\"600\" \/><\/p>\n<h3>Autom\u0101tisk\u0101 atska\u0146o\u0161ana<\/h3>\n<p>Autoplay autom\u0101tiski veic likmes un izmaks\u0101 naudu j\u016bsu v\u0101rd\u0101 atbilsto\u0161i j\u016bsu nor\u0101d\u012btajiem iestat\u012bjumiem. Tas \u013cauj jums s\u0113d\u0113t un atp\u016bsties, kam\u0113r sp\u0113le Aviator paveic darbu j\u016bsu viet\u0101. Izklaidei un praksei sp\u0113le \u013caus sp\u0113l\u0113t\u0101jiem izm\u0113\u0123in\u0101t da\u017e\u0101das iestat\u012bjumu kombin\u0101cijas.<\/p>\n<p>Aviator demonstr\u0101cijas versij\u0101 ir pieejamas \u0161\u0101das autom\u0101tisk\u0101s atska\u0146o\u0161anas opcijas:<\/p>\n<ul>\n<li>Skaidras naudas samazin\u0101\u0161anas limits<\/li>\n<li>Uzvaras limits<\/li>\n<li>Limits uz vienu uzvaru<\/li>\n<li>Skaidras naudas izmaksu reizin\u0101t\u0101js<\/li>\n<\/ul>\n<p><img loading=\"lazy\" decoding=\"async\" src=\"https:\/\/aviator-slotgame.com\/wp-content\/uploads\/Aviator-15-800-x-600-\u043f\u0438\u043a\u0441.jpg\" alt=\"Autom\u0101tiska atska\u0146o\u0161ana programm\u0101 Aviator\" width=\"800\" height=\"600\" \/><\/p>\n<h2>Funkcijas, kas nav iek\u013cautas demonstr\u0101cijas versij\u0101<\/h2>\n<p>Aviator demonstr\u0101cij\u0101 tr\u016bkst vienas b\u016btiskas funkcijas. To vienk\u0101r\u0161i nevar model\u0113t.<\/p>\n<h3>Sp\u0113l\u0113t\u0101ji t\u0113rz\u0113ja<\/h3>\n<p>Pilnaj\u0101 Aviator versij\u0101 sp\u0113l\u0113t\u0101ji var piek\u013c\u016bt sp\u0113les t\u0113rz\u0113\u0161anas sist\u0113mai, lai apspriestu strat\u0113\u0123iju, \u013caunpr\u0101t\u012bgas izmanto\u0161anas pavairot\u0101jus, dal\u012btos ar padomiem un trikiem, lepotos ar nesenajiem lielajiem laimestiem un t\u0113rz\u0113tu viens ar otru. \u0160\u012b funkcija nav pieejama demonstr\u0101cijas versij\u0101.<\/p>\n<p>Iesp\u0113jams, j\u016bs nevar\u0113sit praktiz\u0113t sazi\u0146u ar citiem sp\u0113l\u0113t\u0101jiem, ta\u010du tas ir viens no svar\u012bg\u0101kajiem sp\u0113les tie\u0161raides aspektiem. Tas ir lielisks veids, k\u0101 veidot attiec\u012bbas ar citiem sp\u0113l\u0113t\u0101jiem un uzzin\u0101t vair\u0101k par sp\u0113li.<\/p>\n<h2>Bezmaksas Aviator demonstr\u0101cija sal\u012bdzin\u0101jum\u0101 ar faktisko sp\u0113li<\/h2>\n<p>Aviator demonstr\u0101cija ir sp\u0113les bezmaksas versija, kas \u013cauj praktiz\u0113t un izm\u0113\u0123in\u0101t da\u017e\u0101das strat\u0113\u0123ijas. Demo versij\u0101 ir iek\u013cautas visas pilnaj\u0101 versij\u0101 pieejam\u0101s funkcijas, ta\u010du ar da\u017eiem ierobe\u017eojumiem. Piem\u0113ram, Aviator demonstr\u0101cijas versij\u0101 j\u016bs nevarat nopeln\u012bt re\u0101lu naudu vai laim\u0113t balvas. Tom\u0113r, ja jums pat\u012bk sp\u0113l\u0113t demonstr\u0101cijas versiju un v\u0113laties izbaud\u012bt citas \u0161\u012bs aizraujo\u0161\u0101s sp\u0113les iesp\u0113jas, varat turpin\u0101t sp\u0113l\u0113t \u012bsto sp\u0113li jebkur\u0101 laik\u0101.<\/p>\n<p>Aviator demonstr\u0101cijas versij\u0101 ir iek\u013cautas vair\u0101kas pam\u0101c\u012bbas un padomi, kas pal\u012bdz\u0113s saprast, k\u0101 sp\u0113l\u0113t efekt\u012bv\u0101k. Tie pal\u012bdz\u0113s uzlabot j\u016bsu kop\u0113jo sp\u0113\u013cu pieredzi, sniedzot viegli saprotamus nor\u0101d\u012bjumus jauniem sp\u0113l\u0113t\u0101jiem un m\u0101cot jaunas metodes. Varat ar\u012b apskat\u012bt RNG (Random Number Generator) datus, kas \u0123ener\u0113ti no \u0161\u012bm k\u0101rt\u0101m, \u013caujot jums lab\u0101k iepaz\u012bties ar Spribe kriptotehnolo\u0123iju.<\/p>\n<table>\n<tbody>\n<tr>\n<td><strong>AVIATOR DEMO<\/strong><\/td>\n<td><strong>Tie\u0161raides SP\u0112LE \u201cAVIATOR\u201d<\/strong><\/td>\n<\/tr>\n<tr>\n<td>Sp\u0113l\u0113 par br\u012bvu<\/td>\n<td>Nepiecie\u0161ams vietnes kred\u012bts<\/td>\n<\/tr>\n<tr>\n<td>Nav tie\u0161saistes t\u0113rz\u0113\u0161anas<\/td>\n<td>T\u0113rz\u0113\u0161ana visiem sp\u0113l\u0113t\u0101jiem<\/td>\n<\/tr>\n<tr>\n<td>Nav laimesta<\/td>\n<td>Uzvara ir atkar\u012bga no reizin\u0101t\u0101ja<\/td>\n<\/tr>\n<tr>\n<td>J\u016bs varat sp\u0113l\u0113t ofici\u0101laj\u0101 Spribe vietn\u0113<\/td>\n<td>Pieejams tikai licenc\u0113tos tie\u0161saistes kazino<\/td>\n<\/tr>\n<tr>\n<td>Simul\u0113ti sp\u0113l\u0113t\u0101ji l\u012bderu sarakst\u0101<\/td>\n<td>\u012astie sp\u0113l\u0113t\u0101ji liek likmes<\/td>\n<\/tr>\n<\/tbody>\n<\/table>\n<p>Vispirms izsp\u0113l\u0113jot Aviator demonstr\u0101ciju, j\u016bs varat uzlabot savas prasmes, pirms \u0137eraties pie citiem sp\u0113l\u0113t\u0101jiem un, iesp\u0113jams, uzvar\u0113sit pa \u012bstam!<\/p>\n<p><img loading=\"lazy\" decoding=\"async\" src=\"https:\/\/aviator-slotgame.com\/wp-content\/uploads\/Aviator-11-800-x-600-\u043f\u0438\u043a\u0441.jpg\" alt=\"Demo versija programm\u0101 Aviator\" width=\"800\" height=\"600\" \/><\/p>\n<h2>Sp\u0113les Aviator demonstr\u0101cijas versija<\/h2>\n<p>K\u0101p\u0113c visi iesaka vispirms iepaz\u012bties ar sp\u0113les Aviator demo versiju?<\/p>\n<ol>\n<li><strong>Sp\u0113les ievads:<\/strong> Sp\u0113les Aviator bezmaksas versija pal\u012bdz sp\u0113l\u0113t\u0101jiem iepaz\u012bties ar sp\u0113les gaitu, sp\u0113les noteikumiem un sp\u0113\u013cu autom\u0101tu funkcij\u0101m, nerisk\u0113jot ar savu naudu.<\/li>\n<li><strong>Prakse:<\/strong> Sp\u0113l\u0113jot bezmaksas versiju, sp\u0113l\u0113t\u0101ji var praktiz\u0113t un uzlabot savas prasmes pirms sp\u0113les uz \u012bstu naudu.<\/li>\n<li><strong>Intere\u0161u r\u0101d\u012bt\u0101js:<\/strong> Sp\u0113l\u0113jot bezmaksas versiju, vari nov\u0113rt\u0113t, cik interesanta un aizraujo\u0161a ir sp\u0113le, kas pal\u012bdz\u0113s izlemt, vai turpin\u0101t sp\u0113l\u0113t uz \u012bstu naudu.<\/li>\n<li><strong>Nefinansi\u0101lie riski:<\/strong> Bezmaksas versija sp\u0113l\u0113t\u0101jam nov\u0113r\u0161 finan\u0161u riskus, jo likmes tiek liktas uz virtu\u0101lo naudu, kas \u013cauj izbaud\u012bt sp\u0113li bez stresa.<\/li>\n<li><strong>Izklaide:<\/strong> Aviator bezmaksas versijas sp\u0113l\u0113\u0161ana var b\u016bt lielisks veids, k\u0101 izklaid\u0113ties un pavad\u012bt laiku, neieguldot naudu.<\/li>\n<\/ol>\n<p><img loading=\"lazy\" decoding=\"async\" src=\"https:\/\/aviator-slotgame.com\/wp-content\/uploads\/Aviator-30-800-x-600-\u043f\u0438\u043a\u0441.jpg\" alt=\"Demo sp\u0113le Aviator\" width=\"800\" height=\"600\" \/><\/p>\n<h2>Kur es varu atrast sp\u0113les Aviator demonstr\u0101cijas versiju?<\/h2>\n<p>\u0160eit ir sniegti detaliz\u0113ti nor\u0101d\u012bjumi par to, k\u0101 atrast tie\u0161saistes sp\u0113les Aviator demonstr\u0101cijas versiju:<\/p>\n<ol>\n<li>Sav\u0101 ier\u012bc\u0113 atveriet interneta p\u0101rl\u016bkprogrammu un dodieties uz t\u0101 kazino ofici\u0101lo vietni, kur\u0101 v\u0113laties sp\u0113l\u0113t.<\/li>\n<li>Ja jums jau ir konts vietn\u0113, piesakieties, izmantojot savus akredit\u0101cijas datus. Ja jums v\u0113l nav konta, re\u0123istr\u0113jieties kazino vietn\u0113.<\/li>\n<li>P\u0113c ieie\u0161anas vietn\u0113 atrodiet sada\u013cu ar av\u0101rij\u0101m vai izmantojiet mekl\u0113\u0161anas joslu. Parasti sp\u0113\u013cu demonstr\u0101cijas versijas tiek nodro\u0161in\u0101tas sada\u013c\u0101 Sp\u0113les.<\/li>\n<li>Atrodiet sp\u0113li Aviator starp pied\u0101v\u0101taj\u0101m opcij\u0101m un noklik\u0161\u0137iniet uz t\u0101s.<\/li>\n<li>Sp\u0113les inform\u0101cij\u0101 parasti atrad\u012bsit pogu Play vai Demo. Noklik\u0161\u0137iniet uz \u0161\u012bs pogas, lai s\u0101ktu sp\u0113les Aviator demonstr\u0101cijas re\u017e\u012bmu.<\/li>\n<li>Sp\u0113les demonstr\u0101cijas versija tiks lejupiel\u0101d\u0113ta, un j\u016bs varat s\u0101kt sp\u0113l\u0113t, neliekot likmes uz \u012bstu naudu. Demonstr\u0101cijas re\u017e\u012bm\u0101 j\u016bs izmantosiet kazino nodro\u0161in\u0101to virtu\u0101lo naudu, lai sp\u0113l\u0113tu Aviator av\u0101rijas sp\u0113li.<\/li>\n<\/ol>\n<p>T\u0101d\u0113j\u0101di, veicot \u0161\u012bs darb\u012bbas, j\u016bs varat viegli atrast un sp\u0113l\u0113t Aviator sp\u0113les demo versiju ofici\u0101laj\u0101 kazino vietn\u0113<\/p>\n<p><img loading=\"lazy\" decoding=\"async\" src=\"https:\/\/aviator-slotgame.com\/wp-content\/uploads\/Aviator-31-800-x-600-\u043f\u0438\u043a\u0441.jpg\" alt=\"Atrodiet demonstr\u0101cijas sp\u0113li Aviator\" width=\"800\" height=\"600\" \/><\/p>\n\n<div style=\"font-size: 0px; height: 0px; line-height: 0px; margin: 0; padding: 0; clear: both;\"><\/div>","protected":false},"excerpt":{"rendered":"<p>Spribe&#039;s Aviator ir jauna un aizraujo\u0161a kazino sp\u0113le, kas \u013cauj sp\u0113l\u0113t\u0101jiem izjust uzvaras savi\u013c\u0146ojumu<\/p>","protected":false},"author":1,"featured_media":0,"parent":0,"menu_order":0,"comment_status":"closed","ping_status":"closed","template":"","meta":{"footnotes":""},"class_list":["post-26","page","type-page","status-publish","hentry"],"yoast_head":"<!-- This site is optimized with the Yoast SEO plugin v22.0 - https:\/\/yoast.com\/wordpress\/plugins\/seo\/ -->\n<title>\u0414\u0435\u043c\u043e-\u0432\u0435\u0440\u0441\u0438\u044f \u0438\u0433\u0440\u044b \u0410\u0432\u0438\u0430\u0442\u043e\u0440 \u2014 \u0418\u0433\u0440\u0430\u0439\u0442\u0435 \u0432 \u043a\u0440\u0430\u0448-\u0441\u043b\u043e\u0442 \u0431\u0435\u0441\u043f\u043b\u0430\u0442\u043d\u043e<\/title>\n<meta name=\"description\" content=\"\u0418\u0433\u0440\u0430\u0439 \u0432 \u0434\u0435\u043c\u043e-\u0432\u0435\u0440\u0441\u0438\u044e \u0410\u0432\u0438\u0430\u0442\u043e\u0440 \u0431\u0435\u0441\u043f\u043b\u0430\u0442\u043d\u043e. \u0422\u0440\u0435\u043d\u0438\u0440\u0443\u0439\u0441\u044f \u0431\u0435\u0437 \u0434\u0435\u043d\u0435\u0433 \u0432 \u043a\u0440\u0430\u0448-\u0441\u043b\u043e\u0442\u0435 \u043e\u0442 Spribe \u043f\u0435\u0440\u0435\u0434 \u0438\u0433\u0440\u043e\u0439 \u043d\u0430 \u0440\u0435\u0430\u043b\u044c\u043d\u044b\u0435 \u0434\u0435\u043d\u044c\u0433\u0438 \u0432 \u043e\u043d\u043b\u0430\u0439\u043d \u043a\u0430\u0437\u0438\u043d\u043e.\" \/>\n<meta name=\"robots\" content=\"index, follow, max-snippet:-1, max-image-preview:large, max-video-preview:-1\" \/>\n<link rel=\"canonical\" href=\"https:\/\/aviator-slotgame.com\/lv\/ka-spelet-aviator-demo-bez-maksas\/\" \/>\n<meta property=\"og:locale\" content=\"lv_LV\" \/>\n<meta property=\"og:type\" content=\"article\" \/>\n<meta property=\"og:title\" content=\"\u0414\u0435\u043c\u043e-\u0432\u0435\u0440\u0441\u0438\u044f \u0438\u0433\u0440\u044b \u0410\u0432\u0438\u0430\u0442\u043e\u0440 \u2014 \u0418\u0433\u0440\u0430\u0439\u0442\u0435 \u0432 \u043a\u0440\u0430\u0448-\u0441\u043b\u043e\u0442 \u0431\u0435\u0441\u043f\u043b\u0430\u0442\u043d\u043e\" \/>\n<meta property=\"og:description\" content=\"\u0418\u0433\u0440\u0430\u0439 \u0432 \u0434\u0435\u043c\u043e-\u0432\u0435\u0440\u0441\u0438\u044e \u0410\u0432\u0438\u0430\u0442\u043e\u0440 \u0431\u0435\u0441\u043f\u043b\u0430\u0442\u043d\u043e. \u0422\u0440\u0435\u043d\u0438\u0440\u0443\u0439\u0441\u044f \u0431\u0435\u0437 \u0434\u0435\u043d\u0435\u0433 \u0432 \u043a\u0440\u0430\u0448-\u0441\u043b\u043e\u0442\u0435 \u043e\u0442 Spribe \u043f\u0435\u0440\u0435\u0434 \u0438\u0433\u0440\u043e\u0439 \u043d\u0430 \u0440\u0435\u0430\u043b\u044c\u043d\u044b\u0435 \u0434\u0435\u043d\u044c\u0433\u0438 \u0432 \u043e\u043d\u043b\u0430\u0439\u043d \u043a\u0430\u0437\u0438\u043d\u043e.\" \/>\n<meta property=\"og:url\" content=\"https:\/\/aviator-slotgame.com\/lv\/ka-spelet-aviator-demo-bez-maksas\/\" \/>\n<meta property=\"og:site_name\" content=\"Aviator\" \/>\n<meta property=\"article:modified_time\" content=\"2024-10-03T23:16:00+00:00\" \/>\n<meta property=\"og:image\" content=\"https:\/\/aviator-slotgame.com\/wp-content\/uploads\/aviator-3.png\" \/>\n<meta name=\"twitter:card\" content=\"summary_large_image\" \/>\n<meta name=\"twitter:label1\" content=\"Est. reading time\" \/>\n\t<meta name=\"twitter:data1\" content=\"6 min\u016btes\" \/>\n<script type=\"application\/ld+json\" class=\"yoast-schema-graph\">{\"@context\":\"https:\/\/schema.org\",\"@graph\":[{\"@type\":\"WebPage\",\"@id\":\"https:\/\/aviator-slotgame.com\/play-for-free\/\",\"url\":\"https:\/\/aviator-slotgame.com\/play-for-free\/\",\"name\":\"\u0414\u0435\u043c\u043e-\u0432\u0435\u0440\u0441\u0438\u044f \u0438\u0433\u0440\u044b \u0410\u0432\u0438\u0430\u0442\u043e\u0440 \u2014 \u0418\u0433\u0440\u0430\u0439\u0442\u0435 \u0432 \u043a\u0440\u0430\u0448-\u0441\u043b\u043e\u0442 \u0431\u0435\u0441\u043f\u043b\u0430\u0442\u043d\u043e\",\"isPartOf\":{\"@id\":\"https:\/\/aviator-slotgame.com\/#website\"},\"datePublished\":\"2024-01-31T12:57:07+00:00\",\"dateModified\":\"2024-10-03T23:16:00+00:00\",\"description\":\"\u0418\u0433\u0440\u0430\u0439 \u0432 \u0434\u0435\u043c\u043e-\u0432\u0435\u0440\u0441\u0438\u044e \u0410\u0432\u0438\u0430\u0442\u043e\u0440 \u0431\u0435\u0441\u043f\u043b\u0430\u0442\u043d\u043e. \u0422\u0440\u0435\u043d\u0438\u0440\u0443\u0439\u0441\u044f \u0431\u0435\u0437 \u0434\u0435\u043d\u0435\u0433 \u0432 \u043a\u0440\u0430\u0448-\u0441\u043b\u043e\u0442\u0435 \u043e\u0442 Spribe \u043f\u0435\u0440\u0435\u0434 \u0438\u0433\u0440\u043e\u0439 \u043d\u0430 \u0440\u0435\u0430\u043b\u044c\u043d\u044b\u0435 \u0434\u0435\u043d\u044c\u0433\u0438 \u0432 \u043e\u043d\u043b\u0430\u0439\u043d \u043a\u0430\u0437\u0438\u043d\u043e.\",\"breadcrumb\":{\"@id\":\"https:\/\/aviator-slotgame.com\/play-for-free\/#breadcrumb\"},\"inLanguage\":\"lv-LV\",\"potentialAction\":[{\"@type\":\"ReadAction\",\"target\":[\"https:\/\/aviator-slotgame.com\/play-for-free\/\"]}]},{\"@type\":\"BreadcrumbList\",\"@id\":\"https:\/\/aviator-slotgame.com\/play-for-free\/#breadcrumb\",\"itemListElement\":[{\"@type\":\"ListItem\",\"position\":1,\"name\":\"Home\",\"item\":\"https:\/\/aviator-slotgame.com\/\"},{\"@type\":\"ListItem\",\"position\":2,\"name\":\"\u041a\u0430\u043a \u0438\u0433\u0440\u0430\u0442\u044c \u0432 \u0434\u0435\u043c\u043e-\u0432\u0435\u0440\u0441\u0438\u044e \u0410\u0432\u0438\u0430\u0442\u043e\u0440\u0430 \u0431\u0435\u0441\u043f\u043b\u0430\u0442\u043d\u043e\"}]},{\"@type\":\"WebSite\",\"@id\":\"https:\/\/aviator-slotgame.com\/#website\",\"url\":\"https:\/\/aviator-slotgame.com\/\",\"name\":\"Aviator\",\"description\":\"\",\"publisher\":{\"@id\":\"https:\/\/aviator-slotgame.com\/#organization\"},\"potentialAction\":[{\"@type\":\"SearchAction\",\"target\":{\"@type\":\"EntryPoint\",\"urlTemplate\":\"https:\/\/aviator-slotgame.com\/?s={search_term_string}\"},\"query-input\":\"required name=search_term_string\"}],\"inLanguage\":\"lv-LV\"},{\"@type\":\"Organization\",\"@id\":\"https:\/\/aviator-slotgame.com\/#organization\",\"name\":\"Aviator\",\"url\":\"https:\/\/aviator-slotgame.com\/\",\"logo\":{\"@type\":\"ImageObject\",\"inLanguage\":\"lv-LV\",\"@id\":\"https:\/\/aviator-slotgame.com\/#\/schema\/logo\/image\/\",\"url\":\"https:\/\/aviator-slotgame.com\/wp-content\/uploads\/16f5e8_dade544d4623411c9c4153c639aae85amv2.webp\",\"contentUrl\":\"https:\/\/aviator-slotgame.com\/wp-content\/uploads\/16f5e8_dade544d4623411c9c4153c639aae85amv2.webp\",\"width\":400,\"height\":300,\"caption\":\"Aviator\"},\"image\":{\"@id\":\"https:\/\/aviator-slotgame.com\/#\/schema\/logo\/image\/\"}}]}<\/script>\n<!-- \/ Yoast SEO plugin. -->","yoast_head_json":{"title":"\u0414\u0435\u043c\u043e-\u0432\u0435\u0440\u0441\u0438\u044f \u0438\u0433\u0440\u044b \u0410\u0432\u0438\u0430\u0442\u043e\u0440 \u2014 \u0418\u0433\u0440\u0430\u0439\u0442\u0435 \u0432 \u043a\u0440\u0430\u0448-\u0441\u043b\u043e\u0442 \u0431\u0435\u0441\u043f\u043b\u0430\u0442\u043d\u043e","description":"\u0418\u0433\u0440\u0430\u0439 \u0432 \u0434\u0435\u043c\u043e-\u0432\u0435\u0440\u0441\u0438\u044e \u0410\u0432\u0438\u0430\u0442\u043e\u0440 \u0431\u0435\u0441\u043f\u043b\u0430\u0442\u043d\u043e. \u0422\u0440\u0435\u043d\u0438\u0440\u0443\u0439\u0441\u044f \u0431\u0435\u0437 \u0434\u0435\u043d\u0435\u0433 \u0432 \u043a\u0440\u0430\u0448-\u0441\u043b\u043e\u0442\u0435 \u043e\u0442 Spribe \u043f\u0435\u0440\u0435\u0434 \u0438\u0433\u0440\u043e\u0439 \u043d\u0430 \u0440\u0435\u0430\u043b\u044c\u043d\u044b\u0435 \u0434\u0435\u043d\u044c\u0433\u0438 \u0432 \u043e\u043d\u043b\u0430\u0439\u043d \u043a\u0430\u0437\u0438\u043d\u043e.","robots":{"index":"index","follow":"follow","max-snippet":"max-snippet:-1","max-image-preview":"max-image-preview:large","max-video-preview":"max-video-preview:-1"},"canonical":"https:\/\/aviator-slotgame.com\/lv\/ka-spelet-aviator-demo-bez-maksas\/","og_locale":"lv_LV","og_type":"article","og_title":"\u0414\u0435\u043c\u043e-\u0432\u0435\u0440\u0441\u0438\u044f \u0438\u0433\u0440\u044b \u0410\u0432\u0438\u0430\u0442\u043e\u0440 \u2014 \u0418\u0433\u0440\u0430\u0439\u0442\u0435 \u0432 \u043a\u0440\u0430\u0448-\u0441\u043b\u043e\u0442 \u0431\u0435\u0441\u043f\u043b\u0430\u0442\u043d\u043e","og_description":"\u0418\u0433\u0440\u0430\u0439 \u0432 \u0434\u0435\u043c\u043e-\u0432\u0435\u0440\u0441\u0438\u044e \u0410\u0432\u0438\u0430\u0442\u043e\u0440 \u0431\u0435\u0441\u043f\u043b\u0430\u0442\u043d\u043e. \u0422\u0440\u0435\u043d\u0438\u0440\u0443\u0439\u0441\u044f \u0431\u0435\u0437 \u0434\u0435\u043d\u0435\u0433 \u0432 \u043a\u0440\u0430\u0448-\u0441\u043b\u043e\u0442\u0435 \u043e\u0442 Spribe \u043f\u0435\u0440\u0435\u0434 \u0438\u0433\u0440\u043e\u0439 \u043d\u0430 \u0440\u0435\u0430\u043b\u044c\u043d\u044b\u0435 \u0434\u0435\u043d\u044c\u0433\u0438 \u0432 \u043e\u043d\u043b\u0430\u0439\u043d \u043a\u0430\u0437\u0438\u043d\u043e.","og_url":"https:\/\/aviator-slotgame.com\/lv\/ka-spelet-aviator-demo-bez-maksas\/","og_site_name":"Aviator","article_modified_time":"2024-10-03T23:16:00+00:00","og_image":[{"url":"https:\/\/aviator-slotgame.com\/wp-content\/uploads\/aviator-3.png"}],"twitter_card":"summary_large_image","twitter_misc":{"Est. reading time":"6 min\u016btes"},"schema":{"@context":"https:\/\/schema.org","@graph":[{"@type":"WebPage","@id":"https:\/\/aviator-slotgame.com\/play-for-free\/","url":"https:\/\/aviator-slotgame.com\/play-for-free\/","name":"\u0414\u0435\u043c\u043e-\u0432\u0435\u0440\u0441\u0438\u044f \u0438\u0433\u0440\u044b \u0410\u0432\u0438\u0430\u0442\u043e\u0440 \u2014 \u0418\u0433\u0440\u0430\u0439\u0442\u0435 \u0432 \u043a\u0440\u0430\u0448-\u0441\u043b\u043e\u0442 \u0431\u0435\u0441\u043f\u043b\u0430\u0442\u043d\u043e","isPartOf":{"@id":"https:\/\/aviator-slotgame.com\/#website"},"datePublished":"2024-01-31T12:57:07+00:00","dateModified":"2024-10-03T23:16:00+00:00","description":"\u0418\u0433\u0440\u0430\u0439 \u0432 \u0434\u0435\u043c\u043e-\u0432\u0435\u0440\u0441\u0438\u044e \u0410\u0432\u0438\u0430\u0442\u043e\u0440 \u0431\u0435\u0441\u043f\u043b\u0430\u0442\u043d\u043e. \u0422\u0440\u0435\u043d\u0438\u0440\u0443\u0439\u0441\u044f \u0431\u0435\u0437 \u0434\u0435\u043d\u0435\u0433 \u0432 \u043a\u0440\u0430\u0448-\u0441\u043b\u043e\u0442\u0435 \u043e\u0442 Spribe \u043f\u0435\u0440\u0435\u0434 \u0438\u0433\u0440\u043e\u0439 \u043d\u0430 \u0440\u0435\u0430\u043b\u044c\u043d\u044b\u0435 \u0434\u0435\u043d\u044c\u0433\u0438 \u0432 \u043e\u043d\u043b\u0430\u0439\u043d \u043a\u0430\u0437\u0438\u043d\u043e.","breadcrumb":{"@id":"https:\/\/aviator-slotgame.com\/play-for-free\/#breadcrumb"},"inLanguage":"lv-LV","potentialAction":[{"@type":"ReadAction","target":["https:\/\/aviator-slotgame.com\/play-for-free\/"]}]},{"@type":"BreadcrumbList","@id":"https:\/\/aviator-slotgame.com\/play-for-free\/#breadcrumb","itemListElement":[{"@type":"ListItem","position":1,"name":"Home","item":"https:\/\/aviator-slotgame.com\/"},{"@type":"ListItem","position":2,"name":"\u041a\u0430\u043a \u0438\u0433\u0440\u0430\u0442\u044c \u0432 \u0434\u0435\u043c\u043e-\u0432\u0435\u0440\u0441\u0438\u044e \u0410\u0432\u0438\u0430\u0442\u043e\u0440\u0430 \u0431\u0435\u0441\u043f\u043b\u0430\u0442\u043d\u043e"}]},{"@type":"WebSite","@id":"https:\/\/aviator-slotgame.com\/#website","url":"https:\/\/aviator-slotgame.com\/","name":"Aviator","description":"","publisher":{"@id":"https:\/\/aviator-slotgame.com\/#organization"},"potentialAction":[{"@type":"SearchAction","target":{"@type":"EntryPoint","urlTemplate":"https:\/\/aviator-slotgame.com\/?s={search_term_string}"},"query-input":"required name=search_term_string"}],"inLanguage":"lv-LV"},{"@type":"Organization","@id":"https:\/\/aviator-slotgame.com\/#organization","name":"Aviator","url":"https:\/\/aviator-slotgame.com\/","logo":{"@type":"ImageObject","inLanguage":"lv-LV","@id":"https:\/\/aviator-slotgame.com\/#\/schema\/logo\/image\/","url":"https:\/\/aviator-slotgame.com\/wp-content\/uploads\/16f5e8_dade544d4623411c9c4153c639aae85amv2.webp","contentUrl":"https:\/\/aviator-slotgame.com\/wp-content\/uploads\/16f5e8_dade544d4623411c9c4153c639aae85amv2.webp","width":400,"height":300,"caption":"Aviator"},"image":{"@id":"https:\/\/aviator-slotgame.com\/#\/schema\/logo\/image\/"}}]}},"amp_enabled":true,"_links":{"self":[{"href":"https:\/\/aviator-slotgame.com\/lv\/wp-json\/wp\/v2\/pages\/26","targetHints":{"allow":["GET"]}}],"collection":[{"href":"https:\/\/aviator-slotgame.com\/lv\/wp-json\/wp\/v2\/pages"}],"about":[{"href":"https:\/\/aviator-slotgame.com\/lv\/wp-json\/wp\/v2\/types\/page"}],"author":[{"embeddable":true,"href":"https:\/\/aviator-slotgame.com\/lv\/wp-json\/wp\/v2\/users\/1"}],"replies":[{"embeddable":true,"href":"https:\/\/aviator-slotgame.com\/lv\/wp-json\/wp\/v2\/comments?post=26"}],"version-history":[{"count":19,"href":"https:\/\/aviator-slotgame.com\/lv\/wp-json\/wp\/v2\/pages\/26\/revisions"}],"predecessor-version":[{"id":412,"href":"https:\/\/aviator-slotgame.com\/lv\/wp-json\/wp\/v2\/pages\/26\/revisions\/412"}],"wp:attachment":[{"href":"https:\/\/aviator-slotgame.com\/lv\/wp-json\/wp\/v2\/media?parent=26"}],"curies":[{"name":"wp","href":"https:\/\/api.w.org\/{rel}","templated":true}]}}