{"id":263,"date":"2024-09-06T14:43:40","date_gmt":"2024-09-06T14:43:40","guid":{"rendered":"https:\/\/aviator-slotgame.com\/?page_id=263"},"modified":"2024-09-08T10:40:25","modified_gmt":"2024-09-08T10:40:25","slug":"aviator","status":"publish","type":"page","link":"https:\/\/aviator-slotgame.com\/lv\/aviator\/","title":{"rendered":"Noteikumi, funkcijas un laimesti av\u0101rijas slotu sp\u0113l\u0113 uz naudu"},"content":{"rendered":"<div class=\"a78185e9f49acb0fd5b7cc91aab6ca74\" data-index=\"1\" style=\"float: none; margin:10px 0 10px 0; text-align:center;\">\n<div class=\"custom-play-button\">\r\n<center><a href=\"https:\/\/aviator-slotgame.com\/lv\/play-game\/\" rel=\"nofollow\" target=\"_blank\">Sp\u0113l\u0113t tagad<\/a><br><\/center>\r\n<\/div>\n<\/div>\n<h1><\/h1>\n<p><img loading=\"lazy\" decoding=\"async\" class=\"alignnone size-full wp-image-264\" src=\"https:\/\/aviator-slotgame.com\/wp-content\/uploads\/Aviator-7-800-x-600-\u043f\u0438\u043a\u0441.jpg\" alt=\"Tie\u0161saistes sp\u0113\u013cu autom\u0101ts Aviator \u2013 sp\u0113l\u0113jiet uz \u012bstu naudu kazino \" width=\"800\" height=\"600\" srcset=\"https:\/\/aviator-slotgame.com\/wp-content\/uploads\/Aviator-7-800-x-600-\u043f\u0438\u043a\u0441.jpg 800w, https:\/\/aviator-slotgame.com\/wp-content\/uploads\/Aviator-7-800-x-600-\u043f\u0438\u043a\u0441-300x225.jpg 300w, https:\/\/aviator-slotgame.com\/wp-content\/uploads\/Aviator-7-800-x-600-\u043f\u0438\u043a\u0441-768x576.jpg 768w, https:\/\/aviator-slotgame.com\/wp-content\/uploads\/Aviator-7-800-x-600-\u043f\u0438\u043a\u0441-16x12.jpg 16w\" sizes=\"auto, (max-width: 800px) 100vw, 800px\" \/><\/p>\n<h2>Kas ir tie\u0161saistes av\u0101rijas sp\u0113le Aviator?<\/h2>\n<p>Aviator ir viena no popul\u0101r\u0101kaj\u0101m sp\u0113l\u0113m, ko izstr\u0101d\u0101jusi studija Spribe. Jauns produkts m\u016bsdienu tirg\u016b, kas izveidots uz nejau\u0161u skait\u013cu \u0123eneratora b\u0101zes, aizrauj sp\u0113l\u0113t\u0101ju jau no pa\u0161a s\u0101kuma. Uzvar\u0113t\u0101js tiek noteikts p\u0113c nejau\u0161\u012bbas principa! Tas saglab\u0101 sp\u0113les god\u012bgumu un par\u0101da sp\u0113l\u0113t\u0101jam, ka vi\u0146a likme nav atkar\u012bga no sp\u0113les platformas vai st\u0101sta. Aviator at\u0161\u0137iras no cit\u0101m popul\u0101r\u0101m av\u0101rijas sp\u0113l\u0113m ar savu ori\u0123in\u0101lo sp\u0113li Aviator nav ierasto ru\u013c\u013cu, l\u012bniju ar aug\u013ciem un taml\u012bdz\u012bgi, kas ir tik garlaic\u012bgi azartsp\u0113\u013cu cien\u012bt\u0101jiem. Sp\u0113le piesaista ar\u012b ar saviem diezgan vienk\u0101r\u0161ajiem noteikumiem un iesp\u0113ju nopeln\u012bt re\u0101lu naudu, kas padara to popul\u0101ru azartsp\u0113\u013cu vid\u016b un \u012bpa\u0161i lidma\u0161\u012bnu un visa ar lido\u0161anu saist\u012bt\u0101 cien\u012bt\u0101ju vid\u016b!<\/p>\n<p>Sp\u0113les b\u016bt\u012bba ir t\u0101da, ka lietot\u0101jam ir j\u0101pasp\u0113j saglab\u0101t savu likmi, pirms lidma\u0161\u012bna aizlido, t\u0101d\u0113j\u0101di atiestatot sp\u0113l\u0113t\u0101ja koeficientu uz nulli.<\/p>\n<p>Spribe ir labi paz\u012bstams uz\u0146\u0113mums, kas specializ\u0113jas inovat\u012bvu tie\u0161saistes sp\u0113\u013cu un azartsp\u0113\u013cu platformu izstr\u0101d\u0113, to sp\u0113les ir popul\u0101ras azartsp\u0113\u013cu vid\u016b vis\u0101 pasaul\u0113. Uz\u0146\u0113mums dibin\u0101ts 2018.\u00a0gad\u0101 un \u012bs\u0101 laika period\u0101 sp\u0113jis iekarot popularit\u0101ti sp\u0113l\u0113t\u0101ju un tie\u0161saistes kazino operatoru vid\u016b, pateicoties aizraujo\u0161ajai sp\u0113les meh\u0101nikai un iesp\u0113jai sp\u0113l\u0113t gan uz naudu, gan demo re\u017e\u012bm\u0101.<\/p><div class=\"a78185e9f49acb0fd5b7cc91aab6ca74\" data-index=\"1\" style=\"float: none; margin:10px 0 10px 0; text-align:center;\">\n<div class=\"custom-play-button\">\r\n<center><a href=\"https:\/\/aviator-slotgame.com\/lv\/play-game\/\" rel=\"nofollow\" target=\"_blank\">Sp\u0113l\u0113t tagad<\/a><br><\/center>\r\n<\/div>\n<\/div>\n\n<h2>Tie\u0161saistes sp\u0113les Aviator popularit\u0101tes iemesli<\/h2>\n<p>Kas padara Aviator sp\u0113li tik popul\u0101ru sp\u0113l\u0113t\u0101ju vid\u016b?<\/p>\n<ol>\n<li>Noteikumu vienk\u0101r\u0161\u012bba: sp\u0113lei Aviator ir vienk\u0101r\u0161i un saprotami noteikumi, kas padara to pieejamu pla\u0161am sp\u0113l\u0113t\u0101ju lokam neatkar\u012bgi no vi\u0146u pieredzes un sagatavot\u012bbas l\u012bme\u0146a.<\/li>\n<\/ol>\n<p>Demonstr\u0101cijas re\u017e\u012bms: ja nev\u0113laties risk\u0113t ar savu naudu un baid\u0101ties s\u0101kt, p\u0101rbaudiet to un izm\u0113\u0123iniet sevi bezmaksas re\u017e\u012bm\u0101. J\u016bs neieguld\u0101t re\u0101lu naudu. \u201cJautrais re\u017e\u012bms\u201d \u013cauj sp\u0113l\u0113t\u0101jiem tuvoties sp\u0113lei, nerisk\u0113jot ar saviem ietaup\u012bjumiem.<\/p>\n<p>Iesp\u0113ja \u0101tri laim\u0113t: Azartsp\u0113\u013cu sp\u0113le Aviator pied\u0101v\u0101 iesp\u0113ju \u0101tri laim\u0113t, kas piesaista daudzus sp\u0113l\u0113t\u0101jus, kuri mekl\u0113 azartu un adrenal\u012bnu.<\/p>\n<p>Likmju daudzveid\u012bba: sp\u0113le Aviator pied\u0101v\u0101 da\u017e\u0101dus likmju veidus, \u013caujot sp\u0113l\u0113t\u0101jiem izv\u0113l\u0113ties sev piem\u0113rot\u0101ko riska l\u012bmeni un iesp\u0113jamo atl\u012bdz\u012bbu.<\/p>\n<p>Iesp\u0113ja sp\u0113l\u0113t tie\u0161saist\u0113: sp\u0113le Aviator ir pieejama tie\u0161saistes form\u0101t\u0101, kas padara to pieejamu sp\u0113l\u0113\u0161anai jebkur\u0101 \u0113rt\u0101 laik\u0101 un no jebkuras vietas pasaul\u0113.<\/p>\n<p>\u0112rt\u012bbas un pieejam\u012bba: tie\u0161saistes sp\u0113le Aviator \u013cauj sp\u0113l\u0113t\u0101jiem izbaud\u012bt uztraukumu tie\u0161i no m\u0101j\u0101m vai jebkuras citas vietas, neizejot no m\u0101j\u0101m. Tas padara sp\u0113li \u0113rtu un pieejamu pla\u0161am sp\u0113l\u0113t\u0101ju lokam.<\/p>\n<p>Bonusi un \u012bpa\u0161ie pied\u0101v\u0101jumi: Daudzi tie\u0161saistes kazino, kas pied\u0101v\u0101 Aviator sp\u0113li, bie\u017ei pied\u0101v\u0101 da\u017e\u0101dus bonusus, akcijas un \u012bpa\u0161os pied\u0101v\u0101jumus, lai piesaist\u012btu jaunus sp\u0113l\u0113t\u0101jus un apbalvotu parastos sp\u0113l\u0113t\u0101jus. Tas padara sp\u0113li v\u0113l vilino\u0161\u0101ku.<\/p>\n<p>Grafika un ska\u0146as dizains: m\u016bsdienu tie\u0161saistes kazino parasti pied\u0101v\u0101 augstas kvalit\u0101tes grafiku un ska\u0146as dizainu sp\u0113l\u0113m, tostarp sp\u0113lei Aviator. Un dinamisk\u0101 un aizraujo\u0161\u0101 sp\u0113le noteikti ne\u013caus sp\u0113l\u0113t\u0101jiem garlaikoties un saglab\u0101 interesi par sp\u0113li visu laiku.<\/p>\n<p>Sp\u0113l\u0113jam\u012bba mobilaj\u0101s ier\u012bc\u0113s: daudzi tie\u0161saistes kazino pied\u0101v\u0101 Aviator sp\u0113li form\u0101t\u0101, kas ir sader\u012bgs ar mobilaj\u0101m ier\u012bc\u0113m, \u013caujot sp\u0113l\u0113t\u0101jiem izbaud\u012bt sp\u0113li jebkur\u0101 laik\u0101 un viet\u0101. Neaizmirstiet p\u0101rliecin\u0101ties par labu interneta piesl\u0113gumu un pietiekamu mobil\u0101s ier\u012bces uzl\u0101di!<\/p>\n<p>&nbsp;<\/p>\n<h2>Aviatora azartsp\u0113\u013cu noteikumi<\/h2>\n<p>Sp\u0113lei ir vienk\u0101r\u0161i un skaidri noteikumi, kur lietot\u0101js liek likmes uz noteiktu rezult\u0101tu un var uzvar\u0113t, reizinot savu likmi ar koeficientu. Varat sp\u0113l\u0113t manu\u0101l\u0101 re\u017e\u012bm\u0101, veicot savas likmes, vai autom\u0101tiskaj\u0101 re\u017e\u012bm\u0101, kad sp\u0113le veic likmes j\u016bsu viet\u0101, pamatojoties uz j\u016bsu iestat\u012btajiem parametriem.<\/p>\n<h3>Sp\u0113les noteikumi<\/h3>\n<p>Lai s\u0101ktu sp\u0113l\u0113t Aviator sp\u0113li, jums j\u0101veic \u0161\u0101das darb\u012bbas:<\/p>\n<ol>\n<li>Atrodiet tie\u0161saistes kazino vai sp\u0113\u013cu platformu, kas pied\u0101v\u0101 Aviator sp\u0113li.<\/li>\n<li>Re\u0123istr\u0113jieties sav\u0101 izv\u0113l\u0113taj\u0101 platform\u0101, izveidojot kontu un sniedzot nepiecie\u0161amo inform\u0101ciju.<\/li>\n<li>Papildiniet savu sp\u0113\u013cu kontu ar naudu, lai var\u0113tu veikt likmes sp\u0113l\u0113.<\/li>\n<li>Atrodiet platform\u0101 sp\u0113li Aviator un izv\u0113lieties savu likmi.<\/li>\n<li>Sp\u0113le s\u0101kas ar to, ka sp\u0113l\u0113t\u0101js veic likmi.<\/li>\n<li>Izpildiet noteikumus un nor\u0101d\u012bjumus ekr\u0101n\u0101 un kontrol\u0113jiet sp\u0113les procesu, noklik\u0161\u0137inot uz atbilsto\u0161aj\u0101m pog\u0101m.<\/li>\n<li>P\u0113c likmes izdar\u012b\u0161anas plakne s\u0101k kust\u0113ties uz aug\u0161u vai uz leju koeficientu skal\u0101.<\/li>\n<li>Sp\u0113l\u0113t\u0101js jebkur\u0101 laik\u0101 var noklik\u0161\u0137in\u0101t uz pogas Iz\u0146emt, lai beigtu sp\u0113li un sa\u0146emtu laimestu, kas reizin\u0101ts ar pa\u0161reiz\u0113jo koeficientu, vai ar\u012b turpin\u0101t sp\u0113li un gaid\u012bt, lai palielin\u0101tu laimestu. M\u0113\u0123iniet uzmin\u0113t br\u012bdi, kad iz\u0146emt laimestu, lai izvair\u012btos no likmes atiestat\u012bt.<\/li>\n<li>Ja sp\u0113l\u0113t\u0101js nenoklik\u0161\u0137ina uz pogas Take Winnings un lidma\u0161\u012bna sasniedz koeficientu skalas beigas, likme tiek atiestat\u012bta uz nulli un sp\u0113l\u0113t\u0101js nesa\u0146em laimestu.<\/li>\n<li>Sp\u0113les m\u0113r\u0137is ir ieg\u016bt laimestus \u012bstaj\u0101 laik\u0101 un izvair\u012bties no likmes atiestat\u012b\u0161anas uz nulli.<\/li>\n<\/ol>\n<p>Atcerieties sp\u0113l\u0113t atbild\u012bgi, veiciet likmes tikai par to naudas summu, kuru esat gatavs zaud\u0113t, un kontrol\u0113jiet savu azartsp\u0113\u013cu darb\u012bbu.<\/p>\n<p>\u0145emot v\u0113r\u0101 unik\u0101lo lidma\u0161\u012bnas trajektoriju, sp\u0113le sp\u0113l\u0113t\u0101jiem k\u013c\u016bst v\u0113l interesant\u0101ka un aizraujo\u0161\u0101ka. Taj\u0101 pa\u0161\u0101 laik\u0101 ir svar\u012bgi iev\u0113rot savas likmes un kontrol\u0113t savas darb\u012bbas, lai saglab\u0101tu azartu, sp\u0113l\u0113jot uz \u012bstu naudu.<\/p>\n<p>Tie\u0161saistes sp\u0113les Aviator galven\u0101s iez\u012bmes<\/p>\n<table>\n<tbody>\n<tr>\n<td>RTP<\/td>\n<td>96,49%, 96,48%, 95,45%<\/td>\n<\/tr>\n<tr>\n<td>Izstr\u0101d\u0101t\u0101js<\/td>\n<td>Studija Spr\u012bbe<\/td>\n<\/tr>\n<tr>\n<td>Bezmaksas griezieni<\/td>\n<td>N\u0113<\/td>\n<\/tr>\n<tr>\n<td>Bonusa sp\u0113le<\/td>\n<td>N\u0113<\/td>\n<\/tr>\n<tr>\n<td>Minim\u0101l\u0101 cena<\/td>\n<td>0,1$<\/td>\n<\/tr>\n<tr>\n<td>Maksim\u0101l\u0101 likme<\/td>\n<td>100$<\/td>\n<\/tr>\n<\/tbody>\n<\/table>\n<p>&nbsp;<\/p>\n<h2>Bonusi azartsp\u0113\u013cu sp\u0113l\u0113 Aviator<\/h2>\n<p>Bonusus un atlaides tie\u0161saistes sp\u0113l\u0113 Aviator sp\u0113l\u0113t\u0101jiem var nodro\u0161in\u0101t da\u017e\u0101dos veidos, atkar\u012bb\u0101 no sp\u0113\u013cu platformas vai kazino.<\/p>\n<p>\u0160eit ir da\u017ei iesp\u0113jamie bonusi un atlaides, kas var b\u016bt pieejamas sp\u0113l\u0113 Aviator:<\/p>\n<h3>Apsveikuma bonusi<\/h3>\n<p>jaunajiem sp\u0113l\u0113t\u0101jiem, re\u0123istr\u0113joties platform\u0101, var tikt pied\u0101v\u0101ti \u012bpa\u0161i bonusi, piem\u0113ram, papildu konta l\u012bdzek\u013ci vai bezmaksas griezieni.<\/p>\n<h3>Depoz\u012bta bonusi<\/h3>\n<p>sp\u0113l\u0113t\u0101ji var sa\u0146emt bonusus, papildinot savu sp\u0113\u013cu kontu par noteiktu summu.<\/p>\n<h3>Akcijas<\/h3>\n<p>kazino vai sp\u0113\u013cu platformas var \u012bstenot pagaidu akcijas, kas pied\u0101v\u0101 da\u017e\u0101dus bonusus un atlaides sp\u0113l\u0113t\u0101jiem sp\u0113l\u0113 Aviator.<\/p>\n<h3>VIP programmas<\/h3>\n<p>Da\u017eas platformas var pied\u0101v\u0101t sp\u0113l\u0113t\u0101jiem dal\u012bbu VIP programm\u0101s, kur ir pieejami papildu bonusi, naudas atmaksa un citas priek\u0161roc\u012bbas.<\/p>\n<h3>Naudas atmaksa<\/h3>\n<p>sp\u0113l\u0113t\u0101jiem var b\u016bt iesp\u0113ja sa\u0146emt da\u013cu no zaud\u0113tajiem l\u012bdzek\u013ciem k\u0101 naudas atmaksu k\u0101 da\u013cu no bonusu programmas.<\/p>\n<p>Pirms piedal\u0101ties bonusos un atlaid\u0113s sp\u0113l\u0113 Aviator, ir svar\u012bgi r\u016bp\u012bgi p\u0101rskat\u012bt noteikumus un pras\u012bbas, lai j\u016bs saprastu, k\u0101 tie darbojas un kas no jums tiek pras\u012bts, lai sa\u0146emtu visas to priek\u0161roc\u012bbas.<\/p>\n\n<div style=\"font-size: 0px; height: 0px; line-height: 0px; margin: 0; padding: 0; clear: both;\"><\/div>","protected":false},"excerpt":{"rendered":"<p>Kas ir Aviator tie\u0161saistes av\u0101rijas sp\u0113le? Aviator ir viena no popul\u0101r\u0101kaj\u0101m sp\u0113l\u0113m, ko izstr\u0101d\u0101jusi studija Spribe. Jaunums m\u016bsdienu tirg\u016b,<\/p>","protected":false},"author":1,"featured_media":0,"parent":0,"menu_order":0,"comment_status":"closed","ping_status":"closed","template":"","meta":{"footnotes":""},"class_list":["post-263","page","type-page","status-publish","hentry"],"yoast_head":"<!-- This site is optimized with the Yoast SEO plugin v22.0 - https:\/\/yoast.com\/wordpress\/plugins\/seo\/ -->\n<title>\u041e\u043d\u043b\u0430\u0439\u043d \u0441\u043b\u043e\u0442 \u0410\u0432\u0438\u0430\u0442\u043e\u0440 \u2014 \u0418\u0433\u0440\u0430\u0439 \u043d\u0430 \u0440\u0435\u0430\u043b\u044c\u043d\u044b\u0435 \u0434\u0435\u043d\u044c\u0433\u0438 \u0432 \u043a\u0430\u0437\u0438\u043d\u043e<\/title>\n<meta name=\"description\" content=\"\u0423\u0437\u043d\u0430\u0439\u0442\u0435 \u0432\u0441\u0435 \u043e \u043a\u0440\u0430\u0448-\u0438\u0433\u0440\u0435 \u0410\u0432\u0438\u0430\u0442\u043e\u0440: \u043f\u0440\u0430\u0432\u0438\u043b\u0430, \u0431\u043e\u043d\u0443\u0441\u044b, \u043e\u0441\u043e\u0431\u0435\u043d\u043d\u043e\u0441\u0442\u0438 \u0438 \u0445\u0430\u0440\u0430\u043a\u0442\u0435\u0440\u0438\u0441\u0442\u0438\u043a\u0438 \u0438\u0433\u0440\u044b \u0434\u043b\u044f \u0443\u0432\u0435\u043b\u0438\u0447\u0435\u043d\u0438\u0435 \u043f\u0440\u0438\u0431\u044b\u043b\u0438 \u0432 \u043a\u0430\u0437\u0438\u043d\u043e. \u0418\u0433\u0440\u0430\u0439 \u0432 Aviator \u043e\u0442 Spribe \u0432 \u043e\u043d\u043b\u0430\u0439\u043d\u0435.\" \/>\n<meta name=\"robots\" content=\"index, follow, max-snippet:-1, max-image-preview:large, max-video-preview:-1\" \/>\n<link rel=\"canonical\" href=\"https:\/\/aviator-slotgame.com\/lv\/aviator\/\" \/>\n<meta property=\"og:locale\" content=\"lv_LV\" \/>\n<meta property=\"og:type\" content=\"article\" \/>\n<meta property=\"og:title\" content=\"\u041e\u043d\u043b\u0430\u0439\u043d \u0441\u043b\u043e\u0442 \u0410\u0432\u0438\u0430\u0442\u043e\u0440 \u2014 \u0418\u0433\u0440\u0430\u0439 \u043d\u0430 \u0440\u0435\u0430\u043b\u044c\u043d\u044b\u0435 \u0434\u0435\u043d\u044c\u0433\u0438 \u0432 \u043a\u0430\u0437\u0438\u043d\u043e\" \/>\n<meta property=\"og:description\" content=\"\u0423\u0437\u043d\u0430\u0439\u0442\u0435 \u0432\u0441\u0435 \u043e \u043a\u0440\u0430\u0448-\u0438\u0433\u0440\u0435 \u0410\u0432\u0438\u0430\u0442\u043e\u0440: \u043f\u0440\u0430\u0432\u0438\u043b\u0430, \u0431\u043e\u043d\u0443\u0441\u044b, \u043e\u0441\u043e\u0431\u0435\u043d\u043d\u043e\u0441\u0442\u0438 \u0438 \u0445\u0430\u0440\u0430\u043a\u0442\u0435\u0440\u0438\u0441\u0442\u0438\u043a\u0438 \u0438\u0433\u0440\u044b \u0434\u043b\u044f \u0443\u0432\u0435\u043b\u0438\u0447\u0435\u043d\u0438\u0435 \u043f\u0440\u0438\u0431\u044b\u043b\u0438 \u0432 \u043a\u0430\u0437\u0438\u043d\u043e. \u0418\u0433\u0440\u0430\u0439 \u0432 Aviator \u043e\u0442 Spribe \u0432 \u043e\u043d\u043b\u0430\u0439\u043d\u0435.\" \/>\n<meta property=\"og:url\" content=\"https:\/\/aviator-slotgame.com\/lv\/aviator\/\" \/>\n<meta property=\"og:site_name\" content=\"Aviator\" \/>\n<meta property=\"article:modified_time\" content=\"2024-09-08T10:40:25+00:00\" \/>\n<meta name=\"twitter:card\" content=\"summary_large_image\" \/>\n<meta name=\"twitter:label1\" content=\"Est. reading time\" \/>\n\t<meta name=\"twitter:data1\" content=\"5 min\u016btes\" \/>\n<script type=\"application\/ld+json\" class=\"yoast-schema-graph\">{\"@context\":\"https:\/\/schema.org\",\"@graph\":[{\"@type\":\"WebPage\",\"@id\":\"https:\/\/aviator-slotgame.com\/aviator\/\",\"url\":\"https:\/\/aviator-slotgame.com\/aviator\/\",\"name\":\"\u041e\u043d\u043b\u0430\u0439\u043d \u0441\u043b\u043e\u0442 \u0410\u0432\u0438\u0430\u0442\u043e\u0440 \u2014 \u0418\u0433\u0440\u0430\u0439 \u043d\u0430 \u0440\u0435\u0430\u043b\u044c\u043d\u044b\u0435 \u0434\u0435\u043d\u044c\u0433\u0438 \u0432 \u043a\u0430\u0437\u0438\u043d\u043e\",\"isPartOf\":{\"@id\":\"https:\/\/aviator-slotgame.com\/#website\"},\"datePublished\":\"2024-09-06T14:43:40+00:00\",\"dateModified\":\"2024-09-08T10:40:25+00:00\",\"description\":\"\u0423\u0437\u043d\u0430\u0439\u0442\u0435 \u0432\u0441\u0435 \u043e \u043a\u0440\u0430\u0448-\u0438\u0433\u0440\u0435 \u0410\u0432\u0438\u0430\u0442\u043e\u0440: \u043f\u0440\u0430\u0432\u0438\u043b\u0430, \u0431\u043e\u043d\u0443\u0441\u044b, \u043e\u0441\u043e\u0431\u0435\u043d\u043d\u043e\u0441\u0442\u0438 \u0438 \u0445\u0430\u0440\u0430\u043a\u0442\u0435\u0440\u0438\u0441\u0442\u0438\u043a\u0438 \u0438\u0433\u0440\u044b \u0434\u043b\u044f \u0443\u0432\u0435\u043b\u0438\u0447\u0435\u043d\u0438\u0435 \u043f\u0440\u0438\u0431\u044b\u043b\u0438 \u0432 \u043a\u0430\u0437\u0438\u043d\u043e. \u0418\u0433\u0440\u0430\u0439 \u0432 Aviator \u043e\u0442 Spribe \u0432 \u043e\u043d\u043b\u0430\u0439\u043d\u0435.\",\"breadcrumb\":{\"@id\":\"https:\/\/aviator-slotgame.com\/aviator\/#breadcrumb\"},\"inLanguage\":\"lv-LV\",\"potentialAction\":[{\"@type\":\"ReadAction\",\"target\":[\"https:\/\/aviator-slotgame.com\/aviator\/\"]}]},{\"@type\":\"BreadcrumbList\",\"@id\":\"https:\/\/aviator-slotgame.com\/aviator\/#breadcrumb\",\"itemListElement\":[{\"@type\":\"ListItem\",\"position\":1,\"name\":\"Home\",\"item\":\"https:\/\/aviator-slotgame.com\/\"},{\"@type\":\"ListItem\",\"position\":2,\"name\":\"\u041f\u0440\u0430\u0432\u0438\u043b\u0430,\u043e\u0441\u043e\u0431\u0435\u043d\u043e\u0441\u0442\u0438 \u0438 \u0432\u044b\u0438\u0433\u0440\u044b\u0448\u0438 \u0432 \u043a\u0440\u0430\u0448-\u0441\u043b\u043e\u0442 \u0438\u0433\u0440\u0435 \u043d\u0430 \u0434\u0435\u043d\u044c\u0433\u0438\"}]},{\"@type\":\"WebSite\",\"@id\":\"https:\/\/aviator-slotgame.com\/#website\",\"url\":\"https:\/\/aviator-slotgame.com\/\",\"name\":\"Aviator\",\"description\":\"\",\"publisher\":{\"@id\":\"https:\/\/aviator-slotgame.com\/#organization\"},\"potentialAction\":[{\"@type\":\"SearchAction\",\"target\":{\"@type\":\"EntryPoint\",\"urlTemplate\":\"https:\/\/aviator-slotgame.com\/?s={search_term_string}\"},\"query-input\":\"required name=search_term_string\"}],\"inLanguage\":\"lv-LV\"},{\"@type\":\"Organization\",\"@id\":\"https:\/\/aviator-slotgame.com\/#organization\",\"name\":\"Aviator\",\"url\":\"https:\/\/aviator-slotgame.com\/\",\"logo\":{\"@type\":\"ImageObject\",\"inLanguage\":\"lv-LV\",\"@id\":\"https:\/\/aviator-slotgame.com\/#\/schema\/logo\/image\/\",\"url\":\"https:\/\/aviator-slotgame.com\/wp-content\/uploads\/16f5e8_dade544d4623411c9c4153c639aae85amv2.webp\",\"contentUrl\":\"https:\/\/aviator-slotgame.com\/wp-content\/uploads\/16f5e8_dade544d4623411c9c4153c639aae85amv2.webp\",\"width\":400,\"height\":300,\"caption\":\"Aviator\"},\"image\":{\"@id\":\"https:\/\/aviator-slotgame.com\/#\/schema\/logo\/image\/\"}}]}<\/script>\n<!-- \/ Yoast SEO plugin. -->","yoast_head_json":{"title":"\u041e\u043d\u043b\u0430\u0439\u043d \u0441\u043b\u043e\u0442 \u0410\u0432\u0438\u0430\u0442\u043e\u0440 \u2014 \u0418\u0433\u0440\u0430\u0439 \u043d\u0430 \u0440\u0435\u0430\u043b\u044c\u043d\u044b\u0435 \u0434\u0435\u043d\u044c\u0433\u0438 \u0432 \u043a\u0430\u0437\u0438\u043d\u043e","description":"\u0423\u0437\u043d\u0430\u0439\u0442\u0435 \u0432\u0441\u0435 \u043e \u043a\u0440\u0430\u0448-\u0438\u0433\u0440\u0435 \u0410\u0432\u0438\u0430\u0442\u043e\u0440: \u043f\u0440\u0430\u0432\u0438\u043b\u0430, \u0431\u043e\u043d\u0443\u0441\u044b, \u043e\u0441\u043e\u0431\u0435\u043d\u043d\u043e\u0441\u0442\u0438 \u0438 \u0445\u0430\u0440\u0430\u043a\u0442\u0435\u0440\u0438\u0441\u0442\u0438\u043a\u0438 \u0438\u0433\u0440\u044b \u0434\u043b\u044f \u0443\u0432\u0435\u043b\u0438\u0447\u0435\u043d\u0438\u0435 \u043f\u0440\u0438\u0431\u044b\u043b\u0438 \u0432 \u043a\u0430\u0437\u0438\u043d\u043e. \u0418\u0433\u0440\u0430\u0439 \u0432 Aviator \u043e\u0442 Spribe \u0432 \u043e\u043d\u043b\u0430\u0439\u043d\u0435.","robots":{"index":"index","follow":"follow","max-snippet":"max-snippet:-1","max-image-preview":"max-image-preview:large","max-video-preview":"max-video-preview:-1"},"canonical":"https:\/\/aviator-slotgame.com\/lv\/aviator\/","og_locale":"lv_LV","og_type":"article","og_title":"\u041e\u043d\u043b\u0430\u0439\u043d \u0441\u043b\u043e\u0442 \u0410\u0432\u0438\u0430\u0442\u043e\u0440 \u2014 \u0418\u0433\u0440\u0430\u0439 \u043d\u0430 \u0440\u0435\u0430\u043b\u044c\u043d\u044b\u0435 \u0434\u0435\u043d\u044c\u0433\u0438 \u0432 \u043a\u0430\u0437\u0438\u043d\u043e","og_description":"\u0423\u0437\u043d\u0430\u0439\u0442\u0435 \u0432\u0441\u0435 \u043e \u043a\u0440\u0430\u0448-\u0438\u0433\u0440\u0435 \u0410\u0432\u0438\u0430\u0442\u043e\u0440: \u043f\u0440\u0430\u0432\u0438\u043b\u0430, \u0431\u043e\u043d\u0443\u0441\u044b, \u043e\u0441\u043e\u0431\u0435\u043d\u043d\u043e\u0441\u0442\u0438 \u0438 \u0445\u0430\u0440\u0430\u043a\u0442\u0435\u0440\u0438\u0441\u0442\u0438\u043a\u0438 \u0438\u0433\u0440\u044b \u0434\u043b\u044f \u0443\u0432\u0435\u043b\u0438\u0447\u0435\u043d\u0438\u0435 \u043f\u0440\u0438\u0431\u044b\u043b\u0438 \u0432 \u043a\u0430\u0437\u0438\u043d\u043e. \u0418\u0433\u0440\u0430\u0439 \u0432 Aviator \u043e\u0442 Spribe \u0432 \u043e\u043d\u043b\u0430\u0439\u043d\u0435.","og_url":"https:\/\/aviator-slotgame.com\/lv\/aviator\/","og_site_name":"Aviator","article_modified_time":"2024-09-08T10:40:25+00:00","twitter_card":"summary_large_image","twitter_misc":{"Est. reading time":"5 min\u016btes"},"schema":{"@context":"https:\/\/schema.org","@graph":[{"@type":"WebPage","@id":"https:\/\/aviator-slotgame.com\/aviator\/","url":"https:\/\/aviator-slotgame.com\/aviator\/","name":"\u041e\u043d\u043b\u0430\u0439\u043d \u0441\u043b\u043e\u0442 \u0410\u0432\u0438\u0430\u0442\u043e\u0440 \u2014 \u0418\u0433\u0440\u0430\u0439 \u043d\u0430 \u0440\u0435\u0430\u043b\u044c\u043d\u044b\u0435 \u0434\u0435\u043d\u044c\u0433\u0438 \u0432 \u043a\u0430\u0437\u0438\u043d\u043e","isPartOf":{"@id":"https:\/\/aviator-slotgame.com\/#website"},"datePublished":"2024-09-06T14:43:40+00:00","dateModified":"2024-09-08T10:40:25+00:00","description":"\u0423\u0437\u043d\u0430\u0439\u0442\u0435 \u0432\u0441\u0435 \u043e \u043a\u0440\u0430\u0448-\u0438\u0433\u0440\u0435 \u0410\u0432\u0438\u0430\u0442\u043e\u0440: \u043f\u0440\u0430\u0432\u0438\u043b\u0430, \u0431\u043e\u043d\u0443\u0441\u044b, \u043e\u0441\u043e\u0431\u0435\u043d\u043d\u043e\u0441\u0442\u0438 \u0438 \u0445\u0430\u0440\u0430\u043a\u0442\u0435\u0440\u0438\u0441\u0442\u0438\u043a\u0438 \u0438\u0433\u0440\u044b \u0434\u043b\u044f \u0443\u0432\u0435\u043b\u0438\u0447\u0435\u043d\u0438\u0435 \u043f\u0440\u0438\u0431\u044b\u043b\u0438 \u0432 \u043a\u0430\u0437\u0438\u043d\u043e. \u0418\u0433\u0440\u0430\u0439 \u0432 Aviator \u043e\u0442 Spribe \u0432 \u043e\u043d\u043b\u0430\u0439\u043d\u0435.","breadcrumb":{"@id":"https:\/\/aviator-slotgame.com\/aviator\/#breadcrumb"},"inLanguage":"lv-LV","potentialAction":[{"@type":"ReadAction","target":["https:\/\/aviator-slotgame.com\/aviator\/"]}]},{"@type":"BreadcrumbList","@id":"https:\/\/aviator-slotgame.com\/aviator\/#breadcrumb","itemListElement":[{"@type":"ListItem","position":1,"name":"Home","item":"https:\/\/aviator-slotgame.com\/"},{"@type":"ListItem","position":2,"name":"\u041f\u0440\u0430\u0432\u0438\u043b\u0430,\u043e\u0441\u043e\u0431\u0435\u043d\u043e\u0441\u0442\u0438 \u0438 \u0432\u044b\u0438\u0433\u0440\u044b\u0448\u0438 \u0432 \u043a\u0440\u0430\u0448-\u0441\u043b\u043e\u0442 \u0438\u0433\u0440\u0435 \u043d\u0430 \u0434\u0435\u043d\u044c\u0433\u0438"}]},{"@type":"WebSite","@id":"https:\/\/aviator-slotgame.com\/#website","url":"https:\/\/aviator-slotgame.com\/","name":"Aviator","description":"","publisher":{"@id":"https:\/\/aviator-slotgame.com\/#organization"},"potentialAction":[{"@type":"SearchAction","target":{"@type":"EntryPoint","urlTemplate":"https:\/\/aviator-slotgame.com\/?s={search_term_string}"},"query-input":"required name=search_term_string"}],"inLanguage":"lv-LV"},{"@type":"Organization","@id":"https:\/\/aviator-slotgame.com\/#organization","name":"Aviator","url":"https:\/\/aviator-slotgame.com\/","logo":{"@type":"ImageObject","inLanguage":"lv-LV","@id":"https:\/\/aviator-slotgame.com\/#\/schema\/logo\/image\/","url":"https:\/\/aviator-slotgame.com\/wp-content\/uploads\/16f5e8_dade544d4623411c9c4153c639aae85amv2.webp","contentUrl":"https:\/\/aviator-slotgame.com\/wp-content\/uploads\/16f5e8_dade544d4623411c9c4153c639aae85amv2.webp","width":400,"height":300,"caption":"Aviator"},"image":{"@id":"https:\/\/aviator-slotgame.com\/#\/schema\/logo\/image\/"}}]}},"amp_enabled":true,"_links":{"self":[{"href":"https:\/\/aviator-slotgame.com\/lv\/wp-json\/wp\/v2\/pages\/263","targetHints":{"allow":["GET"]}}],"collection":[{"href":"https:\/\/aviator-slotgame.com\/lv\/wp-json\/wp\/v2\/pages"}],"about":[{"href":"https:\/\/aviator-slotgame.com\/lv\/wp-json\/wp\/v2\/types\/page"}],"author":[{"embeddable":true,"href":"https:\/\/aviator-slotgame.com\/lv\/wp-json\/wp\/v2\/users\/1"}],"replies":[{"embeddable":true,"href":"https:\/\/aviator-slotgame.com\/lv\/wp-json\/wp\/v2\/comments?post=263"}],"version-history":[{"count":4,"href":"https:\/\/aviator-slotgame.com\/lv\/wp-json\/wp\/v2\/pages\/263\/revisions"}],"predecessor-version":[{"id":287,"href":"https:\/\/aviator-slotgame.com\/lv\/wp-json\/wp\/v2\/pages\/263\/revisions\/287"}],"wp:attachment":[{"href":"https:\/\/aviator-slotgame.com\/lv\/wp-json\/wp\/v2\/media?parent=263"}],"curies":[{"name":"wp","href":"https:\/\/api.w.org\/{rel}","templated":true}]}}