{"id":31,"date":"2024-01-31T13:01:43","date_gmt":"2024-01-31T13:01:43","guid":{"rendered":"https:\/\/aviator-slotgame.com\/?page_id=31"},"modified":"2024-10-03T23:08:38","modified_gmt":"2024-10-03T23:08:38","slug":"download-apk-games","status":"publish","type":"page","link":"https:\/\/aviator-slotgame.com\/lv\/lejupieladet-aviator-spele-apk-tagad\/","title":{"rendered":"Instal\u0113jiet Aviator APK Android versijai t\u016bl\u012bt"},"content":{"rendered":"<div class=\"a78185e9f49acb0fd5b7cc91aab6ca74\" data-index=\"1\" style=\"float: none; margin:10px 0 10px 0; text-align:center;\">\n<div class=\"custom-play-button\">\r\n<center><a href=\"https:\/\/aviator-slotgame.com\/lv\/play-game\/\" rel=\"nofollow\" target=\"_blank\">Sp\u0113l\u0113t tagad<\/a><br><\/center>\r\n<\/div>\n<\/div>\n<p>Aviator ir aizraujo\u0161a tie\u0161saistes kazino sp\u0113le no Spribe, kas p\u0101rbaud\u012bs j\u016bsu sp\u0113\u013cu prasmes l\u012bdz galam. Ar viegli apg\u016bstamiem noteikumiem \u0161\u012b sp\u0113le nodro\u0161in\u0101s stund\u0101m ilgi izklaidi. Tiem, kas v\u0113las v\u0113l iespaid\u012bg\u0101ku un p\u0101rn\u0113s\u0101jam\u0101ku pieredzi, ir pieejamas vair\u0101kas mobil\u0101s lietotnes, kas \u012bpa\u0161i paredz\u0113tas Aviator sp\u0113l\u0113t\u0101jiem un sp\u0113l\u0113t\u0101jiem kopum\u0101.<\/p>\n<p><img loading=\"lazy\" decoding=\"async\" class=\"alignnone size-full wp-image-204\" title=\"Lejupiel\u0101d\u0113jiet sp\u0113les Aviator APK t\u016bl\u012bt\" src=\"https:\/\/aviator-slotgame.com\/wp-content\/uploads\/aviator-4.png\" alt=\"Lejupiel\u0101d\u0113jiet sp\u0113les Aviator APK t\u016bl\u012bt\" width=\"800\" height=\"445\" srcset=\"https:\/\/aviator-slotgame.com\/wp-content\/uploads\/aviator-4.png 800w, https:\/\/aviator-slotgame.com\/wp-content\/uploads\/aviator-4-300x167.png 300w, https:\/\/aviator-slotgame.com\/wp-content\/uploads\/aviator-4-768x427.png 768w, https:\/\/aviator-slotgame.com\/wp-content\/uploads\/aviator-4-18x10.png 18w\" sizes=\"auto, (max-width: 800px) 100vw, 800px\" \/><\/p>\n<h2 id=\"h-what-is-an-android-apk\">Kas ir APK oper\u0113t\u0101jsist\u0113mai Android?<\/h2>\n<p>Android APK fails ir \u012bpa\u0161s faila veids, kas \u012bpa\u0161i izveidots lejupiel\u0101dei Android oper\u0113t\u0101jsist\u0113m\u0101. Taj\u0101 ir visi nepiecie\u0161amie faili un kods, kas nepiecie\u0161ams lietojumprogrammas palai\u0161anai Android ier\u012bc\u0113. Faili tiek saspiesti vien\u0101 fail\u0101, kas atvieglo lietojumprogrammu p\u0101rs\u016bt\u012b\u0161anu, kop\u012bgo\u0161anu un instal\u0113\u0161anu.<\/p>\n<p>APK fails ir l\u012bdz\u012bgs cita veida programmat\u016bras instal\u0113\u0161anas pakotn\u0113m, piem\u0113ram, Windows Installer pakotn\u0113m vai Mac OSX lietojumprogramm\u0101m.<\/p><div class=\"a78185e9f49acb0fd5b7cc91aab6ca74\" data-index=\"1\" style=\"float: none; margin:10px 0 10px 0; text-align:center;\">\n<div class=\"custom-play-button\">\r\n<center><a href=\"https:\/\/aviator-slotgame.com\/lv\/play-game\/\" rel=\"nofollow\" target=\"_blank\">Sp\u0113l\u0113t tagad<\/a><br><\/center>\r\n<\/div>\n<\/div>\n\n<p>APK faila m\u0113r\u0137is ir t\u0101diem Aviator sp\u0113l\u0113t\u0101jiem k\u0101 m\u0113s, lai nodro\u0161in\u0101tu \u0113rtu veidu, k\u0101 lejupiel\u0101d\u0113t un instal\u0113t lietotnes, kas nav pieejamas Google Play veikal\u0101. Gandr\u012bz katr\u0101 vado\u0161aj\u0101 tie\u0161saistes kazino vietn\u0113 ir mobil\u0101 lietotne, ta\u010du gandr\u012bz nevienu no t\u0101m nevar lejupiel\u0101d\u0113t no ofici\u0101l\u0101 Play veikala.<\/p>\n<p><img loading=\"lazy\" decoding=\"async\" class=\"alignnone size-full wp-image-345\" src=\"https:\/\/aviator-slotgame.com\/wp-content\/uploads\/Aviator-25-800-x-600-\u043f\u0438\u043a\u0441.jpg\" alt=\"APK oper\u0113t\u0101jsist\u0113mai Android\" width=\"800\" height=\"600\" srcset=\"https:\/\/aviator-slotgame.com\/wp-content\/uploads\/Aviator-25-800-x-600-\u043f\u0438\u043a\u0441.jpg 800w, https:\/\/aviator-slotgame.com\/wp-content\/uploads\/Aviator-25-800-x-600-\u043f\u0438\u043a\u0441-300x225.jpg 300w, https:\/\/aviator-slotgame.com\/wp-content\/uploads\/Aviator-25-800-x-600-\u043f\u0438\u043a\u0441-768x576.jpg 768w, https:\/\/aviator-slotgame.com\/wp-content\/uploads\/Aviator-25-800-x-600-\u043f\u0438\u043a\u0441-16x12.jpg 16w\" sizes=\"auto, (max-width: 800px) 100vw, 800px\" \/><\/p>\n<h2 id=\"h-how-to-download-and-install-the-aviator-apk\">K\u0101 lejupiel\u0101d\u0113t un instal\u0113t Aviator APK<\/h2>\n<p>Tom\u0113r, ja jums ir uzticams avots, kur varat lejupiel\u0101d\u0113t sp\u0113les Aviator APK failu, veiciet \u0161\u012bs darb\u012bbas, lai to instal\u0113tu sav\u0101 Android ier\u012bc\u0113:<\/p>\n<ol>\n<li>Sav\u0101 Android ier\u012bc\u0113 atveriet sada\u013cu Iestat\u012bjumi.<\/li>\n<li>Atrodiet un atveriet Dro\u0161\u012bba vai Dro\u0161\u012bbas iestat\u012bjumi.<\/li>\n<li>Iesp\u0113jojiet opciju Nezin\u0101mi avoti vai Instal\u0113t lietojumprogrammas no nezin\u0101miem avotiem.<\/li>\n<li>Atrodiet sav\u0101 ier\u012bc\u0113 lejupiel\u0101d\u0113to Aviator sp\u0113les APK failu.<\/li>\n<li>Noklik\u0161\u0137iniet uz faila, lai s\u0101ktu instal\u0113\u0161anas procesu.<\/li>\n<li>P\u0113c instal\u0113\u0161anas varat palaist sp\u0113li Aviator sav\u0101 Android ier\u012bc\u0113.<\/li>\n<\/ol>\n<p>L\u016bdzu, \u0146emiet v\u0113r\u0101, ka lietot\u0146u lejupiel\u0101de un instal\u0113\u0161ana no neofici\u0101liem avotiem var rad\u012bt dro\u0161\u012bbas risku j\u016bsu ier\u012bcei. Lai izvair\u012btos no dro\u0161\u012bbas riskiem, ieteicams lejupiel\u0101d\u0113t un instal\u0113t lietotnes tikai no uzticamiem un ofici\u0101liem avotiem, piem\u0113ram, Google Play veikala.<\/p>\n<p><img loading=\"lazy\" decoding=\"async\" class=\"alignnone size-full wp-image-347\" src=\"https:\/\/aviator-slotgame.com\/wp-content\/uploads\/Aviator-26-800-x-600-\u043f\u0438\u043a\u0441.jpg\" alt=\"Lejupiel\u0101d\u0113jiet un instal\u0113jiet Aviator APK\" width=\"800\" height=\"600\" srcset=\"https:\/\/aviator-slotgame.com\/wp-content\/uploads\/Aviator-26-800-x-600-\u043f\u0438\u043a\u0441.jpg 800w, https:\/\/aviator-slotgame.com\/wp-content\/uploads\/Aviator-26-800-x-600-\u043f\u0438\u043a\u0441-300x225.jpg 300w, https:\/\/aviator-slotgame.com\/wp-content\/uploads\/Aviator-26-800-x-600-\u043f\u0438\u043a\u0441-768x576.jpg 768w, https:\/\/aviator-slotgame.com\/wp-content\/uploads\/Aviator-26-800-x-600-\u043f\u0438\u043a\u0441-16x12.jpg 16w\" sizes=\"auto, (max-width: 800px) 100vw, 800px\" \/><\/p>\n<h2 id=\"h-frequently-asked-questions-faq\">Bie\u017ei uzdotie jaut\u0101jumi (FAQ)<\/h2>\n<h3 id=\"h-are-apks-safe-for-my-device\">Vai APK\u00a0faili ir dro\u0161i manai ier\u012bcei?<\/h3>\n<p>J\u0101, ja uzticaties vietnei, no kuras tos lejupiel\u0101d\u0113j\u0101t. Vienm\u0113r p\u0101rliecinieties, vai lejupiel\u0101d\u0113jat no uzticama avota, piem\u0113ram, APKMirror vai lietotnes ofici\u0101l\u0101s vietnes.<\/p>\n<p>Piez\u012bme: past\u0101v \u013caunpr\u0101t\u012bgi faili; Vienm\u0113r v\u0113lreiz p\u0101rbaudiet savus avotus.<\/p>\n<h3 id=\"h-are-apks-illegal\">Vai APK\u00a0faili ir nelikum\u012bgi?<\/h3>\n<p>N\u0113, daudzos no lab\u0101kajiem kazino, kas pied\u0101v\u0101 Aviator, ir lejupiel\u0101d\u0113jamas lietotnes, kas ir likum\u012bgas. Kazino vienk\u0101r\u0161i nav pieejams ofici\u0101lajos Android mobilo ier\u012b\u010du veikalos.<\/p>\n<h3 id=\"h-can-you-play-aviator-for-free\">Vai j\u016bs varat sp\u0113l\u0113t Aviator bez maksas?<\/h3>\n<p>Pakalpojumos iOS un Google Play ir pieejamas daudzas bezmaksas Aviator lietotnes. \u0160\u012bs lejupiel\u0101d\u0113jam\u0101s sp\u0113les simul\u0113 tie\u0161raides sp\u0113\u013cu istabas pieredzi, neizmantojot re\u0101lu naudu, kred\u012btus vai cilv\u0113kus.<\/p>\n<p>Galvenais bezmaksas Aviator tr\u016bkums ir \u012bstu draugu tr\u016bkums t\u0113rz\u0113\u0161an\u0101 un re\u0101li laimesti, kurus var iz\u0146emt.<\/p>\n<h3 id=\"h-can-i-install-an-apk-on-my-ios-device\">Vai varu instal\u0113t APK sav\u0101 iOS ier\u012bc\u0113?<\/h3>\n<p>N\u0113. APK apz\u012bm\u0113 Android pakotni. \u0160is faila veids ir paredz\u0113ts tikai lejupiel\u0101dei Android ier\u012bc\u0113s. Apple ier\u012bces, piem\u0113ram, iPhone, nedarbojas ar \u0161\u0101da veida lietojumprogramm\u0101m.<\/p>\n<h3 id=\"h-can-we-hack-the-aviator-game\">Vai ir iesp\u0113jams uzlauzt sp\u0113li Aviator?<\/h3>\n<p>Ir absol\u016bti neiesp\u0113jami uzlauzt \u012bsto Aviator sp\u0113li, pat ja lejupiel\u0101d\u0113jat APK vai iOS lietotni. Sist\u0113m\u0101s, kuras Spribe izmanto sp\u0113les palai\u0161anai, tiek izmantota kriptogr\u0101fijas tehnolo\u0123ija, kas garant\u0113 god\u012bgumu un rezult\u0101tu nevilto\u0161anu 100% gad\u012bjumos.<\/p>\n<h3 id=\"h-do-aviator-predictors-work\">Vai Aviator prognoz\u0113t\u0101ji darbojas?<\/h3>\n<p>N\u0113. Jebkur\u0161 APK, kas sola paredz\u0113t raundu izn\u0101kumu vai sola uzvar\u0113t tie\u0161raid\u0113 Aviator sp\u0113l\u0113, ir meli vai kr\u0101pniec\u012bba. Nelejupiel\u0101d\u0113jiet \u0161\u012bs lietotnes.<\/p>\n<p>Sp\u0113li nosaka RNG (nejau\u0161o skait\u013cu \u0123ener\u0113\u0161ana) un j\u016bsu veiksme; \u0161eit nav nek\u0101da nosl\u0113puma vai vilt\u012bbas.<\/p>\n\n<div style=\"font-size: 0px; height: 0px; line-height: 0px; margin: 0; padding: 0; clear: both;\"><\/div>","protected":false},"excerpt":{"rendered":"<p>Aviator ir aizraujo\u0161a tie\u0161saistes kazino sp\u0113le no Spribe, kas p\u0101rbaud\u012bs j\u016bsu sp\u0113\u013cu prasmes l\u012bdz galam. Pateicoties viegli apg\u016bstamajam<\/p>","protected":false},"author":1,"featured_media":0,"parent":0,"menu_order":0,"comment_status":"closed","ping_status":"closed","template":"","meta":{"footnotes":""},"class_list":["post-31","page","type-page","status-publish","hentry"],"yoast_head":"<!-- This site is optimized with the Yoast SEO plugin v22.0 - https:\/\/yoast.com\/wordpress\/plugins\/seo\/ -->\n<title>\u0421\u043a\u0430\u0447\u0430\u0439 Aviator APK \u0434\u043b\u044f Android \u2014 \u0418\u0433\u0440\u0430 \u0432 \u043a\u0440\u0430\u0448-\u0441\u043b\u043e\u0442 \u043d\u0430 \u0434\u0435\u043d\u044c\u0433\u0438<\/title>\n<meta name=\"description\" content=\"\u0423\u0441\u0442\u0430\u043d\u043e\u0432\u0438\u0442\u0435 \u0438\u0433\u0440\u0443 Aviator \u043d\u0430 Android \u0441 \u043f\u043e\u043c\u043e\u0449\u044c\u044e APK-\u0444\u0430\u0439\u043b\u0430. \u0418\u0433\u0440\u0430\u0439\u0442\u0435 \u0432 \u043a\u0440\u0430\u0448-\u0441\u043b\u043e\u0442 \u0438\u0433\u0440\u0443 \u043d\u0430 \u0434\u0435\u043d\u044c\u0433\u0438, \u0441\u043a\u0430\u0447\u0438\u0432\u0430\u044f \u043f\u0440\u0438\u043b\u043e\u0436\u0435\u043d\u0438\u0435 \u0431\u0435\u0437\u043e\u043f\u0430\u0441\u043d\u043e \u0438 \u043b\u0435\u0433\u043a\u043e.\" \/>\n<meta name=\"robots\" content=\"index, follow, max-snippet:-1, max-image-preview:large, max-video-preview:-1\" \/>\n<link rel=\"canonical\" href=\"https:\/\/aviator-slotgame.com\/lv\/lejupieladet-aviator-spele-apk-tagad\/\" \/>\n<meta property=\"og:locale\" content=\"lv_LV\" \/>\n<meta property=\"og:type\" content=\"article\" \/>\n<meta property=\"og:title\" content=\"\u0421\u043a\u0430\u0447\u0430\u0439 Aviator APK \u0434\u043b\u044f Android \u2014 \u0418\u0433\u0440\u0430 \u0432 \u043a\u0440\u0430\u0448-\u0441\u043b\u043e\u0442 \u043d\u0430 \u0434\u0435\u043d\u044c\u0433\u0438\" \/>\n<meta property=\"og:description\" content=\"\u0423\u0441\u0442\u0430\u043d\u043e\u0432\u0438\u0442\u0435 \u0438\u0433\u0440\u0443 Aviator \u043d\u0430 Android \u0441 \u043f\u043e\u043c\u043e\u0449\u044c\u044e APK-\u0444\u0430\u0439\u043b\u0430. \u0418\u0433\u0440\u0430\u0439\u0442\u0435 \u0432 \u043a\u0440\u0430\u0448-\u0441\u043b\u043e\u0442 \u0438\u0433\u0440\u0443 \u043d\u0430 \u0434\u0435\u043d\u044c\u0433\u0438, \u0441\u043a\u0430\u0447\u0438\u0432\u0430\u044f \u043f\u0440\u0438\u043b\u043e\u0436\u0435\u043d\u0438\u0435 \u0431\u0435\u0437\u043e\u043f\u0430\u0441\u043d\u043e \u0438 \u043b\u0435\u0433\u043a\u043e.\" \/>\n<meta property=\"og:url\" content=\"https:\/\/aviator-slotgame.com\/lv\/lejupieladet-aviator-spele-apk-tagad\/\" \/>\n<meta property=\"og:site_name\" content=\"Aviator\" \/>\n<meta property=\"article:modified_time\" content=\"2024-10-03T23:08:38+00:00\" \/>\n<meta property=\"og:image\" content=\"https:\/\/aviator-slotgame.com\/wp-content\/uploads\/aviator-4.png\" \/>\n<meta name=\"twitter:card\" content=\"summary_large_image\" \/>\n<meta name=\"twitter:label1\" content=\"Est. reading time\" \/>\n\t<meta name=\"twitter:data1\" content=\"3 min\u016btes\" \/>\n<script type=\"application\/ld+json\" class=\"yoast-schema-graph\">{\"@context\":\"https:\/\/schema.org\",\"@graph\":[{\"@type\":\"WebPage\",\"@id\":\"https:\/\/aviator-slotgame.com\/download-apk-games\/\",\"url\":\"https:\/\/aviator-slotgame.com\/download-apk-games\/\",\"name\":\"\u0421\u043a\u0430\u0447\u0430\u0439 Aviator APK \u0434\u043b\u044f Android \u2014 \u0418\u0433\u0440\u0430 \u0432 \u043a\u0440\u0430\u0448-\u0441\u043b\u043e\u0442 \u043d\u0430 \u0434\u0435\u043d\u044c\u0433\u0438\",\"isPartOf\":{\"@id\":\"https:\/\/aviator-slotgame.com\/#website\"},\"datePublished\":\"2024-01-31T13:01:43+00:00\",\"dateModified\":\"2024-10-03T23:08:38+00:00\",\"description\":\"\u0423\u0441\u0442\u0430\u043d\u043e\u0432\u0438\u0442\u0435 \u0438\u0433\u0440\u0443 Aviator \u043d\u0430 Android \u0441 \u043f\u043e\u043c\u043e\u0449\u044c\u044e APK-\u0444\u0430\u0439\u043b\u0430. \u0418\u0433\u0440\u0430\u0439\u0442\u0435 \u0432 \u043a\u0440\u0430\u0448-\u0441\u043b\u043e\u0442 \u0438\u0433\u0440\u0443 \u043d\u0430 \u0434\u0435\u043d\u044c\u0433\u0438, \u0441\u043a\u0430\u0447\u0438\u0432\u0430\u044f \u043f\u0440\u0438\u043b\u043e\u0436\u0435\u043d\u0438\u0435 \u0431\u0435\u0437\u043e\u043f\u0430\u0441\u043d\u043e \u0438 \u043b\u0435\u0433\u043a\u043e.\",\"breadcrumb\":{\"@id\":\"https:\/\/aviator-slotgame.com\/download-apk-games\/#breadcrumb\"},\"inLanguage\":\"lv-LV\",\"potentialAction\":[{\"@type\":\"ReadAction\",\"target\":[\"https:\/\/aviator-slotgame.com\/download-apk-games\/\"]}]},{\"@type\":\"BreadcrumbList\",\"@id\":\"https:\/\/aviator-slotgame.com\/download-apk-games\/#breadcrumb\",\"itemListElement\":[{\"@type\":\"ListItem\",\"position\":1,\"name\":\"Home\",\"item\":\"https:\/\/aviator-slotgame.com\/\"},{\"@type\":\"ListItem\",\"position\":2,\"name\":\"\u0423\u0441\u0442\u0430\u043d\u043e\u0432\u0438 Aviator APK \u0434\u043b\u044f Android \u0432\u0435\u0440\u0441\u0438\u0438 \u043f\u0440\u044f\u043c\u043e \u0441\u0435\u0439\u0447\u0430\u0441\"}]},{\"@type\":\"WebSite\",\"@id\":\"https:\/\/aviator-slotgame.com\/#website\",\"url\":\"https:\/\/aviator-slotgame.com\/\",\"name\":\"Aviator\",\"description\":\"\",\"publisher\":{\"@id\":\"https:\/\/aviator-slotgame.com\/#organization\"},\"potentialAction\":[{\"@type\":\"SearchAction\",\"target\":{\"@type\":\"EntryPoint\",\"urlTemplate\":\"https:\/\/aviator-slotgame.com\/?s={search_term_string}\"},\"query-input\":\"required name=search_term_string\"}],\"inLanguage\":\"lv-LV\"},{\"@type\":\"Organization\",\"@id\":\"https:\/\/aviator-slotgame.com\/#organization\",\"name\":\"Aviator\",\"url\":\"https:\/\/aviator-slotgame.com\/\",\"logo\":{\"@type\":\"ImageObject\",\"inLanguage\":\"lv-LV\",\"@id\":\"https:\/\/aviator-slotgame.com\/#\/schema\/logo\/image\/\",\"url\":\"https:\/\/aviator-slotgame.com\/wp-content\/uploads\/16f5e8_dade544d4623411c9c4153c639aae85amv2.webp\",\"contentUrl\":\"https:\/\/aviator-slotgame.com\/wp-content\/uploads\/16f5e8_dade544d4623411c9c4153c639aae85amv2.webp\",\"width\":400,\"height\":300,\"caption\":\"Aviator\"},\"image\":{\"@id\":\"https:\/\/aviator-slotgame.com\/#\/schema\/logo\/image\/\"}}]}<\/script>\n<!-- \/ Yoast SEO plugin. -->","yoast_head_json":{"title":"\u0421\u043a\u0430\u0447\u0430\u0439 Aviator APK \u0434\u043b\u044f Android \u2014 \u0418\u0433\u0440\u0430 \u0432 \u043a\u0440\u0430\u0448-\u0441\u043b\u043e\u0442 \u043d\u0430 \u0434\u0435\u043d\u044c\u0433\u0438","description":"\u0423\u0441\u0442\u0430\u043d\u043e\u0432\u0438\u0442\u0435 \u0438\u0433\u0440\u0443 Aviator \u043d\u0430 Android \u0441 \u043f\u043e\u043c\u043e\u0449\u044c\u044e APK-\u0444\u0430\u0439\u043b\u0430. \u0418\u0433\u0440\u0430\u0439\u0442\u0435 \u0432 \u043a\u0440\u0430\u0448-\u0441\u043b\u043e\u0442 \u0438\u0433\u0440\u0443 \u043d\u0430 \u0434\u0435\u043d\u044c\u0433\u0438, \u0441\u043a\u0430\u0447\u0438\u0432\u0430\u044f \u043f\u0440\u0438\u043b\u043e\u0436\u0435\u043d\u0438\u0435 \u0431\u0435\u0437\u043e\u043f\u0430\u0441\u043d\u043e \u0438 \u043b\u0435\u0433\u043a\u043e.","robots":{"index":"index","follow":"follow","max-snippet":"max-snippet:-1","max-image-preview":"max-image-preview:large","max-video-preview":"max-video-preview:-1"},"canonical":"https:\/\/aviator-slotgame.com\/lv\/lejupieladet-aviator-spele-apk-tagad\/","og_locale":"lv_LV","og_type":"article","og_title":"\u0421\u043a\u0430\u0447\u0430\u0439 Aviator APK \u0434\u043b\u044f Android \u2014 \u0418\u0433\u0440\u0430 \u0432 \u043a\u0440\u0430\u0448-\u0441\u043b\u043e\u0442 \u043d\u0430 \u0434\u0435\u043d\u044c\u0433\u0438","og_description":"\u0423\u0441\u0442\u0430\u043d\u043e\u0432\u0438\u0442\u0435 \u0438\u0433\u0440\u0443 Aviator \u043d\u0430 Android \u0441 \u043f\u043e\u043c\u043e\u0449\u044c\u044e APK-\u0444\u0430\u0439\u043b\u0430. \u0418\u0433\u0440\u0430\u0439\u0442\u0435 \u0432 \u043a\u0440\u0430\u0448-\u0441\u043b\u043e\u0442 \u0438\u0433\u0440\u0443 \u043d\u0430 \u0434\u0435\u043d\u044c\u0433\u0438, \u0441\u043a\u0430\u0447\u0438\u0432\u0430\u044f \u043f\u0440\u0438\u043b\u043e\u0436\u0435\u043d\u0438\u0435 \u0431\u0435\u0437\u043e\u043f\u0430\u0441\u043d\u043e \u0438 \u043b\u0435\u0433\u043a\u043e.","og_url":"https:\/\/aviator-slotgame.com\/lv\/lejupieladet-aviator-spele-apk-tagad\/","og_site_name":"Aviator","article_modified_time":"2024-10-03T23:08:38+00:00","og_image":[{"url":"https:\/\/aviator-slotgame.com\/wp-content\/uploads\/aviator-4.png"}],"twitter_card":"summary_large_image","twitter_misc":{"Est. reading time":"3 min\u016btes"},"schema":{"@context":"https:\/\/schema.org","@graph":[{"@type":"WebPage","@id":"https:\/\/aviator-slotgame.com\/download-apk-games\/","url":"https:\/\/aviator-slotgame.com\/download-apk-games\/","name":"\u0421\u043a\u0430\u0447\u0430\u0439 Aviator APK \u0434\u043b\u044f Android \u2014 \u0418\u0433\u0440\u0430 \u0432 \u043a\u0440\u0430\u0448-\u0441\u043b\u043e\u0442 \u043d\u0430 \u0434\u0435\u043d\u044c\u0433\u0438","isPartOf":{"@id":"https:\/\/aviator-slotgame.com\/#website"},"datePublished":"2024-01-31T13:01:43+00:00","dateModified":"2024-10-03T23:08:38+00:00","description":"\u0423\u0441\u0442\u0430\u043d\u043e\u0432\u0438\u0442\u0435 \u0438\u0433\u0440\u0443 Aviator \u043d\u0430 Android \u0441 \u043f\u043e\u043c\u043e\u0449\u044c\u044e APK-\u0444\u0430\u0439\u043b\u0430. \u0418\u0433\u0440\u0430\u0439\u0442\u0435 \u0432 \u043a\u0440\u0430\u0448-\u0441\u043b\u043e\u0442 \u0438\u0433\u0440\u0443 \u043d\u0430 \u0434\u0435\u043d\u044c\u0433\u0438, \u0441\u043a\u0430\u0447\u0438\u0432\u0430\u044f \u043f\u0440\u0438\u043b\u043e\u0436\u0435\u043d\u0438\u0435 \u0431\u0435\u0437\u043e\u043f\u0430\u0441\u043d\u043e \u0438 \u043b\u0435\u0433\u043a\u043e.","breadcrumb":{"@id":"https:\/\/aviator-slotgame.com\/download-apk-games\/#breadcrumb"},"inLanguage":"lv-LV","potentialAction":[{"@type":"ReadAction","target":["https:\/\/aviator-slotgame.com\/download-apk-games\/"]}]},{"@type":"BreadcrumbList","@id":"https:\/\/aviator-slotgame.com\/download-apk-games\/#breadcrumb","itemListElement":[{"@type":"ListItem","position":1,"name":"Home","item":"https:\/\/aviator-slotgame.com\/"},{"@type":"ListItem","position":2,"name":"\u0423\u0441\u0442\u0430\u043d\u043e\u0432\u0438 Aviator APK \u0434\u043b\u044f Android \u0432\u0435\u0440\u0441\u0438\u0438 \u043f\u0440\u044f\u043c\u043e \u0441\u0435\u0439\u0447\u0430\u0441"}]},{"@type":"WebSite","@id":"https:\/\/aviator-slotgame.com\/#website","url":"https:\/\/aviator-slotgame.com\/","name":"Aviator","description":"","publisher":{"@id":"https:\/\/aviator-slotgame.com\/#organization"},"potentialAction":[{"@type":"SearchAction","target":{"@type":"EntryPoint","urlTemplate":"https:\/\/aviator-slotgame.com\/?s={search_term_string}"},"query-input":"required name=search_term_string"}],"inLanguage":"lv-LV"},{"@type":"Organization","@id":"https:\/\/aviator-slotgame.com\/#organization","name":"Aviator","url":"https:\/\/aviator-slotgame.com\/","logo":{"@type":"ImageObject","inLanguage":"lv-LV","@id":"https:\/\/aviator-slotgame.com\/#\/schema\/logo\/image\/","url":"https:\/\/aviator-slotgame.com\/wp-content\/uploads\/16f5e8_dade544d4623411c9c4153c639aae85amv2.webp","contentUrl":"https:\/\/aviator-slotgame.com\/wp-content\/uploads\/16f5e8_dade544d4623411c9c4153c639aae85amv2.webp","width":400,"height":300,"caption":"Aviator"},"image":{"@id":"https:\/\/aviator-slotgame.com\/#\/schema\/logo\/image\/"}}]}},"amp_enabled":true,"_links":{"self":[{"href":"https:\/\/aviator-slotgame.com\/lv\/wp-json\/wp\/v2\/pages\/31","targetHints":{"allow":["GET"]}}],"collection":[{"href":"https:\/\/aviator-slotgame.com\/lv\/wp-json\/wp\/v2\/pages"}],"about":[{"href":"https:\/\/aviator-slotgame.com\/lv\/wp-json\/wp\/v2\/types\/page"}],"author":[{"embeddable":true,"href":"https:\/\/aviator-slotgame.com\/lv\/wp-json\/wp\/v2\/users\/1"}],"replies":[{"embeddable":true,"href":"https:\/\/aviator-slotgame.com\/lv\/wp-json\/wp\/v2\/comments?post=31"}],"version-history":[{"count":13,"href":"https:\/\/aviator-slotgame.com\/lv\/wp-json\/wp\/v2\/pages\/31\/revisions"}],"predecessor-version":[{"id":411,"href":"https:\/\/aviator-slotgame.com\/lv\/wp-json\/wp\/v2\/pages\/31\/revisions\/411"}],"wp:attachment":[{"href":"https:\/\/aviator-slotgame.com\/lv\/wp-json\/wp\/v2\/media?parent=31"}],"curies":[{"name":"wp","href":"https:\/\/api.w.org\/{rel}","templated":true}]}}