{"id":215,"date":"2024-04-02T16:05:37","date_gmt":"2024-04-02T16:05:37","guid":{"rendered":"https:\/\/aviator-slotgame.com\/?page_id=215"},"modified":"2024-09-09T10:50:04","modified_gmt":"2024-09-09T10:50:04","slug":"aviator-slots","status":"publish","type":"page","link":"https:\/\/aviator-slotgame.com\/pl\/slot-aviator-a-tradycyjne-sloty-wideo\/","title":{"rendered":"Sloty lotnicze"},"content":{"rendered":"<div class=\"34837fec802ee5766d076c409fa049e5\" data-index=\"1\" style=\"float: none; margin:10px 0 10px 0; text-align:center;\">\n<div class=\"custom-play-button\">\r\n<center><a href=\"https:\/\/aviator-slotgame.com\/pl\/play-game\/\" rel=\"nofollow\" target=\"_blank\">Zagraj teraz<\/a><br><\/center>\r\n<\/div>\n<\/div>\n<p>Aviator od Spribe nie jest przeci\u0119tnym automatem wideo. Oferuje funkcje gier spo\u0142eczno\u015bciowych, kt\u00f3rych nie znajdziesz w tradycyjnych automatach wideo. Mo\u017cesz przy\u0142\u0105czy\u0107 si\u0119 do zabawy i rzuci\u0107 wyzwanie innym graczom, aby do\u0142\u0105czyli do gry w kasynie online, pe\u0142nej ekscytuj\u0105cych bonus\u00f3w, mno\u017cnik\u00f3w i innych niespodzianek.<\/p>\n<p><img loading=\"lazy\" decoding=\"async\" class=\"alignnone size-full wp-image-216\" title=\"Aviator kontra tradycyjne automaty do gier\" src=\"https:\/\/aviator-slotgame.com\/wp-content\/uploads\/aviator-4-1.png\" alt=\"Aviator kontra tradycyjne automaty do gier\" width=\"800\" height=\"445\" srcset=\"https:\/\/aviator-slotgame.com\/wp-content\/uploads\/aviator-4-1.png 800w, https:\/\/aviator-slotgame.com\/wp-content\/uploads\/aviator-4-1-300x167.png 300w, https:\/\/aviator-slotgame.com\/wp-content\/uploads\/aviator-4-1-768x427.png 768w, https:\/\/aviator-slotgame.com\/wp-content\/uploads\/aviator-4-1-18x10.png 18w\" sizes=\"auto, (max-width: 800px) 100vw, 800px\" \/><\/p>\n<p>Aviator oferuje wi\u0119cej ni\u017c tylko standardowe automaty 3x5 z b\u0119bnami. Ma mno\u017cnik oparty na RNG, kt\u00f3ry ro\u015bnie i ro\u015bnie, a\u017c ka\u017cdy gracz zdecyduje si\u0119 wyp\u0142aci\u0107 pieni\u0105dze. Oznacza to, \u017ce je\u015bli b\u0119dziesz mie\u0107 szcz\u0119\u015bcie, b\u0119dziesz m\u00f3g\u0142 gra\u0107 przez ca\u0142y dzie\u0144, a Twoje wygrane naprawd\u0119 zaczn\u0105 si\u0119 sumowa\u0107!<\/p>\n<p>Dodatkowo Aviator nie ogranicza liczby graczy, kt\u00f3rzy mog\u0105 do\u0142\u0105czy\u0107 do zabawy. Nie musisz si\u0119 martwi\u0107 czekaniem na otwarcie gry, poniewa\u017c nigdy nie b\u0119dzie pe\u0142na, zawsze b\u0119dzie miejsce dla wi\u0119kszej liczby graczy. A dzi\u0119ki przyjaznym graczom kursom, RTP i wysokim wyp\u0142atom masz mn\u00f3stwo okazji, aby zwyci\u0119\u017cy\u0107 w tym ekscytuj\u0105cym alternatywnym automacie.<\/p><div class=\"34837fec802ee5766d076c409fa049e5\" data-index=\"1\" style=\"float: none; margin:10px 0 10px 0; text-align:center;\">\n<div class=\"custom-play-button\">\r\n<center><a href=\"https:\/\/aviator-slotgame.com\/pl\/play-game\/\" rel=\"nofollow\" target=\"_blank\">Zagraj teraz<\/a><br><\/center>\r\n<\/div>\n<\/div>\n\n<p>Niezale\u017cnie od tego, czy szukasz wci\u0105gaj\u0105cych wra\u017ce\u0144 z gry, czy te\u017c chcesz usi\u0105\u015b\u0107 i cieszy\u0107 si\u0119 klasyczn\u0105 gr\u0105 na automacie wideo z niespodziank\u0105, Spribe&#039;s Aviator naprawd\u0119 ma co\u015b do zaoferowania ka\u017cdemu.<\/p>\n<h2 id=\"h-rtp-of-aviator-and-regular-slot-games\">RTP Aviatora i zwyk\u0142e automaty<\/h2>\n<p>\u015arednie warto\u015bci RTP najpopularniejszych automat\u00f3w wynosz\u0105 ponad 65%. Liczba ta mo\u017ce si\u0119 r\u00f3\u017cni\u0107 w zale\u017cno\u015bci od gry, w niekt\u00f3rych grach si\u0119ga nawet 97%, ale og\u00f3lnie norm\u0105 jest 65% z u\u0142amkiem dziesi\u0119tnym.<\/p>\n<p>Na przyk\u0142ad Second Strike, jeden z najpopularniejszych automat\u00f3w na \u015bwiecie, ma RTP na poziomie 96,26%; Aviator jeszcze bardziej!<\/p>\n<p>Aviator ma przybli\u017cony RTP (powr\u00f3t do odtwarzacza) na poziomie 97%, co jest warto\u015bci\u0105 powy\u017cej \u015bredniej dla automatu wideo. Oznacza to, \u017ce gra w Aviator zwr\u00f3ci Ci \u015brednio wi\u0119cej pieni\u0119dzy w por\u00f3wnaniu do tradycyjnych automat\u00f3w. A dzi\u0119ki stale rosn\u0105cemu mno\u017cnikowi najwi\u0119ksze rundy stan\u0105 si\u0119 jeszcze bardziej ekscytuj\u0105ce! Je\u015bli wi\u0119c szukasz wy\u017cszego RTP i mo\u017cliwo\u015bci zwi\u0119kszenia swojego potencja\u0142u zarobkowego, Aviator mo\u017ce by\u0107 w\u0142a\u015bnie tym, czego Ci brakowa\u0142o.<\/p>\n<figure class=\"wp-block-table\">\n<table>\n<tbody>\n<tr>\n<td><strong>LOTNIK<\/strong><\/td>\n<td><strong>TRADYCYJNA GRA SLOTOWA<\/strong><\/td>\n<\/tr>\n<tr>\n<td>Czatuj z innymi graczami<\/td>\n<td>Do\u015bwiadczenia u\u017cytkownika w grach<\/td>\n<\/tr>\n<tr>\n<td>Nieograniczona liczba graczy w pokoju gier<\/td>\n<td>Jeden gracz na maszyn\u0119 lub stron\u0119<\/td>\n<\/tr>\n<tr>\n<td>Mechanika gry z jednym RNG<\/td>\n<td>Wiele rolek i linii<\/td>\n<\/tr>\n<tr>\n<td>Zwrot ~97%<\/td>\n<td>Zwrot ~96%<\/td>\n<\/tr>\n<\/tbody>\n<\/table><figcaption class=\"wp-element-caption\">Automat\u00a0<strong><strong>LOTNIK<\/strong><\/strong><img loading=\"lazy\" decoding=\"async\" class=\"alignnone size-full wp-image-293\" src=\"https:\/\/aviator-slotgame.com\/wp-content\/uploads\/Aviator-13-800-x-600-\u043f\u0438\u043a\u0441.jpg\" alt=\"RTP Aviatora i zwyk\u0142e automaty\" width=\"800\" height=\"600\" srcset=\"https:\/\/aviator-slotgame.com\/wp-content\/uploads\/Aviator-13-800-x-600-\u043f\u0438\u043a\u0441.jpg 800w, https:\/\/aviator-slotgame.com\/wp-content\/uploads\/Aviator-13-800-x-600-\u043f\u0438\u043a\u0441-300x225.jpg 300w, https:\/\/aviator-slotgame.com\/wp-content\/uploads\/Aviator-13-800-x-600-\u043f\u0438\u043a\u0441-768x576.jpg 768w, https:\/\/aviator-slotgame.com\/wp-content\/uploads\/Aviator-13-800-x-600-\u043f\u0438\u043a\u0441-16x12.jpg 16w\" sizes=\"auto, (max-width: 800px) 100vw, 800px\" \/><\/figcaption><\/figure>\n<h2 id=\"h-the-bottom-line\">Konkluzja<\/h2>\n<p>Spribe&#039;s Aviator oferuje unikaln\u0105 interpretacj\u0119 tradycyjnych automat\u00f3w wideo, kt\u00f3ra mo\u017ce zapewni\u0107 graczom wci\u0105gaj\u0105ce wra\u017cenia z gry. Przy stale rosn\u0105cych mno\u017cnikach i wysokim RTP istnieje wiele powod\u00f3w, aby wypr\u00f3bowa\u0107 Aviator. Dodatkowo aspekt spo\u0142eczny sprawia, \u017ce jest to jeszcze bardziej ekscytuj\u0105ce!<\/p>\n<h2 id=\"h-using-bonus-spins-on-aviator\">Korzystanie z bonusowych spin\u00f3w w Aviatorze<\/h2>\n<p>Bonusowe spiny s\u0105 podstaw\u0105 witryn kasyn. Kiedy zarejestrujesz si\u0119 na stronie kasyna, cz\u0119sto otrzymasz darmowe spiny jako bonus powitalny. Mo\u017cna je nawet zdoby\u0107 w ramach ograniczonych czasowo promocji lub jako nagrody w innych grach!<\/p>\n<p>Je\u015bli jeste\u015b fanem Aviatora lub innych gier kasynowych, bonusowe spiny to \u015bwietny spos\u00f3b na zdobycie darmowych szans na zakr\u0119cenie b\u0119bnami, wyl\u0105dowanie w samolocie i by\u0107 mo\u017ce wygranie pieni\u0119dzy. W rzeczywisto\u015bci bonusowe spiny mog\u0105 by\u0107 nawet bardziej warto\u015bciowe ni\u017c zwyk\u0142e spiny w grze, poniewa\u017c zazwyczaj nie maj\u0105 wymaga\u0144 dotycz\u0105cych zak\u0142ad\u00f3w ani innych ogranicze\u0144 dotycz\u0105cych wygranej.<\/p>\n<h2 id=\"h-how-to-get-bonus-spins\">Jak zdoby\u0107 bonusowe spiny<\/h2>\n<p>Darmowe spiny mog\u0105 pochodzi\u0107 z r\u00f3\u017cnych \u017ar\u00f3de\u0142, takich jak bonusy powitalne dla nowych u\u017cytkownik\u00f3w dokonuj\u0105cych pierwszej wp\u0142aty, kody promocyjne i wydarzenia o ograniczonym czasie trwania.<\/p>\n<h3 id=\"h-welcome-bonus-spins-for-aviator\">Bonus powitalny Aviator<\/h3>\n<p>Niekt\u00f3re kasyna oferuj\u0105 darmowe spiny po utworzeniu konta. By\u0107 mo\u017ce zastanawiasz si\u0119, w jaki spos\u00f3b te darmowe spiny mog\u0105 by\u0107 przydatne podczas gry w Aviator; jednak czasami kasyna ograniczaj\u0105 wykorzystanie tych darmowych spin\u00f3w tylko do najpopularniejszych tradycyjnych automat\u00f3w do gier. Ale nie martw si\u0119, nadal istniej\u0105 sposoby na wykorzystanie wszystkich darmowych spin\u00f3w, jakie przygotowa\u0142 dla Ciebie Aviator.<\/p>\n<h2 id=\"h-how-to-use-free-spins-in-aviator\">Jak skorzysta\u0107 z darmowych spin\u00f3w w Aviatorze<\/h2>\n<p>Je\u015bli Twoje spiny nie dzia\u0142aj\u0105 w Aviatorze, zawsze mo\u017cesz je wykorzysta\u0107 do wygrania kredyt\u00f3w w innych grach kasynowych. Na przyk\u0142ad, je\u015bli masz darmowe spiny na automacie, mo\u017cesz wymieni\u0107 te kredyty na \u017cetony przy sto\u0142ach do gry. Nast\u0119pnie mo\u017cesz u\u017cy\u0107 tych \u017ceton\u00f3w do obstawiania Aviatora lub dowolnej innej gry kasynowej!<\/p>\n<p>Oto jak:<\/p>\n<ol start=\"1\" type=\"1\">\n<li>Wybierz jeden ze swoich ulubionych automat\u00f3w do gry.<\/li>\n<li>Skorzystaj z darmowych spin\u00f3w.<\/li>\n<li>Zbierz wszystkie kredyty, kt\u00f3re wygrasz podczas spin\u00f3w i zagraj w Aviator!<\/li>\n<\/ol>\n<p>To takie proste.<\/p>\n<h2 id=\"h-can-you-win-free-spins-in-aviator\">Czy mo\u017cesz wygra\u0107 darmowe spiny na Aviatorze?<\/h2>\n<p>Nie ma funkcji darmowych spin\u00f3w. Jedyn\u0105 nagrod\u0105, jak\u0105 wygrasz w rundzie, jest Tw\u00f3j zak\u0142ad pomno\u017cony przez czas startu czerwonego samolotu.<\/p>\n<h2 id=\"h-in-conclusion\">Wniosek<\/h2>\n<p>Niezale\u017cnie od tego, jak je zdob\u0119dziesz \u2013 bonusowe spiny powitalne, kody promocyjne czy oferty ograniczone czasowo \u2013 bonusowe spiny to \u015bwietny spos\u00f3b dla graczy na ka\u017cdym poziomie umiej\u0119tno\u015bci na kontynuowanie gry bez martwienia si\u0119 o chwilow\u0105 przegran\u0105. Niezale\u017cnie od tego, do jakich gier s\u0105 przeznaczone, do\u015bwiadczeni gracze mog\u0105 zamieni\u0107 swoje spiny w przydatne \u015brodki, kt\u00f3re mo\u017cna postawi\u0107 w grze Aviator na \u017cywo.<\/p>\n<p><img loading=\"lazy\" decoding=\"async\" class=\"alignnone size-full wp-image-297\" src=\"https:\/\/aviator-slotgame.com\/wp-content\/uploads\/Aviator-14-800-x-600-\u043f\u0438\u043a\u0441.jpg\" alt=\"Wniosek\" width=\"800\" height=\"600\" srcset=\"https:\/\/aviator-slotgame.com\/wp-content\/uploads\/Aviator-14-800-x-600-\u043f\u0438\u043a\u0441.jpg 800w, https:\/\/aviator-slotgame.com\/wp-content\/uploads\/Aviator-14-800-x-600-\u043f\u0438\u043a\u0441-300x225.jpg 300w, https:\/\/aviator-slotgame.com\/wp-content\/uploads\/Aviator-14-800-x-600-\u043f\u0438\u043a\u0441-768x576.jpg 768w, https:\/\/aviator-slotgame.com\/wp-content\/uploads\/Aviator-14-800-x-600-\u043f\u0438\u043a\u0441-16x12.jpg 16w\" sizes=\"auto, (max-width: 800px) 100vw, 800px\" \/><\/p>\n\n<div style=\"font-size: 0px; height: 0px; line-height: 0px; margin: 0; padding: 0; clear: both;\"><\/div>","protected":false},"excerpt":{"rendered":"<p>Aviator od Spribe nie jest przeci\u0119tnym automatem wideo. Oferuje funkcje gier spo\u0142eczno\u015bciowych, kt\u00f3rych nie znajdziesz w tradycyjnych automatach wideo.<\/p>","protected":false},"author":1,"featured_media":0,"parent":0,"menu_order":0,"comment_status":"closed","ping_status":"closed","template":"","meta":{"footnotes":""},"class_list":["post-215","page","type-page","status-publish","hentry"],"yoast_head":"<!-- This site is optimized with the Yoast SEO plugin v22.0 - https:\/\/yoast.com\/wordpress\/plugins\/seo\/ -->\n<title>\u0410\u0432\u0438\u0430\u0442\u043e\u0440 \u0441\u043b\u043e\u0442\u044b - Aviator<\/title>\n<meta name=\"robots\" content=\"index, follow, max-snippet:-1, max-image-preview:large, max-video-preview:-1\" \/>\n<link rel=\"canonical\" href=\"https:\/\/aviator-slotgame.com\/pl\/slot-aviator-a-tradycyjne-sloty-wideo\/\" \/>\n<meta property=\"og:locale\" content=\"pl_PL\" \/>\n<meta property=\"og:type\" content=\"article\" \/>\n<meta property=\"og:title\" content=\"\u0410\u0432\u0438\u0430\u0442\u043e\u0440 \u0441\u043b\u043e\u0442\u044b - Aviator\" \/>\n<meta property=\"og:description\" content=\"Aviator \u043e\u0442 Spribe \u2013 \u044d\u0442\u043e \u043d\u0435 \u043e\u0431\u044b\u0447\u043d\u044b\u0439 \u0432\u0438\u0434\u0435\u043e\u0441\u043b\u043e\u0442. \u041e\u043d \u043f\u0440\u0435\u0434\u043b\u0430\u0433\u0430\u0435\u0442 \u0432\u043e\u0437\u043c\u043e\u0436\u043d\u043e\u0441\u0442\u0438 \u0441\u043e\u0446\u0438\u0430\u043b\u044c\u043d\u044b\u0445 \u0438\u0433\u0440, \u043a\u043e\u0442\u043e\u0440\u044b\u0435 \u0432\u044b \u043d\u0435 \u043d\u0430\u0439\u0434\u0435\u0442\u0435 \u0432 \u0442\u0440\u0430\u0434\u0438\u0446\u0438\u043e\u043d\u043d\u044b\u0445 \u0432\u0438\u0434\u0435\u043e\u0441\u043b\u043e\u0442\u0430\u0445.\" \/>\n<meta property=\"og:url\" content=\"https:\/\/aviator-slotgame.com\/pl\/slot-aviator-a-tradycyjne-sloty-wideo\/\" \/>\n<meta property=\"og:site_name\" content=\"Aviator\" \/>\n<meta property=\"article:modified_time\" content=\"2024-09-09T10:50:04+00:00\" \/>\n<meta property=\"og:image\" content=\"https:\/\/aviator-slotgame.com\/wp-content\/uploads\/aviator-4-1.png\" \/>\n<meta name=\"twitter:card\" content=\"summary_large_image\" \/>\n<meta name=\"twitter:label1\" content=\"Szacowany czas czytania\" \/>\n\t<meta name=\"twitter:data1\" content=\"4 minuty\" \/>\n<script type=\"application\/ld+json\" class=\"yoast-schema-graph\">{\"@context\":\"https:\/\/schema.org\",\"@graph\":[{\"@type\":\"WebPage\",\"@id\":\"https:\/\/aviator-slotgame.com\/aviator-slots\/\",\"url\":\"https:\/\/aviator-slotgame.com\/aviator-slots\/\",\"name\":\"\u0410\u0432\u0438\u0430\u0442\u043e\u0440 \u0441\u043b\u043e\u0442\u044b - Aviator\",\"isPartOf\":{\"@id\":\"https:\/\/aviator-slotgame.com\/#website\"},\"datePublished\":\"2024-04-02T16:05:37+00:00\",\"dateModified\":\"2024-09-09T10:50:04+00:00\",\"breadcrumb\":{\"@id\":\"https:\/\/aviator-slotgame.com\/aviator-slots\/#breadcrumb\"},\"inLanguage\":\"pl-PL\",\"potentialAction\":[{\"@type\":\"ReadAction\",\"target\":[\"https:\/\/aviator-slotgame.com\/aviator-slots\/\"]}]},{\"@type\":\"BreadcrumbList\",\"@id\":\"https:\/\/aviator-slotgame.com\/aviator-slots\/#breadcrumb\",\"itemListElement\":[{\"@type\":\"ListItem\",\"position\":1,\"name\":\"Home\",\"item\":\"https:\/\/aviator-slotgame.com\/\"},{\"@type\":\"ListItem\",\"position\":2,\"name\":\"\u0410\u0432\u0438\u0430\u0442\u043e\u0440 \u0441\u043b\u043e\u0442\u044b\"}]},{\"@type\":\"WebSite\",\"@id\":\"https:\/\/aviator-slotgame.com\/#website\",\"url\":\"https:\/\/aviator-slotgame.com\/\",\"name\":\"Aviator\",\"description\":\"\",\"publisher\":{\"@id\":\"https:\/\/aviator-slotgame.com\/#organization\"},\"potentialAction\":[{\"@type\":\"SearchAction\",\"target\":{\"@type\":\"EntryPoint\",\"urlTemplate\":\"https:\/\/aviator-slotgame.com\/?s={search_term_string}\"},\"query-input\":\"required name=search_term_string\"}],\"inLanguage\":\"pl-PL\"},{\"@type\":\"Organization\",\"@id\":\"https:\/\/aviator-slotgame.com\/#organization\",\"name\":\"Aviator\",\"url\":\"https:\/\/aviator-slotgame.com\/\",\"logo\":{\"@type\":\"ImageObject\",\"inLanguage\":\"pl-PL\",\"@id\":\"https:\/\/aviator-slotgame.com\/#\/schema\/logo\/image\/\",\"url\":\"https:\/\/aviator-slotgame.com\/wp-content\/uploads\/16f5e8_dade544d4623411c9c4153c639aae85amv2.webp\",\"contentUrl\":\"https:\/\/aviator-slotgame.com\/wp-content\/uploads\/16f5e8_dade544d4623411c9c4153c639aae85amv2.webp\",\"width\":400,\"height\":300,\"caption\":\"Aviator\"},\"image\":{\"@id\":\"https:\/\/aviator-slotgame.com\/#\/schema\/logo\/image\/\"}}]}<\/script>\n<!-- \/ Yoast SEO plugin. -->","yoast_head_json":{"title":"\u0410\u0432\u0438\u0430\u0442\u043e\u0440 \u0441\u043b\u043e\u0442\u044b - Aviator","robots":{"index":"index","follow":"follow","max-snippet":"max-snippet:-1","max-image-preview":"max-image-preview:large","max-video-preview":"max-video-preview:-1"},"canonical":"https:\/\/aviator-slotgame.com\/pl\/slot-aviator-a-tradycyjne-sloty-wideo\/","og_locale":"pl_PL","og_type":"article","og_title":"\u0410\u0432\u0438\u0430\u0442\u043e\u0440 \u0441\u043b\u043e\u0442\u044b - Aviator","og_description":"Aviator \u043e\u0442 Spribe \u2013 \u044d\u0442\u043e \u043d\u0435 \u043e\u0431\u044b\u0447\u043d\u044b\u0439 \u0432\u0438\u0434\u0435\u043e\u0441\u043b\u043e\u0442. \u041e\u043d \u043f\u0440\u0435\u0434\u043b\u0430\u0433\u0430\u0435\u0442 \u0432\u043e\u0437\u043c\u043e\u0436\u043d\u043e\u0441\u0442\u0438 \u0441\u043e\u0446\u0438\u0430\u043b\u044c\u043d\u044b\u0445 \u0438\u0433\u0440, \u043a\u043e\u0442\u043e\u0440\u044b\u0435 \u0432\u044b \u043d\u0435 \u043d\u0430\u0439\u0434\u0435\u0442\u0435 \u0432 \u0442\u0440\u0430\u0434\u0438\u0446\u0438\u043e\u043d\u043d\u044b\u0445 \u0432\u0438\u0434\u0435\u043e\u0441\u043b\u043e\u0442\u0430\u0445.","og_url":"https:\/\/aviator-slotgame.com\/pl\/slot-aviator-a-tradycyjne-sloty-wideo\/","og_site_name":"Aviator","article_modified_time":"2024-09-09T10:50:04+00:00","og_image":[{"url":"https:\/\/aviator-slotgame.com\/wp-content\/uploads\/aviator-4-1.png"}],"twitter_card":"summary_large_image","twitter_misc":{"Szacowany czas czytania":"4 minuty"},"schema":{"@context":"https:\/\/schema.org","@graph":[{"@type":"WebPage","@id":"https:\/\/aviator-slotgame.com\/aviator-slots\/","url":"https:\/\/aviator-slotgame.com\/aviator-slots\/","name":"\u0410\u0432\u0438\u0430\u0442\u043e\u0440 \u0441\u043b\u043e\u0442\u044b - Aviator","isPartOf":{"@id":"https:\/\/aviator-slotgame.com\/#website"},"datePublished":"2024-04-02T16:05:37+00:00","dateModified":"2024-09-09T10:50:04+00:00","breadcrumb":{"@id":"https:\/\/aviator-slotgame.com\/aviator-slots\/#breadcrumb"},"inLanguage":"pl-PL","potentialAction":[{"@type":"ReadAction","target":["https:\/\/aviator-slotgame.com\/aviator-slots\/"]}]},{"@type":"BreadcrumbList","@id":"https:\/\/aviator-slotgame.com\/aviator-slots\/#breadcrumb","itemListElement":[{"@type":"ListItem","position":1,"name":"Home","item":"https:\/\/aviator-slotgame.com\/"},{"@type":"ListItem","position":2,"name":"\u0410\u0432\u0438\u0430\u0442\u043e\u0440 \u0441\u043b\u043e\u0442\u044b"}]},{"@type":"WebSite","@id":"https:\/\/aviator-slotgame.com\/#website","url":"https:\/\/aviator-slotgame.com\/","name":"Aviator","description":"","publisher":{"@id":"https:\/\/aviator-slotgame.com\/#organization"},"potentialAction":[{"@type":"SearchAction","target":{"@type":"EntryPoint","urlTemplate":"https:\/\/aviator-slotgame.com\/?s={search_term_string}"},"query-input":"required name=search_term_string"}],"inLanguage":"pl-PL"},{"@type":"Organization","@id":"https:\/\/aviator-slotgame.com\/#organization","name":"Aviator","url":"https:\/\/aviator-slotgame.com\/","logo":{"@type":"ImageObject","inLanguage":"pl-PL","@id":"https:\/\/aviator-slotgame.com\/#\/schema\/logo\/image\/","url":"https:\/\/aviator-slotgame.com\/wp-content\/uploads\/16f5e8_dade544d4623411c9c4153c639aae85amv2.webp","contentUrl":"https:\/\/aviator-slotgame.com\/wp-content\/uploads\/16f5e8_dade544d4623411c9c4153c639aae85amv2.webp","width":400,"height":300,"caption":"Aviator"},"image":{"@id":"https:\/\/aviator-slotgame.com\/#\/schema\/logo\/image\/"}}]}},"amp_enabled":true,"_links":{"self":[{"href":"https:\/\/aviator-slotgame.com\/pl\/wp-json\/wp\/v2\/pages\/215","targetHints":{"allow":["GET"]}}],"collection":[{"href":"https:\/\/aviator-slotgame.com\/pl\/wp-json\/wp\/v2\/pages"}],"about":[{"href":"https:\/\/aviator-slotgame.com\/pl\/wp-json\/wp\/v2\/types\/page"}],"author":[{"embeddable":true,"href":"https:\/\/aviator-slotgame.com\/pl\/wp-json\/wp\/v2\/users\/1"}],"replies":[{"embeddable":true,"href":"https:\/\/aviator-slotgame.com\/pl\/wp-json\/wp\/v2\/comments?post=215"}],"version-history":[{"count":6,"href":"https:\/\/aviator-slotgame.com\/pl\/wp-json\/wp\/v2\/pages\/215\/revisions"}],"predecessor-version":[{"id":309,"href":"https:\/\/aviator-slotgame.com\/pl\/wp-json\/wp\/v2\/pages\/215\/revisions\/309"}],"wp:attachment":[{"href":"https:\/\/aviator-slotgame.com\/pl\/wp-json\/wp\/v2\/media?parent=215"}],"curies":[{"name":"wp","href":"https:\/\/api.w.org\/{rel}","templated":true}]}}