{"id":254,"date":"2024-09-06T13:57:42","date_gmt":"2024-09-06T13:57:42","guid":{"rendered":"https:\/\/aviator-slotgame.com\/?page_id=254"},"modified":"2024-10-03T22:49:00","modified_gmt":"2024-10-03T22:49:00","slug":"reviews","status":"publish","type":"page","link":"https:\/\/aviator-slotgame.com\/pl\/reviews\/","title":{"rendered":"Recenzje gry Aviator - Wra\u017cenia z gry slot na pieni\u0105dze"},"content":{"rendered":"<div class=\"34837fec802ee5766d076c409fa049e5\" data-index=\"1\" style=\"float: none; margin:10px 0 10px 0; text-align:center;\">\n<div class=\"custom-play-button\">\r\n<center><a href=\"https:\/\/aviator-slotgame.com\/pl\/play-game\/\" rel=\"nofollow\" target=\"_blank\">Zagraj teraz<\/a><br><\/center>\r\n<\/div>\n<\/div>\n<p><img loading=\"lazy\" decoding=\"async\" class=\"alignnone size-full wp-image-259\" src=\"https:\/\/aviator-slotgame.com\/wp-content\/uploads\/Aviator-6-800-x-600-\u043f\u0438\u043a\u0441.-1.jpg\" alt=\"Recenzje gry Aviator\" width=\"800\" height=\"600\" srcset=\"https:\/\/aviator-slotgame.com\/wp-content\/uploads\/Aviator-6-800-x-600-\u043f\u0438\u043a\u0441.-1.jpg 800w, https:\/\/aviator-slotgame.com\/wp-content\/uploads\/Aviator-6-800-x-600-\u043f\u0438\u043a\u0441.-1-300x225.jpg 300w, https:\/\/aviator-slotgame.com\/wp-content\/uploads\/Aviator-6-800-x-600-\u043f\u0438\u043a\u0441.-1-768x576.jpg 768w, https:\/\/aviator-slotgame.com\/wp-content\/uploads\/Aviator-6-800-x-600-\u043f\u0438\u043a\u0441.-1-16x12.jpg 16w\" sizes=\"auto, (max-width: 800px) 100vw, 800px\" \/><\/p>\n<h2>Recenzje<\/h2>\n<ol>\n<li>Niedawno zacz\u0105\u0142em gra\u0107 w gr\u0119 hazardow\u0105 Aviator i uda\u0142o mi si\u0119 ju\u017c wygra\u0107 ca\u0142kiem sporo pieni\u0119dzy))) Bardzo ciekawe i ekscytuj\u0105ce prze\u017cycie, kt\u00f3re polecam wszystkim mi\u0142o\u015bnikom adrenaliny.\u00a0<em>Aleksiej, 32 lata<\/em><\/li>\n<li>Gra w Aviatora po prostu mnie fascynuje! Wci\u0105gaj\u0105ca grafika, wci\u0105gaj\u0105ca rozgrywka i szansa na du\u017ce wygrane sprawiaj\u0105, \u017ce ta gra jest jedn\u0105 z moich ulubionych.\u00a0<em>Julia, 21 lat<\/em><\/li>\n<li>Gra Aviator po prostu mnie urzek\u0142a od pierwszych minut! Nie mog\u0119 oderwa\u0107 si\u0119 od ekscytuj\u0105cego procesu i marzy\u0107 o z\u0142apaniu ogromnego mno\u017cnika, raz mi si\u0119 uda\u0142o)) Polecam ka\u017cdemu spr\u00f3bowa\u0107!\u00a0<em>Danii\u0142, 29 lat<\/em><\/li>\n<li>Aviator to \u015bwietna gra dla tych, kt\u00f3rzy kochaj\u0105 emocje i adrenalin\u0119. Uwielbiam to, jak mo\u017cesz poczu\u0107 si\u0119 jak pilot i jednocze\u015bnie zwi\u0119kszy\u0107 r\u00f3wnowag\u0119.\u00a0<em>W\u0142odzimierz, 34 lata<\/em><\/li>\n<li>Gra hazardowa Aviator sta\u0142a si\u0119 dla mnie prawdziwym wyzwaniem. I cho\u0107 czasami trzeba stawi\u0107 czo\u0142a pora\u017ckom, rado\u015b\u0107 ze zwyci\u0119stwa pokonuje wszelkie trudno\u015bci. Polecam wszystkim mi\u0142o\u015bnikom hazardu!\u00a0<em>Swiet\u0142ana, 24 lata<\/em><\/li>\n<\/ol>\n\n<div style=\"font-size: 0px; height: 0px; line-height: 0px; margin: 0; padding: 0; clear: both;\"><\/div>","protected":false},"excerpt":{"rendered":"<p>Recenzje Niedawno zacz\u0105\u0142em gra\u0107 w gr\u0119 hazardow\u0105 Aviator i uda\u0142o mi si\u0119 ju\u017c wygra\u0107 ca\u0142kiem sporo pieni\u0119dzy))) Bardzo ciekawe i ekscytuj\u0105ce do\u015bwiadczenie, kt\u00f3re<\/p>","protected":false},"author":1,"featured_media":0,"parent":0,"menu_order":0,"comment_status":"closed","ping_status":"closed","template":"","meta":{"footnotes":""},"class_list":["post-254","page","type-page","status-publish","hentry"],"yoast_head":"<!-- This site is optimized with the Yoast SEO plugin v22.0 - https:\/\/yoast.com\/wordpress\/plugins\/seo\/ -->\n<title>\u041e\u0442\u0437\u044b\u0432\u044b \u043e\u0431 \u0438\u0433\u0440\u0435 \u0410\u0432\u0438\u0430\u0442\u043e\u0440 \u2014 \u041c\u043d\u0435\u043d\u0438\u044f \u0438\u0433\u0440\u043e\u043a\u043e\u0432 \u043e \u043a\u0440\u0430\u0448-\u0438\u0433\u0440\u0435<\/title>\n<meta name=\"description\" content=\"\u041f\u0440\u043e\u0447\u0438\u0442\u0430\u0439\u0442\u0435 \u0440\u0435\u0430\u043b\u044c\u043d\u044b\u0435 \u043e\u0442\u0437\u044b\u0432\u044b \u043e\u0442 \u0438\u0433\u0440\u043e\u043a\u043e\u0432 \u043e\u0431 \u0430\u0437\u0430\u0440\u0442\u043d\u043e\u0439 \u0438\u0433\u0440\u0435 \u0410\u0432\u0438\u0430\u0442\u043e\u0440. \u0423\u0437\u043d\u0430\u0439\u0442\u0435, \u043a\u0430\u043a \u0441\u043b\u043e\u0442 \u0410\u0432\u0438\u0430\u0442\u043e\u0440 \u043f\u0440\u0438\u043d\u043e\u0441\u0438\u0442 \u0430\u0434\u0440\u0435\u043d\u0430\u043b\u0438\u043d, \u0430\u0437\u0430\u0440\u0442 \u0438 \u0440\u0435\u0430\u043b\u044c\u043d\u044b\u0435 \u0434\u0435\u043d\u044c\u0433\u0438 \u0432\u044b\u0438\u0433\u0440\u044b\u0448\u0430 \u0432 \u043e\u043d\u043b\u0430\u0439\u043d \u043a\u0430\u0437\u0438\u043d\u043e.\" \/>\n<meta name=\"robots\" content=\"index, follow, max-snippet:-1, max-image-preview:large, max-video-preview:-1\" \/>\n<link rel=\"canonical\" href=\"https:\/\/aviator-slotgame.com\/pl\/reviews\/\" \/>\n<meta property=\"og:locale\" content=\"pl_PL\" \/>\n<meta property=\"og:type\" content=\"article\" \/>\n<meta property=\"og:title\" content=\"\u041e\u0442\u0437\u044b\u0432\u044b \u043e\u0431 \u0438\u0433\u0440\u0435 \u0410\u0432\u0438\u0430\u0442\u043e\u0440 \u2014 \u041c\u043d\u0435\u043d\u0438\u044f \u0438\u0433\u0440\u043e\u043a\u043e\u0432 \u043e \u043a\u0440\u0430\u0448-\u0438\u0433\u0440\u0435\" \/>\n<meta property=\"og:description\" content=\"\u041f\u0440\u043e\u0447\u0438\u0442\u0430\u0439\u0442\u0435 \u0440\u0435\u0430\u043b\u044c\u043d\u044b\u0435 \u043e\u0442\u0437\u044b\u0432\u044b \u043e\u0442 \u0438\u0433\u0440\u043e\u043a\u043e\u0432 \u043e\u0431 \u0430\u0437\u0430\u0440\u0442\u043d\u043e\u0439 \u0438\u0433\u0440\u0435 \u0410\u0432\u0438\u0430\u0442\u043e\u0440. \u0423\u0437\u043d\u0430\u0439\u0442\u0435, \u043a\u0430\u043a \u0441\u043b\u043e\u0442 \u0410\u0432\u0438\u0430\u0442\u043e\u0440 \u043f\u0440\u0438\u043d\u043e\u0441\u0438\u0442 \u0430\u0434\u0440\u0435\u043d\u0430\u043b\u0438\u043d, \u0430\u0437\u0430\u0440\u0442 \u0438 \u0440\u0435\u0430\u043b\u044c\u043d\u044b\u0435 \u0434\u0435\u043d\u044c\u0433\u0438 \u0432\u044b\u0438\u0433\u0440\u044b\u0448\u0430 \u0432 \u043e\u043d\u043b\u0430\u0439\u043d \u043a\u0430\u0437\u0438\u043d\u043e.\" \/>\n<meta property=\"og:url\" content=\"https:\/\/aviator-slotgame.com\/pl\/reviews\/\" \/>\n<meta property=\"og:site_name\" content=\"Aviator\" \/>\n<meta property=\"article:modified_time\" content=\"2024-10-03T22:49:00+00:00\" \/>\n<meta name=\"twitter:card\" content=\"summary_large_image\" \/>\n<meta name=\"twitter:label1\" content=\"Szacowany czas czytania\" \/>\n\t<meta name=\"twitter:data1\" content=\"1 minuta\" \/>\n<script type=\"application\/ld+json\" class=\"yoast-schema-graph\">{\"@context\":\"https:\/\/schema.org\",\"@graph\":[{\"@type\":\"WebPage\",\"@id\":\"https:\/\/aviator-slotgame.com\/reviews\/\",\"url\":\"https:\/\/aviator-slotgame.com\/reviews\/\",\"name\":\"\u041e\u0442\u0437\u044b\u0432\u044b \u043e\u0431 \u0438\u0433\u0440\u0435 \u0410\u0432\u0438\u0430\u0442\u043e\u0440 \u2014 \u041c\u043d\u0435\u043d\u0438\u044f \u0438\u0433\u0440\u043e\u043a\u043e\u0432 \u043e \u043a\u0440\u0430\u0448-\u0438\u0433\u0440\u0435\",\"isPartOf\":{\"@id\":\"https:\/\/aviator-slotgame.com\/#website\"},\"datePublished\":\"2024-09-06T13:57:42+00:00\",\"dateModified\":\"2024-10-03T22:49:00+00:00\",\"description\":\"\u041f\u0440\u043e\u0447\u0438\u0442\u0430\u0439\u0442\u0435 \u0440\u0435\u0430\u043b\u044c\u043d\u044b\u0435 \u043e\u0442\u0437\u044b\u0432\u044b \u043e\u0442 \u0438\u0433\u0440\u043e\u043a\u043e\u0432 \u043e\u0431 \u0430\u0437\u0430\u0440\u0442\u043d\u043e\u0439 \u0438\u0433\u0440\u0435 \u0410\u0432\u0438\u0430\u0442\u043e\u0440. \u0423\u0437\u043d\u0430\u0439\u0442\u0435, \u043a\u0430\u043a \u0441\u043b\u043e\u0442 \u0410\u0432\u0438\u0430\u0442\u043e\u0440 \u043f\u0440\u0438\u043d\u043e\u0441\u0438\u0442 \u0430\u0434\u0440\u0435\u043d\u0430\u043b\u0438\u043d, \u0430\u0437\u0430\u0440\u0442 \u0438 \u0440\u0435\u0430\u043b\u044c\u043d\u044b\u0435 \u0434\u0435\u043d\u044c\u0433\u0438 \u0432\u044b\u0438\u0433\u0440\u044b\u0448\u0430 \u0432 \u043e\u043d\u043b\u0430\u0439\u043d \u043a\u0430\u0437\u0438\u043d\u043e.\",\"breadcrumb\":{\"@id\":\"https:\/\/aviator-slotgame.com\/reviews\/#breadcrumb\"},\"inLanguage\":\"pl-PL\",\"potentialAction\":[{\"@type\":\"ReadAction\",\"target\":[\"https:\/\/aviator-slotgame.com\/reviews\/\"]}]},{\"@type\":\"BreadcrumbList\",\"@id\":\"https:\/\/aviator-slotgame.com\/reviews\/#breadcrumb\",\"itemListElement\":[{\"@type\":\"ListItem\",\"position\":1,\"name\":\"Home\",\"item\":\"https:\/\/aviator-slotgame.com\/\"},{\"@type\":\"ListItem\",\"position\":2,\"name\":\"\u041e\u0442\u0437\u044b\u0432\u044b \u043e\u0431 \u0438\u0433\u0440\u0435 \u0410\u0432\u0438\u0430\u0442\u043e\u0440 \u2014 \u0412\u043f\u0435\u0447\u0430\u0442\u043b\u0435\u043d\u0438\u044f \u043e\u0442 \u043a\u0440\u0430\u0448-\u0441\u043b\u043e\u0442\u0430 \u043d\u0430 \u0434\u0435\u043d\u044c\u0433\u0438\"}]},{\"@type\":\"WebSite\",\"@id\":\"https:\/\/aviator-slotgame.com\/#website\",\"url\":\"https:\/\/aviator-slotgame.com\/\",\"name\":\"Aviator\",\"description\":\"\",\"publisher\":{\"@id\":\"https:\/\/aviator-slotgame.com\/#organization\"},\"potentialAction\":[{\"@type\":\"SearchAction\",\"target\":{\"@type\":\"EntryPoint\",\"urlTemplate\":\"https:\/\/aviator-slotgame.com\/?s={search_term_string}\"},\"query-input\":\"required name=search_term_string\"}],\"inLanguage\":\"pl-PL\"},{\"@type\":\"Organization\",\"@id\":\"https:\/\/aviator-slotgame.com\/#organization\",\"name\":\"Aviator\",\"url\":\"https:\/\/aviator-slotgame.com\/\",\"logo\":{\"@type\":\"ImageObject\",\"inLanguage\":\"pl-PL\",\"@id\":\"https:\/\/aviator-slotgame.com\/#\/schema\/logo\/image\/\",\"url\":\"https:\/\/aviator-slotgame.com\/wp-content\/uploads\/16f5e8_dade544d4623411c9c4153c639aae85amv2.webp\",\"contentUrl\":\"https:\/\/aviator-slotgame.com\/wp-content\/uploads\/16f5e8_dade544d4623411c9c4153c639aae85amv2.webp\",\"width\":400,\"height\":300,\"caption\":\"Aviator\"},\"image\":{\"@id\":\"https:\/\/aviator-slotgame.com\/#\/schema\/logo\/image\/\"}}]}<\/script>\n<!-- \/ Yoast SEO plugin. -->","yoast_head_json":{"title":"\u041e\u0442\u0437\u044b\u0432\u044b \u043e\u0431 \u0438\u0433\u0440\u0435 \u0410\u0432\u0438\u0430\u0442\u043e\u0440 \u2014 \u041c\u043d\u0435\u043d\u0438\u044f \u0438\u0433\u0440\u043e\u043a\u043e\u0432 \u043e \u043a\u0440\u0430\u0448-\u0438\u0433\u0440\u0435","description":"\u041f\u0440\u043e\u0447\u0438\u0442\u0430\u0439\u0442\u0435 \u0440\u0435\u0430\u043b\u044c\u043d\u044b\u0435 \u043e\u0442\u0437\u044b\u0432\u044b \u043e\u0442 \u0438\u0433\u0440\u043e\u043a\u043e\u0432 \u043e\u0431 \u0430\u0437\u0430\u0440\u0442\u043d\u043e\u0439 \u0438\u0433\u0440\u0435 \u0410\u0432\u0438\u0430\u0442\u043e\u0440. \u0423\u0437\u043d\u0430\u0439\u0442\u0435, \u043a\u0430\u043a \u0441\u043b\u043e\u0442 \u0410\u0432\u0438\u0430\u0442\u043e\u0440 \u043f\u0440\u0438\u043d\u043e\u0441\u0438\u0442 \u0430\u0434\u0440\u0435\u043d\u0430\u043b\u0438\u043d, \u0430\u0437\u0430\u0440\u0442 \u0438 \u0440\u0435\u0430\u043b\u044c\u043d\u044b\u0435 \u0434\u0435\u043d\u044c\u0433\u0438 \u0432\u044b\u0438\u0433\u0440\u044b\u0448\u0430 \u0432 \u043e\u043d\u043b\u0430\u0439\u043d \u043a\u0430\u0437\u0438\u043d\u043e.","robots":{"index":"index","follow":"follow","max-snippet":"max-snippet:-1","max-image-preview":"max-image-preview:large","max-video-preview":"max-video-preview:-1"},"canonical":"https:\/\/aviator-slotgame.com\/pl\/reviews\/","og_locale":"pl_PL","og_type":"article","og_title":"\u041e\u0442\u0437\u044b\u0432\u044b \u043e\u0431 \u0438\u0433\u0440\u0435 \u0410\u0432\u0438\u0430\u0442\u043e\u0440 \u2014 \u041c\u043d\u0435\u043d\u0438\u044f \u0438\u0433\u0440\u043e\u043a\u043e\u0432 \u043e \u043a\u0440\u0430\u0448-\u0438\u0433\u0440\u0435","og_description":"\u041f\u0440\u043e\u0447\u0438\u0442\u0430\u0439\u0442\u0435 \u0440\u0435\u0430\u043b\u044c\u043d\u044b\u0435 \u043e\u0442\u0437\u044b\u0432\u044b \u043e\u0442 \u0438\u0433\u0440\u043e\u043a\u043e\u0432 \u043e\u0431 \u0430\u0437\u0430\u0440\u0442\u043d\u043e\u0439 \u0438\u0433\u0440\u0435 \u0410\u0432\u0438\u0430\u0442\u043e\u0440. \u0423\u0437\u043d\u0430\u0439\u0442\u0435, \u043a\u0430\u043a \u0441\u043b\u043e\u0442 \u0410\u0432\u0438\u0430\u0442\u043e\u0440 \u043f\u0440\u0438\u043d\u043e\u0441\u0438\u0442 \u0430\u0434\u0440\u0435\u043d\u0430\u043b\u0438\u043d, \u0430\u0437\u0430\u0440\u0442 \u0438 \u0440\u0435\u0430\u043b\u044c\u043d\u044b\u0435 \u0434\u0435\u043d\u044c\u0433\u0438 \u0432\u044b\u0438\u0433\u0440\u044b\u0448\u0430 \u0432 \u043e\u043d\u043b\u0430\u0439\u043d \u043a\u0430\u0437\u0438\u043d\u043e.","og_url":"https:\/\/aviator-slotgame.com\/pl\/reviews\/","og_site_name":"Aviator","article_modified_time":"2024-10-03T22:49:00+00:00","twitter_card":"summary_large_image","twitter_misc":{"Szacowany czas czytania":"1 minuta"},"schema":{"@context":"https:\/\/schema.org","@graph":[{"@type":"WebPage","@id":"https:\/\/aviator-slotgame.com\/reviews\/","url":"https:\/\/aviator-slotgame.com\/reviews\/","name":"\u041e\u0442\u0437\u044b\u0432\u044b \u043e\u0431 \u0438\u0433\u0440\u0435 \u0410\u0432\u0438\u0430\u0442\u043e\u0440 \u2014 \u041c\u043d\u0435\u043d\u0438\u044f \u0438\u0433\u0440\u043e\u043a\u043e\u0432 \u043e \u043a\u0440\u0430\u0448-\u0438\u0433\u0440\u0435","isPartOf":{"@id":"https:\/\/aviator-slotgame.com\/#website"},"datePublished":"2024-09-06T13:57:42+00:00","dateModified":"2024-10-03T22:49:00+00:00","description":"\u041f\u0440\u043e\u0447\u0438\u0442\u0430\u0439\u0442\u0435 \u0440\u0435\u0430\u043b\u044c\u043d\u044b\u0435 \u043e\u0442\u0437\u044b\u0432\u044b \u043e\u0442 \u0438\u0433\u0440\u043e\u043a\u043e\u0432 \u043e\u0431 \u0430\u0437\u0430\u0440\u0442\u043d\u043e\u0439 \u0438\u0433\u0440\u0435 \u0410\u0432\u0438\u0430\u0442\u043e\u0440. \u0423\u0437\u043d\u0430\u0439\u0442\u0435, \u043a\u0430\u043a \u0441\u043b\u043e\u0442 \u0410\u0432\u0438\u0430\u0442\u043e\u0440 \u043f\u0440\u0438\u043d\u043e\u0441\u0438\u0442 \u0430\u0434\u0440\u0435\u043d\u0430\u043b\u0438\u043d, \u0430\u0437\u0430\u0440\u0442 \u0438 \u0440\u0435\u0430\u043b\u044c\u043d\u044b\u0435 \u0434\u0435\u043d\u044c\u0433\u0438 \u0432\u044b\u0438\u0433\u0440\u044b\u0448\u0430 \u0432 \u043e\u043d\u043b\u0430\u0439\u043d \u043a\u0430\u0437\u0438\u043d\u043e.","breadcrumb":{"@id":"https:\/\/aviator-slotgame.com\/reviews\/#breadcrumb"},"inLanguage":"pl-PL","potentialAction":[{"@type":"ReadAction","target":["https:\/\/aviator-slotgame.com\/reviews\/"]}]},{"@type":"BreadcrumbList","@id":"https:\/\/aviator-slotgame.com\/reviews\/#breadcrumb","itemListElement":[{"@type":"ListItem","position":1,"name":"Home","item":"https:\/\/aviator-slotgame.com\/"},{"@type":"ListItem","position":2,"name":"\u041e\u0442\u0437\u044b\u0432\u044b \u043e\u0431 \u0438\u0433\u0440\u0435 \u0410\u0432\u0438\u0430\u0442\u043e\u0440 \u2014 \u0412\u043f\u0435\u0447\u0430\u0442\u043b\u0435\u043d\u0438\u044f \u043e\u0442 \u043a\u0440\u0430\u0448-\u0441\u043b\u043e\u0442\u0430 \u043d\u0430 \u0434\u0435\u043d\u044c\u0433\u0438"}]},{"@type":"WebSite","@id":"https:\/\/aviator-slotgame.com\/#website","url":"https:\/\/aviator-slotgame.com\/","name":"Aviator","description":"","publisher":{"@id":"https:\/\/aviator-slotgame.com\/#organization"},"potentialAction":[{"@type":"SearchAction","target":{"@type":"EntryPoint","urlTemplate":"https:\/\/aviator-slotgame.com\/?s={search_term_string}"},"query-input":"required name=search_term_string"}],"inLanguage":"pl-PL"},{"@type":"Organization","@id":"https:\/\/aviator-slotgame.com\/#organization","name":"Aviator","url":"https:\/\/aviator-slotgame.com\/","logo":{"@type":"ImageObject","inLanguage":"pl-PL","@id":"https:\/\/aviator-slotgame.com\/#\/schema\/logo\/image\/","url":"https:\/\/aviator-slotgame.com\/wp-content\/uploads\/16f5e8_dade544d4623411c9c4153c639aae85amv2.webp","contentUrl":"https:\/\/aviator-slotgame.com\/wp-content\/uploads\/16f5e8_dade544d4623411c9c4153c639aae85amv2.webp","width":400,"height":300,"caption":"Aviator"},"image":{"@id":"https:\/\/aviator-slotgame.com\/#\/schema\/logo\/image\/"}}]}},"amp_enabled":true,"_links":{"self":[{"href":"https:\/\/aviator-slotgame.com\/pl\/wp-json\/wp\/v2\/pages\/254","targetHints":{"allow":["GET"]}}],"collection":[{"href":"https:\/\/aviator-slotgame.com\/pl\/wp-json\/wp\/v2\/pages"}],"about":[{"href":"https:\/\/aviator-slotgame.com\/pl\/wp-json\/wp\/v2\/types\/page"}],"author":[{"embeddable":true,"href":"https:\/\/aviator-slotgame.com\/pl\/wp-json\/wp\/v2\/users\/1"}],"replies":[{"embeddable":true,"href":"https:\/\/aviator-slotgame.com\/pl\/wp-json\/wp\/v2\/comments?post=254"}],"version-history":[{"count":8,"href":"https:\/\/aviator-slotgame.com\/pl\/wp-json\/wp\/v2\/pages\/254\/revisions"}],"predecessor-version":[{"id":408,"href":"https:\/\/aviator-slotgame.com\/pl\/wp-json\/wp\/v2\/pages\/254\/revisions\/408"}],"wp:attachment":[{"href":"https:\/\/aviator-slotgame.com\/pl\/wp-json\/wp\/v2\/media?parent=254"}],"curies":[{"name":"wp","href":"https:\/\/api.w.org\/{rel}","templated":true}]}}