{"id":26,"date":"2024-01-31T12:57:07","date_gmt":"2024-01-31T12:57:07","guid":{"rendered":"https:\/\/aviator-slotgame.com\/?page_id=26"},"modified":"2024-10-03T23:16:00","modified_gmt":"2024-10-03T23:16:00","slug":"play-for-free","status":"publish","type":"page","link":"https:\/\/aviator-slotgame.com\/pl\/jak-zagrac-w-aviator-demo-za-darmo\/","title":{"rendered":"Jak zagra\u0107 w wersj\u0119 demo Aviatora za darmo"},"content":{"rendered":"<div class=\"34837fec802ee5766d076c409fa049e5\" data-index=\"1\" style=\"float: none; margin:10px 0 10px 0; text-align:center;\">\n<div class=\"custom-play-button\">\r\n<center><a href=\"https:\/\/aviator-slotgame.com\/pl\/play-game\/\" rel=\"nofollow\" target=\"_blank\">Zagraj teraz<\/a><br><\/center>\r\n<\/div>\n<\/div>\n<p>Gra Aviator firmy Spribe to nowa i ekscytuj\u0105ca gra kasynowa, kt\u00f3ra pozwala graczom poczu\u0107 dreszczyk emocji zwi\u0105zany z wygran\u0105, lataj\u0105c wysoko. Wersja demonstracyjna gry oferuje graczom mo\u017cliwo\u015b\u0107 wypr\u00f3bowania gry za darmo, natomiast pe\u0142na wersja jest dost\u0119pna na wielu czo\u0142owych stronach kasyn. Bezp\u0142atne demo Aviatora to \u015bwietny spos\u00f3b, aby nauczy\u0107 si\u0119 gra\u0107 w gr\u0119 przed wydaniem pieni\u0119dzy na pe\u0142n\u0105 wersj\u0119, a tak\u017ce \u015bwietny spos\u00f3b na sp\u0119dzenie czasu w Internecie bez wydawania got\u00f3wki.<\/p>\n<p>W tym celu nale\u017cy uda\u0107 si\u0119 na oficjaln\u0105 stron\u0119 Aviatora i wybra\u0107 tryb gry demonstracyjnej. W wersji demo mo\u017cesz gra\u0107 bez konieczno\u015bci stawiania prawdziwych pieni\u0119dzy i po prostu cieszy\u0107 si\u0119 rozgrywk\u0105.<\/p>\n<p><img loading=\"lazy\" decoding=\"async\" title=\"Zagraj w wersj\u0119 demonstracyjn\u0105 Aviatora\" src=\"https:\/\/aviator-slotgame.com\/wp-content\/uploads\/aviator-3.png\" alt=\"Jak zagra\u0107 w wersj\u0119 demo Aviatora za darmo\" width=\"800\" height=\"445\" \/><\/p>\n<h2>Kluczowe cechy<\/h2>\n<p>Wersja demonstracyjna zapozna Ci\u0119 z kilkoma wa\u017cnymi mechanikami gry. \u0106wicz\u0105c najpierw za darmo, lepiej zrozumiesz, jak dzia\u0142a gra i zmaksymalizujesz swoje wygrane, graj\u0105c na prawdziwe pieni\u0105dze. Wersja demonstracyjna Aviatora to tak\u017ce \u015bwietny spos\u00f3b na dobr\u0105 zabaw\u0119 bez wydawania pieni\u0119dzy i kredyt\u00f3w.<\/p><div class=\"34837fec802ee5766d076c409fa049e5\" data-index=\"1\" style=\"float: none; margin:10px 0 10px 0; text-align:center;\">\n<div class=\"custom-play-button\">\r\n<center><a href=\"https:\/\/aviator-slotgame.com\/pl\/play-game\/\" rel=\"nofollow\" target=\"_blank\">Zagraj teraz<\/a><br><\/center>\r\n<\/div>\n<\/div>\n\n<h3>Podw\u00f3jne przyciski<\/h3>\n<p>Przyciski te umo\u017cliwiaj\u0105 podwojenie zak\u0142adu, gdy szanse s\u0105 korzystne. Mo\u017ce to zwi\u0119kszy\u0107 Twoje wygrane, ale zwi\u0119ksza r\u00f3wnie\u017c czynnik ryzyka.<\/p>\n<p>Zalecamy prze\u0107wiczenie u\u017cywania obu przycisk\u00f3w w wersji demonstracyjnej, zanim zaryzykujesz prawdziwe kredyty w witrynie. Samolot Aviator mo\u017ce odlecie\u0107 w czasie potrzebnym do naci\u015bni\u0119cia drugiego przycisku. Najlepsi gracze Aviator s\u0105 w stanie wyp\u0142aci\u0107 oba swoje zak\u0142ady w ci\u0105gu sekundy.<\/p>\n<h3>Tabela lider\u00f3w<\/h3>\n<p>Ta funkcja daje Ci wyobra\u017cenie o tym, jak dobrze Twoje zak\u0142ady wypadaj\u0105 w por\u00f3wnaniu z innymi graczami w czasie rzeczywistym! To \u015bwietny spos\u00f3b na utrzymanie motywacji, gdy dojdziesz do w\u0142a\u015bciwej gry. W wersji demonstracyjnej ci gracze s\u0105 symulowani, ale mo\u017cesz zorientowa\u0107 si\u0119, na co zwr\u00f3ci\u0107 uwag\u0119.<\/p>\n<h3>Limity zak\u0142ad\u00f3w i wygranych<\/h3>\n<p>Demo Aviatora to dobre miejsce, aby dowiedzie\u0107 si\u0119, jakie maksymalne i minimalne zak\u0142ady mo\u017cesz obstawi\u0107 oraz ile pieni\u0119dzy przyniesie Ci szcz\u0119\u015bcie. Informacje te s\u0105 niezwykle istotne z dw\u00f3ch powod\u00f3w. Po pierwsze, b\u0119dziesz m\u00f3g\u0142 pozna\u0107 ograniczenia swojej gry i nie przekracza\u0107 ich graj\u0105c w pe\u0142n\u0105 wersj\u0119. Po drugie, mo\u017cesz wiedzie\u0107, czego si\u0119 spodziewa\u0107, gdy mno\u017cnik zacznie rosn\u0105\u0107.<\/p>\n<table>\n<tbody>\n<tr>\n<td><strong>OGRANICZENIA GRY<\/strong><\/td>\n<\/tr>\n<tr>\n<td><strong>Minimalna stawka<\/strong><\/td>\n<td>0.10<\/td>\n<\/tr>\n<tr>\n<td><strong>Maksymalny zak\u0142ad<\/strong><\/td>\n<td>100<\/td>\n<\/tr>\n<tr>\n<td><strong>Maksymalna wygrana<\/strong><\/td>\n<td>10,000<\/td>\n<\/tr>\n<\/tbody>\n<\/table>\n<p><img loading=\"lazy\" decoding=\"async\" src=\"https:\/\/aviator-slotgame.com\/wp-content\/uploads\/Aviator-12-800-x-600-\u043f\u0438\u043a\u0441.jpg\" alt=\"Zak\u0142ady i wygrane\" width=\"800\" height=\"600\" \/><\/p>\n<h3>Automatyczne odtwarzanie<\/h3>\n<p>Automatyczna gra automatycznie obstawia zak\u0142ady i wyp\u0142aca pieni\u0105dze w Twoim imieniu, zgodnie z okre\u015blonymi przez Ciebie ustawieniami. Dzi\u0119ki temu mo\u017cesz usi\u0105\u015b\u0107 i zrelaksowa\u0107 si\u0119, podczas gdy gra Aviator wykona prac\u0119 za Ciebie. Dla zabawy i praktyki gra pozwoli graczom wypr\u00f3bowa\u0107 r\u00f3\u017cne kombinacje ustawie\u0144.<\/p>\n<p>W wersji demonstracyjnej Aviatora dost\u0119pne s\u0105 nast\u0119puj\u0105ce opcje autoodtwarzania:<\/p>\n<ul>\n<li>Limit redukcji \u015brodk\u00f3w pieni\u0119\u017cnych<\/li>\n<li>Limit wygranej<\/li>\n<li>Limit na wygran\u0105<\/li>\n<li>Mno\u017cnik wyp\u0142aty got\u00f3wki<\/li>\n<\/ul>\n<p><img loading=\"lazy\" decoding=\"async\" src=\"https:\/\/aviator-slotgame.com\/wp-content\/uploads\/Aviator-15-800-x-600-\u043f\u0438\u043a\u0441.jpg\" alt=\"Gra automatyczna w Aviatorze\" width=\"800\" height=\"600\" \/><\/p>\n<h2>Funkcje nie zawarte w wersji demonstracyjnej<\/h2>\n<p>W wersji demonstracyjnej Aviatora brakuje jednej istotnej funkcji. Tego po prostu nie da si\u0119 modelowa\u0107.<\/p>\n<h3>Gracze rozmawiaj\u0105<\/h3>\n<p>W pe\u0142nej wersji Aviatora gracze mog\u0105 uzyska\u0107 dost\u0119p do systemu czatu w grze, aby omawia\u0107 strategi\u0119, mno\u017cniki nadu\u017cy\u0107, dzieli\u0107 si\u0119 wskaz\u00f3wkami i trikami, chwali\u0107 si\u0119 ostatnimi du\u017cymi zwyci\u0119stwami i rozmawia\u0107 ze sob\u0105. Ta funkcja nie jest dost\u0119pna w wersji demonstracyjnej.<\/p>\n<p>By\u0107 mo\u017ce nie b\u0119dziesz w stanie \u0107wiczy\u0107 komunikacji z innymi graczami, ale jest to jeden z najwa\u017cniejszych aspekt\u00f3w gry na \u017cywo. To \u015bwietny spos\u00f3b na budowanie relacji z innymi graczami i zdobywanie wiedzy o grze.<\/p>\n<h2>Darmowe demo Aviatora por\u00f3wnane z rzeczywist\u0105 gr\u0105<\/h2>\n<p>Demo Aviator to darmowa wersja gry, kt\u00f3ra pozwala \u0107wiczy\u0107 i wypr\u00f3bowywa\u0107 r\u00f3\u017cne strategie. Wersja demonstracyjna zawiera wszystkie funkcje dost\u0119pne w wersji pe\u0142nej, jednak z pewnymi ograniczeniami. Przyk\u0142adowo w wersji demonstracyjnej Aviatora nie mo\u017cna zarobi\u0107 prawdziwych pieni\u0119dzy ani wygra\u0107 nagr\u00f3d. Je\u015bli jednak podoba Ci si\u0119 wersja demonstracyjna i chcesz pozna\u0107 wi\u0119cej funkcji tej ekscytuj\u0105cej gry, mo\u017cesz w dowolnym momencie kontynuowa\u0107 gr\u0119 w prawdziw\u0105 gr\u0119.<\/p>\n<p>Wersja demonstracyjna gry Aviator zawiera kilka samouczk\u00f3w i wskaz\u00f3wek, kt\u00f3re pomog\u0105 Ci zrozumie\u0107, jak gra\u0107 efektywniej. Pomog\u0105 Ci poprawi\u0107 og\u00f3lne wra\u017cenia z gry, zapewniaj\u0105c \u0142atwe do zrozumienia wskaz\u00f3wki dla nowych graczy i ucz\u0105c nowych technik. Mo\u017cesz tak\u017ce przegl\u0105da\u0107 dane RNG (Generator liczb losowych) wygenerowane z tych rund, co pozwala lepiej zapozna\u0107 si\u0119 z technologi\u0105 kryptograficzn\u0105 Spribe.<\/p>\n<table>\n<tbody>\n<tr>\n<td><strong>DEMO LOTNIKA<\/strong><\/td>\n<td><strong>GRA NA \u017bYWO \u201eLOTNIK\u201d<\/strong><\/td>\n<\/tr>\n<tr>\n<td>Graj za darmo<\/td>\n<td>Wymagany kredyt witryny<\/td>\n<\/tr>\n<tr>\n<td>Brak czatu na \u017cywo<\/td>\n<td>Czat dla wszystkich graczy<\/td>\n<\/tr>\n<tr>\n<td>\u017badnych wygranych<\/td>\n<td>Wygrana zale\u017cy od mno\u017cnika<\/td>\n<\/tr>\n<tr>\n<td>Mo\u017cesz gra\u0107 na oficjalnej stronie Spribe<\/td>\n<td>Dost\u0119pne tylko w licencjonowanych kasynach online<\/td>\n<\/tr>\n<tr>\n<td>Symulowani gracze na tablicy wynik\u00f3w<\/td>\n<td>Prawdziwi gracze obstawiaj\u0105 zak\u0142ady<\/td>\n<\/tr>\n<\/tbody>\n<\/table>\n<p>Graj\u0105c najpierw w wersj\u0119 demonstracyjn\u0105 Aviatora, mo\u017cesz doskonali\u0107 swoje umiej\u0119tno\u015bci, zanim zmierzysz si\u0119 z innymi graczami i by\u0107 mo\u017ce wygrasz naprawd\u0119!<\/p>\n<p><img loading=\"lazy\" decoding=\"async\" src=\"https:\/\/aviator-slotgame.com\/wp-content\/uploads\/Aviator-11-800-x-600-\u043f\u0438\u043a\u0441.jpg\" alt=\"Wersja demonstracyjna w Aviatorze\" width=\"800\" height=\"600\" \/><\/p>\n<h2>Wersja demonstracyjna gry Aviator<\/h2>\n<p>Dlaczego wszyscy zalecaj\u0105 zapoznanie si\u0119 z wersj\u0105 demonstracyjn\u0105 gry Aviator?<\/p>\n<ol>\n<li><strong>Wprowadzenie do gry:<\/strong> Darmowa wersja gry Aviator pomaga graczom zapozna\u0107 si\u0119 z rozgrywk\u0105, zasadami gry i funkcjami automatu bez ryzykowania pieni\u0119dzy.<\/li>\n<li><strong>Praktyka:<\/strong> Gra w darmow\u0105 wersj\u0119 pozwala graczom \u0107wiczy\u0107 i doskonali\u0107 swoje umiej\u0119tno\u015bci przed rozpocz\u0119ciem gry na prawdziwe pieni\u0105dze.<\/li>\n<li><strong>Wynik zainteresowania:<\/strong> Graj\u0105c w wersj\u0119 darmow\u0105, mo\u017cesz oceni\u0107, jak interesuj\u0105ca i ekscytuj\u0105ca jest gra, co pomo\u017ce Ci podj\u0105\u0107 decyzj\u0119, czy kontynuowa\u0107 gr\u0119 na prawdziwe pieni\u0105dze.<\/li>\n<li><strong>Ryzyka niefinansowe:<\/strong> Darmowa wersja eliminuje ryzyko finansowe dla gracza, poniewa\u017c zak\u0142ady obstawiane s\u0105 na wirtualne pieni\u0105dze, co pozwala cieszy\u0107 si\u0119 gr\u0105 bez stresu.<\/li>\n<li><strong>Rozrywka:<\/strong> Gra w darmow\u0105 wersj\u0119 Aviatora mo\u017ce by\u0107 \u015bwietnym sposobem na dobr\u0105 zabaw\u0119 i zabicie czasu bez konieczno\u015bci inwestowania jakichkolwiek pieni\u0119dzy.<\/li>\n<\/ol>\n<p><img loading=\"lazy\" decoding=\"async\" src=\"https:\/\/aviator-slotgame.com\/wp-content\/uploads\/Aviator-30-800-x-600-\u043f\u0438\u043a\u0441.jpg\" alt=\"Demo gry Aviator\" width=\"800\" height=\"600\" \/><\/p>\n<h2>Gdzie mog\u0119 znale\u017a\u0107 wersj\u0119 demonstracyjn\u0105 gry Aviator?<\/h2>\n<p>Oto szczeg\u00f3\u0142owe instrukcje, jak znale\u017a\u0107 wersj\u0119 demonstracyjn\u0105 gry online Aviator:<\/p>\n<ol>\n<li>Otw\u00f3rz przegl\u0105dark\u0119 internetow\u0105 na swoim urz\u0105dzeniu i przejd\u017a do oficjalnej strony kasyna, w kt\u00f3rym chcesz zagra\u0107.<\/li>\n<li>Je\u015bli posiadasz ju\u017c konto w serwisie, zaloguj si\u0119 przy u\u017cyciu swoich danych uwierzytelniaj\u0105cych. Je\u015bli nie masz jeszcze konta, zarejestruj si\u0119 na stronie kasyna.<\/li>\n<li>Po wej\u015bciu na stron\u0119 znajd\u017a sekcj\u0119 z grami awaryjnymi lub skorzystaj z paska wyszukiwania. Zazwyczaj w sekcji Gry dost\u0119pne s\u0105 wersje demonstracyjne gier.<\/li>\n<li>Znajd\u017a gr\u0119 Aviator w\u015br\u00f3d przedstawionych opcji i kliknij j\u0105.<\/li>\n<li>W informacjach o grze zazwyczaj znajdziesz przycisk Graj lub Demo. Kliknij ten przycisk, aby uruchomi\u0107 tryb demonstracyjny gry Aviator.<\/li>\n<li>Wersja demonstracyjna gry zostanie pobrana i mo\u017cesz rozpocz\u0105\u0107 gr\u0119 bez konieczno\u015bci stawiania prawdziwych pieni\u0119dzy. W trybie demo b\u0119dziesz u\u017cywa\u0107 wirtualnych pieni\u0119dzy dostarczonych przez kasyno, aby zagra\u0107 w gr\u0119 Aviator.<\/li>\n<\/ol>\n<p>Dlatego wykonuj\u0105c poni\u017csze kroki, mo\u017cesz \u0142atwo znale\u017a\u0107 i zagra\u0107 w wersj\u0119 demonstracyjn\u0105 gry Aviator na oficjalnej stronie kasyna<\/p>\n<p><img loading=\"lazy\" decoding=\"async\" src=\"https:\/\/aviator-slotgame.com\/wp-content\/uploads\/Aviator-31-800-x-600-\u043f\u0438\u043a\u0441.jpg\" alt=\"Znajd\u017a gr\u0119 demonstracyjn\u0105 Aviator\" width=\"800\" height=\"600\" \/><\/p>\n\n<div style=\"font-size: 0px; height: 0px; line-height: 0px; margin: 0; padding: 0; clear: both;\"><\/div>","protected":false},"excerpt":{"rendered":"<p>Spribe&#039;s Aviator to nowa i ekscytuj\u0105ca gra kasynowa, kt\u00f3ra pozwala graczom do\u015bwiadczy\u0107 dreszczyku emocji zwi\u0105zanego z wygran\u0105<\/p>","protected":false},"author":1,"featured_media":0,"parent":0,"menu_order":0,"comment_status":"closed","ping_status":"closed","template":"","meta":{"footnotes":""},"class_list":["post-26","page","type-page","status-publish","hentry"],"yoast_head":"<!-- This site is optimized with the Yoast SEO plugin v22.0 - https:\/\/yoast.com\/wordpress\/plugins\/seo\/ -->\n<title>\u0414\u0435\u043c\u043e-\u0432\u0435\u0440\u0441\u0438\u044f \u0438\u0433\u0440\u044b \u0410\u0432\u0438\u0430\u0442\u043e\u0440 \u2014 \u0418\u0433\u0440\u0430\u0439\u0442\u0435 \u0432 \u043a\u0440\u0430\u0448-\u0441\u043b\u043e\u0442 \u0431\u0435\u0441\u043f\u043b\u0430\u0442\u043d\u043e<\/title>\n<meta name=\"description\" content=\"\u0418\u0433\u0440\u0430\u0439 \u0432 \u0434\u0435\u043c\u043e-\u0432\u0435\u0440\u0441\u0438\u044e \u0410\u0432\u0438\u0430\u0442\u043e\u0440 \u0431\u0435\u0441\u043f\u043b\u0430\u0442\u043d\u043e. \u0422\u0440\u0435\u043d\u0438\u0440\u0443\u0439\u0441\u044f \u0431\u0435\u0437 \u0434\u0435\u043d\u0435\u0433 \u0432 \u043a\u0440\u0430\u0448-\u0441\u043b\u043e\u0442\u0435 \u043e\u0442 Spribe \u043f\u0435\u0440\u0435\u0434 \u0438\u0433\u0440\u043e\u0439 \u043d\u0430 \u0440\u0435\u0430\u043b\u044c\u043d\u044b\u0435 \u0434\u0435\u043d\u044c\u0433\u0438 \u0432 \u043e\u043d\u043b\u0430\u0439\u043d \u043a\u0430\u0437\u0438\u043d\u043e.\" \/>\n<meta name=\"robots\" content=\"index, follow, max-snippet:-1, max-image-preview:large, max-video-preview:-1\" \/>\n<link rel=\"canonical\" href=\"https:\/\/aviator-slotgame.com\/pl\/jak-zagrac-w-aviator-demo-za-darmo\/\" \/>\n<meta property=\"og:locale\" content=\"pl_PL\" \/>\n<meta property=\"og:type\" content=\"article\" \/>\n<meta property=\"og:title\" content=\"\u0414\u0435\u043c\u043e-\u0432\u0435\u0440\u0441\u0438\u044f \u0438\u0433\u0440\u044b \u0410\u0432\u0438\u0430\u0442\u043e\u0440 \u2014 \u0418\u0433\u0440\u0430\u0439\u0442\u0435 \u0432 \u043a\u0440\u0430\u0448-\u0441\u043b\u043e\u0442 \u0431\u0435\u0441\u043f\u043b\u0430\u0442\u043d\u043e\" \/>\n<meta property=\"og:description\" content=\"\u0418\u0433\u0440\u0430\u0439 \u0432 \u0434\u0435\u043c\u043e-\u0432\u0435\u0440\u0441\u0438\u044e \u0410\u0432\u0438\u0430\u0442\u043e\u0440 \u0431\u0435\u0441\u043f\u043b\u0430\u0442\u043d\u043e. \u0422\u0440\u0435\u043d\u0438\u0440\u0443\u0439\u0441\u044f \u0431\u0435\u0437 \u0434\u0435\u043d\u0435\u0433 \u0432 \u043a\u0440\u0430\u0448-\u0441\u043b\u043e\u0442\u0435 \u043e\u0442 Spribe \u043f\u0435\u0440\u0435\u0434 \u0438\u0433\u0440\u043e\u0439 \u043d\u0430 \u0440\u0435\u0430\u043b\u044c\u043d\u044b\u0435 \u0434\u0435\u043d\u044c\u0433\u0438 \u0432 \u043e\u043d\u043b\u0430\u0439\u043d \u043a\u0430\u0437\u0438\u043d\u043e.\" \/>\n<meta property=\"og:url\" content=\"https:\/\/aviator-slotgame.com\/pl\/jak-zagrac-w-aviator-demo-za-darmo\/\" \/>\n<meta property=\"og:site_name\" content=\"Aviator\" \/>\n<meta property=\"article:modified_time\" content=\"2024-10-03T23:16:00+00:00\" \/>\n<meta property=\"og:image\" content=\"https:\/\/aviator-slotgame.com\/wp-content\/uploads\/aviator-3.png\" \/>\n<meta name=\"twitter:card\" content=\"summary_large_image\" \/>\n<meta name=\"twitter:label1\" content=\"Szacowany czas czytania\" \/>\n\t<meta name=\"twitter:data1\" content=\"6 minut\" \/>\n<script type=\"application\/ld+json\" class=\"yoast-schema-graph\">{\"@context\":\"https:\/\/schema.org\",\"@graph\":[{\"@type\":\"WebPage\",\"@id\":\"https:\/\/aviator-slotgame.com\/play-for-free\/\",\"url\":\"https:\/\/aviator-slotgame.com\/play-for-free\/\",\"name\":\"\u0414\u0435\u043c\u043e-\u0432\u0435\u0440\u0441\u0438\u044f \u0438\u0433\u0440\u044b \u0410\u0432\u0438\u0430\u0442\u043e\u0440 \u2014 \u0418\u0433\u0440\u0430\u0439\u0442\u0435 \u0432 \u043a\u0440\u0430\u0448-\u0441\u043b\u043e\u0442 \u0431\u0435\u0441\u043f\u043b\u0430\u0442\u043d\u043e\",\"isPartOf\":{\"@id\":\"https:\/\/aviator-slotgame.com\/#website\"},\"datePublished\":\"2024-01-31T12:57:07+00:00\",\"dateModified\":\"2024-10-03T23:16:00+00:00\",\"description\":\"\u0418\u0433\u0440\u0430\u0439 \u0432 \u0434\u0435\u043c\u043e-\u0432\u0435\u0440\u0441\u0438\u044e \u0410\u0432\u0438\u0430\u0442\u043e\u0440 \u0431\u0435\u0441\u043f\u043b\u0430\u0442\u043d\u043e. \u0422\u0440\u0435\u043d\u0438\u0440\u0443\u0439\u0441\u044f \u0431\u0435\u0437 \u0434\u0435\u043d\u0435\u0433 \u0432 \u043a\u0440\u0430\u0448-\u0441\u043b\u043e\u0442\u0435 \u043e\u0442 Spribe \u043f\u0435\u0440\u0435\u0434 \u0438\u0433\u0440\u043e\u0439 \u043d\u0430 \u0440\u0435\u0430\u043b\u044c\u043d\u044b\u0435 \u0434\u0435\u043d\u044c\u0433\u0438 \u0432 \u043e\u043d\u043b\u0430\u0439\u043d \u043a\u0430\u0437\u0438\u043d\u043e.\",\"breadcrumb\":{\"@id\":\"https:\/\/aviator-slotgame.com\/play-for-free\/#breadcrumb\"},\"inLanguage\":\"pl-PL\",\"potentialAction\":[{\"@type\":\"ReadAction\",\"target\":[\"https:\/\/aviator-slotgame.com\/play-for-free\/\"]}]},{\"@type\":\"BreadcrumbList\",\"@id\":\"https:\/\/aviator-slotgame.com\/play-for-free\/#breadcrumb\",\"itemListElement\":[{\"@type\":\"ListItem\",\"position\":1,\"name\":\"Home\",\"item\":\"https:\/\/aviator-slotgame.com\/\"},{\"@type\":\"ListItem\",\"position\":2,\"name\":\"\u041a\u0430\u043a \u0438\u0433\u0440\u0430\u0442\u044c \u0432 \u0434\u0435\u043c\u043e-\u0432\u0435\u0440\u0441\u0438\u044e \u0410\u0432\u0438\u0430\u0442\u043e\u0440\u0430 \u0431\u0435\u0441\u043f\u043b\u0430\u0442\u043d\u043e\"}]},{\"@type\":\"WebSite\",\"@id\":\"https:\/\/aviator-slotgame.com\/#website\",\"url\":\"https:\/\/aviator-slotgame.com\/\",\"name\":\"Aviator\",\"description\":\"\",\"publisher\":{\"@id\":\"https:\/\/aviator-slotgame.com\/#organization\"},\"potentialAction\":[{\"@type\":\"SearchAction\",\"target\":{\"@type\":\"EntryPoint\",\"urlTemplate\":\"https:\/\/aviator-slotgame.com\/?s={search_term_string}\"},\"query-input\":\"required name=search_term_string\"}],\"inLanguage\":\"pl-PL\"},{\"@type\":\"Organization\",\"@id\":\"https:\/\/aviator-slotgame.com\/#organization\",\"name\":\"Aviator\",\"url\":\"https:\/\/aviator-slotgame.com\/\",\"logo\":{\"@type\":\"ImageObject\",\"inLanguage\":\"pl-PL\",\"@id\":\"https:\/\/aviator-slotgame.com\/#\/schema\/logo\/image\/\",\"url\":\"https:\/\/aviator-slotgame.com\/wp-content\/uploads\/16f5e8_dade544d4623411c9c4153c639aae85amv2.webp\",\"contentUrl\":\"https:\/\/aviator-slotgame.com\/wp-content\/uploads\/16f5e8_dade544d4623411c9c4153c639aae85amv2.webp\",\"width\":400,\"height\":300,\"caption\":\"Aviator\"},\"image\":{\"@id\":\"https:\/\/aviator-slotgame.com\/#\/schema\/logo\/image\/\"}}]}<\/script>\n<!-- \/ Yoast SEO plugin. -->","yoast_head_json":{"title":"\u0414\u0435\u043c\u043e-\u0432\u0435\u0440\u0441\u0438\u044f \u0438\u0433\u0440\u044b \u0410\u0432\u0438\u0430\u0442\u043e\u0440 \u2014 \u0418\u0433\u0440\u0430\u0439\u0442\u0435 \u0432 \u043a\u0440\u0430\u0448-\u0441\u043b\u043e\u0442 \u0431\u0435\u0441\u043f\u043b\u0430\u0442\u043d\u043e","description":"\u0418\u0433\u0440\u0430\u0439 \u0432 \u0434\u0435\u043c\u043e-\u0432\u0435\u0440\u0441\u0438\u044e \u0410\u0432\u0438\u0430\u0442\u043e\u0440 \u0431\u0435\u0441\u043f\u043b\u0430\u0442\u043d\u043e. \u0422\u0440\u0435\u043d\u0438\u0440\u0443\u0439\u0441\u044f \u0431\u0435\u0437 \u0434\u0435\u043d\u0435\u0433 \u0432 \u043a\u0440\u0430\u0448-\u0441\u043b\u043e\u0442\u0435 \u043e\u0442 Spribe \u043f\u0435\u0440\u0435\u0434 \u0438\u0433\u0440\u043e\u0439 \u043d\u0430 \u0440\u0435\u0430\u043b\u044c\u043d\u044b\u0435 \u0434\u0435\u043d\u044c\u0433\u0438 \u0432 \u043e\u043d\u043b\u0430\u0439\u043d \u043a\u0430\u0437\u0438\u043d\u043e.","robots":{"index":"index","follow":"follow","max-snippet":"max-snippet:-1","max-image-preview":"max-image-preview:large","max-video-preview":"max-video-preview:-1"},"canonical":"https:\/\/aviator-slotgame.com\/pl\/jak-zagrac-w-aviator-demo-za-darmo\/","og_locale":"pl_PL","og_type":"article","og_title":"\u0414\u0435\u043c\u043e-\u0432\u0435\u0440\u0441\u0438\u044f \u0438\u0433\u0440\u044b \u0410\u0432\u0438\u0430\u0442\u043e\u0440 \u2014 \u0418\u0433\u0440\u0430\u0439\u0442\u0435 \u0432 \u043a\u0440\u0430\u0448-\u0441\u043b\u043e\u0442 \u0431\u0435\u0441\u043f\u043b\u0430\u0442\u043d\u043e","og_description":"\u0418\u0433\u0440\u0430\u0439 \u0432 \u0434\u0435\u043c\u043e-\u0432\u0435\u0440\u0441\u0438\u044e \u0410\u0432\u0438\u0430\u0442\u043e\u0440 \u0431\u0435\u0441\u043f\u043b\u0430\u0442\u043d\u043e. \u0422\u0440\u0435\u043d\u0438\u0440\u0443\u0439\u0441\u044f \u0431\u0435\u0437 \u0434\u0435\u043d\u0435\u0433 \u0432 \u043a\u0440\u0430\u0448-\u0441\u043b\u043e\u0442\u0435 \u043e\u0442 Spribe \u043f\u0435\u0440\u0435\u0434 \u0438\u0433\u0440\u043e\u0439 \u043d\u0430 \u0440\u0435\u0430\u043b\u044c\u043d\u044b\u0435 \u0434\u0435\u043d\u044c\u0433\u0438 \u0432 \u043e\u043d\u043b\u0430\u0439\u043d \u043a\u0430\u0437\u0438\u043d\u043e.","og_url":"https:\/\/aviator-slotgame.com\/pl\/jak-zagrac-w-aviator-demo-za-darmo\/","og_site_name":"Aviator","article_modified_time":"2024-10-03T23:16:00+00:00","og_image":[{"url":"https:\/\/aviator-slotgame.com\/wp-content\/uploads\/aviator-3.png"}],"twitter_card":"summary_large_image","twitter_misc":{"Szacowany czas czytania":"6 minut"},"schema":{"@context":"https:\/\/schema.org","@graph":[{"@type":"WebPage","@id":"https:\/\/aviator-slotgame.com\/play-for-free\/","url":"https:\/\/aviator-slotgame.com\/play-for-free\/","name":"\u0414\u0435\u043c\u043e-\u0432\u0435\u0440\u0441\u0438\u044f \u0438\u0433\u0440\u044b \u0410\u0432\u0438\u0430\u0442\u043e\u0440 \u2014 \u0418\u0433\u0440\u0430\u0439\u0442\u0435 \u0432 \u043a\u0440\u0430\u0448-\u0441\u043b\u043e\u0442 \u0431\u0435\u0441\u043f\u043b\u0430\u0442\u043d\u043e","isPartOf":{"@id":"https:\/\/aviator-slotgame.com\/#website"},"datePublished":"2024-01-31T12:57:07+00:00","dateModified":"2024-10-03T23:16:00+00:00","description":"\u0418\u0433\u0440\u0430\u0439 \u0432 \u0434\u0435\u043c\u043e-\u0432\u0435\u0440\u0441\u0438\u044e \u0410\u0432\u0438\u0430\u0442\u043e\u0440 \u0431\u0435\u0441\u043f\u043b\u0430\u0442\u043d\u043e. \u0422\u0440\u0435\u043d\u0438\u0440\u0443\u0439\u0441\u044f \u0431\u0435\u0437 \u0434\u0435\u043d\u0435\u0433 \u0432 \u043a\u0440\u0430\u0448-\u0441\u043b\u043e\u0442\u0435 \u043e\u0442 Spribe \u043f\u0435\u0440\u0435\u0434 \u0438\u0433\u0440\u043e\u0439 \u043d\u0430 \u0440\u0435\u0430\u043b\u044c\u043d\u044b\u0435 \u0434\u0435\u043d\u044c\u0433\u0438 \u0432 \u043e\u043d\u043b\u0430\u0439\u043d \u043a\u0430\u0437\u0438\u043d\u043e.","breadcrumb":{"@id":"https:\/\/aviator-slotgame.com\/play-for-free\/#breadcrumb"},"inLanguage":"pl-PL","potentialAction":[{"@type":"ReadAction","target":["https:\/\/aviator-slotgame.com\/play-for-free\/"]}]},{"@type":"BreadcrumbList","@id":"https:\/\/aviator-slotgame.com\/play-for-free\/#breadcrumb","itemListElement":[{"@type":"ListItem","position":1,"name":"Home","item":"https:\/\/aviator-slotgame.com\/"},{"@type":"ListItem","position":2,"name":"\u041a\u0430\u043a \u0438\u0433\u0440\u0430\u0442\u044c \u0432 \u0434\u0435\u043c\u043e-\u0432\u0435\u0440\u0441\u0438\u044e \u0410\u0432\u0438\u0430\u0442\u043e\u0440\u0430 \u0431\u0435\u0441\u043f\u043b\u0430\u0442\u043d\u043e"}]},{"@type":"WebSite","@id":"https:\/\/aviator-slotgame.com\/#website","url":"https:\/\/aviator-slotgame.com\/","name":"Aviator","description":"","publisher":{"@id":"https:\/\/aviator-slotgame.com\/#organization"},"potentialAction":[{"@type":"SearchAction","target":{"@type":"EntryPoint","urlTemplate":"https:\/\/aviator-slotgame.com\/?s={search_term_string}"},"query-input":"required name=search_term_string"}],"inLanguage":"pl-PL"},{"@type":"Organization","@id":"https:\/\/aviator-slotgame.com\/#organization","name":"Aviator","url":"https:\/\/aviator-slotgame.com\/","logo":{"@type":"ImageObject","inLanguage":"pl-PL","@id":"https:\/\/aviator-slotgame.com\/#\/schema\/logo\/image\/","url":"https:\/\/aviator-slotgame.com\/wp-content\/uploads\/16f5e8_dade544d4623411c9c4153c639aae85amv2.webp","contentUrl":"https:\/\/aviator-slotgame.com\/wp-content\/uploads\/16f5e8_dade544d4623411c9c4153c639aae85amv2.webp","width":400,"height":300,"caption":"Aviator"},"image":{"@id":"https:\/\/aviator-slotgame.com\/#\/schema\/logo\/image\/"}}]}},"amp_enabled":true,"_links":{"self":[{"href":"https:\/\/aviator-slotgame.com\/pl\/wp-json\/wp\/v2\/pages\/26","targetHints":{"allow":["GET"]}}],"collection":[{"href":"https:\/\/aviator-slotgame.com\/pl\/wp-json\/wp\/v2\/pages"}],"about":[{"href":"https:\/\/aviator-slotgame.com\/pl\/wp-json\/wp\/v2\/types\/page"}],"author":[{"embeddable":true,"href":"https:\/\/aviator-slotgame.com\/pl\/wp-json\/wp\/v2\/users\/1"}],"replies":[{"embeddable":true,"href":"https:\/\/aviator-slotgame.com\/pl\/wp-json\/wp\/v2\/comments?post=26"}],"version-history":[{"count":19,"href":"https:\/\/aviator-slotgame.com\/pl\/wp-json\/wp\/v2\/pages\/26\/revisions"}],"predecessor-version":[{"id":412,"href":"https:\/\/aviator-slotgame.com\/pl\/wp-json\/wp\/v2\/pages\/26\/revisions\/412"}],"wp:attachment":[{"href":"https:\/\/aviator-slotgame.com\/pl\/wp-json\/wp\/v2\/media?parent=26"}],"curies":[{"name":"wp","href":"https:\/\/api.w.org\/{rel}","templated":true}]}}