{"id":263,"date":"2024-09-06T14:43:40","date_gmt":"2024-09-06T14:43:40","guid":{"rendered":"https:\/\/aviator-slotgame.com\/?page_id=263"},"modified":"2024-09-08T10:40:25","modified_gmt":"2024-09-08T10:40:25","slug":"aviator","status":"publish","type":"page","link":"https:\/\/aviator-slotgame.com\/pl\/aviator\/","title":{"rendered":"Zasady, funkcje i wygrane w grze slotowej Crash na pieni\u0105dze"},"content":{"rendered":"<div class=\"34837fec802ee5766d076c409fa049e5\" data-index=\"1\" style=\"float: none; margin:10px 0 10px 0; text-align:center;\">\n<div class=\"custom-play-button\">\r\n<center><a href=\"https:\/\/aviator-slotgame.com\/pl\/play-game\/\" rel=\"nofollow\" target=\"_blank\">Zagraj teraz<\/a><br><\/center>\r\n<\/div>\n<\/div>\n<h1><\/h1>\n<p><img loading=\"lazy\" decoding=\"async\" class=\"alignnone size-full wp-image-264\" src=\"https:\/\/aviator-slotgame.com\/wp-content\/uploads\/Aviator-7-800-x-600-\u043f\u0438\u043a\u0441.jpg\" alt=\"Automat online Aviator - Graj na prawdziwe pieni\u0105dze w kasynie \" width=\"800\" height=\"600\" srcset=\"https:\/\/aviator-slotgame.com\/wp-content\/uploads\/Aviator-7-800-x-600-\u043f\u0438\u043a\u0441.jpg 800w, https:\/\/aviator-slotgame.com\/wp-content\/uploads\/Aviator-7-800-x-600-\u043f\u0438\u043a\u0441-300x225.jpg 300w, https:\/\/aviator-slotgame.com\/wp-content\/uploads\/Aviator-7-800-x-600-\u043f\u0438\u043a\u0441-768x576.jpg 768w, https:\/\/aviator-slotgame.com\/wp-content\/uploads\/Aviator-7-800-x-600-\u043f\u0438\u043a\u0441-16x12.jpg 16w\" sizes=\"auto, (max-width: 800px) 100vw, 800px\" \/><\/p>\n<h2>Czym jest gra katastroficzna online Aviator?<\/h2>\n<p>Aviator to jedna z najpopularniejszych gier studia Spribe. Nowo\u015b\u0107 na wsp\u00f3\u0142czesnym rynku, stworzona w oparciu o generator liczb losowych, od samego pocz\u0105tku wci\u0105ga gracza. Zwyci\u0119zca zostanie wy\u0142oniony w drodze losowego wyboru! Dzi\u0119ki temu gra jest uczciwa i pokazuje graczowi, \u017ce jego zak\u0142ad nie jest zale\u017cny od platformy lub historii gry. Aviator r\u00f3\u017cni si\u0119 od innych popularnych gier typu Crash oryginaln\u0105 rozgrywk\u0105; Aviator nie ma zwyk\u0142ych b\u0119bn\u00f3w, linii z owocami i tym podobnych, kt\u00f3re by\u0142yby tak nudne dla fan\u00f3w hazardu. Gra przyci\u0105ga tak\u017ce do\u015b\u0107 prostymi zasadami i mo\u017cliwo\u015bci\u0105 zarobienia prawdziwych pieni\u0119dzy, co czyni j\u0105 popularn\u0105 w\u015br\u00f3d graczy, a zw\u0142aszcza w\u015br\u00f3d fan\u00f3w samolot\u00f3w i wszystkiego, co zwi\u0105zane z lataniem!<\/p>\n<p>Istota gry polega na tym, \u017ce u\u017cytkownik musi zapisa\u0107 sw\u00f3j zak\u0142ad, zanim samolot odleci, tym samym resetuj\u0105c szanse gracza do zera.<\/p>\n<p>Spribe to znana firma specjalizuj\u0105ca si\u0119 w tworzeniu innowacyjnych gier online i platform hazardowych, jej gry ciesz\u0105 si\u0119 popularno\u015bci\u0105 w\u015br\u00f3d graczy na ca\u0142ym \u015bwiecie. Firma zosta\u0142a za\u0142o\u017cona w 2018 roku i w kr\u00f3tkim czasie zyska\u0142a popularno\u015b\u0107 w\u015br\u00f3d graczy i operator\u00f3w kasyn online dzi\u0119ki ekscytuj\u0105cej mechanice rozgrywki oraz mo\u017cliwo\u015bci gry zar\u00f3wno na pieni\u0105dze, jak i w trybie demonstracyjnym.<\/p><div class=\"34837fec802ee5766d076c409fa049e5\" data-index=\"1\" style=\"float: none; margin:10px 0 10px 0; text-align:center;\">\n<div class=\"custom-play-button\">\r\n<center><a href=\"https:\/\/aviator-slotgame.com\/pl\/play-game\/\" rel=\"nofollow\" target=\"_blank\">Zagraj teraz<\/a><br><\/center>\r\n<\/div>\n<\/div>\n\n<h2>Powody popularno\u015bci gry online Aviator<\/h2>\n<p>Co sprawia, \u017ce gra Aviator jest tak popularna w\u015br\u00f3d graczy?<\/p>\n<ol>\n<li>Prostota zasad: Gra Aviator posiada proste i zrozumia\u0142e zasady, dzi\u0119ki czemu jest dost\u0119pna dla szerokiego grona graczy, niezale\u017cnie od ich do\u015bwiadczenia i poziomu wyszkolenia.<\/li>\n<\/ol>\n<p>Tryb demo: Je\u015bli nie chcesz ryzykowa\u0107 pieni\u0119dzy i boisz si\u0119 zacz\u0105\u0107, sprawd\u017a i spr\u00f3buj swoich si\u0142 w trybie darmowym. Nie inwestujesz prawdziwych pieni\u0119dzy. \u201eTryb zabawy\u201d pozwala graczom zbli\u017cy\u0107 si\u0119 do rozgrywki bez ryzykowania swoich oszcz\u0119dno\u015bci.<\/p>\n<p>Szansa na szybkie wygrane: Gra hazardowa Aviator oferuje mo\u017cliwo\u015b\u0107 szybkiej wygranej, co przyci\u0105ga wielu graczy, kt\u00f3rzy szukaj\u0105 emocji i adrenaliny.<\/p>\n<p>R\u00f3\u017cnorodno\u015b\u0107 zak\u0142ad\u00f3w: Gra Aviator oferuje r\u00f3\u017cne rodzaje zak\u0142ad\u00f3w, umo\u017cliwiaj\u0105c graczom wyb\u00f3r poziomu ryzyka i potencjalnych wygranych, kt\u00f3ry im odpowiada.<\/p>\n<p>Mo\u017cliwo\u015b\u0107 gry online: Gra Aviator dost\u0119pna jest w formacie online, co sprawia, \u017ce mo\u017cna w ni\u0105 gra\u0107 w dowolnym dogodnym czasie i z dowolnego miejsca na \u015bwiecie.<\/p>\n<p>Wygoda i dost\u0119pno\u015b\u0107: Gra online Aviator pozwala graczom cieszy\u0107 si\u0119 emocjami w domu lub w dowolnym innym miejscu, bez wychodzenia z domu. Dzi\u0119ki temu gra jest wygodna i dost\u0119pna dla szerokiego grona graczy.<\/p>\n<p>Bonusy i oferty specjalne: Wiele kasyn online oferuj\u0105cych gr\u0119 Aviator cz\u0119sto oferuje r\u00f3\u017cne bonusy, promocje i oferty specjalne, aby przyci\u0105gn\u0105\u0107 nowych graczy i nagradza\u0107 sta\u0142ych. To sprawia, \u017ce gra jest jeszcze bardziej kusz\u0105ca.<\/p>\n<p>Grafika i d\u017awi\u0119k: Nowoczesne kasyna online zazwyczaj oferuj\u0105 wysokiej jako\u015bci grafik\u0119 i d\u017awi\u0119k w grach, w tym w grze Aviator. A dynamiczna i ekscytuj\u0105ca rozgrywka na pewno nie pozwoli graczom si\u0119 nudzi\u0107 i utrzyma zainteresowanie gr\u0105 przez ca\u0142y czas.<\/p>\n<p>Mo\u017cliwo\u015b\u0107 gry na urz\u0105dzeniach mobilnych: Wiele kasyn online oferuje gr\u0119 Aviator w formacie kompatybilnym z urz\u0105dzeniami mobilnymi, dzi\u0119ki czemu gracze mog\u0105 cieszy\u0107 si\u0119 gr\u0105 w dowolnym miejscu i czasie. Nie zapomnij upewni\u0107 si\u0119, \u017ce masz dobre po\u0142\u0105czenie z Internetem i wystarczaj\u0105cy poziom na\u0142adowania swojego urz\u0105dzenia mobilnego!<\/p>\n<p>&nbsp;<\/p>\n<h2>Zasady hazardu lotnika<\/h2>\n<p>Gra ma proste i jasne zasady, w kt\u00f3rych u\u017cytkownik obstawia okre\u015blony wynik i mo\u017ce wygra\u0107, mno\u017c\u0105c sw\u00f3j zak\u0142ad przez kurs. Mo\u017cesz gra\u0107 w trybie r\u0119cznym, stawiaj\u0105c w\u0142asne zak\u0142ady, lub w trybie automatycznym, gdy gra obstawia za Ciebie zak\u0142ady na podstawie ustawionych przez Ciebie parametr\u00f3w.<\/p>\n<h3>Zasady gry<\/h3>\n<p>Aby rozpocz\u0105\u0107 gr\u0119 w gr\u0119 Aviator, wykonaj nast\u0119puj\u0105ce kroki:<\/p>\n<ol>\n<li>Znajd\u017a kasyno online lub platform\u0119 do gier oferuj\u0105c\u0105 gr\u0119 Aviator.<\/li>\n<li>Zarejestruj si\u0119 na wybranej przez siebie platformie, zak\u0142adaj\u0105c konto i podaj\u0105c wymagane informacje.<\/li>\n<li>Do\u0142aduj swoje konto w grze pieni\u0119dzmi, aby m\u00f3c obstawia\u0107 zak\u0142ady w grze.<\/li>\n<li>Znajd\u017a gr\u0119 Aviator na platformie i wybierz sw\u00f3j zak\u0142ad.<\/li>\n<li>Gra rozpoczyna si\u0119 od postawienia przez gracza zak\u0142adu.<\/li>\n<li>Post\u0119puj zgodnie z zasadami i instrukcjami wy\u015bwietlanymi na ekranie i kontroluj przebieg gry, klikaj\u0105c odpowiednie przyciski.<\/li>\n<li>Po postawieniu zak\u0142adu samolot zaczyna porusza\u0107 si\u0119 w g\u00f3r\u0119 lub w d\u00f3\u0142 skali szans.<\/li>\n<li>Gracz mo\u017ce w dowolnym momencie klikn\u0105\u0107 przycisk Wyp\u0142ata, aby zako\u0144czy\u0107 gr\u0119 i otrzyma\u0107 wygran\u0105 pomno\u017con\u0105 przez aktualny kurs lub kontynuowa\u0107 gr\u0119 i poczeka\u0107 na zwi\u0119kszenie wygranej. Spr\u00f3buj odgadn\u0105\u0107 moment, w kt\u00f3rym chcesz wyp\u0142aci\u0107 wygran\u0105, aby unikn\u0105\u0107 zawarcia zak\u0142adu nastawi\u0107.<\/li>\n<li>Je\u015bli gracz nie kliknie przycisku Odbierz wygran\u0105, a samolot dotrze do ko\u0144ca skali szans, zak\u0142ad zostanie zresetowany do zera, a gracz nie otrzyma wygranej.<\/li>\n<li>Celem gry jest odebranie wygranej we w\u0142a\u015bciwym czasie i unikni\u0119cie resetowania zak\u0142adu do zera.<\/li>\n<\/ol>\n<p>Pami\u0119taj, aby gra\u0107 odpowiedzialnie, obstawia\u0107 tylko tak\u0105 kwot\u0119, jak\u0105 jeste\u015b sk\u0142onny przegra\u0107, i kontrolowa\u0107 swoj\u0105 aktywno\u015b\u0107 zwi\u0105zan\u0105 z hazardem.<\/p>\n<p>Bior\u0105c pod uwag\u0119 wyj\u0105tkow\u0105 trajektori\u0119 samolotu, rozgrywka staje si\u0119 jeszcze bardziej interesuj\u0105ca i ekscytuj\u0105ca dla graczy. Jednocze\u015bnie wa\u017cne jest, aby zwraca\u0107 uwag\u0119 na swoje zak\u0142ady i kontrolowa\u0107 swoje dzia\u0142ania, aby utrzyma\u0107 emocje zwi\u0105zane z gr\u0105 na prawdziwe pieni\u0105dze.<\/p>\n<p>G\u0142\u00f3wne cechy gry online Aviator<\/p>\n<table>\n<tbody>\n<tr>\n<td>RTP<\/td>\n<td>96,49%, 96,48%, 95,45%<\/td>\n<\/tr>\n<tr>\n<td>Wywo\u0142ywacz<\/td>\n<td>Studio Spribe<\/td>\n<\/tr>\n<tr>\n<td>Darmowe spiny<\/td>\n<td>NIE<\/td>\n<\/tr>\n<tr>\n<td>Gra bonusowa<\/td>\n<td>NIE<\/td>\n<\/tr>\n<tr>\n<td>Minimalna stawka<\/td>\n<td>0,1$<\/td>\n<\/tr>\n<tr>\n<td>Maksymalny zak\u0142ad<\/td>\n<td>100$<\/td>\n<\/tr>\n<\/tbody>\n<\/table>\n<p>&nbsp;<\/p>\n<h2>Bonusy w grze hazardowej Aviator<\/h2>\n<p>Bonusy i zni\u017cki w grze online Aviator mog\u0105 by\u0107 udost\u0119pniane graczom na r\u00f3\u017cne sposoby, w zale\u017cno\u015bci od platformy do gier lub kasyna.<\/p>\n<p>Oto kilka mo\u017cliwych bonus\u00f3w i rabat\u00f3w, kt\u00f3re mog\u0105 by\u0107 dost\u0119pne w grze Aviator:<\/p>\n<h3>Bonusy powitalne<\/h3>\n<p>nowi gracze mog\u0105 otrzyma\u0107 specjalne bonusy podczas rejestracji na platformie, takie jak dodatkowe \u015brodki na koncie lub darmowe spiny.<\/p>\n<h3>Bonusy depozytowe<\/h3>\n<p>gracze mog\u0105 otrzyma\u0107 bonusy, gdy do\u0142aduj\u0105 swoje konto do gry okre\u015blon\u0105 kwot\u0105.<\/p>\n<h3>Promocje<\/h3>\n<p>kasyna lub platformy gier mog\u0105 organizowa\u0107 tymczasowe promocje oferuj\u0105ce r\u00f3\u017cne bonusy i rabaty graczom w grze Aviator.<\/p>\n<h3>Programy VIP<\/h3>\n<p>Niekt\u00f3re platformy mog\u0105 oferowa\u0107 graczom udzia\u0142 w programach VIP, w kt\u00f3rych dost\u0119pne s\u0105 dodatkowe bonusy, zwrot got\u00f3wki i inne korzy\u015bci.<\/p>\n<h3>Zwrot pieni\u0119dzy<\/h3>\n<p>gracze mog\u0105 mie\u0107 mo\u017cliwo\u015b\u0107 otrzymania cz\u0119\u015bci swoich utraconych \u015brodk\u00f3w w formie zwrotu got\u00f3wki w ramach programu bonusowego.<\/p>\n<p>Przed wzi\u0119ciem udzia\u0142u w bonusach i zni\u017ckach w grze Aviator wa\u017cne jest dok\u0142adne zapoznanie si\u0119 z warunkami i wymaganiami, aby zrozumie\u0107, jak dzia\u0142aj\u0105 i czego wymaga si\u0119 od Ciebie, aby otrzyma\u0107 pe\u0142ne korzy\u015bci.<\/p>\n\n<div style=\"font-size: 0px; height: 0px; line-height: 0px; margin: 0; padding: 0; clear: both;\"><\/div>","protected":false},"excerpt":{"rendered":"<p>Czym jest gra Aviator online crash? Aviator to jedna z popularnych gier stworzonych przez studio Spribe. Nowo\u015b\u0107 na nowoczesnym rynku,<\/p>","protected":false},"author":1,"featured_media":0,"parent":0,"menu_order":0,"comment_status":"closed","ping_status":"closed","template":"","meta":{"footnotes":""},"class_list":["post-263","page","type-page","status-publish","hentry"],"yoast_head":"<!-- This site is optimized with the Yoast SEO plugin v22.0 - https:\/\/yoast.com\/wordpress\/plugins\/seo\/ -->\n<title>\u041e\u043d\u043b\u0430\u0439\u043d \u0441\u043b\u043e\u0442 \u0410\u0432\u0438\u0430\u0442\u043e\u0440 \u2014 \u0418\u0433\u0440\u0430\u0439 \u043d\u0430 \u0440\u0435\u0430\u043b\u044c\u043d\u044b\u0435 \u0434\u0435\u043d\u044c\u0433\u0438 \u0432 \u043a\u0430\u0437\u0438\u043d\u043e<\/title>\n<meta name=\"description\" content=\"\u0423\u0437\u043d\u0430\u0439\u0442\u0435 \u0432\u0441\u0435 \u043e \u043a\u0440\u0430\u0448-\u0438\u0433\u0440\u0435 \u0410\u0432\u0438\u0430\u0442\u043e\u0440: \u043f\u0440\u0430\u0432\u0438\u043b\u0430, \u0431\u043e\u043d\u0443\u0441\u044b, \u043e\u0441\u043e\u0431\u0435\u043d\u043d\u043e\u0441\u0442\u0438 \u0438 \u0445\u0430\u0440\u0430\u043a\u0442\u0435\u0440\u0438\u0441\u0442\u0438\u043a\u0438 \u0438\u0433\u0440\u044b \u0434\u043b\u044f \u0443\u0432\u0435\u043b\u0438\u0447\u0435\u043d\u0438\u0435 \u043f\u0440\u0438\u0431\u044b\u043b\u0438 \u0432 \u043a\u0430\u0437\u0438\u043d\u043e. \u0418\u0433\u0440\u0430\u0439 \u0432 Aviator \u043e\u0442 Spribe \u0432 \u043e\u043d\u043b\u0430\u0439\u043d\u0435.\" \/>\n<meta name=\"robots\" content=\"index, follow, max-snippet:-1, max-image-preview:large, max-video-preview:-1\" \/>\n<link rel=\"canonical\" href=\"https:\/\/aviator-slotgame.com\/pl\/aviator\/\" \/>\n<meta property=\"og:locale\" content=\"pl_PL\" \/>\n<meta property=\"og:type\" content=\"article\" \/>\n<meta property=\"og:title\" content=\"\u041e\u043d\u043b\u0430\u0439\u043d \u0441\u043b\u043e\u0442 \u0410\u0432\u0438\u0430\u0442\u043e\u0440 \u2014 \u0418\u0433\u0440\u0430\u0439 \u043d\u0430 \u0440\u0435\u0430\u043b\u044c\u043d\u044b\u0435 \u0434\u0435\u043d\u044c\u0433\u0438 \u0432 \u043a\u0430\u0437\u0438\u043d\u043e\" \/>\n<meta property=\"og:description\" content=\"\u0423\u0437\u043d\u0430\u0439\u0442\u0435 \u0432\u0441\u0435 \u043e \u043a\u0440\u0430\u0448-\u0438\u0433\u0440\u0435 \u0410\u0432\u0438\u0430\u0442\u043e\u0440: \u043f\u0440\u0430\u0432\u0438\u043b\u0430, \u0431\u043e\u043d\u0443\u0441\u044b, \u043e\u0441\u043e\u0431\u0435\u043d\u043d\u043e\u0441\u0442\u0438 \u0438 \u0445\u0430\u0440\u0430\u043a\u0442\u0435\u0440\u0438\u0441\u0442\u0438\u043a\u0438 \u0438\u0433\u0440\u044b \u0434\u043b\u044f \u0443\u0432\u0435\u043b\u0438\u0447\u0435\u043d\u0438\u0435 \u043f\u0440\u0438\u0431\u044b\u043b\u0438 \u0432 \u043a\u0430\u0437\u0438\u043d\u043e. \u0418\u0433\u0440\u0430\u0439 \u0432 Aviator \u043e\u0442 Spribe \u0432 \u043e\u043d\u043b\u0430\u0439\u043d\u0435.\" \/>\n<meta property=\"og:url\" content=\"https:\/\/aviator-slotgame.com\/pl\/aviator\/\" \/>\n<meta property=\"og:site_name\" content=\"Aviator\" \/>\n<meta property=\"article:modified_time\" content=\"2024-09-08T10:40:25+00:00\" \/>\n<meta name=\"twitter:card\" content=\"summary_large_image\" \/>\n<meta name=\"twitter:label1\" content=\"Szacowany czas czytania\" \/>\n\t<meta name=\"twitter:data1\" content=\"5 minut\" \/>\n<script type=\"application\/ld+json\" class=\"yoast-schema-graph\">{\"@context\":\"https:\/\/schema.org\",\"@graph\":[{\"@type\":\"WebPage\",\"@id\":\"https:\/\/aviator-slotgame.com\/aviator\/\",\"url\":\"https:\/\/aviator-slotgame.com\/aviator\/\",\"name\":\"\u041e\u043d\u043b\u0430\u0439\u043d \u0441\u043b\u043e\u0442 \u0410\u0432\u0438\u0430\u0442\u043e\u0440 \u2014 \u0418\u0433\u0440\u0430\u0439 \u043d\u0430 \u0440\u0435\u0430\u043b\u044c\u043d\u044b\u0435 \u0434\u0435\u043d\u044c\u0433\u0438 \u0432 \u043a\u0430\u0437\u0438\u043d\u043e\",\"isPartOf\":{\"@id\":\"https:\/\/aviator-slotgame.com\/#website\"},\"datePublished\":\"2024-09-06T14:43:40+00:00\",\"dateModified\":\"2024-09-08T10:40:25+00:00\",\"description\":\"\u0423\u0437\u043d\u0430\u0439\u0442\u0435 \u0432\u0441\u0435 \u043e \u043a\u0440\u0430\u0448-\u0438\u0433\u0440\u0435 \u0410\u0432\u0438\u0430\u0442\u043e\u0440: \u043f\u0440\u0430\u0432\u0438\u043b\u0430, \u0431\u043e\u043d\u0443\u0441\u044b, \u043e\u0441\u043e\u0431\u0435\u043d\u043d\u043e\u0441\u0442\u0438 \u0438 \u0445\u0430\u0440\u0430\u043a\u0442\u0435\u0440\u0438\u0441\u0442\u0438\u043a\u0438 \u0438\u0433\u0440\u044b \u0434\u043b\u044f \u0443\u0432\u0435\u043b\u0438\u0447\u0435\u043d\u0438\u0435 \u043f\u0440\u0438\u0431\u044b\u043b\u0438 \u0432 \u043a\u0430\u0437\u0438\u043d\u043e. \u0418\u0433\u0440\u0430\u0439 \u0432 Aviator \u043e\u0442 Spribe \u0432 \u043e\u043d\u043b\u0430\u0439\u043d\u0435.\",\"breadcrumb\":{\"@id\":\"https:\/\/aviator-slotgame.com\/aviator\/#breadcrumb\"},\"inLanguage\":\"pl-PL\",\"potentialAction\":[{\"@type\":\"ReadAction\",\"target\":[\"https:\/\/aviator-slotgame.com\/aviator\/\"]}]},{\"@type\":\"BreadcrumbList\",\"@id\":\"https:\/\/aviator-slotgame.com\/aviator\/#breadcrumb\",\"itemListElement\":[{\"@type\":\"ListItem\",\"position\":1,\"name\":\"Home\",\"item\":\"https:\/\/aviator-slotgame.com\/\"},{\"@type\":\"ListItem\",\"position\":2,\"name\":\"\u041f\u0440\u0430\u0432\u0438\u043b\u0430,\u043e\u0441\u043e\u0431\u0435\u043d\u043e\u0441\u0442\u0438 \u0438 \u0432\u044b\u0438\u0433\u0440\u044b\u0448\u0438 \u0432 \u043a\u0440\u0430\u0448-\u0441\u043b\u043e\u0442 \u0438\u0433\u0440\u0435 \u043d\u0430 \u0434\u0435\u043d\u044c\u0433\u0438\"}]},{\"@type\":\"WebSite\",\"@id\":\"https:\/\/aviator-slotgame.com\/#website\",\"url\":\"https:\/\/aviator-slotgame.com\/\",\"name\":\"Aviator\",\"description\":\"\",\"publisher\":{\"@id\":\"https:\/\/aviator-slotgame.com\/#organization\"},\"potentialAction\":[{\"@type\":\"SearchAction\",\"target\":{\"@type\":\"EntryPoint\",\"urlTemplate\":\"https:\/\/aviator-slotgame.com\/?s={search_term_string}\"},\"query-input\":\"required name=search_term_string\"}],\"inLanguage\":\"pl-PL\"},{\"@type\":\"Organization\",\"@id\":\"https:\/\/aviator-slotgame.com\/#organization\",\"name\":\"Aviator\",\"url\":\"https:\/\/aviator-slotgame.com\/\",\"logo\":{\"@type\":\"ImageObject\",\"inLanguage\":\"pl-PL\",\"@id\":\"https:\/\/aviator-slotgame.com\/#\/schema\/logo\/image\/\",\"url\":\"https:\/\/aviator-slotgame.com\/wp-content\/uploads\/16f5e8_dade544d4623411c9c4153c639aae85amv2.webp\",\"contentUrl\":\"https:\/\/aviator-slotgame.com\/wp-content\/uploads\/16f5e8_dade544d4623411c9c4153c639aae85amv2.webp\",\"width\":400,\"height\":300,\"caption\":\"Aviator\"},\"image\":{\"@id\":\"https:\/\/aviator-slotgame.com\/#\/schema\/logo\/image\/\"}}]}<\/script>\n<!-- \/ Yoast SEO plugin. -->","yoast_head_json":{"title":"\u041e\u043d\u043b\u0430\u0439\u043d \u0441\u043b\u043e\u0442 \u0410\u0432\u0438\u0430\u0442\u043e\u0440 \u2014 \u0418\u0433\u0440\u0430\u0439 \u043d\u0430 \u0440\u0435\u0430\u043b\u044c\u043d\u044b\u0435 \u0434\u0435\u043d\u044c\u0433\u0438 \u0432 \u043a\u0430\u0437\u0438\u043d\u043e","description":"\u0423\u0437\u043d\u0430\u0439\u0442\u0435 \u0432\u0441\u0435 \u043e \u043a\u0440\u0430\u0448-\u0438\u0433\u0440\u0435 \u0410\u0432\u0438\u0430\u0442\u043e\u0440: \u043f\u0440\u0430\u0432\u0438\u043b\u0430, \u0431\u043e\u043d\u0443\u0441\u044b, \u043e\u0441\u043e\u0431\u0435\u043d\u043d\u043e\u0441\u0442\u0438 \u0438 \u0445\u0430\u0440\u0430\u043a\u0442\u0435\u0440\u0438\u0441\u0442\u0438\u043a\u0438 \u0438\u0433\u0440\u044b \u0434\u043b\u044f \u0443\u0432\u0435\u043b\u0438\u0447\u0435\u043d\u0438\u0435 \u043f\u0440\u0438\u0431\u044b\u043b\u0438 \u0432 \u043a\u0430\u0437\u0438\u043d\u043e. \u0418\u0433\u0440\u0430\u0439 \u0432 Aviator \u043e\u0442 Spribe \u0432 \u043e\u043d\u043b\u0430\u0439\u043d\u0435.","robots":{"index":"index","follow":"follow","max-snippet":"max-snippet:-1","max-image-preview":"max-image-preview:large","max-video-preview":"max-video-preview:-1"},"canonical":"https:\/\/aviator-slotgame.com\/pl\/aviator\/","og_locale":"pl_PL","og_type":"article","og_title":"\u041e\u043d\u043b\u0430\u0439\u043d \u0441\u043b\u043e\u0442 \u0410\u0432\u0438\u0430\u0442\u043e\u0440 \u2014 \u0418\u0433\u0440\u0430\u0439 \u043d\u0430 \u0440\u0435\u0430\u043b\u044c\u043d\u044b\u0435 \u0434\u0435\u043d\u044c\u0433\u0438 \u0432 \u043a\u0430\u0437\u0438\u043d\u043e","og_description":"\u0423\u0437\u043d\u0430\u0439\u0442\u0435 \u0432\u0441\u0435 \u043e \u043a\u0440\u0430\u0448-\u0438\u0433\u0440\u0435 \u0410\u0432\u0438\u0430\u0442\u043e\u0440: \u043f\u0440\u0430\u0432\u0438\u043b\u0430, \u0431\u043e\u043d\u0443\u0441\u044b, \u043e\u0441\u043e\u0431\u0435\u043d\u043d\u043e\u0441\u0442\u0438 \u0438 \u0445\u0430\u0440\u0430\u043a\u0442\u0435\u0440\u0438\u0441\u0442\u0438\u043a\u0438 \u0438\u0433\u0440\u044b \u0434\u043b\u044f \u0443\u0432\u0435\u043b\u0438\u0447\u0435\u043d\u0438\u0435 \u043f\u0440\u0438\u0431\u044b\u043b\u0438 \u0432 \u043a\u0430\u0437\u0438\u043d\u043e. \u0418\u0433\u0440\u0430\u0439 \u0432 Aviator \u043e\u0442 Spribe \u0432 \u043e\u043d\u043b\u0430\u0439\u043d\u0435.","og_url":"https:\/\/aviator-slotgame.com\/pl\/aviator\/","og_site_name":"Aviator","article_modified_time":"2024-09-08T10:40:25+00:00","twitter_card":"summary_large_image","twitter_misc":{"Szacowany czas czytania":"5 minut"},"schema":{"@context":"https:\/\/schema.org","@graph":[{"@type":"WebPage","@id":"https:\/\/aviator-slotgame.com\/aviator\/","url":"https:\/\/aviator-slotgame.com\/aviator\/","name":"\u041e\u043d\u043b\u0430\u0439\u043d \u0441\u043b\u043e\u0442 \u0410\u0432\u0438\u0430\u0442\u043e\u0440 \u2014 \u0418\u0433\u0440\u0430\u0439 \u043d\u0430 \u0440\u0435\u0430\u043b\u044c\u043d\u044b\u0435 \u0434\u0435\u043d\u044c\u0433\u0438 \u0432 \u043a\u0430\u0437\u0438\u043d\u043e","isPartOf":{"@id":"https:\/\/aviator-slotgame.com\/#website"},"datePublished":"2024-09-06T14:43:40+00:00","dateModified":"2024-09-08T10:40:25+00:00","description":"\u0423\u0437\u043d\u0430\u0439\u0442\u0435 \u0432\u0441\u0435 \u043e \u043a\u0440\u0430\u0448-\u0438\u0433\u0440\u0435 \u0410\u0432\u0438\u0430\u0442\u043e\u0440: \u043f\u0440\u0430\u0432\u0438\u043b\u0430, \u0431\u043e\u043d\u0443\u0441\u044b, \u043e\u0441\u043e\u0431\u0435\u043d\u043d\u043e\u0441\u0442\u0438 \u0438 \u0445\u0430\u0440\u0430\u043a\u0442\u0435\u0440\u0438\u0441\u0442\u0438\u043a\u0438 \u0438\u0433\u0440\u044b \u0434\u043b\u044f \u0443\u0432\u0435\u043b\u0438\u0447\u0435\u043d\u0438\u0435 \u043f\u0440\u0438\u0431\u044b\u043b\u0438 \u0432 \u043a\u0430\u0437\u0438\u043d\u043e. \u0418\u0433\u0440\u0430\u0439 \u0432 Aviator \u043e\u0442 Spribe \u0432 \u043e\u043d\u043b\u0430\u0439\u043d\u0435.","breadcrumb":{"@id":"https:\/\/aviator-slotgame.com\/aviator\/#breadcrumb"},"inLanguage":"pl-PL","potentialAction":[{"@type":"ReadAction","target":["https:\/\/aviator-slotgame.com\/aviator\/"]}]},{"@type":"BreadcrumbList","@id":"https:\/\/aviator-slotgame.com\/aviator\/#breadcrumb","itemListElement":[{"@type":"ListItem","position":1,"name":"Home","item":"https:\/\/aviator-slotgame.com\/"},{"@type":"ListItem","position":2,"name":"\u041f\u0440\u0430\u0432\u0438\u043b\u0430,\u043e\u0441\u043e\u0431\u0435\u043d\u043e\u0441\u0442\u0438 \u0438 \u0432\u044b\u0438\u0433\u0440\u044b\u0448\u0438 \u0432 \u043a\u0440\u0430\u0448-\u0441\u043b\u043e\u0442 \u0438\u0433\u0440\u0435 \u043d\u0430 \u0434\u0435\u043d\u044c\u0433\u0438"}]},{"@type":"WebSite","@id":"https:\/\/aviator-slotgame.com\/#website","url":"https:\/\/aviator-slotgame.com\/","name":"Aviator","description":"","publisher":{"@id":"https:\/\/aviator-slotgame.com\/#organization"},"potentialAction":[{"@type":"SearchAction","target":{"@type":"EntryPoint","urlTemplate":"https:\/\/aviator-slotgame.com\/?s={search_term_string}"},"query-input":"required name=search_term_string"}],"inLanguage":"pl-PL"},{"@type":"Organization","@id":"https:\/\/aviator-slotgame.com\/#organization","name":"Aviator","url":"https:\/\/aviator-slotgame.com\/","logo":{"@type":"ImageObject","inLanguage":"pl-PL","@id":"https:\/\/aviator-slotgame.com\/#\/schema\/logo\/image\/","url":"https:\/\/aviator-slotgame.com\/wp-content\/uploads\/16f5e8_dade544d4623411c9c4153c639aae85amv2.webp","contentUrl":"https:\/\/aviator-slotgame.com\/wp-content\/uploads\/16f5e8_dade544d4623411c9c4153c639aae85amv2.webp","width":400,"height":300,"caption":"Aviator"},"image":{"@id":"https:\/\/aviator-slotgame.com\/#\/schema\/logo\/image\/"}}]}},"amp_enabled":true,"_links":{"self":[{"href":"https:\/\/aviator-slotgame.com\/pl\/wp-json\/wp\/v2\/pages\/263","targetHints":{"allow":["GET"]}}],"collection":[{"href":"https:\/\/aviator-slotgame.com\/pl\/wp-json\/wp\/v2\/pages"}],"about":[{"href":"https:\/\/aviator-slotgame.com\/pl\/wp-json\/wp\/v2\/types\/page"}],"author":[{"embeddable":true,"href":"https:\/\/aviator-slotgame.com\/pl\/wp-json\/wp\/v2\/users\/1"}],"replies":[{"embeddable":true,"href":"https:\/\/aviator-slotgame.com\/pl\/wp-json\/wp\/v2\/comments?post=263"}],"version-history":[{"count":4,"href":"https:\/\/aviator-slotgame.com\/pl\/wp-json\/wp\/v2\/pages\/263\/revisions"}],"predecessor-version":[{"id":287,"href":"https:\/\/aviator-slotgame.com\/pl\/wp-json\/wp\/v2\/pages\/263\/revisions\/287"}],"wp:attachment":[{"href":"https:\/\/aviator-slotgame.com\/pl\/wp-json\/wp\/v2\/media?parent=263"}],"curies":[{"name":"wp","href":"https:\/\/api.w.org\/{rel}","templated":true}]}}