{"id":271,"date":"2024-09-06T15:05:30","date_gmt":"2024-09-06T15:05:30","guid":{"rendered":"https:\/\/aviator-slotgame.com\/?page_id=271"},"modified":"2024-10-03T22:45:15","modified_gmt":"2024-10-03T22:45:15","slug":"faq","status":"publish","type":"page","link":"https:\/\/aviator-slotgame.com\/pl\/faq\/","title":{"rendered":"FAQ na temat gry Aviator - Odpowiedzi na popularne pytania dotycz\u0105ce gry"},"content":{"rendered":"<div class=\"34837fec802ee5766d076c409fa049e5\" data-index=\"1\" style=\"float: none; margin:10px 0 10px 0; text-align:center;\">\n<div class=\"custom-play-button\">\r\n<center><a href=\"https:\/\/aviator-slotgame.com\/pl\/play-game\/\" rel=\"nofollow\" target=\"_blank\">Zagraj teraz<\/a><br><\/center>\r\n<\/div>\n<\/div>\n<p><img loading=\"lazy\" decoding=\"async\" class=\"alignnone size-full wp-image-273\" src=\"https:\/\/aviator-slotgame.com\/wp-content\/uploads\/Aviator-8-800-x-600-\u043f\u0438\u043a\u0441.jpg\" alt=\"Odpowiedzi na pytania dotycz\u0105ce gry Aviator\" width=\"800\" height=\"600\" srcset=\"https:\/\/aviator-slotgame.com\/wp-content\/uploads\/Aviator-8-800-x-600-\u043f\u0438\u043a\u0441.jpg 800w, https:\/\/aviator-slotgame.com\/wp-content\/uploads\/Aviator-8-800-x-600-\u043f\u0438\u043a\u0441-300x225.jpg 300w, https:\/\/aviator-slotgame.com\/wp-content\/uploads\/Aviator-8-800-x-600-\u043f\u0438\u043a\u0441-768x576.jpg 768w, https:\/\/aviator-slotgame.com\/wp-content\/uploads\/Aviator-8-800-x-600-\u043f\u0438\u043a\u0441-16x12.jpg 16w\" sizes=\"auto, (max-width: 800px) 100vw, 800px\" \/><\/p>\n<h3><strong>Czy mog\u0119 zagra\u0107 w gr\u0119 Crash Aviator za darmo?<\/strong><\/h3>\n<p>Tak, mo\u017cesz. Co wi\u0119cej, wielu profesjonalist\u00f3w w \u015bwiecie hazardu radzi, aby\u015b najpierw zagra\u0142 w wersj\u0119 demonstracyjn\u0105 gry Aviator, aby lepiej zrozumie\u0107 rozgrywk\u0119. Bez uzupe\u0142niania prawdziwych pieni\u0119dzy! Graj\u0105c za darmo, mo\u017cesz pomy\u015ble\u0107 o strategii gry w Aviator po uzupe\u0142nieniu depozytu.<\/p>\n<h3><strong>Gdzie najlepiej zagra\u0107 w gr\u0119 online Aviator?<\/strong><\/h3>\n<p>W darmow\u0105 gr\u0119 mo\u017cesz zagra\u0107 na dowolnej stronie kasyna w Internecie. Je\u015bli jednak planujesz zacz\u0105\u0107 gra\u0107 na prawdziwe pieni\u0105dze, powiniene\u015b wybra\u0107 sprawdzone i uczciwe kasyno. Aby Twoja gra w Aviatorze by\u0142a bezpieczna i przynosi\u0142a same pozytywne emocje i du\u017ce wygrane!<\/p>\n<h3><strong>Czy mog\u0119 gra\u0107 w kasynie online Aviator na moim urz\u0105dzeniu mobilnym?<\/strong><\/h3>\n<p>Nie ma osobnej aplikacji dla gry hazardowej Aviator, ale mo\u017cesz zainstalowa\u0107 dowoln\u0105 sprawdzon\u0105, oficjaln\u0105 aplikacj\u0119 kasyna, w kt\u00f3rej z \u0142atwo\u015bci\u0105 znajdziesz gr\u0119 Crash Aviator za pomoc\u0105 paska wyszukiwania. Gra Aviator jest zoptymalizowana pod k\u0105tem urz\u0105dze\u0144 i ekran\u00f3w o dowolnej rozdzielczo\u015bci, dzi\u0119ki czemu mo\u017cesz cieszy\u0107 si\u0119 gr\u0105 na telefonie kom\u00f3rkowym z systemem Android lub iOS.<\/p><div class=\"34837fec802ee5766d076c409fa049e5\" data-index=\"1\" style=\"float: none; margin:10px 0 10px 0; text-align:center;\">\n<div class=\"custom-play-button\">\r\n<center><a href=\"https:\/\/aviator-slotgame.com\/pl\/play-game\/\" rel=\"nofollow\" target=\"_blank\">Zagraj teraz<\/a><br><\/center>\r\n<\/div>\n<\/div>\n\n<h3><strong>Jaki jest minimalny zak\u0142ad w grze online Aviator?<\/strong><\/h3>\n<p>Minimalny zak\u0142ad w kasynie internetowym Aviator wynosi 0,1$<\/p>\n<h3><strong>Jaki jest maksymalny zak\u0142ad w grze online Aviator?<\/strong><\/h3>\n<p>Maksymalny zak\u0142ad w kasynie internetowym Aviator wynosi 100$<\/p>\n<h3><strong>Jak gra\u0107 w gr\u0119 Aviator?<\/strong><\/h3>\n<p>Automat Aviator to bardzo \u0142atwa w obs\u0142udze gra hazardowa. Najwa\u017cniejsze jest, aby podczas gry w Aviatora zrobi\u0107 dwa kroki \u2013 postawi\u0107 zak\u0142ad i wycofa\u0107 zak\u0142ad po rozpocz\u0119ciu rundy. Kwot\u0119 zak\u0142adu i czas wyp\u0142aty ustalasz na podstawie Twojej sytuacji i ch\u0119ci podj\u0119cia ryzyka.<\/p>\n<h3><strong>Jak w\u0142ama\u0107 si\u0119 do gry Aviator?<\/strong><\/h3>\n<p>Gry Aviator nie mo\u017cna zhakowa\u0107, wi\u0119c nawet nie pr\u00f3buj. G\u0142\u00f3wn\u0105 ide\u0105 hacka Aviator, kt\u00f3ry jest aktywnie dyskutowany na forach, jest odgadni\u0119cie kolejnego mno\u017cnika, przy kt\u00f3rym samolot odleci. Rozumie si\u0119, \u017ce znaj\u0105c kolejny mno\u017cnik, gracz b\u0119dzie mia\u0142 czas na dokonanie wyp\u0142aty na kr\u00f3tko przed tym. W rzeczywisto\u015bci nie da si\u0119 zhakowa\u0107 Aviatora ani kontrolowa\u0107 spadku mno\u017cnika.<\/p>\n<h3><strong>Jak przewidzie\u0107 wynik gry Aviator?<\/strong><\/h3>\n<p>Nikt nie jest w stanie przewidzie\u0107 wyniku rundy gry Aviator z prawdopodobie\u0144stwem 100 %. Cz\u0119sto mo\u017cemy jedynie przewidzie\u0107 prawdopodobie\u0144stwo trafienia okre\u015blonego mno\u017cnika. Przyk\u0142adowo, je\u015bli spojrzysz na histori\u0119 mno\u017cnika i zobaczysz, \u017ce w ci\u0105gu ostatniej godziny mno\u017cnik 100 ani razu si\u0119 nie pojawi\u0142, to istnieje du\u017ce prawdopodobie\u0144stwo, \u017ce pojawi si\u0119 on w najbli\u017cszej przysz\u0142o\u015bci. Nie da si\u0119 jednak przewidzie\u0107, jaki mno\u017cnik pojawi si\u0119 nast\u0119pnym razem, np. x1,05 czy x3,0.<\/p>\n<h3><strong>Co\u00a0<\/strong><strong>RTP<\/strong><strong>\u00a0Miejsce na lotnika?<\/strong><\/h3>\n<p>Wed\u0142ug strony internetowej tw\u00f3rcy gry RTP automatu Aviator to 97%.<\/p>\n<h3><strong>Jak wygra\u0107 gr\u0119 Aviator?<\/strong><\/h3>\n<p>Zwyci\u0119stwo w Aviatorze zale\u017cy od Twojej strategii. Dlatego na pocz\u0105tek wa\u017cne jest, aby okre\u015bli\u0107 nie to, jak wygra\u0107 w Aviatorze, ale jak gra\u0107 w Aviatora. Aby odpowiedzie\u0107 na to pytanie, wa\u017cne jest, aby wybra\u0107 odpowiedni\u0105 strategi\u0119 gry w Aviatora. Kr\u00f3tko m\u00f3wi\u0105c, konserwatywna strategia gry w Aviatora zminimalizuje ryzyko przegranej i pomo\u017ce Ci regularnie wygrywa\u0107 niewielkie kwoty. Strategia maksymalnego ryzyka pomo\u017ce Ci wygra\u0107 du\u017ce sumy, ale szanse na utrat\u0119 ca\u0142ego depozytu s\u0105 r\u00f3wnie\u017c wysokie.<\/p>\n<h3><strong>Jak dokona\u0107 wp\u0142aty w grze Aviator?<\/strong><\/h3>\n<p>Aby dokona\u0107 wp\u0142aty w grze Aviator, musisz zarejestrowa\u0107 si\u0119 na stronie kasyna online. Zaraz po rejestracji wa\u017cne jest, aby przej\u015b\u0107 weryfikacj\u0119 konta i dokona\u0107 wp\u0142aty za pomoc\u0105 jednej z metod oferowanych przez kasyno. Z regu\u0142y mo\u017cesz do\u0142adowa\u0107 sw\u00f3j depozyt za pomoc\u0105 karty bankowej, kryptowaluty i portfeli elektronicznych.<\/p>\n<h3><strong>Jak wyp\u0142aci\u0107 pieni\u0105dze z Aviatora na kart\u0119 bankow\u0105?<\/strong><\/h3>\n<p>Zaraz po wygranej pieni\u0105dze trafiaj\u0105 na konto gry. Gracz mo\u017ce wyp\u0142aci\u0107 pieni\u0105dze z konta gry. Metody i warunki wyp\u0142at zale\u017c\u0105 od kasyna online. Na przyk\u0142ad niekt\u00f3re kasyna umo\u017cliwiaj\u0105 wyp\u0142at\u0119 pieni\u0119dzy dok\u0142adnie w taki sam spos\u00f3b, w jaki zosta\u0142y zdeponowane. Niekt\u00f3re kasyna nie pozwalaj\u0105 na u\u017cywanie kart bankowych, na przyk\u0142ad kasyna kryptowalutowe.<\/p>\n\n<div style=\"font-size: 0px; height: 0px; line-height: 0px; margin: 0; padding: 0; clear: both;\"><\/div>","protected":false},"excerpt":{"rendered":"<p>Czy mog\u0119 zagra\u0107 w gr\u0119 Crash Aviator za darmo? Tak, mo\u017cesz. Co wi\u0119cej, wielu profesjonalist\u00f3w w \u015bwiecie hazardu doradza<\/p>","protected":false},"author":1,"featured_media":0,"parent":0,"menu_order":0,"comment_status":"closed","ping_status":"closed","template":"","meta":{"footnotes":""},"class_list":["post-271","page","type-page","status-publish","hentry"],"yoast_head":"<!-- This site is optimized with the Yoast SEO plugin v22.0 - https:\/\/yoast.com\/wordpress\/plugins\/seo\/ -->\n<title>\u0427\u0430\u0441\u0442\u043e \u0437\u0430\u0434\u0430\u0432\u0430\u0435\u043c\u044b\u0435 \u0432\u043e\u043f\u0440\u043e\u0441\u044b \u043e\u0431 \u0438\u0433\u0440\u0435 \u0410\u0432\u0438\u0430\u0442\u043e\u0440 \u2014 FAQ \u043e \u043a\u0440\u0430\u0448-\u0441\u043b\u043e\u0442\u0435<\/title>\n<meta name=\"description\" content=\"\u0423\u0437\u043d\u0430\u0439\u0442\u0435 \u043e\u0442\u0432\u0435\u0442\u044b \u043d\u0430 \u0447\u0430\u0441\u0442\u043e \u0437\u0430\u0434\u0430\u0432\u0430\u0435\u043c\u044b\u0435 \u0432\u043e\u043f\u0440\u043e\u0441\u044b \u043e\u0431 \u0438\u0433\u0440\u0435 \u0410\u0432\u0438\u0430\u0442\u043e\u0440: \u043a\u0430\u043a \u0438\u0433\u0440\u0430\u0442\u044c, \u043f\u0440\u043e \u0441\u0442\u0430\u0432\u043a\u0438, \u043e\u0431 RTP,\u043e \u0432\u044b\u0432\u043e\u0434\u0435 \u0434\u0435\u043d\u0435\u0433 \u0438 \u043a\u0430\u043a \u0431\u0435\u0437\u043e\u043f\u0430\u0441\u043d\u043e \u0438\u0433\u0440\u0430\u0442\u044c \u0432 \u043a\u0440\u0430\u0448-\u0441\u043b\u043e\u0442 \u043d\u0430 \u0434\u0435\u043d\u044c\u0433\u0438 \u0432 \u043a\u0430\u0437\u0438\u043d\u043e.\" \/>\n<meta name=\"robots\" content=\"index, follow, max-snippet:-1, max-image-preview:large, max-video-preview:-1\" \/>\n<link rel=\"canonical\" href=\"https:\/\/aviator-slotgame.com\/pl\/faq\/\" \/>\n<meta property=\"og:locale\" content=\"pl_PL\" \/>\n<meta property=\"og:type\" content=\"article\" \/>\n<meta property=\"og:title\" content=\"\u0427\u0430\u0441\u0442\u043e \u0437\u0430\u0434\u0430\u0432\u0430\u0435\u043c\u044b\u0435 \u0432\u043e\u043f\u0440\u043e\u0441\u044b \u043e\u0431 \u0438\u0433\u0440\u0435 \u0410\u0432\u0438\u0430\u0442\u043e\u0440 \u2014 FAQ \u043e \u043a\u0440\u0430\u0448-\u0441\u043b\u043e\u0442\u0435\" \/>\n<meta property=\"og:description\" content=\"\u0423\u0437\u043d\u0430\u0439\u0442\u0435 \u043e\u0442\u0432\u0435\u0442\u044b \u043d\u0430 \u0447\u0430\u0441\u0442\u043e \u0437\u0430\u0434\u0430\u0432\u0430\u0435\u043c\u044b\u0435 \u0432\u043e\u043f\u0440\u043e\u0441\u044b \u043e\u0431 \u0438\u0433\u0440\u0435 \u0410\u0432\u0438\u0430\u0442\u043e\u0440: \u043a\u0430\u043a \u0438\u0433\u0440\u0430\u0442\u044c, \u043f\u0440\u043e \u0441\u0442\u0430\u0432\u043a\u0438, \u043e\u0431 RTP,\u043e \u0432\u044b\u0432\u043e\u0434\u0435 \u0434\u0435\u043d\u0435\u0433 \u0438 \u043a\u0430\u043a \u0431\u0435\u0437\u043e\u043f\u0430\u0441\u043d\u043e \u0438\u0433\u0440\u0430\u0442\u044c \u0432 \u043a\u0440\u0430\u0448-\u0441\u043b\u043e\u0442 \u043d\u0430 \u0434\u0435\u043d\u044c\u0433\u0438 \u0432 \u043a\u0430\u0437\u0438\u043d\u043e.\" \/>\n<meta property=\"og:url\" content=\"https:\/\/aviator-slotgame.com\/pl\/faq\/\" \/>\n<meta property=\"og:site_name\" content=\"Aviator\" \/>\n<meta property=\"article:modified_time\" content=\"2024-10-03T22:45:15+00:00\" \/>\n<meta name=\"twitter:card\" content=\"summary_large_image\" \/>\n<meta name=\"twitter:label1\" content=\"Szacowany czas czytania\" \/>\n\t<meta name=\"twitter:data1\" content=\"3 minuty\" \/>\n<script type=\"application\/ld+json\" class=\"yoast-schema-graph\">{\"@context\":\"https:\/\/schema.org\",\"@graph\":[{\"@type\":\"WebPage\",\"@id\":\"https:\/\/aviator-slotgame.com\/faq\/\",\"url\":\"https:\/\/aviator-slotgame.com\/faq\/\",\"name\":\"\u0427\u0430\u0441\u0442\u043e \u0437\u0430\u0434\u0430\u0432\u0430\u0435\u043c\u044b\u0435 \u0432\u043e\u043f\u0440\u043e\u0441\u044b \u043e\u0431 \u0438\u0433\u0440\u0435 \u0410\u0432\u0438\u0430\u0442\u043e\u0440 \u2014 FAQ \u043e \u043a\u0440\u0430\u0448-\u0441\u043b\u043e\u0442\u0435\",\"isPartOf\":{\"@id\":\"https:\/\/aviator-slotgame.com\/#website\"},\"datePublished\":\"2024-09-06T15:05:30+00:00\",\"dateModified\":\"2024-10-03T22:45:15+00:00\",\"description\":\"\u0423\u0437\u043d\u0430\u0439\u0442\u0435 \u043e\u0442\u0432\u0435\u0442\u044b \u043d\u0430 \u0447\u0430\u0441\u0442\u043e \u0437\u0430\u0434\u0430\u0432\u0430\u0435\u043c\u044b\u0435 \u0432\u043e\u043f\u0440\u043e\u0441\u044b \u043e\u0431 \u0438\u0433\u0440\u0435 \u0410\u0432\u0438\u0430\u0442\u043e\u0440: \u043a\u0430\u043a \u0438\u0433\u0440\u0430\u0442\u044c, \u043f\u0440\u043e \u0441\u0442\u0430\u0432\u043a\u0438, \u043e\u0431 RTP,\u043e \u0432\u044b\u0432\u043e\u0434\u0435 \u0434\u0435\u043d\u0435\u0433 \u0438 \u043a\u0430\u043a \u0431\u0435\u0437\u043e\u043f\u0430\u0441\u043d\u043e \u0438\u0433\u0440\u0430\u0442\u044c \u0432 \u043a\u0440\u0430\u0448-\u0441\u043b\u043e\u0442 \u043d\u0430 \u0434\u0435\u043d\u044c\u0433\u0438 \u0432 \u043a\u0430\u0437\u0438\u043d\u043e.\",\"breadcrumb\":{\"@id\":\"https:\/\/aviator-slotgame.com\/faq\/#breadcrumb\"},\"inLanguage\":\"pl-PL\",\"potentialAction\":[{\"@type\":\"ReadAction\",\"target\":[\"https:\/\/aviator-slotgame.com\/faq\/\"]}]},{\"@type\":\"BreadcrumbList\",\"@id\":\"https:\/\/aviator-slotgame.com\/faq\/#breadcrumb\",\"itemListElement\":[{\"@type\":\"ListItem\",\"position\":1,\"name\":\"Home\",\"item\":\"https:\/\/aviator-slotgame.com\/\"},{\"@type\":\"ListItem\",\"position\":2,\"name\":\"FAQ \u043e\u0431 \u0438\u0433\u0440\u0435 Aviator &#8211; \u041e\u0442\u0432\u0435\u0442\u044b \u043d\u0430 \u043f\u043e\u043f\u0443\u043b\u044f\u0440\u043d\u044b\u0435 \u0432\u043e\u043f\u0440\u043e\u0441\u044b \u043e \u0438\u0433\u0440\u0435\"}]},{\"@type\":\"WebSite\",\"@id\":\"https:\/\/aviator-slotgame.com\/#website\",\"url\":\"https:\/\/aviator-slotgame.com\/\",\"name\":\"Aviator\",\"description\":\"\",\"publisher\":{\"@id\":\"https:\/\/aviator-slotgame.com\/#organization\"},\"potentialAction\":[{\"@type\":\"SearchAction\",\"target\":{\"@type\":\"EntryPoint\",\"urlTemplate\":\"https:\/\/aviator-slotgame.com\/?s={search_term_string}\"},\"query-input\":\"required name=search_term_string\"}],\"inLanguage\":\"pl-PL\"},{\"@type\":\"Organization\",\"@id\":\"https:\/\/aviator-slotgame.com\/#organization\",\"name\":\"Aviator\",\"url\":\"https:\/\/aviator-slotgame.com\/\",\"logo\":{\"@type\":\"ImageObject\",\"inLanguage\":\"pl-PL\",\"@id\":\"https:\/\/aviator-slotgame.com\/#\/schema\/logo\/image\/\",\"url\":\"https:\/\/aviator-slotgame.com\/wp-content\/uploads\/16f5e8_dade544d4623411c9c4153c639aae85amv2.webp\",\"contentUrl\":\"https:\/\/aviator-slotgame.com\/wp-content\/uploads\/16f5e8_dade544d4623411c9c4153c639aae85amv2.webp\",\"width\":400,\"height\":300,\"caption\":\"Aviator\"},\"image\":{\"@id\":\"https:\/\/aviator-slotgame.com\/#\/schema\/logo\/image\/\"}}]}<\/script>\n<!-- \/ Yoast SEO plugin. -->","yoast_head_json":{"title":"\u0427\u0430\u0441\u0442\u043e \u0437\u0430\u0434\u0430\u0432\u0430\u0435\u043c\u044b\u0435 \u0432\u043e\u043f\u0440\u043e\u0441\u044b \u043e\u0431 \u0438\u0433\u0440\u0435 \u0410\u0432\u0438\u0430\u0442\u043e\u0440 \u2014 FAQ \u043e \u043a\u0440\u0430\u0448-\u0441\u043b\u043e\u0442\u0435","description":"\u0423\u0437\u043d\u0430\u0439\u0442\u0435 \u043e\u0442\u0432\u0435\u0442\u044b \u043d\u0430 \u0447\u0430\u0441\u0442\u043e \u0437\u0430\u0434\u0430\u0432\u0430\u0435\u043c\u044b\u0435 \u0432\u043e\u043f\u0440\u043e\u0441\u044b \u043e\u0431 \u0438\u0433\u0440\u0435 \u0410\u0432\u0438\u0430\u0442\u043e\u0440: \u043a\u0430\u043a \u0438\u0433\u0440\u0430\u0442\u044c, \u043f\u0440\u043e \u0441\u0442\u0430\u0432\u043a\u0438, \u043e\u0431 RTP,\u043e \u0432\u044b\u0432\u043e\u0434\u0435 \u0434\u0435\u043d\u0435\u0433 \u0438 \u043a\u0430\u043a \u0431\u0435\u0437\u043e\u043f\u0430\u0441\u043d\u043e \u0438\u0433\u0440\u0430\u0442\u044c \u0432 \u043a\u0440\u0430\u0448-\u0441\u043b\u043e\u0442 \u043d\u0430 \u0434\u0435\u043d\u044c\u0433\u0438 \u0432 \u043a\u0430\u0437\u0438\u043d\u043e.","robots":{"index":"index","follow":"follow","max-snippet":"max-snippet:-1","max-image-preview":"max-image-preview:large","max-video-preview":"max-video-preview:-1"},"canonical":"https:\/\/aviator-slotgame.com\/pl\/faq\/","og_locale":"pl_PL","og_type":"article","og_title":"\u0427\u0430\u0441\u0442\u043e \u0437\u0430\u0434\u0430\u0432\u0430\u0435\u043c\u044b\u0435 \u0432\u043e\u043f\u0440\u043e\u0441\u044b \u043e\u0431 \u0438\u0433\u0440\u0435 \u0410\u0432\u0438\u0430\u0442\u043e\u0440 \u2014 FAQ \u043e \u043a\u0440\u0430\u0448-\u0441\u043b\u043e\u0442\u0435","og_description":"\u0423\u0437\u043d\u0430\u0439\u0442\u0435 \u043e\u0442\u0432\u0435\u0442\u044b \u043d\u0430 \u0447\u0430\u0441\u0442\u043e \u0437\u0430\u0434\u0430\u0432\u0430\u0435\u043c\u044b\u0435 \u0432\u043e\u043f\u0440\u043e\u0441\u044b \u043e\u0431 \u0438\u0433\u0440\u0435 \u0410\u0432\u0438\u0430\u0442\u043e\u0440: \u043a\u0430\u043a \u0438\u0433\u0440\u0430\u0442\u044c, \u043f\u0440\u043e \u0441\u0442\u0430\u0432\u043a\u0438, \u043e\u0431 RTP,\u043e \u0432\u044b\u0432\u043e\u0434\u0435 \u0434\u0435\u043d\u0435\u0433 \u0438 \u043a\u0430\u043a \u0431\u0435\u0437\u043e\u043f\u0430\u0441\u043d\u043e \u0438\u0433\u0440\u0430\u0442\u044c \u0432 \u043a\u0440\u0430\u0448-\u0441\u043b\u043e\u0442 \u043d\u0430 \u0434\u0435\u043d\u044c\u0433\u0438 \u0432 \u043a\u0430\u0437\u0438\u043d\u043e.","og_url":"https:\/\/aviator-slotgame.com\/pl\/faq\/","og_site_name":"Aviator","article_modified_time":"2024-10-03T22:45:15+00:00","twitter_card":"summary_large_image","twitter_misc":{"Szacowany czas czytania":"3 minuty"},"schema":{"@context":"https:\/\/schema.org","@graph":[{"@type":"WebPage","@id":"https:\/\/aviator-slotgame.com\/faq\/","url":"https:\/\/aviator-slotgame.com\/faq\/","name":"\u0427\u0430\u0441\u0442\u043e \u0437\u0430\u0434\u0430\u0432\u0430\u0435\u043c\u044b\u0435 \u0432\u043e\u043f\u0440\u043e\u0441\u044b \u043e\u0431 \u0438\u0433\u0440\u0435 \u0410\u0432\u0438\u0430\u0442\u043e\u0440 \u2014 FAQ \u043e \u043a\u0440\u0430\u0448-\u0441\u043b\u043e\u0442\u0435","isPartOf":{"@id":"https:\/\/aviator-slotgame.com\/#website"},"datePublished":"2024-09-06T15:05:30+00:00","dateModified":"2024-10-03T22:45:15+00:00","description":"\u0423\u0437\u043d\u0430\u0439\u0442\u0435 \u043e\u0442\u0432\u0435\u0442\u044b \u043d\u0430 \u0447\u0430\u0441\u0442\u043e \u0437\u0430\u0434\u0430\u0432\u0430\u0435\u043c\u044b\u0435 \u0432\u043e\u043f\u0440\u043e\u0441\u044b \u043e\u0431 \u0438\u0433\u0440\u0435 \u0410\u0432\u0438\u0430\u0442\u043e\u0440: \u043a\u0430\u043a \u0438\u0433\u0440\u0430\u0442\u044c, \u043f\u0440\u043e \u0441\u0442\u0430\u0432\u043a\u0438, \u043e\u0431 RTP,\u043e \u0432\u044b\u0432\u043e\u0434\u0435 \u0434\u0435\u043d\u0435\u0433 \u0438 \u043a\u0430\u043a \u0431\u0435\u0437\u043e\u043f\u0430\u0441\u043d\u043e \u0438\u0433\u0440\u0430\u0442\u044c \u0432 \u043a\u0440\u0430\u0448-\u0441\u043b\u043e\u0442 \u043d\u0430 \u0434\u0435\u043d\u044c\u0433\u0438 \u0432 \u043a\u0430\u0437\u0438\u043d\u043e.","breadcrumb":{"@id":"https:\/\/aviator-slotgame.com\/faq\/#breadcrumb"},"inLanguage":"pl-PL","potentialAction":[{"@type":"ReadAction","target":["https:\/\/aviator-slotgame.com\/faq\/"]}]},{"@type":"BreadcrumbList","@id":"https:\/\/aviator-slotgame.com\/faq\/#breadcrumb","itemListElement":[{"@type":"ListItem","position":1,"name":"Home","item":"https:\/\/aviator-slotgame.com\/"},{"@type":"ListItem","position":2,"name":"FAQ \u043e\u0431 \u0438\u0433\u0440\u0435 Aviator &#8211; \u041e\u0442\u0432\u0435\u0442\u044b \u043d\u0430 \u043f\u043e\u043f\u0443\u043b\u044f\u0440\u043d\u044b\u0435 \u0432\u043e\u043f\u0440\u043e\u0441\u044b \u043e \u0438\u0433\u0440\u0435"}]},{"@type":"WebSite","@id":"https:\/\/aviator-slotgame.com\/#website","url":"https:\/\/aviator-slotgame.com\/","name":"Aviator","description":"","publisher":{"@id":"https:\/\/aviator-slotgame.com\/#organization"},"potentialAction":[{"@type":"SearchAction","target":{"@type":"EntryPoint","urlTemplate":"https:\/\/aviator-slotgame.com\/?s={search_term_string}"},"query-input":"required name=search_term_string"}],"inLanguage":"pl-PL"},{"@type":"Organization","@id":"https:\/\/aviator-slotgame.com\/#organization","name":"Aviator","url":"https:\/\/aviator-slotgame.com\/","logo":{"@type":"ImageObject","inLanguage":"pl-PL","@id":"https:\/\/aviator-slotgame.com\/#\/schema\/logo\/image\/","url":"https:\/\/aviator-slotgame.com\/wp-content\/uploads\/16f5e8_dade544d4623411c9c4153c639aae85amv2.webp","contentUrl":"https:\/\/aviator-slotgame.com\/wp-content\/uploads\/16f5e8_dade544d4623411c9c4153c639aae85amv2.webp","width":400,"height":300,"caption":"Aviator"},"image":{"@id":"https:\/\/aviator-slotgame.com\/#\/schema\/logo\/image\/"}}]}},"amp_enabled":true,"_links":{"self":[{"href":"https:\/\/aviator-slotgame.com\/pl\/wp-json\/wp\/v2\/pages\/271","targetHints":{"allow":["GET"]}}],"collection":[{"href":"https:\/\/aviator-slotgame.com\/pl\/wp-json\/wp\/v2\/pages"}],"about":[{"href":"https:\/\/aviator-slotgame.com\/pl\/wp-json\/wp\/v2\/types\/page"}],"author":[{"embeddable":true,"href":"https:\/\/aviator-slotgame.com\/pl\/wp-json\/wp\/v2\/users\/1"}],"replies":[{"embeddable":true,"href":"https:\/\/aviator-slotgame.com\/pl\/wp-json\/wp\/v2\/comments?post=271"}],"version-history":[{"count":8,"href":"https:\/\/aviator-slotgame.com\/pl\/wp-json\/wp\/v2\/pages\/271\/revisions"}],"predecessor-version":[{"id":407,"href":"https:\/\/aviator-slotgame.com\/pl\/wp-json\/wp\/v2\/pages\/271\/revisions\/407"}],"wp:attachment":[{"href":"https:\/\/aviator-slotgame.com\/pl\/wp-json\/wp\/v2\/media?parent=271"}],"curies":[{"name":"wp","href":"https:\/\/api.w.org\/{rel}","templated":true}]}}