{"id":278,"date":"2024-09-06T16:58:13","date_gmt":"2024-09-06T16:58:13","guid":{"rendered":"https:\/\/aviator-slotgame.com\/?page_id=278"},"modified":"2024-10-03T22:41:11","modified_gmt":"2024-10-03T22:41:11","slug":"online-casino","status":"publish","type":"page","link":"https:\/\/aviator-slotgame.com\/pl\/online-casino\/","title":{"rendered":"Zacznij gra\u0107 w Aviator ze sprawdzonym kasynem i bonusami"},"content":{"rendered":"<div class=\"34837fec802ee5766d076c409fa049e5\" data-index=\"1\" style=\"float: none; margin:10px 0 10px 0; text-align:center;\">\n<div class=\"custom-play-button\">\r\n<center><a href=\"https:\/\/aviator-slotgame.com\/pl\/play-game\/\" rel=\"nofollow\" target=\"_blank\">Zagraj teraz<\/a><br><\/center>\r\n<\/div>\n<\/div>\n<p><img loading=\"lazy\" decoding=\"async\" class=\"alignnone size-full wp-image-284\" src=\"https:\/\/aviator-slotgame.com\/wp-content\/uploads\/Aviator-10-800-x-600-\u043f\u0438\u043a\u0441.jpg\" alt=\"Zagraj w Aviator ze sprawdzonym kasynem i bonusami\" width=\"800\" height=\"600\" srcset=\"https:\/\/aviator-slotgame.com\/wp-content\/uploads\/Aviator-10-800-x-600-\u043f\u0438\u043a\u0441.jpg 800w, https:\/\/aviator-slotgame.com\/wp-content\/uploads\/Aviator-10-800-x-600-\u043f\u0438\u043a\u0441-300x225.jpg 300w, https:\/\/aviator-slotgame.com\/wp-content\/uploads\/Aviator-10-800-x-600-\u043f\u0438\u043a\u0441-768x576.jpg 768w, https:\/\/aviator-slotgame.com\/wp-content\/uploads\/Aviator-10-800-x-600-\u043f\u0438\u043a\u0441-16x12.jpg 16w\" sizes=\"auto, (max-width: 800px) 100vw, 800px\" \/><\/p>\n<p>Wyb\u00f3r zaufanej i niezawodnej strony do gry w kasynie jest wa\u017cny dla Twojego bezpiecze\u0144stwa i ochrony Twoich danych osobowych.<\/p><div class=\"34837fec802ee5766d076c409fa049e5\" data-index=\"1\" style=\"float: none; margin:10px 0 10px 0; text-align:center;\">\n<div class=\"custom-play-button\">\r\n<center><a href=\"https:\/\/aviator-slotgame.com\/pl\/play-game\/\" rel=\"nofollow\" target=\"_blank\">Zagraj teraz<\/a><br><\/center>\r\n<\/div>\n<\/div>\n\n<h2>Oto kilka wa\u017cnych kryteri\u00f3w, kt\u00f3re nale\u017cy wzi\u0105\u0107 pod uwag\u0119 przy wyborze witryny:<\/h2>\n<ol>\n<li><strong>Licencja:<\/strong> Upewnij si\u0119, \u017ce kasyno posiada wa\u017cn\u0105 licencj\u0119 od renomowanego organu regulacyjnego, takiego jak Malta, Gibraltar, Wielka Brytania i inne. Posiadanie licencji gwarantuje, \u017ce kasyno spe\u0142nia standardy bezpiecze\u0144stwa i uczciwo\u015bci.<\/li>\n<li><strong>Reputacja kasyna:<\/strong> Zapoznaj si\u0119 z opiniami innych graczy na temat kasyna, ocenami bada\u0144 i prawdziwymi recenzjami na niezale\u017cnych stronach i forach. Zwr\u00f3\u0107 uwag\u0119 na to, jak d\u0142ugo kasyno istnieje i jak\u0105 ma reputacj\u0119 w bran\u017cy.<\/li>\n<li><strong>Bezpiecze\u0144stwo i ochrona:<\/strong> Upewnij si\u0119, \u017ce kasyno korzysta z nowoczesnej technologii szyfrowania danych w celu ochrony Twoich danych osobowych i transakcji finansowych.<\/li>\n<li><strong>Liczba gier i dostawc\u00f3w:<\/strong> Wybierz kasyno, kt\u00f3re oferuje szeroki wyb\u00f3r gier od znanych i niezawodnych dostawc\u00f3w, takich jak NetEnt, Microgaming, Play&#039;n GO i innych. Gwarantuje to wysok\u0105 jako\u015b\u0107 gier i uczciwe wyniki.<\/li>\n<li><strong>Bonusy i promocje:<\/strong> Zapoznaj si\u0119 z warunkami oferowanych bonus\u00f3w i promocji, zwr\u00f3\u0107 uwag\u0119 na wymagania dotycz\u0105ce zak\u0142ad\u00f3w i ograniczenia, aby unikn\u0105\u0107 nieprzyjemnych niespodzianek.<\/li>\n<li><strong>Pomoc techniczna:<\/strong> Sprawd\u017a dost\u0119pno\u015b\u0107 i jako\u015b\u0107 wsparcia kasyna. Dobre kasyno powinno zapewnia\u0107 profesjonaln\u0105 pomoc i szybko reagowa\u0107 na Twoje zapytania.<\/li>\n<\/ol>\n<p>Post\u0119puj\u0105c zgodnie z tymi kryteriami, b\u0119dziesz w stanie znale\u017a\u0107 zaufan\u0105 i niezawodn\u0105 witryn\u0119 kasyna, kt\u00f3ra zapewni Ci bezpieczne, uczciwe i przyjemne wra\u017cenia z gry.<\/p>\n<p><img loading=\"lazy\" decoding=\"async\" class=\"alignnone size-full wp-image-354\" src=\"https:\/\/aviator-slotgame.com\/wp-content\/uploads\/Aviator-29-800-x-600-\u043f\u0438\u043a\u0441.jpg\" alt=\"Wa\u017cne kryteria, kt\u00f3re nale\u017cy wzi\u0105\u0107 pod uwag\u0119 przy wyborze witryny:\" width=\"800\" height=\"600\" srcset=\"https:\/\/aviator-slotgame.com\/wp-content\/uploads\/Aviator-29-800-x-600-\u043f\u0438\u043a\u0441.jpg 800w, https:\/\/aviator-slotgame.com\/wp-content\/uploads\/Aviator-29-800-x-600-\u043f\u0438\u043a\u0441-300x225.jpg 300w, https:\/\/aviator-slotgame.com\/wp-content\/uploads\/Aviator-29-800-x-600-\u043f\u0438\u043a\u0441-768x576.jpg 768w, https:\/\/aviator-slotgame.com\/wp-content\/uploads\/Aviator-29-800-x-600-\u043f\u0438\u043a\u0441-16x12.jpg 16w\" sizes=\"auto, (max-width: 800px) 100vw, 800px\" \/><\/p>\n\n<div style=\"font-size: 0px; height: 0px; line-height: 0px; margin: 0; padding: 0; clear: both;\"><\/div>","protected":false},"excerpt":{"rendered":"<p>Wyb\u00f3r zaufanej i niezawodnej strony do gry w kasynie jest wa\u017cny dla Twojego bezpiecze\u0144stwa i ochrony Twoich danych osobowych. Oto kilka wa\u017cnych<\/p>","protected":false},"author":1,"featured_media":0,"parent":0,"menu_order":0,"comment_status":"closed","ping_status":"closed","template":"","meta":{"footnotes":""},"class_list":["post-278","page","type-page","status-publish","hentry"],"yoast_head":"<!-- This site is optimized with the Yoast SEO plugin v22.0 - https:\/\/yoast.com\/wordpress\/plugins\/seo\/ -->\n<title>\u0418\u0433\u0440\u0430\u0439 \u0432 \u043e\u043d\u043b\u0430\u0439\u043d \u043a\u0430\u0437\u0438\u043d\u043e \u0438\u0433\u0440\u0443 \u0410\u0432\u0438\u0430\u0442\u043e\u0440 \u043d\u0430 \u0434\u0435\u043d\u044c\u0433\u0438 \u043f\u0440\u044f\u043c\u043e \u0441\u0435\u0439\u0447\u0430\u0441<\/title>\n<meta name=\"description\" content=\"\u0423\u0437\u043d\u0430\u0439\u0442\u0435,\u043a\u0430\u043a \u0432\u044b\u0431\u0440\u0430\u0442\u044c \u043f\u0440\u043e\u0432\u0435\u0440\u0435\u043d\u043d\u043e\u0435 \u043a\u0430\u0437\u0438\u043d\u043e \u0434\u043b\u044f \u0438\u0433\u0440\u044b \u0432 \u0441\u043b\u043e\u0442 \u0410\u0432\u0438\u0430\u0442\u043e\u0440.\u041b\u0438\u0446\u0435\u043d\u0437\u0438\u044f, \u0431\u0435\u0437\u043e\u043f\u0430\u0441\u043d\u043e\u0441\u0442\u044c, \u0440\u0435\u043f\u0443\u0442\u0430\u0446\u0438\u044f \u0438 \u0431\u043e\u043d\u0443\u0441\u044b \u043f\u043e\u043c\u043e\u0433\u0443\u0442 \u0432\u0430\u043c \u0432\u044b\u0431\u0440\u0430\u0442\u044c \u043d\u0430\u0434\u0435\u0436\u043d\u044b\u0439 \u0441\u0430\u0439\u0442 \u0434\u043b\u044f \u0438\u0433\u0440\u044b \u043d\u0430 \u0434\u0435\u043d\u044c\u0433\u0438.\" \/>\n<meta name=\"robots\" content=\"index, follow, max-snippet:-1, max-image-preview:large, max-video-preview:-1\" \/>\n<link rel=\"canonical\" href=\"https:\/\/aviator-slotgame.com\/pl\/online-casino\/\" \/>\n<meta property=\"og:locale\" content=\"pl_PL\" \/>\n<meta property=\"og:type\" content=\"article\" \/>\n<meta property=\"og:title\" content=\"\u0418\u0433\u0440\u0430\u0439 \u0432 \u043e\u043d\u043b\u0430\u0439\u043d \u043a\u0430\u0437\u0438\u043d\u043e \u0438\u0433\u0440\u0443 \u0410\u0432\u0438\u0430\u0442\u043e\u0440 \u043d\u0430 \u0434\u0435\u043d\u044c\u0433\u0438 \u043f\u0440\u044f\u043c\u043e \u0441\u0435\u0439\u0447\u0430\u0441\" \/>\n<meta property=\"og:description\" content=\"\u0423\u0437\u043d\u0430\u0439\u0442\u0435,\u043a\u0430\u043a \u0432\u044b\u0431\u0440\u0430\u0442\u044c \u043f\u0440\u043e\u0432\u0435\u0440\u0435\u043d\u043d\u043e\u0435 \u043a\u0430\u0437\u0438\u043d\u043e \u0434\u043b\u044f \u0438\u0433\u0440\u044b \u0432 \u0441\u043b\u043e\u0442 \u0410\u0432\u0438\u0430\u0442\u043e\u0440.\u041b\u0438\u0446\u0435\u043d\u0437\u0438\u044f, \u0431\u0435\u0437\u043e\u043f\u0430\u0441\u043d\u043e\u0441\u0442\u044c, \u0440\u0435\u043f\u0443\u0442\u0430\u0446\u0438\u044f \u0438 \u0431\u043e\u043d\u0443\u0441\u044b \u043f\u043e\u043c\u043e\u0433\u0443\u0442 \u0432\u0430\u043c \u0432\u044b\u0431\u0440\u0430\u0442\u044c \u043d\u0430\u0434\u0435\u0436\u043d\u044b\u0439 \u0441\u0430\u0439\u0442 \u0434\u043b\u044f \u0438\u0433\u0440\u044b \u043d\u0430 \u0434\u0435\u043d\u044c\u0433\u0438.\" \/>\n<meta property=\"og:url\" content=\"https:\/\/aviator-slotgame.com\/pl\/online-casino\/\" \/>\n<meta property=\"og:site_name\" content=\"Aviator\" \/>\n<meta property=\"article:modified_time\" content=\"2024-10-03T22:41:11+00:00\" \/>\n<meta name=\"twitter:card\" content=\"summary_large_image\" \/>\n<meta name=\"twitter:label1\" content=\"Szacowany czas czytania\" \/>\n\t<meta name=\"twitter:data1\" content=\"2 minuty\" \/>\n<script type=\"application\/ld+json\" class=\"yoast-schema-graph\">{\"@context\":\"https:\/\/schema.org\",\"@graph\":[{\"@type\":\"WebPage\",\"@id\":\"https:\/\/aviator-slotgame.com\/online-casino\/\",\"url\":\"https:\/\/aviator-slotgame.com\/online-casino\/\",\"name\":\"\u0418\u0433\u0440\u0430\u0439 \u0432 \u043e\u043d\u043b\u0430\u0439\u043d \u043a\u0430\u0437\u0438\u043d\u043e \u0438\u0433\u0440\u0443 \u0410\u0432\u0438\u0430\u0442\u043e\u0440 \u043d\u0430 \u0434\u0435\u043d\u044c\u0433\u0438 \u043f\u0440\u044f\u043c\u043e \u0441\u0435\u0439\u0447\u0430\u0441\",\"isPartOf\":{\"@id\":\"https:\/\/aviator-slotgame.com\/#website\"},\"datePublished\":\"2024-09-06T16:58:13+00:00\",\"dateModified\":\"2024-10-03T22:41:11+00:00\",\"description\":\"\u0423\u0437\u043d\u0430\u0439\u0442\u0435,\u043a\u0430\u043a \u0432\u044b\u0431\u0440\u0430\u0442\u044c \u043f\u0440\u043e\u0432\u0435\u0440\u0435\u043d\u043d\u043e\u0435 \u043a\u0430\u0437\u0438\u043d\u043e \u0434\u043b\u044f \u0438\u0433\u0440\u044b \u0432 \u0441\u043b\u043e\u0442 \u0410\u0432\u0438\u0430\u0442\u043e\u0440.\u041b\u0438\u0446\u0435\u043d\u0437\u0438\u044f, \u0431\u0435\u0437\u043e\u043f\u0430\u0441\u043d\u043e\u0441\u0442\u044c, \u0440\u0435\u043f\u0443\u0442\u0430\u0446\u0438\u044f \u0438 \u0431\u043e\u043d\u0443\u0441\u044b \u043f\u043e\u043c\u043e\u0433\u0443\u0442 \u0432\u0430\u043c \u0432\u044b\u0431\u0440\u0430\u0442\u044c \u043d\u0430\u0434\u0435\u0436\u043d\u044b\u0439 \u0441\u0430\u0439\u0442 \u0434\u043b\u044f \u0438\u0433\u0440\u044b \u043d\u0430 \u0434\u0435\u043d\u044c\u0433\u0438.\",\"breadcrumb\":{\"@id\":\"https:\/\/aviator-slotgame.com\/online-casino\/#breadcrumb\"},\"inLanguage\":\"pl-PL\",\"potentialAction\":[{\"@type\":\"ReadAction\",\"target\":[\"https:\/\/aviator-slotgame.com\/online-casino\/\"]}]},{\"@type\":\"BreadcrumbList\",\"@id\":\"https:\/\/aviator-slotgame.com\/online-casino\/#breadcrumb\",\"itemListElement\":[{\"@type\":\"ListItem\",\"position\":1,\"name\":\"Home\",\"item\":\"https:\/\/aviator-slotgame.com\/\"},{\"@type\":\"ListItem\",\"position\":2,\"name\":\"\u041d\u0430\u0447\u043d\u0438 \u0438\u0433\u0440\u0430\u0442\u044c \u0432 \u0410\u0432\u0438\u0430\u0442\u043e\u0440 \u0441 \u043f\u0440\u043e\u0432\u0435\u0440\u0435\u043d\u043d\u044b\u043c \u043a\u0430\u0437\u0438\u043d\u043e \u0438 \u0431\u043e\u043d\u0443\u0441\u0430\u043c\u0438\"}]},{\"@type\":\"WebSite\",\"@id\":\"https:\/\/aviator-slotgame.com\/#website\",\"url\":\"https:\/\/aviator-slotgame.com\/\",\"name\":\"Aviator\",\"description\":\"\",\"publisher\":{\"@id\":\"https:\/\/aviator-slotgame.com\/#organization\"},\"potentialAction\":[{\"@type\":\"SearchAction\",\"target\":{\"@type\":\"EntryPoint\",\"urlTemplate\":\"https:\/\/aviator-slotgame.com\/?s={search_term_string}\"},\"query-input\":\"required name=search_term_string\"}],\"inLanguage\":\"pl-PL\"},{\"@type\":\"Organization\",\"@id\":\"https:\/\/aviator-slotgame.com\/#organization\",\"name\":\"Aviator\",\"url\":\"https:\/\/aviator-slotgame.com\/\",\"logo\":{\"@type\":\"ImageObject\",\"inLanguage\":\"pl-PL\",\"@id\":\"https:\/\/aviator-slotgame.com\/#\/schema\/logo\/image\/\",\"url\":\"https:\/\/aviator-slotgame.com\/wp-content\/uploads\/16f5e8_dade544d4623411c9c4153c639aae85amv2.webp\",\"contentUrl\":\"https:\/\/aviator-slotgame.com\/wp-content\/uploads\/16f5e8_dade544d4623411c9c4153c639aae85amv2.webp\",\"width\":400,\"height\":300,\"caption\":\"Aviator\"},\"image\":{\"@id\":\"https:\/\/aviator-slotgame.com\/#\/schema\/logo\/image\/\"}}]}<\/script>\n<!-- \/ Yoast SEO plugin. -->","yoast_head_json":{"title":"\u0418\u0433\u0440\u0430\u0439 \u0432 \u043e\u043d\u043b\u0430\u0439\u043d \u043a\u0430\u0437\u0438\u043d\u043e \u0438\u0433\u0440\u0443 \u0410\u0432\u0438\u0430\u0442\u043e\u0440 \u043d\u0430 \u0434\u0435\u043d\u044c\u0433\u0438 \u043f\u0440\u044f\u043c\u043e \u0441\u0435\u0439\u0447\u0430\u0441","description":"\u0423\u0437\u043d\u0430\u0439\u0442\u0435,\u043a\u0430\u043a \u0432\u044b\u0431\u0440\u0430\u0442\u044c \u043f\u0440\u043e\u0432\u0435\u0440\u0435\u043d\u043d\u043e\u0435 \u043a\u0430\u0437\u0438\u043d\u043e \u0434\u043b\u044f \u0438\u0433\u0440\u044b \u0432 \u0441\u043b\u043e\u0442 \u0410\u0432\u0438\u0430\u0442\u043e\u0440.\u041b\u0438\u0446\u0435\u043d\u0437\u0438\u044f, \u0431\u0435\u0437\u043e\u043f\u0430\u0441\u043d\u043e\u0441\u0442\u044c, \u0440\u0435\u043f\u0443\u0442\u0430\u0446\u0438\u044f \u0438 \u0431\u043e\u043d\u0443\u0441\u044b \u043f\u043e\u043c\u043e\u0433\u0443\u0442 \u0432\u0430\u043c \u0432\u044b\u0431\u0440\u0430\u0442\u044c \u043d\u0430\u0434\u0435\u0436\u043d\u044b\u0439 \u0441\u0430\u0439\u0442 \u0434\u043b\u044f \u0438\u0433\u0440\u044b \u043d\u0430 \u0434\u0435\u043d\u044c\u0433\u0438.","robots":{"index":"index","follow":"follow","max-snippet":"max-snippet:-1","max-image-preview":"max-image-preview:large","max-video-preview":"max-video-preview:-1"},"canonical":"https:\/\/aviator-slotgame.com\/pl\/online-casino\/","og_locale":"pl_PL","og_type":"article","og_title":"\u0418\u0433\u0440\u0430\u0439 \u0432 \u043e\u043d\u043b\u0430\u0439\u043d \u043a\u0430\u0437\u0438\u043d\u043e \u0438\u0433\u0440\u0443 \u0410\u0432\u0438\u0430\u0442\u043e\u0440 \u043d\u0430 \u0434\u0435\u043d\u044c\u0433\u0438 \u043f\u0440\u044f\u043c\u043e \u0441\u0435\u0439\u0447\u0430\u0441","og_description":"\u0423\u0437\u043d\u0430\u0439\u0442\u0435,\u043a\u0430\u043a \u0432\u044b\u0431\u0440\u0430\u0442\u044c \u043f\u0440\u043e\u0432\u0435\u0440\u0435\u043d\u043d\u043e\u0435 \u043a\u0430\u0437\u0438\u043d\u043e \u0434\u043b\u044f \u0438\u0433\u0440\u044b \u0432 \u0441\u043b\u043e\u0442 \u0410\u0432\u0438\u0430\u0442\u043e\u0440.\u041b\u0438\u0446\u0435\u043d\u0437\u0438\u044f, \u0431\u0435\u0437\u043e\u043f\u0430\u0441\u043d\u043e\u0441\u0442\u044c, \u0440\u0435\u043f\u0443\u0442\u0430\u0446\u0438\u044f \u0438 \u0431\u043e\u043d\u0443\u0441\u044b \u043f\u043e\u043c\u043e\u0433\u0443\u0442 \u0432\u0430\u043c \u0432\u044b\u0431\u0440\u0430\u0442\u044c \u043d\u0430\u0434\u0435\u0436\u043d\u044b\u0439 \u0441\u0430\u0439\u0442 \u0434\u043b\u044f \u0438\u0433\u0440\u044b \u043d\u0430 \u0434\u0435\u043d\u044c\u0433\u0438.","og_url":"https:\/\/aviator-slotgame.com\/pl\/online-casino\/","og_site_name":"Aviator","article_modified_time":"2024-10-03T22:41:11+00:00","twitter_card":"summary_large_image","twitter_misc":{"Szacowany czas czytania":"2 minuty"},"schema":{"@context":"https:\/\/schema.org","@graph":[{"@type":"WebPage","@id":"https:\/\/aviator-slotgame.com\/online-casino\/","url":"https:\/\/aviator-slotgame.com\/online-casino\/","name":"\u0418\u0433\u0440\u0430\u0439 \u0432 \u043e\u043d\u043b\u0430\u0439\u043d \u043a\u0430\u0437\u0438\u043d\u043e \u0438\u0433\u0440\u0443 \u0410\u0432\u0438\u0430\u0442\u043e\u0440 \u043d\u0430 \u0434\u0435\u043d\u044c\u0433\u0438 \u043f\u0440\u044f\u043c\u043e \u0441\u0435\u0439\u0447\u0430\u0441","isPartOf":{"@id":"https:\/\/aviator-slotgame.com\/#website"},"datePublished":"2024-09-06T16:58:13+00:00","dateModified":"2024-10-03T22:41:11+00:00","description":"\u0423\u0437\u043d\u0430\u0439\u0442\u0435,\u043a\u0430\u043a \u0432\u044b\u0431\u0440\u0430\u0442\u044c \u043f\u0440\u043e\u0432\u0435\u0440\u0435\u043d\u043d\u043e\u0435 \u043a\u0430\u0437\u0438\u043d\u043e \u0434\u043b\u044f \u0438\u0433\u0440\u044b \u0432 \u0441\u043b\u043e\u0442 \u0410\u0432\u0438\u0430\u0442\u043e\u0440.\u041b\u0438\u0446\u0435\u043d\u0437\u0438\u044f, \u0431\u0435\u0437\u043e\u043f\u0430\u0441\u043d\u043e\u0441\u0442\u044c, \u0440\u0435\u043f\u0443\u0442\u0430\u0446\u0438\u044f \u0438 \u0431\u043e\u043d\u0443\u0441\u044b \u043f\u043e\u043c\u043e\u0433\u0443\u0442 \u0432\u0430\u043c \u0432\u044b\u0431\u0440\u0430\u0442\u044c \u043d\u0430\u0434\u0435\u0436\u043d\u044b\u0439 \u0441\u0430\u0439\u0442 \u0434\u043b\u044f \u0438\u0433\u0440\u044b \u043d\u0430 \u0434\u0435\u043d\u044c\u0433\u0438.","breadcrumb":{"@id":"https:\/\/aviator-slotgame.com\/online-casino\/#breadcrumb"},"inLanguage":"pl-PL","potentialAction":[{"@type":"ReadAction","target":["https:\/\/aviator-slotgame.com\/online-casino\/"]}]},{"@type":"BreadcrumbList","@id":"https:\/\/aviator-slotgame.com\/online-casino\/#breadcrumb","itemListElement":[{"@type":"ListItem","position":1,"name":"Home","item":"https:\/\/aviator-slotgame.com\/"},{"@type":"ListItem","position":2,"name":"\u041d\u0430\u0447\u043d\u0438 \u0438\u0433\u0440\u0430\u0442\u044c \u0432 \u0410\u0432\u0438\u0430\u0442\u043e\u0440 \u0441 \u043f\u0440\u043e\u0432\u0435\u0440\u0435\u043d\u043d\u044b\u043c \u043a\u0430\u0437\u0438\u043d\u043e \u0438 \u0431\u043e\u043d\u0443\u0441\u0430\u043c\u0438"}]},{"@type":"WebSite","@id":"https:\/\/aviator-slotgame.com\/#website","url":"https:\/\/aviator-slotgame.com\/","name":"Aviator","description":"","publisher":{"@id":"https:\/\/aviator-slotgame.com\/#organization"},"potentialAction":[{"@type":"SearchAction","target":{"@type":"EntryPoint","urlTemplate":"https:\/\/aviator-slotgame.com\/?s={search_term_string}"},"query-input":"required name=search_term_string"}],"inLanguage":"pl-PL"},{"@type":"Organization","@id":"https:\/\/aviator-slotgame.com\/#organization","name":"Aviator","url":"https:\/\/aviator-slotgame.com\/","logo":{"@type":"ImageObject","inLanguage":"pl-PL","@id":"https:\/\/aviator-slotgame.com\/#\/schema\/logo\/image\/","url":"https:\/\/aviator-slotgame.com\/wp-content\/uploads\/16f5e8_dade544d4623411c9c4153c639aae85amv2.webp","contentUrl":"https:\/\/aviator-slotgame.com\/wp-content\/uploads\/16f5e8_dade544d4623411c9c4153c639aae85amv2.webp","width":400,"height":300,"caption":"Aviator"},"image":{"@id":"https:\/\/aviator-slotgame.com\/#\/schema\/logo\/image\/"}}]}},"amp_enabled":true,"_links":{"self":[{"href":"https:\/\/aviator-slotgame.com\/pl\/wp-json\/wp\/v2\/pages\/278","targetHints":{"allow":["GET"]}}],"collection":[{"href":"https:\/\/aviator-slotgame.com\/pl\/wp-json\/wp\/v2\/pages"}],"about":[{"href":"https:\/\/aviator-slotgame.com\/pl\/wp-json\/wp\/v2\/types\/page"}],"author":[{"embeddable":true,"href":"https:\/\/aviator-slotgame.com\/pl\/wp-json\/wp\/v2\/users\/1"}],"replies":[{"embeddable":true,"href":"https:\/\/aviator-slotgame.com\/pl\/wp-json\/wp\/v2\/comments?post=278"}],"version-history":[{"count":9,"href":"https:\/\/aviator-slotgame.com\/pl\/wp-json\/wp\/v2\/pages\/278\/revisions"}],"predecessor-version":[{"id":405,"href":"https:\/\/aviator-slotgame.com\/pl\/wp-json\/wp\/v2\/pages\/278\/revisions\/405"}],"wp:attachment":[{"href":"https:\/\/aviator-slotgame.com\/pl\/wp-json\/wp\/v2\/media?parent=278"}],"curies":[{"name":"wp","href":"https:\/\/api.w.org\/{rel}","templated":true}]}}