{"id":215,"date":"2024-04-02T16:05:37","date_gmt":"2024-04-02T16:05:37","guid":{"rendered":"https:\/\/aviator-slotgame.com\/?page_id=215"},"modified":"2024-09-09T10:50:04","modified_gmt":"2024-09-09T10:50:04","slug":"aviator-slots","status":"publish","type":"page","link":"https:\/\/aviator-slotgame.com\/pt\/slot-de-aviador-vs-slot-de-video-tradicional\/","title":{"rendered":"Slots de aviador"},"content":{"rendered":"<div class=\"a3009bb8025846e78d5bec41e8208062\" data-index=\"1\" style=\"float: none; margin:10px 0 10px 0; text-align:center;\">\n<div class=\"custom-play-button\">\r\n<center><a href=\"https:\/\/aviator-slotgame.com\/pt\/play-game\/\" rel=\"nofollow\" target=\"_blank\">Jogue agora<\/a><br><\/center>\r\n<\/div>\n<\/div>\n<p>Aviator da Spribe n\u00e3o \u00e9 um v\u00eddeo slot comum. Oferece recursos de jogos sociais que voc\u00ea n\u00e3o encontrar\u00e1 nos slots de v\u00eddeo tradicionais. Voc\u00ea pode participar da divers\u00e3o e desafiar outros jogadores para participar de um jogo de cassino online cheio de b\u00f4nus emocionantes, multiplicadores e outras surpresas.<\/p>\n<p><img loading=\"lazy\" decoding=\"async\" class=\"alignnone size-full wp-image-216\" title=\"Aviador vs ca\u00e7a-n\u00edqueis tradicionais\" src=\"https:\/\/aviator-slotgame.com\/wp-content\/uploads\/aviator-4-1.png\" alt=\"Aviador vs ca\u00e7a-n\u00edqueis tradicionais\" width=\"800\" height=\"445\" srcset=\"https:\/\/aviator-slotgame.com\/wp-content\/uploads\/aviator-4-1.png 800w, https:\/\/aviator-slotgame.com\/wp-content\/uploads\/aviator-4-1-300x167.png 300w, https:\/\/aviator-slotgame.com\/wp-content\/uploads\/aviator-4-1-768x427.png 768w, https:\/\/aviator-slotgame.com\/wp-content\/uploads\/aviator-4-1-18x10.png 18w\" sizes=\"auto, (max-width: 800px) 100vw, 800px\" \/><\/p>\n<p>Aviator oferece mais do que apenas as m\u00e1quinas ca\u00e7a-n\u00edqueis padr\u00e3o de 3x5 cilindros. Possui um multiplicador baseado em RNG que aumenta cada vez mais at\u00e9 que cada jogador decida sacar. Isso significa que se voc\u00ea tiver sorte, poder\u00e1 jogar o dia todo e seus ganhos come\u00e7ar\u00e3o a aumentar!<\/p>\n<p>Al\u00e9m disso, o Aviator n\u00e3o limita o n\u00famero de jogadores que podem participar da divers\u00e3o. Voc\u00ea n\u00e3o precisa se preocupar em esperar o jogo abrir porque ele nunca estar\u00e1 cheio, sempre haver\u00e1 espa\u00e7o para mais jogadores. E com probabilidades amig\u00e1veis para o jogador, RTP e pagamentos elevados, voc\u00ea tem muitas oportunidades de sair vencedor neste emocionante slot alternativo.<\/p><div class=\"a3009bb8025846e78d5bec41e8208062\" data-index=\"1\" style=\"float: none; margin:10px 0 10px 0; text-align:center;\">\n<div class=\"custom-play-button\">\r\n<center><a href=\"https:\/\/aviator-slotgame.com\/pt\/play-game\/\" rel=\"nofollow\" target=\"_blank\">Jogue agora<\/a><br><\/center>\r\n<\/div>\n<\/div>\n\n<p>Ent\u00e3o, se voc\u00ea est\u00e1 procurando uma experi\u00eancia de jogo envolvente ou quer relaxar e desfrutar de um jogo cl\u00e1ssico de v\u00eddeo ca\u00e7a-n\u00edqueis com um toque especial, o Spribe&#039;s Aviator realmente tem algo a oferecer a todos.<\/p>\n<h2 id=\"h-rtp-of-aviator-and-regular-slot-games\">RTP do Aviator e slots regulares<\/h2>\n<p>Os valores m\u00e9dios de RTP dos slots mais populares s\u00e3o superiores a 65%. Esse n\u00famero pode variar de jogo para jogo, com alguns jogos chegando a 97%, mas geralmente a norma \u00e9 65% com decimal.<\/p>\n<p>Por exemplo, Second Strike, um dos slots mais populares do mundo, tem um RTP de 96.26%; Aviador ainda mais!<\/p>\n<p>Aviator tem um RTP (retorno ao jogador) aproximado de 97%, que est\u00e1 acima da m\u00e9dia para um v\u00eddeo slot. Isto significa que jogar Aviator ir\u00e1, em m\u00e9dia, devolver-lhe mais dinheiro em compara\u00e7\u00e3o com as slots tradicionais. E com um multiplicador cada vez maior, as maiores rodadas se tornar\u00e3o ainda mais emocionantes! Ent\u00e3o, se voc\u00ea est\u00e1 procurando um RTP mais alto e a capacidade de aumentar seu potencial de ganhos, o Aviator pode ser exatamente o que voc\u00ea est\u00e1 perdendo.<\/p>\n<figure class=\"wp-block-table\">\n<table>\n<tbody>\n<tr>\n<td><strong>AVIADOR<\/strong><\/td>\n<td><strong>JOGO DE SLOT TRADICIONAL<\/strong><\/td>\n<\/tr>\n<tr>\n<td>Converse com outros jogadores<\/td>\n<td>Experi\u00eancia de jogo do usu\u00e1rio<\/td>\n<\/tr>\n<tr>\n<td>N\u00famero ilimitado de jogadores na sala de jogos<\/td>\n<td>Um jogador por m\u00e1quina ou p\u00e1gina<\/td>\n<\/tr>\n<tr>\n<td>Mec\u00e2nica de jogo com um RNG<\/td>\n<td>M\u00faltiplas bobinas e linhas<\/td>\n<\/tr>\n<tr>\n<td>~97% reembolso<\/td>\n<td>~96% reembolso<\/td>\n<\/tr>\n<\/tbody>\n<\/table><figcaption class=\"wp-element-caption\">M\u00e1quina ca\u00e7a-n\u00edqueis\u00a0<strong><strong>AVIADOR<\/strong><\/strong><img loading=\"lazy\" decoding=\"async\" class=\"alignnone size-full wp-image-293\" src=\"https:\/\/aviator-slotgame.com\/wp-content\/uploads\/Aviator-13-800-x-600-\u043f\u0438\u043a\u0441.jpg\" alt=\"RTP do Aviator e slots regulares\" width=\"800\" height=\"600\" srcset=\"https:\/\/aviator-slotgame.com\/wp-content\/uploads\/Aviator-13-800-x-600-\u043f\u0438\u043a\u0441.jpg 800w, https:\/\/aviator-slotgame.com\/wp-content\/uploads\/Aviator-13-800-x-600-\u043f\u0438\u043a\u0441-300x225.jpg 300w, https:\/\/aviator-slotgame.com\/wp-content\/uploads\/Aviator-13-800-x-600-\u043f\u0438\u043a\u0441-768x576.jpg 768w, https:\/\/aviator-slotgame.com\/wp-content\/uploads\/Aviator-13-800-x-600-\u043f\u0438\u043a\u0441-16x12.jpg 16w\" sizes=\"auto, (max-width: 800px) 100vw, 800px\" \/><\/figcaption><\/figure>\n<h2 id=\"h-the-bottom-line\">Resultado final<\/h2>\n<p>O Aviator da Spribe oferece uma interpreta\u00e7\u00e3o \u00fanica dos slots de v\u00eddeo tradicionais que podem proporcionar aos jogadores uma experi\u00eancia de jogo envolvente. Com multiplicadores cada vez maiores e alto RTP, h\u00e1 muitos motivos para experimentar o Aviator. Al\u00e9m disso, o aspecto social torna tudo ainda mais emocionante!<\/p>\n<h2 id=\"h-using-bonus-spins-on-aviator\">Usando rodadas de b\u00f4nus no Aviator<\/h2>\n<p>As rodadas de b\u00f4nus s\u00e3o um elemento b\u00e1sico dos sites de cassino. Ao se registrar em um site de cassino, voc\u00ea geralmente receber\u00e1 rodadas gr\u00e1tis como b\u00f4nus de boas-vindas. Eles podem at\u00e9 ser obtidos atrav\u00e9s de promo\u00e7\u00f5es por tempo limitado ou como pr\u00eamios em outros jogos!<\/p>\n<p>Se voc\u00ea \u00e9 f\u00e3 do Aviator ou de outros jogos de cassino, as rodadas de b\u00f4nus s\u00e3o uma \u00f3tima maneira de obter chances gratuitas de girar os rolos, pousar em um avi\u00e3o e talvez ganhar algum dinheiro. Na verdade, as rodadas de b\u00f4nus podem ser ainda mais valiosas do que as rodadas normais do jogo, pois normalmente n\u00e3o t\u00eam requisitos de apostas ou outras restri\u00e7\u00f5es de vit\u00f3ria.<\/p>\n<h2 id=\"h-how-to-get-bonus-spins\">Como obter rodadas de b\u00f4nus<\/h2>\n<p>As rodadas gr\u00e1tis podem vir de v\u00e1rios lugares, como b\u00f4nus de boas-vindas para novos usu\u00e1rios que fazem seu primeiro dep\u00f3sito ou c\u00f3digos promocionais e eventos por tempo limitado.<\/p>\n<h3 id=\"h-welcome-bonus-spins-for-aviator\">Rodadas de b\u00f4nus de boas-vindas do Aviador<\/h3>\n<p>Alguns cassinos oferecem rodadas gr\u00e1tis quando voc\u00ea cria uma conta. Voc\u00ea deve estar se perguntando como essas rodadas gr\u00e1tis podem ser \u00fateis ao jogar Aviator; no entanto, \u00e0s vezes os cassinos limitam o uso dessas rodadas gr\u00e1tis apenas \u00e0s m\u00e1quinas ca\u00e7a-n\u00edqueis tradicionais mais populares. Mas n\u00e3o se preocupe, ainda existem maneiras de usar todas as rodadas gr\u00e1tis que o Aviator reservou para voc\u00ea.<\/p>\n<h2 id=\"h-how-to-use-free-spins-in-aviator\">Como usar rodadas gr\u00e1tis no Aviator<\/h2>\n<p>Se as suas rodadas n\u00e3o funcionarem no Aviator, voc\u00ea sempre poder\u00e1 us\u00e1-las para ganhar cr\u00e9ditos em outros jogos de cassino. Por exemplo, se voc\u00ea tiver rodadas gr\u00e1tis em uma m\u00e1quina ca\u00e7a-n\u00edqueis, poder\u00e1 trocar esses cr\u00e9ditos por fichas nas mesas de jogo. Voc\u00ea pode ent\u00e3o usar essas fichas para apostar no Aviator ou em qualquer outro jogo de cassino!<\/p>\n<p>Veja como:<\/p>\n<ol start=\"1\" type=\"1\">\n<li>Escolha uma de suas m\u00e1quinas ca\u00e7a-n\u00edqueis favoritas.<\/li>\n<li>Aproveite as rodadas gr\u00e1tis.<\/li>\n<li>Pegue todos os cr\u00e9ditos que ganhar durante as rodadas e jogue Aviator!<\/li>\n<\/ol>\n<p>\u00c9 t\u00e3o simples.<\/p>\n<h2 id=\"h-can-you-win-free-spins-in-aviator\">Voc\u00ea pode ganhar rodadas gr\u00e1tis no Aviator?<\/h2>\n<p>N\u00e3o h\u00e1 recurso de rodadas gr\u00e1tis. O \u00fanico pr\u00eamio que voc\u00ea ganhar\u00e1 durante a rodada \u00e9 a sua aposta multiplicada pelo momento em que o avi\u00e3o vermelho decola.<\/p>\n<h2 id=\"h-in-conclusion\">Conclus\u00e3o<\/h2>\n<p>Independentemente de como voc\u00ea os obt\u00e9m - rodadas de b\u00f4nus de boas-vindas, c\u00f3digos promocionais ou ofertas por tempo limitado - as rodadas de b\u00f4nus s\u00e3o uma \u00f3tima maneira para jogadores de todos os n\u00edveis de habilidade continuarem jogando sem se preocupar em perder por um tempo. E n\u00e3o importa para que jogos se destinam, jogadores experientes podem transformar suas rodadas em cr\u00e9ditos \u00fateis que podem ser apostados em um jogo Aviator ao vivo.<\/p>\n<p><img loading=\"lazy\" decoding=\"async\" class=\"alignnone size-full wp-image-297\" src=\"https:\/\/aviator-slotgame.com\/wp-content\/uploads\/Aviator-14-800-x-600-\u043f\u0438\u043a\u0441.jpg\" alt=\"Conclus\u00e3o\" width=\"800\" height=\"600\" srcset=\"https:\/\/aviator-slotgame.com\/wp-content\/uploads\/Aviator-14-800-x-600-\u043f\u0438\u043a\u0441.jpg 800w, https:\/\/aviator-slotgame.com\/wp-content\/uploads\/Aviator-14-800-x-600-\u043f\u0438\u043a\u0441-300x225.jpg 300w, https:\/\/aviator-slotgame.com\/wp-content\/uploads\/Aviator-14-800-x-600-\u043f\u0438\u043a\u0441-768x576.jpg 768w, https:\/\/aviator-slotgame.com\/wp-content\/uploads\/Aviator-14-800-x-600-\u043f\u0438\u043a\u0441-16x12.jpg 16w\" sizes=\"auto, (max-width: 800px) 100vw, 800px\" \/><\/p>\n\n<div style=\"font-size: 0px; height: 0px; line-height: 0px; margin: 0; padding: 0; clear: both;\"><\/div>","protected":false},"excerpt":{"rendered":"<p>Aviator da Spribe n\u00e3o \u00e9 um v\u00eddeo slot comum. Oferece recursos de jogos sociais que voc\u00ea n\u00e3o encontrar\u00e1 nos slots de v\u00eddeo tradicionais.<\/p>","protected":false},"author":1,"featured_media":0,"parent":0,"menu_order":0,"comment_status":"closed","ping_status":"closed","template":"","meta":{"footnotes":""},"class_list":["post-215","page","type-page","status-publish","hentry"],"yoast_head":"<!-- This site is optimized with the Yoast SEO plugin v22.0 - https:\/\/yoast.com\/wordpress\/plugins\/seo\/ -->\n<title>\u0410\u0432\u0438\u0430\u0442\u043e\u0440 \u0441\u043b\u043e\u0442\u044b - Aviator<\/title>\n<meta name=\"robots\" content=\"index, follow, max-snippet:-1, max-image-preview:large, max-video-preview:-1\" \/>\n<link rel=\"canonical\" href=\"https:\/\/aviator-slotgame.com\/pt\/slot-de-aviador-vs-slot-de-video-tradicional\/\" \/>\n<meta property=\"og:locale\" content=\"pt_PT\" \/>\n<meta property=\"og:type\" content=\"article\" \/>\n<meta property=\"og:title\" content=\"\u0410\u0432\u0438\u0430\u0442\u043e\u0440 \u0441\u043b\u043e\u0442\u044b - Aviator\" \/>\n<meta property=\"og:description\" content=\"Aviator \u043e\u0442 Spribe \u2013 \u044d\u0442\u043e \u043d\u0435 \u043e\u0431\u044b\u0447\u043d\u044b\u0439 \u0432\u0438\u0434\u0435\u043e\u0441\u043b\u043e\u0442. \u041e\u043d \u043f\u0440\u0435\u0434\u043b\u0430\u0433\u0430\u0435\u0442 \u0432\u043e\u0437\u043c\u043e\u0436\u043d\u043e\u0441\u0442\u0438 \u0441\u043e\u0446\u0438\u0430\u043b\u044c\u043d\u044b\u0445 \u0438\u0433\u0440, \u043a\u043e\u0442\u043e\u0440\u044b\u0435 \u0432\u044b \u043d\u0435 \u043d\u0430\u0439\u0434\u0435\u0442\u0435 \u0432 \u0442\u0440\u0430\u0434\u0438\u0446\u0438\u043e\u043d\u043d\u044b\u0445 \u0432\u0438\u0434\u0435\u043e\u0441\u043b\u043e\u0442\u0430\u0445.\" \/>\n<meta property=\"og:url\" content=\"https:\/\/aviator-slotgame.com\/pt\/slot-de-aviador-vs-slot-de-video-tradicional\/\" \/>\n<meta property=\"og:site_name\" content=\"Aviator\" \/>\n<meta property=\"article:modified_time\" content=\"2024-09-09T10:50:04+00:00\" \/>\n<meta property=\"og:image\" content=\"https:\/\/aviator-slotgame.com\/wp-content\/uploads\/aviator-4-1.png\" \/>\n<meta name=\"twitter:card\" content=\"summary_large_image\" \/>\n<meta name=\"twitter:label1\" content=\"Tempo estimado de leitura\" \/>\n\t<meta name=\"twitter:data1\" content=\"4 minutos\" \/>\n<script type=\"application\/ld+json\" class=\"yoast-schema-graph\">{\"@context\":\"https:\/\/schema.org\",\"@graph\":[{\"@type\":\"WebPage\",\"@id\":\"https:\/\/aviator-slotgame.com\/aviator-slots\/\",\"url\":\"https:\/\/aviator-slotgame.com\/aviator-slots\/\",\"name\":\"\u0410\u0432\u0438\u0430\u0442\u043e\u0440 \u0441\u043b\u043e\u0442\u044b - Aviator\",\"isPartOf\":{\"@id\":\"https:\/\/aviator-slotgame.com\/#website\"},\"datePublished\":\"2024-04-02T16:05:37+00:00\",\"dateModified\":\"2024-09-09T10:50:04+00:00\",\"breadcrumb\":{\"@id\":\"https:\/\/aviator-slotgame.com\/aviator-slots\/#breadcrumb\"},\"inLanguage\":\"pt-PT\",\"potentialAction\":[{\"@type\":\"ReadAction\",\"target\":[\"https:\/\/aviator-slotgame.com\/aviator-slots\/\"]}]},{\"@type\":\"BreadcrumbList\",\"@id\":\"https:\/\/aviator-slotgame.com\/aviator-slots\/#breadcrumb\",\"itemListElement\":[{\"@type\":\"ListItem\",\"position\":1,\"name\":\"Home\",\"item\":\"https:\/\/aviator-slotgame.com\/\"},{\"@type\":\"ListItem\",\"position\":2,\"name\":\"\u0410\u0432\u0438\u0430\u0442\u043e\u0440 \u0441\u043b\u043e\u0442\u044b\"}]},{\"@type\":\"WebSite\",\"@id\":\"https:\/\/aviator-slotgame.com\/#website\",\"url\":\"https:\/\/aviator-slotgame.com\/\",\"name\":\"Aviator\",\"description\":\"\",\"publisher\":{\"@id\":\"https:\/\/aviator-slotgame.com\/#organization\"},\"potentialAction\":[{\"@type\":\"SearchAction\",\"target\":{\"@type\":\"EntryPoint\",\"urlTemplate\":\"https:\/\/aviator-slotgame.com\/?s={search_term_string}\"},\"query-input\":\"required name=search_term_string\"}],\"inLanguage\":\"pt-PT\"},{\"@type\":\"Organization\",\"@id\":\"https:\/\/aviator-slotgame.com\/#organization\",\"name\":\"Aviator\",\"url\":\"https:\/\/aviator-slotgame.com\/\",\"logo\":{\"@type\":\"ImageObject\",\"inLanguage\":\"pt-PT\",\"@id\":\"https:\/\/aviator-slotgame.com\/#\/schema\/logo\/image\/\",\"url\":\"https:\/\/aviator-slotgame.com\/wp-content\/uploads\/16f5e8_dade544d4623411c9c4153c639aae85amv2.webp\",\"contentUrl\":\"https:\/\/aviator-slotgame.com\/wp-content\/uploads\/16f5e8_dade544d4623411c9c4153c639aae85amv2.webp\",\"width\":400,\"height\":300,\"caption\":\"Aviator\"},\"image\":{\"@id\":\"https:\/\/aviator-slotgame.com\/#\/schema\/logo\/image\/\"}}]}<\/script>\n<!-- \/ Yoast SEO plugin. -->","yoast_head_json":{"title":"\u0410\u0432\u0438\u0430\u0442\u043e\u0440 \u0441\u043b\u043e\u0442\u044b - Aviator","robots":{"index":"index","follow":"follow","max-snippet":"max-snippet:-1","max-image-preview":"max-image-preview:large","max-video-preview":"max-video-preview:-1"},"canonical":"https:\/\/aviator-slotgame.com\/pt\/slot-de-aviador-vs-slot-de-video-tradicional\/","og_locale":"pt_PT","og_type":"article","og_title":"\u0410\u0432\u0438\u0430\u0442\u043e\u0440 \u0441\u043b\u043e\u0442\u044b - Aviator","og_description":"Aviator \u043e\u0442 Spribe \u2013 \u044d\u0442\u043e \u043d\u0435 \u043e\u0431\u044b\u0447\u043d\u044b\u0439 \u0432\u0438\u0434\u0435\u043e\u0441\u043b\u043e\u0442. \u041e\u043d \u043f\u0440\u0435\u0434\u043b\u0430\u0433\u0430\u0435\u0442 \u0432\u043e\u0437\u043c\u043e\u0436\u043d\u043e\u0441\u0442\u0438 \u0441\u043e\u0446\u0438\u0430\u043b\u044c\u043d\u044b\u0445 \u0438\u0433\u0440, \u043a\u043e\u0442\u043e\u0440\u044b\u0435 \u0432\u044b \u043d\u0435 \u043d\u0430\u0439\u0434\u0435\u0442\u0435 \u0432 \u0442\u0440\u0430\u0434\u0438\u0446\u0438\u043e\u043d\u043d\u044b\u0445 \u0432\u0438\u0434\u0435\u043e\u0441\u043b\u043e\u0442\u0430\u0445.","og_url":"https:\/\/aviator-slotgame.com\/pt\/slot-de-aviador-vs-slot-de-video-tradicional\/","og_site_name":"Aviator","article_modified_time":"2024-09-09T10:50:04+00:00","og_image":[{"url":"https:\/\/aviator-slotgame.com\/wp-content\/uploads\/aviator-4-1.png"}],"twitter_card":"summary_large_image","twitter_misc":{"Tempo estimado de leitura":"4 minutos"},"schema":{"@context":"https:\/\/schema.org","@graph":[{"@type":"WebPage","@id":"https:\/\/aviator-slotgame.com\/aviator-slots\/","url":"https:\/\/aviator-slotgame.com\/aviator-slots\/","name":"\u0410\u0432\u0438\u0430\u0442\u043e\u0440 \u0441\u043b\u043e\u0442\u044b - Aviator","isPartOf":{"@id":"https:\/\/aviator-slotgame.com\/#website"},"datePublished":"2024-04-02T16:05:37+00:00","dateModified":"2024-09-09T10:50:04+00:00","breadcrumb":{"@id":"https:\/\/aviator-slotgame.com\/aviator-slots\/#breadcrumb"},"inLanguage":"pt-PT","potentialAction":[{"@type":"ReadAction","target":["https:\/\/aviator-slotgame.com\/aviator-slots\/"]}]},{"@type":"BreadcrumbList","@id":"https:\/\/aviator-slotgame.com\/aviator-slots\/#breadcrumb","itemListElement":[{"@type":"ListItem","position":1,"name":"Home","item":"https:\/\/aviator-slotgame.com\/"},{"@type":"ListItem","position":2,"name":"\u0410\u0432\u0438\u0430\u0442\u043e\u0440 \u0441\u043b\u043e\u0442\u044b"}]},{"@type":"WebSite","@id":"https:\/\/aviator-slotgame.com\/#website","url":"https:\/\/aviator-slotgame.com\/","name":"Aviator","description":"","publisher":{"@id":"https:\/\/aviator-slotgame.com\/#organization"},"potentialAction":[{"@type":"SearchAction","target":{"@type":"EntryPoint","urlTemplate":"https:\/\/aviator-slotgame.com\/?s={search_term_string}"},"query-input":"required name=search_term_string"}],"inLanguage":"pt-PT"},{"@type":"Organization","@id":"https:\/\/aviator-slotgame.com\/#organization","name":"Aviator","url":"https:\/\/aviator-slotgame.com\/","logo":{"@type":"ImageObject","inLanguage":"pt-PT","@id":"https:\/\/aviator-slotgame.com\/#\/schema\/logo\/image\/","url":"https:\/\/aviator-slotgame.com\/wp-content\/uploads\/16f5e8_dade544d4623411c9c4153c639aae85amv2.webp","contentUrl":"https:\/\/aviator-slotgame.com\/wp-content\/uploads\/16f5e8_dade544d4623411c9c4153c639aae85amv2.webp","width":400,"height":300,"caption":"Aviator"},"image":{"@id":"https:\/\/aviator-slotgame.com\/#\/schema\/logo\/image\/"}}]}},"amp_enabled":true,"_links":{"self":[{"href":"https:\/\/aviator-slotgame.com\/pt\/wp-json\/wp\/v2\/pages\/215","targetHints":{"allow":["GET"]}}],"collection":[{"href":"https:\/\/aviator-slotgame.com\/pt\/wp-json\/wp\/v2\/pages"}],"about":[{"href":"https:\/\/aviator-slotgame.com\/pt\/wp-json\/wp\/v2\/types\/page"}],"author":[{"embeddable":true,"href":"https:\/\/aviator-slotgame.com\/pt\/wp-json\/wp\/v2\/users\/1"}],"replies":[{"embeddable":true,"href":"https:\/\/aviator-slotgame.com\/pt\/wp-json\/wp\/v2\/comments?post=215"}],"version-history":[{"count":6,"href":"https:\/\/aviator-slotgame.com\/pt\/wp-json\/wp\/v2\/pages\/215\/revisions"}],"predecessor-version":[{"id":309,"href":"https:\/\/aviator-slotgame.com\/pt\/wp-json\/wp\/v2\/pages\/215\/revisions\/309"}],"wp:attachment":[{"href":"https:\/\/aviator-slotgame.com\/pt\/wp-json\/wp\/v2\/media?parent=215"}],"curies":[{"name":"wp","href":"https:\/\/api.w.org\/{rel}","templated":true}]}}