{"id":26,"date":"2024-01-31T12:57:07","date_gmt":"2024-01-31T12:57:07","guid":{"rendered":"https:\/\/aviator-slotgame.com\/?page_id=26"},"modified":"2024-10-03T23:16:00","modified_gmt":"2024-10-03T23:16:00","slug":"play-for-free","status":"publish","type":"page","link":"https:\/\/aviator-slotgame.com\/pt\/como-jogar-a-demonstracao-do-aviator-de-graca\/","title":{"rendered":"Como jogar a demo do Aviator gratuitamente"},"content":{"rendered":"<div class=\"a3009bb8025846e78d5bec41e8208062\" data-index=\"1\" style=\"float: none; margin:10px 0 10px 0; text-align:center;\">\n<div class=\"custom-play-button\">\r\n<center><a href=\"https:\/\/aviator-slotgame.com\/pt\/play-game\/\" rel=\"nofollow\" target=\"_blank\">Jogue agora<\/a><br><\/center>\r\n<\/div>\n<\/div>\n<p>O jogo Aviator da Spribe \u00e9 um novo e emocionante jogo de cassino que permite aos jogadores experimentar a emo\u00e7\u00e3o de ganhar enquanto voam alto. A vers\u00e3o demo do jogo oferece aos jogadores a oportunidade de experiment\u00e1-lo gratuitamente, enquanto a vers\u00e3o completa est\u00e1 dispon\u00edvel em muitos dos principais sites de cassino. A demonstra\u00e7\u00e3o gratuita do Aviator \u00e9 uma \u00f3tima maneira de aprender a jogar antes de gastar dinheiro na vers\u00e3o completa e \u00e9 uma maneira divertida de passar tempo online sem gastar dinheiro.<\/p>\n<p>Para fazer isso, voc\u00ea precisa acessar o site oficial do Aviator e selecionar o modo de jogo de demonstra\u00e7\u00e3o. Na vers\u00e3o demo, voc\u00ea pode jogar sem precisar apostar dinheiro real e apenas curtir a jogabilidade.<\/p>\n<p><img loading=\"lazy\" decoding=\"async\" title=\"Jogue a demonstra\u00e7\u00e3o do Aviator\" src=\"https:\/\/aviator-slotgame.com\/wp-content\/uploads\/aviator-3.png\" alt=\"Como jogar a demo do Aviator gratuitamente\" width=\"800\" height=\"445\" \/><\/p>\n<h2>Caracter\u00edsticas principais<\/h2>\n<p>A vers\u00e3o demo apresentar\u00e1 v\u00e1rias mec\u00e2nicas de jogo importantes. Ao praticar primeiro de gra\u00e7a, voc\u00ea entender\u00e1 melhor como o jogo funciona e poder\u00e1 maximizar seus ganhos ao jogar com dinheiro real. A demonstra\u00e7\u00e3o do Aviator tamb\u00e9m \u00e9 uma \u00f3tima maneira de se divertir um pouco sem gastar dinheiro ou cr\u00e9ditos.<\/p><div class=\"a3009bb8025846e78d5bec41e8208062\" data-index=\"1\" style=\"float: none; margin:10px 0 10px 0; text-align:center;\">\n<div class=\"custom-play-button\">\r\n<center><a href=\"https:\/\/aviator-slotgame.com\/pt\/play-game\/\" rel=\"nofollow\" target=\"_blank\">Jogue agora<\/a><br><\/center>\r\n<\/div>\n<\/div>\n\n<h3>Bot\u00f5es duplos<\/h3>\n<p>Esses bot\u00f5es d\u00e3o a voc\u00ea a oportunidade de dobrar sua aposta quando as probabilidades est\u00e3o a seu favor. Isto pode aumentar os seus ganhos, mas tamb\u00e9m aumenta o fator de risco.<\/p>\n<p>Recomendamos praticar o uso de ambos os bot\u00f5es na vers\u00e3o demo antes de arriscar os cr\u00e9ditos reais do site. O avi\u00e3o Aviador pode voar no tempo que voc\u00ea leva para pressionar o segundo bot\u00e3o. Os melhores jogadores Aviator conseguem sacar ambas as apostas em um segundo.<\/p>\n<h3>Entre os melhores<\/h3>\n<p>Este recurso lhe d\u00e1 uma ideia de qu\u00e3o bem suas apostas se comparam \u00e0s de outros jogadores em tempo real! Esta \u00e9 uma \u00f3tima maneira de se manter motivado quando voc\u00ea chegar ao jogo real. Na demo, esses jogadores s\u00e3o simulados, mas voc\u00ea pode ter uma ideia do que procurar.<\/p>\n<h3>Limites de apostas e ganhos<\/h3>\n<p>A demonstra\u00e7\u00e3o do Aviator \u00e9 um bom lugar para descobrir quais s\u00e3o as apostas m\u00e1ximas e m\u00ednimas que voc\u00ea pode fazer e quanto dinheiro a sorte lhe trar\u00e1. Esta informa\u00e7\u00e3o \u00e9 extremamente importante por dois motivos. Em primeiro lugar, voc\u00ea poder\u00e1 conhecer os limites do seu jogo e n\u00e3o ultrapass\u00e1-los ao jogar a vers\u00e3o completa. Em segundo lugar, voc\u00ea pode saber o que esperar quando o multiplicador come\u00e7ar a aumentar.<\/p>\n<table>\n<tbody>\n<tr>\n<td><strong>LIMITES DO JOGO<\/strong><\/td>\n<\/tr>\n<tr>\n<td><strong>Lance m\u00ednimo<\/strong><\/td>\n<td>0.10<\/td>\n<\/tr>\n<tr>\n<td><strong>Aposta m\u00e1xima<\/strong><\/td>\n<td>100<\/td>\n<\/tr>\n<tr>\n<td><strong>Vit\u00f3ria m\u00e1xima<\/strong><\/td>\n<td>10,000<\/td>\n<\/tr>\n<\/tbody>\n<\/table>\n<p><img loading=\"lazy\" decoding=\"async\" src=\"https:\/\/aviator-slotgame.com\/wp-content\/uploads\/Aviator-12-800-x-600-\u043f\u0438\u043a\u0441.jpg\" alt=\"Apostas e ganhos\" width=\"800\" height=\"600\" \/><\/p>\n<h3>Reprodu\u00e7\u00e3o autom\u00e1tica<\/h3>\n<p>O Autoplay faz apostas automaticamente e paga dinheiro em seu nome de acordo com as configura\u00e7\u00f5es que voc\u00ea especificar. Isso permite que voc\u00ea sente e relaxe enquanto o jogo Aviator faz o trabalho para voc\u00ea. Para divers\u00e3o e pr\u00e1tica, o jogo permitir\u00e1 aos jogadores experimentar diferentes combina\u00e7\u00f5es de configura\u00e7\u00f5es.<\/p>\n<p>As seguintes op\u00e7\u00f5es de reprodu\u00e7\u00e3o autom\u00e1tica est\u00e3o dispon\u00edveis na vers\u00e3o demo do Aviator:<\/p>\n<ul>\n<li>Limite de redu\u00e7\u00e3o de caixa<\/li>\n<li>Limite de vit\u00f3rias<\/li>\n<li>Limite por vit\u00f3ria<\/li>\n<li>Multiplicador de pagamento em dinheiro<\/li>\n<\/ul>\n<p><img loading=\"lazy\" decoding=\"async\" src=\"https:\/\/aviator-slotgame.com\/wp-content\/uploads\/Aviator-15-800-x-600-\u043f\u0438\u043a\u0441.jpg\" alt=\"Reprodu\u00e7\u00e3o autom\u00e1tica no Aviator\" width=\"800\" height=\"600\" \/><\/p>\n<h2>Recursos n\u00e3o inclu\u00eddos na vers\u00e3o demo<\/h2>\n<p>A demonstra\u00e7\u00e3o do Aviator est\u00e1 faltando um recurso vital. Simplesmente n\u00e3o pode ser modelado.<\/p>\n<h3>Bate-papo de jogadores<\/h3>\n<p>Na vers\u00e3o completa do Aviator, os jogadores podem acessar o sistema de bate-papo do jogo para discutir estrat\u00e9gias, abusar dos multiplicadores, compartilhar dicas e truques, gabar-se de grandes vit\u00f3rias recentes e conversar entre si. Este recurso n\u00e3o est\u00e1 dispon\u00edvel na vers\u00e3o demo.<\/p>\n<p>Talvez voc\u00ea n\u00e3o consiga praticar a comunica\u00e7\u00e3o com outros jogadores, mas \u00e9 um dos aspectos mais importantes de um jogo ao vivo. Esta \u00e9 uma \u00f3tima maneira de construir relacionamentos com outros jogadores e aprender mais sobre o jogo.<\/p>\n<h2>Demonstra\u00e7\u00e3o gratuita do Aviator comparada ao jogo real<\/h2>\n<p>A demo Aviator \u00e9 uma vers\u00e3o gratuita do jogo que permite praticar e experimentar diferentes estrat\u00e9gias. A vers\u00e3o demo inclui todos os recursos dispon\u00edveis na vers\u00e3o completa, mas com algumas limita\u00e7\u00f5es. Por exemplo, na vers\u00e3o demo do Aviator voc\u00ea n\u00e3o pode ganhar dinheiro real ou ganhar pr\u00eamios. No entanto, se voc\u00ea gosta de jogar a vers\u00e3o demo e deseja experimentar mais recursos deste jogo emocionante, voc\u00ea pode continuar jogando o jogo real a qualquer momento.<\/p>\n<p>A vers\u00e3o demo do Aviator vem com diversos tutoriais e dicas para ajudar voc\u00ea a entender como jogar com mais efici\u00eancia. Eles ajudar\u00e3o voc\u00ea a melhorar sua experi\u00eancia geral de jogo, fornecendo orienta\u00e7\u00f5es f\u00e1ceis de entender para novos jogadores e ensinando novas t\u00e9cnicas. Voc\u00ea tamb\u00e9m pode visualizar os dados RNG (Random Number Generator) gerados nessas rodadas, permitindo que voc\u00ea se familiarize mais com a tecnologia de criptografia do Spribe.<\/p>\n<table>\n<tbody>\n<tr>\n<td><strong>DEMONSTRA\u00c7\u00c3O DO AVIADOR<\/strong><\/td>\n<td><strong>JOGO AO VIVO \u201cAVIATOR\u201d<\/strong><\/td>\n<\/tr>\n<tr>\n<td>Jogar de gra\u00e7a<\/td>\n<td>Cr\u00e9dito do site necess\u00e1rio<\/td>\n<\/tr>\n<tr>\n<td>Sem bate-papo ao vivo<\/td>\n<td>Bate-papo para todos os jogadores<\/td>\n<\/tr>\n<tr>\n<td>Sem ganhos<\/td>\n<td>Ganhar depende do multiplicador<\/td>\n<\/tr>\n<tr>\n<td>Voc\u00ea pode jogar no site oficial do Spribe<\/td>\n<td>Dispon\u00edvel apenas em cassinos online licenciados<\/td>\n<\/tr>\n<tr>\n<td>Jogadores simulados na tabela de classifica\u00e7\u00e3o<\/td>\n<td>Jogadores reais fazem apostas<\/td>\n<\/tr>\n<\/tbody>\n<\/table>\n<p>Ao jogar primeiro a demo do Aviator, voc\u00ea pode aprimorar suas habilidades antes de enfrentar outros jogadores e talvez ganhar de verdade!<\/p>\n<p><img loading=\"lazy\" decoding=\"async\" src=\"https:\/\/aviator-slotgame.com\/wp-content\/uploads\/Aviator-11-800-x-600-\u043f\u0438\u043a\u0441.jpg\" alt=\"Vers\u00e3o de demonstra\u00e7\u00e3o no Aviator\" width=\"800\" height=\"600\" \/><\/p>\n<h2>Vers\u00e3o demo do jogo Aviator<\/h2>\n<p>Por que todos recomendam que voc\u00ea primeiro conhe\u00e7a a vers\u00e3o demo do jogo Aviator?<\/p>\n<ol>\n<li><strong>Introdu\u00e7\u00e3o ao jogo:<\/strong> A vers\u00e3o gratuita do jogo Aviator ajuda os jogadores a se familiarizarem com a jogabilidade, as regras do jogo e as fun\u00e7\u00f5es do slot sem arriscar seu dinheiro.<\/li>\n<li><strong>Pr\u00e1tica:<\/strong> Jogar a vers\u00e3o gratuita permite aos jogadores praticar e aprimorar suas habilidades antes de jogar com dinheiro real.<\/li>\n<li><strong>Pontua\u00e7\u00e3o de interesse:<\/strong> Ao jogar a vers\u00e3o gratuita, voc\u00ea pode avaliar o qu\u00e3o interessante e emocionante o jogo \u00e9, o que o ajudar\u00e1 a decidir se deseja continuar jogando com dinheiro real.<\/li>\n<li><strong>Riscos n\u00e3o financeiros:<\/strong> A vers\u00e3o gratuita elimina riscos financeiros para o jogador, pois as apostas s\u00e3o feitas em dinheiro virtual, o que permite aproveitar o jogo sem estresse.<\/li>\n<li><strong>Entretenimento:<\/strong> Jogar a vers\u00e3o gratuita do Aviator pode ser uma \u00f3tima maneira de se divertir e passar o tempo sem precisar investir nenhum dinheiro.<\/li>\n<\/ol>\n<p><img loading=\"lazy\" decoding=\"async\" src=\"https:\/\/aviator-slotgame.com\/wp-content\/uploads\/Aviator-30-800-x-600-\u043f\u0438\u043a\u0441.jpg\" alt=\"Jogo de demonstra\u00e7\u00e3o Aviator\" width=\"800\" height=\"600\" \/><\/p>\n<h2>Onde posso encontrar uma vers\u00e3o demo do jogo Aviator?<\/h2>\n<p>Aqui est\u00e3o instru\u00e7\u00f5es detalhadas sobre como encontrar uma vers\u00e3o demo do jogo online Aviator:<\/p>\n<ol>\n<li>Abra o navegador de internet do seu dispositivo e acesse o site oficial do cassino em que deseja jogar.<\/li>\n<li>Se voc\u00ea j\u00e1 possui uma conta no site, fa\u00e7a login usando suas credenciais. Se voc\u00ea ainda n\u00e3o tem uma conta, registre-se no site do cassino.<\/li>\n<li>Ap\u00f3s entrar no site, encontre a se\u00e7\u00e3o com jogos crash ou use a barra de pesquisa. Normalmente, as vers\u00f5es demo dos jogos s\u00e3o fornecidas na se\u00e7\u00e3o Jogos.<\/li>\n<li>Encontre o jogo Aviator entre as op\u00e7\u00f5es apresentadas e clique nele.<\/li>\n<li>Nas informa\u00e7\u00f5es do jogo voc\u00ea normalmente encontrar\u00e1 um bot\u00e3o Play ou Demo. Clique neste bot\u00e3o para iniciar o modo de demonstra\u00e7\u00e3o do jogo Aviator.<\/li>\n<li>A vers\u00e3o demo do jogo ser\u00e1 baixada e voc\u00ea poder\u00e1 come\u00e7ar a jogar sem precisar apostar dinheiro real. No modo de demonstra\u00e7\u00e3o, voc\u00ea usar\u00e1 dinheiro virtual fornecido pelo cassino para jogar o jogo Aviator crash.<\/li>\n<\/ol>\n<p>Assim, seguindo estes passos, voc\u00ea poder\u00e1 encontrar e jogar facilmente a vers\u00e3o demo do jogo Aviator no site oficial do cassino.<\/p>\n<p><img loading=\"lazy\" decoding=\"async\" src=\"https:\/\/aviator-slotgame.com\/wp-content\/uploads\/Aviator-31-800-x-600-\u043f\u0438\u043a\u0441.jpg\" alt=\"Encontre o jogo de demonstra\u00e7\u00e3o Aviator\" width=\"800\" height=\"600\" \/><\/p>\n\n<div style=\"font-size: 0px; height: 0px; line-height: 0px; margin: 0; padding: 0; clear: both;\"><\/div>","protected":false},"excerpt":{"rendered":"<p>Spribe&#039;s Aviator \u00e9 um novo e emocionante jogo de cassino que permite aos jogadores experimentar a emo\u00e7\u00e3o de ganhar<\/p>","protected":false},"author":1,"featured_media":0,"parent":0,"menu_order":0,"comment_status":"closed","ping_status":"closed","template":"","meta":{"footnotes":""},"class_list":["post-26","page","type-page","status-publish","hentry"],"yoast_head":"<!-- This site is optimized with the Yoast SEO plugin v22.0 - https:\/\/yoast.com\/wordpress\/plugins\/seo\/ -->\n<title>\u0414\u0435\u043c\u043e-\u0432\u0435\u0440\u0441\u0438\u044f \u0438\u0433\u0440\u044b \u0410\u0432\u0438\u0430\u0442\u043e\u0440 \u2014 \u0418\u0433\u0440\u0430\u0439\u0442\u0435 \u0432 \u043a\u0440\u0430\u0448-\u0441\u043b\u043e\u0442 \u0431\u0435\u0441\u043f\u043b\u0430\u0442\u043d\u043e<\/title>\n<meta name=\"description\" content=\"\u0418\u0433\u0440\u0430\u0439 \u0432 \u0434\u0435\u043c\u043e-\u0432\u0435\u0440\u0441\u0438\u044e \u0410\u0432\u0438\u0430\u0442\u043e\u0440 \u0431\u0435\u0441\u043f\u043b\u0430\u0442\u043d\u043e. \u0422\u0440\u0435\u043d\u0438\u0440\u0443\u0439\u0441\u044f \u0431\u0435\u0437 \u0434\u0435\u043d\u0435\u0433 \u0432 \u043a\u0440\u0430\u0448-\u0441\u043b\u043e\u0442\u0435 \u043e\u0442 Spribe \u043f\u0435\u0440\u0435\u0434 \u0438\u0433\u0440\u043e\u0439 \u043d\u0430 \u0440\u0435\u0430\u043b\u044c\u043d\u044b\u0435 \u0434\u0435\u043d\u044c\u0433\u0438 \u0432 \u043e\u043d\u043b\u0430\u0439\u043d \u043a\u0430\u0437\u0438\u043d\u043e.\" \/>\n<meta name=\"robots\" content=\"index, follow, max-snippet:-1, max-image-preview:large, max-video-preview:-1\" \/>\n<link rel=\"canonical\" href=\"https:\/\/aviator-slotgame.com\/pt\/como-jogar-a-demonstracao-do-aviator-de-graca\/\" \/>\n<meta property=\"og:locale\" content=\"pt_PT\" \/>\n<meta property=\"og:type\" content=\"article\" \/>\n<meta property=\"og:title\" content=\"\u0414\u0435\u043c\u043e-\u0432\u0435\u0440\u0441\u0438\u044f \u0438\u0433\u0440\u044b \u0410\u0432\u0438\u0430\u0442\u043e\u0440 \u2014 \u0418\u0433\u0440\u0430\u0439\u0442\u0435 \u0432 \u043a\u0440\u0430\u0448-\u0441\u043b\u043e\u0442 \u0431\u0435\u0441\u043f\u043b\u0430\u0442\u043d\u043e\" \/>\n<meta property=\"og:description\" content=\"\u0418\u0433\u0440\u0430\u0439 \u0432 \u0434\u0435\u043c\u043e-\u0432\u0435\u0440\u0441\u0438\u044e \u0410\u0432\u0438\u0430\u0442\u043e\u0440 \u0431\u0435\u0441\u043f\u043b\u0430\u0442\u043d\u043e. \u0422\u0440\u0435\u043d\u0438\u0440\u0443\u0439\u0441\u044f \u0431\u0435\u0437 \u0434\u0435\u043d\u0435\u0433 \u0432 \u043a\u0440\u0430\u0448-\u0441\u043b\u043e\u0442\u0435 \u043e\u0442 Spribe \u043f\u0435\u0440\u0435\u0434 \u0438\u0433\u0440\u043e\u0439 \u043d\u0430 \u0440\u0435\u0430\u043b\u044c\u043d\u044b\u0435 \u0434\u0435\u043d\u044c\u0433\u0438 \u0432 \u043e\u043d\u043b\u0430\u0439\u043d \u043a\u0430\u0437\u0438\u043d\u043e.\" \/>\n<meta property=\"og:url\" content=\"https:\/\/aviator-slotgame.com\/pt\/como-jogar-a-demonstracao-do-aviator-de-graca\/\" \/>\n<meta property=\"og:site_name\" content=\"Aviator\" \/>\n<meta property=\"article:modified_time\" content=\"2024-10-03T23:16:00+00:00\" \/>\n<meta property=\"og:image\" content=\"https:\/\/aviator-slotgame.com\/wp-content\/uploads\/aviator-3.png\" \/>\n<meta name=\"twitter:card\" content=\"summary_large_image\" \/>\n<meta name=\"twitter:label1\" content=\"Tempo estimado de leitura\" \/>\n\t<meta name=\"twitter:data1\" content=\"6 minutos\" \/>\n<script type=\"application\/ld+json\" class=\"yoast-schema-graph\">{\"@context\":\"https:\/\/schema.org\",\"@graph\":[{\"@type\":\"WebPage\",\"@id\":\"https:\/\/aviator-slotgame.com\/play-for-free\/\",\"url\":\"https:\/\/aviator-slotgame.com\/play-for-free\/\",\"name\":\"\u0414\u0435\u043c\u043e-\u0432\u0435\u0440\u0441\u0438\u044f \u0438\u0433\u0440\u044b \u0410\u0432\u0438\u0430\u0442\u043e\u0440 \u2014 \u0418\u0433\u0440\u0430\u0439\u0442\u0435 \u0432 \u043a\u0440\u0430\u0448-\u0441\u043b\u043e\u0442 \u0431\u0435\u0441\u043f\u043b\u0430\u0442\u043d\u043e\",\"isPartOf\":{\"@id\":\"https:\/\/aviator-slotgame.com\/#website\"},\"datePublished\":\"2024-01-31T12:57:07+00:00\",\"dateModified\":\"2024-10-03T23:16:00+00:00\",\"description\":\"\u0418\u0433\u0440\u0430\u0439 \u0432 \u0434\u0435\u043c\u043e-\u0432\u0435\u0440\u0441\u0438\u044e \u0410\u0432\u0438\u0430\u0442\u043e\u0440 \u0431\u0435\u0441\u043f\u043b\u0430\u0442\u043d\u043e. \u0422\u0440\u0435\u043d\u0438\u0440\u0443\u0439\u0441\u044f \u0431\u0435\u0437 \u0434\u0435\u043d\u0435\u0433 \u0432 \u043a\u0440\u0430\u0448-\u0441\u043b\u043e\u0442\u0435 \u043e\u0442 Spribe \u043f\u0435\u0440\u0435\u0434 \u0438\u0433\u0440\u043e\u0439 \u043d\u0430 \u0440\u0435\u0430\u043b\u044c\u043d\u044b\u0435 \u0434\u0435\u043d\u044c\u0433\u0438 \u0432 \u043e\u043d\u043b\u0430\u0439\u043d \u043a\u0430\u0437\u0438\u043d\u043e.\",\"breadcrumb\":{\"@id\":\"https:\/\/aviator-slotgame.com\/play-for-free\/#breadcrumb\"},\"inLanguage\":\"pt-PT\",\"potentialAction\":[{\"@type\":\"ReadAction\",\"target\":[\"https:\/\/aviator-slotgame.com\/play-for-free\/\"]}]},{\"@type\":\"BreadcrumbList\",\"@id\":\"https:\/\/aviator-slotgame.com\/play-for-free\/#breadcrumb\",\"itemListElement\":[{\"@type\":\"ListItem\",\"position\":1,\"name\":\"Home\",\"item\":\"https:\/\/aviator-slotgame.com\/\"},{\"@type\":\"ListItem\",\"position\":2,\"name\":\"\u041a\u0430\u043a \u0438\u0433\u0440\u0430\u0442\u044c \u0432 \u0434\u0435\u043c\u043e-\u0432\u0435\u0440\u0441\u0438\u044e \u0410\u0432\u0438\u0430\u0442\u043e\u0440\u0430 \u0431\u0435\u0441\u043f\u043b\u0430\u0442\u043d\u043e\"}]},{\"@type\":\"WebSite\",\"@id\":\"https:\/\/aviator-slotgame.com\/#website\",\"url\":\"https:\/\/aviator-slotgame.com\/\",\"name\":\"Aviator\",\"description\":\"\",\"publisher\":{\"@id\":\"https:\/\/aviator-slotgame.com\/#organization\"},\"potentialAction\":[{\"@type\":\"SearchAction\",\"target\":{\"@type\":\"EntryPoint\",\"urlTemplate\":\"https:\/\/aviator-slotgame.com\/?s={search_term_string}\"},\"query-input\":\"required name=search_term_string\"}],\"inLanguage\":\"pt-PT\"},{\"@type\":\"Organization\",\"@id\":\"https:\/\/aviator-slotgame.com\/#organization\",\"name\":\"Aviator\",\"url\":\"https:\/\/aviator-slotgame.com\/\",\"logo\":{\"@type\":\"ImageObject\",\"inLanguage\":\"pt-PT\",\"@id\":\"https:\/\/aviator-slotgame.com\/#\/schema\/logo\/image\/\",\"url\":\"https:\/\/aviator-slotgame.com\/wp-content\/uploads\/16f5e8_dade544d4623411c9c4153c639aae85amv2.webp\",\"contentUrl\":\"https:\/\/aviator-slotgame.com\/wp-content\/uploads\/16f5e8_dade544d4623411c9c4153c639aae85amv2.webp\",\"width\":400,\"height\":300,\"caption\":\"Aviator\"},\"image\":{\"@id\":\"https:\/\/aviator-slotgame.com\/#\/schema\/logo\/image\/\"}}]}<\/script>\n<!-- \/ Yoast SEO plugin. -->","yoast_head_json":{"title":"\u0414\u0435\u043c\u043e-\u0432\u0435\u0440\u0441\u0438\u044f \u0438\u0433\u0440\u044b \u0410\u0432\u0438\u0430\u0442\u043e\u0440 \u2014 \u0418\u0433\u0440\u0430\u0439\u0442\u0435 \u0432 \u043a\u0440\u0430\u0448-\u0441\u043b\u043e\u0442 \u0431\u0435\u0441\u043f\u043b\u0430\u0442\u043d\u043e","description":"\u0418\u0433\u0440\u0430\u0439 \u0432 \u0434\u0435\u043c\u043e-\u0432\u0435\u0440\u0441\u0438\u044e \u0410\u0432\u0438\u0430\u0442\u043e\u0440 \u0431\u0435\u0441\u043f\u043b\u0430\u0442\u043d\u043e. \u0422\u0440\u0435\u043d\u0438\u0440\u0443\u0439\u0441\u044f \u0431\u0435\u0437 \u0434\u0435\u043d\u0435\u0433 \u0432 \u043a\u0440\u0430\u0448-\u0441\u043b\u043e\u0442\u0435 \u043e\u0442 Spribe \u043f\u0435\u0440\u0435\u0434 \u0438\u0433\u0440\u043e\u0439 \u043d\u0430 \u0440\u0435\u0430\u043b\u044c\u043d\u044b\u0435 \u0434\u0435\u043d\u044c\u0433\u0438 \u0432 \u043e\u043d\u043b\u0430\u0439\u043d \u043a\u0430\u0437\u0438\u043d\u043e.","robots":{"index":"index","follow":"follow","max-snippet":"max-snippet:-1","max-image-preview":"max-image-preview:large","max-video-preview":"max-video-preview:-1"},"canonical":"https:\/\/aviator-slotgame.com\/pt\/como-jogar-a-demonstracao-do-aviator-de-graca\/","og_locale":"pt_PT","og_type":"article","og_title":"\u0414\u0435\u043c\u043e-\u0432\u0435\u0440\u0441\u0438\u044f \u0438\u0433\u0440\u044b \u0410\u0432\u0438\u0430\u0442\u043e\u0440 \u2014 \u0418\u0433\u0440\u0430\u0439\u0442\u0435 \u0432 \u043a\u0440\u0430\u0448-\u0441\u043b\u043e\u0442 \u0431\u0435\u0441\u043f\u043b\u0430\u0442\u043d\u043e","og_description":"\u0418\u0433\u0440\u0430\u0439 \u0432 \u0434\u0435\u043c\u043e-\u0432\u0435\u0440\u0441\u0438\u044e \u0410\u0432\u0438\u0430\u0442\u043e\u0440 \u0431\u0435\u0441\u043f\u043b\u0430\u0442\u043d\u043e. \u0422\u0440\u0435\u043d\u0438\u0440\u0443\u0439\u0441\u044f \u0431\u0435\u0437 \u0434\u0435\u043d\u0435\u0433 \u0432 \u043a\u0440\u0430\u0448-\u0441\u043b\u043e\u0442\u0435 \u043e\u0442 Spribe \u043f\u0435\u0440\u0435\u0434 \u0438\u0433\u0440\u043e\u0439 \u043d\u0430 \u0440\u0435\u0430\u043b\u044c\u043d\u044b\u0435 \u0434\u0435\u043d\u044c\u0433\u0438 \u0432 \u043e\u043d\u043b\u0430\u0439\u043d \u043a\u0430\u0437\u0438\u043d\u043e.","og_url":"https:\/\/aviator-slotgame.com\/pt\/como-jogar-a-demonstracao-do-aviator-de-graca\/","og_site_name":"Aviator","article_modified_time":"2024-10-03T23:16:00+00:00","og_image":[{"url":"https:\/\/aviator-slotgame.com\/wp-content\/uploads\/aviator-3.png"}],"twitter_card":"summary_large_image","twitter_misc":{"Tempo estimado de leitura":"6 minutos"},"schema":{"@context":"https:\/\/schema.org","@graph":[{"@type":"WebPage","@id":"https:\/\/aviator-slotgame.com\/play-for-free\/","url":"https:\/\/aviator-slotgame.com\/play-for-free\/","name":"\u0414\u0435\u043c\u043e-\u0432\u0435\u0440\u0441\u0438\u044f \u0438\u0433\u0440\u044b \u0410\u0432\u0438\u0430\u0442\u043e\u0440 \u2014 \u0418\u0433\u0440\u0430\u0439\u0442\u0435 \u0432 \u043a\u0440\u0430\u0448-\u0441\u043b\u043e\u0442 \u0431\u0435\u0441\u043f\u043b\u0430\u0442\u043d\u043e","isPartOf":{"@id":"https:\/\/aviator-slotgame.com\/#website"},"datePublished":"2024-01-31T12:57:07+00:00","dateModified":"2024-10-03T23:16:00+00:00","description":"\u0418\u0433\u0440\u0430\u0439 \u0432 \u0434\u0435\u043c\u043e-\u0432\u0435\u0440\u0441\u0438\u044e \u0410\u0432\u0438\u0430\u0442\u043e\u0440 \u0431\u0435\u0441\u043f\u043b\u0430\u0442\u043d\u043e. \u0422\u0440\u0435\u043d\u0438\u0440\u0443\u0439\u0441\u044f \u0431\u0435\u0437 \u0434\u0435\u043d\u0435\u0433 \u0432 \u043a\u0440\u0430\u0448-\u0441\u043b\u043e\u0442\u0435 \u043e\u0442 Spribe \u043f\u0435\u0440\u0435\u0434 \u0438\u0433\u0440\u043e\u0439 \u043d\u0430 \u0440\u0435\u0430\u043b\u044c\u043d\u044b\u0435 \u0434\u0435\u043d\u044c\u0433\u0438 \u0432 \u043e\u043d\u043b\u0430\u0439\u043d \u043a\u0430\u0437\u0438\u043d\u043e.","breadcrumb":{"@id":"https:\/\/aviator-slotgame.com\/play-for-free\/#breadcrumb"},"inLanguage":"pt-PT","potentialAction":[{"@type":"ReadAction","target":["https:\/\/aviator-slotgame.com\/play-for-free\/"]}]},{"@type":"BreadcrumbList","@id":"https:\/\/aviator-slotgame.com\/play-for-free\/#breadcrumb","itemListElement":[{"@type":"ListItem","position":1,"name":"Home","item":"https:\/\/aviator-slotgame.com\/"},{"@type":"ListItem","position":2,"name":"\u041a\u0430\u043a \u0438\u0433\u0440\u0430\u0442\u044c \u0432 \u0434\u0435\u043c\u043e-\u0432\u0435\u0440\u0441\u0438\u044e \u0410\u0432\u0438\u0430\u0442\u043e\u0440\u0430 \u0431\u0435\u0441\u043f\u043b\u0430\u0442\u043d\u043e"}]},{"@type":"WebSite","@id":"https:\/\/aviator-slotgame.com\/#website","url":"https:\/\/aviator-slotgame.com\/","name":"Aviator","description":"","publisher":{"@id":"https:\/\/aviator-slotgame.com\/#organization"},"potentialAction":[{"@type":"SearchAction","target":{"@type":"EntryPoint","urlTemplate":"https:\/\/aviator-slotgame.com\/?s={search_term_string}"},"query-input":"required name=search_term_string"}],"inLanguage":"pt-PT"},{"@type":"Organization","@id":"https:\/\/aviator-slotgame.com\/#organization","name":"Aviator","url":"https:\/\/aviator-slotgame.com\/","logo":{"@type":"ImageObject","inLanguage":"pt-PT","@id":"https:\/\/aviator-slotgame.com\/#\/schema\/logo\/image\/","url":"https:\/\/aviator-slotgame.com\/wp-content\/uploads\/16f5e8_dade544d4623411c9c4153c639aae85amv2.webp","contentUrl":"https:\/\/aviator-slotgame.com\/wp-content\/uploads\/16f5e8_dade544d4623411c9c4153c639aae85amv2.webp","width":400,"height":300,"caption":"Aviator"},"image":{"@id":"https:\/\/aviator-slotgame.com\/#\/schema\/logo\/image\/"}}]}},"amp_enabled":true,"_links":{"self":[{"href":"https:\/\/aviator-slotgame.com\/pt\/wp-json\/wp\/v2\/pages\/26","targetHints":{"allow":["GET"]}}],"collection":[{"href":"https:\/\/aviator-slotgame.com\/pt\/wp-json\/wp\/v2\/pages"}],"about":[{"href":"https:\/\/aviator-slotgame.com\/pt\/wp-json\/wp\/v2\/types\/page"}],"author":[{"embeddable":true,"href":"https:\/\/aviator-slotgame.com\/pt\/wp-json\/wp\/v2\/users\/1"}],"replies":[{"embeddable":true,"href":"https:\/\/aviator-slotgame.com\/pt\/wp-json\/wp\/v2\/comments?post=26"}],"version-history":[{"count":19,"href":"https:\/\/aviator-slotgame.com\/pt\/wp-json\/wp\/v2\/pages\/26\/revisions"}],"predecessor-version":[{"id":412,"href":"https:\/\/aviator-slotgame.com\/pt\/wp-json\/wp\/v2\/pages\/26\/revisions\/412"}],"wp:attachment":[{"href":"https:\/\/aviator-slotgame.com\/pt\/wp-json\/wp\/v2\/media?parent=26"}],"curies":[{"name":"wp","href":"https:\/\/api.w.org\/{rel}","templated":true}]}}