{"id":263,"date":"2024-09-06T14:43:40","date_gmt":"2024-09-06T14:43:40","guid":{"rendered":"https:\/\/aviator-slotgame.com\/?page_id=263"},"modified":"2024-09-08T10:40:25","modified_gmt":"2024-09-08T10:40:25","slug":"aviator","status":"publish","type":"page","link":"https:\/\/aviator-slotgame.com\/pt\/aviator\/","title":{"rendered":"Regras, recursos e ganhos no jogo crash slot por dinheiro"},"content":{"rendered":"<div class=\"a3009bb8025846e78d5bec41e8208062\" data-index=\"1\" style=\"float: none; margin:10px 0 10px 0; text-align:center;\">\n<div class=\"custom-play-button\">\r\n<center><a href=\"https:\/\/aviator-slotgame.com\/pt\/play-game\/\" rel=\"nofollow\" target=\"_blank\">Jogue agora<\/a><br><\/center>\r\n<\/div>\n<\/div>\n<h1><\/h1>\n<p><img loading=\"lazy\" decoding=\"async\" class=\"alignnone size-full wp-image-264\" src=\"https:\/\/aviator-slotgame.com\/wp-content\/uploads\/Aviator-7-800-x-600-\u043f\u0438\u043a\u0441.jpg\" alt=\"Slot online Aviator - Jogue com dinheiro real no cassino \" width=\"800\" height=\"600\" srcset=\"https:\/\/aviator-slotgame.com\/wp-content\/uploads\/Aviator-7-800-x-600-\u043f\u0438\u043a\u0441.jpg 800w, https:\/\/aviator-slotgame.com\/wp-content\/uploads\/Aviator-7-800-x-600-\u043f\u0438\u043a\u0441-300x225.jpg 300w, https:\/\/aviator-slotgame.com\/wp-content\/uploads\/Aviator-7-800-x-600-\u043f\u0438\u043a\u0441-768x576.jpg 768w, https:\/\/aviator-slotgame.com\/wp-content\/uploads\/Aviator-7-800-x-600-\u043f\u0438\u043a\u0441-16x12.jpg 16w\" sizes=\"auto, (max-width: 800px) 100vw, 800px\" \/><\/p>\n<h2>O que \u00e9 o jogo de crash online Aviator?<\/h2>\n<p>Aviator \u00e9 um dos jogos populares desenvolvidos pelo est\u00fadio Spribe. Um novo produto no mercado moderno, criado a partir de um gerador de n\u00fameros aleat\u00f3rios, cativa o jogador desde o in\u00edcio. O vencedor \u00e9 determinado por sele\u00e7\u00e3o aleat\u00f3ria! Isto mant\u00e9m o jogo justo e mostra ao jogador que a sua aposta n\u00e3o depende da plataforma ou da hist\u00f3ria do jogo. Aviator difere de outros jogos de crash populares em sua jogabilidade original; O jogo tamb\u00e9m atrai pelas regras bastante simples e pela oportunidade de ganhar dinheiro de verdade, o que o torna popular entre os apostadores, principalmente entre os f\u00e3s de avi\u00f5es e de tudo relacionado a voar!<\/p>\n<p>A ess\u00eancia do jogo \u00e9 que o usu\u00e1rio deve ter tempo para salvar sua aposta antes que o avi\u00e3o voe, zerando assim o coeficiente do jogador.<\/p>\n<p>Spribe \u00e9 uma empresa conhecida especializada no desenvolvimento de jogos online e plataformas de jogos de azar inovadores. Seus jogos s\u00e3o populares entre jogadores de todo o mundo. A empresa foi fundada em 2018 e num curto per\u00edodo de tempo conseguiu ganhar popularidade entre jogadores e operadores de casino online devido \u00e0 sua emocionante mec\u00e2nica de jogo e \u00e0 capacidade de jogar tanto a dinheiro como em modo de demonstra\u00e7\u00e3o.<\/p><div class=\"a3009bb8025846e78d5bec41e8208062\" data-index=\"1\" style=\"float: none; margin:10px 0 10px 0; text-align:center;\">\n<div class=\"custom-play-button\">\r\n<center><a href=\"https:\/\/aviator-slotgame.com\/pt\/play-game\/\" rel=\"nofollow\" target=\"_blank\">Jogue agora<\/a><br><\/center>\r\n<\/div>\n<\/div>\n\n<h2>Raz\u00f5es para a popularidade do jogo online Aviator<\/h2>\n<p>O que torna o jogo Aviator t\u00e3o popular entre os jogadores?<\/p>\n<ol>\n<li>Simplicidade de regras: O jogo Aviator possui regras simples e compreens\u00edveis, o que o torna acess\u00edvel a uma ampla gama de jogadores, independente de sua experi\u00eancia e n\u00edvel de treinamento.<\/li>\n<\/ol>\n<p>Modo demo: Se voc\u00ea n\u00e3o quer arriscar seu dinheiro e tem medo de come\u00e7ar, confira e experimente no modo gr\u00e1tis. Voc\u00ea n\u00e3o est\u00e1 investindo dinheiro real. O \u201cModo Divers\u00e3o\u201d permite que os jogadores se aproximem do jogo sem arriscar suas economias.<\/p>\n<p>Oportunidade de ganhos r\u00e1pidos: O jogo Aviator oferece a oportunidade de ganhar rapidamente, o que atrai muitos jogadores que buscam emo\u00e7\u00e3o e adrenalina.<\/p>\n<p>Variedade de apostas: O jogo Aviator oferece uma variedade de tipos de apostas, permitindo aos jogadores escolher o n\u00edvel de risco e a recompensa potencial que mais lhes conv\u00e9m.<\/p>\n<p>Possibilidade de jogar online: O jogo Aviator est\u00e1 dispon\u00edvel em formato online, o que o torna dispon\u00edvel para jogar em qualquer hora conveniente e de qualquer lugar do mundo.<\/p>\n<p>Conveni\u00eancia e acessibilidade: O jogo online Aviator permite que os jogadores aproveitem a emo\u00e7\u00e3o em casa ou em qualquer outro lugar, sem sair de casa. Isso torna o jogo conveniente e acess\u00edvel para uma ampla gama de jogadores.<\/p>\n<p>B\u00f3nus e ofertas especiais: Muitos casinos online que oferecem o jogo Aviator oferecem frequentemente v\u00e1rios b\u00f3nus, promo\u00e7\u00f5es e ofertas especiais para atrair novos jogadores e recompensar os regulares. Isso torna o jogo ainda mais tentador.<\/p>\n<p>Design gr\u00e1fico e de som: Os cassinos online modernos geralmente oferecem gr\u00e1ficos e design de som de alta qualidade para jogos, incluindo o jogo Aviator. E a jogabilidade din\u00e2mica e emocionante definitivamente n\u00e3o deixar\u00e1 os jogadores ficarem entediados e manter\u00e1 o interesse no jogo o tempo todo.<\/p>\n<p>Jogabilidade M\u00f3vel: Muitos casinos online oferecem o jogo Aviator num formato compat\u00edvel com dispositivos m\u00f3veis, permitindo aos jogadores desfrutar do jogo a qualquer hora e em qualquer lugar. N\u00e3o se esque\u00e7a de ter uma boa conex\u00e3o com a Internet e carga suficiente no seu dispositivo m\u00f3vel!<\/p>\n<p>&nbsp;<\/p>\n<h2>Regras de jogo de aviador<\/h2>\n<p>O jogo possui regras simples e claras, onde o usu\u00e1rio aposta em determinado resultado e pode ganhar multiplicando sua aposta pelas odds. Voc\u00ea pode jogar no modo manual, fazendo suas pr\u00f3prias apostas, ou no modo autom\u00e1tico, quando o jogo faz apostas para voc\u00ea com base nos par\u00e2metros que voc\u00ea definiu.<\/p>\n<h3>Regras do jogo<\/h3>\n<p>Para come\u00e7ar a jogar Aviator, voc\u00ea precisa seguir estas etapas:<\/p>\n<ol>\n<li>Encontre um cassino online ou plataforma de jogos que ofere\u00e7a o jogo Aviator.<\/li>\n<li>Cadastre-se na plataforma de sua prefer\u00eancia criando uma conta e fornecendo as informa\u00e7\u00f5es necess\u00e1rias.<\/li>\n<li>Recarregue sua conta de jogo com dinheiro para poder fazer apostas no jogo.<\/li>\n<li>Encontre o jogo Aviator na plataforma e selecione sua aposta.<\/li>\n<li>O jogo come\u00e7a com o jogador fazendo uma aposta.<\/li>\n<li>Siga as regras e instru\u00e7\u00f5es na tela e controle o processo do jogo clicando nos bot\u00f5es apropriados.<\/li>\n<li>Depois que a aposta \u00e9 feita, o avi\u00e3o come\u00e7a a subir ou descer na escala de probabilidades.<\/li>\n<li>O jogador pode clicar no bot\u00e3o Retirar a qualquer momento para encerrar o jogo e receber os ganhos multiplicados pelas probabilidades atuais, ou continuar o jogo e esperar para aumentar os ganhos. Tente adivinhar o momento em que retirar\u00e1 seus ganhos para evitar que a aposta seja cancelada. reiniciar.<\/li>\n<li>Se o jogador n\u00e3o clicar no bot\u00e3o Obter ganhos e o avi\u00e3o chegar ao final da escala de probabilidades, a aposta \u00e9 zerada e o jogador n\u00e3o recebe os ganhos.<\/li>\n<li>O objetivo do jogo \u00e9 receber seus ganhos no momento certo e evitar que sua aposta seja zerada.<\/li>\n<\/ol>\n<p>Lembre-se de jogar com responsabilidade, apostar apenas a quantia de dinheiro que est\u00e1 disposto a perder e controlar a sua atividade de jogo.<\/p>\n<p>Levando em considera\u00e7\u00e3o a trajet\u00f3ria \u00fanica da aeronave, a jogabilidade torna-se ainda mais interessante e emocionante para os jogadores. Ao mesmo tempo, \u00e9 importante estar atento \u00e0s suas apostas e controlar as suas a\u00e7\u00f5es para manter a emo\u00e7\u00e3o de jogar com dinheiro real.<\/p>\n<p>Principais caracter\u00edsticas do jogo online Aviator<\/p>\n<table>\n<tbody>\n<tr>\n<td>RTP<\/td>\n<td>96,49%, 96,48%, 95,45%<\/td>\n<\/tr>\n<tr>\n<td>Desenvolvedor<\/td>\n<td>Est\u00fadio Spribe<\/td>\n<\/tr>\n<tr>\n<td>Rodadas gr\u00e1tis<\/td>\n<td>N\u00e3o<\/td>\n<\/tr>\n<tr>\n<td>Jogo b\u00f4nus<\/td>\n<td>N\u00e3o<\/td>\n<\/tr>\n<tr>\n<td>Lance m\u00ednimo<\/td>\n<td>0,1$<\/td>\n<\/tr>\n<tr>\n<td>Aposta m\u00e1xima<\/td>\n<td>100$<\/td>\n<\/tr>\n<\/tbody>\n<\/table>\n<p>&nbsp;<\/p>\n<h2>B\u00f4nus no jogo de azar Aviator<\/h2>\n<p>B\u00f4nus e descontos no jogo online Aviator podem ser fornecidos aos jogadores de v\u00e1rias maneiras, dependendo da plataforma de jogo ou cassino.<\/p>\n<p>Aqui est\u00e3o alguns poss\u00edveis b\u00f4nus e descontos que podem estar dispon\u00edveis no jogo Aviator:<\/p>\n<h3>B\u00f4nus de boas-vindas<\/h3>\n<p>novos jogadores podem receber b\u00f4nus especiais ao se registrar na plataforma, como fundos de conta adicionais ou rodadas gr\u00e1tis.<\/p>\n<h3>B\u00f4nus de dep\u00f3sito<\/h3>\n<p>os jogadores podem receber b\u00f4nus quando reabastecem sua conta de jogo em uma determinada quantia.<\/p>\n<h3>Promo\u00e7\u00f5es<\/h3>\n<p>cassinos ou plataformas de jogos podem realizar promo\u00e7\u00f5es tempor\u00e1rias que oferecem v\u00e1rios b\u00f4nus e descontos aos jogadores do jogo Aviator.<\/p>\n<h3>Programas VIP<\/h3>\n<p>Algumas plataformas podem oferecer aos jogadores a participa\u00e7\u00e3o em programas VIP onde est\u00e3o dispon\u00edveis b\u00f4nus adicionais, cashback e outros benef\u00edcios.<\/p>\n<h3>Reembolso<\/h3>\n<p>os jogadores podem ter a oportunidade de receber uma parte dos fundos perdidos como reembolso como parte do programa de b\u00f4nus.<\/p>\n<p>Antes de participar dos b\u00f4nus e descontos do jogo Aviator, \u00e9 importante revisar cuidadosamente os termos e requisitos para entender como funcionam e o que \u00e9 exigido de voc\u00ea para receber todos os benef\u00edcios.<\/p>\n\n<div style=\"font-size: 0px; height: 0px; line-height: 0px; margin: 0; padding: 0; clear: both;\"><\/div>","protected":false},"excerpt":{"rendered":"<p>O que \u00e9 o jogo de crash online Aviator? Aviator \u00e9 um dos jogos populares desenvolvidos pelo est\u00fadio Spribe. Novidade no mercado moderno,<\/p>","protected":false},"author":1,"featured_media":0,"parent":0,"menu_order":0,"comment_status":"closed","ping_status":"closed","template":"","meta":{"footnotes":""},"class_list":["post-263","page","type-page","status-publish","hentry"],"yoast_head":"<!-- This site is optimized with the Yoast SEO plugin v22.0 - https:\/\/yoast.com\/wordpress\/plugins\/seo\/ -->\n<title>\u041e\u043d\u043b\u0430\u0439\u043d \u0441\u043b\u043e\u0442 \u0410\u0432\u0438\u0430\u0442\u043e\u0440 \u2014 \u0418\u0433\u0440\u0430\u0439 \u043d\u0430 \u0440\u0435\u0430\u043b\u044c\u043d\u044b\u0435 \u0434\u0435\u043d\u044c\u0433\u0438 \u0432 \u043a\u0430\u0437\u0438\u043d\u043e<\/title>\n<meta name=\"description\" content=\"\u0423\u0437\u043d\u0430\u0439\u0442\u0435 \u0432\u0441\u0435 \u043e \u043a\u0440\u0430\u0448-\u0438\u0433\u0440\u0435 \u0410\u0432\u0438\u0430\u0442\u043e\u0440: \u043f\u0440\u0430\u0432\u0438\u043b\u0430, \u0431\u043e\u043d\u0443\u0441\u044b, \u043e\u0441\u043e\u0431\u0435\u043d\u043d\u043e\u0441\u0442\u0438 \u0438 \u0445\u0430\u0440\u0430\u043a\u0442\u0435\u0440\u0438\u0441\u0442\u0438\u043a\u0438 \u0438\u0433\u0440\u044b \u0434\u043b\u044f \u0443\u0432\u0435\u043b\u0438\u0447\u0435\u043d\u0438\u0435 \u043f\u0440\u0438\u0431\u044b\u043b\u0438 \u0432 \u043a\u0430\u0437\u0438\u043d\u043e. \u0418\u0433\u0440\u0430\u0439 \u0432 Aviator \u043e\u0442 Spribe \u0432 \u043e\u043d\u043b\u0430\u0439\u043d\u0435.\" \/>\n<meta name=\"robots\" content=\"index, follow, max-snippet:-1, max-image-preview:large, max-video-preview:-1\" \/>\n<link rel=\"canonical\" href=\"https:\/\/aviator-slotgame.com\/pt\/aviator\/\" \/>\n<meta property=\"og:locale\" content=\"pt_PT\" \/>\n<meta property=\"og:type\" content=\"article\" \/>\n<meta property=\"og:title\" content=\"\u041e\u043d\u043b\u0430\u0439\u043d \u0441\u043b\u043e\u0442 \u0410\u0432\u0438\u0430\u0442\u043e\u0440 \u2014 \u0418\u0433\u0440\u0430\u0439 \u043d\u0430 \u0440\u0435\u0430\u043b\u044c\u043d\u044b\u0435 \u0434\u0435\u043d\u044c\u0433\u0438 \u0432 \u043a\u0430\u0437\u0438\u043d\u043e\" \/>\n<meta property=\"og:description\" content=\"\u0423\u0437\u043d\u0430\u0439\u0442\u0435 \u0432\u0441\u0435 \u043e \u043a\u0440\u0430\u0448-\u0438\u0433\u0440\u0435 \u0410\u0432\u0438\u0430\u0442\u043e\u0440: \u043f\u0440\u0430\u0432\u0438\u043b\u0430, \u0431\u043e\u043d\u0443\u0441\u044b, \u043e\u0441\u043e\u0431\u0435\u043d\u043d\u043e\u0441\u0442\u0438 \u0438 \u0445\u0430\u0440\u0430\u043a\u0442\u0435\u0440\u0438\u0441\u0442\u0438\u043a\u0438 \u0438\u0433\u0440\u044b \u0434\u043b\u044f \u0443\u0432\u0435\u043b\u0438\u0447\u0435\u043d\u0438\u0435 \u043f\u0440\u0438\u0431\u044b\u043b\u0438 \u0432 \u043a\u0430\u0437\u0438\u043d\u043e. \u0418\u0433\u0440\u0430\u0439 \u0432 Aviator \u043e\u0442 Spribe \u0432 \u043e\u043d\u043b\u0430\u0439\u043d\u0435.\" \/>\n<meta property=\"og:url\" content=\"https:\/\/aviator-slotgame.com\/pt\/aviator\/\" \/>\n<meta property=\"og:site_name\" content=\"Aviator\" \/>\n<meta property=\"article:modified_time\" content=\"2024-09-08T10:40:25+00:00\" \/>\n<meta name=\"twitter:card\" content=\"summary_large_image\" \/>\n<meta name=\"twitter:label1\" content=\"Tempo estimado de leitura\" \/>\n\t<meta name=\"twitter:data1\" content=\"5 minutos\" \/>\n<script type=\"application\/ld+json\" class=\"yoast-schema-graph\">{\"@context\":\"https:\/\/schema.org\",\"@graph\":[{\"@type\":\"WebPage\",\"@id\":\"https:\/\/aviator-slotgame.com\/aviator\/\",\"url\":\"https:\/\/aviator-slotgame.com\/aviator\/\",\"name\":\"\u041e\u043d\u043b\u0430\u0439\u043d \u0441\u043b\u043e\u0442 \u0410\u0432\u0438\u0430\u0442\u043e\u0440 \u2014 \u0418\u0433\u0440\u0430\u0439 \u043d\u0430 \u0440\u0435\u0430\u043b\u044c\u043d\u044b\u0435 \u0434\u0435\u043d\u044c\u0433\u0438 \u0432 \u043a\u0430\u0437\u0438\u043d\u043e\",\"isPartOf\":{\"@id\":\"https:\/\/aviator-slotgame.com\/#website\"},\"datePublished\":\"2024-09-06T14:43:40+00:00\",\"dateModified\":\"2024-09-08T10:40:25+00:00\",\"description\":\"\u0423\u0437\u043d\u0430\u0439\u0442\u0435 \u0432\u0441\u0435 \u043e \u043a\u0440\u0430\u0448-\u0438\u0433\u0440\u0435 \u0410\u0432\u0438\u0430\u0442\u043e\u0440: \u043f\u0440\u0430\u0432\u0438\u043b\u0430, \u0431\u043e\u043d\u0443\u0441\u044b, \u043e\u0441\u043e\u0431\u0435\u043d\u043d\u043e\u0441\u0442\u0438 \u0438 \u0445\u0430\u0440\u0430\u043a\u0442\u0435\u0440\u0438\u0441\u0442\u0438\u043a\u0438 \u0438\u0433\u0440\u044b \u0434\u043b\u044f \u0443\u0432\u0435\u043b\u0438\u0447\u0435\u043d\u0438\u0435 \u043f\u0440\u0438\u0431\u044b\u043b\u0438 \u0432 \u043a\u0430\u0437\u0438\u043d\u043e. \u0418\u0433\u0440\u0430\u0439 \u0432 Aviator \u043e\u0442 Spribe \u0432 \u043e\u043d\u043b\u0430\u0439\u043d\u0435.\",\"breadcrumb\":{\"@id\":\"https:\/\/aviator-slotgame.com\/aviator\/#breadcrumb\"},\"inLanguage\":\"pt-PT\",\"potentialAction\":[{\"@type\":\"ReadAction\",\"target\":[\"https:\/\/aviator-slotgame.com\/aviator\/\"]}]},{\"@type\":\"BreadcrumbList\",\"@id\":\"https:\/\/aviator-slotgame.com\/aviator\/#breadcrumb\",\"itemListElement\":[{\"@type\":\"ListItem\",\"position\":1,\"name\":\"Home\",\"item\":\"https:\/\/aviator-slotgame.com\/\"},{\"@type\":\"ListItem\",\"position\":2,\"name\":\"\u041f\u0440\u0430\u0432\u0438\u043b\u0430,\u043e\u0441\u043e\u0431\u0435\u043d\u043e\u0441\u0442\u0438 \u0438 \u0432\u044b\u0438\u0433\u0440\u044b\u0448\u0438 \u0432 \u043a\u0440\u0430\u0448-\u0441\u043b\u043e\u0442 \u0438\u0433\u0440\u0435 \u043d\u0430 \u0434\u0435\u043d\u044c\u0433\u0438\"}]},{\"@type\":\"WebSite\",\"@id\":\"https:\/\/aviator-slotgame.com\/#website\",\"url\":\"https:\/\/aviator-slotgame.com\/\",\"name\":\"Aviator\",\"description\":\"\",\"publisher\":{\"@id\":\"https:\/\/aviator-slotgame.com\/#organization\"},\"potentialAction\":[{\"@type\":\"SearchAction\",\"target\":{\"@type\":\"EntryPoint\",\"urlTemplate\":\"https:\/\/aviator-slotgame.com\/?s={search_term_string}\"},\"query-input\":\"required name=search_term_string\"}],\"inLanguage\":\"pt-PT\"},{\"@type\":\"Organization\",\"@id\":\"https:\/\/aviator-slotgame.com\/#organization\",\"name\":\"Aviator\",\"url\":\"https:\/\/aviator-slotgame.com\/\",\"logo\":{\"@type\":\"ImageObject\",\"inLanguage\":\"pt-PT\",\"@id\":\"https:\/\/aviator-slotgame.com\/#\/schema\/logo\/image\/\",\"url\":\"https:\/\/aviator-slotgame.com\/wp-content\/uploads\/16f5e8_dade544d4623411c9c4153c639aae85amv2.webp\",\"contentUrl\":\"https:\/\/aviator-slotgame.com\/wp-content\/uploads\/16f5e8_dade544d4623411c9c4153c639aae85amv2.webp\",\"width\":400,\"height\":300,\"caption\":\"Aviator\"},\"image\":{\"@id\":\"https:\/\/aviator-slotgame.com\/#\/schema\/logo\/image\/\"}}]}<\/script>\n<!-- \/ Yoast SEO plugin. -->","yoast_head_json":{"title":"\u041e\u043d\u043b\u0430\u0439\u043d \u0441\u043b\u043e\u0442 \u0410\u0432\u0438\u0430\u0442\u043e\u0440 \u2014 \u0418\u0433\u0440\u0430\u0439 \u043d\u0430 \u0440\u0435\u0430\u043b\u044c\u043d\u044b\u0435 \u0434\u0435\u043d\u044c\u0433\u0438 \u0432 \u043a\u0430\u0437\u0438\u043d\u043e","description":"\u0423\u0437\u043d\u0430\u0439\u0442\u0435 \u0432\u0441\u0435 \u043e \u043a\u0440\u0430\u0448-\u0438\u0433\u0440\u0435 \u0410\u0432\u0438\u0430\u0442\u043e\u0440: \u043f\u0440\u0430\u0432\u0438\u043b\u0430, \u0431\u043e\u043d\u0443\u0441\u044b, \u043e\u0441\u043e\u0431\u0435\u043d\u043d\u043e\u0441\u0442\u0438 \u0438 \u0445\u0430\u0440\u0430\u043a\u0442\u0435\u0440\u0438\u0441\u0442\u0438\u043a\u0438 \u0438\u0433\u0440\u044b \u0434\u043b\u044f \u0443\u0432\u0435\u043b\u0438\u0447\u0435\u043d\u0438\u0435 \u043f\u0440\u0438\u0431\u044b\u043b\u0438 \u0432 \u043a\u0430\u0437\u0438\u043d\u043e. \u0418\u0433\u0440\u0430\u0439 \u0432 Aviator \u043e\u0442 Spribe \u0432 \u043e\u043d\u043b\u0430\u0439\u043d\u0435.","robots":{"index":"index","follow":"follow","max-snippet":"max-snippet:-1","max-image-preview":"max-image-preview:large","max-video-preview":"max-video-preview:-1"},"canonical":"https:\/\/aviator-slotgame.com\/pt\/aviator\/","og_locale":"pt_PT","og_type":"article","og_title":"\u041e\u043d\u043b\u0430\u0439\u043d \u0441\u043b\u043e\u0442 \u0410\u0432\u0438\u0430\u0442\u043e\u0440 \u2014 \u0418\u0433\u0440\u0430\u0439 \u043d\u0430 \u0440\u0435\u0430\u043b\u044c\u043d\u044b\u0435 \u0434\u0435\u043d\u044c\u0433\u0438 \u0432 \u043a\u0430\u0437\u0438\u043d\u043e","og_description":"\u0423\u0437\u043d\u0430\u0439\u0442\u0435 \u0432\u0441\u0435 \u043e \u043a\u0440\u0430\u0448-\u0438\u0433\u0440\u0435 \u0410\u0432\u0438\u0430\u0442\u043e\u0440: \u043f\u0440\u0430\u0432\u0438\u043b\u0430, \u0431\u043e\u043d\u0443\u0441\u044b, \u043e\u0441\u043e\u0431\u0435\u043d\u043d\u043e\u0441\u0442\u0438 \u0438 \u0445\u0430\u0440\u0430\u043a\u0442\u0435\u0440\u0438\u0441\u0442\u0438\u043a\u0438 \u0438\u0433\u0440\u044b \u0434\u043b\u044f \u0443\u0432\u0435\u043b\u0438\u0447\u0435\u043d\u0438\u0435 \u043f\u0440\u0438\u0431\u044b\u043b\u0438 \u0432 \u043a\u0430\u0437\u0438\u043d\u043e. \u0418\u0433\u0440\u0430\u0439 \u0432 Aviator \u043e\u0442 Spribe \u0432 \u043e\u043d\u043b\u0430\u0439\u043d\u0435.","og_url":"https:\/\/aviator-slotgame.com\/pt\/aviator\/","og_site_name":"Aviator","article_modified_time":"2024-09-08T10:40:25+00:00","twitter_card":"summary_large_image","twitter_misc":{"Tempo estimado de leitura":"5 minutos"},"schema":{"@context":"https:\/\/schema.org","@graph":[{"@type":"WebPage","@id":"https:\/\/aviator-slotgame.com\/aviator\/","url":"https:\/\/aviator-slotgame.com\/aviator\/","name":"\u041e\u043d\u043b\u0430\u0439\u043d \u0441\u043b\u043e\u0442 \u0410\u0432\u0438\u0430\u0442\u043e\u0440 \u2014 \u0418\u0433\u0440\u0430\u0439 \u043d\u0430 \u0440\u0435\u0430\u043b\u044c\u043d\u044b\u0435 \u0434\u0435\u043d\u044c\u0433\u0438 \u0432 \u043a\u0430\u0437\u0438\u043d\u043e","isPartOf":{"@id":"https:\/\/aviator-slotgame.com\/#website"},"datePublished":"2024-09-06T14:43:40+00:00","dateModified":"2024-09-08T10:40:25+00:00","description":"\u0423\u0437\u043d\u0430\u0439\u0442\u0435 \u0432\u0441\u0435 \u043e \u043a\u0440\u0430\u0448-\u0438\u0433\u0440\u0435 \u0410\u0432\u0438\u0430\u0442\u043e\u0440: \u043f\u0440\u0430\u0432\u0438\u043b\u0430, \u0431\u043e\u043d\u0443\u0441\u044b, \u043e\u0441\u043e\u0431\u0435\u043d\u043d\u043e\u0441\u0442\u0438 \u0438 \u0445\u0430\u0440\u0430\u043a\u0442\u0435\u0440\u0438\u0441\u0442\u0438\u043a\u0438 \u0438\u0433\u0440\u044b \u0434\u043b\u044f \u0443\u0432\u0435\u043b\u0438\u0447\u0435\u043d\u0438\u0435 \u043f\u0440\u0438\u0431\u044b\u043b\u0438 \u0432 \u043a\u0430\u0437\u0438\u043d\u043e. \u0418\u0433\u0440\u0430\u0439 \u0432 Aviator \u043e\u0442 Spribe \u0432 \u043e\u043d\u043b\u0430\u0439\u043d\u0435.","breadcrumb":{"@id":"https:\/\/aviator-slotgame.com\/aviator\/#breadcrumb"},"inLanguage":"pt-PT","potentialAction":[{"@type":"ReadAction","target":["https:\/\/aviator-slotgame.com\/aviator\/"]}]},{"@type":"BreadcrumbList","@id":"https:\/\/aviator-slotgame.com\/aviator\/#breadcrumb","itemListElement":[{"@type":"ListItem","position":1,"name":"Home","item":"https:\/\/aviator-slotgame.com\/"},{"@type":"ListItem","position":2,"name":"\u041f\u0440\u0430\u0432\u0438\u043b\u0430,\u043e\u0441\u043e\u0431\u0435\u043d\u043e\u0441\u0442\u0438 \u0438 \u0432\u044b\u0438\u0433\u0440\u044b\u0448\u0438 \u0432 \u043a\u0440\u0430\u0448-\u0441\u043b\u043e\u0442 \u0438\u0433\u0440\u0435 \u043d\u0430 \u0434\u0435\u043d\u044c\u0433\u0438"}]},{"@type":"WebSite","@id":"https:\/\/aviator-slotgame.com\/#website","url":"https:\/\/aviator-slotgame.com\/","name":"Aviator","description":"","publisher":{"@id":"https:\/\/aviator-slotgame.com\/#organization"},"potentialAction":[{"@type":"SearchAction","target":{"@type":"EntryPoint","urlTemplate":"https:\/\/aviator-slotgame.com\/?s={search_term_string}"},"query-input":"required name=search_term_string"}],"inLanguage":"pt-PT"},{"@type":"Organization","@id":"https:\/\/aviator-slotgame.com\/#organization","name":"Aviator","url":"https:\/\/aviator-slotgame.com\/","logo":{"@type":"ImageObject","inLanguage":"pt-PT","@id":"https:\/\/aviator-slotgame.com\/#\/schema\/logo\/image\/","url":"https:\/\/aviator-slotgame.com\/wp-content\/uploads\/16f5e8_dade544d4623411c9c4153c639aae85amv2.webp","contentUrl":"https:\/\/aviator-slotgame.com\/wp-content\/uploads\/16f5e8_dade544d4623411c9c4153c639aae85amv2.webp","width":400,"height":300,"caption":"Aviator"},"image":{"@id":"https:\/\/aviator-slotgame.com\/#\/schema\/logo\/image\/"}}]}},"amp_enabled":true,"_links":{"self":[{"href":"https:\/\/aviator-slotgame.com\/pt\/wp-json\/wp\/v2\/pages\/263","targetHints":{"allow":["GET"]}}],"collection":[{"href":"https:\/\/aviator-slotgame.com\/pt\/wp-json\/wp\/v2\/pages"}],"about":[{"href":"https:\/\/aviator-slotgame.com\/pt\/wp-json\/wp\/v2\/types\/page"}],"author":[{"embeddable":true,"href":"https:\/\/aviator-slotgame.com\/pt\/wp-json\/wp\/v2\/users\/1"}],"replies":[{"embeddable":true,"href":"https:\/\/aviator-slotgame.com\/pt\/wp-json\/wp\/v2\/comments?post=263"}],"version-history":[{"count":4,"href":"https:\/\/aviator-slotgame.com\/pt\/wp-json\/wp\/v2\/pages\/263\/revisions"}],"predecessor-version":[{"id":287,"href":"https:\/\/aviator-slotgame.com\/pt\/wp-json\/wp\/v2\/pages\/263\/revisions\/287"}],"wp:attachment":[{"href":"https:\/\/aviator-slotgame.com\/pt\/wp-json\/wp\/v2\/media?parent=263"}],"curies":[{"name":"wp","href":"https:\/\/api.w.org\/{rel}","templated":true}]}}