{"id":271,"date":"2024-09-06T15:05:30","date_gmt":"2024-09-06T15:05:30","guid":{"rendered":"https:\/\/aviator-slotgame.com\/?page_id=271"},"modified":"2024-10-03T22:45:15","modified_gmt":"2024-10-03T22:45:15","slug":"faq","status":"publish","type":"page","link":"https:\/\/aviator-slotgame.com\/pt\/faq\/","title":{"rendered":"FAQ sobre o jogo Aviator - Respostas a perguntas populares sobre o jogo"},"content":{"rendered":"<div class=\"a3009bb8025846e78d5bec41e8208062\" data-index=\"1\" style=\"float: none; margin:10px 0 10px 0; text-align:center;\">\n<div class=\"custom-play-button\">\r\n<center><a href=\"https:\/\/aviator-slotgame.com\/pt\/play-game\/\" rel=\"nofollow\" target=\"_blank\">Jogue agora<\/a><br><\/center>\r\n<\/div>\n<\/div>\n<p><img loading=\"lazy\" decoding=\"async\" class=\"alignnone size-full wp-image-273\" src=\"https:\/\/aviator-slotgame.com\/wp-content\/uploads\/Aviator-8-800-x-600-\u043f\u0438\u043a\u0441.jpg\" alt=\"Respostas \u00e0s perguntas sobre o jogo Aviator\" width=\"800\" height=\"600\" srcset=\"https:\/\/aviator-slotgame.com\/wp-content\/uploads\/Aviator-8-800-x-600-\u043f\u0438\u043a\u0441.jpg 800w, https:\/\/aviator-slotgame.com\/wp-content\/uploads\/Aviator-8-800-x-600-\u043f\u0438\u043a\u0441-300x225.jpg 300w, https:\/\/aviator-slotgame.com\/wp-content\/uploads\/Aviator-8-800-x-600-\u043f\u0438\u043a\u0441-768x576.jpg 768w, https:\/\/aviator-slotgame.com\/wp-content\/uploads\/Aviator-8-800-x-600-\u043f\u0438\u043a\u0441-16x12.jpg 16w\" sizes=\"auto, (max-width: 800px) 100vw, 800px\" \/><\/p>\n<h3><strong>Posso jogar o jogo Crash Aviator gratuitamente?<\/strong><\/h3>\n<p>Sim, voc\u00ea pode. Al\u00e9m disso, muitos profissionais do mundo dos jogos de azar aconselham que voc\u00ea primeiro jogue uma vers\u00e3o demo do jogo Aviator para entender melhor a jogabilidade. Sem reabastecer com dinheiro real! Ao jogar de gra\u00e7a, voc\u00ea pode pensar em uma estrat\u00e9gia para jogar Aviator ap\u00f3s reabastecer seu dep\u00f3sito.<\/p>\n<h3><strong>Qual \u00e9 o melhor lugar para jogar o jogo online Aviator?<\/strong><\/h3>\n<p>Voc\u00ea pode jogar gratuitamente em qualquer site de cassino na Internet. No entanto, se voc\u00ea est\u00e1 planejando come\u00e7ar a jogar com dinheiro real, voc\u00ea deve escolher um cassino comprovado e honesto. Para que o seu jogo no Aviator seja seguro e traga apenas emo\u00e7\u00f5es positivas e grandes ganhos!<\/p>\n<h3><strong>Posso jogar no cassino online Aviator no meu dispositivo m\u00f3vel?<\/strong><\/h3>\n<p>N\u00e3o existe um aplicativo separado para o jogo de azar Aviator, mas voc\u00ea pode instalar qualquer aplicativo de cassino oficial e comprovado, onde poder\u00e1 encontrar facilmente o jogo de travamento Aviator usando a barra de pesquisa. O jogo Aviator \u00e9 otimizado para dispositivos e telas de todas as resolu\u00e7\u00f5es, para que voc\u00ea possa aproveitar o jogo em seu celular Android ou iOS.<\/p><div class=\"a3009bb8025846e78d5bec41e8208062\" data-index=\"1\" style=\"float: none; margin:10px 0 10px 0; text-align:center;\">\n<div class=\"custom-play-button\">\r\n<center><a href=\"https:\/\/aviator-slotgame.com\/pt\/play-game\/\" rel=\"nofollow\" target=\"_blank\">Jogue agora<\/a><br><\/center>\r\n<\/div>\n<\/div>\n\n<h3><strong>Qual \u00e9 a aposta m\u00ednima no jogo online Aviator?<\/strong><\/h3>\n<p>A aposta m\u00ednima no casino online Aviator \u00e9 0,1$<\/p>\n<h3><strong>Qual \u00e9 a aposta m\u00e1xima no jogo online Aviator?<\/strong><\/h3>\n<p>A aposta m\u00e1xima no casino online Aviator \u00e9 100$<\/p>\n<h3><strong>Como jogar o jogo Aviador?<\/strong><\/h3>\n<p>O slot Aviator \u00e9 um jogo de azar muito f\u00e1cil de jogar. O mais importante \u00e9 seguir dois passos ao jogar Aviator - fazer uma aposta e retirar a aposta ap\u00f3s o in\u00edcio da rodada. O valor da aposta e o tempo de retirada s\u00e3o determinados por voc\u00ea com base na sua situa\u00e7\u00e3o e na sua disposi\u00e7\u00e3o de correr riscos.<\/p>\n<h3><strong>Como hackear o jogo Aviator?<\/strong><\/h3>\n<p>O jogo Aviator n\u00e3o pode ser hackeado, ent\u00e3o nem tente. A ideia principal do hack Aviator, que \u00e9 discutido ativamente nos f\u00f3runs, \u00e9 adivinhar o pr\u00f3ximo multiplicador no qual o avi\u00e3o voar\u00e1. Entende-se que conhecendo o pr\u00f3ximo multiplicador, o jogador ter\u00e1 tempo de fazer um saque pouco antes disso. Na verdade, \u00e9 imposs\u00edvel hackear o Aviator ou controlar a queda do multiplicador.<\/p>\n<h3><strong>Como prever o resultado do jogo Aviator?<\/strong><\/h3>\n<p>Ningu\u00e9m pode prever o resultado de uma rodada do jogo Aviator com probabilidade de 100 %. Muitas vezes s\u00f3 podemos prever a probabilidade de atingir um determinado multiplicador. Por exemplo, se voc\u00ea olhar o hist\u00f3rico de queda do multiplicador e ver que na \u00faltima hora o multiplicador 100 nunca apareceu, ent\u00e3o h\u00e1 uma grande probabilidade de que ele apare\u00e7a em um futuro pr\u00f3ximo. No entanto, \u00e9 imposs\u00edvel prever qual multiplicador aparecer\u00e1 na pr\u00f3xima vez, por exemplo x1,05 ou x3,0.<\/p>\n<h3><strong>O que\u00a0<\/strong><strong>RTP<\/strong><strong>\u00a0Slot de aviador?<\/strong><\/h3>\n<p>O RTP do slot Aviator \u00e9 97% de acordo com o site do desenvolvedor do jogo.<\/p>\n<h3><strong>Como ganhar o jogo Aviator?<\/strong><\/h3>\n<p>Ganhar no Aviator depende da sua estrat\u00e9gia. Portanto, para come\u00e7ar, \u00e9 importante determinar n\u00e3o como vencer no Aviator, mas como jogar Aviator. Para responder a esta pergunta, \u00e9 importante escolher a estrat\u00e9gia certa para jogar Aviator. Resumindo, uma estrat\u00e9gia conservadora para jogar Aviator ir\u00e1 minimizar o risco de perder e ajud\u00e1-lo a ganhar regularmente pequenas quantias. A estrat\u00e9gia de risco m\u00e1ximo ir\u00e1 ajud\u00e1-lo a ganhar grandes somas, mas as chances de perder todo o seu dep\u00f3sito tamb\u00e9m s\u00e3o altas.<\/p>\n<h3><strong>Como fazer um dep\u00f3sito no jogo Aviator?<\/strong><\/h3>\n<p>Para fazer um dep\u00f3sito no jogo Aviator, voc\u00ea deve se registrar no site do cassino online. Imediatamente ap\u00f3s o registo, \u00e9 importante passar pela verifica\u00e7\u00e3o da conta e fazer um dep\u00f3sito atrav\u00e9s de um dos m\u00e9todos oferecidos pelo casino. Via de regra, voc\u00ea pode recarregar seu dep\u00f3sito com cart\u00e3o banc\u00e1rio, criptomoeda e carteiras eletr\u00f4nicas.<\/p>\n<h3><strong>Como sacar dinheiro do Aviator para um cart\u00e3o banc\u00e1rio?<\/strong><\/h3>\n<p>Imediatamente ap\u00f3s a vit\u00f3ria, o dinheiro vai para a conta do jogo. O jogador pode sacar dinheiro da conta do jogo. Os m\u00e9todos e condi\u00e7\u00f5es de retirada dependem do cassino online. Por exemplo, alguns casinos permitem-lhe levantar dinheiro exactamente da mesma forma como o dinheiro foi depositado. Alguns cassinos n\u00e3o permitem o uso de cart\u00f5es banc\u00e1rios, por exemplo, cripto-cassinos.<\/p>\n\n<div style=\"font-size: 0px; height: 0px; line-height: 0px; margin: 0; padding: 0; clear: both;\"><\/div>","protected":false},"excerpt":{"rendered":"<p>Posso jogar o jogo Crash Aviator gratuitamente? Sim, voc\u00ea pode. Al\u00e9m disso, muitos profissionais do mundo do jogo aconselham<\/p>","protected":false},"author":1,"featured_media":0,"parent":0,"menu_order":0,"comment_status":"closed","ping_status":"closed","template":"","meta":{"footnotes":""},"class_list":["post-271","page","type-page","status-publish","hentry"],"yoast_head":"<!-- This site is optimized with the Yoast SEO plugin v22.0 - https:\/\/yoast.com\/wordpress\/plugins\/seo\/ -->\n<title>\u0427\u0430\u0441\u0442\u043e \u0437\u0430\u0434\u0430\u0432\u0430\u0435\u043c\u044b\u0435 \u0432\u043e\u043f\u0440\u043e\u0441\u044b \u043e\u0431 \u0438\u0433\u0440\u0435 \u0410\u0432\u0438\u0430\u0442\u043e\u0440 \u2014 FAQ \u043e \u043a\u0440\u0430\u0448-\u0441\u043b\u043e\u0442\u0435<\/title>\n<meta name=\"description\" content=\"\u0423\u0437\u043d\u0430\u0439\u0442\u0435 \u043e\u0442\u0432\u0435\u0442\u044b \u043d\u0430 \u0447\u0430\u0441\u0442\u043e \u0437\u0430\u0434\u0430\u0432\u0430\u0435\u043c\u044b\u0435 \u0432\u043e\u043f\u0440\u043e\u0441\u044b \u043e\u0431 \u0438\u0433\u0440\u0435 \u0410\u0432\u0438\u0430\u0442\u043e\u0440: \u043a\u0430\u043a \u0438\u0433\u0440\u0430\u0442\u044c, \u043f\u0440\u043e \u0441\u0442\u0430\u0432\u043a\u0438, \u043e\u0431 RTP,\u043e \u0432\u044b\u0432\u043e\u0434\u0435 \u0434\u0435\u043d\u0435\u0433 \u0438 \u043a\u0430\u043a \u0431\u0435\u0437\u043e\u043f\u0430\u0441\u043d\u043e \u0438\u0433\u0440\u0430\u0442\u044c \u0432 \u043a\u0440\u0430\u0448-\u0441\u043b\u043e\u0442 \u043d\u0430 \u0434\u0435\u043d\u044c\u0433\u0438 \u0432 \u043a\u0430\u0437\u0438\u043d\u043e.\" \/>\n<meta name=\"robots\" content=\"index, follow, max-snippet:-1, max-image-preview:large, max-video-preview:-1\" \/>\n<link rel=\"canonical\" href=\"https:\/\/aviator-slotgame.com\/pt\/faq\/\" \/>\n<meta property=\"og:locale\" content=\"pt_PT\" \/>\n<meta property=\"og:type\" content=\"article\" \/>\n<meta property=\"og:title\" content=\"\u0427\u0430\u0441\u0442\u043e \u0437\u0430\u0434\u0430\u0432\u0430\u0435\u043c\u044b\u0435 \u0432\u043e\u043f\u0440\u043e\u0441\u044b \u043e\u0431 \u0438\u0433\u0440\u0435 \u0410\u0432\u0438\u0430\u0442\u043e\u0440 \u2014 FAQ \u043e \u043a\u0440\u0430\u0448-\u0441\u043b\u043e\u0442\u0435\" \/>\n<meta property=\"og:description\" content=\"\u0423\u0437\u043d\u0430\u0439\u0442\u0435 \u043e\u0442\u0432\u0435\u0442\u044b \u043d\u0430 \u0447\u0430\u0441\u0442\u043e \u0437\u0430\u0434\u0430\u0432\u0430\u0435\u043c\u044b\u0435 \u0432\u043e\u043f\u0440\u043e\u0441\u044b \u043e\u0431 \u0438\u0433\u0440\u0435 \u0410\u0432\u0438\u0430\u0442\u043e\u0440: \u043a\u0430\u043a \u0438\u0433\u0440\u0430\u0442\u044c, \u043f\u0440\u043e \u0441\u0442\u0430\u0432\u043a\u0438, \u043e\u0431 RTP,\u043e \u0432\u044b\u0432\u043e\u0434\u0435 \u0434\u0435\u043d\u0435\u0433 \u0438 \u043a\u0430\u043a \u0431\u0435\u0437\u043e\u043f\u0430\u0441\u043d\u043e \u0438\u0433\u0440\u0430\u0442\u044c \u0432 \u043a\u0440\u0430\u0448-\u0441\u043b\u043e\u0442 \u043d\u0430 \u0434\u0435\u043d\u044c\u0433\u0438 \u0432 \u043a\u0430\u0437\u0438\u043d\u043e.\" \/>\n<meta property=\"og:url\" content=\"https:\/\/aviator-slotgame.com\/pt\/faq\/\" \/>\n<meta property=\"og:site_name\" content=\"Aviator\" \/>\n<meta property=\"article:modified_time\" content=\"2024-10-03T22:45:15+00:00\" \/>\n<meta name=\"twitter:card\" content=\"summary_large_image\" \/>\n<meta name=\"twitter:label1\" content=\"Tempo estimado de leitura\" \/>\n\t<meta name=\"twitter:data1\" content=\"3 minutos\" \/>\n<script type=\"application\/ld+json\" class=\"yoast-schema-graph\">{\"@context\":\"https:\/\/schema.org\",\"@graph\":[{\"@type\":\"WebPage\",\"@id\":\"https:\/\/aviator-slotgame.com\/faq\/\",\"url\":\"https:\/\/aviator-slotgame.com\/faq\/\",\"name\":\"\u0427\u0430\u0441\u0442\u043e \u0437\u0430\u0434\u0430\u0432\u0430\u0435\u043c\u044b\u0435 \u0432\u043e\u043f\u0440\u043e\u0441\u044b \u043e\u0431 \u0438\u0433\u0440\u0435 \u0410\u0432\u0438\u0430\u0442\u043e\u0440 \u2014 FAQ \u043e \u043a\u0440\u0430\u0448-\u0441\u043b\u043e\u0442\u0435\",\"isPartOf\":{\"@id\":\"https:\/\/aviator-slotgame.com\/#website\"},\"datePublished\":\"2024-09-06T15:05:30+00:00\",\"dateModified\":\"2024-10-03T22:45:15+00:00\",\"description\":\"\u0423\u0437\u043d\u0430\u0439\u0442\u0435 \u043e\u0442\u0432\u0435\u0442\u044b \u043d\u0430 \u0447\u0430\u0441\u0442\u043e \u0437\u0430\u0434\u0430\u0432\u0430\u0435\u043c\u044b\u0435 \u0432\u043e\u043f\u0440\u043e\u0441\u044b \u043e\u0431 \u0438\u0433\u0440\u0435 \u0410\u0432\u0438\u0430\u0442\u043e\u0440: \u043a\u0430\u043a \u0438\u0433\u0440\u0430\u0442\u044c, \u043f\u0440\u043e \u0441\u0442\u0430\u0432\u043a\u0438, \u043e\u0431 RTP,\u043e \u0432\u044b\u0432\u043e\u0434\u0435 \u0434\u0435\u043d\u0435\u0433 \u0438 \u043a\u0430\u043a \u0431\u0435\u0437\u043e\u043f\u0430\u0441\u043d\u043e \u0438\u0433\u0440\u0430\u0442\u044c \u0432 \u043a\u0440\u0430\u0448-\u0441\u043b\u043e\u0442 \u043d\u0430 \u0434\u0435\u043d\u044c\u0433\u0438 \u0432 \u043a\u0430\u0437\u0438\u043d\u043e.\",\"breadcrumb\":{\"@id\":\"https:\/\/aviator-slotgame.com\/faq\/#breadcrumb\"},\"inLanguage\":\"pt-PT\",\"potentialAction\":[{\"@type\":\"ReadAction\",\"target\":[\"https:\/\/aviator-slotgame.com\/faq\/\"]}]},{\"@type\":\"BreadcrumbList\",\"@id\":\"https:\/\/aviator-slotgame.com\/faq\/#breadcrumb\",\"itemListElement\":[{\"@type\":\"ListItem\",\"position\":1,\"name\":\"Home\",\"item\":\"https:\/\/aviator-slotgame.com\/\"},{\"@type\":\"ListItem\",\"position\":2,\"name\":\"FAQ \u043e\u0431 \u0438\u0433\u0440\u0435 Aviator &#8211; \u041e\u0442\u0432\u0435\u0442\u044b \u043d\u0430 \u043f\u043e\u043f\u0443\u043b\u044f\u0440\u043d\u044b\u0435 \u0432\u043e\u043f\u0440\u043e\u0441\u044b \u043e \u0438\u0433\u0440\u0435\"}]},{\"@type\":\"WebSite\",\"@id\":\"https:\/\/aviator-slotgame.com\/#website\",\"url\":\"https:\/\/aviator-slotgame.com\/\",\"name\":\"Aviator\",\"description\":\"\",\"publisher\":{\"@id\":\"https:\/\/aviator-slotgame.com\/#organization\"},\"potentialAction\":[{\"@type\":\"SearchAction\",\"target\":{\"@type\":\"EntryPoint\",\"urlTemplate\":\"https:\/\/aviator-slotgame.com\/?s={search_term_string}\"},\"query-input\":\"required name=search_term_string\"}],\"inLanguage\":\"pt-PT\"},{\"@type\":\"Organization\",\"@id\":\"https:\/\/aviator-slotgame.com\/#organization\",\"name\":\"Aviator\",\"url\":\"https:\/\/aviator-slotgame.com\/\",\"logo\":{\"@type\":\"ImageObject\",\"inLanguage\":\"pt-PT\",\"@id\":\"https:\/\/aviator-slotgame.com\/#\/schema\/logo\/image\/\",\"url\":\"https:\/\/aviator-slotgame.com\/wp-content\/uploads\/16f5e8_dade544d4623411c9c4153c639aae85amv2.webp\",\"contentUrl\":\"https:\/\/aviator-slotgame.com\/wp-content\/uploads\/16f5e8_dade544d4623411c9c4153c639aae85amv2.webp\",\"width\":400,\"height\":300,\"caption\":\"Aviator\"},\"image\":{\"@id\":\"https:\/\/aviator-slotgame.com\/#\/schema\/logo\/image\/\"}}]}<\/script>\n<!-- \/ Yoast SEO plugin. -->","yoast_head_json":{"title":"\u0427\u0430\u0441\u0442\u043e \u0437\u0430\u0434\u0430\u0432\u0430\u0435\u043c\u044b\u0435 \u0432\u043e\u043f\u0440\u043e\u0441\u044b \u043e\u0431 \u0438\u0433\u0440\u0435 \u0410\u0432\u0438\u0430\u0442\u043e\u0440 \u2014 FAQ \u043e \u043a\u0440\u0430\u0448-\u0441\u043b\u043e\u0442\u0435","description":"\u0423\u0437\u043d\u0430\u0439\u0442\u0435 \u043e\u0442\u0432\u0435\u0442\u044b \u043d\u0430 \u0447\u0430\u0441\u0442\u043e \u0437\u0430\u0434\u0430\u0432\u0430\u0435\u043c\u044b\u0435 \u0432\u043e\u043f\u0440\u043e\u0441\u044b \u043e\u0431 \u0438\u0433\u0440\u0435 \u0410\u0432\u0438\u0430\u0442\u043e\u0440: \u043a\u0430\u043a \u0438\u0433\u0440\u0430\u0442\u044c, \u043f\u0440\u043e \u0441\u0442\u0430\u0432\u043a\u0438, \u043e\u0431 RTP,\u043e \u0432\u044b\u0432\u043e\u0434\u0435 \u0434\u0435\u043d\u0435\u0433 \u0438 \u043a\u0430\u043a \u0431\u0435\u0437\u043e\u043f\u0430\u0441\u043d\u043e \u0438\u0433\u0440\u0430\u0442\u044c \u0432 \u043a\u0440\u0430\u0448-\u0441\u043b\u043e\u0442 \u043d\u0430 \u0434\u0435\u043d\u044c\u0433\u0438 \u0432 \u043a\u0430\u0437\u0438\u043d\u043e.","robots":{"index":"index","follow":"follow","max-snippet":"max-snippet:-1","max-image-preview":"max-image-preview:large","max-video-preview":"max-video-preview:-1"},"canonical":"https:\/\/aviator-slotgame.com\/pt\/faq\/","og_locale":"pt_PT","og_type":"article","og_title":"\u0427\u0430\u0441\u0442\u043e \u0437\u0430\u0434\u0430\u0432\u0430\u0435\u043c\u044b\u0435 \u0432\u043e\u043f\u0440\u043e\u0441\u044b \u043e\u0431 \u0438\u0433\u0440\u0435 \u0410\u0432\u0438\u0430\u0442\u043e\u0440 \u2014 FAQ \u043e \u043a\u0440\u0430\u0448-\u0441\u043b\u043e\u0442\u0435","og_description":"\u0423\u0437\u043d\u0430\u0439\u0442\u0435 \u043e\u0442\u0432\u0435\u0442\u044b \u043d\u0430 \u0447\u0430\u0441\u0442\u043e \u0437\u0430\u0434\u0430\u0432\u0430\u0435\u043c\u044b\u0435 \u0432\u043e\u043f\u0440\u043e\u0441\u044b \u043e\u0431 \u0438\u0433\u0440\u0435 \u0410\u0432\u0438\u0430\u0442\u043e\u0440: \u043a\u0430\u043a \u0438\u0433\u0440\u0430\u0442\u044c, \u043f\u0440\u043e \u0441\u0442\u0430\u0432\u043a\u0438, \u043e\u0431 RTP,\u043e \u0432\u044b\u0432\u043e\u0434\u0435 \u0434\u0435\u043d\u0435\u0433 \u0438 \u043a\u0430\u043a \u0431\u0435\u0437\u043e\u043f\u0430\u0441\u043d\u043e \u0438\u0433\u0440\u0430\u0442\u044c \u0432 \u043a\u0440\u0430\u0448-\u0441\u043b\u043e\u0442 \u043d\u0430 \u0434\u0435\u043d\u044c\u0433\u0438 \u0432 \u043a\u0430\u0437\u0438\u043d\u043e.","og_url":"https:\/\/aviator-slotgame.com\/pt\/faq\/","og_site_name":"Aviator","article_modified_time":"2024-10-03T22:45:15+00:00","twitter_card":"summary_large_image","twitter_misc":{"Tempo estimado de leitura":"3 minutos"},"schema":{"@context":"https:\/\/schema.org","@graph":[{"@type":"WebPage","@id":"https:\/\/aviator-slotgame.com\/faq\/","url":"https:\/\/aviator-slotgame.com\/faq\/","name":"\u0427\u0430\u0441\u0442\u043e \u0437\u0430\u0434\u0430\u0432\u0430\u0435\u043c\u044b\u0435 \u0432\u043e\u043f\u0440\u043e\u0441\u044b \u043e\u0431 \u0438\u0433\u0440\u0435 \u0410\u0432\u0438\u0430\u0442\u043e\u0440 \u2014 FAQ \u043e \u043a\u0440\u0430\u0448-\u0441\u043b\u043e\u0442\u0435","isPartOf":{"@id":"https:\/\/aviator-slotgame.com\/#website"},"datePublished":"2024-09-06T15:05:30+00:00","dateModified":"2024-10-03T22:45:15+00:00","description":"\u0423\u0437\u043d\u0430\u0439\u0442\u0435 \u043e\u0442\u0432\u0435\u0442\u044b \u043d\u0430 \u0447\u0430\u0441\u0442\u043e \u0437\u0430\u0434\u0430\u0432\u0430\u0435\u043c\u044b\u0435 \u0432\u043e\u043f\u0440\u043e\u0441\u044b \u043e\u0431 \u0438\u0433\u0440\u0435 \u0410\u0432\u0438\u0430\u0442\u043e\u0440: \u043a\u0430\u043a \u0438\u0433\u0440\u0430\u0442\u044c, \u043f\u0440\u043e \u0441\u0442\u0430\u0432\u043a\u0438, \u043e\u0431 RTP,\u043e \u0432\u044b\u0432\u043e\u0434\u0435 \u0434\u0435\u043d\u0435\u0433 \u0438 \u043a\u0430\u043a \u0431\u0435\u0437\u043e\u043f\u0430\u0441\u043d\u043e \u0438\u0433\u0440\u0430\u0442\u044c \u0432 \u043a\u0440\u0430\u0448-\u0441\u043b\u043e\u0442 \u043d\u0430 \u0434\u0435\u043d\u044c\u0433\u0438 \u0432 \u043a\u0430\u0437\u0438\u043d\u043e.","breadcrumb":{"@id":"https:\/\/aviator-slotgame.com\/faq\/#breadcrumb"},"inLanguage":"pt-PT","potentialAction":[{"@type":"ReadAction","target":["https:\/\/aviator-slotgame.com\/faq\/"]}]},{"@type":"BreadcrumbList","@id":"https:\/\/aviator-slotgame.com\/faq\/#breadcrumb","itemListElement":[{"@type":"ListItem","position":1,"name":"Home","item":"https:\/\/aviator-slotgame.com\/"},{"@type":"ListItem","position":2,"name":"FAQ \u043e\u0431 \u0438\u0433\u0440\u0435 Aviator &#8211; \u041e\u0442\u0432\u0435\u0442\u044b \u043d\u0430 \u043f\u043e\u043f\u0443\u043b\u044f\u0440\u043d\u044b\u0435 \u0432\u043e\u043f\u0440\u043e\u0441\u044b \u043e \u0438\u0433\u0440\u0435"}]},{"@type":"WebSite","@id":"https:\/\/aviator-slotgame.com\/#website","url":"https:\/\/aviator-slotgame.com\/","name":"Aviator","description":"","publisher":{"@id":"https:\/\/aviator-slotgame.com\/#organization"},"potentialAction":[{"@type":"SearchAction","target":{"@type":"EntryPoint","urlTemplate":"https:\/\/aviator-slotgame.com\/?s={search_term_string}"},"query-input":"required name=search_term_string"}],"inLanguage":"pt-PT"},{"@type":"Organization","@id":"https:\/\/aviator-slotgame.com\/#organization","name":"Aviator","url":"https:\/\/aviator-slotgame.com\/","logo":{"@type":"ImageObject","inLanguage":"pt-PT","@id":"https:\/\/aviator-slotgame.com\/#\/schema\/logo\/image\/","url":"https:\/\/aviator-slotgame.com\/wp-content\/uploads\/16f5e8_dade544d4623411c9c4153c639aae85amv2.webp","contentUrl":"https:\/\/aviator-slotgame.com\/wp-content\/uploads\/16f5e8_dade544d4623411c9c4153c639aae85amv2.webp","width":400,"height":300,"caption":"Aviator"},"image":{"@id":"https:\/\/aviator-slotgame.com\/#\/schema\/logo\/image\/"}}]}},"amp_enabled":true,"_links":{"self":[{"href":"https:\/\/aviator-slotgame.com\/pt\/wp-json\/wp\/v2\/pages\/271","targetHints":{"allow":["GET"]}}],"collection":[{"href":"https:\/\/aviator-slotgame.com\/pt\/wp-json\/wp\/v2\/pages"}],"about":[{"href":"https:\/\/aviator-slotgame.com\/pt\/wp-json\/wp\/v2\/types\/page"}],"author":[{"embeddable":true,"href":"https:\/\/aviator-slotgame.com\/pt\/wp-json\/wp\/v2\/users\/1"}],"replies":[{"embeddable":true,"href":"https:\/\/aviator-slotgame.com\/pt\/wp-json\/wp\/v2\/comments?post=271"}],"version-history":[{"count":8,"href":"https:\/\/aviator-slotgame.com\/pt\/wp-json\/wp\/v2\/pages\/271\/revisions"}],"predecessor-version":[{"id":407,"href":"https:\/\/aviator-slotgame.com\/pt\/wp-json\/wp\/v2\/pages\/271\/revisions\/407"}],"wp:attachment":[{"href":"https:\/\/aviator-slotgame.com\/pt\/wp-json\/wp\/v2\/media?parent=271"}],"curies":[{"name":"wp","href":"https:\/\/api.w.org\/{rel}","templated":true}]}}