{"id":29,"date":"2024-01-31T12:59:48","date_gmt":"2024-01-31T12:59:48","guid":{"rendered":"https:\/\/aviator-slotgame.com\/?page_id=29"},"modified":"2024-10-04T00:04:28","modified_gmt":"2024-10-04T00:04:28","slug":"aviator-by-spribe","status":"publish","type":"page","link":"https:\/\/aviator-slotgame.com\/pt\/casinos-online-com-aviador-de-spribe\/","title":{"rendered":"Cassino online com Aviator da Spribe"},"content":{"rendered":"<div class=\"a3009bb8025846e78d5bec41e8208062\" data-index=\"1\" style=\"float: none; margin:10px 0 10px 0; text-align:center;\">\n<div class=\"custom-play-button\">\r\n<center><a href=\"https:\/\/aviator-slotgame.com\/pt\/play-game\/\" rel=\"nofollow\" target=\"_blank\">Jogue agora<\/a><br><\/center>\r\n<\/div>\n<\/div>\n<p>Voc\u00ea est\u00e1 procurando cassinos online que oferecem Aviator? Voc\u00ea veio ao lugar certo!<\/p>\n<p>Jogar em um cassino online pode ser uma experi\u00eancia emocionante e divertida. Aviator apresenta jogabilidade suave, \u00f3timos gr\u00e1ficos e b\u00f4nus. Nos melhores casinos online que oferecem este jogo, pode esperar dep\u00f3sitos e levantamentos f\u00e1ceis, condi\u00e7\u00f5es de jogo seguras, apoio ao cliente 24 horas por dia, 7 dias por semana e uma vasta gama de jogos \u00e0 sua escolha.<\/p>\n<p>Ao jogar num casino online com dinheiro real ou criptomoeda, \u00e9 importante certificar-se de que o casino online \u00e9 confi\u00e1vel. N\u00f3s o ajudaremos a decidir qual cassino online \u00e9 melhor para suas necessidades do Aviator. Seguindo este guia, voc\u00ea encontrar\u00e1 facilmente cassinos online que oferecem o Aviator e poder\u00e1 come\u00e7ar a desfrutar de excelentes jogos online imediatamente!<\/p>\n<p><img loading=\"lazy\" decoding=\"async\" class=\"alignnone size-full wp-image-209\" title=\"Aviador por Spribe\" src=\"https:\/\/aviator-slotgame.com\/wp-content\/uploads\/aviator-2.png\" alt=\"Aviador por Spribe\" width=\"800\" height=\"445\" srcset=\"https:\/\/aviator-slotgame.com\/wp-content\/uploads\/aviator-2.png 800w, https:\/\/aviator-slotgame.com\/wp-content\/uploads\/aviator-2-300x167.png 300w, https:\/\/aviator-slotgame.com\/wp-content\/uploads\/aviator-2-768x427.png 768w, https:\/\/aviator-slotgame.com\/wp-content\/uploads\/aviator-2-18x10.png 18w\" sizes=\"auto, (max-width: 800px) 100vw, 800px\" \/><\/p><div class=\"a3009bb8025846e78d5bec41e8208062\" data-index=\"1\" style=\"float: none; margin:10px 0 10px 0; text-align:center;\">\n<div class=\"custom-play-button\">\r\n<center><a href=\"https:\/\/aviator-slotgame.com\/pt\/play-game\/\" rel=\"nofollow\" target=\"_blank\">Jogue agora<\/a><br><\/center>\r\n<\/div>\n<\/div>\n\n<h2>Escolhendo um cassino online para jogar Aviator<\/h2>\n<p>Aqui est\u00e1 uma lista de quest\u00f5es a serem consideradas ao escolher um site de cassino:<\/p>\n<ul>\n<li>O site tem uma boa reputa\u00e7\u00e3o entre os jogadores?<\/li>\n<li>O Aviator est\u00e1 dispon\u00edvel neste site?<\/li>\n<li>Este cassino est\u00e1 licenciado para operar no seu pa\u00eds?<\/li>\n<li>O casino online aceita a sua moeda preferida?<\/li>\n<li>Se voc\u00ea quiser usar criptomoeda, eles aceitam sua moeda favorita?<\/li>\n<li>Que b\u00f3nus de boas-vindas est\u00e3o dispon\u00edveis para novos jogadores de casino online?<\/li>\n<\/ul>\n<h3>Melhores b\u00f4nus de boas-vindas para jogadores aviadores<\/h3>\n<p>O melhor b\u00f4nus de boas-vindas do cassino oferecer\u00e1 aos novos jogadores cr\u00e9dito correspondente do site em seu primeiro dep\u00f3sito, bem como um pacote de rodadas gr\u00e1tis! Antes de se registrar, leia os termos e condi\u00e7\u00f5es do cassino online.<\/p>\n<p>Por \u00faltimo, n\u00e3o se esque\u00e7a de se divertir! Jogar num casino online deve ser divertido. N\u00e3o tenha pressa, fa\u00e7a alguns testes e depois aproveite a emo\u00e7\u00e3o de jogar Aviator! Boa sorte!<\/p>\n<table>\n<tbody>\n<tr>\n<td><strong>OFERTAS DE B\u00d4NUS DE BEM-VINDO<\/strong><\/td>\n<\/tr>\n<tr>\n<td><strong>Empr\u00e9stimo de primeiro dep\u00f3sito<\/strong><\/td>\n<td>150% ou superior<\/td>\n<\/tr>\n<tr>\n<td><strong>B\u00f4nus m\u00e1ximo<\/strong><\/td>\n<td>N\u00e3o menos que $$ 25.000<\/td>\n<\/tr>\n<tr>\n<td><strong>Rodadas gr\u00e1tis<\/strong><\/td>\n<td>Mais de 150 rodadas gr\u00e1tis<\/td>\n<\/tr>\n<\/tbody>\n<\/table>\n<p><img loading=\"lazy\" decoding=\"async\" class=\"alignnone size-full wp-image-363\" src=\"https:\/\/aviator-slotgame.com\/wp-content\/uploads\/Aviator-32-800-x-600-\u043f\u0438\u043a\u0441.jpg\" alt=\"Cassino online no jogo Aviator\" width=\"800\" height=\"600\" srcset=\"https:\/\/aviator-slotgame.com\/wp-content\/uploads\/Aviator-32-800-x-600-\u043f\u0438\u043a\u0441.jpg 800w, https:\/\/aviator-slotgame.com\/wp-content\/uploads\/Aviator-32-800-x-600-\u043f\u0438\u043a\u0441-300x225.jpg 300w, https:\/\/aviator-slotgame.com\/wp-content\/uploads\/Aviator-32-800-x-600-\u043f\u0438\u043a\u0441-768x576.jpg 768w, https:\/\/aviator-slotgame.com\/wp-content\/uploads\/Aviator-32-800-x-600-\u043f\u0438\u043a\u0441-16x12.jpg 16w\" sizes=\"auto, (max-width: 800px) 100vw, 800px\" \/><\/p>\n<h2 id=\"h-online-cryptocurrency-casinos\">Cassinos online de criptomoeda<\/h2>\n<p>A popularidade inicial do Aviator veio do mundo dos cassinos com criptomoedas. Sua vantagem baixa e ritmo de jogo r\u00e1pido o tornaram um favorito entre os jogadores de slots criptogr\u00e1ficos de todo o mundo. Al\u00e9m disso, o multijogador social e os aspectos competitivos tornam o jogo perfeito para comunidades criptogr\u00e1ficas.<\/p>\n<p>Se voc\u00ea est\u00e1 procurando um cassino online que suporte criptomoeda, h\u00e1 algumas coisas que voc\u00ea deve ter em mente.<\/p>\n<figure class=\"wp-block-table\">\n<table>\n<tbody>\n<tr>\n<td><strong>CRIPTOMOEDAS COMUMENTE ACEITAS EM CASSINOS<\/strong><\/td>\n<\/tr>\n<tr>\n<td><strong>Bitcoin (BTC)<\/strong><\/td>\n<\/tr>\n<tr>\n<td><strong>Ethereum (ETH)<\/strong><\/td>\n<\/tr>\n<tr>\n<td><strong>Dinheiro Bitcoin (BCH)<\/strong><\/td>\n<\/tr>\n<tr>\n<td><strong>Litecoin (LTC)<\/strong><\/td>\n<\/tr>\n<tr>\n<td><strong>Dogecoin (DOGE)<\/strong><\/td>\n<\/tr>\n<\/tbody>\n<\/table>\n<\/figure>\n<p><img loading=\"lazy\" decoding=\"async\" class=\"alignnone size-full wp-image-356\" src=\"https:\/\/aviator-slotgame.com\/wp-content\/uploads\/Aviator-29-800-x-600-\u043f\u0438\u043a\u0441-1.jpg\" alt=\"Pagamento com criptografia em cassinos online\" width=\"800\" height=\"600\" srcset=\"https:\/\/aviator-slotgame.com\/wp-content\/uploads\/Aviator-29-800-x-600-\u043f\u0438\u043a\u0441-1.jpg 800w, https:\/\/aviator-slotgame.com\/wp-content\/uploads\/Aviator-29-800-x-600-\u043f\u0438\u043a\u0441-1-300x225.jpg 300w, https:\/\/aviator-slotgame.com\/wp-content\/uploads\/Aviator-29-800-x-600-\u043f\u0438\u043a\u0441-1-768x576.jpg 768w, https:\/\/aviator-slotgame.com\/wp-content\/uploads\/Aviator-29-800-x-600-\u043f\u0438\u043a\u0441-1-16x12.jpg 16w\" sizes=\"auto, (max-width: 800px) 100vw, 800px\" \/><\/p>\n<h2 id=\"h-the-social-experience\">Experi\u00eancia social<\/h2>\n<p>No Aviator, voc\u00ea pode conversar com outros jogadores em tempo real, definir sua pr\u00f3pria foto de perfil, ver as apostas uns dos outros e exibir seus maiores ganhos! E tudo isso on-line!<\/p>\n<p>Poucos jogos do tipo slot oferecem aos jogadores a oportunidade de se comunicarem e acompanharem as apostas uns dos outros como o Aviator faz. A sensa\u00e7\u00e3o de jogo multijogador online \u00e9 rara no mundo dos casinos, onde as pessoas est\u00e3o muitas vezes isoladas, girando sozinhas os seus rolos favoritos. Voc\u00ea pode se sentir sozinho em um cassino normal, mas nos sites isso \u00e9 100 vezes mais f\u00e1cil.<\/p>\n<p><img loading=\"lazy\" decoding=\"async\" class=\"alignnone size-full wp-image-365\" src=\"https:\/\/aviator-slotgame.com\/wp-content\/uploads\/Aviator-33-800-x-600-\u043f\u0438\u043a\u0441.jpg\" alt=\"Experi\u00eancia Social no Aviador\" width=\"800\" height=\"600\" srcset=\"https:\/\/aviator-slotgame.com\/wp-content\/uploads\/Aviator-33-800-x-600-\u043f\u0438\u043a\u0441.jpg 800w, https:\/\/aviator-slotgame.com\/wp-content\/uploads\/Aviator-33-800-x-600-\u043f\u0438\u043a\u0441-300x225.jpg 300w, https:\/\/aviator-slotgame.com\/wp-content\/uploads\/Aviator-33-800-x-600-\u043f\u0438\u043a\u0441-768x576.jpg 768w, https:\/\/aviator-slotgame.com\/wp-content\/uploads\/Aviator-33-800-x-600-\u043f\u0438\u043a\u0441-16x12.jpg 16w\" sizes=\"auto, (max-width: 800px) 100vw, 800px\" \/><\/p>\n<h2 id=\"h-aviator-mobile-devices\">Dispositivos m\u00f3veis aviador<\/h2>\n<p>Se o seu site de cassino favorito oferece uma vers\u00e3o m\u00f3vel do site ou um aplicativo dedicado, voc\u00ea pode jogar Aviator online de qualquer lugar com servi\u00e7o de celular. Talvez voc\u00ea esteja na praia ou no sof\u00e1. Ou talvez voc\u00ea esteja na fila do caf\u00e9 da manh\u00e3 e queira apostar em alguns voos enquanto espera.<\/p>\n<p>Esta \u00e9 uma \u00f3tima not\u00edcia se voc\u00ea joga Aviator \u2013 o jogo \u00e9 otimizado para telas de smartphones e funciona perfeitamente nos sistemas operacionais Android e iOS. E gra\u00e7as aos controles convenientes, voc\u00ea pode facilmente fazer uma aposta, clicar no bot\u00e3o \u201cRetirar\u201d e retirar seus ganhos de qualquer lugar!<\/p>\n<p><img loading=\"lazy\" decoding=\"async\" class=\"alignnone size-full wp-image-367\" src=\"https:\/\/aviator-slotgame.com\/wp-content\/uploads\/Aviator-34-800-x-600-\u043f\u0438\u043a\u0441.jpg\" alt=\"Jogue Aviator em telefones\" width=\"800\" height=\"600\" srcset=\"https:\/\/aviator-slotgame.com\/wp-content\/uploads\/Aviator-34-800-x-600-\u043f\u0438\u043a\u0441.jpg 800w, https:\/\/aviator-slotgame.com\/wp-content\/uploads\/Aviator-34-800-x-600-\u043f\u0438\u043a\u0441-300x225.jpg 300w, https:\/\/aviator-slotgame.com\/wp-content\/uploads\/Aviator-34-800-x-600-\u043f\u0438\u043a\u0441-768x576.jpg 768w, https:\/\/aviator-slotgame.com\/wp-content\/uploads\/Aviator-34-800-x-600-\u043f\u0438\u043a\u0441-16x12.jpg 16w\" sizes=\"auto, (max-width: 800px) 100vw, 800px\" \/><\/p>\n<h2 id=\"h-the-bottom-line\">Resultado final<\/h2>\n<p>Se voc\u00ea est\u00e1 procurando um cassino online novo e emocionante, n\u00e3o procure mais, o Aviator da Spribe. Com apostas baixas e regras f\u00e1ceis de aprender, este casino tem algo para todos. Al\u00e9m disso, com seu aspecto social e suporte a criptomoedas, o Aviator pode levar sua emo\u00e7\u00e3o online para o pr\u00f3ximo n\u00edvel! O que voc\u00ea est\u00e1 esperando? Experimente hoje e descubra por que \u00e9 um dos novos jogos mais populares da cidade!<\/p>\n<p>Tenha um bom v\u00f4o!<\/p>\n<p><img loading=\"lazy\" decoding=\"async\" class=\"alignnone size-full wp-image-369\" src=\"https:\/\/aviator-slotgame.com\/wp-content\/uploads\/Aviator-35-800-x-600-\u043f\u0438\u043a\u0441.jpg\" alt=\"Resultados\" width=\"800\" height=\"600\" srcset=\"https:\/\/aviator-slotgame.com\/wp-content\/uploads\/Aviator-35-800-x-600-\u043f\u0438\u043a\u0441.jpg 800w, https:\/\/aviator-slotgame.com\/wp-content\/uploads\/Aviator-35-800-x-600-\u043f\u0438\u043a\u0441-300x225.jpg 300w, https:\/\/aviator-slotgame.com\/wp-content\/uploads\/Aviator-35-800-x-600-\u043f\u0438\u043a\u0441-768x576.jpg 768w, https:\/\/aviator-slotgame.com\/wp-content\/uploads\/Aviator-35-800-x-600-\u043f\u0438\u043a\u0441-16x12.jpg 16w\" sizes=\"auto, (max-width: 800px) 100vw, 800px\" \/><\/p>\n<h2 id=\"h-frequently-asked-questions-faq\">Perguntas frequentes (FAQ)<\/h2>\n<h3 id=\"h-is-aviator-legal\">O jogo Aviator \u00e9 legal?<\/h3>\n<p>Sim. Aviador \u00e9 100% legal. Os casinos online que oferecem este jogo tamb\u00e9m s\u00e3o legais, licenciados e regulamentados pelas autoridades governamentais relevantes nas suas regi\u00f5es.<\/p>\n<h3 id=\"h-who-makes-aviator\">Quem faz o Aviador?<\/h3>\n<p>Aviador foi criado por Spribe.<\/p>\n<p>A Spribe oferece suporte e desenvolve uma ampla variedade de jogos online para sites em todo o mundo.<\/p>\n<h3 id=\"h-are-online-casinos-rigged\">Os cassinos online s\u00e3o fraudes?<\/h3>\n<p>Se voc\u00ea escolher sites licenciados e confi\u00e1veis para jogar, eles N\u00c3O ser\u00e3o fraudados de forma alguma.<\/p>\n<h3 id=\"h-is-aviator-fair\">O Aviador \u00e9 honesto?<\/h3>\n<p>\u00c9 f\u00e1cil suspeitar de jogos de azar online. N\u00f3s entendemos. Mas Aviator \u00e9 o jogo de cassino mais justo e transparente de todo o mercado.<\/p>\n<p>Spribe usa o que chama de Tecnologia Provably Fair para garantir que cada rodada seja completamente aleat\u00f3ria e justa. Se estiver jogando um dos jogos ao vivo, voc\u00ea pode clicar no \u00edcone do escudo verde na parte inferior da tela ou ao lado da sua aposta para ver essas informa\u00e7\u00f5es.<\/p>\n\n<div style=\"font-size: 0px; height: 0px; line-height: 0px; margin: 0; padding: 0; clear: both;\"><\/div>","protected":false},"excerpt":{"rendered":"<p>Voc\u00ea est\u00e1 procurando cassinos online que oferecem Aviator? Voc\u00ea veio ao lugar certo! Jogar em um cassino online pode ser emocionante e divertido<\/p>","protected":false},"author":1,"featured_media":0,"parent":0,"menu_order":0,"comment_status":"closed","ping_status":"closed","template":"","meta":{"footnotes":""},"class_list":["post-29","page","type-page","status-publish","hentry"],"yoast_head":"<!-- This site is optimized with the Yoast SEO plugin v22.0 - https:\/\/yoast.com\/wordpress\/plugins\/seo\/ -->\n<title>Aviator \u043e\u0442 Spribe \u2013 \u041f\u043e\u043f\u0443\u043b\u044f\u0440\u043d\u0430\u044f \u0438\u0433\u0440\u0430 \u0441 \u0432\u044b\u0441\u043e\u043a\u0438\u043c\u0438 \u0432\u044b\u0438\u0433\u0440\u044b\u0448\u0430\u043c\u0438<\/title>\n<meta name=\"description\" content=\"\u041a\u0440\u0430\u0448-\u0438\u0433\u0440\u0430 \u0410\u0432\u0438\u0430\u0442\u043e\u0440 \u043e\u0442 Spribe \u2013 \u043b\u0443\u0447\u0448\u0438\u0439 \u0441\u043b\u043e\u0442 \u0434\u043b\u044f \u0430\u0437\u0430\u0440\u0442\u043d\u044b\u0445 \u0438\u0433\u0440\u043e\u043a\u043e\u0432. \u0421\u043b\u0435\u0434\u0438 \u0437\u0430 \u0441\u0430\u043c\u043e\u043b\u0435\u0442\u043e\u043c \u0438 \u0438\u0433\u0440\u0430\u0439 \u043d\u0430 \u0434\u0435\u043d\u044c\u0433\u0438 \u0432 \u043e\u043d\u043b\u0430\u0439\u043d \u043a\u0430\u0437\u0438\u043d\u043e, \u0438\u0433\u0440\u0430\u0439 \u0441 \u043c\u043e\u0431\u0438\u043b\u044c\u043d\u043e\u0433\u043e \u0438\u043b\u0438 \u0441\u043a\u0430\u0447\u0430\u0439 \u043d\u0430 \u0442\u0435\u043b\u0435\u0444\u043e\u043d.\" \/>\n<meta name=\"robots\" content=\"index, follow, max-snippet:-1, max-image-preview:large, max-video-preview:-1\" \/>\n<link rel=\"canonical\" href=\"https:\/\/aviator-slotgame.com\/pt\/casinos-online-com-aviador-de-spribe\/\" \/>\n<meta property=\"og:locale\" content=\"pt_PT\" \/>\n<meta property=\"og:type\" content=\"article\" \/>\n<meta property=\"og:title\" content=\"Aviator \u043e\u0442 Spribe \u2013 \u041f\u043e\u043f\u0443\u043b\u044f\u0440\u043d\u0430\u044f \u0438\u0433\u0440\u0430 \u0441 \u0432\u044b\u0441\u043e\u043a\u0438\u043c\u0438 \u0432\u044b\u0438\u0433\u0440\u044b\u0448\u0430\u043c\u0438\" \/>\n<meta property=\"og:description\" content=\"\u041a\u0440\u0430\u0448-\u0438\u0433\u0440\u0430 \u0410\u0432\u0438\u0430\u0442\u043e\u0440 \u043e\u0442 Spribe \u2013 \u043b\u0443\u0447\u0448\u0438\u0439 \u0441\u043b\u043e\u0442 \u0434\u043b\u044f \u0430\u0437\u0430\u0440\u0442\u043d\u044b\u0445 \u0438\u0433\u0440\u043e\u043a\u043e\u0432. \u0421\u043b\u0435\u0434\u0438 \u0437\u0430 \u0441\u0430\u043c\u043e\u043b\u0435\u0442\u043e\u043c \u0438 \u0438\u0433\u0440\u0430\u0439 \u043d\u0430 \u0434\u0435\u043d\u044c\u0433\u0438 \u0432 \u043e\u043d\u043b\u0430\u0439\u043d \u043a\u0430\u0437\u0438\u043d\u043e, \u0438\u0433\u0440\u0430\u0439 \u0441 \u043c\u043e\u0431\u0438\u043b\u044c\u043d\u043e\u0433\u043e \u0438\u043b\u0438 \u0441\u043a\u0430\u0447\u0430\u0439 \u043d\u0430 \u0442\u0435\u043b\u0435\u0444\u043e\u043d.\" \/>\n<meta property=\"og:url\" content=\"https:\/\/aviator-slotgame.com\/pt\/casinos-online-com-aviador-de-spribe\/\" \/>\n<meta property=\"og:site_name\" content=\"Aviator\" \/>\n<meta property=\"article:modified_time\" content=\"2024-10-04T00:04:28+00:00\" \/>\n<meta property=\"og:image\" content=\"https:\/\/aviator-slotgame.com\/wp-content\/uploads\/aviator-2.png\" \/>\n<meta name=\"twitter:card\" content=\"summary_large_image\" \/>\n<meta name=\"twitter:label1\" content=\"Tempo estimado de leitura\" \/>\n\t<meta name=\"twitter:data1\" content=\"5 minutos\" \/>\n<script type=\"application\/ld+json\" class=\"yoast-schema-graph\">{\"@context\":\"https:\/\/schema.org\",\"@graph\":[{\"@type\":\"WebPage\",\"@id\":\"https:\/\/aviator-slotgame.com\/aviator-by-spribe\/\",\"url\":\"https:\/\/aviator-slotgame.com\/aviator-by-spribe\/\",\"name\":\"Aviator \u043e\u0442 Spribe \u2013 \u041f\u043e\u043f\u0443\u043b\u044f\u0440\u043d\u0430\u044f \u0438\u0433\u0440\u0430 \u0441 \u0432\u044b\u0441\u043e\u043a\u0438\u043c\u0438 \u0432\u044b\u0438\u0433\u0440\u044b\u0448\u0430\u043c\u0438\",\"isPartOf\":{\"@id\":\"https:\/\/aviator-slotgame.com\/#website\"},\"datePublished\":\"2024-01-31T12:59:48+00:00\",\"dateModified\":\"2024-10-04T00:04:28+00:00\",\"description\":\"\u041a\u0440\u0430\u0448-\u0438\u0433\u0440\u0430 \u0410\u0432\u0438\u0430\u0442\u043e\u0440 \u043e\u0442 Spribe \u2013 \u043b\u0443\u0447\u0448\u0438\u0439 \u0441\u043b\u043e\u0442 \u0434\u043b\u044f \u0430\u0437\u0430\u0440\u0442\u043d\u044b\u0445 \u0438\u0433\u0440\u043e\u043a\u043e\u0432. \u0421\u043b\u0435\u0434\u0438 \u0437\u0430 \u0441\u0430\u043c\u043e\u043b\u0435\u0442\u043e\u043c \u0438 \u0438\u0433\u0440\u0430\u0439 \u043d\u0430 \u0434\u0435\u043d\u044c\u0433\u0438 \u0432 \u043e\u043d\u043b\u0430\u0439\u043d \u043a\u0430\u0437\u0438\u043d\u043e, \u0438\u0433\u0440\u0430\u0439 \u0441 \u043c\u043e\u0431\u0438\u043b\u044c\u043d\u043e\u0433\u043e \u0438\u043b\u0438 \u0441\u043a\u0430\u0447\u0430\u0439 \u043d\u0430 \u0442\u0435\u043b\u0435\u0444\u043e\u043d.\",\"breadcrumb\":{\"@id\":\"https:\/\/aviator-slotgame.com\/aviator-by-spribe\/#breadcrumb\"},\"inLanguage\":\"pt-PT\",\"potentialAction\":[{\"@type\":\"ReadAction\",\"target\":[\"https:\/\/aviator-slotgame.com\/aviator-by-spribe\/\"]}]},{\"@type\":\"BreadcrumbList\",\"@id\":\"https:\/\/aviator-slotgame.com\/aviator-by-spribe\/#breadcrumb\",\"itemListElement\":[{\"@type\":\"ListItem\",\"position\":1,\"name\":\"Home\",\"item\":\"https:\/\/aviator-slotgame.com\/\"},{\"@type\":\"ListItem\",\"position\":2,\"name\":\"\u041e\u043d\u043b\u0430\u0439\u043d \u043a\u0430\u0437\u0438\u043d\u043e \u0441 \u0410\u0432\u0438\u0430\u0442\u043e\u0440\u043e\u043c \u043e\u0442 Spribe\"}]},{\"@type\":\"WebSite\",\"@id\":\"https:\/\/aviator-slotgame.com\/#website\",\"url\":\"https:\/\/aviator-slotgame.com\/\",\"name\":\"Aviator\",\"description\":\"\",\"publisher\":{\"@id\":\"https:\/\/aviator-slotgame.com\/#organization\"},\"potentialAction\":[{\"@type\":\"SearchAction\",\"target\":{\"@type\":\"EntryPoint\",\"urlTemplate\":\"https:\/\/aviator-slotgame.com\/?s={search_term_string}\"},\"query-input\":\"required name=search_term_string\"}],\"inLanguage\":\"pt-PT\"},{\"@type\":\"Organization\",\"@id\":\"https:\/\/aviator-slotgame.com\/#organization\",\"name\":\"Aviator\",\"url\":\"https:\/\/aviator-slotgame.com\/\",\"logo\":{\"@type\":\"ImageObject\",\"inLanguage\":\"pt-PT\",\"@id\":\"https:\/\/aviator-slotgame.com\/#\/schema\/logo\/image\/\",\"url\":\"https:\/\/aviator-slotgame.com\/wp-content\/uploads\/16f5e8_dade544d4623411c9c4153c639aae85amv2.webp\",\"contentUrl\":\"https:\/\/aviator-slotgame.com\/wp-content\/uploads\/16f5e8_dade544d4623411c9c4153c639aae85amv2.webp\",\"width\":400,\"height\":300,\"caption\":\"Aviator\"},\"image\":{\"@id\":\"https:\/\/aviator-slotgame.com\/#\/schema\/logo\/image\/\"}}]}<\/script>\n<!-- \/ Yoast SEO plugin. -->","yoast_head_json":{"title":"Aviator \u043e\u0442 Spribe \u2013 \u041f\u043e\u043f\u0443\u043b\u044f\u0440\u043d\u0430\u044f \u0438\u0433\u0440\u0430 \u0441 \u0432\u044b\u0441\u043e\u043a\u0438\u043c\u0438 \u0432\u044b\u0438\u0433\u0440\u044b\u0448\u0430\u043c\u0438","description":"\u041a\u0440\u0430\u0448-\u0438\u0433\u0440\u0430 \u0410\u0432\u0438\u0430\u0442\u043e\u0440 \u043e\u0442 Spribe \u2013 \u043b\u0443\u0447\u0448\u0438\u0439 \u0441\u043b\u043e\u0442 \u0434\u043b\u044f \u0430\u0437\u0430\u0440\u0442\u043d\u044b\u0445 \u0438\u0433\u0440\u043e\u043a\u043e\u0432. \u0421\u043b\u0435\u0434\u0438 \u0437\u0430 \u0441\u0430\u043c\u043e\u043b\u0435\u0442\u043e\u043c \u0438 \u0438\u0433\u0440\u0430\u0439 \u043d\u0430 \u0434\u0435\u043d\u044c\u0433\u0438 \u0432 \u043e\u043d\u043b\u0430\u0439\u043d \u043a\u0430\u0437\u0438\u043d\u043e, \u0438\u0433\u0440\u0430\u0439 \u0441 \u043c\u043e\u0431\u0438\u043b\u044c\u043d\u043e\u0433\u043e \u0438\u043b\u0438 \u0441\u043a\u0430\u0447\u0430\u0439 \u043d\u0430 \u0442\u0435\u043b\u0435\u0444\u043e\u043d.","robots":{"index":"index","follow":"follow","max-snippet":"max-snippet:-1","max-image-preview":"max-image-preview:large","max-video-preview":"max-video-preview:-1"},"canonical":"https:\/\/aviator-slotgame.com\/pt\/casinos-online-com-aviador-de-spribe\/","og_locale":"pt_PT","og_type":"article","og_title":"Aviator \u043e\u0442 Spribe \u2013 \u041f\u043e\u043f\u0443\u043b\u044f\u0440\u043d\u0430\u044f \u0438\u0433\u0440\u0430 \u0441 \u0432\u044b\u0441\u043e\u043a\u0438\u043c\u0438 \u0432\u044b\u0438\u0433\u0440\u044b\u0448\u0430\u043c\u0438","og_description":"\u041a\u0440\u0430\u0448-\u0438\u0433\u0440\u0430 \u0410\u0432\u0438\u0430\u0442\u043e\u0440 \u043e\u0442 Spribe \u2013 \u043b\u0443\u0447\u0448\u0438\u0439 \u0441\u043b\u043e\u0442 \u0434\u043b\u044f \u0430\u0437\u0430\u0440\u0442\u043d\u044b\u0445 \u0438\u0433\u0440\u043e\u043a\u043e\u0432. \u0421\u043b\u0435\u0434\u0438 \u0437\u0430 \u0441\u0430\u043c\u043e\u043b\u0435\u0442\u043e\u043c \u0438 \u0438\u0433\u0440\u0430\u0439 \u043d\u0430 \u0434\u0435\u043d\u044c\u0433\u0438 \u0432 \u043e\u043d\u043b\u0430\u0439\u043d \u043a\u0430\u0437\u0438\u043d\u043e, \u0438\u0433\u0440\u0430\u0439 \u0441 \u043c\u043e\u0431\u0438\u043b\u044c\u043d\u043e\u0433\u043e \u0438\u043b\u0438 \u0441\u043a\u0430\u0447\u0430\u0439 \u043d\u0430 \u0442\u0435\u043b\u0435\u0444\u043e\u043d.","og_url":"https:\/\/aviator-slotgame.com\/pt\/casinos-online-com-aviador-de-spribe\/","og_site_name":"Aviator","article_modified_time":"2024-10-04T00:04:28+00:00","og_image":[{"url":"https:\/\/aviator-slotgame.com\/wp-content\/uploads\/aviator-2.png"}],"twitter_card":"summary_large_image","twitter_misc":{"Tempo estimado de leitura":"5 minutos"},"schema":{"@context":"https:\/\/schema.org","@graph":[{"@type":"WebPage","@id":"https:\/\/aviator-slotgame.com\/aviator-by-spribe\/","url":"https:\/\/aviator-slotgame.com\/aviator-by-spribe\/","name":"Aviator \u043e\u0442 Spribe \u2013 \u041f\u043e\u043f\u0443\u043b\u044f\u0440\u043d\u0430\u044f \u0438\u0433\u0440\u0430 \u0441 \u0432\u044b\u0441\u043e\u043a\u0438\u043c\u0438 \u0432\u044b\u0438\u0433\u0440\u044b\u0448\u0430\u043c\u0438","isPartOf":{"@id":"https:\/\/aviator-slotgame.com\/#website"},"datePublished":"2024-01-31T12:59:48+00:00","dateModified":"2024-10-04T00:04:28+00:00","description":"\u041a\u0440\u0430\u0448-\u0438\u0433\u0440\u0430 \u0410\u0432\u0438\u0430\u0442\u043e\u0440 \u043e\u0442 Spribe \u2013 \u043b\u0443\u0447\u0448\u0438\u0439 \u0441\u043b\u043e\u0442 \u0434\u043b\u044f \u0430\u0437\u0430\u0440\u0442\u043d\u044b\u0445 \u0438\u0433\u0440\u043e\u043a\u043e\u0432. \u0421\u043b\u0435\u0434\u0438 \u0437\u0430 \u0441\u0430\u043c\u043e\u043b\u0435\u0442\u043e\u043c \u0438 \u0438\u0433\u0440\u0430\u0439 \u043d\u0430 \u0434\u0435\u043d\u044c\u0433\u0438 \u0432 \u043e\u043d\u043b\u0430\u0439\u043d \u043a\u0430\u0437\u0438\u043d\u043e, \u0438\u0433\u0440\u0430\u0439 \u0441 \u043c\u043e\u0431\u0438\u043b\u044c\u043d\u043e\u0433\u043e \u0438\u043b\u0438 \u0441\u043a\u0430\u0447\u0430\u0439 \u043d\u0430 \u0442\u0435\u043b\u0435\u0444\u043e\u043d.","breadcrumb":{"@id":"https:\/\/aviator-slotgame.com\/aviator-by-spribe\/#breadcrumb"},"inLanguage":"pt-PT","potentialAction":[{"@type":"ReadAction","target":["https:\/\/aviator-slotgame.com\/aviator-by-spribe\/"]}]},{"@type":"BreadcrumbList","@id":"https:\/\/aviator-slotgame.com\/aviator-by-spribe\/#breadcrumb","itemListElement":[{"@type":"ListItem","position":1,"name":"Home","item":"https:\/\/aviator-slotgame.com\/"},{"@type":"ListItem","position":2,"name":"\u041e\u043d\u043b\u0430\u0439\u043d \u043a\u0430\u0437\u0438\u043d\u043e \u0441 \u0410\u0432\u0438\u0430\u0442\u043e\u0440\u043e\u043c \u043e\u0442 Spribe"}]},{"@type":"WebSite","@id":"https:\/\/aviator-slotgame.com\/#website","url":"https:\/\/aviator-slotgame.com\/","name":"Aviator","description":"","publisher":{"@id":"https:\/\/aviator-slotgame.com\/#organization"},"potentialAction":[{"@type":"SearchAction","target":{"@type":"EntryPoint","urlTemplate":"https:\/\/aviator-slotgame.com\/?s={search_term_string}"},"query-input":"required name=search_term_string"}],"inLanguage":"pt-PT"},{"@type":"Organization","@id":"https:\/\/aviator-slotgame.com\/#organization","name":"Aviator","url":"https:\/\/aviator-slotgame.com\/","logo":{"@type":"ImageObject","inLanguage":"pt-PT","@id":"https:\/\/aviator-slotgame.com\/#\/schema\/logo\/image\/","url":"https:\/\/aviator-slotgame.com\/wp-content\/uploads\/16f5e8_dade544d4623411c9c4153c639aae85amv2.webp","contentUrl":"https:\/\/aviator-slotgame.com\/wp-content\/uploads\/16f5e8_dade544d4623411c9c4153c639aae85amv2.webp","width":400,"height":300,"caption":"Aviator"},"image":{"@id":"https:\/\/aviator-slotgame.com\/#\/schema\/logo\/image\/"}}]}},"amp_enabled":true,"_links":{"self":[{"href":"https:\/\/aviator-slotgame.com\/pt\/wp-json\/wp\/v2\/pages\/29","targetHints":{"allow":["GET"]}}],"collection":[{"href":"https:\/\/aviator-slotgame.com\/pt\/wp-json\/wp\/v2\/pages"}],"about":[{"href":"https:\/\/aviator-slotgame.com\/pt\/wp-json\/wp\/v2\/types\/page"}],"author":[{"embeddable":true,"href":"https:\/\/aviator-slotgame.com\/pt\/wp-json\/wp\/v2\/users\/1"}],"replies":[{"embeddable":true,"href":"https:\/\/aviator-slotgame.com\/pt\/wp-json\/wp\/v2\/comments?post=29"}],"version-history":[{"count":13,"href":"https:\/\/aviator-slotgame.com\/pt\/wp-json\/wp\/v2\/pages\/29\/revisions"}],"predecessor-version":[{"id":413,"href":"https:\/\/aviator-slotgame.com\/pt\/wp-json\/wp\/v2\/pages\/29\/revisions\/413"}],"wp:attachment":[{"href":"https:\/\/aviator-slotgame.com\/pt\/wp-json\/wp\/v2\/media?parent=29"}],"curies":[{"name":"wp","href":"https:\/\/api.w.org\/{rel}","templated":true}]}}