{"id":215,"date":"2024-04-02T16:05:37","date_gmt":"2024-04-02T16:05:37","guid":{"rendered":"https:\/\/aviator-slotgame.com\/?page_id=215"},"modified":"2024-09-09T10:50:04","modified_gmt":"2024-09-09T10:50:04","slug":"aviator-slots","status":"publish","type":"page","link":"https:\/\/aviator-slotgame.com\/ro\/slotul-aviator-vs-sloturile-video-traditionale\/","title":{"rendered":"Sloturi pentru aviator"},"content":{"rendered":"<div class=\"802edcec42a21587585c61afeb8a4f8f\" data-index=\"1\" style=\"float: none; margin:10px 0 10px 0; text-align:center;\">\n<div class=\"custom-play-button\">\r\n<center><a href=\"https:\/\/aviator-slotgame.com\/ro\/play-game\/\" rel=\"nofollow\" target=\"_blank\">Joaca acum<\/a><br><\/center>\r\n<\/div>\n<\/div>\n<p>Aviator de la Spribe nu este slotul t\u0103u video obi\u0219nuit. Ofer\u0103 func\u021bii de jocuri sociale pe care nu le ve\u021bi g\u0103si \u00een sloturile video tradi\u021bionale. V\u0103 pute\u021bi al\u0103tura distrac\u021biei \u0219i pute\u021bi provoca al\u021bi juc\u0103tori s\u0103 se al\u0103ture unui joc de cazinou online plin de bonusuri interesante, multiplicatori \u0219i alte surprize.<\/p>\n<p><img loading=\"lazy\" decoding=\"async\" class=\"alignnone size-full wp-image-216\" title=\"Aviator vs sloturi tradi\u021bionale\" src=\"https:\/\/aviator-slotgame.com\/wp-content\/uploads\/aviator-4-1.png\" alt=\"Aviator vs sloturi tradi\u021bionale\" width=\"800\" height=\"445\" srcset=\"https:\/\/aviator-slotgame.com\/wp-content\/uploads\/aviator-4-1.png 800w, https:\/\/aviator-slotgame.com\/wp-content\/uploads\/aviator-4-1-300x167.png 300w, https:\/\/aviator-slotgame.com\/wp-content\/uploads\/aviator-4-1-768x427.png 768w, https:\/\/aviator-slotgame.com\/wp-content\/uploads\/aviator-4-1-18x10.png 18w\" sizes=\"auto, (max-width: 800px) 100vw, 800px\" \/><\/p>\n<p>Aviator ofer\u0103 mai mult dec\u00e2t sloturile standard cu role 3x5. Are un multiplicator bazat pe RNG care cre\u0219te \u0219i cre\u0219te p\u00e2n\u0103 c\u00e2nd fiecare juc\u0103tor decide s\u0103 \u00eencaseze. Aceasta \u00eenseamn\u0103 c\u0103, dac\u0103 ai noroc, vei putea juca toat\u0103 ziua \u0219i c\u00e2\u0219tigurile tale vor \u00eencepe cu adev\u0103rat s\u0103 se adun\u0103!<\/p>\n<p>\u00cen plus, Aviator nu limiteaz\u0103 num\u0103rul de juc\u0103tori care se pot al\u0103tura distrac\u021biei. Nu trebuie s\u0103 v\u0103 face\u021bi griji c\u0103 a\u0219tepta\u021bi deschiderea jocului pentru c\u0103 nu va fi niciodat\u0103 plin, va fi \u00eentotdeauna loc pentru mai mul\u021bi juc\u0103tori. \u0218i cu cote prietenoase pentru juc\u0103tori, RTP \u0219i pl\u0103\u021bi mari, ave\u021bi o mul\u021bime de oportunit\u0103\u021bi de a ie\u0219i \u00een fruntea acestui slot alternativ interesant.<\/p><div class=\"802edcec42a21587585c61afeb8a4f8f\" data-index=\"1\" style=\"float: none; margin:10px 0 10px 0; text-align:center;\">\n<div class=\"custom-play-button\">\r\n<center><a href=\"https:\/\/aviator-slotgame.com\/ro\/play-game\/\" rel=\"nofollow\" target=\"_blank\">Joaca acum<\/a><br><\/center>\r\n<\/div>\n<\/div>\n\n<p>A\u0219adar, fie c\u0103 sunte\u021bi \u00een c\u0103utarea unei experien\u021be de joc captivant\u0103 sau dori\u021bi s\u0103 sta\u021bi pe loc \u0219i s\u0103 v\u0103 bucura\u021bi de un joc clasic de slot video cu o \u00eentors\u0103tur\u0103, Spribe&#039;s Aviator are cu adev\u0103rat ceva de oferit tuturor.<\/p>\n<h2 id=\"h-rtp-of-aviator-and-regular-slot-games\">RTP pentru Aviator \u0219i sloturi obi\u0219nuite<\/h2>\n<p>Valorile medii RTP ale celor mai populare sloturi sunt peste 65%. Acest num\u0103r poate varia de la joc la joc, unele jocuri ajung\u00e2nd p\u00e2n\u0103 la 97%, dar, \u00een general, norma este 65% cu o zecimal\u0103.<\/p>\n<p>De exemplu, Second Strike, unul dintre cele mai populare sloturi din lume, are un RTP de 96.26%; Aviator chiar mai mult!<\/p>\n<p>Aviator are un RTP (return to player) aproximativ de 97%, care este peste medie pentru un slot video. Aceasta \u00eenseamn\u0103 c\u0103 jocul cu Aviator v\u0103 va returna, \u00een medie, mai mul\u021bi bani \u00een compara\u021bie cu sloturile tradi\u021bionale. \u0218i cu un multiplicator \u00een continu\u0103 cre\u0219tere, cele mai mari runde vor deveni \u0219i mai interesante! Deci, dac\u0103 sunte\u021bi \u00een c\u0103utarea unui RTP mai mare \u0219i abilitatea de a v\u0103 cre\u0219te poten\u021bialul de c\u00e2\u0219tig, Aviator ar putea fi exact ceea ce a\u021bi ratat.<\/p>\n<figure class=\"wp-block-table\">\n<table>\n<tbody>\n<tr>\n<td><strong>AVIATOR<\/strong><\/td>\n<td><strong>JOC DE SLOT TRADI\u021aIONAL<\/strong><\/td>\n<\/tr>\n<tr>\n<td>Discuta\u021bi cu al\u021bi juc\u0103tori<\/td>\n<td>Experien\u021ba de joc a utilizatorului<\/td>\n<\/tr>\n<tr>\n<td>Num\u0103r nelimitat de juc\u0103tori \u00een sala de jocuri<\/td>\n<td>Un juc\u0103tor pe ma\u0219in\u0103 sau pagin\u0103<\/td>\n<\/tr>\n<tr>\n<td>Mecanica jocului cu un singur RNG<\/td>\n<td>Mai multe role \u0219i linii<\/td>\n<\/tr>\n<tr>\n<td>~97% rambursare<\/td>\n<td>~96% rambursare<\/td>\n<\/tr>\n<\/tbody>\n<\/table><figcaption class=\"wp-element-caption\">Jocuri mecanice\u00a0<strong><strong>AVIATOR<\/strong><\/strong><img loading=\"lazy\" decoding=\"async\" class=\"alignnone size-full wp-image-293\" src=\"https:\/\/aviator-slotgame.com\/wp-content\/uploads\/Aviator-13-800-x-600-\u043f\u0438\u043a\u0441.jpg\" alt=\"RTP pentru Aviator \u0219i sloturi obi\u0219nuite\" width=\"800\" height=\"600\" srcset=\"https:\/\/aviator-slotgame.com\/wp-content\/uploads\/Aviator-13-800-x-600-\u043f\u0438\u043a\u0441.jpg 800w, https:\/\/aviator-slotgame.com\/wp-content\/uploads\/Aviator-13-800-x-600-\u043f\u0438\u043a\u0441-300x225.jpg 300w, https:\/\/aviator-slotgame.com\/wp-content\/uploads\/Aviator-13-800-x-600-\u043f\u0438\u043a\u0441-768x576.jpg 768w, https:\/\/aviator-slotgame.com\/wp-content\/uploads\/Aviator-13-800-x-600-\u043f\u0438\u043a\u0441-16x12.jpg 16w\" sizes=\"auto, (max-width: 800px) 100vw, 800px\" \/><\/figcaption><\/figure>\n<h2 id=\"h-the-bottom-line\">Concluzie<\/h2>\n<p>Spribe&#039;s Aviator ofer\u0103 o interpretare unic\u0103 a sloturilor video tradi\u021bionale, care poate oferi juc\u0103torilor o experien\u021b\u0103 de joc captivant\u0103. Cu multiplicatori din ce \u00een ce mai mari \u0219i RTP ridicat, exist\u0103 o mul\u021bime de motive pentru a \u00eencerca Aviator. \u00cen plus, aspectul social \u00eel face \u0219i mai incitant!<\/p>\n<h2 id=\"h-using-bonus-spins-on-aviator\">Folosind rotiri bonus \u00een Aviator<\/h2>\n<p>Rotirile bonus sunt un element de baz\u0103 al site-urilor de cazinouri. C\u00e2nd v\u0103 \u00eenregistra\u021bi pe un site de cazinou, ve\u021bi primi adesea rotiri gratuite ca bonus de bun venit. Ele pot fi chiar ob\u021binute prin promo\u021bii pe timp limitat sau ca premii \u00een alte jocuri!<\/p>\n<p>Dac\u0103 sunte\u021bi fan al jocurilor Aviator sau al altor jocuri de cazinou, atunci \u00eenv\u00e2rtirile bonus sunt o modalitate excelent\u0103 de a ob\u021bine \u0219anse gratuite de a \u00eenv\u00e2rti rolele, de a ateriza \u00eentr-un avion \u0219i poate de a c\u00e2\u0219tiga ni\u0219te bani. De fapt, \u00eenv\u00e2rtirile bonus pot fi chiar mai valoroase dec\u00e2t \u00eenv\u00e2rtirile obi\u0219nuite \u00een joc, deoarece de obicei nu au cerin\u021be de pariere sau alte restric\u021bii de c\u00e2\u0219tig.<\/p>\n<h2 id=\"h-how-to-get-bonus-spins\">Cum s\u0103 ob\u021bine\u021bi rotiri bonus<\/h2>\n<p>Rotirile gratuite pot veni dintr-o varietate de locuri, cum ar fi bonusuri de bun venit pentru noii utilizatori care fac prima depunere sau coduri promo\u021bionale \u0219i evenimente cu durat\u0103 limitat\u0103.<\/p>\n<h3 id=\"h-welcome-bonus-spins-for-aviator\">Rotiri bonus de bun venit Aviator<\/h3>\n<p>Unele cazinouri v\u0103 ofer\u0103 rotiri gratuite atunci c\u00e2nd v\u0103 crea\u021bi un cont. S-ar putea s\u0103 v\u0103 \u00eentreba\u021bi cum pot fi utile aceste rotiri gratuite atunci c\u00e2nd juca\u021bi Aviator; totu\u0219i, uneori, cazinourile limiteaz\u0103 utilizarea acestor rotiri gratuite doar la cele mai populare aparate de slot tradi\u021bionale. Dar nu v\u0103 face\u021bi griji, exist\u0103 \u00eenc\u0103 modalit\u0103\u021bi de a folosi toate rotiri gratuite pe care Aviator le are preg\u0103tite pentru dvs.<\/p>\n<h2 id=\"h-how-to-use-free-spins-in-aviator\">Cum s\u0103 folosi\u021bi rotiri gratuite \u00een Aviator<\/h2>\n<p>Dac\u0103 \u00eenv\u00e2rtirile tale nu func\u021bioneaz\u0103 \u00een Aviator, le po\u021bi folosi oric\u00e2nd pentru a c\u00e2\u0219tiga credite \u00een alte jocuri de cazinou. De exemplu, dac\u0103 ave\u021bi rotiri gratuite la o ma\u0219in\u0103 de joc, pute\u021bi schimba acele credite cu jetoane la mesele de joc. Apoi pute\u021bi folosi aceste jetoane pentru a paria pe Aviator sau pe orice alt joc de cazinou!<\/p>\n<p>Iat\u0103 cum:<\/p>\n<ol start=\"1\" type=\"1\">\n<li>Alege\u021bi unul dintre aparatele dvs. de slot preferate.<\/li>\n<li>Profit\u0103 de rotiri gratuite.<\/li>\n<li>Lua\u021bi toate creditele c\u00e2\u0219tigate \u00een timpul rotirilor \u0219i juca\u021bi Aviator!<\/li>\n<\/ol>\n<p>Este at\u00e2t de simplu.<\/p>\n<h2 id=\"h-can-you-win-free-spins-in-aviator\">Po\u021bi c\u00e2\u0219tiga rotiri gratuite la Aviator?<\/h2>\n<p>Nu exist\u0103 nicio func\u021bie de rotiri gratuite. Singurul premiu pe care \u00eel ve\u021bi c\u00e2\u0219tiga \u00een timpul rundei este pariul \u00eenmul\u021bit cu momentul \u00een care avionul ro\u0219u decoleaz\u0103.<\/p>\n<h2 id=\"h-in-conclusion\">Concluzie<\/h2>\n<p>Indiferent de modul \u00een care le ob\u021bine\u021bi - rotiri bonus de bun venit, coduri promo\u021bionale sau oferte pe timp limitat - \u00eenv\u00e2rtirile bonus sunt o modalitate excelent\u0103 pentru juc\u0103torii de toate nivelurile de abilit\u0103\u021bi de a continua s\u0103 joace f\u0103r\u0103 s\u0103-\u0219i fac\u0103 griji c\u0103 vor pierde o perioad\u0103. \u0218i indiferent pentru ce jocuri sunt, juc\u0103torii experimenta\u021bi \u00ee\u0219i pot transforma rotirile \u00een credite utile care pot fi pariate \u00eentr-un joc Aviator live.<\/p>\n<p><img loading=\"lazy\" decoding=\"async\" class=\"alignnone size-full wp-image-297\" src=\"https:\/\/aviator-slotgame.com\/wp-content\/uploads\/Aviator-14-800-x-600-\u043f\u0438\u043a\u0441.jpg\" alt=\"Concluzie\" width=\"800\" height=\"600\" srcset=\"https:\/\/aviator-slotgame.com\/wp-content\/uploads\/Aviator-14-800-x-600-\u043f\u0438\u043a\u0441.jpg 800w, https:\/\/aviator-slotgame.com\/wp-content\/uploads\/Aviator-14-800-x-600-\u043f\u0438\u043a\u0441-300x225.jpg 300w, https:\/\/aviator-slotgame.com\/wp-content\/uploads\/Aviator-14-800-x-600-\u043f\u0438\u043a\u0441-768x576.jpg 768w, https:\/\/aviator-slotgame.com\/wp-content\/uploads\/Aviator-14-800-x-600-\u043f\u0438\u043a\u0441-16x12.jpg 16w\" sizes=\"auto, (max-width: 800px) 100vw, 800px\" \/><\/p>\n\n<div style=\"font-size: 0px; height: 0px; line-height: 0px; margin: 0; padding: 0; clear: both;\"><\/div>","protected":false},"excerpt":{"rendered":"<p>Aviator de la Spribe nu este slotul t\u0103u video obi\u0219nuit. Ofer\u0103 func\u021bii de jocuri sociale pe care nu le ve\u021bi g\u0103si \u00een sloturile video tradi\u021bionale.<\/p>","protected":false},"author":1,"featured_media":0,"parent":0,"menu_order":0,"comment_status":"closed","ping_status":"closed","template":"","meta":{"footnotes":""},"class_list":["post-215","page","type-page","status-publish","hentry"],"yoast_head":"<!-- This site is optimized with the Yoast SEO plugin v22.0 - https:\/\/yoast.com\/wordpress\/plugins\/seo\/ -->\n<title>\u0410\u0432\u0438\u0430\u0442\u043e\u0440 \u0441\u043b\u043e\u0442\u044b - Aviator<\/title>\n<meta name=\"robots\" content=\"index, follow, max-snippet:-1, max-image-preview:large, max-video-preview:-1\" \/>\n<link rel=\"canonical\" href=\"https:\/\/aviator-slotgame.com\/ro\/slotul-aviator-vs-sloturile-video-traditionale\/\" \/>\n<meta property=\"og:locale\" content=\"ro_RO\" \/>\n<meta property=\"og:type\" content=\"article\" \/>\n<meta property=\"og:title\" content=\"\u0410\u0432\u0438\u0430\u0442\u043e\u0440 \u0441\u043b\u043e\u0442\u044b - Aviator\" \/>\n<meta property=\"og:description\" content=\"Aviator \u043e\u0442 Spribe \u2013 \u044d\u0442\u043e \u043d\u0435 \u043e\u0431\u044b\u0447\u043d\u044b\u0439 \u0432\u0438\u0434\u0435\u043e\u0441\u043b\u043e\u0442. \u041e\u043d \u043f\u0440\u0435\u0434\u043b\u0430\u0433\u0430\u0435\u0442 \u0432\u043e\u0437\u043c\u043e\u0436\u043d\u043e\u0441\u0442\u0438 \u0441\u043e\u0446\u0438\u0430\u043b\u044c\u043d\u044b\u0445 \u0438\u0433\u0440, \u043a\u043e\u0442\u043e\u0440\u044b\u0435 \u0432\u044b \u043d\u0435 \u043d\u0430\u0439\u0434\u0435\u0442\u0435 \u0432 \u0442\u0440\u0430\u0434\u0438\u0446\u0438\u043e\u043d\u043d\u044b\u0445 \u0432\u0438\u0434\u0435\u043e\u0441\u043b\u043e\u0442\u0430\u0445.\" \/>\n<meta property=\"og:url\" content=\"https:\/\/aviator-slotgame.com\/ro\/slotul-aviator-vs-sloturile-video-traditionale\/\" \/>\n<meta property=\"og:site_name\" content=\"Aviator\" \/>\n<meta property=\"article:modified_time\" content=\"2024-09-09T10:50:04+00:00\" \/>\n<meta property=\"og:image\" content=\"https:\/\/aviator-slotgame.com\/wp-content\/uploads\/aviator-4-1.png\" \/>\n<meta name=\"twitter:card\" content=\"summary_large_image\" \/>\n<meta name=\"twitter:label1\" content=\"Timp estimat pentru citire\" \/>\n\t<meta name=\"twitter:data1\" content=\"4 minute\" \/>\n<script type=\"application\/ld+json\" class=\"yoast-schema-graph\">{\"@context\":\"https:\/\/schema.org\",\"@graph\":[{\"@type\":\"WebPage\",\"@id\":\"https:\/\/aviator-slotgame.com\/aviator-slots\/\",\"url\":\"https:\/\/aviator-slotgame.com\/aviator-slots\/\",\"name\":\"\u0410\u0432\u0438\u0430\u0442\u043e\u0440 \u0441\u043b\u043e\u0442\u044b - Aviator\",\"isPartOf\":{\"@id\":\"https:\/\/aviator-slotgame.com\/#website\"},\"datePublished\":\"2024-04-02T16:05:37+00:00\",\"dateModified\":\"2024-09-09T10:50:04+00:00\",\"breadcrumb\":{\"@id\":\"https:\/\/aviator-slotgame.com\/aviator-slots\/#breadcrumb\"},\"inLanguage\":\"ro-RO\",\"potentialAction\":[{\"@type\":\"ReadAction\",\"target\":[\"https:\/\/aviator-slotgame.com\/aviator-slots\/\"]}]},{\"@type\":\"BreadcrumbList\",\"@id\":\"https:\/\/aviator-slotgame.com\/aviator-slots\/#breadcrumb\",\"itemListElement\":[{\"@type\":\"ListItem\",\"position\":1,\"name\":\"Home\",\"item\":\"https:\/\/aviator-slotgame.com\/\"},{\"@type\":\"ListItem\",\"position\":2,\"name\":\"\u0410\u0432\u0438\u0430\u0442\u043e\u0440 \u0441\u043b\u043e\u0442\u044b\"}]},{\"@type\":\"WebSite\",\"@id\":\"https:\/\/aviator-slotgame.com\/#website\",\"url\":\"https:\/\/aviator-slotgame.com\/\",\"name\":\"Aviator\",\"description\":\"\",\"publisher\":{\"@id\":\"https:\/\/aviator-slotgame.com\/#organization\"},\"potentialAction\":[{\"@type\":\"SearchAction\",\"target\":{\"@type\":\"EntryPoint\",\"urlTemplate\":\"https:\/\/aviator-slotgame.com\/?s={search_term_string}\"},\"query-input\":\"required name=search_term_string\"}],\"inLanguage\":\"ro-RO\"},{\"@type\":\"Organization\",\"@id\":\"https:\/\/aviator-slotgame.com\/#organization\",\"name\":\"Aviator\",\"url\":\"https:\/\/aviator-slotgame.com\/\",\"logo\":{\"@type\":\"ImageObject\",\"inLanguage\":\"ro-RO\",\"@id\":\"https:\/\/aviator-slotgame.com\/#\/schema\/logo\/image\/\",\"url\":\"https:\/\/aviator-slotgame.com\/wp-content\/uploads\/16f5e8_dade544d4623411c9c4153c639aae85amv2.webp\",\"contentUrl\":\"https:\/\/aviator-slotgame.com\/wp-content\/uploads\/16f5e8_dade544d4623411c9c4153c639aae85amv2.webp\",\"width\":400,\"height\":300,\"caption\":\"Aviator\"},\"image\":{\"@id\":\"https:\/\/aviator-slotgame.com\/#\/schema\/logo\/image\/\"}}]}<\/script>\n<!-- \/ Yoast SEO plugin. -->","yoast_head_json":{"title":"\u0410\u0432\u0438\u0430\u0442\u043e\u0440 \u0441\u043b\u043e\u0442\u044b - Aviator","robots":{"index":"index","follow":"follow","max-snippet":"max-snippet:-1","max-image-preview":"max-image-preview:large","max-video-preview":"max-video-preview:-1"},"canonical":"https:\/\/aviator-slotgame.com\/ro\/slotul-aviator-vs-sloturile-video-traditionale\/","og_locale":"ro_RO","og_type":"article","og_title":"\u0410\u0432\u0438\u0430\u0442\u043e\u0440 \u0441\u043b\u043e\u0442\u044b - Aviator","og_description":"Aviator \u043e\u0442 Spribe \u2013 \u044d\u0442\u043e \u043d\u0435 \u043e\u0431\u044b\u0447\u043d\u044b\u0439 \u0432\u0438\u0434\u0435\u043e\u0441\u043b\u043e\u0442. \u041e\u043d \u043f\u0440\u0435\u0434\u043b\u0430\u0433\u0430\u0435\u0442 \u0432\u043e\u0437\u043c\u043e\u0436\u043d\u043e\u0441\u0442\u0438 \u0441\u043e\u0446\u0438\u0430\u043b\u044c\u043d\u044b\u0445 \u0438\u0433\u0440, \u043a\u043e\u0442\u043e\u0440\u044b\u0435 \u0432\u044b \u043d\u0435 \u043d\u0430\u0439\u0434\u0435\u0442\u0435 \u0432 \u0442\u0440\u0430\u0434\u0438\u0446\u0438\u043e\u043d\u043d\u044b\u0445 \u0432\u0438\u0434\u0435\u043e\u0441\u043b\u043e\u0442\u0430\u0445.","og_url":"https:\/\/aviator-slotgame.com\/ro\/slotul-aviator-vs-sloturile-video-traditionale\/","og_site_name":"Aviator","article_modified_time":"2024-09-09T10:50:04+00:00","og_image":[{"url":"https:\/\/aviator-slotgame.com\/wp-content\/uploads\/aviator-4-1.png"}],"twitter_card":"summary_large_image","twitter_misc":{"Timp estimat pentru citire":"4 minute"},"schema":{"@context":"https:\/\/schema.org","@graph":[{"@type":"WebPage","@id":"https:\/\/aviator-slotgame.com\/aviator-slots\/","url":"https:\/\/aviator-slotgame.com\/aviator-slots\/","name":"\u0410\u0432\u0438\u0430\u0442\u043e\u0440 \u0441\u043b\u043e\u0442\u044b - Aviator","isPartOf":{"@id":"https:\/\/aviator-slotgame.com\/#website"},"datePublished":"2024-04-02T16:05:37+00:00","dateModified":"2024-09-09T10:50:04+00:00","breadcrumb":{"@id":"https:\/\/aviator-slotgame.com\/aviator-slots\/#breadcrumb"},"inLanguage":"ro-RO","potentialAction":[{"@type":"ReadAction","target":["https:\/\/aviator-slotgame.com\/aviator-slots\/"]}]},{"@type":"BreadcrumbList","@id":"https:\/\/aviator-slotgame.com\/aviator-slots\/#breadcrumb","itemListElement":[{"@type":"ListItem","position":1,"name":"Home","item":"https:\/\/aviator-slotgame.com\/"},{"@type":"ListItem","position":2,"name":"\u0410\u0432\u0438\u0430\u0442\u043e\u0440 \u0441\u043b\u043e\u0442\u044b"}]},{"@type":"WebSite","@id":"https:\/\/aviator-slotgame.com\/#website","url":"https:\/\/aviator-slotgame.com\/","name":"Aviator","description":"","publisher":{"@id":"https:\/\/aviator-slotgame.com\/#organization"},"potentialAction":[{"@type":"SearchAction","target":{"@type":"EntryPoint","urlTemplate":"https:\/\/aviator-slotgame.com\/?s={search_term_string}"},"query-input":"required name=search_term_string"}],"inLanguage":"ro-RO"},{"@type":"Organization","@id":"https:\/\/aviator-slotgame.com\/#organization","name":"Aviator","url":"https:\/\/aviator-slotgame.com\/","logo":{"@type":"ImageObject","inLanguage":"ro-RO","@id":"https:\/\/aviator-slotgame.com\/#\/schema\/logo\/image\/","url":"https:\/\/aviator-slotgame.com\/wp-content\/uploads\/16f5e8_dade544d4623411c9c4153c639aae85amv2.webp","contentUrl":"https:\/\/aviator-slotgame.com\/wp-content\/uploads\/16f5e8_dade544d4623411c9c4153c639aae85amv2.webp","width":400,"height":300,"caption":"Aviator"},"image":{"@id":"https:\/\/aviator-slotgame.com\/#\/schema\/logo\/image\/"}}]}},"amp_enabled":true,"_links":{"self":[{"href":"https:\/\/aviator-slotgame.com\/ro\/wp-json\/wp\/v2\/pages\/215","targetHints":{"allow":["GET"]}}],"collection":[{"href":"https:\/\/aviator-slotgame.com\/ro\/wp-json\/wp\/v2\/pages"}],"about":[{"href":"https:\/\/aviator-slotgame.com\/ro\/wp-json\/wp\/v2\/types\/page"}],"author":[{"embeddable":true,"href":"https:\/\/aviator-slotgame.com\/ro\/wp-json\/wp\/v2\/users\/1"}],"replies":[{"embeddable":true,"href":"https:\/\/aviator-slotgame.com\/ro\/wp-json\/wp\/v2\/comments?post=215"}],"version-history":[{"count":6,"href":"https:\/\/aviator-slotgame.com\/ro\/wp-json\/wp\/v2\/pages\/215\/revisions"}],"predecessor-version":[{"id":309,"href":"https:\/\/aviator-slotgame.com\/ro\/wp-json\/wp\/v2\/pages\/215\/revisions\/309"}],"wp:attachment":[{"href":"https:\/\/aviator-slotgame.com\/ro\/wp-json\/wp\/v2\/media?parent=215"}],"curies":[{"name":"wp","href":"https:\/\/api.w.org\/{rel}","templated":true}]}}