{"id":241,"date":"2024-09-06T13:17:52","date_gmt":"2024-09-06T13:17:52","guid":{"rendered":"https:\/\/aviator-slotgame.com\/?page_id=241"},"modified":"2024-10-03T22:55:56","modified_gmt":"2024-10-03T22:55:56","slug":"download-app","status":"publish","type":"page","link":"https:\/\/aviator-slotgame.com\/ro\/download-app\/","title":{"rendered":"Desc\u0103rca\u021bi jocul accident Aviator pentru smartphone-uri - Instruc\u021biuni"},"content":{"rendered":"<div class=\"802edcec42a21587585c61afeb8a4f8f\" data-index=\"1\" style=\"float: none; margin:10px 0 10px 0; text-align:center;\">\n<div class=\"custom-play-button\">\r\n<center><a href=\"https:\/\/aviator-slotgame.com\/ro\/play-game\/\" rel=\"nofollow\" target=\"_blank\">Joaca acum<\/a><br><\/center>\r\n<\/div>\n<\/div>\n<p><img loading=\"lazy\" decoding=\"async\" class=\"alignnone size-full wp-image-252\" src=\"https:\/\/aviator-slotgame.com\/wp-content\/uploads\/Aviator-5-800-x-600-\u043f\u0438\u043a\u0441.jpg\" alt=\"Crash joc Aviator pentru telefoane\" width=\"800\" height=\"600\" srcset=\"https:\/\/aviator-slotgame.com\/wp-content\/uploads\/Aviator-5-800-x-600-\u043f\u0438\u043a\u0441.jpg 800w, https:\/\/aviator-slotgame.com\/wp-content\/uploads\/Aviator-5-800-x-600-\u043f\u0438\u043a\u0441-300x225.jpg 300w, https:\/\/aviator-slotgame.com\/wp-content\/uploads\/Aviator-5-800-x-600-\u043f\u0438\u043a\u0441-768x576.jpg 768w, https:\/\/aviator-slotgame.com\/wp-content\/uploads\/Aviator-5-800-x-600-\u043f\u0438\u043a\u0441-16x12.jpg 16w\" sizes=\"auto, (max-width: 800px) 100vw, 800px\" \/><\/p>\n<h2>Desc\u0103rca\u021bi jocul Aviator pe dispozitivul dvs. Android<\/h2>\n<p>Pentru a face acest lucru, trebuie s\u0103 urma\u021bi ace\u0219ti pa\u0219i:<\/p>\n<ol>\n<li>Deschide\u021bi Magazinul Google Play pe dispozitivul dvs. Android.<\/li>\n<li>\u00cen bara de c\u0103utare, introduce\u021bi Aviator \u0219i c\u0103uta\u021bi.<\/li>\n<li>G\u0103si\u021bi aplica\u021bia de care ave\u021bi nevoie \u0219i face\u021bi clic pe butonul Instalare.<\/li>\n<li>A\u0219tepta\u021bi p\u00e2n\u0103 c\u00e2nd jocul este desc\u0103rcat \u0219i instalat pe dispozitiv.<\/li>\n<\/ol>\n<p>V\u0103 rug\u0103m s\u0103 re\u021bine\u021bi c\u0103 diferite aplica\u021bii numite Aviator pot fi disponibile \u00een magazinul de aplica\u021bii, a\u0219a c\u0103 asigura\u021bi-v\u0103 c\u0103 alege\u021bi exact jocul pe care \u00eel c\u0103uta\u021bi. De asemenea, asigura\u021bi-v\u0103 c\u0103 desc\u0103rca\u021bi aplica\u021bia dintr-o surs\u0103 oficial\u0103 \u0219i de \u00eencredere pentru a evita instalarea de programe malware.<\/p>\n<p>Odat\u0103 ce instala\u021bi jocul Aviator pe dispozitivul dvs. Android, v\u0103 pute\u021bi bucura de entuziasmul \u0219i entuziasmul acestui joc de jocuri de noroc interesant \u00een orice moment \u0219i loc care vi se potrive\u0219te. Principalul lucru este s\u0103 v\u0103 asigura\u021bi c\u0103 ave\u021bi o conexiune stabil\u0103 la Internet!<\/p><div class=\"802edcec42a21587585c61afeb8a4f8f\" data-index=\"1\" style=\"float: none; margin:10px 0 10px 0; text-align:center;\">\n<div class=\"custom-play-button\">\r\n<center><a href=\"https:\/\/aviator-slotgame.com\/ro\/play-game\/\" rel=\"nofollow\" target=\"_blank\">Joaca acum<\/a><br><\/center>\r\n<\/div>\n<\/div>\n\n<p><img loading=\"lazy\" decoding=\"async\" class=\"alignnone size-full wp-image-350\" src=\"https:\/\/aviator-slotgame.com\/wp-content\/uploads\/Aviator-27-800-x-600-\u043f\u0438\u043a\u0441.jpg\" alt=\"Desc\u0103rca\u021bi Aviator pe Android\" width=\"800\" height=\"600\" srcset=\"https:\/\/aviator-slotgame.com\/wp-content\/uploads\/Aviator-27-800-x-600-\u043f\u0438\u043a\u0441.jpg 800w, https:\/\/aviator-slotgame.com\/wp-content\/uploads\/Aviator-27-800-x-600-\u043f\u0438\u043a\u0441-300x225.jpg 300w, https:\/\/aviator-slotgame.com\/wp-content\/uploads\/Aviator-27-800-x-600-\u043f\u0438\u043a\u0441-768x576.jpg 768w, https:\/\/aviator-slotgame.com\/wp-content\/uploads\/Aviator-27-800-x-600-\u043f\u0438\u043a\u0441-16x12.jpg 16w\" sizes=\"auto, (max-width: 800px) 100vw, 800px\" \/><\/p>\n<h2>Desc\u0103rca\u021bi jocul Aviator pe dispozitivul dvs. iOS<\/h2>\n<p>Pentru a desc\u0103rca jocul Aviator pe dispozitive iOS, cum ar fi iPhone sau iPad, va trebui s\u0103 accesa\u021bi App Store. Urma\u021bi ace\u0219ti pa\u0219i pentru a desc\u0103rca jocul pe dispozitivul iOS:<\/p>\n<ol>\n<li>Deschide\u021bi App Store pe dispozitivul dvs. iOS.<\/li>\n<li>Face\u021bi clic pe pictograma C\u0103utare din partea de jos a ecranului.<\/li>\n<li>Tasta\u021bi Aviator \u00een bara de c\u0103utare \u0219i face\u021bi clic pe C\u0103utare.<\/li>\n<li>G\u0103si\u021bi aplica\u021bia Aviator \u00een rezultatele c\u0103ut\u0103rii \u0219i face\u021bi clic pe ea.<\/li>\n<li>Face\u021bi clic pe butonul Instalare de l\u00e2ng\u0103 aplica\u021bie.<\/li>\n<li>Introduce\u021bi parola Apple ID sau utiliza\u021bi Touch ID sau Face ID pentru a confirma desc\u0103rcarea \u0219i instalarea.<\/li>\n<\/ol>\n<p>Odat\u0103 ce instalarea este finalizat\u0103, v\u0103 pute\u021bi bucura de jocul Aviator pe dispozitivul dvs. iOS. Asigura\u021bi-v\u0103 c\u0103 desc\u0103rca\u021bi o aplica\u021bie de la un dezvoltator \u00een care ave\u021bi \u00eencredere pentru a evita instalarea de aplica\u021bii false sau r\u0103u inten\u021bionate.<\/p>\n<p><img loading=\"lazy\" decoding=\"async\" class=\"alignnone size-full wp-image-352\" src=\"https:\/\/aviator-slotgame.com\/wp-content\/uploads\/Aviator-28-800-x-600-\u043f\u0438\u043a\u0441.jpg\" alt=\"Desc\u0103rca\u021bi Aviator pentru iOS\" width=\"800\" height=\"600\" srcset=\"https:\/\/aviator-slotgame.com\/wp-content\/uploads\/Aviator-28-800-x-600-\u043f\u0438\u043a\u0441.jpg 800w, https:\/\/aviator-slotgame.com\/wp-content\/uploads\/Aviator-28-800-x-600-\u043f\u0438\u043a\u0441-300x225.jpg 300w, https:\/\/aviator-slotgame.com\/wp-content\/uploads\/Aviator-28-800-x-600-\u043f\u0438\u043a\u0441-768x576.jpg 768w, https:\/\/aviator-slotgame.com\/wp-content\/uploads\/Aviator-28-800-x-600-\u043f\u0438\u043a\u0441-16x12.jpg 16w\" sizes=\"auto, (max-width: 800px) 100vw, 800px\" \/><\/p>\n\n<div style=\"font-size: 0px; height: 0px; line-height: 0px; margin: 0; padding: 0; clear: both;\"><\/div>","protected":false},"excerpt":{"rendered":"<p>Desc\u0103rca\u021bi jocul Aviator pe dispozitivul dvs. Android Pentru a face acest lucru, trebuie s\u0103 urma\u021bi ace\u0219ti pa\u0219i: Deschide\u021bi Magazinul Google Play pe dispozitivul dvs.<\/p>","protected":false},"author":1,"featured_media":0,"parent":0,"menu_order":0,"comment_status":"closed","ping_status":"closed","template":"","meta":{"footnotes":""},"class_list":["post-241","page","type-page","status-publish","hentry"],"yoast_head":"<!-- This site is optimized with the Yoast SEO plugin v22.0 - https:\/\/yoast.com\/wordpress\/plugins\/seo\/ -->\n<title>\u0421\u043a\u0430\u0447\u0430\u0442\u044c \u0438\u0433\u0440\u0443 \u0410\u0432\u0438\u0430\u0442\u043e\u0440 \u043d\u0430 Android \u0438 iOS \u2014 \u0423\u0441\u0442\u0430\u043d\u043e\u0432\u043a\u0430 \u043a\u0440\u0430\u0448-\u0438\u0433\u0440\u044b<\/title>\n<meta name=\"description\" content=\"\u0423\u0437\u043d\u0430\u0439\u0442\u0435, \u043a\u0430\u043a \u0441\u043a\u0430\u0447\u0430\u0442\u044c \u043a\u0440\u0430\u0448-\u0438\u0433\u0440\u0443 \u0410\u0432\u0438\u0430\u0442\u043e\u0440 \u043d\u0430 \u043c\u043e\u0431\u0438\u043b\u044c\u043d\u044b\u0435 \u0443\u0441\u0442\u0440\u043e\u0439\u0441\u0442\u0432\u0430 Android \u0438 iOS. \u0418\u0433\u0440\u0430\u0439 \u043d\u0430 \u0442\u0435\u043b\u0435\u0444\u043e\u043d\u0435 \u0432 \u043e\u043d\u043b\u0430\u0439\u043d \u043a\u0430\u0437\u0438\u043d\u043e \u0438\u0433\u0440\u0443 \u0447\u0435\u0440\u0435\u0437 Google Play \u0438 App Store.\" \/>\n<meta name=\"robots\" content=\"index, follow, max-snippet:-1, max-image-preview:large, max-video-preview:-1\" \/>\n<link rel=\"canonical\" href=\"https:\/\/aviator-slotgame.com\/ro\/download-app\/\" \/>\n<meta property=\"og:locale\" content=\"ro_RO\" \/>\n<meta property=\"og:type\" content=\"article\" \/>\n<meta property=\"og:title\" content=\"\u0421\u043a\u0430\u0447\u0430\u0442\u044c \u0438\u0433\u0440\u0443 \u0410\u0432\u0438\u0430\u0442\u043e\u0440 \u043d\u0430 Android \u0438 iOS \u2014 \u0423\u0441\u0442\u0430\u043d\u043e\u0432\u043a\u0430 \u043a\u0440\u0430\u0448-\u0438\u0433\u0440\u044b\" \/>\n<meta property=\"og:description\" content=\"\u0423\u0437\u043d\u0430\u0439\u0442\u0435, \u043a\u0430\u043a \u0441\u043a\u0430\u0447\u0430\u0442\u044c \u043a\u0440\u0430\u0448-\u0438\u0433\u0440\u0443 \u0410\u0432\u0438\u0430\u0442\u043e\u0440 \u043d\u0430 \u043c\u043e\u0431\u0438\u043b\u044c\u043d\u044b\u0435 \u0443\u0441\u0442\u0440\u043e\u0439\u0441\u0442\u0432\u0430 Android \u0438 iOS. \u0418\u0433\u0440\u0430\u0439 \u043d\u0430 \u0442\u0435\u043b\u0435\u0444\u043e\u043d\u0435 \u0432 \u043e\u043d\u043b\u0430\u0439\u043d \u043a\u0430\u0437\u0438\u043d\u043e \u0438\u0433\u0440\u0443 \u0447\u0435\u0440\u0435\u0437 Google Play \u0438 App Store.\" \/>\n<meta property=\"og:url\" content=\"https:\/\/aviator-slotgame.com\/ro\/download-app\/\" \/>\n<meta property=\"og:site_name\" content=\"Aviator\" \/>\n<meta property=\"article:modified_time\" content=\"2024-10-03T22:55:56+00:00\" \/>\n<meta name=\"twitter:card\" content=\"summary_large_image\" \/>\n<meta name=\"twitter:label1\" content=\"Timp estimat pentru citire\" \/>\n\t<meta name=\"twitter:data1\" content=\"2 minute\" \/>\n<script type=\"application\/ld+json\" class=\"yoast-schema-graph\">{\"@context\":\"https:\/\/schema.org\",\"@graph\":[{\"@type\":\"WebPage\",\"@id\":\"https:\/\/aviator-slotgame.com\/download-app\/\",\"url\":\"https:\/\/aviator-slotgame.com\/download-app\/\",\"name\":\"\u0421\u043a\u0430\u0447\u0430\u0442\u044c \u0438\u0433\u0440\u0443 \u0410\u0432\u0438\u0430\u0442\u043e\u0440 \u043d\u0430 Android \u0438 iOS \u2014 \u0423\u0441\u0442\u0430\u043d\u043e\u0432\u043a\u0430 \u043a\u0440\u0430\u0448-\u0438\u0433\u0440\u044b\",\"isPartOf\":{\"@id\":\"https:\/\/aviator-slotgame.com\/#website\"},\"datePublished\":\"2024-09-06T13:17:52+00:00\",\"dateModified\":\"2024-10-03T22:55:56+00:00\",\"description\":\"\u0423\u0437\u043d\u0430\u0439\u0442\u0435, \u043a\u0430\u043a \u0441\u043a\u0430\u0447\u0430\u0442\u044c \u043a\u0440\u0430\u0448-\u0438\u0433\u0440\u0443 \u0410\u0432\u0438\u0430\u0442\u043e\u0440 \u043d\u0430 \u043c\u043e\u0431\u0438\u043b\u044c\u043d\u044b\u0435 \u0443\u0441\u0442\u0440\u043e\u0439\u0441\u0442\u0432\u0430 Android \u0438 iOS. \u0418\u0433\u0440\u0430\u0439 \u043d\u0430 \u0442\u0435\u043b\u0435\u0444\u043e\u043d\u0435 \u0432 \u043e\u043d\u043b\u0430\u0439\u043d \u043a\u0430\u0437\u0438\u043d\u043e \u0438\u0433\u0440\u0443 \u0447\u0435\u0440\u0435\u0437 Google Play \u0438 App Store.\",\"breadcrumb\":{\"@id\":\"https:\/\/aviator-slotgame.com\/download-app\/#breadcrumb\"},\"inLanguage\":\"ro-RO\",\"potentialAction\":[{\"@type\":\"ReadAction\",\"target\":[\"https:\/\/aviator-slotgame.com\/download-app\/\"]}]},{\"@type\":\"BreadcrumbList\",\"@id\":\"https:\/\/aviator-slotgame.com\/download-app\/#breadcrumb\",\"itemListElement\":[{\"@type\":\"ListItem\",\"position\":1,\"name\":\"Home\",\"item\":\"https:\/\/aviator-slotgame.com\/\"},{\"@type\":\"ListItem\",\"position\":2,\"name\":\"\u0417\u0430\u0433\u0440\u0443\u0437\u0438\u0442\u0435 \u043a\u0440\u0430\u0448-\u0438\u0433\u0440\u0443 \u0410\u0432\u0438\u0430\u0442\u043e\u0440 \u0434\u043b\u044f \u0441\u043c\u0430\u0440\u0442\u0444\u043e\u043d\u043e\u0432 \u2014 \u0418\u043d\u0441\u0442\u0440\u0443\u043a\u0446\u0438\u044f\"}]},{\"@type\":\"WebSite\",\"@id\":\"https:\/\/aviator-slotgame.com\/#website\",\"url\":\"https:\/\/aviator-slotgame.com\/\",\"name\":\"Aviator\",\"description\":\"\",\"publisher\":{\"@id\":\"https:\/\/aviator-slotgame.com\/#organization\"},\"potentialAction\":[{\"@type\":\"SearchAction\",\"target\":{\"@type\":\"EntryPoint\",\"urlTemplate\":\"https:\/\/aviator-slotgame.com\/?s={search_term_string}\"},\"query-input\":\"required name=search_term_string\"}],\"inLanguage\":\"ro-RO\"},{\"@type\":\"Organization\",\"@id\":\"https:\/\/aviator-slotgame.com\/#organization\",\"name\":\"Aviator\",\"url\":\"https:\/\/aviator-slotgame.com\/\",\"logo\":{\"@type\":\"ImageObject\",\"inLanguage\":\"ro-RO\",\"@id\":\"https:\/\/aviator-slotgame.com\/#\/schema\/logo\/image\/\",\"url\":\"https:\/\/aviator-slotgame.com\/wp-content\/uploads\/16f5e8_dade544d4623411c9c4153c639aae85amv2.webp\",\"contentUrl\":\"https:\/\/aviator-slotgame.com\/wp-content\/uploads\/16f5e8_dade544d4623411c9c4153c639aae85amv2.webp\",\"width\":400,\"height\":300,\"caption\":\"Aviator\"},\"image\":{\"@id\":\"https:\/\/aviator-slotgame.com\/#\/schema\/logo\/image\/\"}}]}<\/script>\n<!-- \/ Yoast SEO plugin. -->","yoast_head_json":{"title":"\u0421\u043a\u0430\u0447\u0430\u0442\u044c \u0438\u0433\u0440\u0443 \u0410\u0432\u0438\u0430\u0442\u043e\u0440 \u043d\u0430 Android \u0438 iOS \u2014 \u0423\u0441\u0442\u0430\u043d\u043e\u0432\u043a\u0430 \u043a\u0440\u0430\u0448-\u0438\u0433\u0440\u044b","description":"\u0423\u0437\u043d\u0430\u0439\u0442\u0435, \u043a\u0430\u043a \u0441\u043a\u0430\u0447\u0430\u0442\u044c \u043a\u0440\u0430\u0448-\u0438\u0433\u0440\u0443 \u0410\u0432\u0438\u0430\u0442\u043e\u0440 \u043d\u0430 \u043c\u043e\u0431\u0438\u043b\u044c\u043d\u044b\u0435 \u0443\u0441\u0442\u0440\u043e\u0439\u0441\u0442\u0432\u0430 Android \u0438 iOS. \u0418\u0433\u0440\u0430\u0439 \u043d\u0430 \u0442\u0435\u043b\u0435\u0444\u043e\u043d\u0435 \u0432 \u043e\u043d\u043b\u0430\u0439\u043d \u043a\u0430\u0437\u0438\u043d\u043e \u0438\u0433\u0440\u0443 \u0447\u0435\u0440\u0435\u0437 Google Play \u0438 App Store.","robots":{"index":"index","follow":"follow","max-snippet":"max-snippet:-1","max-image-preview":"max-image-preview:large","max-video-preview":"max-video-preview:-1"},"canonical":"https:\/\/aviator-slotgame.com\/ro\/download-app\/","og_locale":"ro_RO","og_type":"article","og_title":"\u0421\u043a\u0430\u0447\u0430\u0442\u044c \u0438\u0433\u0440\u0443 \u0410\u0432\u0438\u0430\u0442\u043e\u0440 \u043d\u0430 Android \u0438 iOS \u2014 \u0423\u0441\u0442\u0430\u043d\u043e\u0432\u043a\u0430 \u043a\u0440\u0430\u0448-\u0438\u0433\u0440\u044b","og_description":"\u0423\u0437\u043d\u0430\u0439\u0442\u0435, \u043a\u0430\u043a \u0441\u043a\u0430\u0447\u0430\u0442\u044c \u043a\u0440\u0430\u0448-\u0438\u0433\u0440\u0443 \u0410\u0432\u0438\u0430\u0442\u043e\u0440 \u043d\u0430 \u043c\u043e\u0431\u0438\u043b\u044c\u043d\u044b\u0435 \u0443\u0441\u0442\u0440\u043e\u0439\u0441\u0442\u0432\u0430 Android \u0438 iOS. \u0418\u0433\u0440\u0430\u0439 \u043d\u0430 \u0442\u0435\u043b\u0435\u0444\u043e\u043d\u0435 \u0432 \u043e\u043d\u043b\u0430\u0439\u043d \u043a\u0430\u0437\u0438\u043d\u043e \u0438\u0433\u0440\u0443 \u0447\u0435\u0440\u0435\u0437 Google Play \u0438 App Store.","og_url":"https:\/\/aviator-slotgame.com\/ro\/download-app\/","og_site_name":"Aviator","article_modified_time":"2024-10-03T22:55:56+00:00","twitter_card":"summary_large_image","twitter_misc":{"Timp estimat pentru citire":"2 minute"},"schema":{"@context":"https:\/\/schema.org","@graph":[{"@type":"WebPage","@id":"https:\/\/aviator-slotgame.com\/download-app\/","url":"https:\/\/aviator-slotgame.com\/download-app\/","name":"\u0421\u043a\u0430\u0447\u0430\u0442\u044c \u0438\u0433\u0440\u0443 \u0410\u0432\u0438\u0430\u0442\u043e\u0440 \u043d\u0430 Android \u0438 iOS \u2014 \u0423\u0441\u0442\u0430\u043d\u043e\u0432\u043a\u0430 \u043a\u0440\u0430\u0448-\u0438\u0433\u0440\u044b","isPartOf":{"@id":"https:\/\/aviator-slotgame.com\/#website"},"datePublished":"2024-09-06T13:17:52+00:00","dateModified":"2024-10-03T22:55:56+00:00","description":"\u0423\u0437\u043d\u0430\u0439\u0442\u0435, \u043a\u0430\u043a \u0441\u043a\u0430\u0447\u0430\u0442\u044c \u043a\u0440\u0430\u0448-\u0438\u0433\u0440\u0443 \u0410\u0432\u0438\u0430\u0442\u043e\u0440 \u043d\u0430 \u043c\u043e\u0431\u0438\u043b\u044c\u043d\u044b\u0435 \u0443\u0441\u0442\u0440\u043e\u0439\u0441\u0442\u0432\u0430 Android \u0438 iOS. \u0418\u0433\u0440\u0430\u0439 \u043d\u0430 \u0442\u0435\u043b\u0435\u0444\u043e\u043d\u0435 \u0432 \u043e\u043d\u043b\u0430\u0439\u043d \u043a\u0430\u0437\u0438\u043d\u043e \u0438\u0433\u0440\u0443 \u0447\u0435\u0440\u0435\u0437 Google Play \u0438 App Store.","breadcrumb":{"@id":"https:\/\/aviator-slotgame.com\/download-app\/#breadcrumb"},"inLanguage":"ro-RO","potentialAction":[{"@type":"ReadAction","target":["https:\/\/aviator-slotgame.com\/download-app\/"]}]},{"@type":"BreadcrumbList","@id":"https:\/\/aviator-slotgame.com\/download-app\/#breadcrumb","itemListElement":[{"@type":"ListItem","position":1,"name":"Home","item":"https:\/\/aviator-slotgame.com\/"},{"@type":"ListItem","position":2,"name":"\u0417\u0430\u0433\u0440\u0443\u0437\u0438\u0442\u0435 \u043a\u0440\u0430\u0448-\u0438\u0433\u0440\u0443 \u0410\u0432\u0438\u0430\u0442\u043e\u0440 \u0434\u043b\u044f \u0441\u043c\u0430\u0440\u0442\u0444\u043e\u043d\u043e\u0432 \u2014 \u0418\u043d\u0441\u0442\u0440\u0443\u043a\u0446\u0438\u044f"}]},{"@type":"WebSite","@id":"https:\/\/aviator-slotgame.com\/#website","url":"https:\/\/aviator-slotgame.com\/","name":"Aviator","description":"","publisher":{"@id":"https:\/\/aviator-slotgame.com\/#organization"},"potentialAction":[{"@type":"SearchAction","target":{"@type":"EntryPoint","urlTemplate":"https:\/\/aviator-slotgame.com\/?s={search_term_string}"},"query-input":"required name=search_term_string"}],"inLanguage":"ro-RO"},{"@type":"Organization","@id":"https:\/\/aviator-slotgame.com\/#organization","name":"Aviator","url":"https:\/\/aviator-slotgame.com\/","logo":{"@type":"ImageObject","inLanguage":"ro-RO","@id":"https:\/\/aviator-slotgame.com\/#\/schema\/logo\/image\/","url":"https:\/\/aviator-slotgame.com\/wp-content\/uploads\/16f5e8_dade544d4623411c9c4153c639aae85amv2.webp","contentUrl":"https:\/\/aviator-slotgame.com\/wp-content\/uploads\/16f5e8_dade544d4623411c9c4153c639aae85amv2.webp","width":400,"height":300,"caption":"Aviator"},"image":{"@id":"https:\/\/aviator-slotgame.com\/#\/schema\/logo\/image\/"}}]}},"amp_enabled":true,"_links":{"self":[{"href":"https:\/\/aviator-slotgame.com\/ro\/wp-json\/wp\/v2\/pages\/241","targetHints":{"allow":["GET"]}}],"collection":[{"href":"https:\/\/aviator-slotgame.com\/ro\/wp-json\/wp\/v2\/pages"}],"about":[{"href":"https:\/\/aviator-slotgame.com\/ro\/wp-json\/wp\/v2\/types\/page"}],"author":[{"embeddable":true,"href":"https:\/\/aviator-slotgame.com\/ro\/wp-json\/wp\/v2\/users\/1"}],"replies":[{"embeddable":true,"href":"https:\/\/aviator-slotgame.com\/ro\/wp-json\/wp\/v2\/comments?post=241"}],"version-history":[{"count":10,"href":"https:\/\/aviator-slotgame.com\/ro\/wp-json\/wp\/v2\/pages\/241\/revisions"}],"predecessor-version":[{"id":409,"href":"https:\/\/aviator-slotgame.com\/ro\/wp-json\/wp\/v2\/pages\/241\/revisions\/409"}],"wp:attachment":[{"href":"https:\/\/aviator-slotgame.com\/ro\/wp-json\/wp\/v2\/media?parent=241"}],"curies":[{"name":"wp","href":"https:\/\/api.w.org\/{rel}","templated":true}]}}