{"id":26,"date":"2024-01-31T12:57:07","date_gmt":"2024-01-31T12:57:07","guid":{"rendered":"https:\/\/aviator-slotgame.com\/?page_id=26"},"modified":"2024-10-03T23:16:00","modified_gmt":"2024-10-03T23:16:00","slug":"play-for-free","status":"publish","type":"page","link":"https:\/\/aviator-slotgame.com\/ro\/cum-sa-joci-aviator-demo-gratis\/","title":{"rendered":"Cum s\u0103 joci demo-ul Aviator gratuit"},"content":{"rendered":"<div class=\"802edcec42a21587585c61afeb8a4f8f\" data-index=\"1\" style=\"float: none; margin:10px 0 10px 0; text-align:center;\">\n<div class=\"custom-play-button\">\r\n<center><a href=\"https:\/\/aviator-slotgame.com\/ro\/play-game\/\" rel=\"nofollow\" target=\"_blank\">Joaca acum<\/a><br><\/center>\r\n<\/div>\n<\/div>\n<p>Jocul Aviator de la Spribe este un joc de cazino nou \u0219i captivant, care permite juc\u0103torilor s\u0103 experimenteze fiorul de a c\u00e2\u0219tiga \u00een timp ce zboar\u0103 sus. Versiunea demo a jocului ofer\u0103 juc\u0103torilor \u0219ansa de a \u00eencerca jocul gratuit, \u00een timp ce versiunea complet\u0103 este disponibil\u0103 pe multe site-uri de cazinouri de top. Demo-ul gratuit Aviator este o modalitate excelent\u0103 de a \u00eenv\u0103\u021ba cum s\u0103 joci \u00eenainte de a cheltui bani pe versiunea complet\u0103 \u0219i este o modalitate distractiv\u0103 de a petrece timpul online f\u0103r\u0103 a cheltui bani.<\/p>\n<p>Pentru a face acest lucru, trebuie s\u0103 accesa\u021bi site-ul oficial Aviator \u0219i s\u0103 selecta\u021bi modul de joc demo. \u00cen versiunea demo, pute\u021bi juca f\u0103r\u0103 a fi nevoie s\u0103 paria\u021bi bani reali \u0219i s\u0103 v\u0103 bucura\u021bi de joc.<\/p>\n<p><img loading=\"lazy\" decoding=\"async\" title=\"Joac\u0103 demo-ul Aviator\" src=\"https:\/\/aviator-slotgame.com\/wp-content\/uploads\/aviator-3.png\" alt=\"Cum s\u0103 joci demo-ul Aviator gratuit\" width=\"800\" height=\"445\" \/><\/p>\n<h2>Caracteristici cheie<\/h2>\n<p>Versiunea demo v\u0103 va prezenta c\u00e2teva mecanisme importante de joc. Practic\u00e2nd mai \u00eent\u00e2i gratuit, ve\u021bi \u00een\u021belege mai bine cum func\u021bioneaz\u0103 jocul \u0219i v\u0103 pute\u021bi maximiza c\u00e2\u0219tigurile atunci c\u00e2nd juca\u021bi pe bani reali. Demo-ul Aviator este, de asemenea, o modalitate excelent\u0103 de a v\u0103 distra pu\u021bin f\u0103r\u0103 a cheltui bani sau credite.<\/p><div class=\"802edcec42a21587585c61afeb8a4f8f\" data-index=\"1\" style=\"float: none; margin:10px 0 10px 0; text-align:center;\">\n<div class=\"custom-play-button\">\r\n<center><a href=\"https:\/\/aviator-slotgame.com\/ro\/play-game\/\" rel=\"nofollow\" target=\"_blank\">Joaca acum<\/a><br><\/center>\r\n<\/div>\n<\/div>\n\n<h3>Butoane dublate<\/h3>\n<p>Aceste butoane v\u0103 ofer\u0103 posibilitatea de a v\u0103 dubla pariul atunci c\u00e2nd cotele sunt stivuite \u00een favoarea dumneavoastr\u0103. Acest lucru v\u0103 poate cre\u0219te c\u00e2\u0219tigurile, dar cre\u0219te \u0219i factorul de risc.<\/p>\n<p>V\u0103 recomand\u0103m s\u0103 exersa\u021bi utilizarea ambelor butoane \u00een versiunea demo \u00eenainte de a risca credite reale pe site. Avionul Aviator poate zbura \u00een timpul necesar pentru a ap\u0103sa al 2-lea buton. Cei mai buni juc\u0103tori Aviator pot \u00eencasa ambele pariuri \u00eentr-o secund\u0103.<\/p>\n<h3>Clasament<\/h3>\n<p>Aceast\u0103 func\u021bie v\u0103 ofer\u0103 o idee despre c\u00e2t de bine se compar\u0103 pariurile dvs. cu al\u021bi juc\u0103tori \u00een timp real! Aceasta este o modalitate excelent\u0103 de a r\u0103m\u00e2ne motivat atunci c\u00e2nd ajunge\u021bi la jocul propriu-zis. \u00cen demo, ace\u0219ti juc\u0103tori sunt simula\u021bi, dar v\u0103 pute\u021bi face o idee despre ce s\u0103 ave\u021bi \u00een vedere.<\/p>\n<h3>Limite de pariuri \u0219i de c\u00e2\u0219tig<\/h3>\n<p>Demo-ul Aviator este un loc bun pentru a afla care sunt pariurile maxime \u0219i minime pe care le po\u021bi face \u0219i c\u00e2\u021bi bani \u00ee\u021bi va aduce norocul. Aceste informa\u021bii sunt extrem de importante din dou\u0103 motive. \u00cen primul r\u00e2nd, vei putea s\u0103 cuno\u0219ti limitele jocului t\u0103u \u0219i s\u0103 nu le dep\u0103\u0219e\u0219ti atunci c\u00e2nd joci versiunea complet\u0103. \u00cen al doilea r\u00e2nd, pute\u021bi \u0219ti la ce s\u0103 v\u0103 a\u0219tepta\u021bi c\u00e2nd multiplicatorul \u00eencepe s\u0103 creasc\u0103.<\/p>\n<table>\n<tbody>\n<tr>\n<td><strong>LIMITE DE JOC<\/strong><\/td>\n<\/tr>\n<tr>\n<td><strong>Oferta minima<\/strong><\/td>\n<td>0.10<\/td>\n<\/tr>\n<tr>\n<td><strong>Pariul maxim<\/strong><\/td>\n<td>100<\/td>\n<\/tr>\n<tr>\n<td><strong>C\u00e2\u0219tig maxim<\/strong><\/td>\n<td>10,000<\/td>\n<\/tr>\n<\/tbody>\n<\/table>\n<p><img loading=\"lazy\" decoding=\"async\" src=\"https:\/\/aviator-slotgame.com\/wp-content\/uploads\/Aviator-12-800-x-600-\u043f\u0438\u043a\u0441.jpg\" alt=\"Pariuri \u0219i c\u00e2\u0219tiguri\" width=\"800\" height=\"600\" \/><\/p>\n<h3>Redare automata<\/h3>\n<p>Autoplay plaseaz\u0103 automat pariuri \u0219i pl\u0103te\u0219te bani \u00een numele dvs. conform set\u0103rilor pe care le specifica\u021bi. Acest lucru v\u0103 permite s\u0103 v\u0103 relaxa\u021bi \u00een timp ce jocul Aviator face treaba pentru dvs. Pentru distrac\u021bie \u0219i exersare, jocul va permite juc\u0103torilor s\u0103 \u00eencerce diferite combina\u021bii de set\u0103ri.<\/p>\n<p>Urm\u0103toarele op\u021biuni de redare automat\u0103 sunt disponibile \u00een versiunea demo a Aviator:<\/p>\n<ul>\n<li>Limita de reducere a numerarului<\/li>\n<li>Limit\u0103 de c\u00e2\u0219tig<\/li>\n<li>Limit\u0103 per c\u00e2\u0219tig<\/li>\n<li>Multiplicator de plat\u0103 \u00een numerar<\/li>\n<\/ul>\n<p><img loading=\"lazy\" decoding=\"async\" src=\"https:\/\/aviator-slotgame.com\/wp-content\/uploads\/Aviator-15-800-x-600-\u043f\u0438\u043a\u0441.jpg\" alt=\"Redare automat\u0103 \u00een Aviator\" width=\"800\" height=\"600\" \/><\/p>\n<h2>Func\u021bii care nu sunt incluse \u00een versiunea demo<\/h2>\n<p>Din demonstra\u021bia Aviator \u00eei lipse\u0219te o caracteristic\u0103 vital\u0103. Pur \u0219i simplu nu poate fi modelat.<\/p>\n<h3>Juc\u0103torii vorbesc<\/h3>\n<p>\u00cen versiunea complet\u0103 a Aviator, juc\u0103torii pot accesa sistemul de chat din joc pentru a discuta despre strategie, a abuza de multiplicatori, a \u00eemp\u0103rt\u0103\u0219i sfaturi \u0219i trucuri, se pot l\u0103uda cu c\u00e2\u0219tigurile mari recente \u0219i vor discuta \u00eentre ei. Aceast\u0103 caracteristic\u0103 nu este disponibil\u0103 \u00een versiunea demo.<\/p>\n<p>Este posibil s\u0103 nu po\u021bi exersa comunicarea cu al\u021bi juc\u0103tori, dar este unul dintre cele mai importante aspecte ale unui joc live. Aceasta este o modalitate excelent\u0103 de a construi rela\u021bii cu al\u021bi juc\u0103tori \u0219i de a afla mai multe despre joc.<\/p>\n<h2>Demo-ul gratuit de Aviator \u00een compara\u021bie cu jocul actual<\/h2>\n<p>Demo-ul Aviator este o versiune gratuit\u0103 a jocului care v\u0103 permite s\u0103 exersa\u021bi \u0219i s\u0103 \u00eencerca\u021bi diferite strategii. Versiunea demo include toate caracteristicile disponibile \u00een versiunea complet\u0103, dar cu unele limit\u0103ri. De exemplu, \u00een versiunea demo a Aviator nu pute\u021bi c\u00e2\u0219tiga bani reali sau c\u00e2\u0219tiga premii. Cu toate acestea, dac\u0103 v\u0103 place s\u0103 juca\u021bi versiunea demo \u0219i dori\u021bi s\u0103 experimenta\u021bi mai multe caracteristici ale acestui joc interesant, atunci pute\u021bi continua s\u0103 juca\u021bi jocul real \u00een orice moment.<\/p>\n<p>Versiunea demo a Aviator vine cu mai multe tutoriale \u0219i sfaturi pentru a v\u0103 ajuta s\u0103 \u00een\u021belege\u021bi cum s\u0103 juca\u021bi mai eficient. Ele v\u0103 vor ajuta s\u0103 v\u0103 \u00eembun\u0103t\u0103\u021bi\u021bi experien\u021ba general\u0103 de joc, oferind \u00eendrum\u0103ri u\u0219or de \u00een\u021beles pentru juc\u0103torii noi \u0219i pred\u00e2nd noi tehnici. De asemenea, pute\u021bi vizualiza datele RNG (Generator de numere aleatoare) generate din aceste runde, permi\u021b\u00e2ndu-v\u0103 s\u0103 v\u0103 familiariza\u021bi mai mult cu tehnologia criptografic\u0103 Spribe.<\/p>\n<table>\n<tbody>\n<tr>\n<td><strong>AVIATOR DEMO<\/strong><\/td>\n<td><strong>JOC LIVE \u201eAVIATOR\u201d<\/strong><\/td>\n<\/tr>\n<tr>\n<td>Joaca gratis<\/td>\n<td>Este necesar credit de pe site<\/td>\n<\/tr>\n<tr>\n<td>F\u0103r\u0103 chat live<\/td>\n<td>Chat pentru to\u021bi juc\u0103torii<\/td>\n<\/tr>\n<tr>\n<td>F\u0103r\u0103 c\u00e2\u0219tiguri<\/td>\n<td>C\u00e2\u0219tigul depinde de multiplicator<\/td>\n<\/tr>\n<tr>\n<td>Pute\u021bi juca pe site-ul oficial Spribe<\/td>\n<td>Disponibil numai la cazinourile online licen\u021biate<\/td>\n<\/tr>\n<tr>\n<td>Juc\u0103tori simula\u021bi \u00een clasament<\/td>\n<td>Juc\u0103torii adev\u0103ra\u021bi plaseaz\u0103 pariuri<\/td>\n<\/tr>\n<\/tbody>\n<\/table>\n<p>Juc\u00e2nd mai \u00eent\u00e2i demo-ul Aviator, \u00ee\u021bi po\u021bi perfec\u021biona abilit\u0103\u021bile \u00eenainte de a te confrunta cu al\u021bi juc\u0103tori \u0219i poate s\u0103 c\u00e2\u0219tigi pe bune!<\/p>\n<p><img loading=\"lazy\" decoding=\"async\" src=\"https:\/\/aviator-slotgame.com\/wp-content\/uploads\/Aviator-11-800-x-600-\u043f\u0438\u043a\u0441.jpg\" alt=\"Versiune demo \u00een Aviator\" width=\"800\" height=\"600\" \/><\/p>\n<h2>Versiunea demo a jocului Aviator<\/h2>\n<p>De ce v\u0103 recomand\u0103 toat\u0103 lumea s\u0103 v\u0103 familiariza\u021bi mai \u00eent\u00e2i cu versiunea demo a jocului Aviator?<\/p>\n<ol>\n<li><strong>Introducere \u00een joc:<\/strong> Versiunea gratuit\u0103 a jocului Aviator \u00eei ajut\u0103 pe juc\u0103tori s\u0103 se familiarizeze cu modul de joc, regulile jocului \u0219i func\u021biile sloturilor f\u0103r\u0103 a-\u0219i risca banii.<\/li>\n<li><strong>Practica:<\/strong> Jocul versiunii gratuite permite juc\u0103torilor s\u0103-\u0219i exerseze \u0219i s\u0103-\u0219i perfec\u021bioneze abilit\u0103\u021bile \u00eenainte de a juca pe bani reali.<\/li>\n<li><strong>Scor de interes:<\/strong> Juc\u00e2nd versiunea gratuit\u0103, pute\u021bi evalua c\u00e2t de interesant \u0219i interesant este jocul, ceea ce v\u0103 va ajuta s\u0103 decide\u021bi dac\u0103 continua\u021bi s\u0103 juca\u021bi pe bani reali.<\/li>\n<li><strong>Riscuri non-financiare:<\/strong> Versiunea gratuit\u0103 elimin\u0103 riscurile financiare pentru juc\u0103tor, deoarece pariurile sunt plasate pe bani virtuali, ceea ce v\u0103 permite s\u0103 v\u0103 bucura\u021bi de joc f\u0103r\u0103 stres.<\/li>\n<li><strong>Divertisment:<\/strong> Jocul versiunii gratuite a Aviator poate fi o modalitate excelent\u0103 de a te distra \u0219i de a petrece timpul f\u0103r\u0103 a fi nevoie s\u0103 investe\u0219ti bani.<\/li>\n<\/ol>\n<p><img loading=\"lazy\" decoding=\"async\" src=\"https:\/\/aviator-slotgame.com\/wp-content\/uploads\/Aviator-30-800-x-600-\u043f\u0438\u043a\u0441.jpg\" alt=\"Joc demonstrativ Aviator\" width=\"800\" height=\"600\" \/><\/p>\n<h2>Unde pot g\u0103si o versiune demo a jocului Aviator?<\/h2>\n<p>Iat\u0103 instruc\u021biuni detaliate despre cum s\u0103 g\u0103si\u021bi o versiune demo a jocului online Aviator:<\/p>\n<ol>\n<li>Deschide\u021bi browserul de internet pe dispozitivul dvs. \u0219i accesa\u021bi site-ul web oficial al cazinoului \u00een care dori\u021bi s\u0103 juca\u021bi.<\/li>\n<li>Dac\u0103 ave\u021bi deja un cont pe site, conecta\u021bi-v\u0103 folosind datele de conectare. Dac\u0103 nu ave\u021bi \u00eenc\u0103 un cont, \u00eenregistra\u021bi-v\u0103 pe site-ul cazinoului.<\/li>\n<li>Dup\u0103 ce intri pe site, g\u0103se\u0219te sec\u021biunea cu jocuri crash sau folose\u0219te bara de c\u0103utare. De obicei, versiunile demo ale jocurilor sunt furnizate \u00een sec\u021biunea Jocuri.<\/li>\n<li>G\u0103si\u021bi jocul Aviator printre op\u021biunile prezentate \u0219i face\u021bi clic pe el.<\/li>\n<li>\u00cen informa\u021biile despre joc, ve\u021bi g\u0103si de obicei un buton Play sau Demo. Face\u021bi clic pe acest buton pentru a porni modul demo al jocului Aviator.<\/li>\n<li>Versiunea demo a jocului se va desc\u0103rca \u0219i po\u021bi \u00eencepe s\u0103 joci f\u0103r\u0103 a fi nevoie s\u0103 pariezi bani reali. \u00cen modul demo, ve\u021bi folosi banii virtuali furniza\u021bi de cazinou pentru a juca jocul accident Aviator.<\/li>\n<\/ol>\n<p>Astfel, urm\u00e2nd ace\u0219ti pa\u0219i, pute\u021bi g\u0103si \u0219i juca cu u\u0219urin\u021b\u0103 versiunea demo a jocului Aviator pe site-ul oficial al cazinoului<\/p>\n<p><img loading=\"lazy\" decoding=\"async\" src=\"https:\/\/aviator-slotgame.com\/wp-content\/uploads\/Aviator-31-800-x-600-\u043f\u0438\u043a\u0441.jpg\" alt=\"G\u0103si\u021bi jocul demo Aviator\" width=\"800\" height=\"600\" \/><\/p>\n\n<div style=\"font-size: 0px; height: 0px; line-height: 0px; margin: 0; padding: 0; clear: both;\"><\/div>","protected":false},"excerpt":{"rendered":"<p>Spribe&#039;s Aviator este un joc de cazino nou \u0219i captivant, care permite juc\u0103torilor s\u0103 experimenteze fiorul c\u00e2\u0219tig\u0103rii<\/p>","protected":false},"author":1,"featured_media":0,"parent":0,"menu_order":0,"comment_status":"closed","ping_status":"closed","template":"","meta":{"footnotes":""},"class_list":["post-26","page","type-page","status-publish","hentry"],"yoast_head":"<!-- This site is optimized with the Yoast SEO plugin v22.0 - https:\/\/yoast.com\/wordpress\/plugins\/seo\/ -->\n<title>\u0414\u0435\u043c\u043e-\u0432\u0435\u0440\u0441\u0438\u044f \u0438\u0433\u0440\u044b \u0410\u0432\u0438\u0430\u0442\u043e\u0440 \u2014 \u0418\u0433\u0440\u0430\u0439\u0442\u0435 \u0432 \u043a\u0440\u0430\u0448-\u0441\u043b\u043e\u0442 \u0431\u0435\u0441\u043f\u043b\u0430\u0442\u043d\u043e<\/title>\n<meta name=\"description\" content=\"\u0418\u0433\u0440\u0430\u0439 \u0432 \u0434\u0435\u043c\u043e-\u0432\u0435\u0440\u0441\u0438\u044e \u0410\u0432\u0438\u0430\u0442\u043e\u0440 \u0431\u0435\u0441\u043f\u043b\u0430\u0442\u043d\u043e. \u0422\u0440\u0435\u043d\u0438\u0440\u0443\u0439\u0441\u044f \u0431\u0435\u0437 \u0434\u0435\u043d\u0435\u0433 \u0432 \u043a\u0440\u0430\u0448-\u0441\u043b\u043e\u0442\u0435 \u043e\u0442 Spribe \u043f\u0435\u0440\u0435\u0434 \u0438\u0433\u0440\u043e\u0439 \u043d\u0430 \u0440\u0435\u0430\u043b\u044c\u043d\u044b\u0435 \u0434\u0435\u043d\u044c\u0433\u0438 \u0432 \u043e\u043d\u043b\u0430\u0439\u043d \u043a\u0430\u0437\u0438\u043d\u043e.\" \/>\n<meta name=\"robots\" content=\"index, follow, max-snippet:-1, max-image-preview:large, max-video-preview:-1\" \/>\n<link rel=\"canonical\" href=\"https:\/\/aviator-slotgame.com\/ro\/cum-sa-joci-aviator-demo-gratis\/\" \/>\n<meta property=\"og:locale\" content=\"ro_RO\" \/>\n<meta property=\"og:type\" content=\"article\" \/>\n<meta property=\"og:title\" content=\"\u0414\u0435\u043c\u043e-\u0432\u0435\u0440\u0441\u0438\u044f \u0438\u0433\u0440\u044b \u0410\u0432\u0438\u0430\u0442\u043e\u0440 \u2014 \u0418\u0433\u0440\u0430\u0439\u0442\u0435 \u0432 \u043a\u0440\u0430\u0448-\u0441\u043b\u043e\u0442 \u0431\u0435\u0441\u043f\u043b\u0430\u0442\u043d\u043e\" \/>\n<meta property=\"og:description\" content=\"\u0418\u0433\u0440\u0430\u0439 \u0432 \u0434\u0435\u043c\u043e-\u0432\u0435\u0440\u0441\u0438\u044e \u0410\u0432\u0438\u0430\u0442\u043e\u0440 \u0431\u0435\u0441\u043f\u043b\u0430\u0442\u043d\u043e. \u0422\u0440\u0435\u043d\u0438\u0440\u0443\u0439\u0441\u044f \u0431\u0435\u0437 \u0434\u0435\u043d\u0435\u0433 \u0432 \u043a\u0440\u0430\u0448-\u0441\u043b\u043e\u0442\u0435 \u043e\u0442 Spribe \u043f\u0435\u0440\u0435\u0434 \u0438\u0433\u0440\u043e\u0439 \u043d\u0430 \u0440\u0435\u0430\u043b\u044c\u043d\u044b\u0435 \u0434\u0435\u043d\u044c\u0433\u0438 \u0432 \u043e\u043d\u043b\u0430\u0439\u043d \u043a\u0430\u0437\u0438\u043d\u043e.\" \/>\n<meta property=\"og:url\" content=\"https:\/\/aviator-slotgame.com\/ro\/cum-sa-joci-aviator-demo-gratis\/\" \/>\n<meta property=\"og:site_name\" content=\"Aviator\" \/>\n<meta property=\"article:modified_time\" content=\"2024-10-03T23:16:00+00:00\" \/>\n<meta property=\"og:image\" content=\"https:\/\/aviator-slotgame.com\/wp-content\/uploads\/aviator-3.png\" \/>\n<meta name=\"twitter:card\" content=\"summary_large_image\" \/>\n<meta name=\"twitter:label1\" content=\"Timp estimat pentru citire\" \/>\n\t<meta name=\"twitter:data1\" content=\"6 minute\" \/>\n<script type=\"application\/ld+json\" class=\"yoast-schema-graph\">{\"@context\":\"https:\/\/schema.org\",\"@graph\":[{\"@type\":\"WebPage\",\"@id\":\"https:\/\/aviator-slotgame.com\/play-for-free\/\",\"url\":\"https:\/\/aviator-slotgame.com\/play-for-free\/\",\"name\":\"\u0414\u0435\u043c\u043e-\u0432\u0435\u0440\u0441\u0438\u044f \u0438\u0433\u0440\u044b \u0410\u0432\u0438\u0430\u0442\u043e\u0440 \u2014 \u0418\u0433\u0440\u0430\u0439\u0442\u0435 \u0432 \u043a\u0440\u0430\u0448-\u0441\u043b\u043e\u0442 \u0431\u0435\u0441\u043f\u043b\u0430\u0442\u043d\u043e\",\"isPartOf\":{\"@id\":\"https:\/\/aviator-slotgame.com\/#website\"},\"datePublished\":\"2024-01-31T12:57:07+00:00\",\"dateModified\":\"2024-10-03T23:16:00+00:00\",\"description\":\"\u0418\u0433\u0440\u0430\u0439 \u0432 \u0434\u0435\u043c\u043e-\u0432\u0435\u0440\u0441\u0438\u044e \u0410\u0432\u0438\u0430\u0442\u043e\u0440 \u0431\u0435\u0441\u043f\u043b\u0430\u0442\u043d\u043e. \u0422\u0440\u0435\u043d\u0438\u0440\u0443\u0439\u0441\u044f \u0431\u0435\u0437 \u0434\u0435\u043d\u0435\u0433 \u0432 \u043a\u0440\u0430\u0448-\u0441\u043b\u043e\u0442\u0435 \u043e\u0442 Spribe \u043f\u0435\u0440\u0435\u0434 \u0438\u0433\u0440\u043e\u0439 \u043d\u0430 \u0440\u0435\u0430\u043b\u044c\u043d\u044b\u0435 \u0434\u0435\u043d\u044c\u0433\u0438 \u0432 \u043e\u043d\u043b\u0430\u0439\u043d \u043a\u0430\u0437\u0438\u043d\u043e.\",\"breadcrumb\":{\"@id\":\"https:\/\/aviator-slotgame.com\/play-for-free\/#breadcrumb\"},\"inLanguage\":\"ro-RO\",\"potentialAction\":[{\"@type\":\"ReadAction\",\"target\":[\"https:\/\/aviator-slotgame.com\/play-for-free\/\"]}]},{\"@type\":\"BreadcrumbList\",\"@id\":\"https:\/\/aviator-slotgame.com\/play-for-free\/#breadcrumb\",\"itemListElement\":[{\"@type\":\"ListItem\",\"position\":1,\"name\":\"Home\",\"item\":\"https:\/\/aviator-slotgame.com\/\"},{\"@type\":\"ListItem\",\"position\":2,\"name\":\"\u041a\u0430\u043a \u0438\u0433\u0440\u0430\u0442\u044c \u0432 \u0434\u0435\u043c\u043e-\u0432\u0435\u0440\u0441\u0438\u044e \u0410\u0432\u0438\u0430\u0442\u043e\u0440\u0430 \u0431\u0435\u0441\u043f\u043b\u0430\u0442\u043d\u043e\"}]},{\"@type\":\"WebSite\",\"@id\":\"https:\/\/aviator-slotgame.com\/#website\",\"url\":\"https:\/\/aviator-slotgame.com\/\",\"name\":\"Aviator\",\"description\":\"\",\"publisher\":{\"@id\":\"https:\/\/aviator-slotgame.com\/#organization\"},\"potentialAction\":[{\"@type\":\"SearchAction\",\"target\":{\"@type\":\"EntryPoint\",\"urlTemplate\":\"https:\/\/aviator-slotgame.com\/?s={search_term_string}\"},\"query-input\":\"required name=search_term_string\"}],\"inLanguage\":\"ro-RO\"},{\"@type\":\"Organization\",\"@id\":\"https:\/\/aviator-slotgame.com\/#organization\",\"name\":\"Aviator\",\"url\":\"https:\/\/aviator-slotgame.com\/\",\"logo\":{\"@type\":\"ImageObject\",\"inLanguage\":\"ro-RO\",\"@id\":\"https:\/\/aviator-slotgame.com\/#\/schema\/logo\/image\/\",\"url\":\"https:\/\/aviator-slotgame.com\/wp-content\/uploads\/16f5e8_dade544d4623411c9c4153c639aae85amv2.webp\",\"contentUrl\":\"https:\/\/aviator-slotgame.com\/wp-content\/uploads\/16f5e8_dade544d4623411c9c4153c639aae85amv2.webp\",\"width\":400,\"height\":300,\"caption\":\"Aviator\"},\"image\":{\"@id\":\"https:\/\/aviator-slotgame.com\/#\/schema\/logo\/image\/\"}}]}<\/script>\n<!-- \/ Yoast SEO plugin. -->","yoast_head_json":{"title":"\u0414\u0435\u043c\u043e-\u0432\u0435\u0440\u0441\u0438\u044f \u0438\u0433\u0440\u044b \u0410\u0432\u0438\u0430\u0442\u043e\u0440 \u2014 \u0418\u0433\u0440\u0430\u0439\u0442\u0435 \u0432 \u043a\u0440\u0430\u0448-\u0441\u043b\u043e\u0442 \u0431\u0435\u0441\u043f\u043b\u0430\u0442\u043d\u043e","description":"\u0418\u0433\u0440\u0430\u0439 \u0432 \u0434\u0435\u043c\u043e-\u0432\u0435\u0440\u0441\u0438\u044e \u0410\u0432\u0438\u0430\u0442\u043e\u0440 \u0431\u0435\u0441\u043f\u043b\u0430\u0442\u043d\u043e. \u0422\u0440\u0435\u043d\u0438\u0440\u0443\u0439\u0441\u044f \u0431\u0435\u0437 \u0434\u0435\u043d\u0435\u0433 \u0432 \u043a\u0440\u0430\u0448-\u0441\u043b\u043e\u0442\u0435 \u043e\u0442 Spribe \u043f\u0435\u0440\u0435\u0434 \u0438\u0433\u0440\u043e\u0439 \u043d\u0430 \u0440\u0435\u0430\u043b\u044c\u043d\u044b\u0435 \u0434\u0435\u043d\u044c\u0433\u0438 \u0432 \u043e\u043d\u043b\u0430\u0439\u043d \u043a\u0430\u0437\u0438\u043d\u043e.","robots":{"index":"index","follow":"follow","max-snippet":"max-snippet:-1","max-image-preview":"max-image-preview:large","max-video-preview":"max-video-preview:-1"},"canonical":"https:\/\/aviator-slotgame.com\/ro\/cum-sa-joci-aviator-demo-gratis\/","og_locale":"ro_RO","og_type":"article","og_title":"\u0414\u0435\u043c\u043e-\u0432\u0435\u0440\u0441\u0438\u044f \u0438\u0433\u0440\u044b \u0410\u0432\u0438\u0430\u0442\u043e\u0440 \u2014 \u0418\u0433\u0440\u0430\u0439\u0442\u0435 \u0432 \u043a\u0440\u0430\u0448-\u0441\u043b\u043e\u0442 \u0431\u0435\u0441\u043f\u043b\u0430\u0442\u043d\u043e","og_description":"\u0418\u0433\u0440\u0430\u0439 \u0432 \u0434\u0435\u043c\u043e-\u0432\u0435\u0440\u0441\u0438\u044e \u0410\u0432\u0438\u0430\u0442\u043e\u0440 \u0431\u0435\u0441\u043f\u043b\u0430\u0442\u043d\u043e. \u0422\u0440\u0435\u043d\u0438\u0440\u0443\u0439\u0441\u044f \u0431\u0435\u0437 \u0434\u0435\u043d\u0435\u0433 \u0432 \u043a\u0440\u0430\u0448-\u0441\u043b\u043e\u0442\u0435 \u043e\u0442 Spribe \u043f\u0435\u0440\u0435\u0434 \u0438\u0433\u0440\u043e\u0439 \u043d\u0430 \u0440\u0435\u0430\u043b\u044c\u043d\u044b\u0435 \u0434\u0435\u043d\u044c\u0433\u0438 \u0432 \u043e\u043d\u043b\u0430\u0439\u043d \u043a\u0430\u0437\u0438\u043d\u043e.","og_url":"https:\/\/aviator-slotgame.com\/ro\/cum-sa-joci-aviator-demo-gratis\/","og_site_name":"Aviator","article_modified_time":"2024-10-03T23:16:00+00:00","og_image":[{"url":"https:\/\/aviator-slotgame.com\/wp-content\/uploads\/aviator-3.png"}],"twitter_card":"summary_large_image","twitter_misc":{"Timp estimat pentru citire":"6 minute"},"schema":{"@context":"https:\/\/schema.org","@graph":[{"@type":"WebPage","@id":"https:\/\/aviator-slotgame.com\/play-for-free\/","url":"https:\/\/aviator-slotgame.com\/play-for-free\/","name":"\u0414\u0435\u043c\u043e-\u0432\u0435\u0440\u0441\u0438\u044f \u0438\u0433\u0440\u044b \u0410\u0432\u0438\u0430\u0442\u043e\u0440 \u2014 \u0418\u0433\u0440\u0430\u0439\u0442\u0435 \u0432 \u043a\u0440\u0430\u0448-\u0441\u043b\u043e\u0442 \u0431\u0435\u0441\u043f\u043b\u0430\u0442\u043d\u043e","isPartOf":{"@id":"https:\/\/aviator-slotgame.com\/#website"},"datePublished":"2024-01-31T12:57:07+00:00","dateModified":"2024-10-03T23:16:00+00:00","description":"\u0418\u0433\u0440\u0430\u0439 \u0432 \u0434\u0435\u043c\u043e-\u0432\u0435\u0440\u0441\u0438\u044e \u0410\u0432\u0438\u0430\u0442\u043e\u0440 \u0431\u0435\u0441\u043f\u043b\u0430\u0442\u043d\u043e. \u0422\u0440\u0435\u043d\u0438\u0440\u0443\u0439\u0441\u044f \u0431\u0435\u0437 \u0434\u0435\u043d\u0435\u0433 \u0432 \u043a\u0440\u0430\u0448-\u0441\u043b\u043e\u0442\u0435 \u043e\u0442 Spribe \u043f\u0435\u0440\u0435\u0434 \u0438\u0433\u0440\u043e\u0439 \u043d\u0430 \u0440\u0435\u0430\u043b\u044c\u043d\u044b\u0435 \u0434\u0435\u043d\u044c\u0433\u0438 \u0432 \u043e\u043d\u043b\u0430\u0439\u043d \u043a\u0430\u0437\u0438\u043d\u043e.","breadcrumb":{"@id":"https:\/\/aviator-slotgame.com\/play-for-free\/#breadcrumb"},"inLanguage":"ro-RO","potentialAction":[{"@type":"ReadAction","target":["https:\/\/aviator-slotgame.com\/play-for-free\/"]}]},{"@type":"BreadcrumbList","@id":"https:\/\/aviator-slotgame.com\/play-for-free\/#breadcrumb","itemListElement":[{"@type":"ListItem","position":1,"name":"Home","item":"https:\/\/aviator-slotgame.com\/"},{"@type":"ListItem","position":2,"name":"\u041a\u0430\u043a \u0438\u0433\u0440\u0430\u0442\u044c \u0432 \u0434\u0435\u043c\u043e-\u0432\u0435\u0440\u0441\u0438\u044e \u0410\u0432\u0438\u0430\u0442\u043e\u0440\u0430 \u0431\u0435\u0441\u043f\u043b\u0430\u0442\u043d\u043e"}]},{"@type":"WebSite","@id":"https:\/\/aviator-slotgame.com\/#website","url":"https:\/\/aviator-slotgame.com\/","name":"Aviator","description":"","publisher":{"@id":"https:\/\/aviator-slotgame.com\/#organization"},"potentialAction":[{"@type":"SearchAction","target":{"@type":"EntryPoint","urlTemplate":"https:\/\/aviator-slotgame.com\/?s={search_term_string}"},"query-input":"required name=search_term_string"}],"inLanguage":"ro-RO"},{"@type":"Organization","@id":"https:\/\/aviator-slotgame.com\/#organization","name":"Aviator","url":"https:\/\/aviator-slotgame.com\/","logo":{"@type":"ImageObject","inLanguage":"ro-RO","@id":"https:\/\/aviator-slotgame.com\/#\/schema\/logo\/image\/","url":"https:\/\/aviator-slotgame.com\/wp-content\/uploads\/16f5e8_dade544d4623411c9c4153c639aae85amv2.webp","contentUrl":"https:\/\/aviator-slotgame.com\/wp-content\/uploads\/16f5e8_dade544d4623411c9c4153c639aae85amv2.webp","width":400,"height":300,"caption":"Aviator"},"image":{"@id":"https:\/\/aviator-slotgame.com\/#\/schema\/logo\/image\/"}}]}},"amp_enabled":true,"_links":{"self":[{"href":"https:\/\/aviator-slotgame.com\/ro\/wp-json\/wp\/v2\/pages\/26","targetHints":{"allow":["GET"]}}],"collection":[{"href":"https:\/\/aviator-slotgame.com\/ro\/wp-json\/wp\/v2\/pages"}],"about":[{"href":"https:\/\/aviator-slotgame.com\/ro\/wp-json\/wp\/v2\/types\/page"}],"author":[{"embeddable":true,"href":"https:\/\/aviator-slotgame.com\/ro\/wp-json\/wp\/v2\/users\/1"}],"replies":[{"embeddable":true,"href":"https:\/\/aviator-slotgame.com\/ro\/wp-json\/wp\/v2\/comments?post=26"}],"version-history":[{"count":19,"href":"https:\/\/aviator-slotgame.com\/ro\/wp-json\/wp\/v2\/pages\/26\/revisions"}],"predecessor-version":[{"id":412,"href":"https:\/\/aviator-slotgame.com\/ro\/wp-json\/wp\/v2\/pages\/26\/revisions\/412"}],"wp:attachment":[{"href":"https:\/\/aviator-slotgame.com\/ro\/wp-json\/wp\/v2\/media?parent=26"}],"curies":[{"name":"wp","href":"https:\/\/api.w.org\/{rel}","templated":true}]}}