{"id":263,"date":"2024-09-06T14:43:40","date_gmt":"2024-09-06T14:43:40","guid":{"rendered":"https:\/\/aviator-slotgame.com\/?page_id=263"},"modified":"2024-09-08T10:40:25","modified_gmt":"2024-09-08T10:40:25","slug":"aviator","status":"publish","type":"page","link":"https:\/\/aviator-slotgame.com\/ro\/aviator\/","title":{"rendered":"Reguli, caracteristici \u0219i c\u00e2\u0219tiguri \u00een jocul crash slot pentru bani"},"content":{"rendered":"<div class=\"802edcec42a21587585c61afeb8a4f8f\" data-index=\"1\" style=\"float: none; margin:10px 0 10px 0; text-align:center;\">\n<div class=\"custom-play-button\">\r\n<center><a href=\"https:\/\/aviator-slotgame.com\/ro\/play-game\/\" rel=\"nofollow\" target=\"_blank\">Joaca acum<\/a><br><\/center>\r\n<\/div>\n<\/div>\n<h1><\/h1>\n<p><img loading=\"lazy\" decoding=\"async\" class=\"alignnone size-full wp-image-264\" src=\"https:\/\/aviator-slotgame.com\/wp-content\/uploads\/Aviator-7-800-x-600-\u043f\u0438\u043a\u0441.jpg\" alt=\"Slot online Aviator - Joac\u0103 pe bani reali \u00een cazinou \" width=\"800\" height=\"600\" srcset=\"https:\/\/aviator-slotgame.com\/wp-content\/uploads\/Aviator-7-800-x-600-\u043f\u0438\u043a\u0441.jpg 800w, https:\/\/aviator-slotgame.com\/wp-content\/uploads\/Aviator-7-800-x-600-\u043f\u0438\u043a\u0441-300x225.jpg 300w, https:\/\/aviator-slotgame.com\/wp-content\/uploads\/Aviator-7-800-x-600-\u043f\u0438\u043a\u0441-768x576.jpg 768w, https:\/\/aviator-slotgame.com\/wp-content\/uploads\/Aviator-7-800-x-600-\u043f\u0438\u043a\u0441-16x12.jpg 16w\" sizes=\"auto, (max-width: 800px) 100vw, 800px\" \/><\/p>\n<h2>Ce este jocul de accident online Aviator?<\/h2>\n<p>Aviator este unul dintre jocurile populare dezvoltate de studioul Spribe. Un nou produs pe pia\u021ba modern\u0103, creat pe baza unui generator de numere aleatorii, captiveaz\u0103 juc\u0103torul de la bun \u00eenceput. C\u00e2\u0219tig\u0103torul este determinat prin selec\u021bie aleatorie! Acest lucru men\u021bine jocul corect \u0219i arat\u0103 juc\u0103torului c\u0103 pariul s\u0103u nu depinde de platforma sau povestea jocului. Aviator se deosebe\u0219te de alte jocuri populare de crash \u00een modul s\u0103u de joc original; Jocul atrage \u0219i prin regulile sale destul de simple \u0219i cu oportunitatea de a c\u00e2\u0219tiga bani reali, ceea ce \u00eel face popular \u00een r\u00e2ndul juc\u0103torilor de noroc, \u0219i mai ales printre fanii avioanelor \u0219i a tot ceea ce \u021bine de zbor!<\/p>\n<p>Esen\u021ba jocului este c\u0103 utilizatorul trebuie s\u0103 aib\u0103 timp s\u0103-\u0219i salveze pariul \u00eenainte ca avionul s\u0103 zboare, reset\u00e2nd astfel \u0219ansele juc\u0103torului.<\/p>\n<p>Spribe este o companie cunoscut\u0103 specializat\u0103 \u00een dezvoltarea de jocuri online inovatoare \u0219i platforme de jocuri de noroc, jocurile lor fiind populare printre juc\u0103torii din \u00eentreaga lume. Compania a fost \u00eenfiin\u021bat\u0103 \u00een 2018 \u0219i \u00eentr-o perioad\u0103 scurt\u0103 de timp a reu\u0219it s\u0103 c\u00e2\u0219tige popularitate \u00een r\u00e2ndul juc\u0103torilor \u0219i operatorilor de cazinouri online datorit\u0103 mecanicii sale interesante de joc \u0219i a capacit\u0103\u021bii de a juca at\u00e2t pentru bani, c\u00e2t \u0219i \u00een modul demo.<\/p><div class=\"802edcec42a21587585c61afeb8a4f8f\" data-index=\"1\" style=\"float: none; margin:10px 0 10px 0; text-align:center;\">\n<div class=\"custom-play-button\">\r\n<center><a href=\"https:\/\/aviator-slotgame.com\/ro\/play-game\/\" rel=\"nofollow\" target=\"_blank\">Joaca acum<\/a><br><\/center>\r\n<\/div>\n<\/div>\n\n<h2>Motive pentru popularitatea jocului online Aviator<\/h2>\n<p>Ce face jocul Aviator at\u00e2t de popular printre juc\u0103tori?<\/p>\n<ol>\n<li>Simplitatea regulilor: Jocul Aviator are reguli simple \u0219i u\u0219or de \u00een\u021beles, ceea ce \u00eel face accesibil unei game largi de juc\u0103tori, indiferent de experien\u021ba \u0219i nivelul lor de preg\u0103tire.<\/li>\n<\/ol>\n<p>Modul Demo: Dac\u0103 nu dori\u021bi s\u0103 v\u0103 risca\u021bi banii \u0219i v\u0103 este fric\u0103 s\u0103 \u00eencepe\u021bi, verifica\u021bi-l \u0219i \u00eencerca\u021bi-v\u0103 \u00een modul gratuit. Nu investe\u0219ti bani reali. \u201eModul distrac\u021bie\u201d permite juc\u0103torilor s\u0103 se apropie de joc f\u0103r\u0103 a-\u0219i risca economiile.<\/p>\n<p>Oportunitate de c\u00e2\u0219tiguri rapide: jocul de noroc Aviator ofer\u0103 oportunitatea de a c\u00e2\u0219tiga rapid, ceea ce atrage mul\u021bi juc\u0103tori care caut\u0103 entuziasm \u0219i adrenalin\u0103.<\/p>\n<p>Varietate de pariuri: jocul Aviator ofer\u0103 o varietate de tipuri de pariuri, permi\u021b\u00e2nd juc\u0103torilor s\u0103 aleag\u0103 nivelul de risc \u0219i recompens\u0103 poten\u021bial\u0103 care li se potrive\u0219te.<\/p>\n<p>Posibilitatea de a juca online: Jocul Aviator este disponibil \u00eentr-un format online, ceea ce \u00eel face disponibil pentru a fi jucat \u00een orice moment convenabil \u0219i de oriunde \u00een lume.<\/p>\n<p>Comoditate \u0219i accesibilitate: jocul online Aviator permite juc\u0103torilor s\u0103 se bucure de emo\u021bie chiar de acas\u0103 sau din orice alt loc, f\u0103r\u0103 a pleca de acas\u0103. Acest lucru face jocul convenabil \u0219i accesibil pentru o gam\u0103 larg\u0103 de juc\u0103tori.<\/p>\n<p>Bonusuri \u0219i oferte speciale: multe cazinouri online care ofer\u0103 jocul Aviator ofer\u0103 adesea diverse bonusuri, promo\u021bii \u0219i oferte speciale pentru a atrage noi juc\u0103tori \u0219i a-i recompensa pe cei obi\u0219nui\u021bi. Acest lucru face jocul \u0219i mai tentant.<\/p>\n<p>Design grafic \u0219i sunet: cazinourile online moderne ofer\u0103, de obicei, grafic\u0103 \u0219i design audio de \u00eenalt\u0103 calitate pentru jocuri, inclusiv jocul Aviator. Iar jocul dinamic \u0219i captivant cu siguran\u021b\u0103 nu va l\u0103sa juc\u0103torii s\u0103 se plictiseasc\u0103 \u0219i s\u0103 men\u021bin\u0103 interesul pentru joc pe tot parcursul timpului.<\/p>\n<p>Jucabilitatea mobil\u0103: multe cazinouri online ofer\u0103 jocul Aviator \u00eentr-un format compatibil cu dispozitivele mobile, permi\u021b\u00e2nd juc\u0103torilor s\u0103 se bucure de joc oric\u00e2nd \u0219i oriunde. Nu uita\u021bi s\u0103 v\u0103 asigura\u021bi c\u0103 ave\u021bi o conexiune bun\u0103 la internet \u0219i o \u00eenc\u0103rcare suficient\u0103 pe dispozitivul dvs. mobil!<\/p>\n<p>&nbsp;<\/p>\n<h2>Reguli de jocuri de noroc pentru aviatori<\/h2>\n<p>Jocul are reguli simple \u0219i clare, \u00een care utilizatorul pariaz\u0103 pe un anumit rezultat \u0219i poate c\u00e2\u0219tiga \u00eenmul\u021bindu-\u0219i pariul cu cotele. Pute\u021bi juca fie \u00een modul manual, f\u0103c\u00e2nd propriile pariuri, fie \u00een modul automat, atunci c\u00e2nd jocul face pariuri pentru dvs. pe baza parametrilor pe care i-a\u021bi setat.<\/p>\n<h3>Regulile jocului<\/h3>\n<p>Pentru a \u00eencepe s\u0103 juca\u021bi jocul Aviator, trebuie s\u0103 urma\u021bi ace\u0219ti pa\u0219i:<\/p>\n<ol>\n<li>G\u0103si\u021bi un cazinou online sau o platform\u0103 de jocuri care ofer\u0103 jocul Aviator.<\/li>\n<li>\u00cenregistreaz\u0103-te pe platforma la alegere cre\u00e2nd un cont \u0219i furniz\u00e2nd informa\u021biile necesare.<\/li>\n<li>\u00cenc\u0103rca\u021bi contul de joc cu bani pentru a putea plasa pariuri \u00een joc.<\/li>\n<li>G\u0103si\u021bi jocul Aviator pe platform\u0103 \u0219i selecta\u021bi pariul.<\/li>\n<li>Jocul \u00eencepe cu juc\u0103torul care face un pariu.<\/li>\n<li>Urma\u021bi regulile \u0219i instruc\u021biunile de pe ecran \u0219i controla\u021bi procesul jocului f\u0103c\u00e2nd clic pe butoanele corespunz\u0103toare.<\/li>\n<li>Dup\u0103 ce pariul este plasat, avionul \u00eencepe s\u0103 se mi\u0219te \u00een sus sau \u00een jos pe scara cotelor.<\/li>\n<li>Juc\u0103torul poate face clic pe butonul Retrage \u00een orice moment pentru a \u00eencheia jocul \u0219i a primi c\u00e2\u0219tigurile \u00eenmul\u021bite cu cota curent\u0103, sau poate continua jocul \u0219i a\u0219teapt\u0103 s\u0103 m\u0103reasc\u0103 c\u00e2\u0219tigurile \u00cencerca\u021bi s\u0103 ghici\u021bi momentul \u00een care s\u0103 v\u0103 retrage\u021bi c\u00e2\u0219tigurile pentru a evita pariul resetare.<\/li>\n<li>Dac\u0103 juc\u0103torul nu face clic pe butonul Take Winnings \u0219i avionul ajunge la sf\u00e2r\u0219itul scalei de cote, pariul este resetat la zero \u0219i juc\u0103torul nu prime\u0219te c\u00e2\u0219tigurile.<\/li>\n<li>Scopul jocului este s\u0103 v\u0103 lua\u021bi c\u00e2\u0219tigurile la momentul potrivit \u0219i s\u0103 evita\u021bi ca pariul s\u0103 fie resetat la zero.<\/li>\n<\/ol>\n<p>Aminti\u021bi-v\u0103 s\u0103 paria\u021bi \u00een mod responsabil, s\u0103 paria\u021bi doar suma de bani pe care sunte\u021bi dispus s\u0103 o pierde\u021bi \u0219i s\u0103 v\u0103 controla\u021bi activitatea de jocuri de noroc.<\/p>\n<p>Lu\u00e2nd \u00een considerare traiectoria unic\u0103 a aeronavei, jocul devine \u0219i mai interesant \u0219i mai interesant pentru juc\u0103tori. \u00cen acela\u0219i timp, este important s\u0103 fii atent la pariurile tale \u0219i s\u0103-\u021bi controlezi ac\u021biunile pentru a men\u021bine entuziasmul de a juca pe bani reali.<\/p>\n<p>Principalele caracteristici ale jocului online Aviator<\/p>\n<table>\n<tbody>\n<tr>\n<td>RTP<\/td>\n<td>96,49%, 96,48%, 95,45%<\/td>\n<\/tr>\n<tr>\n<td>Dezvoltator<\/td>\n<td>Studio Spribe<\/td>\n<\/tr>\n<tr>\n<td>Rotiri gratuite<\/td>\n<td>Nu<\/td>\n<\/tr>\n<tr>\n<td>Joc bonus<\/td>\n<td>Nu<\/td>\n<\/tr>\n<tr>\n<td>Oferta minima<\/td>\n<td>0,1$<\/td>\n<\/tr>\n<tr>\n<td>Pariul maxim<\/td>\n<td>100$<\/td>\n<\/tr>\n<\/tbody>\n<\/table>\n<p>&nbsp;<\/p>\n<h2>Bonusuri \u00een jocul de jocuri de noroc Aviator<\/h2>\n<p>Bonusurile \u0219i reducerile \u00een jocul online Aviator pot fi oferite juc\u0103torilor \u00een diferite moduri, \u00een func\u021bie de platforma de joc sau de cazinou.<\/p>\n<p>Iat\u0103 c\u00e2teva posibile bonusuri \u0219i reduceri care pot fi disponibile \u00een jocul Aviator:<\/p>\n<h3>Bonusuri de bun venit<\/h3>\n<p>juc\u0103torilor noi li se pot oferi bonusuri speciale atunci c\u00e2nd se \u00eenregistreaz\u0103 pe platform\u0103, cum ar fi fonduri suplimentare \u00een cont sau rotiri gratuite.<\/p>\n<h3>Bonusuri de depozit<\/h3>\n<p>juc\u0103torii pot primi bonusuri atunci c\u00e2nd \u00ee\u0219i \u00eencarc\u0103 contul de joc cu o anumit\u0103 sum\u0103.<\/p>\n<h3>Promo\u021bii<\/h3>\n<p>cazinourile sau platformele de jocuri pot derula promo\u021bii temporare care ofer\u0103 diverse bonusuri \u0219i reduceri juc\u0103torilor din jocul Aviator.<\/p>\n<h3>programe VIP<\/h3>\n<p>Unele platforme pot oferi juc\u0103torilor participarea la programe VIP unde sunt disponibile bonusuri suplimentare, cashback \u0219i alte beneficii.<\/p>\n<h3>Cashback<\/h3>\n<p>juc\u0103torii pot avea posibilitatea de a primi o parte din fondurile pierdute ca cashback ca parte a programului de bonus.<\/p>\n<p>\u00cenainte de a lua parte la bonusuri \u0219i reduceri \u00een jocul Aviator, este important s\u0103 revizui\u021bi cu aten\u021bie termenii \u0219i cerin\u021bele, astfel \u00eenc\u00e2t s\u0103 \u00een\u021belege\u021bi cum func\u021bioneaz\u0103 \u0219i ce este necesar de la dvs. pentru a primi beneficiile lor complete.<\/p>\n\n<div style=\"font-size: 0px; height: 0px; line-height: 0px; margin: 0; padding: 0; clear: both;\"><\/div>","protected":false},"excerpt":{"rendered":"<p>Ce este Aviator online crash game? Aviator este unul dintre jocurile populare dezvoltate de studioul Spribe. Nou pe pia\u021ba modern\u0103,<\/p>","protected":false},"author":1,"featured_media":0,"parent":0,"menu_order":0,"comment_status":"closed","ping_status":"closed","template":"","meta":{"footnotes":""},"class_list":["post-263","page","type-page","status-publish","hentry"],"yoast_head":"<!-- This site is optimized with the Yoast SEO plugin v22.0 - https:\/\/yoast.com\/wordpress\/plugins\/seo\/ -->\n<title>\u041e\u043d\u043b\u0430\u0439\u043d \u0441\u043b\u043e\u0442 \u0410\u0432\u0438\u0430\u0442\u043e\u0440 \u2014 \u0418\u0433\u0440\u0430\u0439 \u043d\u0430 \u0440\u0435\u0430\u043b\u044c\u043d\u044b\u0435 \u0434\u0435\u043d\u044c\u0433\u0438 \u0432 \u043a\u0430\u0437\u0438\u043d\u043e<\/title>\n<meta name=\"description\" content=\"\u0423\u0437\u043d\u0430\u0439\u0442\u0435 \u0432\u0441\u0435 \u043e \u043a\u0440\u0430\u0448-\u0438\u0433\u0440\u0435 \u0410\u0432\u0438\u0430\u0442\u043e\u0440: \u043f\u0440\u0430\u0432\u0438\u043b\u0430, \u0431\u043e\u043d\u0443\u0441\u044b, \u043e\u0441\u043e\u0431\u0435\u043d\u043d\u043e\u0441\u0442\u0438 \u0438 \u0445\u0430\u0440\u0430\u043a\u0442\u0435\u0440\u0438\u0441\u0442\u0438\u043a\u0438 \u0438\u0433\u0440\u044b \u0434\u043b\u044f \u0443\u0432\u0435\u043b\u0438\u0447\u0435\u043d\u0438\u0435 \u043f\u0440\u0438\u0431\u044b\u043b\u0438 \u0432 \u043a\u0430\u0437\u0438\u043d\u043e. \u0418\u0433\u0440\u0430\u0439 \u0432 Aviator \u043e\u0442 Spribe \u0432 \u043e\u043d\u043b\u0430\u0439\u043d\u0435.\" \/>\n<meta name=\"robots\" content=\"index, follow, max-snippet:-1, max-image-preview:large, max-video-preview:-1\" \/>\n<link rel=\"canonical\" href=\"https:\/\/aviator-slotgame.com\/ro\/aviator\/\" \/>\n<meta property=\"og:locale\" content=\"ro_RO\" \/>\n<meta property=\"og:type\" content=\"article\" \/>\n<meta property=\"og:title\" content=\"\u041e\u043d\u043b\u0430\u0439\u043d \u0441\u043b\u043e\u0442 \u0410\u0432\u0438\u0430\u0442\u043e\u0440 \u2014 \u0418\u0433\u0440\u0430\u0439 \u043d\u0430 \u0440\u0435\u0430\u043b\u044c\u043d\u044b\u0435 \u0434\u0435\u043d\u044c\u0433\u0438 \u0432 \u043a\u0430\u0437\u0438\u043d\u043e\" \/>\n<meta property=\"og:description\" content=\"\u0423\u0437\u043d\u0430\u0439\u0442\u0435 \u0432\u0441\u0435 \u043e \u043a\u0440\u0430\u0448-\u0438\u0433\u0440\u0435 \u0410\u0432\u0438\u0430\u0442\u043e\u0440: \u043f\u0440\u0430\u0432\u0438\u043b\u0430, \u0431\u043e\u043d\u0443\u0441\u044b, \u043e\u0441\u043e\u0431\u0435\u043d\u043d\u043e\u0441\u0442\u0438 \u0438 \u0445\u0430\u0440\u0430\u043a\u0442\u0435\u0440\u0438\u0441\u0442\u0438\u043a\u0438 \u0438\u0433\u0440\u044b \u0434\u043b\u044f \u0443\u0432\u0435\u043b\u0438\u0447\u0435\u043d\u0438\u0435 \u043f\u0440\u0438\u0431\u044b\u043b\u0438 \u0432 \u043a\u0430\u0437\u0438\u043d\u043e. \u0418\u0433\u0440\u0430\u0439 \u0432 Aviator \u043e\u0442 Spribe \u0432 \u043e\u043d\u043b\u0430\u0439\u043d\u0435.\" \/>\n<meta property=\"og:url\" content=\"https:\/\/aviator-slotgame.com\/ro\/aviator\/\" \/>\n<meta property=\"og:site_name\" content=\"Aviator\" \/>\n<meta property=\"article:modified_time\" content=\"2024-09-08T10:40:25+00:00\" \/>\n<meta name=\"twitter:card\" content=\"summary_large_image\" \/>\n<meta name=\"twitter:label1\" content=\"Timp estimat pentru citire\" \/>\n\t<meta name=\"twitter:data1\" content=\"5 minute\" \/>\n<script type=\"application\/ld+json\" class=\"yoast-schema-graph\">{\"@context\":\"https:\/\/schema.org\",\"@graph\":[{\"@type\":\"WebPage\",\"@id\":\"https:\/\/aviator-slotgame.com\/aviator\/\",\"url\":\"https:\/\/aviator-slotgame.com\/aviator\/\",\"name\":\"\u041e\u043d\u043b\u0430\u0439\u043d \u0441\u043b\u043e\u0442 \u0410\u0432\u0438\u0430\u0442\u043e\u0440 \u2014 \u0418\u0433\u0440\u0430\u0439 \u043d\u0430 \u0440\u0435\u0430\u043b\u044c\u043d\u044b\u0435 \u0434\u0435\u043d\u044c\u0433\u0438 \u0432 \u043a\u0430\u0437\u0438\u043d\u043e\",\"isPartOf\":{\"@id\":\"https:\/\/aviator-slotgame.com\/#website\"},\"datePublished\":\"2024-09-06T14:43:40+00:00\",\"dateModified\":\"2024-09-08T10:40:25+00:00\",\"description\":\"\u0423\u0437\u043d\u0430\u0439\u0442\u0435 \u0432\u0441\u0435 \u043e \u043a\u0440\u0430\u0448-\u0438\u0433\u0440\u0435 \u0410\u0432\u0438\u0430\u0442\u043e\u0440: \u043f\u0440\u0430\u0432\u0438\u043b\u0430, \u0431\u043e\u043d\u0443\u0441\u044b, \u043e\u0441\u043e\u0431\u0435\u043d\u043d\u043e\u0441\u0442\u0438 \u0438 \u0445\u0430\u0440\u0430\u043a\u0442\u0435\u0440\u0438\u0441\u0442\u0438\u043a\u0438 \u0438\u0433\u0440\u044b \u0434\u043b\u044f \u0443\u0432\u0435\u043b\u0438\u0447\u0435\u043d\u0438\u0435 \u043f\u0440\u0438\u0431\u044b\u043b\u0438 \u0432 \u043a\u0430\u0437\u0438\u043d\u043e. \u0418\u0433\u0440\u0430\u0439 \u0432 Aviator \u043e\u0442 Spribe \u0432 \u043e\u043d\u043b\u0430\u0439\u043d\u0435.\",\"breadcrumb\":{\"@id\":\"https:\/\/aviator-slotgame.com\/aviator\/#breadcrumb\"},\"inLanguage\":\"ro-RO\",\"potentialAction\":[{\"@type\":\"ReadAction\",\"target\":[\"https:\/\/aviator-slotgame.com\/aviator\/\"]}]},{\"@type\":\"BreadcrumbList\",\"@id\":\"https:\/\/aviator-slotgame.com\/aviator\/#breadcrumb\",\"itemListElement\":[{\"@type\":\"ListItem\",\"position\":1,\"name\":\"Home\",\"item\":\"https:\/\/aviator-slotgame.com\/\"},{\"@type\":\"ListItem\",\"position\":2,\"name\":\"\u041f\u0440\u0430\u0432\u0438\u043b\u0430,\u043e\u0441\u043e\u0431\u0435\u043d\u043e\u0441\u0442\u0438 \u0438 \u0432\u044b\u0438\u0433\u0440\u044b\u0448\u0438 \u0432 \u043a\u0440\u0430\u0448-\u0441\u043b\u043e\u0442 \u0438\u0433\u0440\u0435 \u043d\u0430 \u0434\u0435\u043d\u044c\u0433\u0438\"}]},{\"@type\":\"WebSite\",\"@id\":\"https:\/\/aviator-slotgame.com\/#website\",\"url\":\"https:\/\/aviator-slotgame.com\/\",\"name\":\"Aviator\",\"description\":\"\",\"publisher\":{\"@id\":\"https:\/\/aviator-slotgame.com\/#organization\"},\"potentialAction\":[{\"@type\":\"SearchAction\",\"target\":{\"@type\":\"EntryPoint\",\"urlTemplate\":\"https:\/\/aviator-slotgame.com\/?s={search_term_string}\"},\"query-input\":\"required name=search_term_string\"}],\"inLanguage\":\"ro-RO\"},{\"@type\":\"Organization\",\"@id\":\"https:\/\/aviator-slotgame.com\/#organization\",\"name\":\"Aviator\",\"url\":\"https:\/\/aviator-slotgame.com\/\",\"logo\":{\"@type\":\"ImageObject\",\"inLanguage\":\"ro-RO\",\"@id\":\"https:\/\/aviator-slotgame.com\/#\/schema\/logo\/image\/\",\"url\":\"https:\/\/aviator-slotgame.com\/wp-content\/uploads\/16f5e8_dade544d4623411c9c4153c639aae85amv2.webp\",\"contentUrl\":\"https:\/\/aviator-slotgame.com\/wp-content\/uploads\/16f5e8_dade544d4623411c9c4153c639aae85amv2.webp\",\"width\":400,\"height\":300,\"caption\":\"Aviator\"},\"image\":{\"@id\":\"https:\/\/aviator-slotgame.com\/#\/schema\/logo\/image\/\"}}]}<\/script>\n<!-- \/ Yoast SEO plugin. -->","yoast_head_json":{"title":"\u041e\u043d\u043b\u0430\u0439\u043d \u0441\u043b\u043e\u0442 \u0410\u0432\u0438\u0430\u0442\u043e\u0440 \u2014 \u0418\u0433\u0440\u0430\u0439 \u043d\u0430 \u0440\u0435\u0430\u043b\u044c\u043d\u044b\u0435 \u0434\u0435\u043d\u044c\u0433\u0438 \u0432 \u043a\u0430\u0437\u0438\u043d\u043e","description":"\u0423\u0437\u043d\u0430\u0439\u0442\u0435 \u0432\u0441\u0435 \u043e \u043a\u0440\u0430\u0448-\u0438\u0433\u0440\u0435 \u0410\u0432\u0438\u0430\u0442\u043e\u0440: \u043f\u0440\u0430\u0432\u0438\u043b\u0430, \u0431\u043e\u043d\u0443\u0441\u044b, \u043e\u0441\u043e\u0431\u0435\u043d\u043d\u043e\u0441\u0442\u0438 \u0438 \u0445\u0430\u0440\u0430\u043a\u0442\u0435\u0440\u0438\u0441\u0442\u0438\u043a\u0438 \u0438\u0433\u0440\u044b \u0434\u043b\u044f \u0443\u0432\u0435\u043b\u0438\u0447\u0435\u043d\u0438\u0435 \u043f\u0440\u0438\u0431\u044b\u043b\u0438 \u0432 \u043a\u0430\u0437\u0438\u043d\u043e. \u0418\u0433\u0440\u0430\u0439 \u0432 Aviator \u043e\u0442 Spribe \u0432 \u043e\u043d\u043b\u0430\u0439\u043d\u0435.","robots":{"index":"index","follow":"follow","max-snippet":"max-snippet:-1","max-image-preview":"max-image-preview:large","max-video-preview":"max-video-preview:-1"},"canonical":"https:\/\/aviator-slotgame.com\/ro\/aviator\/","og_locale":"ro_RO","og_type":"article","og_title":"\u041e\u043d\u043b\u0430\u0439\u043d \u0441\u043b\u043e\u0442 \u0410\u0432\u0438\u0430\u0442\u043e\u0440 \u2014 \u0418\u0433\u0440\u0430\u0439 \u043d\u0430 \u0440\u0435\u0430\u043b\u044c\u043d\u044b\u0435 \u0434\u0435\u043d\u044c\u0433\u0438 \u0432 \u043a\u0430\u0437\u0438\u043d\u043e","og_description":"\u0423\u0437\u043d\u0430\u0439\u0442\u0435 \u0432\u0441\u0435 \u043e \u043a\u0440\u0430\u0448-\u0438\u0433\u0440\u0435 \u0410\u0432\u0438\u0430\u0442\u043e\u0440: \u043f\u0440\u0430\u0432\u0438\u043b\u0430, \u0431\u043e\u043d\u0443\u0441\u044b, \u043e\u0441\u043e\u0431\u0435\u043d\u043d\u043e\u0441\u0442\u0438 \u0438 \u0445\u0430\u0440\u0430\u043a\u0442\u0435\u0440\u0438\u0441\u0442\u0438\u043a\u0438 \u0438\u0433\u0440\u044b \u0434\u043b\u044f \u0443\u0432\u0435\u043b\u0438\u0447\u0435\u043d\u0438\u0435 \u043f\u0440\u0438\u0431\u044b\u043b\u0438 \u0432 \u043a\u0430\u0437\u0438\u043d\u043e. \u0418\u0433\u0440\u0430\u0439 \u0432 Aviator \u043e\u0442 Spribe \u0432 \u043e\u043d\u043b\u0430\u0439\u043d\u0435.","og_url":"https:\/\/aviator-slotgame.com\/ro\/aviator\/","og_site_name":"Aviator","article_modified_time":"2024-09-08T10:40:25+00:00","twitter_card":"summary_large_image","twitter_misc":{"Timp estimat pentru citire":"5 minute"},"schema":{"@context":"https:\/\/schema.org","@graph":[{"@type":"WebPage","@id":"https:\/\/aviator-slotgame.com\/aviator\/","url":"https:\/\/aviator-slotgame.com\/aviator\/","name":"\u041e\u043d\u043b\u0430\u0439\u043d \u0441\u043b\u043e\u0442 \u0410\u0432\u0438\u0430\u0442\u043e\u0440 \u2014 \u0418\u0433\u0440\u0430\u0439 \u043d\u0430 \u0440\u0435\u0430\u043b\u044c\u043d\u044b\u0435 \u0434\u0435\u043d\u044c\u0433\u0438 \u0432 \u043a\u0430\u0437\u0438\u043d\u043e","isPartOf":{"@id":"https:\/\/aviator-slotgame.com\/#website"},"datePublished":"2024-09-06T14:43:40+00:00","dateModified":"2024-09-08T10:40:25+00:00","description":"\u0423\u0437\u043d\u0430\u0439\u0442\u0435 \u0432\u0441\u0435 \u043e \u043a\u0440\u0430\u0448-\u0438\u0433\u0440\u0435 \u0410\u0432\u0438\u0430\u0442\u043e\u0440: \u043f\u0440\u0430\u0432\u0438\u043b\u0430, \u0431\u043e\u043d\u0443\u0441\u044b, \u043e\u0441\u043e\u0431\u0435\u043d\u043d\u043e\u0441\u0442\u0438 \u0438 \u0445\u0430\u0440\u0430\u043a\u0442\u0435\u0440\u0438\u0441\u0442\u0438\u043a\u0438 \u0438\u0433\u0440\u044b \u0434\u043b\u044f \u0443\u0432\u0435\u043b\u0438\u0447\u0435\u043d\u0438\u0435 \u043f\u0440\u0438\u0431\u044b\u043b\u0438 \u0432 \u043a\u0430\u0437\u0438\u043d\u043e. \u0418\u0433\u0440\u0430\u0439 \u0432 Aviator \u043e\u0442 Spribe \u0432 \u043e\u043d\u043b\u0430\u0439\u043d\u0435.","breadcrumb":{"@id":"https:\/\/aviator-slotgame.com\/aviator\/#breadcrumb"},"inLanguage":"ro-RO","potentialAction":[{"@type":"ReadAction","target":["https:\/\/aviator-slotgame.com\/aviator\/"]}]},{"@type":"BreadcrumbList","@id":"https:\/\/aviator-slotgame.com\/aviator\/#breadcrumb","itemListElement":[{"@type":"ListItem","position":1,"name":"Home","item":"https:\/\/aviator-slotgame.com\/"},{"@type":"ListItem","position":2,"name":"\u041f\u0440\u0430\u0432\u0438\u043b\u0430,\u043e\u0441\u043e\u0431\u0435\u043d\u043e\u0441\u0442\u0438 \u0438 \u0432\u044b\u0438\u0433\u0440\u044b\u0448\u0438 \u0432 \u043a\u0440\u0430\u0448-\u0441\u043b\u043e\u0442 \u0438\u0433\u0440\u0435 \u043d\u0430 \u0434\u0435\u043d\u044c\u0433\u0438"}]},{"@type":"WebSite","@id":"https:\/\/aviator-slotgame.com\/#website","url":"https:\/\/aviator-slotgame.com\/","name":"Aviator","description":"","publisher":{"@id":"https:\/\/aviator-slotgame.com\/#organization"},"potentialAction":[{"@type":"SearchAction","target":{"@type":"EntryPoint","urlTemplate":"https:\/\/aviator-slotgame.com\/?s={search_term_string}"},"query-input":"required name=search_term_string"}],"inLanguage":"ro-RO"},{"@type":"Organization","@id":"https:\/\/aviator-slotgame.com\/#organization","name":"Aviator","url":"https:\/\/aviator-slotgame.com\/","logo":{"@type":"ImageObject","inLanguage":"ro-RO","@id":"https:\/\/aviator-slotgame.com\/#\/schema\/logo\/image\/","url":"https:\/\/aviator-slotgame.com\/wp-content\/uploads\/16f5e8_dade544d4623411c9c4153c639aae85amv2.webp","contentUrl":"https:\/\/aviator-slotgame.com\/wp-content\/uploads\/16f5e8_dade544d4623411c9c4153c639aae85amv2.webp","width":400,"height":300,"caption":"Aviator"},"image":{"@id":"https:\/\/aviator-slotgame.com\/#\/schema\/logo\/image\/"}}]}},"amp_enabled":true,"_links":{"self":[{"href":"https:\/\/aviator-slotgame.com\/ro\/wp-json\/wp\/v2\/pages\/263","targetHints":{"allow":["GET"]}}],"collection":[{"href":"https:\/\/aviator-slotgame.com\/ro\/wp-json\/wp\/v2\/pages"}],"about":[{"href":"https:\/\/aviator-slotgame.com\/ro\/wp-json\/wp\/v2\/types\/page"}],"author":[{"embeddable":true,"href":"https:\/\/aviator-slotgame.com\/ro\/wp-json\/wp\/v2\/users\/1"}],"replies":[{"embeddable":true,"href":"https:\/\/aviator-slotgame.com\/ro\/wp-json\/wp\/v2\/comments?post=263"}],"version-history":[{"count":4,"href":"https:\/\/aviator-slotgame.com\/ro\/wp-json\/wp\/v2\/pages\/263\/revisions"}],"predecessor-version":[{"id":287,"href":"https:\/\/aviator-slotgame.com\/ro\/wp-json\/wp\/v2\/pages\/263\/revisions\/287"}],"wp:attachment":[{"href":"https:\/\/aviator-slotgame.com\/ro\/wp-json\/wp\/v2\/media?parent=263"}],"curies":[{"name":"wp","href":"https:\/\/api.w.org\/{rel}","templated":true}]}}