{"id":29,"date":"2024-01-31T12:59:48","date_gmt":"2024-01-31T12:59:48","guid":{"rendered":"https:\/\/aviator-slotgame.com\/?page_id=29"},"modified":"2024-10-04T00:04:28","modified_gmt":"2024-10-04T00:04:28","slug":"aviator-by-spribe","status":"publish","type":"page","link":"https:\/\/aviator-slotgame.com\/ro\/cazinouri-online-cu-aviator-de-la-spribe\/","title":{"rendered":"Cazinou online cu Aviator de la Spribe"},"content":{"rendered":"<div class=\"802edcec42a21587585c61afeb8a4f8f\" data-index=\"1\" style=\"float: none; margin:10px 0 10px 0; text-align:center;\">\n<div class=\"custom-play-button\">\r\n<center><a href=\"https:\/\/aviator-slotgame.com\/ro\/play-game\/\" rel=\"nofollow\" target=\"_blank\">Joaca acum<\/a><br><\/center>\r\n<\/div>\n<\/div>\n<p>C\u0103uta\u021bi cazinouri online care ofer\u0103 Aviator? Ai venit la locul potrivit!<\/p>\n<p>Jocul la un cazinou online poate fi o experien\u021b\u0103 interesant\u0103 \u0219i distractiv\u0103. Aviator ofer\u0103 un joc fluid, o grafic\u0103 excelent\u0103 \u0219i bonusuri. La cele mai bune cazinouri online care ofer\u0103 acest joc, v\u0103 pute\u021bi a\u0219tepta la depuneri \u0219i retrageri u\u0219oare, condi\u021bii de joc sigure, asisten\u021b\u0103 pentru clien\u021bi 24\/7 \u0219i o gam\u0103 larg\u0103 de jocuri din care s\u0103 alege\u021bi.<\/p>\n<p>C\u00e2nd juca\u021bi la un cazinou online pentru bani reali sau criptomonede, este important s\u0103 v\u0103 asigura\u021bi c\u0103 cazinoul online este de \u00eencredere. V\u0103 vom ajuta s\u0103 decide\u021bi care cazinou online este cel mai potrivit pentru nevoile dvs. de Aviator. Urm\u00e2nd acest ghid, ve\u021bi g\u0103si cu u\u0219urin\u021b\u0103 cazinouri online care ofer\u0103 Aviator \u0219i pute\u021bi \u00eencepe s\u0103 v\u0103 bucura\u021bi de jocuri online excelente imediat!<\/p>\n<p><img loading=\"lazy\" decoding=\"async\" class=\"alignnone size-full wp-image-209\" title=\"Aviator de la Spribe\" src=\"https:\/\/aviator-slotgame.com\/wp-content\/uploads\/aviator-2.png\" alt=\"Aviator de la Spribe\" width=\"800\" height=\"445\" srcset=\"https:\/\/aviator-slotgame.com\/wp-content\/uploads\/aviator-2.png 800w, https:\/\/aviator-slotgame.com\/wp-content\/uploads\/aviator-2-300x167.png 300w, https:\/\/aviator-slotgame.com\/wp-content\/uploads\/aviator-2-768x427.png 768w, https:\/\/aviator-slotgame.com\/wp-content\/uploads\/aviator-2-18x10.png 18w\" sizes=\"auto, (max-width: 800px) 100vw, 800px\" \/><\/p><div class=\"802edcec42a21587585c61afeb8a4f8f\" data-index=\"1\" style=\"float: none; margin:10px 0 10px 0; text-align:center;\">\n<div class=\"custom-play-button\">\r\n<center><a href=\"https:\/\/aviator-slotgame.com\/ro\/play-game\/\" rel=\"nofollow\" target=\"_blank\">Joaca acum<\/a><br><\/center>\r\n<\/div>\n<\/div>\n\n<h2>Alegerea unui cazinou online pentru a juca Aviator<\/h2>\n<p>Iat\u0103 o list\u0103 de \u00eentreb\u0103ri de luat \u00een considerare atunci c\u00e2nd alege\u021bi un site de cazinou:<\/p>\n<ul>\n<li>Site-ul are o reputa\u021bie bun\u0103 \u00een r\u00e2ndul juc\u0103torilor?<\/li>\n<li>Este Aviator disponibil pe acest site?<\/li>\n<li>Este acest cazinou autorizat s\u0103 func\u021bioneze \u00een \u021bara dvs.?<\/li>\n<li>Cazinoul online accept\u0103 moneda preferat\u0103?<\/li>\n<li>Dac\u0103 vrei s\u0103 folose\u0219ti criptomoneda, accept\u0103 moneda ta preferat\u0103?<\/li>\n<li>Ce bonusuri de bun venit sunt disponibile noilor juc\u0103tori de cazinou online?<\/li>\n<\/ul>\n<h3>Cele mai bune bonusuri de bun venit pentru juc\u0103torii aviatori<\/h3>\n<p>Cel mai bun bonus de bun venit la cazinou le va oferi juc\u0103torilor noi un credit egal pe site la prima lor depunere, precum \u0219i un pachet de rotiri gratuite! \u00cenainte de a v\u0103 \u00eenscrie, asigura\u021bi-v\u0103 c\u0103 citi\u021bi termenii \u0219i condi\u021biile cazinoului online.<\/p>\n<p>\u00cen sf\u00e2r\u0219it, nu uita\u021bi s\u0103 v\u0103 distra\u021bi! Jocul la un cazinou online ar trebui s\u0103 fie distractiv. F\u0103-\u021bi timp, f\u0103 c\u00e2teva probe \u0219i apoi bucur\u0103-te de entuziasmul de a juca Aviator! Noroc!<\/p>\n<table>\n<tbody>\n<tr>\n<td><strong>OFERTE BONUS DE BUN VENIT<\/strong><\/td>\n<\/tr>\n<tr>\n<td><strong>Primul credit de depozit<\/strong><\/td>\n<td>150% sau mai mare<\/td>\n<\/tr>\n<tr>\n<td><strong>Bonus maxim<\/strong><\/td>\n<td>Nu mai pu\u021bin de 25.000 INR<\/td>\n<\/tr>\n<tr>\n<td><strong>Rotiri gratuite<\/strong><\/td>\n<td>Peste 150 de rotiri gratuite<\/td>\n<\/tr>\n<\/tbody>\n<\/table>\n<p><img loading=\"lazy\" decoding=\"async\" class=\"alignnone size-full wp-image-363\" src=\"https:\/\/aviator-slotgame.com\/wp-content\/uploads\/Aviator-32-800-x-600-\u043f\u0438\u043a\u0441.jpg\" alt=\"Cazinou online \u00een jocul Aviator\" width=\"800\" height=\"600\" srcset=\"https:\/\/aviator-slotgame.com\/wp-content\/uploads\/Aviator-32-800-x-600-\u043f\u0438\u043a\u0441.jpg 800w, https:\/\/aviator-slotgame.com\/wp-content\/uploads\/Aviator-32-800-x-600-\u043f\u0438\u043a\u0441-300x225.jpg 300w, https:\/\/aviator-slotgame.com\/wp-content\/uploads\/Aviator-32-800-x-600-\u043f\u0438\u043a\u0441-768x576.jpg 768w, https:\/\/aviator-slotgame.com\/wp-content\/uploads\/Aviator-32-800-x-600-\u043f\u0438\u043a\u0441-16x12.jpg 16w\" sizes=\"auto, (max-width: 800px) 100vw, 800px\" \/><\/p>\n<h2 id=\"h-online-cryptocurrency-casinos\">Cazinouri online cu criptomonede<\/h2>\n<p>Popularitatea ini\u021bial\u0103 a lui Aviator a venit din lumea cazinourilor cu criptomonede. Avantajul s\u0103u sc\u0103zut al casei \u0219i ritmul rapid de joc au f\u0103cut-o favorit\u0103 printre juc\u0103torii de sloturi cripto din \u00eentreaga lume. \u00cen plus, multiplayerul social \u0219i aspectele competitive fac din joc o potrivire perfect\u0103 pentru comunit\u0103\u021bile cripto.<\/p>\n<p>Dac\u0103 sunte\u021bi \u00een c\u0103utarea unui cazinou online care accept\u0103 criptomonede, atunci exist\u0103 c\u00e2teva lucruri de care trebuie s\u0103 ave\u021bi \u00een vedere.<\/p>\n<figure class=\"wp-block-table\">\n<table>\n<tbody>\n<tr>\n<td><strong>CRIPTMONEDE ACCEPTATE \u00ceN CAZINOURI<\/strong><\/td>\n<\/tr>\n<tr>\n<td><strong>Bitcoin (BTC)<\/strong><\/td>\n<\/tr>\n<tr>\n<td><strong>Ethereum (ETH)<\/strong><\/td>\n<\/tr>\n<tr>\n<td><strong>Bitcoin Cash (BCH)<\/strong><\/td>\n<\/tr>\n<tr>\n<td><strong>Litecoin (LTC)<\/strong><\/td>\n<\/tr>\n<tr>\n<td><strong>Dogecoin (DOGE)<\/strong><\/td>\n<\/tr>\n<\/tbody>\n<\/table>\n<\/figure>\n<p><img loading=\"lazy\" decoding=\"async\" class=\"alignnone size-full wp-image-356\" src=\"https:\/\/aviator-slotgame.com\/wp-content\/uploads\/Aviator-29-800-x-600-\u043f\u0438\u043a\u0441-1.jpg\" alt=\"Plat\u0103 cu cripto \u00een cazinourile online\" width=\"800\" height=\"600\" srcset=\"https:\/\/aviator-slotgame.com\/wp-content\/uploads\/Aviator-29-800-x-600-\u043f\u0438\u043a\u0441-1.jpg 800w, https:\/\/aviator-slotgame.com\/wp-content\/uploads\/Aviator-29-800-x-600-\u043f\u0438\u043a\u0441-1-300x225.jpg 300w, https:\/\/aviator-slotgame.com\/wp-content\/uploads\/Aviator-29-800-x-600-\u043f\u0438\u043a\u0441-1-768x576.jpg 768w, https:\/\/aviator-slotgame.com\/wp-content\/uploads\/Aviator-29-800-x-600-\u043f\u0438\u043a\u0441-1-16x12.jpg 16w\" sizes=\"auto, (max-width: 800px) 100vw, 800px\" \/><\/p>\n<h2 id=\"h-the-social-experience\">Experien\u021b\u0103 social\u0103<\/h2>\n<p>\u00cen Aviator, pute\u021bi discuta cu al\u021bi juc\u0103tori \u00een timp real, v\u0103 pute\u021bi configura propria fotografie de profil, pute\u021bi vedea pariurile celuilalt \u0219i v\u0103 pute\u021bi ar\u0103ta cele mai mari c\u00e2\u0219tiguri! \u0218i toate acestea online!<\/p>\n<p>Pu\u021bine jocuri de tip slot ofer\u0103 juc\u0103torilor oportunitatea de a comunica \u0219i de a \u021bine eviden\u021ba pariurilor celuilalt, a\u0219a cum o face Aviator. Sentimentul jocului multiplayer online este rar \u00een lumea cazinourilor, unde oamenii sunt adesea izola\u021bi, rotind singuri rolele lor preferate. Pute\u021bi fi singur \u00eentr-un cazinou obi\u0219nuit, dar pe site-uri acest lucru este de 100 de ori mai u\u0219or.<\/p>\n<p><img loading=\"lazy\" decoding=\"async\" class=\"alignnone size-full wp-image-365\" src=\"https:\/\/aviator-slotgame.com\/wp-content\/uploads\/Aviator-33-800-x-600-\u043f\u0438\u043a\u0441.jpg\" alt=\"Experien\u021b\u0103 social\u0103 \u00een Aviator\" width=\"800\" height=\"600\" srcset=\"https:\/\/aviator-slotgame.com\/wp-content\/uploads\/Aviator-33-800-x-600-\u043f\u0438\u043a\u0441.jpg 800w, https:\/\/aviator-slotgame.com\/wp-content\/uploads\/Aviator-33-800-x-600-\u043f\u0438\u043a\u0441-300x225.jpg 300w, https:\/\/aviator-slotgame.com\/wp-content\/uploads\/Aviator-33-800-x-600-\u043f\u0438\u043a\u0441-768x576.jpg 768w, https:\/\/aviator-slotgame.com\/wp-content\/uploads\/Aviator-33-800-x-600-\u043f\u0438\u043a\u0441-16x12.jpg 16w\" sizes=\"auto, (max-width: 800px) 100vw, 800px\" \/><\/p>\n<h2 id=\"h-aviator-mobile-devices\">Dispozitive mobile aviator<\/h2>\n<p>Dac\u0103 site-ul dvs. de cazinou preferat ofer\u0103 o versiune mobil\u0103 a site-ului lor sau o aplica\u021bie dedicat\u0103, pute\u021bi juca Aviator online de oriunde ave\u021bi un serviciu celular. Poate e\u0219ti pe plaj\u0103 sau pe canapea. Sau poate e\u0219ti la coad\u0103 pentru cafeaua de diminea\u021b\u0103 \u0219i vrei s\u0103 pariezi pe c\u00e2teva zboruri \u00een timp ce a\u0219tep\u021bi.<\/p>\n<p>Aceasta este o veste grozav\u0103 dac\u0103 joci Aviator - jocul este optimizat pentru ecranele smartphone-urilor \u0219i se joac\u0103 perfect at\u00e2t pe sistemele de operare Android, c\u00e2t \u0219i pe iOS. \u0218i datorit\u0103 comenzilor convenabile, pute\u021bi plasa cu u\u0219urin\u021b\u0103 un pariu, face\u021bi clic pe butonul \u201eRetragere\u201d \u0219i pute\u021bi retrage c\u00e2\u0219tigurile de oriunde!<\/p>\n<p><img loading=\"lazy\" decoding=\"async\" class=\"alignnone size-full wp-image-367\" src=\"https:\/\/aviator-slotgame.com\/wp-content\/uploads\/Aviator-34-800-x-600-\u043f\u0438\u043a\u0441.jpg\" alt=\"Joac\u0103 Aviator pe telefoane\" width=\"800\" height=\"600\" srcset=\"https:\/\/aviator-slotgame.com\/wp-content\/uploads\/Aviator-34-800-x-600-\u043f\u0438\u043a\u0441.jpg 800w, https:\/\/aviator-slotgame.com\/wp-content\/uploads\/Aviator-34-800-x-600-\u043f\u0438\u043a\u0441-300x225.jpg 300w, https:\/\/aviator-slotgame.com\/wp-content\/uploads\/Aviator-34-800-x-600-\u043f\u0438\u043a\u0441-768x576.jpg 768w, https:\/\/aviator-slotgame.com\/wp-content\/uploads\/Aviator-34-800-x-600-\u043f\u0438\u043a\u0441-16x12.jpg 16w\" sizes=\"auto, (max-width: 800px) 100vw, 800px\" \/><\/p>\n<h2 id=\"h-the-bottom-line\">Concluzie<\/h2>\n<p>Dac\u0103 sunte\u021bi \u00een c\u0103utarea unui cazinou online interesant \u0219i nou, nu c\u0103uta\u021bi mai departe dec\u00e2t Aviator de la Spribe. Cu mize mici \u0219i reguli u\u0219or de \u00eenv\u0103\u021bat, acest cazinou are ceva pentru toat\u0103 lumea. \u00cen plus, cu aspectul s\u0103u social \u0219i suportul pentru criptomonede, Aviator v\u0103 poate duce entuziasmul online la urm\u0103torul nivel! Ce mai astepti? \u00cencearc\u0103-l ast\u0103zi \u0219i afl\u0103 de ce este unul dintre cele mai tari jocuri noi din ora\u0219!<\/p>\n<p>Sa aveti un zbor placut!<\/p>\n<p><img loading=\"lazy\" decoding=\"async\" class=\"alignnone size-full wp-image-369\" src=\"https:\/\/aviator-slotgame.com\/wp-content\/uploads\/Aviator-35-800-x-600-\u043f\u0438\u043a\u0441.jpg\" alt=\"Rezultate\" width=\"800\" height=\"600\" srcset=\"https:\/\/aviator-slotgame.com\/wp-content\/uploads\/Aviator-35-800-x-600-\u043f\u0438\u043a\u0441.jpg 800w, https:\/\/aviator-slotgame.com\/wp-content\/uploads\/Aviator-35-800-x-600-\u043f\u0438\u043a\u0441-300x225.jpg 300w, https:\/\/aviator-slotgame.com\/wp-content\/uploads\/Aviator-35-800-x-600-\u043f\u0438\u043a\u0441-768x576.jpg 768w, https:\/\/aviator-slotgame.com\/wp-content\/uploads\/Aviator-35-800-x-600-\u043f\u0438\u043a\u0441-16x12.jpg 16w\" sizes=\"auto, (max-width: 800px) 100vw, 800px\" \/><\/p>\n<h2 id=\"h-frequently-asked-questions-faq\">\u00centreb\u0103ri frecvente (FAQ)<\/h2>\n<h3 id=\"h-is-aviator-legal\">Jocul Aviator este legal?<\/h3>\n<p>Da. Aviator este legal 100%. Cazinourile online care ofer\u0103 acest joc sunt, de asemenea, legale, licen\u021biate \u0219i reglementate de autorit\u0103\u021bile guvernamentale relevante din regiunile lor.<\/p>\n<h3 id=\"h-who-makes-aviator\">Cine face Aviatorul?<\/h3>\n<p>Aviator a fost creat de Spribe.<\/p>\n<p>Spribe sprijin\u0103 \u0219i dezvolt\u0103 o gam\u0103 larg\u0103 de jocuri online pentru site-uri din \u00eentreaga lume.<\/p>\n<h3 id=\"h-are-online-casinos-rigged\">Sunt \u00een\u0219el\u0103torii cazinourilor online?<\/h3>\n<p>Dac\u0103 alege\u021bi site-uri de renume, licen\u021biate pentru a juca, atunci acestea NU sunt absolut trucate.<\/p>\n<h3 id=\"h-is-aviator-fair\">Este Aviator sincer?<\/h3>\n<p>Este u\u0219or s\u0103 fii suspicios fa\u021b\u0103 de jocurile de noroc online. Noi \u00een\u021belegem. Dar Aviator este cel mai corect \u0219i mai transparent joc de cazinou de pe \u00eentreaga pia\u021b\u0103.<\/p>\n<p>Spribe folose\u0219te ceea ce nume\u0219te Tehnologia Provably Fair pentru a se asigura c\u0103 fiecare rund\u0103 este complet aleatorie \u0219i corect\u0103. Dac\u0103 juca\u021bi unul dintre jocurile live, pute\u021bi da clic pe pictograma scut verde din partea de jos a ecranului sau l\u00e2ng\u0103 pariul dvs. pentru a vedea aceste informa\u021bii.<\/p>\n\n<div style=\"font-size: 0px; height: 0px; line-height: 0px; margin: 0; padding: 0; clear: both;\"><\/div>","protected":false},"excerpt":{"rendered":"<p>C\u0103uta\u021bi cazinouri online care ofer\u0103 Aviator? Ai venit la locul potrivit! Jocul la un cazinou online poate fi captivant \u0219i distractiv<\/p>","protected":false},"author":1,"featured_media":0,"parent":0,"menu_order":0,"comment_status":"closed","ping_status":"closed","template":"","meta":{"footnotes":""},"class_list":["post-29","page","type-page","status-publish","hentry"],"yoast_head":"<!-- This site is optimized with the Yoast SEO plugin v22.0 - https:\/\/yoast.com\/wordpress\/plugins\/seo\/ -->\n<title>Aviator \u043e\u0442 Spribe \u2013 \u041f\u043e\u043f\u0443\u043b\u044f\u0440\u043d\u0430\u044f \u0438\u0433\u0440\u0430 \u0441 \u0432\u044b\u0441\u043e\u043a\u0438\u043c\u0438 \u0432\u044b\u0438\u0433\u0440\u044b\u0448\u0430\u043c\u0438<\/title>\n<meta name=\"description\" content=\"\u041a\u0440\u0430\u0448-\u0438\u0433\u0440\u0430 \u0410\u0432\u0438\u0430\u0442\u043e\u0440 \u043e\u0442 Spribe \u2013 \u043b\u0443\u0447\u0448\u0438\u0439 \u0441\u043b\u043e\u0442 \u0434\u043b\u044f \u0430\u0437\u0430\u0440\u0442\u043d\u044b\u0445 \u0438\u0433\u0440\u043e\u043a\u043e\u0432. \u0421\u043b\u0435\u0434\u0438 \u0437\u0430 \u0441\u0430\u043c\u043e\u043b\u0435\u0442\u043e\u043c \u0438 \u0438\u0433\u0440\u0430\u0439 \u043d\u0430 \u0434\u0435\u043d\u044c\u0433\u0438 \u0432 \u043e\u043d\u043b\u0430\u0439\u043d \u043a\u0430\u0437\u0438\u043d\u043e, \u0438\u0433\u0440\u0430\u0439 \u0441 \u043c\u043e\u0431\u0438\u043b\u044c\u043d\u043e\u0433\u043e \u0438\u043b\u0438 \u0441\u043a\u0430\u0447\u0430\u0439 \u043d\u0430 \u0442\u0435\u043b\u0435\u0444\u043e\u043d.\" \/>\n<meta name=\"robots\" content=\"index, follow, max-snippet:-1, max-image-preview:large, max-video-preview:-1\" \/>\n<link rel=\"canonical\" href=\"https:\/\/aviator-slotgame.com\/ro\/cazinouri-online-cu-aviator-de-la-spribe\/\" \/>\n<meta property=\"og:locale\" content=\"ro_RO\" \/>\n<meta property=\"og:type\" content=\"article\" \/>\n<meta property=\"og:title\" content=\"Aviator \u043e\u0442 Spribe \u2013 \u041f\u043e\u043f\u0443\u043b\u044f\u0440\u043d\u0430\u044f \u0438\u0433\u0440\u0430 \u0441 \u0432\u044b\u0441\u043e\u043a\u0438\u043c\u0438 \u0432\u044b\u0438\u0433\u0440\u044b\u0448\u0430\u043c\u0438\" \/>\n<meta property=\"og:description\" content=\"\u041a\u0440\u0430\u0448-\u0438\u0433\u0440\u0430 \u0410\u0432\u0438\u0430\u0442\u043e\u0440 \u043e\u0442 Spribe \u2013 \u043b\u0443\u0447\u0448\u0438\u0439 \u0441\u043b\u043e\u0442 \u0434\u043b\u044f \u0430\u0437\u0430\u0440\u0442\u043d\u044b\u0445 \u0438\u0433\u0440\u043e\u043a\u043e\u0432. \u0421\u043b\u0435\u0434\u0438 \u0437\u0430 \u0441\u0430\u043c\u043e\u043b\u0435\u0442\u043e\u043c \u0438 \u0438\u0433\u0440\u0430\u0439 \u043d\u0430 \u0434\u0435\u043d\u044c\u0433\u0438 \u0432 \u043e\u043d\u043b\u0430\u0439\u043d \u043a\u0430\u0437\u0438\u043d\u043e, \u0438\u0433\u0440\u0430\u0439 \u0441 \u043c\u043e\u0431\u0438\u043b\u044c\u043d\u043e\u0433\u043e \u0438\u043b\u0438 \u0441\u043a\u0430\u0447\u0430\u0439 \u043d\u0430 \u0442\u0435\u043b\u0435\u0444\u043e\u043d.\" \/>\n<meta property=\"og:url\" content=\"https:\/\/aviator-slotgame.com\/ro\/cazinouri-online-cu-aviator-de-la-spribe\/\" \/>\n<meta property=\"og:site_name\" content=\"Aviator\" \/>\n<meta property=\"article:modified_time\" content=\"2024-10-04T00:04:28+00:00\" \/>\n<meta property=\"og:image\" content=\"https:\/\/aviator-slotgame.com\/wp-content\/uploads\/aviator-2.png\" \/>\n<meta name=\"twitter:card\" content=\"summary_large_image\" \/>\n<meta name=\"twitter:label1\" content=\"Timp estimat pentru citire\" \/>\n\t<meta name=\"twitter:data1\" content=\"5 minute\" \/>\n<script type=\"application\/ld+json\" class=\"yoast-schema-graph\">{\"@context\":\"https:\/\/schema.org\",\"@graph\":[{\"@type\":\"WebPage\",\"@id\":\"https:\/\/aviator-slotgame.com\/aviator-by-spribe\/\",\"url\":\"https:\/\/aviator-slotgame.com\/aviator-by-spribe\/\",\"name\":\"Aviator \u043e\u0442 Spribe \u2013 \u041f\u043e\u043f\u0443\u043b\u044f\u0440\u043d\u0430\u044f \u0438\u0433\u0440\u0430 \u0441 \u0432\u044b\u0441\u043e\u043a\u0438\u043c\u0438 \u0432\u044b\u0438\u0433\u0440\u044b\u0448\u0430\u043c\u0438\",\"isPartOf\":{\"@id\":\"https:\/\/aviator-slotgame.com\/#website\"},\"datePublished\":\"2024-01-31T12:59:48+00:00\",\"dateModified\":\"2024-10-04T00:04:28+00:00\",\"description\":\"\u041a\u0440\u0430\u0448-\u0438\u0433\u0440\u0430 \u0410\u0432\u0438\u0430\u0442\u043e\u0440 \u043e\u0442 Spribe \u2013 \u043b\u0443\u0447\u0448\u0438\u0439 \u0441\u043b\u043e\u0442 \u0434\u043b\u044f \u0430\u0437\u0430\u0440\u0442\u043d\u044b\u0445 \u0438\u0433\u0440\u043e\u043a\u043e\u0432. \u0421\u043b\u0435\u0434\u0438 \u0437\u0430 \u0441\u0430\u043c\u043e\u043b\u0435\u0442\u043e\u043c \u0438 \u0438\u0433\u0440\u0430\u0439 \u043d\u0430 \u0434\u0435\u043d\u044c\u0433\u0438 \u0432 \u043e\u043d\u043b\u0430\u0439\u043d \u043a\u0430\u0437\u0438\u043d\u043e, \u0438\u0433\u0440\u0430\u0439 \u0441 \u043c\u043e\u0431\u0438\u043b\u044c\u043d\u043e\u0433\u043e \u0438\u043b\u0438 \u0441\u043a\u0430\u0447\u0430\u0439 \u043d\u0430 \u0442\u0435\u043b\u0435\u0444\u043e\u043d.\",\"breadcrumb\":{\"@id\":\"https:\/\/aviator-slotgame.com\/aviator-by-spribe\/#breadcrumb\"},\"inLanguage\":\"ro-RO\",\"potentialAction\":[{\"@type\":\"ReadAction\",\"target\":[\"https:\/\/aviator-slotgame.com\/aviator-by-spribe\/\"]}]},{\"@type\":\"BreadcrumbList\",\"@id\":\"https:\/\/aviator-slotgame.com\/aviator-by-spribe\/#breadcrumb\",\"itemListElement\":[{\"@type\":\"ListItem\",\"position\":1,\"name\":\"Home\",\"item\":\"https:\/\/aviator-slotgame.com\/\"},{\"@type\":\"ListItem\",\"position\":2,\"name\":\"\u041e\u043d\u043b\u0430\u0439\u043d \u043a\u0430\u0437\u0438\u043d\u043e \u0441 \u0410\u0432\u0438\u0430\u0442\u043e\u0440\u043e\u043c \u043e\u0442 Spribe\"}]},{\"@type\":\"WebSite\",\"@id\":\"https:\/\/aviator-slotgame.com\/#website\",\"url\":\"https:\/\/aviator-slotgame.com\/\",\"name\":\"Aviator\",\"description\":\"\",\"publisher\":{\"@id\":\"https:\/\/aviator-slotgame.com\/#organization\"},\"potentialAction\":[{\"@type\":\"SearchAction\",\"target\":{\"@type\":\"EntryPoint\",\"urlTemplate\":\"https:\/\/aviator-slotgame.com\/?s={search_term_string}\"},\"query-input\":\"required name=search_term_string\"}],\"inLanguage\":\"ro-RO\"},{\"@type\":\"Organization\",\"@id\":\"https:\/\/aviator-slotgame.com\/#organization\",\"name\":\"Aviator\",\"url\":\"https:\/\/aviator-slotgame.com\/\",\"logo\":{\"@type\":\"ImageObject\",\"inLanguage\":\"ro-RO\",\"@id\":\"https:\/\/aviator-slotgame.com\/#\/schema\/logo\/image\/\",\"url\":\"https:\/\/aviator-slotgame.com\/wp-content\/uploads\/16f5e8_dade544d4623411c9c4153c639aae85amv2.webp\",\"contentUrl\":\"https:\/\/aviator-slotgame.com\/wp-content\/uploads\/16f5e8_dade544d4623411c9c4153c639aae85amv2.webp\",\"width\":400,\"height\":300,\"caption\":\"Aviator\"},\"image\":{\"@id\":\"https:\/\/aviator-slotgame.com\/#\/schema\/logo\/image\/\"}}]}<\/script>\n<!-- \/ Yoast SEO plugin. -->","yoast_head_json":{"title":"Aviator \u043e\u0442 Spribe \u2013 \u041f\u043e\u043f\u0443\u043b\u044f\u0440\u043d\u0430\u044f \u0438\u0433\u0440\u0430 \u0441 \u0432\u044b\u0441\u043e\u043a\u0438\u043c\u0438 \u0432\u044b\u0438\u0433\u0440\u044b\u0448\u0430\u043c\u0438","description":"\u041a\u0440\u0430\u0448-\u0438\u0433\u0440\u0430 \u0410\u0432\u0438\u0430\u0442\u043e\u0440 \u043e\u0442 Spribe \u2013 \u043b\u0443\u0447\u0448\u0438\u0439 \u0441\u043b\u043e\u0442 \u0434\u043b\u044f \u0430\u0437\u0430\u0440\u0442\u043d\u044b\u0445 \u0438\u0433\u0440\u043e\u043a\u043e\u0432. \u0421\u043b\u0435\u0434\u0438 \u0437\u0430 \u0441\u0430\u043c\u043e\u043b\u0435\u0442\u043e\u043c \u0438 \u0438\u0433\u0440\u0430\u0439 \u043d\u0430 \u0434\u0435\u043d\u044c\u0433\u0438 \u0432 \u043e\u043d\u043b\u0430\u0439\u043d \u043a\u0430\u0437\u0438\u043d\u043e, \u0438\u0433\u0440\u0430\u0439 \u0441 \u043c\u043e\u0431\u0438\u043b\u044c\u043d\u043e\u0433\u043e \u0438\u043b\u0438 \u0441\u043a\u0430\u0447\u0430\u0439 \u043d\u0430 \u0442\u0435\u043b\u0435\u0444\u043e\u043d.","robots":{"index":"index","follow":"follow","max-snippet":"max-snippet:-1","max-image-preview":"max-image-preview:large","max-video-preview":"max-video-preview:-1"},"canonical":"https:\/\/aviator-slotgame.com\/ro\/cazinouri-online-cu-aviator-de-la-spribe\/","og_locale":"ro_RO","og_type":"article","og_title":"Aviator \u043e\u0442 Spribe \u2013 \u041f\u043e\u043f\u0443\u043b\u044f\u0440\u043d\u0430\u044f \u0438\u0433\u0440\u0430 \u0441 \u0432\u044b\u0441\u043e\u043a\u0438\u043c\u0438 \u0432\u044b\u0438\u0433\u0440\u044b\u0448\u0430\u043c\u0438","og_description":"\u041a\u0440\u0430\u0448-\u0438\u0433\u0440\u0430 \u0410\u0432\u0438\u0430\u0442\u043e\u0440 \u043e\u0442 Spribe \u2013 \u043b\u0443\u0447\u0448\u0438\u0439 \u0441\u043b\u043e\u0442 \u0434\u043b\u044f \u0430\u0437\u0430\u0440\u0442\u043d\u044b\u0445 \u0438\u0433\u0440\u043e\u043a\u043e\u0432. \u0421\u043b\u0435\u0434\u0438 \u0437\u0430 \u0441\u0430\u043c\u043e\u043b\u0435\u0442\u043e\u043c \u0438 \u0438\u0433\u0440\u0430\u0439 \u043d\u0430 \u0434\u0435\u043d\u044c\u0433\u0438 \u0432 \u043e\u043d\u043b\u0430\u0439\u043d \u043a\u0430\u0437\u0438\u043d\u043e, \u0438\u0433\u0440\u0430\u0439 \u0441 \u043c\u043e\u0431\u0438\u043b\u044c\u043d\u043e\u0433\u043e \u0438\u043b\u0438 \u0441\u043a\u0430\u0447\u0430\u0439 \u043d\u0430 \u0442\u0435\u043b\u0435\u0444\u043e\u043d.","og_url":"https:\/\/aviator-slotgame.com\/ro\/cazinouri-online-cu-aviator-de-la-spribe\/","og_site_name":"Aviator","article_modified_time":"2024-10-04T00:04:28+00:00","og_image":[{"url":"https:\/\/aviator-slotgame.com\/wp-content\/uploads\/aviator-2.png"}],"twitter_card":"summary_large_image","twitter_misc":{"Timp estimat pentru citire":"5 minute"},"schema":{"@context":"https:\/\/schema.org","@graph":[{"@type":"WebPage","@id":"https:\/\/aviator-slotgame.com\/aviator-by-spribe\/","url":"https:\/\/aviator-slotgame.com\/aviator-by-spribe\/","name":"Aviator \u043e\u0442 Spribe \u2013 \u041f\u043e\u043f\u0443\u043b\u044f\u0440\u043d\u0430\u044f \u0438\u0433\u0440\u0430 \u0441 \u0432\u044b\u0441\u043e\u043a\u0438\u043c\u0438 \u0432\u044b\u0438\u0433\u0440\u044b\u0448\u0430\u043c\u0438","isPartOf":{"@id":"https:\/\/aviator-slotgame.com\/#website"},"datePublished":"2024-01-31T12:59:48+00:00","dateModified":"2024-10-04T00:04:28+00:00","description":"\u041a\u0440\u0430\u0448-\u0438\u0433\u0440\u0430 \u0410\u0432\u0438\u0430\u0442\u043e\u0440 \u043e\u0442 Spribe \u2013 \u043b\u0443\u0447\u0448\u0438\u0439 \u0441\u043b\u043e\u0442 \u0434\u043b\u044f \u0430\u0437\u0430\u0440\u0442\u043d\u044b\u0445 \u0438\u0433\u0440\u043e\u043a\u043e\u0432. \u0421\u043b\u0435\u0434\u0438 \u0437\u0430 \u0441\u0430\u043c\u043e\u043b\u0435\u0442\u043e\u043c \u0438 \u0438\u0433\u0440\u0430\u0439 \u043d\u0430 \u0434\u0435\u043d\u044c\u0433\u0438 \u0432 \u043e\u043d\u043b\u0430\u0439\u043d \u043a\u0430\u0437\u0438\u043d\u043e, \u0438\u0433\u0440\u0430\u0439 \u0441 \u043c\u043e\u0431\u0438\u043b\u044c\u043d\u043e\u0433\u043e \u0438\u043b\u0438 \u0441\u043a\u0430\u0447\u0430\u0439 \u043d\u0430 \u0442\u0435\u043b\u0435\u0444\u043e\u043d.","breadcrumb":{"@id":"https:\/\/aviator-slotgame.com\/aviator-by-spribe\/#breadcrumb"},"inLanguage":"ro-RO","potentialAction":[{"@type":"ReadAction","target":["https:\/\/aviator-slotgame.com\/aviator-by-spribe\/"]}]},{"@type":"BreadcrumbList","@id":"https:\/\/aviator-slotgame.com\/aviator-by-spribe\/#breadcrumb","itemListElement":[{"@type":"ListItem","position":1,"name":"Home","item":"https:\/\/aviator-slotgame.com\/"},{"@type":"ListItem","position":2,"name":"\u041e\u043d\u043b\u0430\u0439\u043d \u043a\u0430\u0437\u0438\u043d\u043e \u0441 \u0410\u0432\u0438\u0430\u0442\u043e\u0440\u043e\u043c \u043e\u0442 Spribe"}]},{"@type":"WebSite","@id":"https:\/\/aviator-slotgame.com\/#website","url":"https:\/\/aviator-slotgame.com\/","name":"Aviator","description":"","publisher":{"@id":"https:\/\/aviator-slotgame.com\/#organization"},"potentialAction":[{"@type":"SearchAction","target":{"@type":"EntryPoint","urlTemplate":"https:\/\/aviator-slotgame.com\/?s={search_term_string}"},"query-input":"required name=search_term_string"}],"inLanguage":"ro-RO"},{"@type":"Organization","@id":"https:\/\/aviator-slotgame.com\/#organization","name":"Aviator","url":"https:\/\/aviator-slotgame.com\/","logo":{"@type":"ImageObject","inLanguage":"ro-RO","@id":"https:\/\/aviator-slotgame.com\/#\/schema\/logo\/image\/","url":"https:\/\/aviator-slotgame.com\/wp-content\/uploads\/16f5e8_dade544d4623411c9c4153c639aae85amv2.webp","contentUrl":"https:\/\/aviator-slotgame.com\/wp-content\/uploads\/16f5e8_dade544d4623411c9c4153c639aae85amv2.webp","width":400,"height":300,"caption":"Aviator"},"image":{"@id":"https:\/\/aviator-slotgame.com\/#\/schema\/logo\/image\/"}}]}},"amp_enabled":true,"_links":{"self":[{"href":"https:\/\/aviator-slotgame.com\/ro\/wp-json\/wp\/v2\/pages\/29","targetHints":{"allow":["GET"]}}],"collection":[{"href":"https:\/\/aviator-slotgame.com\/ro\/wp-json\/wp\/v2\/pages"}],"about":[{"href":"https:\/\/aviator-slotgame.com\/ro\/wp-json\/wp\/v2\/types\/page"}],"author":[{"embeddable":true,"href":"https:\/\/aviator-slotgame.com\/ro\/wp-json\/wp\/v2\/users\/1"}],"replies":[{"embeddable":true,"href":"https:\/\/aviator-slotgame.com\/ro\/wp-json\/wp\/v2\/comments?post=29"}],"version-history":[{"count":13,"href":"https:\/\/aviator-slotgame.com\/ro\/wp-json\/wp\/v2\/pages\/29\/revisions"}],"predecessor-version":[{"id":413,"href":"https:\/\/aviator-slotgame.com\/ro\/wp-json\/wp\/v2\/pages\/29\/revisions\/413"}],"wp:attachment":[{"href":"https:\/\/aviator-slotgame.com\/ro\/wp-json\/wp\/v2\/media?parent=29"}],"curies":[{"name":"wp","href":"https:\/\/api.w.org\/{rel}","templated":true}]}}