{"id":215,"date":"2024-04-02T16:05:37","date_gmt":"2024-04-02T16:05:37","guid":{"rendered":"https:\/\/aviator-slotgame.com\/?page_id=215"},"modified":"2024-09-09T10:50:04","modified_gmt":"2024-09-09T10:50:04","slug":"aviator-slots","status":"publish","type":"page","link":"https:\/\/aviator-slotgame.com\/sk\/sloty-aviator-vs-tradicne-video-automaty\/","title":{"rendered":"Leteck\u00e9 sloty"},"content":{"rendered":"<div class=\"22e38d40fed8e62063cfa036dcf17289\" data-index=\"1\" style=\"float: none; margin:10px 0 10px 0; text-align:center;\">\n<div class=\"custom-play-button\">\r\n<center><a href=\"https:\/\/aviator-slotgame.com\/sk\/play-game\/\" rel=\"nofollow\" target=\"_blank\">Hra\u0165 teraz<\/a><br><\/center>\r\n<\/div>\n<\/div>\n<p>Aviator od Spribe nie je v\u00e1\u0161 priemern\u00fd video automat. Pon\u00faka soci\u00e1lne hern\u00e9 funkcie, ktor\u00e9 v tradi\u010dn\u00fdch video automatoch nen\u00e1jdete. M\u00f4\u017eete sa zapoji\u0165 do z\u00e1bavy a vyzva\u0165 ostatn\u00fdch hr\u00e1\u010dov, aby sa zapojili do online kas\u00ednovej hry plnej vzru\u0161uj\u00facich bonusov, multiplik\u00e1torov a in\u00fdch prekvapen\u00ed.<\/p>\n<p><img loading=\"lazy\" decoding=\"async\" class=\"alignnone size-full wp-image-216\" title=\"Letec vs tradi\u010dn\u00e9 hracie automaty\" src=\"https:\/\/aviator-slotgame.com\/wp-content\/uploads\/aviator-4-1.png\" alt=\"Letec vs tradi\u010dn\u00e9 hracie automaty\" width=\"800\" height=\"445\" srcset=\"https:\/\/aviator-slotgame.com\/wp-content\/uploads\/aviator-4-1.png 800w, https:\/\/aviator-slotgame.com\/wp-content\/uploads\/aviator-4-1-300x167.png 300w, https:\/\/aviator-slotgame.com\/wp-content\/uploads\/aviator-4-1-768x427.png 768w, https:\/\/aviator-slotgame.com\/wp-content\/uploads\/aviator-4-1-18x10.png 18w\" sizes=\"auto, (max-width: 800px) 100vw, 800px\" \/><\/p>\n<p>Aviator pon\u00faka viac ne\u017e len \u0161tandardn\u00e9 3x5 valcov\u00e9 hracie automaty. M\u00e1 multiplik\u00e1tor zalo\u017een\u00fd na RNG, ktor\u00fd st\u00fapa a narast\u00e1, k\u00fdm sa ka\u017ed\u00fd hr\u00e1\u010d nerozhodne vyplati\u0165 peniaze. To znamen\u00e1, \u017ee ak budete ma\u0165 \u0161\u0165astie, budete m\u00f4c\u0165 hra\u0165 cel\u00fd de\u0148 a va\u0161e v\u00fdhry sa skuto\u010dne za\u010dn\u00fa s\u010d\u00edtava\u0165!<\/p>\n<p>Aviator navy\u0161e neobmedzuje po\u010det hr\u00e1\u010dov, ktor\u00ed sa m\u00f4\u017eu zapoji\u0165 do z\u00e1bavy. Nemus\u00edte sa b\u00e1\u0165, \u017ee budete \u010daka\u0165 na otvorenie hry, preto\u017ee nikdy nebude pln\u00e1, v\u017edy bude miesto pre viacer\u00fdch hr\u00e1\u010dov. A s hr\u00e1\u010dskymi kurzami, RTP a vysok\u00fdmi v\u00fdplatami m\u00e1te ve\u013ea pr\u00edle\u017eitost\u00ed dosta\u0165 sa na vrchol v tomto vzru\u0161uj\u00facom alternat\u00edvnom automate.<\/p><div class=\"22e38d40fed8e62063cfa036dcf17289\" data-index=\"1\" style=\"float: none; margin:10px 0 10px 0; text-align:center;\">\n<div class=\"custom-play-button\">\r\n<center><a href=\"https:\/\/aviator-slotgame.com\/sk\/play-game\/\" rel=\"nofollow\" target=\"_blank\">Hra\u0165 teraz<\/a><br><\/center>\r\n<\/div>\n<\/div>\n\n<p>\u010ci u\u017e teda h\u013ead\u00e1te pohlcuj\u00faci hern\u00fd z\u00e1\u017eitok alebo si chcete sadn\u00fa\u0165 a u\u017ei\u0165 si klasick\u00fa hru v \u0161t\u00fdle video automatov s n\u00e1dychom, Spribe&#039;s Aviator m\u00e1 skuto\u010dne \u010do pon\u00faknu\u0165 ka\u017ed\u00e9mu.<\/p>\n<h2 id=\"h-rtp-of-aviator-and-regular-slot-games\">RTP Aviator a be\u017en\u00e9 sloty<\/h2>\n<p>Priemern\u00e9 hodnoty RTP najpopul\u00e1rnej\u0161\u00edch slotov s\u00fa viac ako 65%. Toto \u010d\u00edslo sa m\u00f4\u017ee l\u00ed\u0161i\u0165 od hry k hre, pri\u010dom niektor\u00e9 hry dosahuj\u00fa a\u017e 97%, ale vo v\u0161eobecnosti je normou 65% s desatinnou \u010diarkou.<\/p>\n<p>Napr\u00edklad Second Strike, jeden z najpopul\u00e1rnej\u0161\u00edch slotov na svete, m\u00e1 RTP 96.26%; Letec e\u0161te viac!<\/p>\n<p>Aviator m\u00e1 pribli\u017en\u00e9 RTP (n\u00e1vrat do prehr\u00e1va\u010da) 97%, \u010do je nadpriemern\u00e9 pre video slot. To znamen\u00e1, \u017ee hranie Aviator v\u00e1m v priemere vr\u00e1ti viac pe\u0148az\u00ed v porovnan\u00ed s tradi\u010dn\u00fdmi automatmi. A so st\u00e1le rast\u00facim multiplik\u00e1torom bud\u00fa tie najv\u00e4\u010d\u0161ie kol\u00e1 e\u0161te vzru\u0161uj\u00facej\u0161ie! Ak teda h\u013ead\u00e1te vy\u0161\u0161ie RTP a mo\u017enos\u0165 zv\u00fd\u0161i\u0165 svoj potenci\u00e1l z\u00e1robku, Aviator m\u00f4\u017ee by\u0165 presne to, \u010do v\u00e1m ch\u00fdbalo.<\/p>\n<figure class=\"wp-block-table\">\n<table>\n<tbody>\n<tr>\n<td><strong>LETECK\u00dd<\/strong><\/td>\n<td><strong>TRADI\u010cN\u00c1 AUTOMATICK\u00c1 HRA<\/strong><\/td>\n<\/tr>\n<tr>\n<td>Chatujte s ostatn\u00fdmi hr\u00e1\u010dmi<\/td>\n<td>Pou\u017e\u00edvate\u013esk\u00fd hern\u00fd z\u00e1\u017eitok<\/td>\n<\/tr>\n<tr>\n<td>Neobmedzen\u00fd po\u010det hr\u00e1\u010dov v herni<\/td>\n<td>Jeden hr\u00e1\u010d na stroj alebo str\u00e1nku<\/td>\n<\/tr>\n<tr>\n<td>Hern\u00e1 mechanika s jedn\u00fdm RNG<\/td>\n<td>Viacer\u00e9 kot\u00fa\u010de a l\u00ednie<\/td>\n<\/tr>\n<tr>\n<td>Vr\u00e1tenie ~97%<\/td>\n<td>Vr\u00e1tenie ~96%<\/td>\n<\/tr>\n<\/tbody>\n<\/table><figcaption class=\"wp-element-caption\">Automat\u00a0<strong><strong>LETECK\u00dd<\/strong><\/strong><img loading=\"lazy\" decoding=\"async\" class=\"alignnone size-full wp-image-293\" src=\"https:\/\/aviator-slotgame.com\/wp-content\/uploads\/Aviator-13-800-x-600-\u043f\u0438\u043a\u0441.jpg\" alt=\"RTP Aviator a be\u017en\u00e9 sloty\" width=\"800\" height=\"600\" srcset=\"https:\/\/aviator-slotgame.com\/wp-content\/uploads\/Aviator-13-800-x-600-\u043f\u0438\u043a\u0441.jpg 800w, https:\/\/aviator-slotgame.com\/wp-content\/uploads\/Aviator-13-800-x-600-\u043f\u0438\u043a\u0441-300x225.jpg 300w, https:\/\/aviator-slotgame.com\/wp-content\/uploads\/Aviator-13-800-x-600-\u043f\u0438\u043a\u0441-768x576.jpg 768w, https:\/\/aviator-slotgame.com\/wp-content\/uploads\/Aviator-13-800-x-600-\u043f\u0438\u043a\u0441-16x12.jpg 16w\" sizes=\"auto, (max-width: 800px) 100vw, 800px\" \/><\/figcaption><\/figure>\n<h2 id=\"h-the-bottom-line\">Spodn\u00e1 \u010diara<\/h2>\n<p>Spribe&#039;s Aviator pon\u00faka jedine\u010dn\u00fa interpret\u00e1ciu tradi\u010dn\u00fdch video automatov, ktor\u00e9 m\u00f4\u017eu hr\u00e1\u010dom poskytn\u00fa\u0165 pohlcuj\u00faci hern\u00fd z\u00e1\u017eitok. S neust\u00e1le rast\u00facimi multiplik\u00e1tormi a vysok\u00fdm RTP existuje ve\u013ea d\u00f4vodov, pre\u010do vysk\u00fa\u0161a\u0165 Aviator. Navy\u0161e, soci\u00e1lny aspekt to rob\u00ed e\u0161te vzru\u0161uj\u00facej\u0161\u00edm!<\/p>\n<h2 id=\"h-using-bonus-spins-on-aviator\">Pou\u017eitie bonusov\u00fdch to\u010den\u00ed v Aviator<\/h2>\n<p>Bonusov\u00e9 zato\u010denia s\u00fa z\u00e1kladom kas\u00ednov\u00fdch str\u00e1nok. Ke\u010f sa zaregistrujete na str\u00e1nke kas\u00edna, \u010dasto z\u00edskate zato\u010denia zadarmo ako uv\u00edtac\u00ed bonus. M\u00f4\u017eu by\u0165 dokonca z\u00edskan\u00e9 prostredn\u00edctvom \u010dasovo obmedzen\u00fdch propaga\u010dn\u00fdch akci\u00ed alebo ako ceny v in\u00fdch hr\u00e1ch!<\/p>\n<p>Ak ste fan\u00fa\u0161ikom Aviator alebo in\u00fdch kas\u00ednov\u00fdch hier, bonusov\u00e9 zato\u010denia s\u00fa skvel\u00fdm sp\u00f4sobom, ako z\u00edska\u0165 bezplatn\u00e9 \u0161ance na rozto\u010denie valcov, prist\u00e1tie v lietadle a mo\u017eno aj vyhra\u0165 nejak\u00e9 peniaze. V skuto\u010dnosti m\u00f4\u017eu by\u0165 bonusov\u00e9 to\u010denia e\u0161te hodnotnej\u0161ie ako be\u017en\u00e9 to\u010denia v hre, preto\u017ee zvy\u010dajne nemaj\u00fa \u017eiadne po\u017eiadavky na st\u00e1vkovanie ani in\u00e9 obmedzenia na v\u00fdhru.<\/p>\n<h2 id=\"h-how-to-get-bonus-spins\">Ako z\u00edska\u0165 bonusov\u00e9 to\u010denia<\/h2>\n<p>Zato\u010denia zadarmo m\u00f4\u017eu poch\u00e1dza\u0165 z r\u00f4znych miest, ako napr\u00edklad uv\u00edtacie bonusy pre nov\u00fdch pou\u017e\u00edvate\u013eov, ktor\u00ed uskuto\u010dnia svoj prv\u00fd vklad, alebo propaga\u010dn\u00e9 k\u00f3dy a \u010dasovo obmedzen\u00e9 udalosti.<\/p>\n<h3 id=\"h-welcome-bonus-spins-for-aviator\">Uv\u00edtacie bonusov\u00e9 to\u010denia pre letca<\/h3>\n<p>Niektor\u00e9 kas\u00edna v\u00e1m pri vytvoren\u00ed \u00fa\u010dtu d\u00e1vaj\u00fa bezplatn\u00e9 zato\u010denia. Mo\u017eno sa \u010dudujete, ako m\u00f4\u017eu by\u0165 tieto bezplatn\u00e9 to\u010denia u\u017eito\u010dn\u00e9 pri hran\u00ed Aviator; niekedy v\u0161ak kas\u00edna obmedzuj\u00fa pou\u017e\u00edvanie t\u00fdchto bezplatn\u00fdch zato\u010den\u00ed len na najpopul\u00e1rnej\u0161ie tradi\u010dn\u00e9 hracie automaty. Ale nebojte sa, st\u00e1le existuj\u00fa sp\u00f4soby, ako vyu\u017ei\u0165 v\u0161etky to\u010denia zadarmo, ktor\u00e9 m\u00e1 pre v\u00e1s Aviator pripraven\u00fd.<\/p>\n<h2 id=\"h-how-to-use-free-spins-in-aviator\">Ako pou\u017e\u00edva\u0165 to\u010denia zadarmo v Aviator<\/h2>\n<p>Ak va\u0161e zato\u010denia v Aviator nefunguj\u00fa, v\u017edy ich m\u00f4\u017eete pou\u017ei\u0165 na z\u00edskanie kreditov v in\u00fdch kas\u00ednov\u00fdch hr\u00e1ch. Napr\u00edklad, ak m\u00e1te bezplatn\u00e9 zato\u010denia na automate, m\u00f4\u017eete tieto kredity vymeni\u0165 za \u017eet\u00f3ny pri hrac\u00edch stoloch. Tieto \u017eet\u00f3ny potom m\u00f4\u017eete pou\u017ei\u0165 na st\u00e1vkovanie na Aviator alebo ak\u00fako\u013evek in\u00fa kas\u00ednov\u00fa hru!<\/p>\n<p>Tu je postup:<\/p>\n<ol start=\"1\" type=\"1\">\n<li>Vyberte si jeden z va\u0161ich ob\u013e\u00faben\u00fdch hrac\u00edch automatov.<\/li>\n<li>Vyu\u017eite bezplatn\u00e9 zato\u010denia.<\/li>\n<li>Vezmite si v\u0161etky kredity, ktor\u00e9 vyhr\u00e1te po\u010das zato\u010den\u00ed, a hrajte Aviator!<\/li>\n<\/ol>\n<p>Je to tak\u00e9 jednoduch\u00e9.<\/p>\n<h2 id=\"h-can-you-win-free-spins-in-aviator\">M\u00f4\u017eete vyhra\u0165 zato\u010denia zadarmo na Aviator?<\/h2>\n<p>Neexistuje \u017eiadna funkcia bezplatn\u00fdch to\u010den\u00ed. Jedin\u00e1 cena, ktor\u00fa po\u010das kola vyhr\u00e1te, je va\u0161a st\u00e1vka vyn\u00e1soben\u00e1 \u010dasom vzletu \u010derven\u00e9ho lietadla.<\/p>\n<h2 id=\"h-in-conclusion\">Z\u00e1ver<\/h2>\n<p>Bez oh\u013eadu na to, ako ich z\u00edskate \u2013 uv\u00edtacie bonusov\u00e9 zato\u010denia, propaga\u010dn\u00e9 k\u00f3dy alebo \u010dasovo obmedzen\u00e9 ponuky \u2013 bonusov\u00e9 zato\u010denia s\u00fa skvel\u00fdm sp\u00f4sobom, ako m\u00f4\u017eu hr\u00e1\u010di v\u0161etk\u00fdch \u00farovn\u00ed schopnost\u00ed pokra\u010dova\u0165 v hre bez toho, aby sa museli na chv\u00ed\u013eu ob\u00e1va\u0165, \u017ee prehraj\u00fa. A bez oh\u013eadu na to, ak\u00e9 hry s\u00fa ur\u010den\u00e9, sk\u00fasen\u00ed hr\u00e1\u010di m\u00f4\u017eu premeni\u0165 svoje to\u010denia na u\u017eito\u010dn\u00e9 kredity, ktor\u00e9 mo\u017eno stavi\u0165 v \u017eivej hre Aviator.<\/p>\n<p><img loading=\"lazy\" decoding=\"async\" class=\"alignnone size-full wp-image-297\" src=\"https:\/\/aviator-slotgame.com\/wp-content\/uploads\/Aviator-14-800-x-600-\u043f\u0438\u043a\u0441.jpg\" alt=\"Z\u00e1ver\" width=\"800\" height=\"600\" srcset=\"https:\/\/aviator-slotgame.com\/wp-content\/uploads\/Aviator-14-800-x-600-\u043f\u0438\u043a\u0441.jpg 800w, https:\/\/aviator-slotgame.com\/wp-content\/uploads\/Aviator-14-800-x-600-\u043f\u0438\u043a\u0441-300x225.jpg 300w, https:\/\/aviator-slotgame.com\/wp-content\/uploads\/Aviator-14-800-x-600-\u043f\u0438\u043a\u0441-768x576.jpg 768w, https:\/\/aviator-slotgame.com\/wp-content\/uploads\/Aviator-14-800-x-600-\u043f\u0438\u043a\u0441-16x12.jpg 16w\" sizes=\"auto, (max-width: 800px) 100vw, 800px\" \/><\/p>\n\n<div style=\"font-size: 0px; height: 0px; line-height: 0px; margin: 0; padding: 0; clear: both;\"><\/div>","protected":false},"excerpt":{"rendered":"<p>Aviator od Spribe nie je v\u00e1\u0161 priemern\u00fd video automat. Pon\u00faka soci\u00e1lne hern\u00e9 funkcie, ktor\u00e9 v tradi\u010dn\u00fdch video automatoch nen\u00e1jdete.<\/p>","protected":false},"author":1,"featured_media":0,"parent":0,"menu_order":0,"comment_status":"closed","ping_status":"closed","template":"","meta":{"footnotes":""},"class_list":["post-215","page","type-page","status-publish","hentry"],"yoast_head":"<!-- This site is optimized with the Yoast SEO plugin v22.0 - https:\/\/yoast.com\/wordpress\/plugins\/seo\/ -->\n<title>\u0410\u0432\u0438\u0430\u0442\u043e\u0440 \u0441\u043b\u043e\u0442\u044b - Aviator<\/title>\n<meta name=\"robots\" content=\"index, follow, max-snippet:-1, max-image-preview:large, max-video-preview:-1\" \/>\n<link rel=\"canonical\" href=\"https:\/\/aviator-slotgame.com\/sk\/sloty-aviator-vs-tradicne-video-automaty\/\" \/>\n<meta property=\"og:locale\" content=\"sk_SK\" \/>\n<meta property=\"og:type\" content=\"article\" \/>\n<meta property=\"og:title\" content=\"\u0410\u0432\u0438\u0430\u0442\u043e\u0440 \u0441\u043b\u043e\u0442\u044b - Aviator\" \/>\n<meta property=\"og:description\" content=\"Aviator \u043e\u0442 Spribe \u2013 \u044d\u0442\u043e \u043d\u0435 \u043e\u0431\u044b\u0447\u043d\u044b\u0439 \u0432\u0438\u0434\u0435\u043e\u0441\u043b\u043e\u0442. \u041e\u043d \u043f\u0440\u0435\u0434\u043b\u0430\u0433\u0430\u0435\u0442 \u0432\u043e\u0437\u043c\u043e\u0436\u043d\u043e\u0441\u0442\u0438 \u0441\u043e\u0446\u0438\u0430\u043b\u044c\u043d\u044b\u0445 \u0438\u0433\u0440, \u043a\u043e\u0442\u043e\u0440\u044b\u0435 \u0432\u044b \u043d\u0435 \u043d\u0430\u0439\u0434\u0435\u0442\u0435 \u0432 \u0442\u0440\u0430\u0434\u0438\u0446\u0438\u043e\u043d\u043d\u044b\u0445 \u0432\u0438\u0434\u0435\u043e\u0441\u043b\u043e\u0442\u0430\u0445.\" \/>\n<meta property=\"og:url\" content=\"https:\/\/aviator-slotgame.com\/sk\/sloty-aviator-vs-tradicne-video-automaty\/\" \/>\n<meta property=\"og:site_name\" content=\"Aviator\" \/>\n<meta property=\"article:modified_time\" content=\"2024-09-09T10:50:04+00:00\" \/>\n<meta property=\"og:image\" content=\"https:\/\/aviator-slotgame.com\/wp-content\/uploads\/aviator-4-1.png\" \/>\n<meta name=\"twitter:card\" content=\"summary_large_image\" \/>\n<meta name=\"twitter:label1\" content=\"Predpokladan\u00fd \u010das \u010d\u00edtania\" \/>\n\t<meta name=\"twitter:data1\" content=\"4 min\u00faty\" \/>\n<script type=\"application\/ld+json\" class=\"yoast-schema-graph\">{\"@context\":\"https:\/\/schema.org\",\"@graph\":[{\"@type\":\"WebPage\",\"@id\":\"https:\/\/aviator-slotgame.com\/aviator-slots\/\",\"url\":\"https:\/\/aviator-slotgame.com\/aviator-slots\/\",\"name\":\"\u0410\u0432\u0438\u0430\u0442\u043e\u0440 \u0441\u043b\u043e\u0442\u044b - Aviator\",\"isPartOf\":{\"@id\":\"https:\/\/aviator-slotgame.com\/#website\"},\"datePublished\":\"2024-04-02T16:05:37+00:00\",\"dateModified\":\"2024-09-09T10:50:04+00:00\",\"breadcrumb\":{\"@id\":\"https:\/\/aviator-slotgame.com\/aviator-slots\/#breadcrumb\"},\"inLanguage\":\"sk-SK\",\"potentialAction\":[{\"@type\":\"ReadAction\",\"target\":[\"https:\/\/aviator-slotgame.com\/aviator-slots\/\"]}]},{\"@type\":\"BreadcrumbList\",\"@id\":\"https:\/\/aviator-slotgame.com\/aviator-slots\/#breadcrumb\",\"itemListElement\":[{\"@type\":\"ListItem\",\"position\":1,\"name\":\"Home\",\"item\":\"https:\/\/aviator-slotgame.com\/\"},{\"@type\":\"ListItem\",\"position\":2,\"name\":\"\u0410\u0432\u0438\u0430\u0442\u043e\u0440 \u0441\u043b\u043e\u0442\u044b\"}]},{\"@type\":\"WebSite\",\"@id\":\"https:\/\/aviator-slotgame.com\/#website\",\"url\":\"https:\/\/aviator-slotgame.com\/\",\"name\":\"Aviator\",\"description\":\"\",\"publisher\":{\"@id\":\"https:\/\/aviator-slotgame.com\/#organization\"},\"potentialAction\":[{\"@type\":\"SearchAction\",\"target\":{\"@type\":\"EntryPoint\",\"urlTemplate\":\"https:\/\/aviator-slotgame.com\/?s={search_term_string}\"},\"query-input\":\"required name=search_term_string\"}],\"inLanguage\":\"sk-SK\"},{\"@type\":\"Organization\",\"@id\":\"https:\/\/aviator-slotgame.com\/#organization\",\"name\":\"Aviator\",\"url\":\"https:\/\/aviator-slotgame.com\/\",\"logo\":{\"@type\":\"ImageObject\",\"inLanguage\":\"sk-SK\",\"@id\":\"https:\/\/aviator-slotgame.com\/#\/schema\/logo\/image\/\",\"url\":\"https:\/\/aviator-slotgame.com\/wp-content\/uploads\/16f5e8_dade544d4623411c9c4153c639aae85amv2.webp\",\"contentUrl\":\"https:\/\/aviator-slotgame.com\/wp-content\/uploads\/16f5e8_dade544d4623411c9c4153c639aae85amv2.webp\",\"width\":400,\"height\":300,\"caption\":\"Aviator\"},\"image\":{\"@id\":\"https:\/\/aviator-slotgame.com\/#\/schema\/logo\/image\/\"}}]}<\/script>\n<!-- \/ Yoast SEO plugin. -->","yoast_head_json":{"title":"\u0410\u0432\u0438\u0430\u0442\u043e\u0440 \u0441\u043b\u043e\u0442\u044b - Aviator","robots":{"index":"index","follow":"follow","max-snippet":"max-snippet:-1","max-image-preview":"max-image-preview:large","max-video-preview":"max-video-preview:-1"},"canonical":"https:\/\/aviator-slotgame.com\/sk\/sloty-aviator-vs-tradicne-video-automaty\/","og_locale":"sk_SK","og_type":"article","og_title":"\u0410\u0432\u0438\u0430\u0442\u043e\u0440 \u0441\u043b\u043e\u0442\u044b - Aviator","og_description":"Aviator \u043e\u0442 Spribe \u2013 \u044d\u0442\u043e \u043d\u0435 \u043e\u0431\u044b\u0447\u043d\u044b\u0439 \u0432\u0438\u0434\u0435\u043e\u0441\u043b\u043e\u0442. \u041e\u043d \u043f\u0440\u0435\u0434\u043b\u0430\u0433\u0430\u0435\u0442 \u0432\u043e\u0437\u043c\u043e\u0436\u043d\u043e\u0441\u0442\u0438 \u0441\u043e\u0446\u0438\u0430\u043b\u044c\u043d\u044b\u0445 \u0438\u0433\u0440, \u043a\u043e\u0442\u043e\u0440\u044b\u0435 \u0432\u044b \u043d\u0435 \u043d\u0430\u0439\u0434\u0435\u0442\u0435 \u0432 \u0442\u0440\u0430\u0434\u0438\u0446\u0438\u043e\u043d\u043d\u044b\u0445 \u0432\u0438\u0434\u0435\u043e\u0441\u043b\u043e\u0442\u0430\u0445.","og_url":"https:\/\/aviator-slotgame.com\/sk\/sloty-aviator-vs-tradicne-video-automaty\/","og_site_name":"Aviator","article_modified_time":"2024-09-09T10:50:04+00:00","og_image":[{"url":"https:\/\/aviator-slotgame.com\/wp-content\/uploads\/aviator-4-1.png"}],"twitter_card":"summary_large_image","twitter_misc":{"Predpokladan\u00fd \u010das \u010d\u00edtania":"4 min\u00faty"},"schema":{"@context":"https:\/\/schema.org","@graph":[{"@type":"WebPage","@id":"https:\/\/aviator-slotgame.com\/aviator-slots\/","url":"https:\/\/aviator-slotgame.com\/aviator-slots\/","name":"\u0410\u0432\u0438\u0430\u0442\u043e\u0440 \u0441\u043b\u043e\u0442\u044b - Aviator","isPartOf":{"@id":"https:\/\/aviator-slotgame.com\/#website"},"datePublished":"2024-04-02T16:05:37+00:00","dateModified":"2024-09-09T10:50:04+00:00","breadcrumb":{"@id":"https:\/\/aviator-slotgame.com\/aviator-slots\/#breadcrumb"},"inLanguage":"sk-SK","potentialAction":[{"@type":"ReadAction","target":["https:\/\/aviator-slotgame.com\/aviator-slots\/"]}]},{"@type":"BreadcrumbList","@id":"https:\/\/aviator-slotgame.com\/aviator-slots\/#breadcrumb","itemListElement":[{"@type":"ListItem","position":1,"name":"Home","item":"https:\/\/aviator-slotgame.com\/"},{"@type":"ListItem","position":2,"name":"\u0410\u0432\u0438\u0430\u0442\u043e\u0440 \u0441\u043b\u043e\u0442\u044b"}]},{"@type":"WebSite","@id":"https:\/\/aviator-slotgame.com\/#website","url":"https:\/\/aviator-slotgame.com\/","name":"Aviator","description":"","publisher":{"@id":"https:\/\/aviator-slotgame.com\/#organization"},"potentialAction":[{"@type":"SearchAction","target":{"@type":"EntryPoint","urlTemplate":"https:\/\/aviator-slotgame.com\/?s={search_term_string}"},"query-input":"required name=search_term_string"}],"inLanguage":"sk-SK"},{"@type":"Organization","@id":"https:\/\/aviator-slotgame.com\/#organization","name":"Aviator","url":"https:\/\/aviator-slotgame.com\/","logo":{"@type":"ImageObject","inLanguage":"sk-SK","@id":"https:\/\/aviator-slotgame.com\/#\/schema\/logo\/image\/","url":"https:\/\/aviator-slotgame.com\/wp-content\/uploads\/16f5e8_dade544d4623411c9c4153c639aae85amv2.webp","contentUrl":"https:\/\/aviator-slotgame.com\/wp-content\/uploads\/16f5e8_dade544d4623411c9c4153c639aae85amv2.webp","width":400,"height":300,"caption":"Aviator"},"image":{"@id":"https:\/\/aviator-slotgame.com\/#\/schema\/logo\/image\/"}}]}},"amp_enabled":true,"_links":{"self":[{"href":"https:\/\/aviator-slotgame.com\/sk\/wp-json\/wp\/v2\/pages\/215","targetHints":{"allow":["GET"]}}],"collection":[{"href":"https:\/\/aviator-slotgame.com\/sk\/wp-json\/wp\/v2\/pages"}],"about":[{"href":"https:\/\/aviator-slotgame.com\/sk\/wp-json\/wp\/v2\/types\/page"}],"author":[{"embeddable":true,"href":"https:\/\/aviator-slotgame.com\/sk\/wp-json\/wp\/v2\/users\/1"}],"replies":[{"embeddable":true,"href":"https:\/\/aviator-slotgame.com\/sk\/wp-json\/wp\/v2\/comments?post=215"}],"version-history":[{"count":6,"href":"https:\/\/aviator-slotgame.com\/sk\/wp-json\/wp\/v2\/pages\/215\/revisions"}],"predecessor-version":[{"id":309,"href":"https:\/\/aviator-slotgame.com\/sk\/wp-json\/wp\/v2\/pages\/215\/revisions\/309"}],"wp:attachment":[{"href":"https:\/\/aviator-slotgame.com\/sk\/wp-json\/wp\/v2\/media?parent=215"}],"curies":[{"name":"wp","href":"https:\/\/api.w.org\/{rel}","templated":true}]}}