{"id":241,"date":"2024-09-06T13:17:52","date_gmt":"2024-09-06T13:17:52","guid":{"rendered":"https:\/\/aviator-slotgame.com\/?page_id=241"},"modified":"2024-10-03T22:55:56","modified_gmt":"2024-10-03T22:55:56","slug":"download-app","status":"publish","type":"page","link":"https:\/\/aviator-slotgame.com\/sk\/download-app\/","title":{"rendered":"Stiahnite si crash hru Aviator pre smartf\u00f3ny - n\u00e1vod"},"content":{"rendered":"<div class=\"22e38d40fed8e62063cfa036dcf17289\" data-index=\"1\" style=\"float: none; margin:10px 0 10px 0; text-align:center;\">\n<div class=\"custom-play-button\">\r\n<center><a href=\"https:\/\/aviator-slotgame.com\/sk\/play-game\/\" rel=\"nofollow\" target=\"_blank\">Hra\u0165 teraz<\/a><br><\/center>\r\n<\/div>\n<\/div>\n<p><img loading=\"lazy\" decoding=\"async\" class=\"alignnone size-full wp-image-252\" src=\"https:\/\/aviator-slotgame.com\/wp-content\/uploads\/Aviator-5-800-x-600-\u043f\u0438\u043a\u0441.jpg\" alt=\"Crash hra Aviator pre telef\u00f3ny\" width=\"800\" height=\"600\" srcset=\"https:\/\/aviator-slotgame.com\/wp-content\/uploads\/Aviator-5-800-x-600-\u043f\u0438\u043a\u0441.jpg 800w, https:\/\/aviator-slotgame.com\/wp-content\/uploads\/Aviator-5-800-x-600-\u043f\u0438\u043a\u0441-300x225.jpg 300w, https:\/\/aviator-slotgame.com\/wp-content\/uploads\/Aviator-5-800-x-600-\u043f\u0438\u043a\u0441-768x576.jpg 768w, https:\/\/aviator-slotgame.com\/wp-content\/uploads\/Aviator-5-800-x-600-\u043f\u0438\u043a\u0441-16x12.jpg 16w\" sizes=\"auto, (max-width: 800px) 100vw, 800px\" \/><\/p>\n<h2>Stiahnite si hru Aviator do svojho zariadenia so syst\u00e9mom Android<\/h2>\n<p>Ak to chcete urobi\u0165, mus\u00edte postupova\u0165 pod\u013ea t\u00fdchto krokov:<\/p>\n<ol>\n<li>Otvorte Obchod Google Play na svojom zariaden\u00ed so syst\u00e9mom Android.<\/li>\n<li>Do vyh\u013ead\u00e1vacieho panela zadajte Aviator a h\u013eadajte.<\/li>\n<li>N\u00e1jdite aplik\u00e1ciu, ktor\u00fa potrebujete, a kliknite na tla\u010didlo In\u0161talova\u0165.<\/li>\n<li>Po\u010dkajte, k\u00fdm sa hra stiahne a nain\u0161taluje do v\u00e1\u0161ho zariadenia.<\/li>\n<\/ol>\n<p>Upozor\u0148ujeme, \u017ee v obchode s aplik\u00e1ciami m\u00f4\u017eu by\u0165 dostupn\u00e9 r\u00f4zne aplik\u00e1cie s n\u00e1zvom Aviator, tak\u017ee sa uistite, \u017ee ste si vybrali presne t\u00fa hru, ktor\u00fa h\u013ead\u00e1te. Tie\u017e sa uistite, \u017ee ste si stiahli aplik\u00e1ciu z ofici\u00e1lneho a d\u00f4veryhodn\u00e9ho zdroja, aby ste sa vyhli in\u0161tal\u00e1cii \u0161kodliv\u00e9ho softv\u00e9ru.<\/p>\n<p>Po nain\u0161talovan\u00ed hry Aviator do zariadenia so syst\u00e9mom Android si m\u00f4\u017eete vychutna\u0165 vzru\u0161enie a vzru\u0161enie z tejto vzru\u0161uj\u00facej hazardnej hry kedyko\u013evek a na mieste, ktor\u00e9 v\u00e1m vyhovuje. Hlavn\u00e1 vec je uisti\u0165 sa, \u017ee m\u00e1te stabiln\u00e9 internetov\u00e9 pripojenie!<\/p><div class=\"22e38d40fed8e62063cfa036dcf17289\" data-index=\"1\" style=\"float: none; margin:10px 0 10px 0; text-align:center;\">\n<div class=\"custom-play-button\">\r\n<center><a href=\"https:\/\/aviator-slotgame.com\/sk\/play-game\/\" rel=\"nofollow\" target=\"_blank\">Hra\u0165 teraz<\/a><br><\/center>\r\n<\/div>\n<\/div>\n\n<p><img loading=\"lazy\" decoding=\"async\" class=\"alignnone size-full wp-image-350\" src=\"https:\/\/aviator-slotgame.com\/wp-content\/uploads\/Aviator-27-800-x-600-\u043f\u0438\u043a\u0441.jpg\" alt=\"Stiahnite si Aviator na Android\" width=\"800\" height=\"600\" srcset=\"https:\/\/aviator-slotgame.com\/wp-content\/uploads\/Aviator-27-800-x-600-\u043f\u0438\u043a\u0441.jpg 800w, https:\/\/aviator-slotgame.com\/wp-content\/uploads\/Aviator-27-800-x-600-\u043f\u0438\u043a\u0441-300x225.jpg 300w, https:\/\/aviator-slotgame.com\/wp-content\/uploads\/Aviator-27-800-x-600-\u043f\u0438\u043a\u0441-768x576.jpg 768w, https:\/\/aviator-slotgame.com\/wp-content\/uploads\/Aviator-27-800-x-600-\u043f\u0438\u043a\u0441-16x12.jpg 16w\" sizes=\"auto, (max-width: 800px) 100vw, 800px\" \/><\/p>\n<h2>Stiahnite si hru Aviator do svojho iOS zariadenia<\/h2>\n<p>Ak si chcete stiahnu\u0165 hru Aviator do zariaden\u00ed so syst\u00e9mom iOS, ako s\u00fa iPhone alebo iPad, budete musie\u0165 prejs\u0165 do obchodu App Store. Ak chcete stiahnu\u0165 hru do svojho zariadenia so syst\u00e9mom iOS, postupujte pod\u013ea t\u00fdchto krokov:<\/p>\n<ol>\n<li>Otvorte App Store na svojom zariaden\u00ed so syst\u00e9mom iOS.<\/li>\n<li>Kliknite na ikonu H\u013eada\u0165 v spodnej \u010dasti obrazovky.<\/li>\n<li>Do vyh\u013ead\u00e1vacieho panela nap\u00ed\u0161te Aviator a kliknite na H\u013eada\u0165.<\/li>\n<li>N\u00e1jdite aplik\u00e1ciu Aviator vo v\u00fdsledkoch vyh\u013ead\u00e1vania a kliknite na \u0148u.<\/li>\n<li>Kliknite na tla\u010didlo In\u0161talova\u0165 ved\u013ea aplik\u00e1cie.<\/li>\n<li>Zadajte svoje heslo Apple ID alebo pou\u017eite Touch ID alebo Face ID na potvrdenie stiahnutia a in\u0161tal\u00e1cie.<\/li>\n<\/ol>\n<p>Po dokon\u010den\u00ed in\u0161tal\u00e1cie si m\u00f4\u017eete hru Aviator vychutna\u0165 na svojom zariaden\u00ed so syst\u00e9mom iOS. Uistite sa, \u017ee si stiahnete aplik\u00e1ciu od v\u00fdvoj\u00e1ra, ktor\u00e9mu d\u00f4verujete, aby ste sa vyhli in\u0161tal\u00e1cii falo\u0161n\u00fdch alebo \u0161kodliv\u00fdch aplik\u00e1ci\u00ed.<\/p>\n<p><img loading=\"lazy\" decoding=\"async\" class=\"alignnone size-full wp-image-352\" src=\"https:\/\/aviator-slotgame.com\/wp-content\/uploads\/Aviator-28-800-x-600-\u043f\u0438\u043a\u0441.jpg\" alt=\"Stiahnite si Aviator pre iOS\" width=\"800\" height=\"600\" srcset=\"https:\/\/aviator-slotgame.com\/wp-content\/uploads\/Aviator-28-800-x-600-\u043f\u0438\u043a\u0441.jpg 800w, https:\/\/aviator-slotgame.com\/wp-content\/uploads\/Aviator-28-800-x-600-\u043f\u0438\u043a\u0441-300x225.jpg 300w, https:\/\/aviator-slotgame.com\/wp-content\/uploads\/Aviator-28-800-x-600-\u043f\u0438\u043a\u0441-768x576.jpg 768w, https:\/\/aviator-slotgame.com\/wp-content\/uploads\/Aviator-28-800-x-600-\u043f\u0438\u043a\u0441-16x12.jpg 16w\" sizes=\"auto, (max-width: 800px) 100vw, 800px\" \/><\/p>\n\n<div style=\"font-size: 0px; height: 0px; line-height: 0px; margin: 0; padding: 0; clear: both;\"><\/div>","protected":false},"excerpt":{"rendered":"<p>Stiahnite si hru Aviator do svojho zariadenia so syst\u00e9mom Android Ak to chcete urobi\u0165, mus\u00edte postupova\u0165 pod\u013ea t\u00fdchto krokov: Otvorte v zariaden\u00ed Obchod Google Play<\/p>","protected":false},"author":1,"featured_media":0,"parent":0,"menu_order":0,"comment_status":"closed","ping_status":"closed","template":"","meta":{"footnotes":""},"class_list":["post-241","page","type-page","status-publish","hentry"],"yoast_head":"<!-- This site is optimized with the Yoast SEO plugin v22.0 - https:\/\/yoast.com\/wordpress\/plugins\/seo\/ -->\n<title>\u0421\u043a\u0430\u0447\u0430\u0442\u044c \u0438\u0433\u0440\u0443 \u0410\u0432\u0438\u0430\u0442\u043e\u0440 \u043d\u0430 Android \u0438 iOS \u2014 \u0423\u0441\u0442\u0430\u043d\u043e\u0432\u043a\u0430 \u043a\u0440\u0430\u0448-\u0438\u0433\u0440\u044b<\/title>\n<meta name=\"description\" content=\"\u0423\u0437\u043d\u0430\u0439\u0442\u0435, \u043a\u0430\u043a \u0441\u043a\u0430\u0447\u0430\u0442\u044c \u043a\u0440\u0430\u0448-\u0438\u0433\u0440\u0443 \u0410\u0432\u0438\u0430\u0442\u043e\u0440 \u043d\u0430 \u043c\u043e\u0431\u0438\u043b\u044c\u043d\u044b\u0435 \u0443\u0441\u0442\u0440\u043e\u0439\u0441\u0442\u0432\u0430 Android \u0438 iOS. \u0418\u0433\u0440\u0430\u0439 \u043d\u0430 \u0442\u0435\u043b\u0435\u0444\u043e\u043d\u0435 \u0432 \u043e\u043d\u043b\u0430\u0439\u043d \u043a\u0430\u0437\u0438\u043d\u043e \u0438\u0433\u0440\u0443 \u0447\u0435\u0440\u0435\u0437 Google Play \u0438 App Store.\" \/>\n<meta name=\"robots\" content=\"index, follow, max-snippet:-1, max-image-preview:large, max-video-preview:-1\" \/>\n<link rel=\"canonical\" href=\"https:\/\/aviator-slotgame.com\/sk\/download-app\/\" \/>\n<meta property=\"og:locale\" content=\"sk_SK\" \/>\n<meta property=\"og:type\" content=\"article\" \/>\n<meta property=\"og:title\" content=\"\u0421\u043a\u0430\u0447\u0430\u0442\u044c \u0438\u0433\u0440\u0443 \u0410\u0432\u0438\u0430\u0442\u043e\u0440 \u043d\u0430 Android \u0438 iOS \u2014 \u0423\u0441\u0442\u0430\u043d\u043e\u0432\u043a\u0430 \u043a\u0440\u0430\u0448-\u0438\u0433\u0440\u044b\" \/>\n<meta property=\"og:description\" content=\"\u0423\u0437\u043d\u0430\u0439\u0442\u0435, \u043a\u0430\u043a \u0441\u043a\u0430\u0447\u0430\u0442\u044c \u043a\u0440\u0430\u0448-\u0438\u0433\u0440\u0443 \u0410\u0432\u0438\u0430\u0442\u043e\u0440 \u043d\u0430 \u043c\u043e\u0431\u0438\u043b\u044c\u043d\u044b\u0435 \u0443\u0441\u0442\u0440\u043e\u0439\u0441\u0442\u0432\u0430 Android \u0438 iOS. \u0418\u0433\u0440\u0430\u0439 \u043d\u0430 \u0442\u0435\u043b\u0435\u0444\u043e\u043d\u0435 \u0432 \u043e\u043d\u043b\u0430\u0439\u043d \u043a\u0430\u0437\u0438\u043d\u043e \u0438\u0433\u0440\u0443 \u0447\u0435\u0440\u0435\u0437 Google Play \u0438 App Store.\" \/>\n<meta property=\"og:url\" content=\"https:\/\/aviator-slotgame.com\/sk\/download-app\/\" \/>\n<meta property=\"og:site_name\" content=\"Aviator\" \/>\n<meta property=\"article:modified_time\" content=\"2024-10-03T22:55:56+00:00\" \/>\n<meta name=\"twitter:card\" content=\"summary_large_image\" \/>\n<meta name=\"twitter:label1\" content=\"Predpokladan\u00fd \u010das \u010d\u00edtania\" \/>\n\t<meta name=\"twitter:data1\" content=\"2 min\u00faty\" \/>\n<script type=\"application\/ld+json\" class=\"yoast-schema-graph\">{\"@context\":\"https:\/\/schema.org\",\"@graph\":[{\"@type\":\"WebPage\",\"@id\":\"https:\/\/aviator-slotgame.com\/download-app\/\",\"url\":\"https:\/\/aviator-slotgame.com\/download-app\/\",\"name\":\"\u0421\u043a\u0430\u0447\u0430\u0442\u044c \u0438\u0433\u0440\u0443 \u0410\u0432\u0438\u0430\u0442\u043e\u0440 \u043d\u0430 Android \u0438 iOS \u2014 \u0423\u0441\u0442\u0430\u043d\u043e\u0432\u043a\u0430 \u043a\u0440\u0430\u0448-\u0438\u0433\u0440\u044b\",\"isPartOf\":{\"@id\":\"https:\/\/aviator-slotgame.com\/#website\"},\"datePublished\":\"2024-09-06T13:17:52+00:00\",\"dateModified\":\"2024-10-03T22:55:56+00:00\",\"description\":\"\u0423\u0437\u043d\u0430\u0439\u0442\u0435, \u043a\u0430\u043a \u0441\u043a\u0430\u0447\u0430\u0442\u044c \u043a\u0440\u0430\u0448-\u0438\u0433\u0440\u0443 \u0410\u0432\u0438\u0430\u0442\u043e\u0440 \u043d\u0430 \u043c\u043e\u0431\u0438\u043b\u044c\u043d\u044b\u0435 \u0443\u0441\u0442\u0440\u043e\u0439\u0441\u0442\u0432\u0430 Android \u0438 iOS. \u0418\u0433\u0440\u0430\u0439 \u043d\u0430 \u0442\u0435\u043b\u0435\u0444\u043e\u043d\u0435 \u0432 \u043e\u043d\u043b\u0430\u0439\u043d \u043a\u0430\u0437\u0438\u043d\u043e \u0438\u0433\u0440\u0443 \u0447\u0435\u0440\u0435\u0437 Google Play \u0438 App Store.\",\"breadcrumb\":{\"@id\":\"https:\/\/aviator-slotgame.com\/download-app\/#breadcrumb\"},\"inLanguage\":\"sk-SK\",\"potentialAction\":[{\"@type\":\"ReadAction\",\"target\":[\"https:\/\/aviator-slotgame.com\/download-app\/\"]}]},{\"@type\":\"BreadcrumbList\",\"@id\":\"https:\/\/aviator-slotgame.com\/download-app\/#breadcrumb\",\"itemListElement\":[{\"@type\":\"ListItem\",\"position\":1,\"name\":\"Home\",\"item\":\"https:\/\/aviator-slotgame.com\/\"},{\"@type\":\"ListItem\",\"position\":2,\"name\":\"\u0417\u0430\u0433\u0440\u0443\u0437\u0438\u0442\u0435 \u043a\u0440\u0430\u0448-\u0438\u0433\u0440\u0443 \u0410\u0432\u0438\u0430\u0442\u043e\u0440 \u0434\u043b\u044f \u0441\u043c\u0430\u0440\u0442\u0444\u043e\u043d\u043e\u0432 \u2014 \u0418\u043d\u0441\u0442\u0440\u0443\u043a\u0446\u0438\u044f\"}]},{\"@type\":\"WebSite\",\"@id\":\"https:\/\/aviator-slotgame.com\/#website\",\"url\":\"https:\/\/aviator-slotgame.com\/\",\"name\":\"Aviator\",\"description\":\"\",\"publisher\":{\"@id\":\"https:\/\/aviator-slotgame.com\/#organization\"},\"potentialAction\":[{\"@type\":\"SearchAction\",\"target\":{\"@type\":\"EntryPoint\",\"urlTemplate\":\"https:\/\/aviator-slotgame.com\/?s={search_term_string}\"},\"query-input\":\"required name=search_term_string\"}],\"inLanguage\":\"sk-SK\"},{\"@type\":\"Organization\",\"@id\":\"https:\/\/aviator-slotgame.com\/#organization\",\"name\":\"Aviator\",\"url\":\"https:\/\/aviator-slotgame.com\/\",\"logo\":{\"@type\":\"ImageObject\",\"inLanguage\":\"sk-SK\",\"@id\":\"https:\/\/aviator-slotgame.com\/#\/schema\/logo\/image\/\",\"url\":\"https:\/\/aviator-slotgame.com\/wp-content\/uploads\/16f5e8_dade544d4623411c9c4153c639aae85amv2.webp\",\"contentUrl\":\"https:\/\/aviator-slotgame.com\/wp-content\/uploads\/16f5e8_dade544d4623411c9c4153c639aae85amv2.webp\",\"width\":400,\"height\":300,\"caption\":\"Aviator\"},\"image\":{\"@id\":\"https:\/\/aviator-slotgame.com\/#\/schema\/logo\/image\/\"}}]}<\/script>\n<!-- \/ Yoast SEO plugin. -->","yoast_head_json":{"title":"\u0421\u043a\u0430\u0447\u0430\u0442\u044c \u0438\u0433\u0440\u0443 \u0410\u0432\u0438\u0430\u0442\u043e\u0440 \u043d\u0430 Android \u0438 iOS \u2014 \u0423\u0441\u0442\u0430\u043d\u043e\u0432\u043a\u0430 \u043a\u0440\u0430\u0448-\u0438\u0433\u0440\u044b","description":"\u0423\u0437\u043d\u0430\u0439\u0442\u0435, \u043a\u0430\u043a \u0441\u043a\u0430\u0447\u0430\u0442\u044c \u043a\u0440\u0430\u0448-\u0438\u0433\u0440\u0443 \u0410\u0432\u0438\u0430\u0442\u043e\u0440 \u043d\u0430 \u043c\u043e\u0431\u0438\u043b\u044c\u043d\u044b\u0435 \u0443\u0441\u0442\u0440\u043e\u0439\u0441\u0442\u0432\u0430 Android \u0438 iOS. \u0418\u0433\u0440\u0430\u0439 \u043d\u0430 \u0442\u0435\u043b\u0435\u0444\u043e\u043d\u0435 \u0432 \u043e\u043d\u043b\u0430\u0439\u043d \u043a\u0430\u0437\u0438\u043d\u043e \u0438\u0433\u0440\u0443 \u0447\u0435\u0440\u0435\u0437 Google Play \u0438 App Store.","robots":{"index":"index","follow":"follow","max-snippet":"max-snippet:-1","max-image-preview":"max-image-preview:large","max-video-preview":"max-video-preview:-1"},"canonical":"https:\/\/aviator-slotgame.com\/sk\/download-app\/","og_locale":"sk_SK","og_type":"article","og_title":"\u0421\u043a\u0430\u0447\u0430\u0442\u044c \u0438\u0433\u0440\u0443 \u0410\u0432\u0438\u0430\u0442\u043e\u0440 \u043d\u0430 Android \u0438 iOS \u2014 \u0423\u0441\u0442\u0430\u043d\u043e\u0432\u043a\u0430 \u043a\u0440\u0430\u0448-\u0438\u0433\u0440\u044b","og_description":"\u0423\u0437\u043d\u0430\u0439\u0442\u0435, \u043a\u0430\u043a \u0441\u043a\u0430\u0447\u0430\u0442\u044c \u043a\u0440\u0430\u0448-\u0438\u0433\u0440\u0443 \u0410\u0432\u0438\u0430\u0442\u043e\u0440 \u043d\u0430 \u043c\u043e\u0431\u0438\u043b\u044c\u043d\u044b\u0435 \u0443\u0441\u0442\u0440\u043e\u0439\u0441\u0442\u0432\u0430 Android \u0438 iOS. \u0418\u0433\u0440\u0430\u0439 \u043d\u0430 \u0442\u0435\u043b\u0435\u0444\u043e\u043d\u0435 \u0432 \u043e\u043d\u043b\u0430\u0439\u043d \u043a\u0430\u0437\u0438\u043d\u043e \u0438\u0433\u0440\u0443 \u0447\u0435\u0440\u0435\u0437 Google Play \u0438 App Store.","og_url":"https:\/\/aviator-slotgame.com\/sk\/download-app\/","og_site_name":"Aviator","article_modified_time":"2024-10-03T22:55:56+00:00","twitter_card":"summary_large_image","twitter_misc":{"Predpokladan\u00fd \u010das \u010d\u00edtania":"2 min\u00faty"},"schema":{"@context":"https:\/\/schema.org","@graph":[{"@type":"WebPage","@id":"https:\/\/aviator-slotgame.com\/download-app\/","url":"https:\/\/aviator-slotgame.com\/download-app\/","name":"\u0421\u043a\u0430\u0447\u0430\u0442\u044c \u0438\u0433\u0440\u0443 \u0410\u0432\u0438\u0430\u0442\u043e\u0440 \u043d\u0430 Android \u0438 iOS \u2014 \u0423\u0441\u0442\u0430\u043d\u043e\u0432\u043a\u0430 \u043a\u0440\u0430\u0448-\u0438\u0433\u0440\u044b","isPartOf":{"@id":"https:\/\/aviator-slotgame.com\/#website"},"datePublished":"2024-09-06T13:17:52+00:00","dateModified":"2024-10-03T22:55:56+00:00","description":"\u0423\u0437\u043d\u0430\u0439\u0442\u0435, \u043a\u0430\u043a \u0441\u043a\u0430\u0447\u0430\u0442\u044c \u043a\u0440\u0430\u0448-\u0438\u0433\u0440\u0443 \u0410\u0432\u0438\u0430\u0442\u043e\u0440 \u043d\u0430 \u043c\u043e\u0431\u0438\u043b\u044c\u043d\u044b\u0435 \u0443\u0441\u0442\u0440\u043e\u0439\u0441\u0442\u0432\u0430 Android \u0438 iOS. \u0418\u0433\u0440\u0430\u0439 \u043d\u0430 \u0442\u0435\u043b\u0435\u0444\u043e\u043d\u0435 \u0432 \u043e\u043d\u043b\u0430\u0439\u043d \u043a\u0430\u0437\u0438\u043d\u043e \u0438\u0433\u0440\u0443 \u0447\u0435\u0440\u0435\u0437 Google Play \u0438 App Store.","breadcrumb":{"@id":"https:\/\/aviator-slotgame.com\/download-app\/#breadcrumb"},"inLanguage":"sk-SK","potentialAction":[{"@type":"ReadAction","target":["https:\/\/aviator-slotgame.com\/download-app\/"]}]},{"@type":"BreadcrumbList","@id":"https:\/\/aviator-slotgame.com\/download-app\/#breadcrumb","itemListElement":[{"@type":"ListItem","position":1,"name":"Home","item":"https:\/\/aviator-slotgame.com\/"},{"@type":"ListItem","position":2,"name":"\u0417\u0430\u0433\u0440\u0443\u0437\u0438\u0442\u0435 \u043a\u0440\u0430\u0448-\u0438\u0433\u0440\u0443 \u0410\u0432\u0438\u0430\u0442\u043e\u0440 \u0434\u043b\u044f \u0441\u043c\u0430\u0440\u0442\u0444\u043e\u043d\u043e\u0432 \u2014 \u0418\u043d\u0441\u0442\u0440\u0443\u043a\u0446\u0438\u044f"}]},{"@type":"WebSite","@id":"https:\/\/aviator-slotgame.com\/#website","url":"https:\/\/aviator-slotgame.com\/","name":"Aviator","description":"","publisher":{"@id":"https:\/\/aviator-slotgame.com\/#organization"},"potentialAction":[{"@type":"SearchAction","target":{"@type":"EntryPoint","urlTemplate":"https:\/\/aviator-slotgame.com\/?s={search_term_string}"},"query-input":"required name=search_term_string"}],"inLanguage":"sk-SK"},{"@type":"Organization","@id":"https:\/\/aviator-slotgame.com\/#organization","name":"Aviator","url":"https:\/\/aviator-slotgame.com\/","logo":{"@type":"ImageObject","inLanguage":"sk-SK","@id":"https:\/\/aviator-slotgame.com\/#\/schema\/logo\/image\/","url":"https:\/\/aviator-slotgame.com\/wp-content\/uploads\/16f5e8_dade544d4623411c9c4153c639aae85amv2.webp","contentUrl":"https:\/\/aviator-slotgame.com\/wp-content\/uploads\/16f5e8_dade544d4623411c9c4153c639aae85amv2.webp","width":400,"height":300,"caption":"Aviator"},"image":{"@id":"https:\/\/aviator-slotgame.com\/#\/schema\/logo\/image\/"}}]}},"amp_enabled":true,"_links":{"self":[{"href":"https:\/\/aviator-slotgame.com\/sk\/wp-json\/wp\/v2\/pages\/241","targetHints":{"allow":["GET"]}}],"collection":[{"href":"https:\/\/aviator-slotgame.com\/sk\/wp-json\/wp\/v2\/pages"}],"about":[{"href":"https:\/\/aviator-slotgame.com\/sk\/wp-json\/wp\/v2\/types\/page"}],"author":[{"embeddable":true,"href":"https:\/\/aviator-slotgame.com\/sk\/wp-json\/wp\/v2\/users\/1"}],"replies":[{"embeddable":true,"href":"https:\/\/aviator-slotgame.com\/sk\/wp-json\/wp\/v2\/comments?post=241"}],"version-history":[{"count":10,"href":"https:\/\/aviator-slotgame.com\/sk\/wp-json\/wp\/v2\/pages\/241\/revisions"}],"predecessor-version":[{"id":409,"href":"https:\/\/aviator-slotgame.com\/sk\/wp-json\/wp\/v2\/pages\/241\/revisions\/409"}],"wp:attachment":[{"href":"https:\/\/aviator-slotgame.com\/sk\/wp-json\/wp\/v2\/media?parent=241"}],"curies":[{"name":"wp","href":"https:\/\/api.w.org\/{rel}","templated":true}]}}