{"id":26,"date":"2024-01-31T12:57:07","date_gmt":"2024-01-31T12:57:07","guid":{"rendered":"https:\/\/aviator-slotgame.com\/?page_id=26"},"modified":"2024-10-03T23:16:00","modified_gmt":"2024-10-03T23:16:00","slug":"play-for-free","status":"publish","type":"page","link":"https:\/\/aviator-slotgame.com\/sk\/ako-hrat-demo-aviator-zadarmo\/","title":{"rendered":"Ako hra\u0165 demo Aviator zadarmo"},"content":{"rendered":"<div class=\"22e38d40fed8e62063cfa036dcf17289\" data-index=\"1\" style=\"float: none; margin:10px 0 10px 0; text-align:center;\">\n<div class=\"custom-play-button\">\r\n<center><a href=\"https:\/\/aviator-slotgame.com\/sk\/play-game\/\" rel=\"nofollow\" target=\"_blank\">Hra\u0165 teraz<\/a><br><\/center>\r\n<\/div>\n<\/div>\n<p>Hra Aviator od spolo\u010dnosti Spribe je nov\u00e1 a vzru\u0161uj\u00faca kas\u00ednov\u00e1 hra, ktor\u00e1 umo\u017e\u0148uje hr\u00e1\u010dom za\u017ei\u0165 vzru\u0161enie z v\u00ed\u0165azstva pri lietan\u00ed vysoko. Demo verzia hry pon\u00faka hr\u00e1\u010dom mo\u017enos\u0165 vysk\u00fa\u0161a\u0165 si hru zadarmo, zatia\u013e \u010do pln\u00e1 verzia je dostupn\u00e1 na mnoh\u00fdch \u0161pi\u010dkov\u00fdch kas\u00ednov\u00fdch str\u00e1nkach. Bezplatn\u00e1 demo verzia Aviator je skvel\u00fd sp\u00f4sob, ako sa nau\u010di\u0165 hra\u0165 hru predt\u00fdm, ako utrat\u00edte peniaze za pln\u00fa verziu, a je to z\u00e1bavn\u00fd sp\u00f4sob, ako tr\u00e1vi\u0165 \u010das online bez m\u00ed\u0148ania pe\u0148az\u00ed.<\/p>\n<p>Ak to chcete urobi\u0165, mus\u00edte prejs\u0165 na ofici\u00e1lnu webov\u00fa str\u00e1nku Aviator a vybra\u0165 re\u017eim demo hry. V demo verzii m\u00f4\u017eete hra\u0165 bez toho, aby ste museli vs\u00e1dza\u0165 skuto\u010dn\u00e9 peniaze a len si u\u017e\u00edva\u0165 hru.<\/p>\n<p><img loading=\"lazy\" decoding=\"async\" title=\"Zahrajte si demo Aviator\" src=\"https:\/\/aviator-slotgame.com\/wp-content\/uploads\/aviator-3.png\" alt=\"Ako hra\u0165 demo Aviator zadarmo\" width=\"800\" height=\"445\" \/><\/p>\n<h2>K\u013e\u00fa\u010dov\u00e9 vlastnosti<\/h2>\n<p>Demo verzia v\u00e1m predstav\u00ed nieko\u013eko d\u00f4le\u017eit\u00fdch hern\u00fdch mechanizmov. T\u00fdm, \u017ee budete najsk\u00f4r cvi\u010di\u0165 zadarmo, lep\u0161ie pochop\u00edte, ako hra funguje, a m\u00f4\u017eete maximalizova\u0165 svoje v\u00fdhry pri hran\u00ed o skuto\u010dn\u00e9 peniaze. Demo Aviator je tie\u017e skvel\u00fd sp\u00f4sob, ako sa trochu zabavi\u0165 bez toho, aby ste museli m\u00ed\u0148a\u0165 hotovos\u0165 alebo kredity.<\/p><div class=\"22e38d40fed8e62063cfa036dcf17289\" data-index=\"1\" style=\"float: none; margin:10px 0 10px 0; text-align:center;\">\n<div class=\"custom-play-button\">\r\n<center><a href=\"https:\/\/aviator-slotgame.com\/sk\/play-game\/\" rel=\"nofollow\" target=\"_blank\">Hra\u0165 teraz<\/a><br><\/center>\r\n<\/div>\n<\/div>\n\n<h3>Dvojit\u00e9 tla\u010didl\u00e1 nadol<\/h3>\n<p>Tieto tla\u010didl\u00e1 v\u00e1m d\u00e1vaj\u00fa mo\u017enos\u0165 zdvojn\u00e1sobi\u0165 svoju st\u00e1vku, ke\u010f s\u00fa kurzy nahromaden\u00e9 vo v\u00e1\u0161 prospech. To m\u00f4\u017ee zv\u00fd\u0161i\u0165 va\u0161e v\u00fdhry, ale tie\u017e zvy\u0161uje rizikov\u00fd faktor.<\/p>\n<p>Odpor\u00fa\u010dame v\u00e1m nacvi\u010di\u0165 si pou\u017e\u00edvanie oboch tla\u010didiel v demo verzii predt\u00fdm, ne\u017e budete riskova\u0165 skuto\u010dn\u00e9 kredity za str\u00e1nky. Lietadlo Aviator m\u00f4\u017ee odletie\u0165 za \u010das potrebn\u00fd na stla\u010denie druh\u00e9ho tla\u010didla. Najlep\u0161\u00ed hr\u00e1\u010di Aviator s\u00fa schopn\u00ed vyplati\u0165 obe svoje st\u00e1vky v priebehu jednej sekundy.<\/p>\n<h3>Rebr\u00ed\u010dek<\/h3>\n<p>T\u00e1to funkcia v\u00e1m d\u00e1va predstavu o tom, ako dobre s\u00fa va\u0161e st\u00e1vky v porovnan\u00ed s ostatn\u00fdmi hr\u00e1\u010dmi v re\u00e1lnom \u010dase! Je to skvel\u00fd sp\u00f4sob, ako zosta\u0165 motivovan\u00fd, ke\u010f sa dostanete do skuto\u010dnej hry. V uk\u00e1\u017eke s\u00fa t\u00edto hr\u00e1\u010di simulovan\u00ed, ale m\u00f4\u017eete z\u00edska\u0165 predstavu o tom, na \u010do si d\u00e1va\u0165 pozor.<\/p>\n<h3>St\u00e1vkov\u00e9 a v\u00fdhern\u00e9 limity<\/h3>\n<p>Demo Aviator je dobr\u00fdm miestom, kde zist\u00edte, ak\u00e9 maxim\u00e1lne a minim\u00e1lne st\u00e1vky m\u00f4\u017eete urobi\u0165 a ko\u013eko pe\u0148az\u00ed v\u00e1m prinesie \u0161\u0165astie. T\u00e1to inform\u00e1cia je mimoriadne d\u00f4le\u017eit\u00e1 z dvoch d\u00f4vodov. Po prv\u00e9, budete m\u00f4c\u0165 pozna\u0165 hranice svojej hry a neprekra\u010dova\u0165 ich pri hran\u00ed plnej verzie. Po druh\u00e9, m\u00f4\u017eete vedie\u0165, \u010do m\u00f4\u017eete o\u010dak\u00e1va\u0165, ke\u010f sa multiplik\u00e1tor za\u010dne zvy\u0161ova\u0165.<\/p>\n<table>\n<tbody>\n<tr>\n<td><strong>HRY LIMITY<\/strong><\/td>\n<\/tr>\n<tr>\n<td><strong>Minim\u00e1lna ponuka<\/strong><\/td>\n<td>0.10<\/td>\n<\/tr>\n<tr>\n<td><strong>Maxim\u00e1lna st\u00e1vka<\/strong><\/td>\n<td>100<\/td>\n<\/tr>\n<tr>\n<td><strong>Maxim\u00e1lna v\u00fdhra<\/strong><\/td>\n<td>10,000<\/td>\n<\/tr>\n<\/tbody>\n<\/table>\n<p><img loading=\"lazy\" decoding=\"async\" src=\"https:\/\/aviator-slotgame.com\/wp-content\/uploads\/Aviator-12-800-x-600-\u043f\u0438\u043a\u0441.jpg\" alt=\"St\u00e1vky a v\u00fdhry\" width=\"800\" height=\"600\" \/><\/p>\n<h3>Automatick\u00e9 prehr\u00e1vanie<\/h3>\n<p>Automatick\u00e1 hra automaticky uzatv\u00e1ra st\u00e1vky a vypl\u00e1ca peniaze vo va\u0161om mene pod\u013ea zadan\u00fdch nastaven\u00ed. To v\u00e1m umo\u017en\u00ed sedie\u0165 a relaxova\u0165, zatia\u013e \u010do hra Aviator rob\u00ed pr\u00e1cu za v\u00e1s. Pre z\u00e1bavu a precvi\u010denie hra umo\u017en\u00ed hr\u00e1\u010dom vysk\u00fa\u0161a\u0165 si r\u00f4zne kombin\u00e1cie nastaven\u00ed.<\/p>\n<p>V demo verzii Aviator s\u00fa k dispoz\u00edcii nasleduj\u00face mo\u017enosti automatick\u00e9ho prehr\u00e1vania:<\/p>\n<ul>\n<li>Limit zn\u00ed\u017eenia hotovosti<\/li>\n<li>V\u00fdhern\u00fd limit<\/li>\n<li>Limit na v\u00fdhru<\/li>\n<li>N\u00e1sobite\u013e hotovostn\u00fdch v\u00fdplat<\/li>\n<\/ul>\n<p><img loading=\"lazy\" decoding=\"async\" src=\"https:\/\/aviator-slotgame.com\/wp-content\/uploads\/Aviator-15-800-x-600-\u043f\u0438\u043a\u0441.jpg\" alt=\"Automatick\u00e9 prehr\u00e1vanie v Aviator\" width=\"800\" height=\"600\" \/><\/p>\n<h2>Funkcie, ktor\u00e9 demo verzia neobsahuje<\/h2>\n<p>Demu Aviator ch\u00fdba jedna d\u00f4le\u017eit\u00e1 funkcia. Modelova\u0165 sa to jednoducho ned\u00e1.<\/p>\n<h3>Chat s hr\u00e1\u010dmi<\/h3>\n<p>V plnej verzii Aviatora m\u00f4\u017eu hr\u00e1\u010di pristupova\u0165 k hern\u00e9mu chatov\u00e9mu syst\u00e9mu, aby mohli diskutova\u0165 o strat\u00e9gii, zneu\u017e\u00edvan\u00ed multiplik\u00e1torov, zdie\u013ea\u0165 tipy a triky, chv\u00e1li\u0165 sa ned\u00e1vnymi ve\u013ek\u00fdmi v\u00fdhrami a chatova\u0165 medzi sebou. T\u00e1to funkcia nie je dostupn\u00e1 v demo verzii.<\/p>\n<p>Mo\u017eno si nebudete m\u00f4c\u0165 nacvi\u010di\u0165 komunik\u00e1ciu s ostatn\u00fdmi hr\u00e1\u010dmi, no je to jeden z najd\u00f4le\u017eitej\u0161\u00edch aspektov \u017eivej hry. Je to skvel\u00fd sp\u00f4sob, ako budova\u0165 vz\u0165ahy s ostatn\u00fdmi hr\u00e1\u010dmi a dozvedie\u0165 sa viac o hre.<\/p>\n<h2>Bezplatn\u00e9 demo Aviator v porovnan\u00ed so skuto\u010dnou hrou<\/h2>\n<p>Aviator demo je bezplatn\u00e1 verzia hry, ktor\u00e1 v\u00e1m umo\u017en\u00ed precvi\u010di\u0165 a vysk\u00fa\u0161a\u0165 r\u00f4zne strat\u00e9gie. Demo verzia obsahuje v\u0161etky funkcie dostupn\u00e9 v plnej verzii, av\u0161ak s ur\u010dit\u00fdmi obmedzeniami. Napr\u00edklad v demo verzii Aviator nem\u00f4\u017eete zar\u00e1ba\u0165 skuto\u010dn\u00e9 peniaze ani vyhra\u0165 ceny. Ak v\u0161ak radi hr\u00e1te demo verziu a chcete za\u017ei\u0165 viac funkci\u00ed tejto vzru\u0161uj\u00facej hry, m\u00f4\u017eete kedyko\u013evek pokra\u010dova\u0165 v hran\u00ed skuto\u010dnej hry.<\/p>\n<p>Demo verzia Aviator prich\u00e1dza s nieko\u013ek\u00fdmi n\u00e1vodmi a tipmi, ktor\u00e9 v\u00e1m pom\u00f4\u017eu pochopi\u0165, ako hra\u0165 efekt\u00edvnej\u0161ie. Pom\u00f4\u017eu v\u00e1m zlep\u0161i\u0165 v\u00e1\u0161 celkov\u00fd hern\u00fd z\u00e1\u017eitok t\u00fdm, \u017ee poskytn\u00fa \u013eahko zrozumite\u013en\u00e9 pokyny pre nov\u00fdch hr\u00e1\u010dov a nau\u010dia nov\u00e9 techniky. M\u00f4\u017eete si tie\u017e pozrie\u0165 \u00fadaje RNG (gener\u00e1tor n\u00e1hodn\u00fdch \u010d\u00edsel) generovan\u00e9 z t\u00fdchto k\u00f4l, \u010do v\u00e1m umo\u017en\u00ed lep\u0161ie sa zozn\u00e1mi\u0165 s krypto technol\u00f3giou spolo\u010dnosti Spribe.<\/p>\n<table>\n<tbody>\n<tr>\n<td><strong>LETECK\u00c1 DEMO<\/strong><\/td>\n<td><strong>\u017dIV\u00c1 HRA \u201eLETEC\u201c<\/strong><\/td>\n<\/tr>\n<tr>\n<td>Hraj zadarmo<\/td>\n<td>Vy\u017eaduje sa kredit str\u00e1nky<\/td>\n<\/tr>\n<tr>\n<td>\u017diadny \u017eiv\u00fd chat<\/td>\n<td>Chat pre v\u0161etk\u00fdch hr\u00e1\u010dov<\/td>\n<\/tr>\n<tr>\n<td>\u017diadne v\u00fdhry<\/td>\n<td>V\u00fdhra z\u00e1vis\u00ed od multiplik\u00e1tora<\/td>\n<\/tr>\n<tr>\n<td>M\u00f4\u017eete hra\u0165 na ofici\u00e1lnej str\u00e1nke Spribe<\/td>\n<td>Dostupn\u00e9 iba v licencovan\u00fdch online kas\u00ednach<\/td>\n<\/tr>\n<tr>\n<td>Simulovan\u00ed hr\u00e1\u010di na rebr\u00ed\u010dku<\/td>\n<td>Skuto\u010dn\u00ed hr\u00e1\u010di uzatv\u00e1raj\u00fa st\u00e1vky<\/td>\n<\/tr>\n<\/tbody>\n<\/table>\n<p>T\u00fdm, \u017ee si najprv zahr\u00e1te demo Aviator, m\u00f4\u017eete zdokonali\u0165 svoje schopnosti predt\u00fdm, ako sa postav\u00edte in\u00fdm hr\u00e1\u010dom a mo\u017eno aj skuto\u010dne vyhr\u00e1te!<\/p>\n<p><img loading=\"lazy\" decoding=\"async\" src=\"https:\/\/aviator-slotgame.com\/wp-content\/uploads\/Aviator-11-800-x-600-\u043f\u0438\u043a\u0441.jpg\" alt=\"Demo verzia v Aviator\" width=\"800\" height=\"600\" \/><\/p>\n<h2>Demo verzia hry Aviator<\/h2>\n<p>Pre\u010do v\u00e1m v\u0161etci odpor\u00fa\u010daj\u00fa, aby ste sa najsk\u00f4r zozn\u00e1mili s demo verziou hry Aviator?<\/p>\n<ol>\n<li><strong>\u00davod do hry:<\/strong> Bezplatn\u00e1 verzia hry Aviator pom\u00e1ha hr\u00e1\u010dom zozn\u00e1mi\u0165 sa s hrate\u013enos\u0165ou, pravidlami hry a funkciami automatov bez toho, aby riskovali svoje peniaze.<\/li>\n<li><strong>Prax:<\/strong> Hranie bezplatnej verzie umo\u017e\u0148uje hr\u00e1\u010dom tr\u00e9nova\u0165 a zdokona\u013eova\u0165 svoje zru\u010dnosti pred hran\u00edm o skuto\u010dn\u00e9 peniaze.<\/li>\n<li><strong>Sk\u00f3re z\u00e1ujmu:<\/strong> Hran\u00edm bezplatnej verzie m\u00f4\u017eete zhodnoti\u0165, ak\u00e1 je hra zauj\u00edmav\u00e1 a vzru\u0161uj\u00faca, \u010do v\u00e1m pom\u00f4\u017ee rozhodn\u00fa\u0165 sa, \u010di pokra\u010dova\u0165 v hre o skuto\u010dn\u00e9 peniaze.<\/li>\n<li><strong>Nefinan\u010dn\u00e9 rizik\u00e1:<\/strong> Bezplatn\u00e1 verzia eliminuje finan\u010dn\u00e9 rizik\u00e1 pre hr\u00e1\u010da, preto\u017ee st\u00e1vky sa uzatv\u00e1raj\u00fa na virtu\u00e1lne peniaze, \u010do v\u00e1m umo\u017e\u0148uje vychutna\u0165 si hru bez stresu.<\/li>\n<li><strong>Z\u00e1bava:<\/strong> Hranie bezplatnej verzie Aviator m\u00f4\u017ee by\u0165 skvel\u00fdm sp\u00f4sobom, ako sa zabavi\u0165 a str\u00e1vi\u0165 \u010das bez toho, aby ste museli investova\u0165 nejak\u00e9 peniaze.<\/li>\n<\/ol>\n<p><img loading=\"lazy\" decoding=\"async\" src=\"https:\/\/aviator-slotgame.com\/wp-content\/uploads\/Aviator-30-800-x-600-\u043f\u0438\u043a\u0441.jpg\" alt=\"Demo hra Aviator\" width=\"800\" height=\"600\" \/><\/p>\n<h2>Kde n\u00e1jdem demo verziu hry Aviator?<\/h2>\n<p>Tu s\u00fa podrobn\u00e9 pokyny, ako n\u00e1js\u0165 demo verziu online hry Aviator:<\/p>\n<ol>\n<li>Otvorte na svojom zariaden\u00ed internetov\u00fd prehliada\u010d a prejdite na ofici\u00e1lnu str\u00e1nku kas\u00edna, v ktorom chcete hra\u0165.<\/li>\n<li>Ak u\u017e na str\u00e1nke m\u00e1te \u00fa\u010det, prihl\u00e1ste sa pomocou svojich prihlasovac\u00edch \u00fadajov. Ak e\u0161te nem\u00e1te \u00fa\u010det, zaregistrujte sa na str\u00e1nke kas\u00edna.<\/li>\n<li>Po vstupe na str\u00e1nku n\u00e1jdite sekciu s padac\u00edmi hrami alebo pou\u017eite vyh\u013ead\u00e1vac\u00ed panel. Demo verzie hier sa zvy\u010dajne nach\u00e1dzaj\u00fa v sekcii Hry.<\/li>\n<li>N\u00e1jdite hru Aviator medzi prezentovan\u00fdmi mo\u017enos\u0165ami a kliknite na \u0148u.<\/li>\n<li>V inform\u00e1ci\u00e1ch o hre zvy\u010dajne n\u00e1jdete tla\u010didlo Play alebo Demo. Kliknut\u00edm na toto tla\u010didlo spust\u00edte demo re\u017eim hry Aviator.<\/li>\n<li>Demo verzia hry sa stiahne a m\u00f4\u017eete za\u010da\u0165 hra\u0165 bez toho, aby ste museli vs\u00e1dza\u0165 skuto\u010dn\u00e9 peniaze. V demo re\u017eime pou\u017eijete virtu\u00e1lne peniaze, ktor\u00e9 v\u00e1m poskytne kas\u00edno, na hru Aviator crash.<\/li>\n<\/ol>\n<p>Tak\u017ee pod\u013ea t\u00fdchto krokov m\u00f4\u017eete \u013eahko n\u00e1js\u0165 a hra\u0165 demo verziu hry Aviator na ofici\u00e1lnej str\u00e1nke kas\u00edna<\/p>\n<p><img loading=\"lazy\" decoding=\"async\" src=\"https:\/\/aviator-slotgame.com\/wp-content\/uploads\/Aviator-31-800-x-600-\u043f\u0438\u043a\u0441.jpg\" alt=\"N\u00e1jdite demo hru Aviator\" width=\"800\" height=\"600\" \/><\/p>\n\n<div style=\"font-size: 0px; height: 0px; line-height: 0px; margin: 0; padding: 0; clear: both;\"><\/div>","protected":false},"excerpt":{"rendered":"<p>Spribe&#039;s Aviator je nov\u00e1 a vzru\u0161uj\u00faca kas\u00ednov\u00e1 hra, ktor\u00e1 umo\u017e\u0148uje hr\u00e1\u010dom za\u017ei\u0165 vzru\u0161enie z v\u00fdhry<\/p>","protected":false},"author":1,"featured_media":0,"parent":0,"menu_order":0,"comment_status":"closed","ping_status":"closed","template":"","meta":{"footnotes":""},"class_list":["post-26","page","type-page","status-publish","hentry"],"yoast_head":"<!-- This site is optimized with the Yoast SEO plugin v22.0 - https:\/\/yoast.com\/wordpress\/plugins\/seo\/ -->\n<title>\u0414\u0435\u043c\u043e-\u0432\u0435\u0440\u0441\u0438\u044f \u0438\u0433\u0440\u044b \u0410\u0432\u0438\u0430\u0442\u043e\u0440 \u2014 \u0418\u0433\u0440\u0430\u0439\u0442\u0435 \u0432 \u043a\u0440\u0430\u0448-\u0441\u043b\u043e\u0442 \u0431\u0435\u0441\u043f\u043b\u0430\u0442\u043d\u043e<\/title>\n<meta name=\"description\" content=\"\u0418\u0433\u0440\u0430\u0439 \u0432 \u0434\u0435\u043c\u043e-\u0432\u0435\u0440\u0441\u0438\u044e \u0410\u0432\u0438\u0430\u0442\u043e\u0440 \u0431\u0435\u0441\u043f\u043b\u0430\u0442\u043d\u043e. \u0422\u0440\u0435\u043d\u0438\u0440\u0443\u0439\u0441\u044f \u0431\u0435\u0437 \u0434\u0435\u043d\u0435\u0433 \u0432 \u043a\u0440\u0430\u0448-\u0441\u043b\u043e\u0442\u0435 \u043e\u0442 Spribe \u043f\u0435\u0440\u0435\u0434 \u0438\u0433\u0440\u043e\u0439 \u043d\u0430 \u0440\u0435\u0430\u043b\u044c\u043d\u044b\u0435 \u0434\u0435\u043d\u044c\u0433\u0438 \u0432 \u043e\u043d\u043b\u0430\u0439\u043d \u043a\u0430\u0437\u0438\u043d\u043e.\" \/>\n<meta name=\"robots\" content=\"index, follow, max-snippet:-1, max-image-preview:large, max-video-preview:-1\" \/>\n<link rel=\"canonical\" href=\"https:\/\/aviator-slotgame.com\/sk\/ako-hrat-demo-aviator-zadarmo\/\" \/>\n<meta property=\"og:locale\" content=\"sk_SK\" \/>\n<meta property=\"og:type\" content=\"article\" \/>\n<meta property=\"og:title\" content=\"\u0414\u0435\u043c\u043e-\u0432\u0435\u0440\u0441\u0438\u044f \u0438\u0433\u0440\u044b \u0410\u0432\u0438\u0430\u0442\u043e\u0440 \u2014 \u0418\u0433\u0440\u0430\u0439\u0442\u0435 \u0432 \u043a\u0440\u0430\u0448-\u0441\u043b\u043e\u0442 \u0431\u0435\u0441\u043f\u043b\u0430\u0442\u043d\u043e\" \/>\n<meta property=\"og:description\" content=\"\u0418\u0433\u0440\u0430\u0439 \u0432 \u0434\u0435\u043c\u043e-\u0432\u0435\u0440\u0441\u0438\u044e \u0410\u0432\u0438\u0430\u0442\u043e\u0440 \u0431\u0435\u0441\u043f\u043b\u0430\u0442\u043d\u043e. \u0422\u0440\u0435\u043d\u0438\u0440\u0443\u0439\u0441\u044f \u0431\u0435\u0437 \u0434\u0435\u043d\u0435\u0433 \u0432 \u043a\u0440\u0430\u0448-\u0441\u043b\u043e\u0442\u0435 \u043e\u0442 Spribe \u043f\u0435\u0440\u0435\u0434 \u0438\u0433\u0440\u043e\u0439 \u043d\u0430 \u0440\u0435\u0430\u043b\u044c\u043d\u044b\u0435 \u0434\u0435\u043d\u044c\u0433\u0438 \u0432 \u043e\u043d\u043b\u0430\u0439\u043d \u043a\u0430\u0437\u0438\u043d\u043e.\" \/>\n<meta property=\"og:url\" content=\"https:\/\/aviator-slotgame.com\/sk\/ako-hrat-demo-aviator-zadarmo\/\" \/>\n<meta property=\"og:site_name\" content=\"Aviator\" \/>\n<meta property=\"article:modified_time\" content=\"2024-10-03T23:16:00+00:00\" \/>\n<meta property=\"og:image\" content=\"https:\/\/aviator-slotgame.com\/wp-content\/uploads\/aviator-3.png\" \/>\n<meta name=\"twitter:card\" content=\"summary_large_image\" \/>\n<meta name=\"twitter:label1\" content=\"Predpokladan\u00fd \u010das \u010d\u00edtania\" \/>\n\t<meta name=\"twitter:data1\" content=\"6 min\u00fat\" \/>\n<script type=\"application\/ld+json\" class=\"yoast-schema-graph\">{\"@context\":\"https:\/\/schema.org\",\"@graph\":[{\"@type\":\"WebPage\",\"@id\":\"https:\/\/aviator-slotgame.com\/play-for-free\/\",\"url\":\"https:\/\/aviator-slotgame.com\/play-for-free\/\",\"name\":\"\u0414\u0435\u043c\u043e-\u0432\u0435\u0440\u0441\u0438\u044f \u0438\u0433\u0440\u044b \u0410\u0432\u0438\u0430\u0442\u043e\u0440 \u2014 \u0418\u0433\u0440\u0430\u0439\u0442\u0435 \u0432 \u043a\u0440\u0430\u0448-\u0441\u043b\u043e\u0442 \u0431\u0435\u0441\u043f\u043b\u0430\u0442\u043d\u043e\",\"isPartOf\":{\"@id\":\"https:\/\/aviator-slotgame.com\/#website\"},\"datePublished\":\"2024-01-31T12:57:07+00:00\",\"dateModified\":\"2024-10-03T23:16:00+00:00\",\"description\":\"\u0418\u0433\u0440\u0430\u0439 \u0432 \u0434\u0435\u043c\u043e-\u0432\u0435\u0440\u0441\u0438\u044e \u0410\u0432\u0438\u0430\u0442\u043e\u0440 \u0431\u0435\u0441\u043f\u043b\u0430\u0442\u043d\u043e. \u0422\u0440\u0435\u043d\u0438\u0440\u0443\u0439\u0441\u044f \u0431\u0435\u0437 \u0434\u0435\u043d\u0435\u0433 \u0432 \u043a\u0440\u0430\u0448-\u0441\u043b\u043e\u0442\u0435 \u043e\u0442 Spribe \u043f\u0435\u0440\u0435\u0434 \u0438\u0433\u0440\u043e\u0439 \u043d\u0430 \u0440\u0435\u0430\u043b\u044c\u043d\u044b\u0435 \u0434\u0435\u043d\u044c\u0433\u0438 \u0432 \u043e\u043d\u043b\u0430\u0439\u043d \u043a\u0430\u0437\u0438\u043d\u043e.\",\"breadcrumb\":{\"@id\":\"https:\/\/aviator-slotgame.com\/play-for-free\/#breadcrumb\"},\"inLanguage\":\"sk-SK\",\"potentialAction\":[{\"@type\":\"ReadAction\",\"target\":[\"https:\/\/aviator-slotgame.com\/play-for-free\/\"]}]},{\"@type\":\"BreadcrumbList\",\"@id\":\"https:\/\/aviator-slotgame.com\/play-for-free\/#breadcrumb\",\"itemListElement\":[{\"@type\":\"ListItem\",\"position\":1,\"name\":\"Home\",\"item\":\"https:\/\/aviator-slotgame.com\/\"},{\"@type\":\"ListItem\",\"position\":2,\"name\":\"\u041a\u0430\u043a \u0438\u0433\u0440\u0430\u0442\u044c \u0432 \u0434\u0435\u043c\u043e-\u0432\u0435\u0440\u0441\u0438\u044e \u0410\u0432\u0438\u0430\u0442\u043e\u0440\u0430 \u0431\u0435\u0441\u043f\u043b\u0430\u0442\u043d\u043e\"}]},{\"@type\":\"WebSite\",\"@id\":\"https:\/\/aviator-slotgame.com\/#website\",\"url\":\"https:\/\/aviator-slotgame.com\/\",\"name\":\"Aviator\",\"description\":\"\",\"publisher\":{\"@id\":\"https:\/\/aviator-slotgame.com\/#organization\"},\"potentialAction\":[{\"@type\":\"SearchAction\",\"target\":{\"@type\":\"EntryPoint\",\"urlTemplate\":\"https:\/\/aviator-slotgame.com\/?s={search_term_string}\"},\"query-input\":\"required name=search_term_string\"}],\"inLanguage\":\"sk-SK\"},{\"@type\":\"Organization\",\"@id\":\"https:\/\/aviator-slotgame.com\/#organization\",\"name\":\"Aviator\",\"url\":\"https:\/\/aviator-slotgame.com\/\",\"logo\":{\"@type\":\"ImageObject\",\"inLanguage\":\"sk-SK\",\"@id\":\"https:\/\/aviator-slotgame.com\/#\/schema\/logo\/image\/\",\"url\":\"https:\/\/aviator-slotgame.com\/wp-content\/uploads\/16f5e8_dade544d4623411c9c4153c639aae85amv2.webp\",\"contentUrl\":\"https:\/\/aviator-slotgame.com\/wp-content\/uploads\/16f5e8_dade544d4623411c9c4153c639aae85amv2.webp\",\"width\":400,\"height\":300,\"caption\":\"Aviator\"},\"image\":{\"@id\":\"https:\/\/aviator-slotgame.com\/#\/schema\/logo\/image\/\"}}]}<\/script>\n<!-- \/ Yoast SEO plugin. -->","yoast_head_json":{"title":"\u0414\u0435\u043c\u043e-\u0432\u0435\u0440\u0441\u0438\u044f \u0438\u0433\u0440\u044b \u0410\u0432\u0438\u0430\u0442\u043e\u0440 \u2014 \u0418\u0433\u0440\u0430\u0439\u0442\u0435 \u0432 \u043a\u0440\u0430\u0448-\u0441\u043b\u043e\u0442 \u0431\u0435\u0441\u043f\u043b\u0430\u0442\u043d\u043e","description":"\u0418\u0433\u0440\u0430\u0439 \u0432 \u0434\u0435\u043c\u043e-\u0432\u0435\u0440\u0441\u0438\u044e \u0410\u0432\u0438\u0430\u0442\u043e\u0440 \u0431\u0435\u0441\u043f\u043b\u0430\u0442\u043d\u043e. \u0422\u0440\u0435\u043d\u0438\u0440\u0443\u0439\u0441\u044f \u0431\u0435\u0437 \u0434\u0435\u043d\u0435\u0433 \u0432 \u043a\u0440\u0430\u0448-\u0441\u043b\u043e\u0442\u0435 \u043e\u0442 Spribe \u043f\u0435\u0440\u0435\u0434 \u0438\u0433\u0440\u043e\u0439 \u043d\u0430 \u0440\u0435\u0430\u043b\u044c\u043d\u044b\u0435 \u0434\u0435\u043d\u044c\u0433\u0438 \u0432 \u043e\u043d\u043b\u0430\u0439\u043d \u043a\u0430\u0437\u0438\u043d\u043e.","robots":{"index":"index","follow":"follow","max-snippet":"max-snippet:-1","max-image-preview":"max-image-preview:large","max-video-preview":"max-video-preview:-1"},"canonical":"https:\/\/aviator-slotgame.com\/sk\/ako-hrat-demo-aviator-zadarmo\/","og_locale":"sk_SK","og_type":"article","og_title":"\u0414\u0435\u043c\u043e-\u0432\u0435\u0440\u0441\u0438\u044f \u0438\u0433\u0440\u044b \u0410\u0432\u0438\u0430\u0442\u043e\u0440 \u2014 \u0418\u0433\u0440\u0430\u0439\u0442\u0435 \u0432 \u043a\u0440\u0430\u0448-\u0441\u043b\u043e\u0442 \u0431\u0435\u0441\u043f\u043b\u0430\u0442\u043d\u043e","og_description":"\u0418\u0433\u0440\u0430\u0439 \u0432 \u0434\u0435\u043c\u043e-\u0432\u0435\u0440\u0441\u0438\u044e \u0410\u0432\u0438\u0430\u0442\u043e\u0440 \u0431\u0435\u0441\u043f\u043b\u0430\u0442\u043d\u043e. \u0422\u0440\u0435\u043d\u0438\u0440\u0443\u0439\u0441\u044f \u0431\u0435\u0437 \u0434\u0435\u043d\u0435\u0433 \u0432 \u043a\u0440\u0430\u0448-\u0441\u043b\u043e\u0442\u0435 \u043e\u0442 Spribe \u043f\u0435\u0440\u0435\u0434 \u0438\u0433\u0440\u043e\u0439 \u043d\u0430 \u0440\u0435\u0430\u043b\u044c\u043d\u044b\u0435 \u0434\u0435\u043d\u044c\u0433\u0438 \u0432 \u043e\u043d\u043b\u0430\u0439\u043d \u043a\u0430\u0437\u0438\u043d\u043e.","og_url":"https:\/\/aviator-slotgame.com\/sk\/ako-hrat-demo-aviator-zadarmo\/","og_site_name":"Aviator","article_modified_time":"2024-10-03T23:16:00+00:00","og_image":[{"url":"https:\/\/aviator-slotgame.com\/wp-content\/uploads\/aviator-3.png"}],"twitter_card":"summary_large_image","twitter_misc":{"Predpokladan\u00fd \u010das \u010d\u00edtania":"6 min\u00fat"},"schema":{"@context":"https:\/\/schema.org","@graph":[{"@type":"WebPage","@id":"https:\/\/aviator-slotgame.com\/play-for-free\/","url":"https:\/\/aviator-slotgame.com\/play-for-free\/","name":"\u0414\u0435\u043c\u043e-\u0432\u0435\u0440\u0441\u0438\u044f \u0438\u0433\u0440\u044b \u0410\u0432\u0438\u0430\u0442\u043e\u0440 \u2014 \u0418\u0433\u0440\u0430\u0439\u0442\u0435 \u0432 \u043a\u0440\u0430\u0448-\u0441\u043b\u043e\u0442 \u0431\u0435\u0441\u043f\u043b\u0430\u0442\u043d\u043e","isPartOf":{"@id":"https:\/\/aviator-slotgame.com\/#website"},"datePublished":"2024-01-31T12:57:07+00:00","dateModified":"2024-10-03T23:16:00+00:00","description":"\u0418\u0433\u0440\u0430\u0439 \u0432 \u0434\u0435\u043c\u043e-\u0432\u0435\u0440\u0441\u0438\u044e \u0410\u0432\u0438\u0430\u0442\u043e\u0440 \u0431\u0435\u0441\u043f\u043b\u0430\u0442\u043d\u043e. \u0422\u0440\u0435\u043d\u0438\u0440\u0443\u0439\u0441\u044f \u0431\u0435\u0437 \u0434\u0435\u043d\u0435\u0433 \u0432 \u043a\u0440\u0430\u0448-\u0441\u043b\u043e\u0442\u0435 \u043e\u0442 Spribe \u043f\u0435\u0440\u0435\u0434 \u0438\u0433\u0440\u043e\u0439 \u043d\u0430 \u0440\u0435\u0430\u043b\u044c\u043d\u044b\u0435 \u0434\u0435\u043d\u044c\u0433\u0438 \u0432 \u043e\u043d\u043b\u0430\u0439\u043d \u043a\u0430\u0437\u0438\u043d\u043e.","breadcrumb":{"@id":"https:\/\/aviator-slotgame.com\/play-for-free\/#breadcrumb"},"inLanguage":"sk-SK","potentialAction":[{"@type":"ReadAction","target":["https:\/\/aviator-slotgame.com\/play-for-free\/"]}]},{"@type":"BreadcrumbList","@id":"https:\/\/aviator-slotgame.com\/play-for-free\/#breadcrumb","itemListElement":[{"@type":"ListItem","position":1,"name":"Home","item":"https:\/\/aviator-slotgame.com\/"},{"@type":"ListItem","position":2,"name":"\u041a\u0430\u043a \u0438\u0433\u0440\u0430\u0442\u044c \u0432 \u0434\u0435\u043c\u043e-\u0432\u0435\u0440\u0441\u0438\u044e \u0410\u0432\u0438\u0430\u0442\u043e\u0440\u0430 \u0431\u0435\u0441\u043f\u043b\u0430\u0442\u043d\u043e"}]},{"@type":"WebSite","@id":"https:\/\/aviator-slotgame.com\/#website","url":"https:\/\/aviator-slotgame.com\/","name":"Aviator","description":"","publisher":{"@id":"https:\/\/aviator-slotgame.com\/#organization"},"potentialAction":[{"@type":"SearchAction","target":{"@type":"EntryPoint","urlTemplate":"https:\/\/aviator-slotgame.com\/?s={search_term_string}"},"query-input":"required name=search_term_string"}],"inLanguage":"sk-SK"},{"@type":"Organization","@id":"https:\/\/aviator-slotgame.com\/#organization","name":"Aviator","url":"https:\/\/aviator-slotgame.com\/","logo":{"@type":"ImageObject","inLanguage":"sk-SK","@id":"https:\/\/aviator-slotgame.com\/#\/schema\/logo\/image\/","url":"https:\/\/aviator-slotgame.com\/wp-content\/uploads\/16f5e8_dade544d4623411c9c4153c639aae85amv2.webp","contentUrl":"https:\/\/aviator-slotgame.com\/wp-content\/uploads\/16f5e8_dade544d4623411c9c4153c639aae85amv2.webp","width":400,"height":300,"caption":"Aviator"},"image":{"@id":"https:\/\/aviator-slotgame.com\/#\/schema\/logo\/image\/"}}]}},"amp_enabled":true,"_links":{"self":[{"href":"https:\/\/aviator-slotgame.com\/sk\/wp-json\/wp\/v2\/pages\/26","targetHints":{"allow":["GET"]}}],"collection":[{"href":"https:\/\/aviator-slotgame.com\/sk\/wp-json\/wp\/v2\/pages"}],"about":[{"href":"https:\/\/aviator-slotgame.com\/sk\/wp-json\/wp\/v2\/types\/page"}],"author":[{"embeddable":true,"href":"https:\/\/aviator-slotgame.com\/sk\/wp-json\/wp\/v2\/users\/1"}],"replies":[{"embeddable":true,"href":"https:\/\/aviator-slotgame.com\/sk\/wp-json\/wp\/v2\/comments?post=26"}],"version-history":[{"count":19,"href":"https:\/\/aviator-slotgame.com\/sk\/wp-json\/wp\/v2\/pages\/26\/revisions"}],"predecessor-version":[{"id":412,"href":"https:\/\/aviator-slotgame.com\/sk\/wp-json\/wp\/v2\/pages\/26\/revisions\/412"}],"wp:attachment":[{"href":"https:\/\/aviator-slotgame.com\/sk\/wp-json\/wp\/v2\/media?parent=26"}],"curies":[{"name":"wp","href":"https:\/\/api.w.org\/{rel}","templated":true}]}}