{"id":271,"date":"2024-09-06T15:05:30","date_gmt":"2024-09-06T15:05:30","guid":{"rendered":"https:\/\/aviator-slotgame.com\/?page_id=271"},"modified":"2024-10-03T22:45:15","modified_gmt":"2024-10-03T22:45:15","slug":"faq","status":"publish","type":"page","link":"https:\/\/aviator-slotgame.com\/sk\/faq\/","title":{"rendered":"FAQ o hre Aviator - Odpovede na ob\u013e\u00faben\u00e9 ot\u00e1zky o hre"},"content":{"rendered":"<div class=\"22e38d40fed8e62063cfa036dcf17289\" data-index=\"1\" style=\"float: none; margin:10px 0 10px 0; text-align:center;\">\n<div class=\"custom-play-button\">\r\n<center><a href=\"https:\/\/aviator-slotgame.com\/sk\/play-game\/\" rel=\"nofollow\" target=\"_blank\">Hra\u0165 teraz<\/a><br><\/center>\r\n<\/div>\n<\/div>\n<p><img loading=\"lazy\" decoding=\"async\" class=\"alignnone size-full wp-image-273\" src=\"https:\/\/aviator-slotgame.com\/wp-content\/uploads\/Aviator-8-800-x-600-\u043f\u0438\u043a\u0441.jpg\" alt=\"Odpovede na ot\u00e1zky o hre Aviator\" width=\"800\" height=\"600\" srcset=\"https:\/\/aviator-slotgame.com\/wp-content\/uploads\/Aviator-8-800-x-600-\u043f\u0438\u043a\u0441.jpg 800w, https:\/\/aviator-slotgame.com\/wp-content\/uploads\/Aviator-8-800-x-600-\u043f\u0438\u043a\u0441-300x225.jpg 300w, https:\/\/aviator-slotgame.com\/wp-content\/uploads\/Aviator-8-800-x-600-\u043f\u0438\u043a\u0441-768x576.jpg 768w, https:\/\/aviator-slotgame.com\/wp-content\/uploads\/Aviator-8-800-x-600-\u043f\u0438\u043a\u0441-16x12.jpg 16w\" sizes=\"auto, (max-width: 800px) 100vw, 800px\" \/><\/p>\n<h3><strong>M\u00f4\u017eem hra\u0165 crash hru Aviator zadarmo?<\/strong><\/h3>\n<p>\u00c1no, m\u00f4\u017eete. Okrem toho mnoh\u00ed profesion\u00e1li vo svete hazardn\u00fdch hier odpor\u00fa\u010daj\u00fa, aby ste si najprv zahrali demo verziu hry Aviator, aby ste lep\u0161ie porozumeli jej hraniu. Bez doplnenia skuto\u010dn\u00fdch pe\u0148az\u00ed! Pri hran\u00ed zadarmo si po doplnen\u00ed vkladu m\u00f4\u017eete premyslie\u0165 strat\u00e9giu hrania Aviator.<\/p>\n<h3><strong>Kde je najlep\u0161ie hra\u0165 online hru Aviator?<\/strong><\/h3>\n<p>Bezplatn\u00fa hru si m\u00f4\u017eete zahra\u0165 na ktorejko\u013evek webovej str\u00e1nke kas\u00edna na internete. Ak v\u0161ak pl\u00e1nujete za\u010da\u0165 hra\u0165 o skuto\u010dn\u00e9 peniaze, mali by ste si vybra\u0165 osved\u010den\u00e9 a poctiv\u00e9 kas\u00edno. Aby bola va\u0161a hra v Aviator bezpe\u010dn\u00e1 a prin\u00e1\u0161ala len pozit\u00edvne em\u00f3cie a ve\u013ek\u00e9 v\u00fdhry!<\/p>\n<h3><strong>M\u00f4\u017eem hra\u0165 online kas\u00edno Aviator na svojom mobilnom zariaden\u00ed?<\/strong><\/h3>\n<p>Samostatn\u00e1 aplik\u00e1cia pre hazardn\u00fa hru Aviator neexistuje, ale m\u00f4\u017eete si nain\u0161talova\u0165 ak\u00fako\u013evek osved\u010den\u00fa ofici\u00e1lnu kas\u00ednov\u00fa aplik\u00e1ciu, kde pomocou vyh\u013ead\u00e1vacieho panela \u013eahko n\u00e1jdete crash hru Aviator. Hra Aviator je optimalizovan\u00e1 pre zariadenia a obrazovky v\u0161etk\u00fdch rozl\u00ed\u0161en\u00ed, tak\u017ee si hru m\u00f4\u017eete u\u017ei\u0165 na svojom mobilnom telef\u00f3ne so syst\u00e9mom Android alebo iOS.<\/p><div class=\"22e38d40fed8e62063cfa036dcf17289\" data-index=\"1\" style=\"float: none; margin:10px 0 10px 0; text-align:center;\">\n<div class=\"custom-play-button\">\r\n<center><a href=\"https:\/\/aviator-slotgame.com\/sk\/play-game\/\" rel=\"nofollow\" target=\"_blank\">Hra\u0165 teraz<\/a><br><\/center>\r\n<\/div>\n<\/div>\n\n<h3><strong>Ak\u00e1 je minim\u00e1lna st\u00e1vka v online hre Aviator?<\/strong><\/h3>\n<p>Minim\u00e1lna st\u00e1vka v online kas\u00edne Aviator je 0,1$<\/p>\n<h3><strong>Ak\u00e1 je maxim\u00e1lna st\u00e1vka v online hre Aviator?<\/strong><\/h3>\n<p>Maxim\u00e1lna st\u00e1vka v online kas\u00edne Aviator je 100$<\/p>\n<h3><strong>Ako hra\u0165 hru Aviator?<\/strong><\/h3>\n<p>Automat Aviator je ve\u013emi jednoduch\u00e1 hazardn\u00e1 hra. Najd\u00f4le\u017eitej\u0161ie je pri hran\u00ed Aviator urobi\u0165 dva kroky \u2013 poda\u0165 st\u00e1vku a po za\u010dat\u00ed kola st\u00e1vku stiahnu\u0165. V\u00fd\u0161ku st\u00e1vky a \u010das v\u00fdberu ur\u010dujete vy na z\u00e1klade va\u0161ej situ\u00e1cie a ochoty riskova\u0165.<\/p>\n<h3><strong>Ako hackn\u00fa\u0165 hru Aviator?<\/strong><\/h3>\n<p>Hra Aviator sa ned\u00e1 hackn\u00fa\u0165, tak\u017ee to ani nesk\u00fa\u0161ajte. Hlavnou my\u0161lienkou hacku Aviator, o ktorom sa akt\u00edvne diskutuje na f\u00f3rach, je uh\u00e1dnu\u0165 \u010fal\u0161\u00ed multiplik\u00e1tor, pri ktorom lietadlo odlet\u00ed. Rozumie sa, \u017ee s vedom\u00edm \u010fal\u0161ieho n\u00e1sobite\u013ea bude ma\u0165 hr\u00e1\u010d \u010das na v\u00fdber kr\u00e1tko predt\u00fdm. V skuto\u010dnosti je nemo\u017en\u00e9 hackn\u00fa\u0165 Aviator alebo ovl\u00e1da\u0165 pokles multiplik\u00e1tora.<\/p>\n<h3><strong>Ako predpoveda\u0165 v\u00fdsledok hry Aviator?<\/strong><\/h3>\n<p>Nikto nem\u00f4\u017ee predpoveda\u0165 v\u00fdsledok kola hry Aviator s pravdepodobnos\u0165ou 100 %. \u010casto m\u00f4\u017eeme len predpoveda\u0165 pravdepodobnos\u0165, \u017ee zasiahneme ur\u010dit\u00fd multiplik\u00e1tor. Napr\u00edklad, ak sa pozriete na hist\u00f3riu multiplik\u00e1tora a uvid\u00edte, \u017ee za posledn\u00fa hodinu sa multiplik\u00e1tor 100 nikdy neobjavil, potom je vysok\u00e1 pravdepodobnos\u0165, \u017ee sa objav\u00ed v bl\u00edzkej bud\u00facnosti. Ned\u00e1 sa v\u0161ak predpoveda\u0165, ktor\u00fd n\u00e1sobite\u013e sa objav\u00ed nabud\u00face, napr\u00edklad x1,05 alebo x3,0.<\/p>\n<h3><strong>\u010co?\u00a0<\/strong><strong>RTP<\/strong><strong>\u00a0Leteck\u00fd slot?<\/strong><\/h3>\n<p>RTP slotu Aviator je 97% pod\u013ea webovej str\u00e1nky v\u00fdvoj\u00e1ra hry.<\/p>\n<h3><strong>Ako vyhra\u0165 hru Aviator?<\/strong><\/h3>\n<p>V\u00fdhra v Aviator z\u00e1vis\u00ed od va\u0161ej strat\u00e9gie. Preto je na za\u010diatok d\u00f4le\u017eit\u00e9 ur\u010di\u0165, nie ako vyhra\u0165 v Aviator, ale ako hra\u0165 Aviator. Na zodpovedanie tejto ot\u00e1zky je d\u00f4le\u017eit\u00e9 zvoli\u0165 spr\u00e1vnu strat\u00e9giu hrania Aviator. Stru\u010dne povedan\u00e9, konzervat\u00edvna strat\u00e9gia hrania Aviator minimalizuje riziko prehry a pom\u00f4\u017ee v\u00e1m pravidelne vyhr\u00e1va\u0165 mal\u00e9 sumy. Strat\u00e9gia maxim\u00e1lneho rizika v\u00e1m pom\u00f4\u017ee vyhra\u0165 ve\u013ek\u00e9 sumy, no vysok\u00e1 je aj \u0161anca, \u017ee pr\u00eddete o cel\u00fd svoj vklad.<\/p>\n<h3><strong>Ako urobi\u0165 vklad v hre Aviator?<\/strong><\/h3>\n<p>Ak chcete vykona\u0165 vklad v hre Aviator, mus\u00edte sa zaregistrova\u0165 na webovej str\u00e1nke online kas\u00edna. Ihne\u010f po registr\u00e1cii je d\u00f4le\u017eit\u00e9 prejs\u0165 overen\u00edm \u00fa\u010dtu a vykona\u0165 vklad jednou z met\u00f3d, ktor\u00e9 kas\u00edno pon\u00faka. Spravidla m\u00f4\u017eete svoj vklad dobi\u0165 bankovou kartou, kryptomenou a elektronick\u00fdmi pe\u0148a\u017eenkami.<\/p>\n<h3><strong>Ako vybra\u0165 peniaze z Aviator na bankov\u00fa kartu?<\/strong><\/h3>\n<p>Ihne\u010f po v\u00fdhre id\u00fa peniaze na hern\u00fd \u00fa\u010det. Hr\u00e1\u010d m\u00f4\u017ee vybera\u0165 peniaze z hern\u00e9ho \u00fa\u010dtu. Sp\u00f4soby a podmienky v\u00fdberu z\u00e1visia od online kas\u00edna. Niektor\u00e9 kas\u00edna v\u00e1m napr\u00edklad umo\u017e\u0148uj\u00fa vybera\u0165 peniaze presne rovnak\u00fdm sp\u00f4sobom, ak\u00fdm boli peniaze vlo\u017een\u00e9. Niektor\u00e9 kas\u00edna neumo\u017e\u0148uj\u00fa pou\u017e\u00edvanie bankov\u00fdch kariet, napr\u00edklad kryptokas\u00edna.<\/p>\n\n<div style=\"font-size: 0px; height: 0px; line-height: 0px; margin: 0; padding: 0; clear: both;\"><\/div>","protected":false},"excerpt":{"rendered":"<p>M\u00f4\u017eem hra\u0165 crash hru Aviator zadarmo? \u00c1no, m\u00f4\u017eete. Navy\u0161e mnoh\u00ed profesion\u00e1li vo svete hazardn\u00fdch hier radia<\/p>","protected":false},"author":1,"featured_media":0,"parent":0,"menu_order":0,"comment_status":"closed","ping_status":"closed","template":"","meta":{"footnotes":""},"class_list":["post-271","page","type-page","status-publish","hentry"],"yoast_head":"<!-- This site is optimized with the Yoast SEO plugin v22.0 - https:\/\/yoast.com\/wordpress\/plugins\/seo\/ -->\n<title>\u0427\u0430\u0441\u0442\u043e \u0437\u0430\u0434\u0430\u0432\u0430\u0435\u043c\u044b\u0435 \u0432\u043e\u043f\u0440\u043e\u0441\u044b \u043e\u0431 \u0438\u0433\u0440\u0435 \u0410\u0432\u0438\u0430\u0442\u043e\u0440 \u2014 FAQ \u043e \u043a\u0440\u0430\u0448-\u0441\u043b\u043e\u0442\u0435<\/title>\n<meta name=\"description\" content=\"\u0423\u0437\u043d\u0430\u0439\u0442\u0435 \u043e\u0442\u0432\u0435\u0442\u044b \u043d\u0430 \u0447\u0430\u0441\u0442\u043e \u0437\u0430\u0434\u0430\u0432\u0430\u0435\u043c\u044b\u0435 \u0432\u043e\u043f\u0440\u043e\u0441\u044b \u043e\u0431 \u0438\u0433\u0440\u0435 \u0410\u0432\u0438\u0430\u0442\u043e\u0440: \u043a\u0430\u043a \u0438\u0433\u0440\u0430\u0442\u044c, \u043f\u0440\u043e \u0441\u0442\u0430\u0432\u043a\u0438, \u043e\u0431 RTP,\u043e \u0432\u044b\u0432\u043e\u0434\u0435 \u0434\u0435\u043d\u0435\u0433 \u0438 \u043a\u0430\u043a \u0431\u0435\u0437\u043e\u043f\u0430\u0441\u043d\u043e \u0438\u0433\u0440\u0430\u0442\u044c \u0432 \u043a\u0440\u0430\u0448-\u0441\u043b\u043e\u0442 \u043d\u0430 \u0434\u0435\u043d\u044c\u0433\u0438 \u0432 \u043a\u0430\u0437\u0438\u043d\u043e.\" \/>\n<meta name=\"robots\" content=\"index, follow, max-snippet:-1, max-image-preview:large, max-video-preview:-1\" \/>\n<link rel=\"canonical\" href=\"https:\/\/aviator-slotgame.com\/sk\/faq\/\" \/>\n<meta property=\"og:locale\" content=\"sk_SK\" \/>\n<meta property=\"og:type\" content=\"article\" \/>\n<meta property=\"og:title\" content=\"\u0427\u0430\u0441\u0442\u043e \u0437\u0430\u0434\u0430\u0432\u0430\u0435\u043c\u044b\u0435 \u0432\u043e\u043f\u0440\u043e\u0441\u044b \u043e\u0431 \u0438\u0433\u0440\u0435 \u0410\u0432\u0438\u0430\u0442\u043e\u0440 \u2014 FAQ \u043e \u043a\u0440\u0430\u0448-\u0441\u043b\u043e\u0442\u0435\" \/>\n<meta property=\"og:description\" content=\"\u0423\u0437\u043d\u0430\u0439\u0442\u0435 \u043e\u0442\u0432\u0435\u0442\u044b \u043d\u0430 \u0447\u0430\u0441\u0442\u043e \u0437\u0430\u0434\u0430\u0432\u0430\u0435\u043c\u044b\u0435 \u0432\u043e\u043f\u0440\u043e\u0441\u044b \u043e\u0431 \u0438\u0433\u0440\u0435 \u0410\u0432\u0438\u0430\u0442\u043e\u0440: \u043a\u0430\u043a \u0438\u0433\u0440\u0430\u0442\u044c, \u043f\u0440\u043e \u0441\u0442\u0430\u0432\u043a\u0438, \u043e\u0431 RTP,\u043e \u0432\u044b\u0432\u043e\u0434\u0435 \u0434\u0435\u043d\u0435\u0433 \u0438 \u043a\u0430\u043a \u0431\u0435\u0437\u043e\u043f\u0430\u0441\u043d\u043e \u0438\u0433\u0440\u0430\u0442\u044c \u0432 \u043a\u0440\u0430\u0448-\u0441\u043b\u043e\u0442 \u043d\u0430 \u0434\u0435\u043d\u044c\u0433\u0438 \u0432 \u043a\u0430\u0437\u0438\u043d\u043e.\" \/>\n<meta property=\"og:url\" content=\"https:\/\/aviator-slotgame.com\/sk\/faq\/\" \/>\n<meta property=\"og:site_name\" content=\"Aviator\" \/>\n<meta property=\"article:modified_time\" content=\"2024-10-03T22:45:15+00:00\" \/>\n<meta name=\"twitter:card\" content=\"summary_large_image\" \/>\n<meta name=\"twitter:label1\" content=\"Predpokladan\u00fd \u010das \u010d\u00edtania\" \/>\n\t<meta name=\"twitter:data1\" content=\"3 min\u00faty\" \/>\n<script type=\"application\/ld+json\" class=\"yoast-schema-graph\">{\"@context\":\"https:\/\/schema.org\",\"@graph\":[{\"@type\":\"WebPage\",\"@id\":\"https:\/\/aviator-slotgame.com\/faq\/\",\"url\":\"https:\/\/aviator-slotgame.com\/faq\/\",\"name\":\"\u0427\u0430\u0441\u0442\u043e \u0437\u0430\u0434\u0430\u0432\u0430\u0435\u043c\u044b\u0435 \u0432\u043e\u043f\u0440\u043e\u0441\u044b \u043e\u0431 \u0438\u0433\u0440\u0435 \u0410\u0432\u0438\u0430\u0442\u043e\u0440 \u2014 FAQ \u043e \u043a\u0440\u0430\u0448-\u0441\u043b\u043e\u0442\u0435\",\"isPartOf\":{\"@id\":\"https:\/\/aviator-slotgame.com\/#website\"},\"datePublished\":\"2024-09-06T15:05:30+00:00\",\"dateModified\":\"2024-10-03T22:45:15+00:00\",\"description\":\"\u0423\u0437\u043d\u0430\u0439\u0442\u0435 \u043e\u0442\u0432\u0435\u0442\u044b \u043d\u0430 \u0447\u0430\u0441\u0442\u043e \u0437\u0430\u0434\u0430\u0432\u0430\u0435\u043c\u044b\u0435 \u0432\u043e\u043f\u0440\u043e\u0441\u044b \u043e\u0431 \u0438\u0433\u0440\u0435 \u0410\u0432\u0438\u0430\u0442\u043e\u0440: \u043a\u0430\u043a \u0438\u0433\u0440\u0430\u0442\u044c, \u043f\u0440\u043e \u0441\u0442\u0430\u0432\u043a\u0438, \u043e\u0431 RTP,\u043e \u0432\u044b\u0432\u043e\u0434\u0435 \u0434\u0435\u043d\u0435\u0433 \u0438 \u043a\u0430\u043a \u0431\u0435\u0437\u043e\u043f\u0430\u0441\u043d\u043e \u0438\u0433\u0440\u0430\u0442\u044c \u0432 \u043a\u0440\u0430\u0448-\u0441\u043b\u043e\u0442 \u043d\u0430 \u0434\u0435\u043d\u044c\u0433\u0438 \u0432 \u043a\u0430\u0437\u0438\u043d\u043e.\",\"breadcrumb\":{\"@id\":\"https:\/\/aviator-slotgame.com\/faq\/#breadcrumb\"},\"inLanguage\":\"sk-SK\",\"potentialAction\":[{\"@type\":\"ReadAction\",\"target\":[\"https:\/\/aviator-slotgame.com\/faq\/\"]}]},{\"@type\":\"BreadcrumbList\",\"@id\":\"https:\/\/aviator-slotgame.com\/faq\/#breadcrumb\",\"itemListElement\":[{\"@type\":\"ListItem\",\"position\":1,\"name\":\"Home\",\"item\":\"https:\/\/aviator-slotgame.com\/\"},{\"@type\":\"ListItem\",\"position\":2,\"name\":\"FAQ \u043e\u0431 \u0438\u0433\u0440\u0435 Aviator &#8211; \u041e\u0442\u0432\u0435\u0442\u044b \u043d\u0430 \u043f\u043e\u043f\u0443\u043b\u044f\u0440\u043d\u044b\u0435 \u0432\u043e\u043f\u0440\u043e\u0441\u044b \u043e \u0438\u0433\u0440\u0435\"}]},{\"@type\":\"WebSite\",\"@id\":\"https:\/\/aviator-slotgame.com\/#website\",\"url\":\"https:\/\/aviator-slotgame.com\/\",\"name\":\"Aviator\",\"description\":\"\",\"publisher\":{\"@id\":\"https:\/\/aviator-slotgame.com\/#organization\"},\"potentialAction\":[{\"@type\":\"SearchAction\",\"target\":{\"@type\":\"EntryPoint\",\"urlTemplate\":\"https:\/\/aviator-slotgame.com\/?s={search_term_string}\"},\"query-input\":\"required name=search_term_string\"}],\"inLanguage\":\"sk-SK\"},{\"@type\":\"Organization\",\"@id\":\"https:\/\/aviator-slotgame.com\/#organization\",\"name\":\"Aviator\",\"url\":\"https:\/\/aviator-slotgame.com\/\",\"logo\":{\"@type\":\"ImageObject\",\"inLanguage\":\"sk-SK\",\"@id\":\"https:\/\/aviator-slotgame.com\/#\/schema\/logo\/image\/\",\"url\":\"https:\/\/aviator-slotgame.com\/wp-content\/uploads\/16f5e8_dade544d4623411c9c4153c639aae85amv2.webp\",\"contentUrl\":\"https:\/\/aviator-slotgame.com\/wp-content\/uploads\/16f5e8_dade544d4623411c9c4153c639aae85amv2.webp\",\"width\":400,\"height\":300,\"caption\":\"Aviator\"},\"image\":{\"@id\":\"https:\/\/aviator-slotgame.com\/#\/schema\/logo\/image\/\"}}]}<\/script>\n<!-- \/ Yoast SEO plugin. -->","yoast_head_json":{"title":"\u0427\u0430\u0441\u0442\u043e \u0437\u0430\u0434\u0430\u0432\u0430\u0435\u043c\u044b\u0435 \u0432\u043e\u043f\u0440\u043e\u0441\u044b \u043e\u0431 \u0438\u0433\u0440\u0435 \u0410\u0432\u0438\u0430\u0442\u043e\u0440 \u2014 FAQ \u043e \u043a\u0440\u0430\u0448-\u0441\u043b\u043e\u0442\u0435","description":"\u0423\u0437\u043d\u0430\u0439\u0442\u0435 \u043e\u0442\u0432\u0435\u0442\u044b \u043d\u0430 \u0447\u0430\u0441\u0442\u043e \u0437\u0430\u0434\u0430\u0432\u0430\u0435\u043c\u044b\u0435 \u0432\u043e\u043f\u0440\u043e\u0441\u044b \u043e\u0431 \u0438\u0433\u0440\u0435 \u0410\u0432\u0438\u0430\u0442\u043e\u0440: \u043a\u0430\u043a \u0438\u0433\u0440\u0430\u0442\u044c, \u043f\u0440\u043e \u0441\u0442\u0430\u0432\u043a\u0438, \u043e\u0431 RTP,\u043e \u0432\u044b\u0432\u043e\u0434\u0435 \u0434\u0435\u043d\u0435\u0433 \u0438 \u043a\u0430\u043a \u0431\u0435\u0437\u043e\u043f\u0430\u0441\u043d\u043e \u0438\u0433\u0440\u0430\u0442\u044c \u0432 \u043a\u0440\u0430\u0448-\u0441\u043b\u043e\u0442 \u043d\u0430 \u0434\u0435\u043d\u044c\u0433\u0438 \u0432 \u043a\u0430\u0437\u0438\u043d\u043e.","robots":{"index":"index","follow":"follow","max-snippet":"max-snippet:-1","max-image-preview":"max-image-preview:large","max-video-preview":"max-video-preview:-1"},"canonical":"https:\/\/aviator-slotgame.com\/sk\/faq\/","og_locale":"sk_SK","og_type":"article","og_title":"\u0427\u0430\u0441\u0442\u043e \u0437\u0430\u0434\u0430\u0432\u0430\u0435\u043c\u044b\u0435 \u0432\u043e\u043f\u0440\u043e\u0441\u044b \u043e\u0431 \u0438\u0433\u0440\u0435 \u0410\u0432\u0438\u0430\u0442\u043e\u0440 \u2014 FAQ \u043e \u043a\u0440\u0430\u0448-\u0441\u043b\u043e\u0442\u0435","og_description":"\u0423\u0437\u043d\u0430\u0439\u0442\u0435 \u043e\u0442\u0432\u0435\u0442\u044b \u043d\u0430 \u0447\u0430\u0441\u0442\u043e \u0437\u0430\u0434\u0430\u0432\u0430\u0435\u043c\u044b\u0435 \u0432\u043e\u043f\u0440\u043e\u0441\u044b \u043e\u0431 \u0438\u0433\u0440\u0435 \u0410\u0432\u0438\u0430\u0442\u043e\u0440: \u043a\u0430\u043a \u0438\u0433\u0440\u0430\u0442\u044c, \u043f\u0440\u043e \u0441\u0442\u0430\u0432\u043a\u0438, \u043e\u0431 RTP,\u043e \u0432\u044b\u0432\u043e\u0434\u0435 \u0434\u0435\u043d\u0435\u0433 \u0438 \u043a\u0430\u043a \u0431\u0435\u0437\u043e\u043f\u0430\u0441\u043d\u043e \u0438\u0433\u0440\u0430\u0442\u044c \u0432 \u043a\u0440\u0430\u0448-\u0441\u043b\u043e\u0442 \u043d\u0430 \u0434\u0435\u043d\u044c\u0433\u0438 \u0432 \u043a\u0430\u0437\u0438\u043d\u043e.","og_url":"https:\/\/aviator-slotgame.com\/sk\/faq\/","og_site_name":"Aviator","article_modified_time":"2024-10-03T22:45:15+00:00","twitter_card":"summary_large_image","twitter_misc":{"Predpokladan\u00fd \u010das \u010d\u00edtania":"3 min\u00faty"},"schema":{"@context":"https:\/\/schema.org","@graph":[{"@type":"WebPage","@id":"https:\/\/aviator-slotgame.com\/faq\/","url":"https:\/\/aviator-slotgame.com\/faq\/","name":"\u0427\u0430\u0441\u0442\u043e \u0437\u0430\u0434\u0430\u0432\u0430\u0435\u043c\u044b\u0435 \u0432\u043e\u043f\u0440\u043e\u0441\u044b \u043e\u0431 \u0438\u0433\u0440\u0435 \u0410\u0432\u0438\u0430\u0442\u043e\u0440 \u2014 FAQ \u043e \u043a\u0440\u0430\u0448-\u0441\u043b\u043e\u0442\u0435","isPartOf":{"@id":"https:\/\/aviator-slotgame.com\/#website"},"datePublished":"2024-09-06T15:05:30+00:00","dateModified":"2024-10-03T22:45:15+00:00","description":"\u0423\u0437\u043d\u0430\u0439\u0442\u0435 \u043e\u0442\u0432\u0435\u0442\u044b \u043d\u0430 \u0447\u0430\u0441\u0442\u043e \u0437\u0430\u0434\u0430\u0432\u0430\u0435\u043c\u044b\u0435 \u0432\u043e\u043f\u0440\u043e\u0441\u044b \u043e\u0431 \u0438\u0433\u0440\u0435 \u0410\u0432\u0438\u0430\u0442\u043e\u0440: \u043a\u0430\u043a \u0438\u0433\u0440\u0430\u0442\u044c, \u043f\u0440\u043e \u0441\u0442\u0430\u0432\u043a\u0438, \u043e\u0431 RTP,\u043e \u0432\u044b\u0432\u043e\u0434\u0435 \u0434\u0435\u043d\u0435\u0433 \u0438 \u043a\u0430\u043a \u0431\u0435\u0437\u043e\u043f\u0430\u0441\u043d\u043e \u0438\u0433\u0440\u0430\u0442\u044c \u0432 \u043a\u0440\u0430\u0448-\u0441\u043b\u043e\u0442 \u043d\u0430 \u0434\u0435\u043d\u044c\u0433\u0438 \u0432 \u043a\u0430\u0437\u0438\u043d\u043e.","breadcrumb":{"@id":"https:\/\/aviator-slotgame.com\/faq\/#breadcrumb"},"inLanguage":"sk-SK","potentialAction":[{"@type":"ReadAction","target":["https:\/\/aviator-slotgame.com\/faq\/"]}]},{"@type":"BreadcrumbList","@id":"https:\/\/aviator-slotgame.com\/faq\/#breadcrumb","itemListElement":[{"@type":"ListItem","position":1,"name":"Home","item":"https:\/\/aviator-slotgame.com\/"},{"@type":"ListItem","position":2,"name":"FAQ \u043e\u0431 \u0438\u0433\u0440\u0435 Aviator &#8211; \u041e\u0442\u0432\u0435\u0442\u044b \u043d\u0430 \u043f\u043e\u043f\u0443\u043b\u044f\u0440\u043d\u044b\u0435 \u0432\u043e\u043f\u0440\u043e\u0441\u044b \u043e \u0438\u0433\u0440\u0435"}]},{"@type":"WebSite","@id":"https:\/\/aviator-slotgame.com\/#website","url":"https:\/\/aviator-slotgame.com\/","name":"Aviator","description":"","publisher":{"@id":"https:\/\/aviator-slotgame.com\/#organization"},"potentialAction":[{"@type":"SearchAction","target":{"@type":"EntryPoint","urlTemplate":"https:\/\/aviator-slotgame.com\/?s={search_term_string}"},"query-input":"required name=search_term_string"}],"inLanguage":"sk-SK"},{"@type":"Organization","@id":"https:\/\/aviator-slotgame.com\/#organization","name":"Aviator","url":"https:\/\/aviator-slotgame.com\/","logo":{"@type":"ImageObject","inLanguage":"sk-SK","@id":"https:\/\/aviator-slotgame.com\/#\/schema\/logo\/image\/","url":"https:\/\/aviator-slotgame.com\/wp-content\/uploads\/16f5e8_dade544d4623411c9c4153c639aae85amv2.webp","contentUrl":"https:\/\/aviator-slotgame.com\/wp-content\/uploads\/16f5e8_dade544d4623411c9c4153c639aae85amv2.webp","width":400,"height":300,"caption":"Aviator"},"image":{"@id":"https:\/\/aviator-slotgame.com\/#\/schema\/logo\/image\/"}}]}},"amp_enabled":true,"_links":{"self":[{"href":"https:\/\/aviator-slotgame.com\/sk\/wp-json\/wp\/v2\/pages\/271","targetHints":{"allow":["GET"]}}],"collection":[{"href":"https:\/\/aviator-slotgame.com\/sk\/wp-json\/wp\/v2\/pages"}],"about":[{"href":"https:\/\/aviator-slotgame.com\/sk\/wp-json\/wp\/v2\/types\/page"}],"author":[{"embeddable":true,"href":"https:\/\/aviator-slotgame.com\/sk\/wp-json\/wp\/v2\/users\/1"}],"replies":[{"embeddable":true,"href":"https:\/\/aviator-slotgame.com\/sk\/wp-json\/wp\/v2\/comments?post=271"}],"version-history":[{"count":8,"href":"https:\/\/aviator-slotgame.com\/sk\/wp-json\/wp\/v2\/pages\/271\/revisions"}],"predecessor-version":[{"id":407,"href":"https:\/\/aviator-slotgame.com\/sk\/wp-json\/wp\/v2\/pages\/271\/revisions\/407"}],"wp:attachment":[{"href":"https:\/\/aviator-slotgame.com\/sk\/wp-json\/wp\/v2\/media?parent=271"}],"curies":[{"name":"wp","href":"https:\/\/api.w.org\/{rel}","templated":true}]}}