{"id":29,"date":"2024-01-31T12:59:48","date_gmt":"2024-01-31T12:59:48","guid":{"rendered":"https:\/\/aviator-slotgame.com\/?page_id=29"},"modified":"2024-10-04T00:04:28","modified_gmt":"2024-10-04T00:04:28","slug":"aviator-by-spribe","status":"publish","type":"page","link":"https:\/\/aviator-slotgame.com\/sk\/online-kasina-s-aviator-od-spribe-2\/","title":{"rendered":"Online kas\u00edno s Aviatorom od Spribe"},"content":{"rendered":"<div class=\"22e38d40fed8e62063cfa036dcf17289\" data-index=\"1\" style=\"float: none; margin:10px 0 10px 0; text-align:center;\">\n<div class=\"custom-play-button\">\r\n<center><a href=\"https:\/\/aviator-slotgame.com\/sk\/play-game\/\" rel=\"nofollow\" target=\"_blank\">Hra\u0165 teraz<\/a><br><\/center>\r\n<\/div>\n<\/div>\n<p>H\u013ead\u00e1te online kas\u00edna, ktor\u00e9 pon\u00fakaj\u00fa Aviator? Ste na spr\u00e1vnom mieste!<\/p>\n<p>Hranie v online kas\u00edne m\u00f4\u017ee by\u0165 vzru\u0161uj\u00facim a z\u00e1bavn\u00fdm z\u00e1\u017eitkom. Aviator pon\u00faka plynul\u00e9 hranie, skvel\u00fa grafiku a bonusy. V najlep\u0161\u00edch online kas\u00ednach, ktor\u00e9 pon\u00fakaj\u00fa t\u00fato hru, m\u00f4\u017eete o\u010dak\u00e1va\u0165 jednoduch\u00e9 vklady a v\u00fdbery, podmienky bezpe\u010dn\u00e9ho hrania, 24\/7 z\u00e1kazn\u00edcku podporu a \u0161irok\u00fa \u0161k\u00e1lu hier, z ktor\u00fdch si m\u00f4\u017eete vybra\u0165.<\/p>\n<p>Pri hran\u00ed v online kas\u00edne o skuto\u010dn\u00e9 peniaze alebo kryptomenu je d\u00f4le\u017eit\u00e9 uisti\u0165 sa, \u017ee online kas\u00edno je d\u00f4veryhodn\u00e9. Pom\u00f4\u017eeme v\u00e1m rozhodn\u00fa\u0165 sa, ktor\u00e9 online kas\u00edno je pre va\u0161e potreby Aviator najlep\u0161ie. Pod\u013ea tohto sprievodcu \u013eahko n\u00e1jdete online kas\u00edna, ktor\u00e9 pon\u00fakaj\u00fa Aviator, a m\u00f4\u017eete si hne\u010f za\u010da\u0165 u\u017e\u00edva\u0165 vynikaj\u00face online hry!<\/p>\n<p><img loading=\"lazy\" decoding=\"async\" class=\"alignnone size-full wp-image-209\" title=\"Letec od Spribe\" src=\"https:\/\/aviator-slotgame.com\/wp-content\/uploads\/aviator-2.png\" alt=\"Letec od Spribe\" width=\"800\" height=\"445\" srcset=\"https:\/\/aviator-slotgame.com\/wp-content\/uploads\/aviator-2.png 800w, https:\/\/aviator-slotgame.com\/wp-content\/uploads\/aviator-2-300x167.png 300w, https:\/\/aviator-slotgame.com\/wp-content\/uploads\/aviator-2-768x427.png 768w, https:\/\/aviator-slotgame.com\/wp-content\/uploads\/aviator-2-18x10.png 18w\" sizes=\"auto, (max-width: 800px) 100vw, 800px\" \/><\/p><div class=\"22e38d40fed8e62063cfa036dcf17289\" data-index=\"1\" style=\"float: none; margin:10px 0 10px 0; text-align:center;\">\n<div class=\"custom-play-button\">\r\n<center><a href=\"https:\/\/aviator-slotgame.com\/sk\/play-game\/\" rel=\"nofollow\" target=\"_blank\">Hra\u0165 teraz<\/a><br><\/center>\r\n<\/div>\n<\/div>\n\n<h2>V\u00fdber online kas\u00edna na hranie Aviator<\/h2>\n<p>Tu je zoznam ot\u00e1zok, ktor\u00e9 je potrebn\u00e9 zv\u00e1\u017ei\u0165 pri v\u00fdbere str\u00e1nky kas\u00edna:<\/p>\n<ul>\n<li>M\u00e1 str\u00e1nka dobr\u00fa poves\u0165 medzi hr\u00e1\u010dmi?<\/li>\n<li>Je Aviator dostupn\u00fd na tejto str\u00e1nke?<\/li>\n<li>M\u00e1 toto kas\u00edno licenciu na prev\u00e1dzku vo va\u0161ej krajine?<\/li>\n<li>Akceptuje online kas\u00edno va\u0161u preferovan\u00fa menu?<\/li>\n<li>Ak chcete pou\u017e\u00edva\u0165 kryptomenu, akceptuj\u00fa va\u0161u ob\u013e\u00faben\u00fa mincu?<\/li>\n<li>Ak\u00e9 uv\u00edtacie bonusy s\u00fa dostupn\u00e9 pre nov\u00fdch hr\u00e1\u010dov online kas\u00edna?<\/li>\n<\/ul>\n<h3>Najlep\u0161ie uv\u00edtacie bonusy pre hr\u00e1\u010dov Aviator<\/h3>\n<p>Najlep\u0161\u00ed uv\u00edtac\u00ed bonus kas\u00edna pon\u00fakne nov\u00fdm hr\u00e1\u010dom rovnak\u00fd kredit str\u00e1nky pri ich prvom vklade, ako aj bal\u00ed\u010dek bezplatn\u00fdch zato\u010den\u00ed! Pred registr\u00e1ciou si ur\u010dite pre\u010d\u00edtajte podmienky online kas\u00edna.<\/p>\n<p>V neposlednom rade sa nezabudnite bavi\u0165! Hranie v online kas\u00edne by malo by\u0165 z\u00e1bavn\u00e9. Urobte si \u010das, urobte nieko\u013eko testovac\u00edch j\u00e1zd a potom si vychutnajte vzru\u0161enie z hry Aviator! Ve\u013ea \u0161tastia!<\/p>\n<table>\n<tbody>\n<tr>\n<td><strong>V\u00cdTAJTE BONUSOV\u00c9 PONUKY<\/strong><\/td>\n<\/tr>\n<tr>\n<td><strong>Prv\u00fd vkladov\u00fd \u00faver<\/strong><\/td>\n<td>150% alebo vy\u0161\u0161\u00ed<\/td>\n<\/tr>\n<tr>\n<td><strong>Maxim\u00e1lny bonus<\/strong><\/td>\n<td>Nie menej ako 25 000 \u20b9<\/td>\n<\/tr>\n<tr>\n<td><strong>Zato\u010denia zadarmo<\/strong><\/td>\n<td>150+ rozto\u010den\u00ed zadarmo<\/td>\n<\/tr>\n<\/tbody>\n<\/table>\n<p><img loading=\"lazy\" decoding=\"async\" class=\"alignnone size-full wp-image-363\" src=\"https:\/\/aviator-slotgame.com\/wp-content\/uploads\/Aviator-32-800-x-600-\u043f\u0438\u043a\u0441.jpg\" alt=\"Online kas\u00edno v hre Aviator\" width=\"800\" height=\"600\" srcset=\"https:\/\/aviator-slotgame.com\/wp-content\/uploads\/Aviator-32-800-x-600-\u043f\u0438\u043a\u0441.jpg 800w, https:\/\/aviator-slotgame.com\/wp-content\/uploads\/Aviator-32-800-x-600-\u043f\u0438\u043a\u0441-300x225.jpg 300w, https:\/\/aviator-slotgame.com\/wp-content\/uploads\/Aviator-32-800-x-600-\u043f\u0438\u043a\u0441-768x576.jpg 768w, https:\/\/aviator-slotgame.com\/wp-content\/uploads\/Aviator-32-800-x-600-\u043f\u0438\u043a\u0441-16x12.jpg 16w\" sizes=\"auto, (max-width: 800px) 100vw, 800px\" \/><\/p>\n<h2 id=\"h-online-cryptocurrency-casinos\">Online kas\u00edna s kryptomenou<\/h2>\n<p>Po\u010diato\u010dn\u00e1 popularita Aviator poch\u00e1dza zo sveta kryptomenov\u00fdch kas\u00edn. Jeho n\u00edzka \u00farove\u0148 a r\u00fdchle tempo hry z neho urobili ob\u013e\u00faben\u00e9ho medzi hr\u00e1\u010dmi krypto automatov po celom svete. Soci\u00e1lny multiplayer a konkuren\u010dn\u00e9 aspekty navy\u0161e robia hru perfektnou s\u00fa\u010das\u0165ou krypto komun\u00edt.<\/p>\n<p>Ak h\u013ead\u00e1te online kas\u00edno, ktor\u00e9 podporuje kryptomenu, potom je potrebn\u00e9 ma\u0165 na pam\u00e4ti nieko\u013eko vec\u00ed.<\/p>\n<figure class=\"wp-block-table\">\n<table>\n<tbody>\n<tr>\n<td><strong>BE\u017dNE PRIJ\u00cdMAN\u00c9 KRYPTOMENY V KAS\u00cdN\u00c1CH<\/strong><\/td>\n<\/tr>\n<tr>\n<td><strong>Bitcoin (BTC)<\/strong><\/td>\n<\/tr>\n<tr>\n<td><strong>Ethereum (ETH)<\/strong><\/td>\n<\/tr>\n<tr>\n<td><strong>Bitcoin Cash (BCH)<\/strong><\/td>\n<\/tr>\n<tr>\n<td><strong>Litecoin (LTC)<\/strong><\/td>\n<\/tr>\n<tr>\n<td><strong>dogecoin (DOGE)<\/strong><\/td>\n<\/tr>\n<\/tbody>\n<\/table>\n<\/figure>\n<p><img loading=\"lazy\" decoding=\"async\" class=\"alignnone size-full wp-image-356\" src=\"https:\/\/aviator-slotgame.com\/wp-content\/uploads\/Aviator-29-800-x-600-\u043f\u0438\u043a\u0441-1.jpg\" alt=\"Platba kryptomenami v online kas\u00ednach\" width=\"800\" height=\"600\" srcset=\"https:\/\/aviator-slotgame.com\/wp-content\/uploads\/Aviator-29-800-x-600-\u043f\u0438\u043a\u0441-1.jpg 800w, https:\/\/aviator-slotgame.com\/wp-content\/uploads\/Aviator-29-800-x-600-\u043f\u0438\u043a\u0441-1-300x225.jpg 300w, https:\/\/aviator-slotgame.com\/wp-content\/uploads\/Aviator-29-800-x-600-\u043f\u0438\u043a\u0441-1-768x576.jpg 768w, https:\/\/aviator-slotgame.com\/wp-content\/uploads\/Aviator-29-800-x-600-\u043f\u0438\u043a\u0441-1-16x12.jpg 16w\" sizes=\"auto, (max-width: 800px) 100vw, 800px\" \/><\/p>\n<h2 id=\"h-the-social-experience\">Soci\u00e1lna sk\u00fasenos\u0165<\/h2>\n<p>V Aviatore m\u00f4\u017eete chatova\u0165 s ostatn\u00fdmi hr\u00e1\u010dmi v re\u00e1lnom \u010dase, nastavi\u0165 si vlastn\u00fa profilov\u00fa fotografiu, prezera\u0165 si vz\u00e1jomn\u00e9 st\u00e1vky a pochv\u00e1li\u0165 sa svojimi najvy\u0161\u0161\u00edmi v\u00fdhrami! A to v\u0161etko online!<\/p>\n<p>Len m\u00e1lo hier podobn\u00fdch automatom pon\u00faka hr\u00e1\u010dom mo\u017enos\u0165 komunikova\u0165 a sledova\u0165 vz\u00e1jomn\u00e9 st\u00e1vky ako Aviator. Pocit online hrania pre viacer\u00fdch hr\u00e1\u010dov je vo svete kas\u00edn, kde s\u00fa \u013eudia \u010dasto izolovan\u00ed a to\u010d\u00ed svoje ob\u013e\u00faben\u00e9 valce sami, vz\u00e1cny. V be\u017enom kas\u00edne m\u00f4\u017eete by\u0165 osamel\u00ed, ale na str\u00e1nkach je to 100-kr\u00e1t jednoduch\u0161ie.<\/p>\n<p><img loading=\"lazy\" decoding=\"async\" class=\"alignnone size-full wp-image-365\" src=\"https:\/\/aviator-slotgame.com\/wp-content\/uploads\/Aviator-33-800-x-600-\u043f\u0438\u043a\u0441.jpg\" alt=\"Soci\u00e1lna sk\u00fasenos\u0165 v letectve\" width=\"800\" height=\"600\" srcset=\"https:\/\/aviator-slotgame.com\/wp-content\/uploads\/Aviator-33-800-x-600-\u043f\u0438\u043a\u0441.jpg 800w, https:\/\/aviator-slotgame.com\/wp-content\/uploads\/Aviator-33-800-x-600-\u043f\u0438\u043a\u0441-300x225.jpg 300w, https:\/\/aviator-slotgame.com\/wp-content\/uploads\/Aviator-33-800-x-600-\u043f\u0438\u043a\u0441-768x576.jpg 768w, https:\/\/aviator-slotgame.com\/wp-content\/uploads\/Aviator-33-800-x-600-\u043f\u0438\u043a\u0441-16x12.jpg 16w\" sizes=\"auto, (max-width: 800px) 100vw, 800px\" \/><\/p>\n<h2 id=\"h-aviator-mobile-devices\">Mobiln\u00e9 zariadenia Aviator<\/h2>\n<p>Ak va\u0161a ob\u013e\u00faben\u00e1 str\u00e1nka kas\u00edna pon\u00faka mobiln\u00fa verziu svojej str\u00e1nky alebo \u0161pecializovan\u00fa aplik\u00e1ciu, m\u00f4\u017eete hra\u0165 Aviator online odkia\u013eko\u013evek, kde m\u00e1te mobiln\u00e9 slu\u017eby. Mo\u017eno ste na pl\u00e1\u017ei alebo na gau\u010di. Alebo mo\u017eno stoj\u00edte v rade na rann\u00fa k\u00e1vu a chcete stavi\u0165 na p\u00e1r letov na po\u010dkanie.<\/p>\n<p>To je skvel\u00e1 spr\u00e1va, ak hr\u00e1te Aviator \u2013 hra je optimalizovan\u00e1 pre obrazovky smartf\u00f3nov a hr\u00e1 sa perfektne na opera\u010dn\u00fdch syst\u00e9moch Android aj iOS. A v\u010faka pohodln\u00fdm ovl\u00e1dac\u00edm prvkom m\u00f4\u017eete jednoducho umiestni\u0165 st\u00e1vku, klikn\u00fa\u0165 na tla\u010didlo \u201eVybra\u0165\u201c a vybra\u0165 si svoje v\u00fdhry odkia\u013eko\u013evek!<\/p>\n<p><img loading=\"lazy\" decoding=\"async\" class=\"alignnone size-full wp-image-367\" src=\"https:\/\/aviator-slotgame.com\/wp-content\/uploads\/Aviator-34-800-x-600-\u043f\u0438\u043a\u0441.jpg\" alt=\"Zahrajte si Aviator na telef\u00f3noch\" width=\"800\" height=\"600\" srcset=\"https:\/\/aviator-slotgame.com\/wp-content\/uploads\/Aviator-34-800-x-600-\u043f\u0438\u043a\u0441.jpg 800w, https:\/\/aviator-slotgame.com\/wp-content\/uploads\/Aviator-34-800-x-600-\u043f\u0438\u043a\u0441-300x225.jpg 300w, https:\/\/aviator-slotgame.com\/wp-content\/uploads\/Aviator-34-800-x-600-\u043f\u0438\u043a\u0441-768x576.jpg 768w, https:\/\/aviator-slotgame.com\/wp-content\/uploads\/Aviator-34-800-x-600-\u043f\u0438\u043a\u0441-16x12.jpg 16w\" sizes=\"auto, (max-width: 800px) 100vw, 800px\" \/><\/p>\n<h2 id=\"h-the-bottom-line\">Spodn\u00e1 \u010diara<\/h2>\n<p>Ak h\u013ead\u00e1te vzru\u0161uj\u00face a nov\u00e9 online kas\u00edno, neh\u013eadajte ni\u010d in\u00e9 ako Aviator od Spribe. S n\u00edzkymi st\u00e1vkami a jednoduch\u00fdmi pravidlami m\u00e1 toto kas\u00edno nie\u010do pre ka\u017ed\u00e9ho. Navy\u0161e so soci\u00e1lnym aspektom a podporou kryptomien m\u00f4\u017ee Aviator posun\u00fa\u0165 va\u0161e online vzru\u0161enie na \u010fal\u0161iu \u00farove\u0148! Na \u010do \u010dak\u00e1\u0161? Vysk\u00fa\u0161ajte to e\u0161te dnes a zistite, pre\u010do je to jedna z najhor\u00facej\u0161\u00edch nov\u00fdch hier v meste!<\/p>\n<p>Maj dobr\u00fd let!<\/p>\n<p><img loading=\"lazy\" decoding=\"async\" class=\"alignnone size-full wp-image-369\" src=\"https:\/\/aviator-slotgame.com\/wp-content\/uploads\/Aviator-35-800-x-600-\u043f\u0438\u043a\u0441.jpg\" alt=\"V\u00fdsledky\" width=\"800\" height=\"600\" srcset=\"https:\/\/aviator-slotgame.com\/wp-content\/uploads\/Aviator-35-800-x-600-\u043f\u0438\u043a\u0441.jpg 800w, https:\/\/aviator-slotgame.com\/wp-content\/uploads\/Aviator-35-800-x-600-\u043f\u0438\u043a\u0441-300x225.jpg 300w, https:\/\/aviator-slotgame.com\/wp-content\/uploads\/Aviator-35-800-x-600-\u043f\u0438\u043a\u0441-768x576.jpg 768w, https:\/\/aviator-slotgame.com\/wp-content\/uploads\/Aviator-35-800-x-600-\u043f\u0438\u043a\u0441-16x12.jpg 16w\" sizes=\"auto, (max-width: 800px) 100vw, 800px\" \/><\/p>\n<h2 id=\"h-frequently-asked-questions-faq\">\u010casto kladen\u00e9 ot\u00e1zky (FAQ)<\/h2>\n<h3 id=\"h-is-aviator-legal\">Je hra Aviator leg\u00e1lna?<\/h3>\n<p>\u00c1no. Aviator je leg\u00e1lny 100%. Online kas\u00edna, ktor\u00e9 pon\u00fakaj\u00fa t\u00fato hru, s\u00fa tie\u017e leg\u00e1lne, licencovan\u00e9 a regulovan\u00e9 pr\u00edslu\u0161n\u00fdmi vl\u00e1dnymi org\u00e1nmi vo svojich regi\u00f3noch.<\/p>\n<h3 id=\"h-who-makes-aviator\">Kto vyr\u00e1ba letec?<\/h3>\n<p>Aviator vytvoril Spribe.<\/p>\n<p>Spribe podporuje a vyv\u00edja \u0161irok\u00fa \u0161k\u00e1lu online hier pre str\u00e1nky po celom svete.<\/p>\n<h3 id=\"h-are-online-casinos-rigged\">S\u00fa online kas\u00edna podvody?<\/h3>\n<p>Ak si na hranie vyberiete renomovan\u00e9, licencovan\u00e9 str\u00e1nky, potom v\u00f4bec NIE s\u00fa sfal\u0161ovan\u00e9.<\/p>\n<h3 id=\"h-is-aviator-fair\">Je letec \u010destn\u00fd?<\/h3>\n<p>Je \u013eahk\u00e9 by\u0165 podozriv\u00fd z online hazardn\u00fdch hier. Rozumieme. Ale Aviator je najf\u00e9rovej\u0161ia a najtransparentnej\u0161ia kas\u00ednov\u00e1 hra na celom trhu.<\/p>\n<p>Spribe pou\u017e\u00edva to, \u010do naz\u00fdva Preuk\u00e1zate\u013ene spravodliv\u00e1 technol\u00f3gia, aby zabezpe\u010dila, \u017ee ka\u017ed\u00e9 kolo bude \u00faplne n\u00e1hodn\u00e9 a spravodliv\u00e9. Ak hr\u00e1te niektor\u00fa zo \u017eiv\u00fdch hier, tieto inform\u00e1cie zobraz\u00edte kliknut\u00edm na ikonu zelen\u00e9ho \u0161t\u00edtu v spodnej \u010dasti obrazovky alebo ved\u013ea va\u0161ej st\u00e1vky.<\/p>\n\n<div style=\"font-size: 0px; height: 0px; line-height: 0px; margin: 0; padding: 0; clear: both;\"><\/div>","protected":false},"excerpt":{"rendered":"<p>H\u013ead\u00e1te online kas\u00edna, ktor\u00e9 pon\u00fakaj\u00fa Aviator? Ste na spr\u00e1vnom mieste! Hranie v online kas\u00edne m\u00f4\u017ee by\u0165 vzru\u0161uj\u00face a z\u00e1bavn\u00e9<\/p>","protected":false},"author":1,"featured_media":0,"parent":0,"menu_order":0,"comment_status":"closed","ping_status":"closed","template":"","meta":{"footnotes":""},"class_list":["post-29","page","type-page","status-publish","hentry"],"yoast_head":"<!-- This site is optimized with the Yoast SEO plugin v22.0 - https:\/\/yoast.com\/wordpress\/plugins\/seo\/ -->\n<title>Aviator \u043e\u0442 Spribe \u2013 \u041f\u043e\u043f\u0443\u043b\u044f\u0440\u043d\u0430\u044f \u0438\u0433\u0440\u0430 \u0441 \u0432\u044b\u0441\u043e\u043a\u0438\u043c\u0438 \u0432\u044b\u0438\u0433\u0440\u044b\u0448\u0430\u043c\u0438<\/title>\n<meta name=\"description\" content=\"\u041a\u0440\u0430\u0448-\u0438\u0433\u0440\u0430 \u0410\u0432\u0438\u0430\u0442\u043e\u0440 \u043e\u0442 Spribe \u2013 \u043b\u0443\u0447\u0448\u0438\u0439 \u0441\u043b\u043e\u0442 \u0434\u043b\u044f \u0430\u0437\u0430\u0440\u0442\u043d\u044b\u0445 \u0438\u0433\u0440\u043e\u043a\u043e\u0432. \u0421\u043b\u0435\u0434\u0438 \u0437\u0430 \u0441\u0430\u043c\u043e\u043b\u0435\u0442\u043e\u043c \u0438 \u0438\u0433\u0440\u0430\u0439 \u043d\u0430 \u0434\u0435\u043d\u044c\u0433\u0438 \u0432 \u043e\u043d\u043b\u0430\u0439\u043d \u043a\u0430\u0437\u0438\u043d\u043e, \u0438\u0433\u0440\u0430\u0439 \u0441 \u043c\u043e\u0431\u0438\u043b\u044c\u043d\u043e\u0433\u043e \u0438\u043b\u0438 \u0441\u043a\u0430\u0447\u0430\u0439 \u043d\u0430 \u0442\u0435\u043b\u0435\u0444\u043e\u043d.\" \/>\n<meta name=\"robots\" content=\"index, follow, max-snippet:-1, max-image-preview:large, max-video-preview:-1\" \/>\n<link rel=\"canonical\" href=\"https:\/\/aviator-slotgame.com\/sk\/online-kasina-s-aviator-od-spribe-2\/\" \/>\n<meta property=\"og:locale\" content=\"sk_SK\" \/>\n<meta property=\"og:type\" content=\"article\" \/>\n<meta property=\"og:title\" content=\"Aviator \u043e\u0442 Spribe \u2013 \u041f\u043e\u043f\u0443\u043b\u044f\u0440\u043d\u0430\u044f \u0438\u0433\u0440\u0430 \u0441 \u0432\u044b\u0441\u043e\u043a\u0438\u043c\u0438 \u0432\u044b\u0438\u0433\u0440\u044b\u0448\u0430\u043c\u0438\" \/>\n<meta property=\"og:description\" content=\"\u041a\u0440\u0430\u0448-\u0438\u0433\u0440\u0430 \u0410\u0432\u0438\u0430\u0442\u043e\u0440 \u043e\u0442 Spribe \u2013 \u043b\u0443\u0447\u0448\u0438\u0439 \u0441\u043b\u043e\u0442 \u0434\u043b\u044f \u0430\u0437\u0430\u0440\u0442\u043d\u044b\u0445 \u0438\u0433\u0440\u043e\u043a\u043e\u0432. \u0421\u043b\u0435\u0434\u0438 \u0437\u0430 \u0441\u0430\u043c\u043e\u043b\u0435\u0442\u043e\u043c \u0438 \u0438\u0433\u0440\u0430\u0439 \u043d\u0430 \u0434\u0435\u043d\u044c\u0433\u0438 \u0432 \u043e\u043d\u043b\u0430\u0439\u043d \u043a\u0430\u0437\u0438\u043d\u043e, \u0438\u0433\u0440\u0430\u0439 \u0441 \u043c\u043e\u0431\u0438\u043b\u044c\u043d\u043e\u0433\u043e \u0438\u043b\u0438 \u0441\u043a\u0430\u0447\u0430\u0439 \u043d\u0430 \u0442\u0435\u043b\u0435\u0444\u043e\u043d.\" \/>\n<meta property=\"og:url\" content=\"https:\/\/aviator-slotgame.com\/sk\/online-kasina-s-aviator-od-spribe-2\/\" \/>\n<meta property=\"og:site_name\" content=\"Aviator\" \/>\n<meta property=\"article:modified_time\" content=\"2024-10-04T00:04:28+00:00\" \/>\n<meta property=\"og:image\" content=\"https:\/\/aviator-slotgame.com\/wp-content\/uploads\/aviator-2.png\" \/>\n<meta name=\"twitter:card\" content=\"summary_large_image\" \/>\n<meta name=\"twitter:label1\" content=\"Predpokladan\u00fd \u010das \u010d\u00edtania\" \/>\n\t<meta name=\"twitter:data1\" content=\"5 min\u00fat\" \/>\n<script type=\"application\/ld+json\" class=\"yoast-schema-graph\">{\"@context\":\"https:\/\/schema.org\",\"@graph\":[{\"@type\":\"WebPage\",\"@id\":\"https:\/\/aviator-slotgame.com\/aviator-by-spribe\/\",\"url\":\"https:\/\/aviator-slotgame.com\/aviator-by-spribe\/\",\"name\":\"Aviator \u043e\u0442 Spribe \u2013 \u041f\u043e\u043f\u0443\u043b\u044f\u0440\u043d\u0430\u044f \u0438\u0433\u0440\u0430 \u0441 \u0432\u044b\u0441\u043e\u043a\u0438\u043c\u0438 \u0432\u044b\u0438\u0433\u0440\u044b\u0448\u0430\u043c\u0438\",\"isPartOf\":{\"@id\":\"https:\/\/aviator-slotgame.com\/#website\"},\"datePublished\":\"2024-01-31T12:59:48+00:00\",\"dateModified\":\"2024-10-04T00:04:28+00:00\",\"description\":\"\u041a\u0440\u0430\u0448-\u0438\u0433\u0440\u0430 \u0410\u0432\u0438\u0430\u0442\u043e\u0440 \u043e\u0442 Spribe \u2013 \u043b\u0443\u0447\u0448\u0438\u0439 \u0441\u043b\u043e\u0442 \u0434\u043b\u044f \u0430\u0437\u0430\u0440\u0442\u043d\u044b\u0445 \u0438\u0433\u0440\u043e\u043a\u043e\u0432. \u0421\u043b\u0435\u0434\u0438 \u0437\u0430 \u0441\u0430\u043c\u043e\u043b\u0435\u0442\u043e\u043c \u0438 \u0438\u0433\u0440\u0430\u0439 \u043d\u0430 \u0434\u0435\u043d\u044c\u0433\u0438 \u0432 \u043e\u043d\u043b\u0430\u0439\u043d \u043a\u0430\u0437\u0438\u043d\u043e, \u0438\u0433\u0440\u0430\u0439 \u0441 \u043c\u043e\u0431\u0438\u043b\u044c\u043d\u043e\u0433\u043e \u0438\u043b\u0438 \u0441\u043a\u0430\u0447\u0430\u0439 \u043d\u0430 \u0442\u0435\u043b\u0435\u0444\u043e\u043d.\",\"breadcrumb\":{\"@id\":\"https:\/\/aviator-slotgame.com\/aviator-by-spribe\/#breadcrumb\"},\"inLanguage\":\"sk-SK\",\"potentialAction\":[{\"@type\":\"ReadAction\",\"target\":[\"https:\/\/aviator-slotgame.com\/aviator-by-spribe\/\"]}]},{\"@type\":\"BreadcrumbList\",\"@id\":\"https:\/\/aviator-slotgame.com\/aviator-by-spribe\/#breadcrumb\",\"itemListElement\":[{\"@type\":\"ListItem\",\"position\":1,\"name\":\"Home\",\"item\":\"https:\/\/aviator-slotgame.com\/\"},{\"@type\":\"ListItem\",\"position\":2,\"name\":\"\u041e\u043d\u043b\u0430\u0439\u043d \u043a\u0430\u0437\u0438\u043d\u043e \u0441 \u0410\u0432\u0438\u0430\u0442\u043e\u0440\u043e\u043c \u043e\u0442 Spribe\"}]},{\"@type\":\"WebSite\",\"@id\":\"https:\/\/aviator-slotgame.com\/#website\",\"url\":\"https:\/\/aviator-slotgame.com\/\",\"name\":\"Aviator\",\"description\":\"\",\"publisher\":{\"@id\":\"https:\/\/aviator-slotgame.com\/#organization\"},\"potentialAction\":[{\"@type\":\"SearchAction\",\"target\":{\"@type\":\"EntryPoint\",\"urlTemplate\":\"https:\/\/aviator-slotgame.com\/?s={search_term_string}\"},\"query-input\":\"required name=search_term_string\"}],\"inLanguage\":\"sk-SK\"},{\"@type\":\"Organization\",\"@id\":\"https:\/\/aviator-slotgame.com\/#organization\",\"name\":\"Aviator\",\"url\":\"https:\/\/aviator-slotgame.com\/\",\"logo\":{\"@type\":\"ImageObject\",\"inLanguage\":\"sk-SK\",\"@id\":\"https:\/\/aviator-slotgame.com\/#\/schema\/logo\/image\/\",\"url\":\"https:\/\/aviator-slotgame.com\/wp-content\/uploads\/16f5e8_dade544d4623411c9c4153c639aae85amv2.webp\",\"contentUrl\":\"https:\/\/aviator-slotgame.com\/wp-content\/uploads\/16f5e8_dade544d4623411c9c4153c639aae85amv2.webp\",\"width\":400,\"height\":300,\"caption\":\"Aviator\"},\"image\":{\"@id\":\"https:\/\/aviator-slotgame.com\/#\/schema\/logo\/image\/\"}}]}<\/script>\n<!-- \/ Yoast SEO plugin. -->","yoast_head_json":{"title":"Aviator \u043e\u0442 Spribe \u2013 \u041f\u043e\u043f\u0443\u043b\u044f\u0440\u043d\u0430\u044f \u0438\u0433\u0440\u0430 \u0441 \u0432\u044b\u0441\u043e\u043a\u0438\u043c\u0438 \u0432\u044b\u0438\u0433\u0440\u044b\u0448\u0430\u043c\u0438","description":"\u041a\u0440\u0430\u0448-\u0438\u0433\u0440\u0430 \u0410\u0432\u0438\u0430\u0442\u043e\u0440 \u043e\u0442 Spribe \u2013 \u043b\u0443\u0447\u0448\u0438\u0439 \u0441\u043b\u043e\u0442 \u0434\u043b\u044f \u0430\u0437\u0430\u0440\u0442\u043d\u044b\u0445 \u0438\u0433\u0440\u043e\u043a\u043e\u0432. \u0421\u043b\u0435\u0434\u0438 \u0437\u0430 \u0441\u0430\u043c\u043e\u043b\u0435\u0442\u043e\u043c \u0438 \u0438\u0433\u0440\u0430\u0439 \u043d\u0430 \u0434\u0435\u043d\u044c\u0433\u0438 \u0432 \u043e\u043d\u043b\u0430\u0439\u043d \u043a\u0430\u0437\u0438\u043d\u043e, \u0438\u0433\u0440\u0430\u0439 \u0441 \u043c\u043e\u0431\u0438\u043b\u044c\u043d\u043e\u0433\u043e \u0438\u043b\u0438 \u0441\u043a\u0430\u0447\u0430\u0439 \u043d\u0430 \u0442\u0435\u043b\u0435\u0444\u043e\u043d.","robots":{"index":"index","follow":"follow","max-snippet":"max-snippet:-1","max-image-preview":"max-image-preview:large","max-video-preview":"max-video-preview:-1"},"canonical":"https:\/\/aviator-slotgame.com\/sk\/online-kasina-s-aviator-od-spribe-2\/","og_locale":"sk_SK","og_type":"article","og_title":"Aviator \u043e\u0442 Spribe \u2013 \u041f\u043e\u043f\u0443\u043b\u044f\u0440\u043d\u0430\u044f \u0438\u0433\u0440\u0430 \u0441 \u0432\u044b\u0441\u043e\u043a\u0438\u043c\u0438 \u0432\u044b\u0438\u0433\u0440\u044b\u0448\u0430\u043c\u0438","og_description":"\u041a\u0440\u0430\u0448-\u0438\u0433\u0440\u0430 \u0410\u0432\u0438\u0430\u0442\u043e\u0440 \u043e\u0442 Spribe \u2013 \u043b\u0443\u0447\u0448\u0438\u0439 \u0441\u043b\u043e\u0442 \u0434\u043b\u044f \u0430\u0437\u0430\u0440\u0442\u043d\u044b\u0445 \u0438\u0433\u0440\u043e\u043a\u043e\u0432. \u0421\u043b\u0435\u0434\u0438 \u0437\u0430 \u0441\u0430\u043c\u043e\u043b\u0435\u0442\u043e\u043c \u0438 \u0438\u0433\u0440\u0430\u0439 \u043d\u0430 \u0434\u0435\u043d\u044c\u0433\u0438 \u0432 \u043e\u043d\u043b\u0430\u0439\u043d \u043a\u0430\u0437\u0438\u043d\u043e, \u0438\u0433\u0440\u0430\u0439 \u0441 \u043c\u043e\u0431\u0438\u043b\u044c\u043d\u043e\u0433\u043e \u0438\u043b\u0438 \u0441\u043a\u0430\u0447\u0430\u0439 \u043d\u0430 \u0442\u0435\u043b\u0435\u0444\u043e\u043d.","og_url":"https:\/\/aviator-slotgame.com\/sk\/online-kasina-s-aviator-od-spribe-2\/","og_site_name":"Aviator","article_modified_time":"2024-10-04T00:04:28+00:00","og_image":[{"url":"https:\/\/aviator-slotgame.com\/wp-content\/uploads\/aviator-2.png"}],"twitter_card":"summary_large_image","twitter_misc":{"Predpokladan\u00fd \u010das \u010d\u00edtania":"5 min\u00fat"},"schema":{"@context":"https:\/\/schema.org","@graph":[{"@type":"WebPage","@id":"https:\/\/aviator-slotgame.com\/aviator-by-spribe\/","url":"https:\/\/aviator-slotgame.com\/aviator-by-spribe\/","name":"Aviator \u043e\u0442 Spribe \u2013 \u041f\u043e\u043f\u0443\u043b\u044f\u0440\u043d\u0430\u044f \u0438\u0433\u0440\u0430 \u0441 \u0432\u044b\u0441\u043e\u043a\u0438\u043c\u0438 \u0432\u044b\u0438\u0433\u0440\u044b\u0448\u0430\u043c\u0438","isPartOf":{"@id":"https:\/\/aviator-slotgame.com\/#website"},"datePublished":"2024-01-31T12:59:48+00:00","dateModified":"2024-10-04T00:04:28+00:00","description":"\u041a\u0440\u0430\u0448-\u0438\u0433\u0440\u0430 \u0410\u0432\u0438\u0430\u0442\u043e\u0440 \u043e\u0442 Spribe \u2013 \u043b\u0443\u0447\u0448\u0438\u0439 \u0441\u043b\u043e\u0442 \u0434\u043b\u044f \u0430\u0437\u0430\u0440\u0442\u043d\u044b\u0445 \u0438\u0433\u0440\u043e\u043a\u043e\u0432. \u0421\u043b\u0435\u0434\u0438 \u0437\u0430 \u0441\u0430\u043c\u043e\u043b\u0435\u0442\u043e\u043c \u0438 \u0438\u0433\u0440\u0430\u0439 \u043d\u0430 \u0434\u0435\u043d\u044c\u0433\u0438 \u0432 \u043e\u043d\u043b\u0430\u0439\u043d \u043a\u0430\u0437\u0438\u043d\u043e, \u0438\u0433\u0440\u0430\u0439 \u0441 \u043c\u043e\u0431\u0438\u043b\u044c\u043d\u043e\u0433\u043e \u0438\u043b\u0438 \u0441\u043a\u0430\u0447\u0430\u0439 \u043d\u0430 \u0442\u0435\u043b\u0435\u0444\u043e\u043d.","breadcrumb":{"@id":"https:\/\/aviator-slotgame.com\/aviator-by-spribe\/#breadcrumb"},"inLanguage":"sk-SK","potentialAction":[{"@type":"ReadAction","target":["https:\/\/aviator-slotgame.com\/aviator-by-spribe\/"]}]},{"@type":"BreadcrumbList","@id":"https:\/\/aviator-slotgame.com\/aviator-by-spribe\/#breadcrumb","itemListElement":[{"@type":"ListItem","position":1,"name":"Home","item":"https:\/\/aviator-slotgame.com\/"},{"@type":"ListItem","position":2,"name":"\u041e\u043d\u043b\u0430\u0439\u043d \u043a\u0430\u0437\u0438\u043d\u043e \u0441 \u0410\u0432\u0438\u0430\u0442\u043e\u0440\u043e\u043c \u043e\u0442 Spribe"}]},{"@type":"WebSite","@id":"https:\/\/aviator-slotgame.com\/#website","url":"https:\/\/aviator-slotgame.com\/","name":"Aviator","description":"","publisher":{"@id":"https:\/\/aviator-slotgame.com\/#organization"},"potentialAction":[{"@type":"SearchAction","target":{"@type":"EntryPoint","urlTemplate":"https:\/\/aviator-slotgame.com\/?s={search_term_string}"},"query-input":"required name=search_term_string"}],"inLanguage":"sk-SK"},{"@type":"Organization","@id":"https:\/\/aviator-slotgame.com\/#organization","name":"Aviator","url":"https:\/\/aviator-slotgame.com\/","logo":{"@type":"ImageObject","inLanguage":"sk-SK","@id":"https:\/\/aviator-slotgame.com\/#\/schema\/logo\/image\/","url":"https:\/\/aviator-slotgame.com\/wp-content\/uploads\/16f5e8_dade544d4623411c9c4153c639aae85amv2.webp","contentUrl":"https:\/\/aviator-slotgame.com\/wp-content\/uploads\/16f5e8_dade544d4623411c9c4153c639aae85amv2.webp","width":400,"height":300,"caption":"Aviator"},"image":{"@id":"https:\/\/aviator-slotgame.com\/#\/schema\/logo\/image\/"}}]}},"amp_enabled":true,"_links":{"self":[{"href":"https:\/\/aviator-slotgame.com\/sk\/wp-json\/wp\/v2\/pages\/29","targetHints":{"allow":["GET"]}}],"collection":[{"href":"https:\/\/aviator-slotgame.com\/sk\/wp-json\/wp\/v2\/pages"}],"about":[{"href":"https:\/\/aviator-slotgame.com\/sk\/wp-json\/wp\/v2\/types\/page"}],"author":[{"embeddable":true,"href":"https:\/\/aviator-slotgame.com\/sk\/wp-json\/wp\/v2\/users\/1"}],"replies":[{"embeddable":true,"href":"https:\/\/aviator-slotgame.com\/sk\/wp-json\/wp\/v2\/comments?post=29"}],"version-history":[{"count":13,"href":"https:\/\/aviator-slotgame.com\/sk\/wp-json\/wp\/v2\/pages\/29\/revisions"}],"predecessor-version":[{"id":413,"href":"https:\/\/aviator-slotgame.com\/sk\/wp-json\/wp\/v2\/pages\/29\/revisions\/413"}],"wp:attachment":[{"href":"https:\/\/aviator-slotgame.com\/sk\/wp-json\/wp\/v2\/media?parent=29"}],"curies":[{"name":"wp","href":"https:\/\/api.w.org\/{rel}","templated":true}]}}