{"id":31,"date":"2024-01-31T13:01:43","date_gmt":"2024-01-31T13:01:43","guid":{"rendered":"https:\/\/aviator-slotgame.com\/?page_id=31"},"modified":"2024-10-03T23:08:38","modified_gmt":"2024-10-03T23:08:38","slug":"download-apk-games","status":"publish","type":"page","link":"https:\/\/aviator-slotgame.com\/sk\/stiahnite-si-hru-aviator-apk-teraz\/","title":{"rendered":"Nain\u0161talujte Aviator APK pre verziu Android pr\u00e1ve teraz"},"content":{"rendered":"<div class=\"22e38d40fed8e62063cfa036dcf17289\" data-index=\"1\" style=\"float: none; margin:10px 0 10px 0; text-align:center;\">\n<div class=\"custom-play-button\">\r\n<center><a href=\"https:\/\/aviator-slotgame.com\/sk\/play-game\/\" rel=\"nofollow\" target=\"_blank\">Hra\u0165 teraz<\/a><br><\/center>\r\n<\/div>\n<\/div>\n<p>Aviator je vzru\u0161uj\u00faca online kas\u00ednov\u00e1 hra od spolo\u010dnosti Spribe, ktor\u00e1 prever\u00ed va\u0161e hern\u00e9 schopnosti na maximum. V\u010faka jednoduch\u00fdm pravidl\u00e1m v\u00e1m t\u00e1to hra poskytne hodiny z\u00e1bavy. Pre t\u00fdch, ktor\u00ed chc\u00fa e\u0161te pohlcuj\u00facej\u0161\u00ed a prenosnej\u0161\u00ed z\u00e1\u017eitok, existuje nieko\u013eko mobiln\u00fdch aplik\u00e1ci\u00ed \u0161peci\u00e1lne navrhnut\u00fdch pre hr\u00e1\u010dov Aviator a hazardn\u00fdch hr\u00e1\u010dov vo v\u0161eobecnosti.<\/p>\n<p><img loading=\"lazy\" decoding=\"async\" class=\"alignnone size-full wp-image-204\" title=\"Stiahnite si APK hry Aviator pr\u00e1ve teraz\" src=\"https:\/\/aviator-slotgame.com\/wp-content\/uploads\/aviator-4.png\" alt=\"Stiahnite si APK hry Aviator pr\u00e1ve teraz\" width=\"800\" height=\"445\" srcset=\"https:\/\/aviator-slotgame.com\/wp-content\/uploads\/aviator-4.png 800w, https:\/\/aviator-slotgame.com\/wp-content\/uploads\/aviator-4-300x167.png 300w, https:\/\/aviator-slotgame.com\/wp-content\/uploads\/aviator-4-768x427.png 768w, https:\/\/aviator-slotgame.com\/wp-content\/uploads\/aviator-4-18x10.png 18w\" sizes=\"auto, (max-width: 800px) 100vw, 800px\" \/><\/p>\n<h2 id=\"h-what-is-an-android-apk\">\u010co je APK pre Android?<\/h2>\n<p>S\u00fabor Android APK je \u0161peci\u00e1lny typ s\u00faboru vytvoren\u00fd \u0161peci\u00e1lne na s\u0165ahovanie v opera\u010dnom syst\u00e9me Android. Obsahuje v\u0161etky potrebn\u00e9 s\u00fabory a k\u00f3d potrebn\u00fd na spustenie aplik\u00e1cie na zariaden\u00ed so syst\u00e9mom Android. S\u00fabory s\u00fa komprimovan\u00e9 do jedn\u00e9ho s\u00faboru, \u010do u\u013eah\u010duje prenos, zdie\u013eanie a in\u0161tal\u00e1ciu aplik\u00e1ci\u00ed.<\/p>\n<p>S\u00fabor APK je podobn\u00fd in\u00fdm typom in\u0161tala\u010dn\u00fdch bal\u00edkov softv\u00e9ru, ako s\u00fa napr\u00edklad bal\u00edky Windows Installer alebo aplik\u00e1cie Mac OSX.<\/p><div class=\"22e38d40fed8e62063cfa036dcf17289\" data-index=\"1\" style=\"float: none; margin:10px 0 10px 0; text-align:center;\">\n<div class=\"custom-play-button\">\r\n<center><a href=\"https:\/\/aviator-slotgame.com\/sk\/play-game\/\" rel=\"nofollow\" target=\"_blank\">Hra\u0165 teraz<\/a><br><\/center>\r\n<\/div>\n<\/div>\n\n<p>\u00da\u010delom s\u00faboru APK je, aby hr\u00e1\u010di Aviator, ako sme my, poskytli pohodln\u00fd sp\u00f4sob s\u0165ahovania a in\u0161tal\u00e1cie aplik\u00e1ci\u00ed, ktor\u00e9 nie s\u00fa dostupn\u00e9 v obchode Google Play. Takmer ka\u017ed\u00e1 popredn\u00e1 str\u00e1nka online kas\u00edn m\u00e1 mobiln\u00fa aplik\u00e1ciu, no takmer \u017eiadnu z nich nie je mo\u017en\u00e9 stiahnu\u0165 z ofici\u00e1lneho obchodu Play.<\/p>\n<p><img loading=\"lazy\" decoding=\"async\" class=\"alignnone size-full wp-image-345\" src=\"https:\/\/aviator-slotgame.com\/wp-content\/uploads\/Aviator-25-800-x-600-\u043f\u0438\u043a\u0441.jpg\" alt=\"APK pre Android\" width=\"800\" height=\"600\" srcset=\"https:\/\/aviator-slotgame.com\/wp-content\/uploads\/Aviator-25-800-x-600-\u043f\u0438\u043a\u0441.jpg 800w, https:\/\/aviator-slotgame.com\/wp-content\/uploads\/Aviator-25-800-x-600-\u043f\u0438\u043a\u0441-300x225.jpg 300w, https:\/\/aviator-slotgame.com\/wp-content\/uploads\/Aviator-25-800-x-600-\u043f\u0438\u043a\u0441-768x576.jpg 768w, https:\/\/aviator-slotgame.com\/wp-content\/uploads\/Aviator-25-800-x-600-\u043f\u0438\u043a\u0441-16x12.jpg 16w\" sizes=\"auto, (max-width: 800px) 100vw, 800px\" \/><\/p>\n<h2 id=\"h-how-to-download-and-install-the-aviator-apk\">Ako stiahnu\u0165 a nain\u0161talova\u0165 Aviator APK<\/h2>\n<p>Ak v\u0161ak m\u00e1te d\u00f4veryhodn\u00fd zdroj, z ktor\u00e9ho si m\u00f4\u017eete stiahnu\u0165 s\u00fabor APK hry Aviator, nain\u0161talujte ho do svojho zariadenia so syst\u00e9mom Android pod\u013ea t\u00fdchto krokov:<\/p>\n<ol>\n<li>Na zariaden\u00ed s Androidom prejdite do \u010dasti Nastavenia.<\/li>\n<li>N\u00e1jdite a otvorte Zabezpe\u010denie alebo Nastavenia zabezpe\u010denia.<\/li>\n<li>Povo\u013ete mo\u017enos\u0165 Nezn\u00e1me zdroje alebo In\u0161talova\u0165 aplik\u00e1cie z nezn\u00e1mych zdrojov.<\/li>\n<li>N\u00e1jdite stiahnut\u00fd s\u00fabor APK hry Aviator na svojom zariaden\u00ed.<\/li>\n<li>Kliknut\u00edm na s\u00fabor spust\u00edte proces in\u0161tal\u00e1cie.<\/li>\n<li>Po nain\u0161talovan\u00ed m\u00f4\u017eete hru Aviator spusti\u0165 na svojom zariaden\u00ed so syst\u00e9mom Android.<\/li>\n<\/ol>\n<p>Upozor\u0148ujeme, \u017ee s\u0165ahovanie a in\u0161tal\u00e1cia aplik\u00e1ci\u00ed z neofici\u00e1lnych zdrojov m\u00f4\u017ee predstavova\u0165 bezpe\u010dnostn\u00e9 riziko pre va\u0161e zariadenie. Odpor\u00fa\u010da sa s\u0165ahova\u0165 a in\u0161talova\u0165 aplik\u00e1cie iba z d\u00f4veryhodn\u00fdch a ofici\u00e1lnych zdrojov, ako je napr\u00edklad Obchod Google Play, aby ste sa vyhli bezpe\u010dnostn\u00fdm rizik\u00e1m.<\/p>\n<p><img loading=\"lazy\" decoding=\"async\" class=\"alignnone size-full wp-image-347\" src=\"https:\/\/aviator-slotgame.com\/wp-content\/uploads\/Aviator-26-800-x-600-\u043f\u0438\u043a\u0441.jpg\" alt=\"Stiahnite si a nain\u0161talujte Aviator APK\" width=\"800\" height=\"600\" srcset=\"https:\/\/aviator-slotgame.com\/wp-content\/uploads\/Aviator-26-800-x-600-\u043f\u0438\u043a\u0441.jpg 800w, https:\/\/aviator-slotgame.com\/wp-content\/uploads\/Aviator-26-800-x-600-\u043f\u0438\u043a\u0441-300x225.jpg 300w, https:\/\/aviator-slotgame.com\/wp-content\/uploads\/Aviator-26-800-x-600-\u043f\u0438\u043a\u0441-768x576.jpg 768w, https:\/\/aviator-slotgame.com\/wp-content\/uploads\/Aviator-26-800-x-600-\u043f\u0438\u043a\u0441-16x12.jpg 16w\" sizes=\"auto, (max-width: 800px) 100vw, 800px\" \/><\/p>\n<h2 id=\"h-frequently-asked-questions-faq\">\u010casto kladen\u00e9 ot\u00e1zky (FAQ)<\/h2>\n<h3 id=\"h-are-apks-safe-for-my-device\">S\u00fa s\u00fabory APK bezpe\u010dn\u00e9 pre moje zariadenie?<\/h3>\n<p>\u00c1no, ak d\u00f4verujete str\u00e1nke, z ktorej ste ich stiahli. V\u017edy sa uistite, \u017ee s\u0165ahujete z d\u00f4veryhodn\u00e9ho zdroja, ako je napr\u00edklad APKMirror alebo ofici\u00e1lna webov\u00e1 str\u00e1nka aplik\u00e1cie.<\/p>\n<p>Pozn\u00e1mka: Existuj\u00fa \u0161kodliv\u00e9 s\u00fabory; V\u017edy dvakr\u00e1t skontrolujte svoje zdroje.<\/p>\n<h3 id=\"h-are-apks-illegal\">S\u00fa s\u00fabory APK nez\u00e1konn\u00e9?<\/h3>\n<p>Nie, mnoh\u00e9 z najlep\u0161\u00edch kas\u00edn, ktor\u00e9 pon\u00fakaj\u00fa Aviator, maj\u00fa aplik\u00e1cie na stiahnutie, ktor\u00e9 s\u00fa leg\u00e1lne. Kas\u00edno jednoducho nie je dostupn\u00e9 v ofici\u00e1lnych obchodoch s Androidom.<\/p>\n<h3 id=\"h-can-you-play-aviator-for-free\">M\u00f4\u017eete hra\u0165 Aviator zadarmo?<\/h3>\n<p>Na iOS a Google Play je k dispoz\u00edcii ve\u013ea bezplatn\u00fdch aplik\u00e1ci\u00ed Aviator. Tieto hry na stiahnutie simuluj\u00fa z\u00e1\u017eitok zo \u017eivej herne bez pou\u017eitia skuto\u010dn\u00fdch pe\u0148az\u00ed, kreditov alebo \u013eud\u00ed.<\/p>\n<p>Hlavnou nev\u00fdhodou bezplatn\u00e9ho Aviatora je nedostatok skuto\u010dn\u00fdch priate\u013eov v chate a skuto\u010dn\u00e9 v\u00fdhry, ktor\u00e9 je mo\u017en\u00e9 vyplati\u0165.<\/p>\n<h3 id=\"h-can-i-install-an-apk-on-my-ios-device\">M\u00f4\u017eem si nain\u0161talova\u0165 APK na svoje iOS zariadenie?<\/h3>\n<p>Nie APK je skratka pre Android Package. Tento typ s\u00faboru je ur\u010den\u00fd v\u00fdhradne na s\u0165ahovanie do zariaden\u00ed so syst\u00e9mom Android. Zariadenia Apple, ako napr\u00edklad iPhone, s t\u00fdmito typmi aplik\u00e1ci\u00ed nefunguj\u00fa.<\/p>\n<h3 id=\"h-can-we-hack-the-aviator-game\">Je mo\u017en\u00e9 hackn\u00fa\u0165 hru Aviator?<\/h3>\n<p>Je absol\u00fatne nemo\u017en\u00e9 hackn\u00fa\u0165 skuto\u010dn\u00fa hru Aviator, aj ke\u010f si stiahnete aplik\u00e1ciu APK alebo iOS. Syst\u00e9my, ktor\u00e9 Spribe pou\u017e\u00edva na spustenie hry, vyu\u017e\u00edvaj\u00fa kryptografick\u00fa technol\u00f3giu, ktor\u00e1 zaru\u010duje spravodlivos\u0165 a nefal\u0161ovanie v\u00fdsledkov v pr\u00edpadoch 100%.<\/p>\n<h3 id=\"h-do-aviator-predictors-work\">Funguj\u00fa prediktory Aviator?<\/h3>\n<p>Nie Ak\u00fdko\u013evek s\u00fabor APK, ktor\u00fd s\u013eubuje predpovedanie v\u00fdsledkov k\u00f4l alebo s\u013eubuje v\u00fdhru v \u017eivej hre Aviator, je lo\u017e alebo podvod. Nes\u0165ahujte tieto aplik\u00e1cie.<\/p>\n<p>Hru ur\u010duje RNG (generovanie n\u00e1hodn\u00fdch \u010d\u00edsel) a va\u0161e \u0161\u0165astie; nie je tu \u017eiadne tajomstvo ani trik.<\/p>\n\n<div style=\"font-size: 0px; height: 0px; line-height: 0px; margin: 0; padding: 0; clear: both;\"><\/div>","protected":false},"excerpt":{"rendered":"<p>Aviator je vzru\u0161uj\u00faca online kas\u00ednov\u00e1 hra od spolo\u010dnosti Spribe, ktor\u00e1 prever\u00ed va\u0161e hern\u00e9 schopnosti na maximum. V\u010faka \u013eahko nau\u010dite\u013en\u00e9mu<\/p>","protected":false},"author":1,"featured_media":0,"parent":0,"menu_order":0,"comment_status":"closed","ping_status":"closed","template":"","meta":{"footnotes":""},"class_list":["post-31","page","type-page","status-publish","hentry"],"yoast_head":"<!-- This site is optimized with the Yoast SEO plugin v22.0 - https:\/\/yoast.com\/wordpress\/plugins\/seo\/ -->\n<title>\u0421\u043a\u0430\u0447\u0430\u0439 Aviator APK \u0434\u043b\u044f Android \u2014 \u0418\u0433\u0440\u0430 \u0432 \u043a\u0440\u0430\u0448-\u0441\u043b\u043e\u0442 \u043d\u0430 \u0434\u0435\u043d\u044c\u0433\u0438<\/title>\n<meta name=\"description\" content=\"\u0423\u0441\u0442\u0430\u043d\u043e\u0432\u0438\u0442\u0435 \u0438\u0433\u0440\u0443 Aviator \u043d\u0430 Android \u0441 \u043f\u043e\u043c\u043e\u0449\u044c\u044e APK-\u0444\u0430\u0439\u043b\u0430. \u0418\u0433\u0440\u0430\u0439\u0442\u0435 \u0432 \u043a\u0440\u0430\u0448-\u0441\u043b\u043e\u0442 \u0438\u0433\u0440\u0443 \u043d\u0430 \u0434\u0435\u043d\u044c\u0433\u0438, \u0441\u043a\u0430\u0447\u0438\u0432\u0430\u044f \u043f\u0440\u0438\u043b\u043e\u0436\u0435\u043d\u0438\u0435 \u0431\u0435\u0437\u043e\u043f\u0430\u0441\u043d\u043e \u0438 \u043b\u0435\u0433\u043a\u043e.\" \/>\n<meta name=\"robots\" content=\"index, follow, max-snippet:-1, max-image-preview:large, max-video-preview:-1\" \/>\n<link rel=\"canonical\" href=\"https:\/\/aviator-slotgame.com\/sk\/stiahnite-si-hru-aviator-apk-teraz\/\" \/>\n<meta property=\"og:locale\" content=\"sk_SK\" \/>\n<meta property=\"og:type\" content=\"article\" \/>\n<meta property=\"og:title\" content=\"\u0421\u043a\u0430\u0447\u0430\u0439 Aviator APK \u0434\u043b\u044f Android \u2014 \u0418\u0433\u0440\u0430 \u0432 \u043a\u0440\u0430\u0448-\u0441\u043b\u043e\u0442 \u043d\u0430 \u0434\u0435\u043d\u044c\u0433\u0438\" \/>\n<meta property=\"og:description\" content=\"\u0423\u0441\u0442\u0430\u043d\u043e\u0432\u0438\u0442\u0435 \u0438\u0433\u0440\u0443 Aviator \u043d\u0430 Android \u0441 \u043f\u043e\u043c\u043e\u0449\u044c\u044e APK-\u0444\u0430\u0439\u043b\u0430. \u0418\u0433\u0440\u0430\u0439\u0442\u0435 \u0432 \u043a\u0440\u0430\u0448-\u0441\u043b\u043e\u0442 \u0438\u0433\u0440\u0443 \u043d\u0430 \u0434\u0435\u043d\u044c\u0433\u0438, \u0441\u043a\u0430\u0447\u0438\u0432\u0430\u044f \u043f\u0440\u0438\u043b\u043e\u0436\u0435\u043d\u0438\u0435 \u0431\u0435\u0437\u043e\u043f\u0430\u0441\u043d\u043e \u0438 \u043b\u0435\u0433\u043a\u043e.\" \/>\n<meta property=\"og:url\" content=\"https:\/\/aviator-slotgame.com\/sk\/stiahnite-si-hru-aviator-apk-teraz\/\" \/>\n<meta property=\"og:site_name\" content=\"Aviator\" \/>\n<meta property=\"article:modified_time\" content=\"2024-10-03T23:08:38+00:00\" \/>\n<meta property=\"og:image\" content=\"https:\/\/aviator-slotgame.com\/wp-content\/uploads\/aviator-4.png\" \/>\n<meta name=\"twitter:card\" content=\"summary_large_image\" \/>\n<meta name=\"twitter:label1\" content=\"Predpokladan\u00fd \u010das \u010d\u00edtania\" \/>\n\t<meta name=\"twitter:data1\" content=\"3 min\u00faty\" \/>\n<script type=\"application\/ld+json\" class=\"yoast-schema-graph\">{\"@context\":\"https:\/\/schema.org\",\"@graph\":[{\"@type\":\"WebPage\",\"@id\":\"https:\/\/aviator-slotgame.com\/download-apk-games\/\",\"url\":\"https:\/\/aviator-slotgame.com\/download-apk-games\/\",\"name\":\"\u0421\u043a\u0430\u0447\u0430\u0439 Aviator APK \u0434\u043b\u044f Android \u2014 \u0418\u0433\u0440\u0430 \u0432 \u043a\u0440\u0430\u0448-\u0441\u043b\u043e\u0442 \u043d\u0430 \u0434\u0435\u043d\u044c\u0433\u0438\",\"isPartOf\":{\"@id\":\"https:\/\/aviator-slotgame.com\/#website\"},\"datePublished\":\"2024-01-31T13:01:43+00:00\",\"dateModified\":\"2024-10-03T23:08:38+00:00\",\"description\":\"\u0423\u0441\u0442\u0430\u043d\u043e\u0432\u0438\u0442\u0435 \u0438\u0433\u0440\u0443 Aviator \u043d\u0430 Android \u0441 \u043f\u043e\u043c\u043e\u0449\u044c\u044e APK-\u0444\u0430\u0439\u043b\u0430. \u0418\u0433\u0440\u0430\u0439\u0442\u0435 \u0432 \u043a\u0440\u0430\u0448-\u0441\u043b\u043e\u0442 \u0438\u0433\u0440\u0443 \u043d\u0430 \u0434\u0435\u043d\u044c\u0433\u0438, \u0441\u043a\u0430\u0447\u0438\u0432\u0430\u044f \u043f\u0440\u0438\u043b\u043e\u0436\u0435\u043d\u0438\u0435 \u0431\u0435\u0437\u043e\u043f\u0430\u0441\u043d\u043e \u0438 \u043b\u0435\u0433\u043a\u043e.\",\"breadcrumb\":{\"@id\":\"https:\/\/aviator-slotgame.com\/download-apk-games\/#breadcrumb\"},\"inLanguage\":\"sk-SK\",\"potentialAction\":[{\"@type\":\"ReadAction\",\"target\":[\"https:\/\/aviator-slotgame.com\/download-apk-games\/\"]}]},{\"@type\":\"BreadcrumbList\",\"@id\":\"https:\/\/aviator-slotgame.com\/download-apk-games\/#breadcrumb\",\"itemListElement\":[{\"@type\":\"ListItem\",\"position\":1,\"name\":\"Home\",\"item\":\"https:\/\/aviator-slotgame.com\/\"},{\"@type\":\"ListItem\",\"position\":2,\"name\":\"\u0423\u0441\u0442\u0430\u043d\u043e\u0432\u0438 Aviator APK \u0434\u043b\u044f Android \u0432\u0435\u0440\u0441\u0438\u0438 \u043f\u0440\u044f\u043c\u043e \u0441\u0435\u0439\u0447\u0430\u0441\"}]},{\"@type\":\"WebSite\",\"@id\":\"https:\/\/aviator-slotgame.com\/#website\",\"url\":\"https:\/\/aviator-slotgame.com\/\",\"name\":\"Aviator\",\"description\":\"\",\"publisher\":{\"@id\":\"https:\/\/aviator-slotgame.com\/#organization\"},\"potentialAction\":[{\"@type\":\"SearchAction\",\"target\":{\"@type\":\"EntryPoint\",\"urlTemplate\":\"https:\/\/aviator-slotgame.com\/?s={search_term_string}\"},\"query-input\":\"required name=search_term_string\"}],\"inLanguage\":\"sk-SK\"},{\"@type\":\"Organization\",\"@id\":\"https:\/\/aviator-slotgame.com\/#organization\",\"name\":\"Aviator\",\"url\":\"https:\/\/aviator-slotgame.com\/\",\"logo\":{\"@type\":\"ImageObject\",\"inLanguage\":\"sk-SK\",\"@id\":\"https:\/\/aviator-slotgame.com\/#\/schema\/logo\/image\/\",\"url\":\"https:\/\/aviator-slotgame.com\/wp-content\/uploads\/16f5e8_dade544d4623411c9c4153c639aae85amv2.webp\",\"contentUrl\":\"https:\/\/aviator-slotgame.com\/wp-content\/uploads\/16f5e8_dade544d4623411c9c4153c639aae85amv2.webp\",\"width\":400,\"height\":300,\"caption\":\"Aviator\"},\"image\":{\"@id\":\"https:\/\/aviator-slotgame.com\/#\/schema\/logo\/image\/\"}}]}<\/script>\n<!-- \/ Yoast SEO plugin. -->","yoast_head_json":{"title":"\u0421\u043a\u0430\u0447\u0430\u0439 Aviator APK \u0434\u043b\u044f Android \u2014 \u0418\u0433\u0440\u0430 \u0432 \u043a\u0440\u0430\u0448-\u0441\u043b\u043e\u0442 \u043d\u0430 \u0434\u0435\u043d\u044c\u0433\u0438","description":"\u0423\u0441\u0442\u0430\u043d\u043e\u0432\u0438\u0442\u0435 \u0438\u0433\u0440\u0443 Aviator \u043d\u0430 Android \u0441 \u043f\u043e\u043c\u043e\u0449\u044c\u044e APK-\u0444\u0430\u0439\u043b\u0430. \u0418\u0433\u0440\u0430\u0439\u0442\u0435 \u0432 \u043a\u0440\u0430\u0448-\u0441\u043b\u043e\u0442 \u0438\u0433\u0440\u0443 \u043d\u0430 \u0434\u0435\u043d\u044c\u0433\u0438, \u0441\u043a\u0430\u0447\u0438\u0432\u0430\u044f \u043f\u0440\u0438\u043b\u043e\u0436\u0435\u043d\u0438\u0435 \u0431\u0435\u0437\u043e\u043f\u0430\u0441\u043d\u043e \u0438 \u043b\u0435\u0433\u043a\u043e.","robots":{"index":"index","follow":"follow","max-snippet":"max-snippet:-1","max-image-preview":"max-image-preview:large","max-video-preview":"max-video-preview:-1"},"canonical":"https:\/\/aviator-slotgame.com\/sk\/stiahnite-si-hru-aviator-apk-teraz\/","og_locale":"sk_SK","og_type":"article","og_title":"\u0421\u043a\u0430\u0447\u0430\u0439 Aviator APK \u0434\u043b\u044f Android \u2014 \u0418\u0433\u0440\u0430 \u0432 \u043a\u0440\u0430\u0448-\u0441\u043b\u043e\u0442 \u043d\u0430 \u0434\u0435\u043d\u044c\u0433\u0438","og_description":"\u0423\u0441\u0442\u0430\u043d\u043e\u0432\u0438\u0442\u0435 \u0438\u0433\u0440\u0443 Aviator \u043d\u0430 Android \u0441 \u043f\u043e\u043c\u043e\u0449\u044c\u044e APK-\u0444\u0430\u0439\u043b\u0430. \u0418\u0433\u0440\u0430\u0439\u0442\u0435 \u0432 \u043a\u0440\u0430\u0448-\u0441\u043b\u043e\u0442 \u0438\u0433\u0440\u0443 \u043d\u0430 \u0434\u0435\u043d\u044c\u0433\u0438, \u0441\u043a\u0430\u0447\u0438\u0432\u0430\u044f \u043f\u0440\u0438\u043b\u043e\u0436\u0435\u043d\u0438\u0435 \u0431\u0435\u0437\u043e\u043f\u0430\u0441\u043d\u043e \u0438 \u043b\u0435\u0433\u043a\u043e.","og_url":"https:\/\/aviator-slotgame.com\/sk\/stiahnite-si-hru-aviator-apk-teraz\/","og_site_name":"Aviator","article_modified_time":"2024-10-03T23:08:38+00:00","og_image":[{"url":"https:\/\/aviator-slotgame.com\/wp-content\/uploads\/aviator-4.png"}],"twitter_card":"summary_large_image","twitter_misc":{"Predpokladan\u00fd \u010das \u010d\u00edtania":"3 min\u00faty"},"schema":{"@context":"https:\/\/schema.org","@graph":[{"@type":"WebPage","@id":"https:\/\/aviator-slotgame.com\/download-apk-games\/","url":"https:\/\/aviator-slotgame.com\/download-apk-games\/","name":"\u0421\u043a\u0430\u0447\u0430\u0439 Aviator APK \u0434\u043b\u044f Android \u2014 \u0418\u0433\u0440\u0430 \u0432 \u043a\u0440\u0430\u0448-\u0441\u043b\u043e\u0442 \u043d\u0430 \u0434\u0435\u043d\u044c\u0433\u0438","isPartOf":{"@id":"https:\/\/aviator-slotgame.com\/#website"},"datePublished":"2024-01-31T13:01:43+00:00","dateModified":"2024-10-03T23:08:38+00:00","description":"\u0423\u0441\u0442\u0430\u043d\u043e\u0432\u0438\u0442\u0435 \u0438\u0433\u0440\u0443 Aviator \u043d\u0430 Android \u0441 \u043f\u043e\u043c\u043e\u0449\u044c\u044e APK-\u0444\u0430\u0439\u043b\u0430. \u0418\u0433\u0440\u0430\u0439\u0442\u0435 \u0432 \u043a\u0440\u0430\u0448-\u0441\u043b\u043e\u0442 \u0438\u0433\u0440\u0443 \u043d\u0430 \u0434\u0435\u043d\u044c\u0433\u0438, \u0441\u043a\u0430\u0447\u0438\u0432\u0430\u044f \u043f\u0440\u0438\u043b\u043e\u0436\u0435\u043d\u0438\u0435 \u0431\u0435\u0437\u043e\u043f\u0430\u0441\u043d\u043e \u0438 \u043b\u0435\u0433\u043a\u043e.","breadcrumb":{"@id":"https:\/\/aviator-slotgame.com\/download-apk-games\/#breadcrumb"},"inLanguage":"sk-SK","potentialAction":[{"@type":"ReadAction","target":["https:\/\/aviator-slotgame.com\/download-apk-games\/"]}]},{"@type":"BreadcrumbList","@id":"https:\/\/aviator-slotgame.com\/download-apk-games\/#breadcrumb","itemListElement":[{"@type":"ListItem","position":1,"name":"Home","item":"https:\/\/aviator-slotgame.com\/"},{"@type":"ListItem","position":2,"name":"\u0423\u0441\u0442\u0430\u043d\u043e\u0432\u0438 Aviator APK \u0434\u043b\u044f Android \u0432\u0435\u0440\u0441\u0438\u0438 \u043f\u0440\u044f\u043c\u043e \u0441\u0435\u0439\u0447\u0430\u0441"}]},{"@type":"WebSite","@id":"https:\/\/aviator-slotgame.com\/#website","url":"https:\/\/aviator-slotgame.com\/","name":"Aviator","description":"","publisher":{"@id":"https:\/\/aviator-slotgame.com\/#organization"},"potentialAction":[{"@type":"SearchAction","target":{"@type":"EntryPoint","urlTemplate":"https:\/\/aviator-slotgame.com\/?s={search_term_string}"},"query-input":"required name=search_term_string"}],"inLanguage":"sk-SK"},{"@type":"Organization","@id":"https:\/\/aviator-slotgame.com\/#organization","name":"Aviator","url":"https:\/\/aviator-slotgame.com\/","logo":{"@type":"ImageObject","inLanguage":"sk-SK","@id":"https:\/\/aviator-slotgame.com\/#\/schema\/logo\/image\/","url":"https:\/\/aviator-slotgame.com\/wp-content\/uploads\/16f5e8_dade544d4623411c9c4153c639aae85amv2.webp","contentUrl":"https:\/\/aviator-slotgame.com\/wp-content\/uploads\/16f5e8_dade544d4623411c9c4153c639aae85amv2.webp","width":400,"height":300,"caption":"Aviator"},"image":{"@id":"https:\/\/aviator-slotgame.com\/#\/schema\/logo\/image\/"}}]}},"amp_enabled":true,"_links":{"self":[{"href":"https:\/\/aviator-slotgame.com\/sk\/wp-json\/wp\/v2\/pages\/31","targetHints":{"allow":["GET"]}}],"collection":[{"href":"https:\/\/aviator-slotgame.com\/sk\/wp-json\/wp\/v2\/pages"}],"about":[{"href":"https:\/\/aviator-slotgame.com\/sk\/wp-json\/wp\/v2\/types\/page"}],"author":[{"embeddable":true,"href":"https:\/\/aviator-slotgame.com\/sk\/wp-json\/wp\/v2\/users\/1"}],"replies":[{"embeddable":true,"href":"https:\/\/aviator-slotgame.com\/sk\/wp-json\/wp\/v2\/comments?post=31"}],"version-history":[{"count":13,"href":"https:\/\/aviator-slotgame.com\/sk\/wp-json\/wp\/v2\/pages\/31\/revisions"}],"predecessor-version":[{"id":411,"href":"https:\/\/aviator-slotgame.com\/sk\/wp-json\/wp\/v2\/pages\/31\/revisions\/411"}],"wp:attachment":[{"href":"https:\/\/aviator-slotgame.com\/sk\/wp-json\/wp\/v2\/media?parent=31"}],"curies":[{"name":"wp","href":"https:\/\/api.w.org\/{rel}","templated":true}]}}