{"id":215,"date":"2024-04-02T16:05:37","date_gmt":"2024-04-02T16:05:37","guid":{"rendered":"https:\/\/aviator-slotgame.com\/?page_id=215"},"modified":"2024-09-09T10:50:04","modified_gmt":"2024-09-09T10:50:04","slug":"aviator-slots","status":"publish","type":"page","link":"https:\/\/aviator-slotgame.com\/sl\/reza-aviator-v-primerjavi-s-tradicionalnimi-video-reze\/","title":{"rendered":"Aviator re\u017ee"},"content":{"rendered":"<div class=\"58382615247a8509f5eb792dde8b3bb8\" data-index=\"1\" style=\"float: none; margin:10px 0 10px 0; text-align:center;\">\n<div class=\"custom-play-button\">\r\n<center><a href=\"https:\/\/aviator-slotgame.com\/sl\/play-game\/\" rel=\"nofollow\" target=\"_blank\">Igraj zdaj<\/a><br><\/center>\r\n<\/div>\n<\/div>\n<p>Aviator iz Spribe ni va\u0161 povpre\u010den video igralni avtomat. Ponuja funkcije dru\u017eabnega igranja iger, ki jih ne boste na\u0161li v tradicionalnih video avtomatih. Lahko se pridru\u017eite zabavi in izzovete druge igralce, da se pridru\u017eijo spletni igralni\u0161ki igri, polni razburljivih bonusov, mno\u017eiteljev in drugih presene\u010denj.<\/p>\n<p><img loading=\"lazy\" decoding=\"async\" class=\"alignnone size-full wp-image-216\" title=\"Aviator proti tradicionalnim igralnim avtomatom\" src=\"https:\/\/aviator-slotgame.com\/wp-content\/uploads\/aviator-4-1.png\" alt=\"Aviator proti tradicionalnim igralnim avtomatom\" width=\"800\" height=\"445\" srcset=\"https:\/\/aviator-slotgame.com\/wp-content\/uploads\/aviator-4-1.png 800w, https:\/\/aviator-slotgame.com\/wp-content\/uploads\/aviator-4-1-300x167.png 300w, https:\/\/aviator-slotgame.com\/wp-content\/uploads\/aviator-4-1-768x427.png 768w, https:\/\/aviator-slotgame.com\/wp-content\/uploads\/aviator-4-1-18x10.png 18w\" sizes=\"auto, (max-width: 800px) 100vw, 800px\" \/><\/p>\n<p>Aviator ponuja ve\u010d kot le standardne igralne avtomate s koluti 3x5. Ima mno\u017eitelj, ki temelji na RNG, ki raste in nara\u0161\u010da, dokler se vsak igralec ne odlo\u010di za izpla\u010dilo. To pomeni, da boste, \u010de boste imeli sre\u010do, lahko igrali ves dan in va\u0161i dobitki se bodo res za\u010deli se\u0161tevati!<\/p>\n<p>Poleg tega Aviator ne omejuje \u0161tevila igralcev, ki se lahko pridru\u017eijo zabavi. Ni vam treba skrbeti, da boste \u010dakali, da se igra odpre, ker nikoli ne bo polna, vedno bo prostor za ve\u010d igralcev. Z igralcem prijaznimi kvotami, RTP-jem in visokimi izpla\u010dili imate veliko prilo\u017enosti, da pridete na prvo mesto na tem vznemirljivem alternativnem avtomatu.<\/p><div class=\"58382615247a8509f5eb792dde8b3bb8\" data-index=\"1\" style=\"float: none; margin:10px 0 10px 0; text-align:center;\">\n<div class=\"custom-play-button\">\r\n<center><a href=\"https:\/\/aviator-slotgame.com\/sl\/play-game\/\" rel=\"nofollow\" target=\"_blank\">Igraj zdaj<\/a><br><\/center>\r\n<\/div>\n<\/div>\n\n<p>Torej, ne glede na to, ali i\u0161\u010dete poglobljeno igralno izku\u0161njo ali \u017eelite u\u017eivati v klasi\u010dni video igralni igri s pridihom, ima Spribe&#039;s Aviator resni\u010dno vsakomur nekaj za ponuditi.<\/p>\n<h2 id=\"h-rtp-of-aviator-and-regular-slot-games\">RTP za Aviator in obi\u010dajne igralne avtomate<\/h2>\n<p>Povpre\u010dne vrednosti RTP najbolj priljubljenih slotov so nad 65%. Ta \u0161tevilka se lahko razlikuje od igre do igre, nekatere igre dose\u017eejo celo 97%, na splo\u0161no pa je norma 65% z decimalko.<\/p>\n<p>Na primer, Second Strike, eden najbolj priljubljenih igralnih avtomatov na svetu, ima RTP 96,26%; Letalec \u0161e ve\u010d!<\/p>\n<p>Aviator ima pribli\u017een RTP (vrnitev igralcu) 97%, kar je nadpovpre\u010dno za video re\u017eo. To pomeni, da vam bo igranje Aviatorja v povpre\u010dju povrnilo ve\u010d denarja v primerjavi s tradicionalnimi igralnimi avtomati. In z vedno ve\u010djim mno\u017eiteljem bodo najve\u010dji krogi postali \u0161e bolj razburljivi! Torej, \u010de i\u0161\u010dete vi\u0161ji RTP in mo\u017enost pove\u010danja svojega potenciala zaslu\u017eka, je Aviator lahko ravno tisto, kar ste pogre\u0161ali.<\/p>\n<figure class=\"wp-block-table\">\n<table>\n<tbody>\n<tr>\n<td><strong>AVIATOR<\/strong><\/td>\n<td><strong>TRADICIONALNA IGRA<\/strong><\/td>\n<\/tr>\n<tr>\n<td>Klepetajte z drugimi igralci<\/td>\n<td>Uporabni\u0161ka igralna izku\u0161nja<\/td>\n<\/tr>\n<tr>\n<td>Neomejeno \u0161tevilo igralcev v igralnici<\/td>\n<td>En igralec na stroj ali stran<\/td>\n<\/tr>\n<tr>\n<td>Igralna mehanika z enim RNG<\/td>\n<td>Ve\u010d kolutov in vrvic<\/td>\n<\/tr>\n<tr>\n<td>~97% povra\u010dilo<\/td>\n<td>Vra\u010dilo ~96%<\/td>\n<\/tr>\n<\/tbody>\n<\/table><figcaption class=\"wp-element-caption\">Igralni avtomat\u00a0<strong><strong>AVIATOR<\/strong><\/strong><img loading=\"lazy\" decoding=\"async\" class=\"alignnone size-full wp-image-293\" src=\"https:\/\/aviator-slotgame.com\/wp-content\/uploads\/Aviator-13-800-x-600-\u043f\u0438\u043a\u0441.jpg\" alt=\"RTP za Aviator in obi\u010dajne igralne avtomate\" width=\"800\" height=\"600\" srcset=\"https:\/\/aviator-slotgame.com\/wp-content\/uploads\/Aviator-13-800-x-600-\u043f\u0438\u043a\u0441.jpg 800w, https:\/\/aviator-slotgame.com\/wp-content\/uploads\/Aviator-13-800-x-600-\u043f\u0438\u043a\u0441-300x225.jpg 300w, https:\/\/aviator-slotgame.com\/wp-content\/uploads\/Aviator-13-800-x-600-\u043f\u0438\u043a\u0441-768x576.jpg 768w, https:\/\/aviator-slotgame.com\/wp-content\/uploads\/Aviator-13-800-x-600-\u043f\u0438\u043a\u0441-16x12.jpg 16w\" sizes=\"auto, (max-width: 800px) 100vw, 800px\" \/><\/figcaption><\/figure>\n<h2 id=\"h-the-bottom-line\">Spodnja \u010drta<\/h2>\n<p>Spribe&#039;s Aviator ponuja edinstveno interpretacijo tradicionalnih video slotov, ki lahko igralcem zagotovijo poglobljeno igralno izku\u0161njo. Z vedno ve\u010djimi mno\u017eitelji in visokim RTP je veliko razlogov, da poskusite Aviator. Poleg tega je dru\u017eabni vidik \u0161e bolj razburljiv!<\/p>\n<h2 id=\"h-using-bonus-spins-on-aviator\">Uporaba bonus vrtljajev v Aviatorju<\/h2>\n<p>Bonus vrtljaji so stalnica igralni\u0161kih spletnih mest. Ko se registrirate na spletnem mestu igralnice, boste pogosto prejeli brezpla\u010dne vrtljaje kot bonus dobrodo\u0161lice. Dobite jih lahko celo prek \u010dasovno omejenih promocij ali kot nagrade v drugih igrah!<\/p>\n<p>\u010ce ste ljubitelj Aviatorja ali drugih igralni\u0161kih iger, potem so bonus vrtljaji odli\u010den na\u010din za brezpla\u010dne prilo\u017enosti za vrtenje kolutov, pristanek na letalu in morda zadetek denarja. Pravzaprav so bonus vrtljaji lahko \u0161e bolj dragoceni kot obi\u010dajni vrtljaji v igri, saj obi\u010dajno nimajo zahtev glede stav ali drugih omejitev zmagovanja.<\/p>\n<h2 id=\"h-how-to-get-bonus-spins\">Kako pridobiti bonus vrtljaje<\/h2>\n<p>Brezpla\u010dni vrtljaji lahko prihajajo iz razli\u010dnih mest, kot so bonusi dobrodo\u0161lice za nove uporabnike, ki opravijo svoj prvi depozit, ali promocijske kode in \u010dasovno omejeni dogodki.<\/p>\n<h3 id=\"h-welcome-bonus-spins-for-aviator\">Aviator vrtljaji bonusa dobrodo\u0161lice<\/h3>\n<p>Nekatere igralnice vam ob ustvarjanju ra\u010duna nudijo brezpla\u010dne vrtljaje. Morda se spra\u0161ujete, kako so ti brezpla\u010dni vrtljaji lahko koristni pri igranju Aviatorja; v\u010dasih pa igralnice omejijo uporabo teh brezpla\u010dnih vrtljajev le na najbolj priljubljene tradicionalne igralne avtomate. Vendar ne skrbite, \u0161e vedno obstajajo na\u010dini, kako izkoristiti vse brezpla\u010dne vrtljaje, ki jih je Aviator pripravil za vas.<\/p>\n<h2 id=\"h-how-to-use-free-spins-in-aviator\">Kako uporabljati brezpla\u010dne vrtljaje v Aviatorju<\/h2>\n<p>\u010ce va\u0161i vrtljaji v Aviatorju ne delujejo, jih lahko vedno uporabite za pridobitev kreditov v drugih igralni\u0161kih igrah. Na primer, \u010de imate brezpla\u010dne vrtljaje na igralnem avtomatu, lahko te kredite zamenjate za \u017eetone na igralnih mizah. Te \u017eetone lahko nato uporabite za stave na Aviator ali katero koli drugo igralni\u0161ko igro!<\/p>\n<p>Evo kako:<\/p>\n<ol start=\"1\" type=\"1\">\n<li>Izberite enega svojih najljub\u0161ih igralnih avtomatov.<\/li>\n<li>Izkoristite brezpla\u010dne vrtljaje.<\/li>\n<li>Vzemite vse kredite, ki jih osvojite med vrtljaji, in igrajte Aviator!<\/li>\n<\/ol>\n<p>Tako preprosto je.<\/p>\n<h2 id=\"h-can-you-win-free-spins-in-aviator\">Ali lahko osvojite brezpla\u010dne vrtljaje na Aviatorju?<\/h2>\n<p>Ni funkcije brezpla\u010dnih vrtljajev. Edina nagrada, ki jo boste osvojili v krogu, je va\u0161a stava, pomno\u017eena s \u010dasom vzleta rde\u010dega letala.<\/p>\n<h2 id=\"h-in-conclusion\">Zaklju\u010dek<\/h2>\n<p>Ne glede na to, kako jih dobite - bonus vrtljaji dobrodo\u0161lice, promocijske kode ali \u010dasovno omejene ponudbe - bonus vrtljaji so odli\u010den na\u010din za igralce vseh ravni znanja, da nadaljujejo z igro brez skrbi, da bi nekaj \u010dasa izgubili. In ne glede na to, za katere igre so namenjeni, lahko izku\u0161eni igralci svoje vrtljaje spremenijo v uporabne kredite, ki jih je mogo\u010de staviti v igri Aviator v \u017eivo.<\/p>\n<p><img loading=\"lazy\" decoding=\"async\" class=\"alignnone size-full wp-image-297\" src=\"https:\/\/aviator-slotgame.com\/wp-content\/uploads\/Aviator-14-800-x-600-\u043f\u0438\u043a\u0441.jpg\" alt=\"Zaklju\u010dek\" width=\"800\" height=\"600\" srcset=\"https:\/\/aviator-slotgame.com\/wp-content\/uploads\/Aviator-14-800-x-600-\u043f\u0438\u043a\u0441.jpg 800w, https:\/\/aviator-slotgame.com\/wp-content\/uploads\/Aviator-14-800-x-600-\u043f\u0438\u043a\u0441-300x225.jpg 300w, https:\/\/aviator-slotgame.com\/wp-content\/uploads\/Aviator-14-800-x-600-\u043f\u0438\u043a\u0441-768x576.jpg 768w, https:\/\/aviator-slotgame.com\/wp-content\/uploads\/Aviator-14-800-x-600-\u043f\u0438\u043a\u0441-16x12.jpg 16w\" sizes=\"auto, (max-width: 800px) 100vw, 800px\" \/><\/p>\n\n<div style=\"font-size: 0px; height: 0px; line-height: 0px; margin: 0; padding: 0; clear: both;\"><\/div>","protected":false},"excerpt":{"rendered":"<p>Aviator iz Spribe ni va\u0161 povpre\u010den video igralni avtomat. Ponuja funkcije dru\u017eabnega igranja iger, ki jih ne boste na\u0161li v tradicionalnih video avtomatih.<\/p>","protected":false},"author":1,"featured_media":0,"parent":0,"menu_order":0,"comment_status":"closed","ping_status":"closed","template":"","meta":{"footnotes":""},"class_list":["post-215","page","type-page","status-publish","hentry"],"yoast_head":"<!-- This site is optimized with the Yoast SEO plugin v22.0 - https:\/\/yoast.com\/wordpress\/plugins\/seo\/ -->\n<title>\u0410\u0432\u0438\u0430\u0442\u043e\u0440 \u0441\u043b\u043e\u0442\u044b - Aviator<\/title>\n<meta name=\"robots\" content=\"index, follow, max-snippet:-1, max-image-preview:large, max-video-preview:-1\" \/>\n<link rel=\"canonical\" href=\"https:\/\/aviator-slotgame.com\/sl\/reza-aviator-v-primerjavi-s-tradicionalnimi-video-reze\/\" \/>\n<meta property=\"og:locale\" content=\"sl_SI\" \/>\n<meta property=\"og:type\" content=\"article\" \/>\n<meta property=\"og:title\" content=\"\u0410\u0432\u0438\u0430\u0442\u043e\u0440 \u0441\u043b\u043e\u0442\u044b - Aviator\" \/>\n<meta property=\"og:description\" content=\"Aviator \u043e\u0442 Spribe \u2013 \u044d\u0442\u043e \u043d\u0435 \u043e\u0431\u044b\u0447\u043d\u044b\u0439 \u0432\u0438\u0434\u0435\u043e\u0441\u043b\u043e\u0442. \u041e\u043d \u043f\u0440\u0435\u0434\u043b\u0430\u0433\u0430\u0435\u0442 \u0432\u043e\u0437\u043c\u043e\u0436\u043d\u043e\u0441\u0442\u0438 \u0441\u043e\u0446\u0438\u0430\u043b\u044c\u043d\u044b\u0445 \u0438\u0433\u0440, \u043a\u043e\u0442\u043e\u0440\u044b\u0435 \u0432\u044b \u043d\u0435 \u043d\u0430\u0439\u0434\u0435\u0442\u0435 \u0432 \u0442\u0440\u0430\u0434\u0438\u0446\u0438\u043e\u043d\u043d\u044b\u0445 \u0432\u0438\u0434\u0435\u043e\u0441\u043b\u043e\u0442\u0430\u0445.\" \/>\n<meta property=\"og:url\" content=\"https:\/\/aviator-slotgame.com\/sl\/reza-aviator-v-primerjavi-s-tradicionalnimi-video-reze\/\" \/>\n<meta property=\"og:site_name\" content=\"Aviator\" \/>\n<meta property=\"article:modified_time\" content=\"2024-09-09T10:50:04+00:00\" \/>\n<meta property=\"og:image\" content=\"https:\/\/aviator-slotgame.com\/wp-content\/uploads\/aviator-4-1.png\" \/>\n<meta name=\"twitter:card\" content=\"summary_large_image\" \/>\n<meta name=\"twitter:label1\" content=\"Est. reading time\" \/>\n\t<meta name=\"twitter:data1\" content=\"4 minute\" \/>\n<script type=\"application\/ld+json\" class=\"yoast-schema-graph\">{\"@context\":\"https:\/\/schema.org\",\"@graph\":[{\"@type\":\"WebPage\",\"@id\":\"https:\/\/aviator-slotgame.com\/aviator-slots\/\",\"url\":\"https:\/\/aviator-slotgame.com\/aviator-slots\/\",\"name\":\"\u0410\u0432\u0438\u0430\u0442\u043e\u0440 \u0441\u043b\u043e\u0442\u044b - Aviator\",\"isPartOf\":{\"@id\":\"https:\/\/aviator-slotgame.com\/#website\"},\"datePublished\":\"2024-04-02T16:05:37+00:00\",\"dateModified\":\"2024-09-09T10:50:04+00:00\",\"breadcrumb\":{\"@id\":\"https:\/\/aviator-slotgame.com\/aviator-slots\/#breadcrumb\"},\"inLanguage\":\"sl-SI\",\"potentialAction\":[{\"@type\":\"ReadAction\",\"target\":[\"https:\/\/aviator-slotgame.com\/aviator-slots\/\"]}]},{\"@type\":\"BreadcrumbList\",\"@id\":\"https:\/\/aviator-slotgame.com\/aviator-slots\/#breadcrumb\",\"itemListElement\":[{\"@type\":\"ListItem\",\"position\":1,\"name\":\"Home\",\"item\":\"https:\/\/aviator-slotgame.com\/\"},{\"@type\":\"ListItem\",\"position\":2,\"name\":\"\u0410\u0432\u0438\u0430\u0442\u043e\u0440 \u0441\u043b\u043e\u0442\u044b\"}]},{\"@type\":\"WebSite\",\"@id\":\"https:\/\/aviator-slotgame.com\/#website\",\"url\":\"https:\/\/aviator-slotgame.com\/\",\"name\":\"Aviator\",\"description\":\"\",\"publisher\":{\"@id\":\"https:\/\/aviator-slotgame.com\/#organization\"},\"potentialAction\":[{\"@type\":\"SearchAction\",\"target\":{\"@type\":\"EntryPoint\",\"urlTemplate\":\"https:\/\/aviator-slotgame.com\/?s={search_term_string}\"},\"query-input\":\"required name=search_term_string\"}],\"inLanguage\":\"sl-SI\"},{\"@type\":\"Organization\",\"@id\":\"https:\/\/aviator-slotgame.com\/#organization\",\"name\":\"Aviator\",\"url\":\"https:\/\/aviator-slotgame.com\/\",\"logo\":{\"@type\":\"ImageObject\",\"inLanguage\":\"sl-SI\",\"@id\":\"https:\/\/aviator-slotgame.com\/#\/schema\/logo\/image\/\",\"url\":\"https:\/\/aviator-slotgame.com\/wp-content\/uploads\/16f5e8_dade544d4623411c9c4153c639aae85amv2.webp\",\"contentUrl\":\"https:\/\/aviator-slotgame.com\/wp-content\/uploads\/16f5e8_dade544d4623411c9c4153c639aae85amv2.webp\",\"width\":400,\"height\":300,\"caption\":\"Aviator\"},\"image\":{\"@id\":\"https:\/\/aviator-slotgame.com\/#\/schema\/logo\/image\/\"}}]}<\/script>\n<!-- \/ Yoast SEO plugin. -->","yoast_head_json":{"title":"\u0410\u0432\u0438\u0430\u0442\u043e\u0440 \u0441\u043b\u043e\u0442\u044b - Aviator","robots":{"index":"index","follow":"follow","max-snippet":"max-snippet:-1","max-image-preview":"max-image-preview:large","max-video-preview":"max-video-preview:-1"},"canonical":"https:\/\/aviator-slotgame.com\/sl\/reza-aviator-v-primerjavi-s-tradicionalnimi-video-reze\/","og_locale":"sl_SI","og_type":"article","og_title":"\u0410\u0432\u0438\u0430\u0442\u043e\u0440 \u0441\u043b\u043e\u0442\u044b - Aviator","og_description":"Aviator \u043e\u0442 Spribe \u2013 \u044d\u0442\u043e \u043d\u0435 \u043e\u0431\u044b\u0447\u043d\u044b\u0439 \u0432\u0438\u0434\u0435\u043e\u0441\u043b\u043e\u0442. \u041e\u043d \u043f\u0440\u0435\u0434\u043b\u0430\u0433\u0430\u0435\u0442 \u0432\u043e\u0437\u043c\u043e\u0436\u043d\u043e\u0441\u0442\u0438 \u0441\u043e\u0446\u0438\u0430\u043b\u044c\u043d\u044b\u0445 \u0438\u0433\u0440, \u043a\u043e\u0442\u043e\u0440\u044b\u0435 \u0432\u044b \u043d\u0435 \u043d\u0430\u0439\u0434\u0435\u0442\u0435 \u0432 \u0442\u0440\u0430\u0434\u0438\u0446\u0438\u043e\u043d\u043d\u044b\u0445 \u0432\u0438\u0434\u0435\u043e\u0441\u043b\u043e\u0442\u0430\u0445.","og_url":"https:\/\/aviator-slotgame.com\/sl\/reza-aviator-v-primerjavi-s-tradicionalnimi-video-reze\/","og_site_name":"Aviator","article_modified_time":"2024-09-09T10:50:04+00:00","og_image":[{"url":"https:\/\/aviator-slotgame.com\/wp-content\/uploads\/aviator-4-1.png"}],"twitter_card":"summary_large_image","twitter_misc":{"Est. reading time":"4 minute"},"schema":{"@context":"https:\/\/schema.org","@graph":[{"@type":"WebPage","@id":"https:\/\/aviator-slotgame.com\/aviator-slots\/","url":"https:\/\/aviator-slotgame.com\/aviator-slots\/","name":"\u0410\u0432\u0438\u0430\u0442\u043e\u0440 \u0441\u043b\u043e\u0442\u044b - Aviator","isPartOf":{"@id":"https:\/\/aviator-slotgame.com\/#website"},"datePublished":"2024-04-02T16:05:37+00:00","dateModified":"2024-09-09T10:50:04+00:00","breadcrumb":{"@id":"https:\/\/aviator-slotgame.com\/aviator-slots\/#breadcrumb"},"inLanguage":"sl-SI","potentialAction":[{"@type":"ReadAction","target":["https:\/\/aviator-slotgame.com\/aviator-slots\/"]}]},{"@type":"BreadcrumbList","@id":"https:\/\/aviator-slotgame.com\/aviator-slots\/#breadcrumb","itemListElement":[{"@type":"ListItem","position":1,"name":"Home","item":"https:\/\/aviator-slotgame.com\/"},{"@type":"ListItem","position":2,"name":"\u0410\u0432\u0438\u0430\u0442\u043e\u0440 \u0441\u043b\u043e\u0442\u044b"}]},{"@type":"WebSite","@id":"https:\/\/aviator-slotgame.com\/#website","url":"https:\/\/aviator-slotgame.com\/","name":"Aviator","description":"","publisher":{"@id":"https:\/\/aviator-slotgame.com\/#organization"},"potentialAction":[{"@type":"SearchAction","target":{"@type":"EntryPoint","urlTemplate":"https:\/\/aviator-slotgame.com\/?s={search_term_string}"},"query-input":"required name=search_term_string"}],"inLanguage":"sl-SI"},{"@type":"Organization","@id":"https:\/\/aviator-slotgame.com\/#organization","name":"Aviator","url":"https:\/\/aviator-slotgame.com\/","logo":{"@type":"ImageObject","inLanguage":"sl-SI","@id":"https:\/\/aviator-slotgame.com\/#\/schema\/logo\/image\/","url":"https:\/\/aviator-slotgame.com\/wp-content\/uploads\/16f5e8_dade544d4623411c9c4153c639aae85amv2.webp","contentUrl":"https:\/\/aviator-slotgame.com\/wp-content\/uploads\/16f5e8_dade544d4623411c9c4153c639aae85amv2.webp","width":400,"height":300,"caption":"Aviator"},"image":{"@id":"https:\/\/aviator-slotgame.com\/#\/schema\/logo\/image\/"}}]}},"amp_enabled":true,"_links":{"self":[{"href":"https:\/\/aviator-slotgame.com\/sl\/wp-json\/wp\/v2\/pages\/215","targetHints":{"allow":["GET"]}}],"collection":[{"href":"https:\/\/aviator-slotgame.com\/sl\/wp-json\/wp\/v2\/pages"}],"about":[{"href":"https:\/\/aviator-slotgame.com\/sl\/wp-json\/wp\/v2\/types\/page"}],"author":[{"embeddable":true,"href":"https:\/\/aviator-slotgame.com\/sl\/wp-json\/wp\/v2\/users\/1"}],"replies":[{"embeddable":true,"href":"https:\/\/aviator-slotgame.com\/sl\/wp-json\/wp\/v2\/comments?post=215"}],"version-history":[{"count":6,"href":"https:\/\/aviator-slotgame.com\/sl\/wp-json\/wp\/v2\/pages\/215\/revisions"}],"predecessor-version":[{"id":309,"href":"https:\/\/aviator-slotgame.com\/sl\/wp-json\/wp\/v2\/pages\/215\/revisions\/309"}],"wp:attachment":[{"href":"https:\/\/aviator-slotgame.com\/sl\/wp-json\/wp\/v2\/media?parent=215"}],"curies":[{"name":"wp","href":"https:\/\/api.w.org\/{rel}","templated":true}]}}