{"id":26,"date":"2024-01-31T12:57:07","date_gmt":"2024-01-31T12:57:07","guid":{"rendered":"https:\/\/aviator-slotgame.com\/?page_id=26"},"modified":"2024-10-03T23:16:00","modified_gmt":"2024-10-03T23:16:00","slug":"play-for-free","status":"publish","type":"page","link":"https:\/\/aviator-slotgame.com\/sl\/kako-brezplacno-igrati-demo-igro-aviator\/","title":{"rendered":"Kako brezpla\u010dno igrati demo Aviator"},"content":{"rendered":"<div class=\"58382615247a8509f5eb792dde8b3bb8\" data-index=\"1\" style=\"float: none; margin:10px 0 10px 0; text-align:center;\">\n<div class=\"custom-play-button\">\r\n<center><a href=\"https:\/\/aviator-slotgame.com\/sl\/play-game\/\" rel=\"nofollow\" target=\"_blank\">Igraj zdaj<\/a><br><\/center>\r\n<\/div>\n<\/div>\n<p>Igra Aviator proizvajalca Spribe je nova in vznemirljiva igralni\u0161ka igra, ki igralcem omogo\u010da, da izkusijo vznemirjenje zmagovanja, medtem ko letijo visoko. Demo razli\u010dica igre ponuja igralcem mo\u017enost, da igro preizkusijo brezpla\u010dno, medtem ko je polna razli\u010dica na voljo na \u0161tevilnih najbolj\u0161ih igralni\u0161kih mestih. Brezpla\u010dna predstavitev Aviator je odli\u010den na\u010din, da se nau\u010dite igrati igro, preden porabite denar za polno razli\u010dico, in je zabaven na\u010din pre\u017eivljanja \u010dasa na spletu, ne da bi porabili denar.<\/p>\n<p>\u010ce \u017eelite to narediti, morate obiskati uradno spletno mesto Aviator in izbrati na\u010din demo igre. V demo razli\u010dici lahko igrate, ne da bi morali staviti pravi denar in preprosto u\u017eivate v igri.<\/p>\n<p><img loading=\"lazy\" decoding=\"async\" title=\"Predvajaj demo Aviator\" src=\"https:\/\/aviator-slotgame.com\/wp-content\/uploads\/aviator-3.png\" alt=\"Kako brezpla\u010dno igrati demo Aviator\" width=\"800\" height=\"445\" \/><\/p>\n<h2>Klju\u010dne funkcije<\/h2>\n<p>Demo razli\u010dica vam bo predstavila ve\u010d pomembnih mehanizmov igre. \u010ce najprej vadite brezpla\u010dno, boste bolje razumeli, kako igra deluje, in lahko pove\u010date svoje dobitke pri igranju za pravi denar. Demo Aviator je tudi odli\u010den na\u010din, da se malo zabavate, ne da bi porabili denar ali kredite.<\/p><div class=\"58382615247a8509f5eb792dde8b3bb8\" data-index=\"1\" style=\"float: none; margin:10px 0 10px 0; text-align:center;\">\n<div class=\"custom-play-button\">\r\n<center><a href=\"https:\/\/aviator-slotgame.com\/sl\/play-game\/\" rel=\"nofollow\" target=\"_blank\">Igraj zdaj<\/a><br><\/center>\r\n<\/div>\n<\/div>\n\n<h3>Dvojni gumbi navzdol<\/h3>\n<p>Ti gumbi vam omogo\u010dajo, da podvojite svojo stavo, ko so kvote sestavljene v va\u0161o korist. To lahko pove\u010da va\u0161e dobitke, vendar pove\u010da tudi dejavnik tveganja.<\/p>\n<p>Priporo\u010damo, da vadite uporabo obeh gumbov v demo razli\u010dici, preden tvegate resni\u010dne zasluge spletnega mesta. Letalo Aviator lahko odleti v \u010dasu, ko pritisnete 2. gumb. Najbolj\u0161i igralci Aviatorja lahko obe svoji stavi izpla\u010dajo v eni sekundi.<\/p>\n<h3>Lestvica najbolj\u0161ih<\/h3>\n<p>Ta funkcija vam daje predstavo o tem, kako dobre so va\u0161e stave v primerjavi z drugimi igralci v realnem \u010dasu! To je odli\u010den na\u010din, da ostanete motivirani, ko pridete do prave igre. V predstavitvi so ti igralci simulirani, vendar lahko dobite idejo, na kaj morate biti pozorni.<\/p>\n<h3>Omejitve stav in dobitkov<\/h3>\n<p>Demo Aviator je dobro mesto, da ugotovite, katere najvi\u0161je in najni\u017eje stave lahko sklenete in koliko denarja vam bo prinesla sre\u010da. Ta informacija je izjemno pomembna iz dveh razlogov. Prvi\u010d, pri igranju polne razli\u010dice boste lahko poznali meje svoje igre in jih ne boste presegli. Drugi\u010d, lahko veste, kaj lahko pri\u010dakujete, ko se mno\u017eitelj za\u010dne pove\u010devati.<\/p>\n<table>\n<tbody>\n<tr>\n<td><strong>OMEJITVE IGRE<\/strong><\/td>\n<\/tr>\n<tr>\n<td><strong>Najni\u017eja ponudba<\/strong><\/td>\n<td>0.10<\/td>\n<\/tr>\n<tr>\n<td><strong>Najvi\u0161ja stava<\/strong><\/td>\n<td>100<\/td>\n<\/tr>\n<tr>\n<td><strong>Najve\u010dja zmaga<\/strong><\/td>\n<td>10,000<\/td>\n<\/tr>\n<\/tbody>\n<\/table>\n<p><img loading=\"lazy\" decoding=\"async\" src=\"https:\/\/aviator-slotgame.com\/wp-content\/uploads\/Aviator-12-800-x-600-\u043f\u0438\u043a\u0441.jpg\" alt=\"Stave in dobitki\" width=\"800\" height=\"600\" \/><\/p>\n<h3>Samodejno predvajanje<\/h3>\n<p>Autoplay samodejno postavlja stave in izpla\u010duje denar v va\u0161em imenu v skladu z nastavitvami, ki jih dolo\u010dite. To vam omogo\u010da, da se udobno namestite in sprostite, medtem ko igra Aviator opravi delo namesto vas. Za zabavo in vadbo bo igra igralcem omogo\u010dila, da preizkusijo razli\u010dne kombinacije nastavitev.<\/p>\n<p>V predstavitveni razli\u010dici Aviatorja so na voljo naslednje mo\u017enosti samodejnega predvajanja:<\/p>\n<ul>\n<li>Omejitev zni\u017eanja gotovine<\/li>\n<li>Omejitev zmage<\/li>\n<li>Omejitev na zmago<\/li>\n<li>Multiplikator denarnega izpla\u010dila<\/li>\n<\/ul>\n<p><img loading=\"lazy\" decoding=\"async\" src=\"https:\/\/aviator-slotgame.com\/wp-content\/uploads\/Aviator-15-800-x-600-\u043f\u0438\u043a\u0441.jpg\" alt=\"Samodejno predvajanje v Aviatorju\" width=\"800\" height=\"600\" \/><\/p>\n<h2>Funkcije, ki niso vklju\u010dene v demo razli\u010dico<\/h2>\n<p>Demo Aviator manjka ena pomembna funkcija. Enostavno se ne da modelirati.<\/p>\n<h3>Igralci klepetajo<\/h3>\n<p>V polni razli\u010dici Aviatorja lahko igralci dostopajo do sistema klepetov v igri, da razpravljajo o strategiji, zlorabljajo mno\u017eitelje, delijo nasvete in trike, se hvalijo z nedavnimi velikimi zmagami in klepetajo drug z drugim. Ta funkcija ni na voljo v demo razli\u010dici.<\/p>\n<p>Morda ne boste mogli vaditi komunikacije z drugimi igralci, vendar je to eden najpomembnej\u0161ih vidikov igre v \u017eivo. To je odli\u010den na\u010din za vzpostavljanje odnosov z drugimi igralci in u\u010denje ve\u010d o igri.<\/p>\n<h2>Brezpla\u010dna predstavitev igre Aviator v primerjavi z dejansko igro<\/h2>\n<p>Demo Aviator je brezpla\u010dna razli\u010dica igre, ki vam omogo\u010da vadbo in preizku\u0161anje razli\u010dnih strategij. Demo razli\u010dica vklju\u010duje vse funkcije, ki so na voljo v polni razli\u010dici, vendar z nekaterimi omejitvami. Na primer, v demo razli\u010dici Aviatorja ne morete zaslu\u017eiti pravega denarja ali osvojiti nagrad. Vendar, \u010de u\u017eivate v igranju demo razli\u010dice in \u017eelite izkusiti ve\u010d funkcij te vznemirljive igre, lahko kadar koli nadaljujete z igranjem prave igre.<\/p>\n<p>Demo razli\u010dica Aviatorja vsebuje ve\u010d vadnic in nasvetov, ki vam pomagajo razumeti, kako igrati u\u010dinkoviteje. Pomagali vam bodo izbolj\u0161ati va\u0161o splo\u0161no igralno izku\u0161njo z zagotavljanjem lahko razumljivih navodil za nove igralce in pou\u010devanjem novih tehnik. Ogledate si lahko tudi podatke RNG (generator naklju\u010dnih \u0161tevil), ustvarjene iz teh krogov, kar vam omogo\u010da, da se bolje seznanite s kripto tehnologijo Spribe.<\/p>\n<table>\n<tbody>\n<tr>\n<td><strong>AVIATOR DEMO<\/strong><\/td>\n<td><strong>IGRA V \u017dIVO \u201cAVIATOR\u201d<\/strong><\/td>\n<\/tr>\n<tr>\n<td>Igraj zastonj<\/td>\n<td>Potreben je kredit za spletno mesto<\/td>\n<\/tr>\n<tr>\n<td>Brez klepeta v \u017eivo<\/td>\n<td>Klepet za vse igralce<\/td>\n<\/tr>\n<tr>\n<td>Brez dobitkov<\/td>\n<td>Zmaga je odvisna od mno\u017eitelja<\/td>\n<\/tr>\n<tr>\n<td>Igrate lahko na uradni spletni strani Spribe<\/td>\n<td>Na voljo samo v licenciranih spletnih igralnicah<\/td>\n<\/tr>\n<tr>\n<td>Simulirani igralci na lestvici najbolj\u0161ih<\/td>\n<td>Pravi igralci stavijo<\/td>\n<\/tr>\n<\/tbody>\n<\/table>\n<p>\u010ce najprej igrate demo Aviator, lahko izpopolnite svoje sposobnosti, preden se pomerite z drugimi igralci in morda zares zmagate!<\/p>\n<p><img loading=\"lazy\" decoding=\"async\" src=\"https:\/\/aviator-slotgame.com\/wp-content\/uploads\/Aviator-11-800-x-600-\u043f\u0438\u043a\u0441.jpg\" alt=\"Demo razli\u010dica v Aviatorju\" width=\"800\" height=\"600\" \/><\/p>\n<h2>Demo razli\u010dica igre Aviator<\/h2>\n<p>Zakaj vsi priporo\u010dajo, da se najprej seznanite z demo razli\u010dico igre Aviator?<\/p>\n<ol>\n<li><strong>Uvod v igro:<\/strong> Brezpla\u010dna razli\u010dica igre Aviator pomaga igralcem, da se seznanijo z igranjem, pravili igre in funkcijami igralnega avtomata, ne da bi tvegali svoj denar.<\/li>\n<li><strong>Praksa:<\/strong> Igranje brezpla\u010dne razli\u010dice omogo\u010da igralcem, da vadijo in izpopolnjujejo svoje ve\u0161\u010dine, preden za\u010dnejo igrati za pravi denar.<\/li>\n<li><strong>Obrestna ocena:<\/strong> Z igranjem brezpla\u010dne razli\u010dice lahko ocenite, kako zanimiva in vznemirljiva je igra, kar vam bo pomagalo pri odlo\u010ditvi, ali boste \u0161e naprej igrali za pravi denar.<\/li>\n<li><strong>Nefinan\u010dna tveganja:<\/strong> Brezpla\u010dna razli\u010dica odpravlja finan\u010dna tveganja za igralca, saj se stave oddajajo na virtualni denar, kar vam omogo\u010da, da v igri u\u017eivate brez stresa.<\/li>\n<li><strong>Zabava:<\/strong> Igranje brezpla\u010dne razli\u010dice Aviatorja je lahko odli\u010den na\u010din za zabavo in kraj\u0161anje \u010dasa, ne da bi morali vlagati denar.<\/li>\n<\/ol>\n<p><img loading=\"lazy\" decoding=\"async\" src=\"https:\/\/aviator-slotgame.com\/wp-content\/uploads\/Aviator-30-800-x-600-\u043f\u0438\u043a\u0441.jpg\" alt=\"Demo igra Aviator\" width=\"800\" height=\"600\" \/><\/p>\n<h2>Kje lahko najdem demo razli\u010dico igre Aviator?<\/h2>\n<p>Tu so podrobna navodila, kako najti demo razli\u010dico spletne igre Aviator:<\/p>\n<ol>\n<li>Odprite internetni brskalnik na svoji napravi in pojdite na uradno spletno stran igralnice, v kateri \u017eelite igrati.<\/li>\n<li>\u010ce \u017ee imate ra\u010dun na spletnem mestu, se prijavite s svojimi poverilnicami. \u010ce \u0161e nimate ra\u010duna, se registrirajte na spletni strani igralnice.<\/li>\n<li>Ko vstopite na spletno mesto, poi\u0161\u010dite razdelek s crash igrami ali uporabite iskalno vrstico. Obi\u010dajno so demo razli\u010dice iger na voljo v razdelku Igre.<\/li>\n<li>Poi\u0161\u010dite igro Aviator med predstavljenimi mo\u017enostmi in kliknite nanjo.<\/li>\n<li>V informacijah o igri boste obi\u010dajno na\u0161li gumb Predvajaj ali Demo. Kliknite na ta gumb, da za\u010dnete demo na\u010din igre Aviator.<\/li>\n<li>Demo razli\u010dica igre se bo prenesla in lahko za\u010dnete igrati, ne da bi morali staviti pravi denar. V demo na\u010dinu boste za igranje igre Aviator crash uporabili virtualni denar, ki vam ga zagotovi igralnica.<\/li>\n<\/ol>\n<p>\u010ce sledite tem korakom, lahko preprosto najdete in igrate demo razli\u010dico igre Aviator na uradni spletni strani igralnice.<\/p>\n<p><img loading=\"lazy\" decoding=\"async\" src=\"https:\/\/aviator-slotgame.com\/wp-content\/uploads\/Aviator-31-800-x-600-\u043f\u0438\u043a\u0441.jpg\" alt=\"Poi\u0161\u010dite demo igro Aviator\" width=\"800\" height=\"600\" \/><\/p>\n\n<div style=\"font-size: 0px; height: 0px; line-height: 0px; margin: 0; padding: 0; clear: both;\"><\/div>","protected":false},"excerpt":{"rendered":"<p>Spribe&#039;s Aviator je nova in vznemirljiva igralni\u0161ka igra, ki igralcem omogo\u010da, da izkusijo vznemirjenje zmagovanja.<\/p>","protected":false},"author":1,"featured_media":0,"parent":0,"menu_order":0,"comment_status":"closed","ping_status":"closed","template":"","meta":{"footnotes":""},"class_list":["post-26","page","type-page","status-publish","hentry"],"yoast_head":"<!-- This site is optimized with the Yoast SEO plugin v22.0 - https:\/\/yoast.com\/wordpress\/plugins\/seo\/ -->\n<title>\u0414\u0435\u043c\u043e-\u0432\u0435\u0440\u0441\u0438\u044f \u0438\u0433\u0440\u044b \u0410\u0432\u0438\u0430\u0442\u043e\u0440 \u2014 \u0418\u0433\u0440\u0430\u0439\u0442\u0435 \u0432 \u043a\u0440\u0430\u0448-\u0441\u043b\u043e\u0442 \u0431\u0435\u0441\u043f\u043b\u0430\u0442\u043d\u043e<\/title>\n<meta name=\"description\" content=\"\u0418\u0433\u0440\u0430\u0439 \u0432 \u0434\u0435\u043c\u043e-\u0432\u0435\u0440\u0441\u0438\u044e \u0410\u0432\u0438\u0430\u0442\u043e\u0440 \u0431\u0435\u0441\u043f\u043b\u0430\u0442\u043d\u043e. \u0422\u0440\u0435\u043d\u0438\u0440\u0443\u0439\u0441\u044f \u0431\u0435\u0437 \u0434\u0435\u043d\u0435\u0433 \u0432 \u043a\u0440\u0430\u0448-\u0441\u043b\u043e\u0442\u0435 \u043e\u0442 Spribe \u043f\u0435\u0440\u0435\u0434 \u0438\u0433\u0440\u043e\u0439 \u043d\u0430 \u0440\u0435\u0430\u043b\u044c\u043d\u044b\u0435 \u0434\u0435\u043d\u044c\u0433\u0438 \u0432 \u043e\u043d\u043b\u0430\u0439\u043d \u043a\u0430\u0437\u0438\u043d\u043e.\" \/>\n<meta name=\"robots\" content=\"index, follow, max-snippet:-1, max-image-preview:large, max-video-preview:-1\" \/>\n<link rel=\"canonical\" href=\"https:\/\/aviator-slotgame.com\/sl\/kako-brezplacno-igrati-demo-igro-aviator\/\" \/>\n<meta property=\"og:locale\" content=\"sl_SI\" \/>\n<meta property=\"og:type\" content=\"article\" \/>\n<meta property=\"og:title\" content=\"\u0414\u0435\u043c\u043e-\u0432\u0435\u0440\u0441\u0438\u044f \u0438\u0433\u0440\u044b \u0410\u0432\u0438\u0430\u0442\u043e\u0440 \u2014 \u0418\u0433\u0440\u0430\u0439\u0442\u0435 \u0432 \u043a\u0440\u0430\u0448-\u0441\u043b\u043e\u0442 \u0431\u0435\u0441\u043f\u043b\u0430\u0442\u043d\u043e\" \/>\n<meta property=\"og:description\" content=\"\u0418\u0433\u0440\u0430\u0439 \u0432 \u0434\u0435\u043c\u043e-\u0432\u0435\u0440\u0441\u0438\u044e \u0410\u0432\u0438\u0430\u0442\u043e\u0440 \u0431\u0435\u0441\u043f\u043b\u0430\u0442\u043d\u043e. \u0422\u0440\u0435\u043d\u0438\u0440\u0443\u0439\u0441\u044f \u0431\u0435\u0437 \u0434\u0435\u043d\u0435\u0433 \u0432 \u043a\u0440\u0430\u0448-\u0441\u043b\u043e\u0442\u0435 \u043e\u0442 Spribe \u043f\u0435\u0440\u0435\u0434 \u0438\u0433\u0440\u043e\u0439 \u043d\u0430 \u0440\u0435\u0430\u043b\u044c\u043d\u044b\u0435 \u0434\u0435\u043d\u044c\u0433\u0438 \u0432 \u043e\u043d\u043b\u0430\u0439\u043d \u043a\u0430\u0437\u0438\u043d\u043e.\" \/>\n<meta property=\"og:url\" content=\"https:\/\/aviator-slotgame.com\/sl\/kako-brezplacno-igrati-demo-igro-aviator\/\" \/>\n<meta property=\"og:site_name\" content=\"Aviator\" \/>\n<meta property=\"article:modified_time\" content=\"2024-10-03T23:16:00+00:00\" \/>\n<meta property=\"og:image\" content=\"https:\/\/aviator-slotgame.com\/wp-content\/uploads\/aviator-3.png\" \/>\n<meta name=\"twitter:card\" content=\"summary_large_image\" \/>\n<meta name=\"twitter:label1\" content=\"Est. reading time\" \/>\n\t<meta name=\"twitter:data1\" content=\"6 minut\" \/>\n<script type=\"application\/ld+json\" class=\"yoast-schema-graph\">{\"@context\":\"https:\/\/schema.org\",\"@graph\":[{\"@type\":\"WebPage\",\"@id\":\"https:\/\/aviator-slotgame.com\/play-for-free\/\",\"url\":\"https:\/\/aviator-slotgame.com\/play-for-free\/\",\"name\":\"\u0414\u0435\u043c\u043e-\u0432\u0435\u0440\u0441\u0438\u044f \u0438\u0433\u0440\u044b \u0410\u0432\u0438\u0430\u0442\u043e\u0440 \u2014 \u0418\u0433\u0440\u0430\u0439\u0442\u0435 \u0432 \u043a\u0440\u0430\u0448-\u0441\u043b\u043e\u0442 \u0431\u0435\u0441\u043f\u043b\u0430\u0442\u043d\u043e\",\"isPartOf\":{\"@id\":\"https:\/\/aviator-slotgame.com\/#website\"},\"datePublished\":\"2024-01-31T12:57:07+00:00\",\"dateModified\":\"2024-10-03T23:16:00+00:00\",\"description\":\"\u0418\u0433\u0440\u0430\u0439 \u0432 \u0434\u0435\u043c\u043e-\u0432\u0435\u0440\u0441\u0438\u044e \u0410\u0432\u0438\u0430\u0442\u043e\u0440 \u0431\u0435\u0441\u043f\u043b\u0430\u0442\u043d\u043e. \u0422\u0440\u0435\u043d\u0438\u0440\u0443\u0439\u0441\u044f \u0431\u0435\u0437 \u0434\u0435\u043d\u0435\u0433 \u0432 \u043a\u0440\u0430\u0448-\u0441\u043b\u043e\u0442\u0435 \u043e\u0442 Spribe \u043f\u0435\u0440\u0435\u0434 \u0438\u0433\u0440\u043e\u0439 \u043d\u0430 \u0440\u0435\u0430\u043b\u044c\u043d\u044b\u0435 \u0434\u0435\u043d\u044c\u0433\u0438 \u0432 \u043e\u043d\u043b\u0430\u0439\u043d \u043a\u0430\u0437\u0438\u043d\u043e.\",\"breadcrumb\":{\"@id\":\"https:\/\/aviator-slotgame.com\/play-for-free\/#breadcrumb\"},\"inLanguage\":\"sl-SI\",\"potentialAction\":[{\"@type\":\"ReadAction\",\"target\":[\"https:\/\/aviator-slotgame.com\/play-for-free\/\"]}]},{\"@type\":\"BreadcrumbList\",\"@id\":\"https:\/\/aviator-slotgame.com\/play-for-free\/#breadcrumb\",\"itemListElement\":[{\"@type\":\"ListItem\",\"position\":1,\"name\":\"Home\",\"item\":\"https:\/\/aviator-slotgame.com\/\"},{\"@type\":\"ListItem\",\"position\":2,\"name\":\"\u041a\u0430\u043a \u0438\u0433\u0440\u0430\u0442\u044c \u0432 \u0434\u0435\u043c\u043e-\u0432\u0435\u0440\u0441\u0438\u044e \u0410\u0432\u0438\u0430\u0442\u043e\u0440\u0430 \u0431\u0435\u0441\u043f\u043b\u0430\u0442\u043d\u043e\"}]},{\"@type\":\"WebSite\",\"@id\":\"https:\/\/aviator-slotgame.com\/#website\",\"url\":\"https:\/\/aviator-slotgame.com\/\",\"name\":\"Aviator\",\"description\":\"\",\"publisher\":{\"@id\":\"https:\/\/aviator-slotgame.com\/#organization\"},\"potentialAction\":[{\"@type\":\"SearchAction\",\"target\":{\"@type\":\"EntryPoint\",\"urlTemplate\":\"https:\/\/aviator-slotgame.com\/?s={search_term_string}\"},\"query-input\":\"required name=search_term_string\"}],\"inLanguage\":\"sl-SI\"},{\"@type\":\"Organization\",\"@id\":\"https:\/\/aviator-slotgame.com\/#organization\",\"name\":\"Aviator\",\"url\":\"https:\/\/aviator-slotgame.com\/\",\"logo\":{\"@type\":\"ImageObject\",\"inLanguage\":\"sl-SI\",\"@id\":\"https:\/\/aviator-slotgame.com\/#\/schema\/logo\/image\/\",\"url\":\"https:\/\/aviator-slotgame.com\/wp-content\/uploads\/16f5e8_dade544d4623411c9c4153c639aae85amv2.webp\",\"contentUrl\":\"https:\/\/aviator-slotgame.com\/wp-content\/uploads\/16f5e8_dade544d4623411c9c4153c639aae85amv2.webp\",\"width\":400,\"height\":300,\"caption\":\"Aviator\"},\"image\":{\"@id\":\"https:\/\/aviator-slotgame.com\/#\/schema\/logo\/image\/\"}}]}<\/script>\n<!-- \/ Yoast SEO plugin. -->","yoast_head_json":{"title":"\u0414\u0435\u043c\u043e-\u0432\u0435\u0440\u0441\u0438\u044f \u0438\u0433\u0440\u044b \u0410\u0432\u0438\u0430\u0442\u043e\u0440 \u2014 \u0418\u0433\u0440\u0430\u0439\u0442\u0435 \u0432 \u043a\u0440\u0430\u0448-\u0441\u043b\u043e\u0442 \u0431\u0435\u0441\u043f\u043b\u0430\u0442\u043d\u043e","description":"\u0418\u0433\u0440\u0430\u0439 \u0432 \u0434\u0435\u043c\u043e-\u0432\u0435\u0440\u0441\u0438\u044e \u0410\u0432\u0438\u0430\u0442\u043e\u0440 \u0431\u0435\u0441\u043f\u043b\u0430\u0442\u043d\u043e. \u0422\u0440\u0435\u043d\u0438\u0440\u0443\u0439\u0441\u044f \u0431\u0435\u0437 \u0434\u0435\u043d\u0435\u0433 \u0432 \u043a\u0440\u0430\u0448-\u0441\u043b\u043e\u0442\u0435 \u043e\u0442 Spribe \u043f\u0435\u0440\u0435\u0434 \u0438\u0433\u0440\u043e\u0439 \u043d\u0430 \u0440\u0435\u0430\u043b\u044c\u043d\u044b\u0435 \u0434\u0435\u043d\u044c\u0433\u0438 \u0432 \u043e\u043d\u043b\u0430\u0439\u043d \u043a\u0430\u0437\u0438\u043d\u043e.","robots":{"index":"index","follow":"follow","max-snippet":"max-snippet:-1","max-image-preview":"max-image-preview:large","max-video-preview":"max-video-preview:-1"},"canonical":"https:\/\/aviator-slotgame.com\/sl\/kako-brezplacno-igrati-demo-igro-aviator\/","og_locale":"sl_SI","og_type":"article","og_title":"\u0414\u0435\u043c\u043e-\u0432\u0435\u0440\u0441\u0438\u044f \u0438\u0433\u0440\u044b \u0410\u0432\u0438\u0430\u0442\u043e\u0440 \u2014 \u0418\u0433\u0440\u0430\u0439\u0442\u0435 \u0432 \u043a\u0440\u0430\u0448-\u0441\u043b\u043e\u0442 \u0431\u0435\u0441\u043f\u043b\u0430\u0442\u043d\u043e","og_description":"\u0418\u0433\u0440\u0430\u0439 \u0432 \u0434\u0435\u043c\u043e-\u0432\u0435\u0440\u0441\u0438\u044e \u0410\u0432\u0438\u0430\u0442\u043e\u0440 \u0431\u0435\u0441\u043f\u043b\u0430\u0442\u043d\u043e. \u0422\u0440\u0435\u043d\u0438\u0440\u0443\u0439\u0441\u044f \u0431\u0435\u0437 \u0434\u0435\u043d\u0435\u0433 \u0432 \u043a\u0440\u0430\u0448-\u0441\u043b\u043e\u0442\u0435 \u043e\u0442 Spribe \u043f\u0435\u0440\u0435\u0434 \u0438\u0433\u0440\u043e\u0439 \u043d\u0430 \u0440\u0435\u0430\u043b\u044c\u043d\u044b\u0435 \u0434\u0435\u043d\u044c\u0433\u0438 \u0432 \u043e\u043d\u043b\u0430\u0439\u043d \u043a\u0430\u0437\u0438\u043d\u043e.","og_url":"https:\/\/aviator-slotgame.com\/sl\/kako-brezplacno-igrati-demo-igro-aviator\/","og_site_name":"Aviator","article_modified_time":"2024-10-03T23:16:00+00:00","og_image":[{"url":"https:\/\/aviator-slotgame.com\/wp-content\/uploads\/aviator-3.png"}],"twitter_card":"summary_large_image","twitter_misc":{"Est. reading time":"6 minut"},"schema":{"@context":"https:\/\/schema.org","@graph":[{"@type":"WebPage","@id":"https:\/\/aviator-slotgame.com\/play-for-free\/","url":"https:\/\/aviator-slotgame.com\/play-for-free\/","name":"\u0414\u0435\u043c\u043e-\u0432\u0435\u0440\u0441\u0438\u044f \u0438\u0433\u0440\u044b \u0410\u0432\u0438\u0430\u0442\u043e\u0440 \u2014 \u0418\u0433\u0440\u0430\u0439\u0442\u0435 \u0432 \u043a\u0440\u0430\u0448-\u0441\u043b\u043e\u0442 \u0431\u0435\u0441\u043f\u043b\u0430\u0442\u043d\u043e","isPartOf":{"@id":"https:\/\/aviator-slotgame.com\/#website"},"datePublished":"2024-01-31T12:57:07+00:00","dateModified":"2024-10-03T23:16:00+00:00","description":"\u0418\u0433\u0440\u0430\u0439 \u0432 \u0434\u0435\u043c\u043e-\u0432\u0435\u0440\u0441\u0438\u044e \u0410\u0432\u0438\u0430\u0442\u043e\u0440 \u0431\u0435\u0441\u043f\u043b\u0430\u0442\u043d\u043e. \u0422\u0440\u0435\u043d\u0438\u0440\u0443\u0439\u0441\u044f \u0431\u0435\u0437 \u0434\u0435\u043d\u0435\u0433 \u0432 \u043a\u0440\u0430\u0448-\u0441\u043b\u043e\u0442\u0435 \u043e\u0442 Spribe \u043f\u0435\u0440\u0435\u0434 \u0438\u0433\u0440\u043e\u0439 \u043d\u0430 \u0440\u0435\u0430\u043b\u044c\u043d\u044b\u0435 \u0434\u0435\u043d\u044c\u0433\u0438 \u0432 \u043e\u043d\u043b\u0430\u0439\u043d \u043a\u0430\u0437\u0438\u043d\u043e.","breadcrumb":{"@id":"https:\/\/aviator-slotgame.com\/play-for-free\/#breadcrumb"},"inLanguage":"sl-SI","potentialAction":[{"@type":"ReadAction","target":["https:\/\/aviator-slotgame.com\/play-for-free\/"]}]},{"@type":"BreadcrumbList","@id":"https:\/\/aviator-slotgame.com\/play-for-free\/#breadcrumb","itemListElement":[{"@type":"ListItem","position":1,"name":"Home","item":"https:\/\/aviator-slotgame.com\/"},{"@type":"ListItem","position":2,"name":"\u041a\u0430\u043a \u0438\u0433\u0440\u0430\u0442\u044c \u0432 \u0434\u0435\u043c\u043e-\u0432\u0435\u0440\u0441\u0438\u044e \u0410\u0432\u0438\u0430\u0442\u043e\u0440\u0430 \u0431\u0435\u0441\u043f\u043b\u0430\u0442\u043d\u043e"}]},{"@type":"WebSite","@id":"https:\/\/aviator-slotgame.com\/#website","url":"https:\/\/aviator-slotgame.com\/","name":"Aviator","description":"","publisher":{"@id":"https:\/\/aviator-slotgame.com\/#organization"},"potentialAction":[{"@type":"SearchAction","target":{"@type":"EntryPoint","urlTemplate":"https:\/\/aviator-slotgame.com\/?s={search_term_string}"},"query-input":"required name=search_term_string"}],"inLanguage":"sl-SI"},{"@type":"Organization","@id":"https:\/\/aviator-slotgame.com\/#organization","name":"Aviator","url":"https:\/\/aviator-slotgame.com\/","logo":{"@type":"ImageObject","inLanguage":"sl-SI","@id":"https:\/\/aviator-slotgame.com\/#\/schema\/logo\/image\/","url":"https:\/\/aviator-slotgame.com\/wp-content\/uploads\/16f5e8_dade544d4623411c9c4153c639aae85amv2.webp","contentUrl":"https:\/\/aviator-slotgame.com\/wp-content\/uploads\/16f5e8_dade544d4623411c9c4153c639aae85amv2.webp","width":400,"height":300,"caption":"Aviator"},"image":{"@id":"https:\/\/aviator-slotgame.com\/#\/schema\/logo\/image\/"}}]}},"amp_enabled":true,"_links":{"self":[{"href":"https:\/\/aviator-slotgame.com\/sl\/wp-json\/wp\/v2\/pages\/26","targetHints":{"allow":["GET"]}}],"collection":[{"href":"https:\/\/aviator-slotgame.com\/sl\/wp-json\/wp\/v2\/pages"}],"about":[{"href":"https:\/\/aviator-slotgame.com\/sl\/wp-json\/wp\/v2\/types\/page"}],"author":[{"embeddable":true,"href":"https:\/\/aviator-slotgame.com\/sl\/wp-json\/wp\/v2\/users\/1"}],"replies":[{"embeddable":true,"href":"https:\/\/aviator-slotgame.com\/sl\/wp-json\/wp\/v2\/comments?post=26"}],"version-history":[{"count":19,"href":"https:\/\/aviator-slotgame.com\/sl\/wp-json\/wp\/v2\/pages\/26\/revisions"}],"predecessor-version":[{"id":412,"href":"https:\/\/aviator-slotgame.com\/sl\/wp-json\/wp\/v2\/pages\/26\/revisions\/412"}],"wp:attachment":[{"href":"https:\/\/aviator-slotgame.com\/sl\/wp-json\/wp\/v2\/media?parent=26"}],"curies":[{"name":"wp","href":"https:\/\/api.w.org\/{rel}","templated":true}]}}