{"id":263,"date":"2024-09-06T14:43:40","date_gmt":"2024-09-06T14:43:40","guid":{"rendered":"https:\/\/aviator-slotgame.com\/?page_id=263"},"modified":"2024-09-08T10:40:25","modified_gmt":"2024-09-08T10:40:25","slug":"aviator","status":"publish","type":"page","link":"https:\/\/aviator-slotgame.com\/sl\/aviator\/","title":{"rendered":"Pravila, funkcije in dobitki v igralnem avtomatu crash za denar"},"content":{"rendered":"<div class=\"58382615247a8509f5eb792dde8b3bb8\" data-index=\"1\" style=\"float: none; margin:10px 0 10px 0; text-align:center;\">\n<div class=\"custom-play-button\">\r\n<center><a href=\"https:\/\/aviator-slotgame.com\/sl\/play-game\/\" rel=\"nofollow\" target=\"_blank\">Igraj zdaj<\/a><br><\/center>\r\n<\/div>\n<\/div>\n<h1><\/h1>\n<p><img loading=\"lazy\" decoding=\"async\" class=\"alignnone size-full wp-image-264\" src=\"https:\/\/aviator-slotgame.com\/wp-content\/uploads\/Aviator-7-800-x-600-\u043f\u0438\u043a\u0441.jpg\" alt=\"Spletni igralni avtomat Aviator - Igrajte za pravi denar v igralnici \" width=\"800\" height=\"600\" srcset=\"https:\/\/aviator-slotgame.com\/wp-content\/uploads\/Aviator-7-800-x-600-\u043f\u0438\u043a\u0441.jpg 800w, https:\/\/aviator-slotgame.com\/wp-content\/uploads\/Aviator-7-800-x-600-\u043f\u0438\u043a\u0441-300x225.jpg 300w, https:\/\/aviator-slotgame.com\/wp-content\/uploads\/Aviator-7-800-x-600-\u043f\u0438\u043a\u0441-768x576.jpg 768w, https:\/\/aviator-slotgame.com\/wp-content\/uploads\/Aviator-7-800-x-600-\u043f\u0438\u043a\u0441-16x12.jpg 16w\" sizes=\"auto, (max-width: 800px) 100vw, 800px\" \/><\/p>\n<h2>Kaj je spletna igra crash Aviator?<\/h2>\n<p>Aviator je ena izmed priljubljenih iger, ki jih je razvil studio Spribe. Nov izdelek na sodobnem trgu, ustvarjen na osnovi generatorja naklju\u010dnih \u0161tevil, o\u010dara igralca \u017ee od samega za\u010detka. Zmagovalec se dolo\u010di z naklju\u010dnim izborom! To ohranja igro po\u0161teno in igralcu poka\u017ee, da njegova stava ni odvisna od platforme ali zgodbe igre. Aviator se od drugih priljubljenih crash iger razlikuje po izvirnem igranju; Aviator nima obi\u010dajnih kolutov, linij s sadjem in podobno, ki so tako dolgo\u010dasni za ljubitelje iger na sre\u010do. Igra pritegne tudi z dokaj preprostimi pravili in mo\u017enostjo zaslu\u017eka pravega denarja, zaradi \u010desar je priljubljena med hazarderji, predvsem pa med ljubitelji letal in vsega, kar je povezano z letenjem!<\/p>\n<p>Bistvo igre je, da mora imeti uporabnik \u010das, da shrani svojo stavo, preden letalo odleti in s tem ponastavi igral\u010dev koeficient na ni\u010d.<\/p>\n<p>Spribe je dobro znano podjetje, specializirano za razvoj inovativnih spletnih iger in platform za igre na sre\u010do, njihove igre so priljubljene med hazarderji po vsem svetu. Podjetje je bilo ustanovljeno leta 2018 in je v kratkem \u010dasu uspelo pridobiti priljubljenost med igralci in operaterji spletnih igralnic zaradi vznemirljive mehanike igranja in zmo\u017enosti igranja za denar in v demo na\u010dinu.<\/p><div class=\"58382615247a8509f5eb792dde8b3bb8\" data-index=\"1\" style=\"float: none; margin:10px 0 10px 0; text-align:center;\">\n<div class=\"custom-play-button\">\r\n<center><a href=\"https:\/\/aviator-slotgame.com\/sl\/play-game\/\" rel=\"nofollow\" target=\"_blank\">Igraj zdaj<\/a><br><\/center>\r\n<\/div>\n<\/div>\n\n<h2>Razlogi za priljubljenost spletne igre Aviator<\/h2>\n<p>Zakaj je igra Aviator tako priljubljena med hazarderji?<\/p>\n<ol>\n<li>Enostavnost pravil: Igra Aviator ima preprosta in razumljiva pravila, zaradi \u010desar je dostopna \u0161irokemu krogu igralcev, ne glede na njihove izku\u0161nje in stopnjo usposobljenosti.<\/li>\n<\/ol>\n<p>Demo na\u010din: \u010ce ne \u017eelite tvegati svojega denarja in se bojite za\u010deti, ga preverite in se preizkusite v brezpla\u010dnem na\u010dinu. Ne vlagate pravega denarja. \u00bbZabavni na\u010din\u00ab omogo\u010da igralcem, da se pribli\u017eajo igranju, ne da bi tvegali svoje prihranke.<\/p>\n<p>Prilo\u017enost za hitre dobitke: Igre na sre\u010do Aviator ponujajo mo\u017enost hitrih dobitkov, kar pritegne \u0161tevilne igralce, ki i\u0161\u010dejo vznemirjenje in adrenalin.<\/p>\n<p>Raznolikost stav: Igra Aviator ponuja razli\u010dne vrste stav, ki igralcem omogo\u010dajo, da izberejo stopnjo tveganja in potencialno nagrado, ki jim ustreza.<\/p>\n<p>Mo\u017enost igranja na spletu: Igra Aviator je na voljo v spletni obliki, zaradi \u010desar je na voljo za igranje kadar koli in kjer koli na svetu.<\/p>\n<p>Priro\u010dnost in dostopnost: spletna igra Aviator omogo\u010da igralcem, da u\u017eivajo v razburjenju kar od doma ali kjerkoli drugje, ne da bi zapustili dom. Zaradi tega je igra priro\u010dna in dostopna \u0161irokemu krogu igralcev.<\/p>\n<p>Bonusi in posebne ponudbe: \u0161tevilne spletne igralnice, ki ponujajo igro Aviator, pogosto ponujajo razli\u010dne bonuse, promocije in posebne ponudbe za privabljanje novih igralcev in nagrajevanje rednih. Zaradi tega je igra \u0161e bolj mamljiva.<\/p>\n<p>Oblikovanje grafike in zvoka: Sodobne spletne igralnice obi\u010dajno ponujajo visokokakovostno grafiko in oblikovanje zvoka za igre, vklju\u010dno z igro Aviator. In dinami\u010dno in razburljivo igranje zagotovo ne bo pustilo, da bi se igralci dolgo\u010dasili in ohranja zanimanje za igro ves \u010das.<\/p>\n<p>Mobilno igranje: \u0161tevilne spletne igralnice ponujajo igro Aviator v formatu, ki je zdru\u017eljiv z mobilnimi napravami, kar igralcem omogo\u010da, da v igri u\u017eivajo kadarkoli in kjer koli. Ne pozabite poskrbeti za dobro internetno povezavo in zadostno napolnjenost mobilne naprave!<\/p>\n<p>&nbsp;<\/p>\n<h2>Pravila iger na sre\u010do Aviator<\/h2>\n<p>Igra ima preprosta in jasna pravila, kjer uporabnik stavi na dolo\u010den rezultat in lahko zmaga tako, da pomno\u017ei svojo stavo s kvoto. Igrate lahko bodisi v ro\u010dnem na\u010dinu, tako da sami sklepate stave, ali v samodejnem na\u010dinu, ko igra namesto vas izvaja stave na podlagi parametrov, ki jih nastavite.<\/p>\n<h3>Pravila igre<\/h3>\n<p>\u010ce \u017eelite za\u010deti igrati igro Aviator, morate slediti tem korakom:<\/p>\n<ol>\n<li>Poi\u0161\u010dite spletno igralnico ali igralno platformo, ki ponuja igro Aviator.<\/li>\n<li>Registrirajte se na platformi po va\u0161i izbiri, tako da ustvarite ra\u010dun in zagotovite zahtevane podatke.<\/li>\n<li>Napolnite svoj igralni ra\u010dun z denarjem, da boste lahko stavili v igri.<\/li>\n<li>Poi\u0161\u010dite igro Aviator na platformi in izberite svojo stavo.<\/li>\n<li>Igra se za\u010dne s stavo igralca.<\/li>\n<li>Sledite pravilom in navodilom na zaslonu ter nadzorujte potek igre s klikom na ustrezne gumbe.<\/li>\n<li>Ko je stava sklenjena, se letalo za\u010dne premikati navzgor ali navzdol po lestvici kvot.<\/li>\n<li>Igralec lahko kadar koli klikne gumb za izpla\u010dilo, da kon\u010da igro in prejme dobitek, pomno\u017een s trenutno kvoto, ali pa nadaljuje z igro in po\u010daka, da se dobitek pove\u010da, da uganete, kdaj \u017eelite dvigniti dobitek, da se stava ne zgodi ponastaviti.<\/li>\n<li>\u010ce igralec ne klikne gumba Prevzemi dobitke in letalo dose\u017ee konec lestvice kvot, se stava ponastavi na ni\u010d in igralec ne prejme dobitka.<\/li>\n<li>Cilj igre je prevzeti dobitek ob pravem \u010dasu in se izogniti ponastavitvi stave.<\/li>\n<\/ol>\n<p>Ne pozabite igrati odgovorno, stavite le toliko denarja, ki ste ga pripravljeni izgubiti, in nadzirajte svojo dejavnost iger na sre\u010do.<\/p>\n<p>Ob upo\u0161tevanju edinstvene trajektorije letala postane igranje za igralce \u0161e bolj zanimivo in razburljivo. Obenem je pomembno, da ste pozorni na svoje stave in nadzorujete svoja dejanja, da ohranite navdu\u0161enje nad igranjem za pravi denar.<\/p>\n<p>Glavne zna\u010dilnosti spletne igre Aviator<\/p>\n<table>\n<tbody>\n<tr>\n<td>RTP<\/td>\n<td>96,49%, 96,48%, 95,45%<\/td>\n<\/tr>\n<tr>\n<td>razvijalec<\/td>\n<td>Studio Spribe<\/td>\n<\/tr>\n<tr>\n<td>Brezpla\u010dni vrtljaji<\/td>\n<td>\u0161t<\/td>\n<\/tr>\n<tr>\n<td>Bonus igra<\/td>\n<td>\u0161t<\/td>\n<\/tr>\n<tr>\n<td>Najni\u017eja ponudba<\/td>\n<td>0,1$<\/td>\n<\/tr>\n<tr>\n<td>Najvi\u0161ja stava<\/td>\n<td>100$<\/td>\n<\/tr>\n<\/tbody>\n<\/table>\n<p>&nbsp;<\/p>\n<h2>Bonusi v igralni igri Aviator<\/h2>\n<p>Bonusi in popusti v spletni igri Aviator se lahko igralcem zagotovijo na razli\u010dne na\u010dine, odvisno od igralne platforme ali igralnice.<\/p>\n<p>Tukaj je nekaj mo\u017enih bonusov in popustov, ki so lahko na voljo v igri Aviator:<\/p>\n<h3>Bonusi dobrodo\u0161lice<\/h3>\n<p>novim igralcem se lahko ob registraciji na platformi ponudijo posebni bonusi, kot so dodatna sredstva na ra\u010dunu ali brezpla\u010dni vrtljaji.<\/p>\n<h3>Depozitni bonusi<\/h3>\n<p>igralci lahko prejmejo bonuse, ko napolnijo svoj igralni ra\u010dun za dolo\u010den znesek.<\/p>\n<h3>Promocije<\/h3>\n<p>igralnice ali igralne platforme lahko izvajajo za\u010dasne promocije, ki ponujajo razli\u010dne bonuse in popuste igralcem v igri Aviator.<\/p>\n<h3>VIP programi<\/h3>\n<p>Nekatere platforme lahko igralcem ponudijo sodelovanje v VIP programih, kjer so na voljo dodatni bonusi, vra\u010dila denarja in druge ugodnosti.<\/p>\n<h3>Povra\u010dilo denarja<\/h3>\n<p>igralci imajo lahko mo\u017enost, da prejmejo del svojih izgubljenih sredstev kot vra\u010dilo denarja kot del bonus programa.<\/p>\n<p>Preden sodelujete pri bonusih in popustih v igri Aviator, je pomembno, da skrbno preberete pogoje in zahteve, da boste razumeli, kako delujejo in kaj se od vas zahteva, da izkoristite vse njihove ugodnosti.<\/p>\n\n<div style=\"font-size: 0px; height: 0px; line-height: 0px; margin: 0; padding: 0; clear: both;\"><\/div>","protected":false},"excerpt":{"rendered":"<p>Kaj je spletna igra crash Aviator? Aviator je ena izmed priljubljenih iger, ki jih je razvil studio Spribe. Novo na sodobnem trgu,<\/p>","protected":false},"author":1,"featured_media":0,"parent":0,"menu_order":0,"comment_status":"closed","ping_status":"closed","template":"","meta":{"footnotes":""},"class_list":["post-263","page","type-page","status-publish","hentry"],"yoast_head":"<!-- This site is optimized with the Yoast SEO plugin v22.0 - https:\/\/yoast.com\/wordpress\/plugins\/seo\/ -->\n<title>\u041e\u043d\u043b\u0430\u0439\u043d \u0441\u043b\u043e\u0442 \u0410\u0432\u0438\u0430\u0442\u043e\u0440 \u2014 \u0418\u0433\u0440\u0430\u0439 \u043d\u0430 \u0440\u0435\u0430\u043b\u044c\u043d\u044b\u0435 \u0434\u0435\u043d\u044c\u0433\u0438 \u0432 \u043a\u0430\u0437\u0438\u043d\u043e<\/title>\n<meta name=\"description\" content=\"\u0423\u0437\u043d\u0430\u0439\u0442\u0435 \u0432\u0441\u0435 \u043e \u043a\u0440\u0430\u0448-\u0438\u0433\u0440\u0435 \u0410\u0432\u0438\u0430\u0442\u043e\u0440: \u043f\u0440\u0430\u0432\u0438\u043b\u0430, \u0431\u043e\u043d\u0443\u0441\u044b, \u043e\u0441\u043e\u0431\u0435\u043d\u043d\u043e\u0441\u0442\u0438 \u0438 \u0445\u0430\u0440\u0430\u043a\u0442\u0435\u0440\u0438\u0441\u0442\u0438\u043a\u0438 \u0438\u0433\u0440\u044b \u0434\u043b\u044f \u0443\u0432\u0435\u043b\u0438\u0447\u0435\u043d\u0438\u0435 \u043f\u0440\u0438\u0431\u044b\u043b\u0438 \u0432 \u043a\u0430\u0437\u0438\u043d\u043e. \u0418\u0433\u0440\u0430\u0439 \u0432 Aviator \u043e\u0442 Spribe \u0432 \u043e\u043d\u043b\u0430\u0439\u043d\u0435.\" \/>\n<meta name=\"robots\" content=\"index, follow, max-snippet:-1, max-image-preview:large, max-video-preview:-1\" \/>\n<link rel=\"canonical\" href=\"https:\/\/aviator-slotgame.com\/sl\/aviator\/\" \/>\n<meta property=\"og:locale\" content=\"sl_SI\" \/>\n<meta property=\"og:type\" content=\"article\" \/>\n<meta property=\"og:title\" content=\"\u041e\u043d\u043b\u0430\u0439\u043d \u0441\u043b\u043e\u0442 \u0410\u0432\u0438\u0430\u0442\u043e\u0440 \u2014 \u0418\u0433\u0440\u0430\u0439 \u043d\u0430 \u0440\u0435\u0430\u043b\u044c\u043d\u044b\u0435 \u0434\u0435\u043d\u044c\u0433\u0438 \u0432 \u043a\u0430\u0437\u0438\u043d\u043e\" \/>\n<meta property=\"og:description\" content=\"\u0423\u0437\u043d\u0430\u0439\u0442\u0435 \u0432\u0441\u0435 \u043e \u043a\u0440\u0430\u0448-\u0438\u0433\u0440\u0435 \u0410\u0432\u0438\u0430\u0442\u043e\u0440: \u043f\u0440\u0430\u0432\u0438\u043b\u0430, \u0431\u043e\u043d\u0443\u0441\u044b, \u043e\u0441\u043e\u0431\u0435\u043d\u043d\u043e\u0441\u0442\u0438 \u0438 \u0445\u0430\u0440\u0430\u043a\u0442\u0435\u0440\u0438\u0441\u0442\u0438\u043a\u0438 \u0438\u0433\u0440\u044b \u0434\u043b\u044f \u0443\u0432\u0435\u043b\u0438\u0447\u0435\u043d\u0438\u0435 \u043f\u0440\u0438\u0431\u044b\u043b\u0438 \u0432 \u043a\u0430\u0437\u0438\u043d\u043e. \u0418\u0433\u0440\u0430\u0439 \u0432 Aviator \u043e\u0442 Spribe \u0432 \u043e\u043d\u043b\u0430\u0439\u043d\u0435.\" \/>\n<meta property=\"og:url\" content=\"https:\/\/aviator-slotgame.com\/sl\/aviator\/\" \/>\n<meta property=\"og:site_name\" content=\"Aviator\" \/>\n<meta property=\"article:modified_time\" content=\"2024-09-08T10:40:25+00:00\" \/>\n<meta name=\"twitter:card\" content=\"summary_large_image\" \/>\n<meta name=\"twitter:label1\" content=\"Est. reading time\" \/>\n\t<meta name=\"twitter:data1\" content=\"5 minut\" \/>\n<script type=\"application\/ld+json\" class=\"yoast-schema-graph\">{\"@context\":\"https:\/\/schema.org\",\"@graph\":[{\"@type\":\"WebPage\",\"@id\":\"https:\/\/aviator-slotgame.com\/aviator\/\",\"url\":\"https:\/\/aviator-slotgame.com\/aviator\/\",\"name\":\"\u041e\u043d\u043b\u0430\u0439\u043d \u0441\u043b\u043e\u0442 \u0410\u0432\u0438\u0430\u0442\u043e\u0440 \u2014 \u0418\u0433\u0440\u0430\u0439 \u043d\u0430 \u0440\u0435\u0430\u043b\u044c\u043d\u044b\u0435 \u0434\u0435\u043d\u044c\u0433\u0438 \u0432 \u043a\u0430\u0437\u0438\u043d\u043e\",\"isPartOf\":{\"@id\":\"https:\/\/aviator-slotgame.com\/#website\"},\"datePublished\":\"2024-09-06T14:43:40+00:00\",\"dateModified\":\"2024-09-08T10:40:25+00:00\",\"description\":\"\u0423\u0437\u043d\u0430\u0439\u0442\u0435 \u0432\u0441\u0435 \u043e \u043a\u0440\u0430\u0448-\u0438\u0433\u0440\u0435 \u0410\u0432\u0438\u0430\u0442\u043e\u0440: \u043f\u0440\u0430\u0432\u0438\u043b\u0430, \u0431\u043e\u043d\u0443\u0441\u044b, \u043e\u0441\u043e\u0431\u0435\u043d\u043d\u043e\u0441\u0442\u0438 \u0438 \u0445\u0430\u0440\u0430\u043a\u0442\u0435\u0440\u0438\u0441\u0442\u0438\u043a\u0438 \u0438\u0433\u0440\u044b \u0434\u043b\u044f \u0443\u0432\u0435\u043b\u0438\u0447\u0435\u043d\u0438\u0435 \u043f\u0440\u0438\u0431\u044b\u043b\u0438 \u0432 \u043a\u0430\u0437\u0438\u043d\u043e. \u0418\u0433\u0440\u0430\u0439 \u0432 Aviator \u043e\u0442 Spribe \u0432 \u043e\u043d\u043b\u0430\u0439\u043d\u0435.\",\"breadcrumb\":{\"@id\":\"https:\/\/aviator-slotgame.com\/aviator\/#breadcrumb\"},\"inLanguage\":\"sl-SI\",\"potentialAction\":[{\"@type\":\"ReadAction\",\"target\":[\"https:\/\/aviator-slotgame.com\/aviator\/\"]}]},{\"@type\":\"BreadcrumbList\",\"@id\":\"https:\/\/aviator-slotgame.com\/aviator\/#breadcrumb\",\"itemListElement\":[{\"@type\":\"ListItem\",\"position\":1,\"name\":\"Home\",\"item\":\"https:\/\/aviator-slotgame.com\/\"},{\"@type\":\"ListItem\",\"position\":2,\"name\":\"\u041f\u0440\u0430\u0432\u0438\u043b\u0430,\u043e\u0441\u043e\u0431\u0435\u043d\u043e\u0441\u0442\u0438 \u0438 \u0432\u044b\u0438\u0433\u0440\u044b\u0448\u0438 \u0432 \u043a\u0440\u0430\u0448-\u0441\u043b\u043e\u0442 \u0438\u0433\u0440\u0435 \u043d\u0430 \u0434\u0435\u043d\u044c\u0433\u0438\"}]},{\"@type\":\"WebSite\",\"@id\":\"https:\/\/aviator-slotgame.com\/#website\",\"url\":\"https:\/\/aviator-slotgame.com\/\",\"name\":\"Aviator\",\"description\":\"\",\"publisher\":{\"@id\":\"https:\/\/aviator-slotgame.com\/#organization\"},\"potentialAction\":[{\"@type\":\"SearchAction\",\"target\":{\"@type\":\"EntryPoint\",\"urlTemplate\":\"https:\/\/aviator-slotgame.com\/?s={search_term_string}\"},\"query-input\":\"required name=search_term_string\"}],\"inLanguage\":\"sl-SI\"},{\"@type\":\"Organization\",\"@id\":\"https:\/\/aviator-slotgame.com\/#organization\",\"name\":\"Aviator\",\"url\":\"https:\/\/aviator-slotgame.com\/\",\"logo\":{\"@type\":\"ImageObject\",\"inLanguage\":\"sl-SI\",\"@id\":\"https:\/\/aviator-slotgame.com\/#\/schema\/logo\/image\/\",\"url\":\"https:\/\/aviator-slotgame.com\/wp-content\/uploads\/16f5e8_dade544d4623411c9c4153c639aae85amv2.webp\",\"contentUrl\":\"https:\/\/aviator-slotgame.com\/wp-content\/uploads\/16f5e8_dade544d4623411c9c4153c639aae85amv2.webp\",\"width\":400,\"height\":300,\"caption\":\"Aviator\"},\"image\":{\"@id\":\"https:\/\/aviator-slotgame.com\/#\/schema\/logo\/image\/\"}}]}<\/script>\n<!-- \/ Yoast SEO plugin. -->","yoast_head_json":{"title":"\u041e\u043d\u043b\u0430\u0439\u043d \u0441\u043b\u043e\u0442 \u0410\u0432\u0438\u0430\u0442\u043e\u0440 \u2014 \u0418\u0433\u0440\u0430\u0439 \u043d\u0430 \u0440\u0435\u0430\u043b\u044c\u043d\u044b\u0435 \u0434\u0435\u043d\u044c\u0433\u0438 \u0432 \u043a\u0430\u0437\u0438\u043d\u043e","description":"\u0423\u0437\u043d\u0430\u0439\u0442\u0435 \u0432\u0441\u0435 \u043e \u043a\u0440\u0430\u0448-\u0438\u0433\u0440\u0435 \u0410\u0432\u0438\u0430\u0442\u043e\u0440: \u043f\u0440\u0430\u0432\u0438\u043b\u0430, \u0431\u043e\u043d\u0443\u0441\u044b, \u043e\u0441\u043e\u0431\u0435\u043d\u043d\u043e\u0441\u0442\u0438 \u0438 \u0445\u0430\u0440\u0430\u043a\u0442\u0435\u0440\u0438\u0441\u0442\u0438\u043a\u0438 \u0438\u0433\u0440\u044b \u0434\u043b\u044f \u0443\u0432\u0435\u043b\u0438\u0447\u0435\u043d\u0438\u0435 \u043f\u0440\u0438\u0431\u044b\u043b\u0438 \u0432 \u043a\u0430\u0437\u0438\u043d\u043e. \u0418\u0433\u0440\u0430\u0439 \u0432 Aviator \u043e\u0442 Spribe \u0432 \u043e\u043d\u043b\u0430\u0439\u043d\u0435.","robots":{"index":"index","follow":"follow","max-snippet":"max-snippet:-1","max-image-preview":"max-image-preview:large","max-video-preview":"max-video-preview:-1"},"canonical":"https:\/\/aviator-slotgame.com\/sl\/aviator\/","og_locale":"sl_SI","og_type":"article","og_title":"\u041e\u043d\u043b\u0430\u0439\u043d \u0441\u043b\u043e\u0442 \u0410\u0432\u0438\u0430\u0442\u043e\u0440 \u2014 \u0418\u0433\u0440\u0430\u0439 \u043d\u0430 \u0440\u0435\u0430\u043b\u044c\u043d\u044b\u0435 \u0434\u0435\u043d\u044c\u0433\u0438 \u0432 \u043a\u0430\u0437\u0438\u043d\u043e","og_description":"\u0423\u0437\u043d\u0430\u0439\u0442\u0435 \u0432\u0441\u0435 \u043e \u043a\u0440\u0430\u0448-\u0438\u0433\u0440\u0435 \u0410\u0432\u0438\u0430\u0442\u043e\u0440: \u043f\u0440\u0430\u0432\u0438\u043b\u0430, \u0431\u043e\u043d\u0443\u0441\u044b, \u043e\u0441\u043e\u0431\u0435\u043d\u043d\u043e\u0441\u0442\u0438 \u0438 \u0445\u0430\u0440\u0430\u043a\u0442\u0435\u0440\u0438\u0441\u0442\u0438\u043a\u0438 \u0438\u0433\u0440\u044b \u0434\u043b\u044f \u0443\u0432\u0435\u043b\u0438\u0447\u0435\u043d\u0438\u0435 \u043f\u0440\u0438\u0431\u044b\u043b\u0438 \u0432 \u043a\u0430\u0437\u0438\u043d\u043e. \u0418\u0433\u0440\u0430\u0439 \u0432 Aviator \u043e\u0442 Spribe \u0432 \u043e\u043d\u043b\u0430\u0439\u043d\u0435.","og_url":"https:\/\/aviator-slotgame.com\/sl\/aviator\/","og_site_name":"Aviator","article_modified_time":"2024-09-08T10:40:25+00:00","twitter_card":"summary_large_image","twitter_misc":{"Est. reading time":"5 minut"},"schema":{"@context":"https:\/\/schema.org","@graph":[{"@type":"WebPage","@id":"https:\/\/aviator-slotgame.com\/aviator\/","url":"https:\/\/aviator-slotgame.com\/aviator\/","name":"\u041e\u043d\u043b\u0430\u0439\u043d \u0441\u043b\u043e\u0442 \u0410\u0432\u0438\u0430\u0442\u043e\u0440 \u2014 \u0418\u0433\u0440\u0430\u0439 \u043d\u0430 \u0440\u0435\u0430\u043b\u044c\u043d\u044b\u0435 \u0434\u0435\u043d\u044c\u0433\u0438 \u0432 \u043a\u0430\u0437\u0438\u043d\u043e","isPartOf":{"@id":"https:\/\/aviator-slotgame.com\/#website"},"datePublished":"2024-09-06T14:43:40+00:00","dateModified":"2024-09-08T10:40:25+00:00","description":"\u0423\u0437\u043d\u0430\u0439\u0442\u0435 \u0432\u0441\u0435 \u043e \u043a\u0440\u0430\u0448-\u0438\u0433\u0440\u0435 \u0410\u0432\u0438\u0430\u0442\u043e\u0440: \u043f\u0440\u0430\u0432\u0438\u043b\u0430, \u0431\u043e\u043d\u0443\u0441\u044b, \u043e\u0441\u043e\u0431\u0435\u043d\u043d\u043e\u0441\u0442\u0438 \u0438 \u0445\u0430\u0440\u0430\u043a\u0442\u0435\u0440\u0438\u0441\u0442\u0438\u043a\u0438 \u0438\u0433\u0440\u044b \u0434\u043b\u044f \u0443\u0432\u0435\u043b\u0438\u0447\u0435\u043d\u0438\u0435 \u043f\u0440\u0438\u0431\u044b\u043b\u0438 \u0432 \u043a\u0430\u0437\u0438\u043d\u043e. \u0418\u0433\u0440\u0430\u0439 \u0432 Aviator \u043e\u0442 Spribe \u0432 \u043e\u043d\u043b\u0430\u0439\u043d\u0435.","breadcrumb":{"@id":"https:\/\/aviator-slotgame.com\/aviator\/#breadcrumb"},"inLanguage":"sl-SI","potentialAction":[{"@type":"ReadAction","target":["https:\/\/aviator-slotgame.com\/aviator\/"]}]},{"@type":"BreadcrumbList","@id":"https:\/\/aviator-slotgame.com\/aviator\/#breadcrumb","itemListElement":[{"@type":"ListItem","position":1,"name":"Home","item":"https:\/\/aviator-slotgame.com\/"},{"@type":"ListItem","position":2,"name":"\u041f\u0440\u0430\u0432\u0438\u043b\u0430,\u043e\u0441\u043e\u0431\u0435\u043d\u043e\u0441\u0442\u0438 \u0438 \u0432\u044b\u0438\u0433\u0440\u044b\u0448\u0438 \u0432 \u043a\u0440\u0430\u0448-\u0441\u043b\u043e\u0442 \u0438\u0433\u0440\u0435 \u043d\u0430 \u0434\u0435\u043d\u044c\u0433\u0438"}]},{"@type":"WebSite","@id":"https:\/\/aviator-slotgame.com\/#website","url":"https:\/\/aviator-slotgame.com\/","name":"Aviator","description":"","publisher":{"@id":"https:\/\/aviator-slotgame.com\/#organization"},"potentialAction":[{"@type":"SearchAction","target":{"@type":"EntryPoint","urlTemplate":"https:\/\/aviator-slotgame.com\/?s={search_term_string}"},"query-input":"required name=search_term_string"}],"inLanguage":"sl-SI"},{"@type":"Organization","@id":"https:\/\/aviator-slotgame.com\/#organization","name":"Aviator","url":"https:\/\/aviator-slotgame.com\/","logo":{"@type":"ImageObject","inLanguage":"sl-SI","@id":"https:\/\/aviator-slotgame.com\/#\/schema\/logo\/image\/","url":"https:\/\/aviator-slotgame.com\/wp-content\/uploads\/16f5e8_dade544d4623411c9c4153c639aae85amv2.webp","contentUrl":"https:\/\/aviator-slotgame.com\/wp-content\/uploads\/16f5e8_dade544d4623411c9c4153c639aae85amv2.webp","width":400,"height":300,"caption":"Aviator"},"image":{"@id":"https:\/\/aviator-slotgame.com\/#\/schema\/logo\/image\/"}}]}},"amp_enabled":true,"_links":{"self":[{"href":"https:\/\/aviator-slotgame.com\/sl\/wp-json\/wp\/v2\/pages\/263","targetHints":{"allow":["GET"]}}],"collection":[{"href":"https:\/\/aviator-slotgame.com\/sl\/wp-json\/wp\/v2\/pages"}],"about":[{"href":"https:\/\/aviator-slotgame.com\/sl\/wp-json\/wp\/v2\/types\/page"}],"author":[{"embeddable":true,"href":"https:\/\/aviator-slotgame.com\/sl\/wp-json\/wp\/v2\/users\/1"}],"replies":[{"embeddable":true,"href":"https:\/\/aviator-slotgame.com\/sl\/wp-json\/wp\/v2\/comments?post=263"}],"version-history":[{"count":4,"href":"https:\/\/aviator-slotgame.com\/sl\/wp-json\/wp\/v2\/pages\/263\/revisions"}],"predecessor-version":[{"id":287,"href":"https:\/\/aviator-slotgame.com\/sl\/wp-json\/wp\/v2\/pages\/263\/revisions\/287"}],"wp:attachment":[{"href":"https:\/\/aviator-slotgame.com\/sl\/wp-json\/wp\/v2\/media?parent=263"}],"curies":[{"name":"wp","href":"https:\/\/api.w.org\/{rel}","templated":true}]}}