{"id":215,"date":"2024-04-02T16:05:37","date_gmt":"2024-04-02T16:05:37","guid":{"rendered":"https:\/\/aviator-slotgame.com\/?page_id=215"},"modified":"2024-09-09T10:50:04","modified_gmt":"2024-09-09T10:50:04","slug":"aviator-slots","status":"publish","type":"page","link":"https:\/\/aviator-slotgame.com\/sv\/aviator-slot-vs-traditionella-videoslots\/","title":{"rendered":"Aviator slots"},"content":{"rendered":"<div class=\"905be3da780a24624f9c2c0f7a042b9b\" data-index=\"1\" style=\"float: none; margin:10px 0 10px 0; text-align:center;\">\n<div class=\"custom-play-button\">\r\n<center><a href=\"https:\/\/aviator-slotgame.com\/sv\/play-game\/\" rel=\"nofollow\" target=\"_blank\">Spela nu<\/a><br><\/center>\r\n<\/div>\n<\/div>\n<p>Aviator fr\u00e5n Spribe \u00e4r inte din vanliga videoslot. Den erbjuder sociala spelfunktioner som du inte hittar i traditionella videoslots. Du kan vara med p\u00e5 det roliga och utmana andra spelare att g\u00e5 med i ett onlinekasinospel fullt av sp\u00e4nnande bonusar, multiplikatorer och andra \u00f6verraskningar.<\/p>\n<p><img loading=\"lazy\" decoding=\"async\" class=\"alignnone size-full wp-image-216\" title=\"Aviator vs traditionella spelautomater\" src=\"https:\/\/aviator-slotgame.com\/wp-content\/uploads\/aviator-4-1.png\" alt=\"Aviator vs traditionella spelautomater\" width=\"800\" height=\"445\" srcset=\"https:\/\/aviator-slotgame.com\/wp-content\/uploads\/aviator-4-1.png 800w, https:\/\/aviator-slotgame.com\/wp-content\/uploads\/aviator-4-1-300x167.png 300w, https:\/\/aviator-slotgame.com\/wp-content\/uploads\/aviator-4-1-768x427.png 768w, https:\/\/aviator-slotgame.com\/wp-content\/uploads\/aviator-4-1-18x10.png 18w\" sizes=\"auto, (max-width: 800px) 100vw, 800px\" \/><\/p>\n<p>Aviator erbjuder mer \u00e4n bara de vanliga spelautomaterna med 3x5 hjul. Den har en multiplikator baserad p\u00e5 RNG som g\u00e5r upp och upp tills varje spelare best\u00e4mmer sig f\u00f6r att ta ut pengar. Det betyder att om du har tur kommer du att kunna spela hela dagen och dina vinster kommer verkligen att g\u00e5 ihop!<\/p>\n<p>Dessutom begr\u00e4nsar inte Aviator antalet spelare som kan vara med p\u00e5 det roliga. Du beh\u00f6ver inte oroa dig f\u00f6r att v\u00e4nta p\u00e5 att spelet ska \u00f6ppna f\u00f6r det kommer aldrig att bli fullt, det kommer alltid att finnas plats f\u00f6r fler spelare. Och med spelarv\u00e4nliga odds, RTP och h\u00f6ga utbetalningar har du gott om m\u00f6jligheter att komma ut p\u00e5 topp p\u00e5 denna sp\u00e4nnande alternativa slot.<\/p><div class=\"905be3da780a24624f9c2c0f7a042b9b\" data-index=\"1\" style=\"float: none; margin:10px 0 10px 0; text-align:center;\">\n<div class=\"custom-play-button\">\r\n<center><a href=\"https:\/\/aviator-slotgame.com\/sv\/play-game\/\" rel=\"nofollow\" target=\"_blank\">Spela nu<\/a><br><\/center>\r\n<\/div>\n<\/div>\n\n<p>S\u00e5 oavsett om du letar efter en uppslukande spelupplevelse eller vill luta dig tillbaka och njuta av ett klassiskt spel med videoslots med en twist, s\u00e5 har Spribes Aviator verkligen n\u00e5got att erbjuda alla.<\/p>\n<h2 id=\"h-rtp-of-aviator-and-regular-slot-games\">RTP f\u00f6r Aviator och vanliga slots<\/h2>\n<p>De genomsnittliga RTP-v\u00e4rdena f\u00f6r de mest popul\u00e4ra slots \u00e4r \u00f6ver 65%. Detta antal kan variera fr\u00e5n spel till spel, med vissa spel som g\u00e5r s\u00e5 h\u00f6gt som 97%, men generellt \u00e4r normen 65% med en decimal.<\/p>\n<p>Till exempel, Second Strike, en av de mest popul\u00e4ra slotsen i v\u00e4rlden, har en RTP p\u00e5 96.26%; Aviator \u00e4nnu mer!<\/p>\n<p>Aviator har en ungef\u00e4rlig RTP (return to player) p\u00e5 97%, vilket \u00e4r \u00f6ver genomsnittet f\u00f6r en videoslot. Det betyder att att spela Aviator i genomsnitt ger dig mer pengar j\u00e4mf\u00f6rt med traditionella slots. Och med en st\u00e4ndigt v\u00e4xande multiplikator kommer de st\u00f6rsta omg\u00e5ngarna att bli \u00e4nnu mer sp\u00e4nnande! S\u00e5 om du letar efter en h\u00f6gre RTP och m\u00f6jligheten att \u00f6ka din int\u00e4ktspotential kan Aviator vara precis vad du har saknat.<\/p>\n<figure class=\"wp-block-table\">\n<table>\n<tbody>\n<tr>\n<td><strong>FLYGARE<\/strong><\/td>\n<td><strong>TRADITIONELLT SPELSPEL<\/strong><\/td>\n<\/tr>\n<tr>\n<td>Chatta med andra spelare<\/td>\n<td>Anv\u00e4ndarspelupplevelse<\/td>\n<\/tr>\n<tr>\n<td>Obegr\u00e4nsat antal spelare i spelrummet<\/td>\n<td>En spelare per maskin eller sida<\/td>\n<\/tr>\n<tr>\n<td>Spelmekanik med en RNG<\/td>\n<td>Flera rullar och linor<\/td>\n<\/tr>\n<tr>\n<td>~97% \u00e5terbetalning<\/td>\n<td>~96% \u00e5terbetalning<\/td>\n<\/tr>\n<\/tbody>\n<\/table><figcaption class=\"wp-element-caption\">Spelautomat\u00a0<strong><strong>FLYGARE<\/strong><\/strong><img loading=\"lazy\" decoding=\"async\" class=\"alignnone size-full wp-image-293\" src=\"https:\/\/aviator-slotgame.com\/wp-content\/uploads\/Aviator-13-800-x-600-\u043f\u0438\u043a\u0441.jpg\" alt=\"RTP f\u00f6r Aviator och vanliga slots\" width=\"800\" height=\"600\" srcset=\"https:\/\/aviator-slotgame.com\/wp-content\/uploads\/Aviator-13-800-x-600-\u043f\u0438\u043a\u0441.jpg 800w, https:\/\/aviator-slotgame.com\/wp-content\/uploads\/Aviator-13-800-x-600-\u043f\u0438\u043a\u0441-300x225.jpg 300w, https:\/\/aviator-slotgame.com\/wp-content\/uploads\/Aviator-13-800-x-600-\u043f\u0438\u043a\u0441-768x576.jpg 768w, https:\/\/aviator-slotgame.com\/wp-content\/uploads\/Aviator-13-800-x-600-\u043f\u0438\u043a\u0441-16x12.jpg 16w\" sizes=\"auto, (max-width: 800px) 100vw, 800px\" \/><\/figcaption><\/figure>\n<h2 id=\"h-the-bottom-line\">Slutsats<\/h2>\n<p>Spribes Aviator erbjuder en unik tolkning av traditionella videoslots som kan ge spelare en uppslukande spelupplevelse. Med st\u00e4ndigt \u00f6kande multiplikatorer och h\u00f6g RTP finns det m\u00e5nga anledningar att ge Aviator ett f\u00f6rs\u00f6k. Dessutom g\u00f6r den sociala aspekten det \u00e4nnu mer sp\u00e4nnande!<\/p>\n<h2 id=\"h-using-bonus-spins-on-aviator\">Anv\u00e4nda bonussnurr i Aviator<\/h2>\n<p>Bonussnurr \u00e4r en stapelvara p\u00e5 casinosajter. N\u00e4r du registrerar dig p\u00e5 en casinosajt f\u00e5r du ofta free spins som v\u00e4lkomstbonus. De kan till och med erh\u00e5llas genom tidsbegr\u00e4nsade kampanjer eller som priser i andra spel!<\/p>\n<p>Om du \u00e4r ett fan av Aviator eller andra casinospel s\u00e5 \u00e4r bonussnurr ett utm\u00e4rkt s\u00e4tt att f\u00e5 gratis chanser att snurra p\u00e5 hjulen, landa p\u00e5 ett plan och kanske vinna lite pengar. Faktum \u00e4r att bonussnurr kan vara \u00e4nnu mer v\u00e4rdefulla \u00e4n vanliga in-game spins eftersom de vanligtvis inte har n\u00e5gra oms\u00e4ttningskrav eller andra vinstbegr\u00e4nsningar.<\/p>\n<h2 id=\"h-how-to-get-bonus-spins\">Hur man f\u00e5r bonussnurr<\/h2>\n<p>Gratissnurr kan komma fr\u00e5n en m\u00e4ngd olika platser, som v\u00e4lkomstbonusar f\u00f6r nya anv\u00e4ndare som g\u00f6r sin f\u00f6rsta ins\u00e4ttning, eller kampanjkoder och tidsbegr\u00e4nsade evenemang.<\/p>\n<h3 id=\"h-welcome-bonus-spins-for-aviator\">Aviator V\u00e4lkomstbonussnurr<\/h3>\n<p>Vissa casinon ger dig gratissnurr n\u00e4r du skapar ett konto. Du kanske undrar hur dessa gratissnurr kan vara anv\u00e4ndbara n\u00e4r du spelar Aviator; ibland begr\u00e4nsar dock kasinon anv\u00e4ndningen av dessa gratissnurr till endast de mest popul\u00e4ra traditionella spelautomaterna. Men oroa dig inte, det finns fortfarande s\u00e4tt att anv\u00e4nda alla gratissnurr som Aviator har i beredskap \u00e5t dig.<\/p>\n<h2 id=\"h-how-to-use-free-spins-in-aviator\">Hur man anv\u00e4nder gratissnurr i Aviator<\/h2>\n<p>Om dina snurr inte fungerar i Aviator kan du alltid anv\u00e4nda dem f\u00f6r att vinna krediter i andra casinospel. Om du till exempel har free spins p\u00e5 en spelautomat kan du byta ut dessa krediter mot marker vid spelborden. Du kan sedan anv\u00e4nda dessa marker f\u00f6r att satsa p\u00e5 Aviator eller n\u00e5got annat casinospel!<\/p>\n<p>H\u00e4r \u00e4r hur:<\/p>\n<ol start=\"1\" type=\"1\">\n<li>V\u00e4lj en av dina favoritspelautomater.<\/li>\n<li>Utnyttja gratissnurren.<\/li>\n<li>Ta alla krediter du vinner under snurren och spela Aviator!<\/li>\n<\/ol>\n<p>Det \u00e4r s\u00e5 enkelt.<\/p>\n<h2 id=\"h-can-you-win-free-spins-in-aviator\">Kan du vinna gratissnurr p\u00e5 Aviator?<\/h2>\n<p>Det finns ingen gratissnurrfunktion. Det enda priset du kommer att vinna under omg\u00e5ngen \u00e4r din insats multiplicerad med den tid d\u00e5 det r\u00f6da planet lyfter.<\/p>\n<h2 id=\"h-in-conclusion\">Slutsats<\/h2>\n<p>Oavsett hur du f\u00e5r dem \u2013 v\u00e4lkomstbonussnurr, kampanjkoder eller tidsbegr\u00e4nsade erbjudanden \u2013 \u00e4r bonussnurr ett utm\u00e4rkt s\u00e4tt f\u00f6r spelare p\u00e5 alla niv\u00e5er att forts\u00e4tta spela utan att oroa sig f\u00f6r att f\u00f6rlora ett tag. Och oavsett vilka spel de \u00e4r f\u00f6r, kan erfarna spelare f\u00f6rvandla sina snurr till anv\u00e4ndbara krediter som kan satsas i ett live Aviator-spel.<\/p>\n<p><img loading=\"lazy\" decoding=\"async\" class=\"alignnone size-full wp-image-297\" src=\"https:\/\/aviator-slotgame.com\/wp-content\/uploads\/Aviator-14-800-x-600-\u043f\u0438\u043a\u0441.jpg\" alt=\"Slutsats\" width=\"800\" height=\"600\" srcset=\"https:\/\/aviator-slotgame.com\/wp-content\/uploads\/Aviator-14-800-x-600-\u043f\u0438\u043a\u0441.jpg 800w, https:\/\/aviator-slotgame.com\/wp-content\/uploads\/Aviator-14-800-x-600-\u043f\u0438\u043a\u0441-300x225.jpg 300w, https:\/\/aviator-slotgame.com\/wp-content\/uploads\/Aviator-14-800-x-600-\u043f\u0438\u043a\u0441-768x576.jpg 768w, https:\/\/aviator-slotgame.com\/wp-content\/uploads\/Aviator-14-800-x-600-\u043f\u0438\u043a\u0441-16x12.jpg 16w\" sizes=\"auto, (max-width: 800px) 100vw, 800px\" \/><\/p>\n\n<div style=\"font-size: 0px; height: 0px; line-height: 0px; margin: 0; padding: 0; clear: both;\"><\/div>","protected":false},"excerpt":{"rendered":"<p>Aviator fr\u00e5n Spribe \u00e4r inte din vanliga videoslot. Den erbjuder sociala spelfunktioner som du inte hittar i traditionella videoslots.<\/p>","protected":false},"author":1,"featured_media":0,"parent":0,"menu_order":0,"comment_status":"closed","ping_status":"closed","template":"","meta":{"footnotes":""},"class_list":["post-215","page","type-page","status-publish","hentry"],"yoast_head":"<!-- This site is optimized with the Yoast SEO plugin v22.0 - https:\/\/yoast.com\/wordpress\/plugins\/seo\/ -->\n<title>\u0410\u0432\u0438\u0430\u0442\u043e\u0440 \u0441\u043b\u043e\u0442\u044b - Aviator<\/title>\n<meta name=\"robots\" content=\"index, follow, max-snippet:-1, max-image-preview:large, max-video-preview:-1\" \/>\n<link rel=\"canonical\" href=\"https:\/\/aviator-slotgame.com\/sv\/aviator-slot-vs-traditionella-videoslots\/\" \/>\n<meta property=\"og:locale\" content=\"sv_SE\" \/>\n<meta property=\"og:type\" content=\"article\" \/>\n<meta property=\"og:title\" content=\"\u0410\u0432\u0438\u0430\u0442\u043e\u0440 \u0441\u043b\u043e\u0442\u044b - Aviator\" \/>\n<meta property=\"og:description\" content=\"Aviator \u043e\u0442 Spribe \u2013 \u044d\u0442\u043e \u043d\u0435 \u043e\u0431\u044b\u0447\u043d\u044b\u0439 \u0432\u0438\u0434\u0435\u043e\u0441\u043b\u043e\u0442. \u041e\u043d \u043f\u0440\u0435\u0434\u043b\u0430\u0433\u0430\u0435\u0442 \u0432\u043e\u0437\u043c\u043e\u0436\u043d\u043e\u0441\u0442\u0438 \u0441\u043e\u0446\u0438\u0430\u043b\u044c\u043d\u044b\u0445 \u0438\u0433\u0440, \u043a\u043e\u0442\u043e\u0440\u044b\u0435 \u0432\u044b \u043d\u0435 \u043d\u0430\u0439\u0434\u0435\u0442\u0435 \u0432 \u0442\u0440\u0430\u0434\u0438\u0446\u0438\u043e\u043d\u043d\u044b\u0445 \u0432\u0438\u0434\u0435\u043e\u0441\u043b\u043e\u0442\u0430\u0445.\" \/>\n<meta property=\"og:url\" content=\"https:\/\/aviator-slotgame.com\/sv\/aviator-slot-vs-traditionella-videoslots\/\" \/>\n<meta property=\"og:site_name\" content=\"Aviator\" \/>\n<meta property=\"article:modified_time\" content=\"2024-09-09T10:50:04+00:00\" \/>\n<meta property=\"og:image\" content=\"https:\/\/aviator-slotgame.com\/wp-content\/uploads\/aviator-4-1.png\" \/>\n<meta name=\"twitter:card\" content=\"summary_large_image\" \/>\n<meta name=\"twitter:label1\" content=\"Ber\u00e4knad l\u00e4stid\" \/>\n\t<meta name=\"twitter:data1\" content=\"4 minuter\" \/>\n<script type=\"application\/ld+json\" class=\"yoast-schema-graph\">{\"@context\":\"https:\/\/schema.org\",\"@graph\":[{\"@type\":\"WebPage\",\"@id\":\"https:\/\/aviator-slotgame.com\/aviator-slots\/\",\"url\":\"https:\/\/aviator-slotgame.com\/aviator-slots\/\",\"name\":\"\u0410\u0432\u0438\u0430\u0442\u043e\u0440 \u0441\u043b\u043e\u0442\u044b - Aviator\",\"isPartOf\":{\"@id\":\"https:\/\/aviator-slotgame.com\/#website\"},\"datePublished\":\"2024-04-02T16:05:37+00:00\",\"dateModified\":\"2024-09-09T10:50:04+00:00\",\"breadcrumb\":{\"@id\":\"https:\/\/aviator-slotgame.com\/aviator-slots\/#breadcrumb\"},\"inLanguage\":\"sv-SE\",\"potentialAction\":[{\"@type\":\"ReadAction\",\"target\":[\"https:\/\/aviator-slotgame.com\/aviator-slots\/\"]}]},{\"@type\":\"BreadcrumbList\",\"@id\":\"https:\/\/aviator-slotgame.com\/aviator-slots\/#breadcrumb\",\"itemListElement\":[{\"@type\":\"ListItem\",\"position\":1,\"name\":\"Home\",\"item\":\"https:\/\/aviator-slotgame.com\/\"},{\"@type\":\"ListItem\",\"position\":2,\"name\":\"\u0410\u0432\u0438\u0430\u0442\u043e\u0440 \u0441\u043b\u043e\u0442\u044b\"}]},{\"@type\":\"WebSite\",\"@id\":\"https:\/\/aviator-slotgame.com\/#website\",\"url\":\"https:\/\/aviator-slotgame.com\/\",\"name\":\"Aviator\",\"description\":\"\",\"publisher\":{\"@id\":\"https:\/\/aviator-slotgame.com\/#organization\"},\"potentialAction\":[{\"@type\":\"SearchAction\",\"target\":{\"@type\":\"EntryPoint\",\"urlTemplate\":\"https:\/\/aviator-slotgame.com\/?s={search_term_string}\"},\"query-input\":\"required name=search_term_string\"}],\"inLanguage\":\"sv-SE\"},{\"@type\":\"Organization\",\"@id\":\"https:\/\/aviator-slotgame.com\/#organization\",\"name\":\"Aviator\",\"url\":\"https:\/\/aviator-slotgame.com\/\",\"logo\":{\"@type\":\"ImageObject\",\"inLanguage\":\"sv-SE\",\"@id\":\"https:\/\/aviator-slotgame.com\/#\/schema\/logo\/image\/\",\"url\":\"https:\/\/aviator-slotgame.com\/wp-content\/uploads\/16f5e8_dade544d4623411c9c4153c639aae85amv2.webp\",\"contentUrl\":\"https:\/\/aviator-slotgame.com\/wp-content\/uploads\/16f5e8_dade544d4623411c9c4153c639aae85amv2.webp\",\"width\":400,\"height\":300,\"caption\":\"Aviator\"},\"image\":{\"@id\":\"https:\/\/aviator-slotgame.com\/#\/schema\/logo\/image\/\"}}]}<\/script>\n<!-- \/ Yoast SEO plugin. -->","yoast_head_json":{"title":"\u0410\u0432\u0438\u0430\u0442\u043e\u0440 \u0441\u043b\u043e\u0442\u044b - Aviator","robots":{"index":"index","follow":"follow","max-snippet":"max-snippet:-1","max-image-preview":"max-image-preview:large","max-video-preview":"max-video-preview:-1"},"canonical":"https:\/\/aviator-slotgame.com\/sv\/aviator-slot-vs-traditionella-videoslots\/","og_locale":"sv_SE","og_type":"article","og_title":"\u0410\u0432\u0438\u0430\u0442\u043e\u0440 \u0441\u043b\u043e\u0442\u044b - Aviator","og_description":"Aviator \u043e\u0442 Spribe \u2013 \u044d\u0442\u043e \u043d\u0435 \u043e\u0431\u044b\u0447\u043d\u044b\u0439 \u0432\u0438\u0434\u0435\u043e\u0441\u043b\u043e\u0442. \u041e\u043d \u043f\u0440\u0435\u0434\u043b\u0430\u0433\u0430\u0435\u0442 \u0432\u043e\u0437\u043c\u043e\u0436\u043d\u043e\u0441\u0442\u0438 \u0441\u043e\u0446\u0438\u0430\u043b\u044c\u043d\u044b\u0445 \u0438\u0433\u0440, \u043a\u043e\u0442\u043e\u0440\u044b\u0435 \u0432\u044b \u043d\u0435 \u043d\u0430\u0439\u0434\u0435\u0442\u0435 \u0432 \u0442\u0440\u0430\u0434\u0438\u0446\u0438\u043e\u043d\u043d\u044b\u0445 \u0432\u0438\u0434\u0435\u043e\u0441\u043b\u043e\u0442\u0430\u0445.","og_url":"https:\/\/aviator-slotgame.com\/sv\/aviator-slot-vs-traditionella-videoslots\/","og_site_name":"Aviator","article_modified_time":"2024-09-09T10:50:04+00:00","og_image":[{"url":"https:\/\/aviator-slotgame.com\/wp-content\/uploads\/aviator-4-1.png"}],"twitter_card":"summary_large_image","twitter_misc":{"Ber\u00e4knad l\u00e4stid":"4 minuter"},"schema":{"@context":"https:\/\/schema.org","@graph":[{"@type":"WebPage","@id":"https:\/\/aviator-slotgame.com\/aviator-slots\/","url":"https:\/\/aviator-slotgame.com\/aviator-slots\/","name":"\u0410\u0432\u0438\u0430\u0442\u043e\u0440 \u0441\u043b\u043e\u0442\u044b - Aviator","isPartOf":{"@id":"https:\/\/aviator-slotgame.com\/#website"},"datePublished":"2024-04-02T16:05:37+00:00","dateModified":"2024-09-09T10:50:04+00:00","breadcrumb":{"@id":"https:\/\/aviator-slotgame.com\/aviator-slots\/#breadcrumb"},"inLanguage":"sv-SE","potentialAction":[{"@type":"ReadAction","target":["https:\/\/aviator-slotgame.com\/aviator-slots\/"]}]},{"@type":"BreadcrumbList","@id":"https:\/\/aviator-slotgame.com\/aviator-slots\/#breadcrumb","itemListElement":[{"@type":"ListItem","position":1,"name":"Home","item":"https:\/\/aviator-slotgame.com\/"},{"@type":"ListItem","position":2,"name":"\u0410\u0432\u0438\u0430\u0442\u043e\u0440 \u0441\u043b\u043e\u0442\u044b"}]},{"@type":"WebSite","@id":"https:\/\/aviator-slotgame.com\/#website","url":"https:\/\/aviator-slotgame.com\/","name":"Aviator","description":"","publisher":{"@id":"https:\/\/aviator-slotgame.com\/#organization"},"potentialAction":[{"@type":"SearchAction","target":{"@type":"EntryPoint","urlTemplate":"https:\/\/aviator-slotgame.com\/?s={search_term_string}"},"query-input":"required name=search_term_string"}],"inLanguage":"sv-SE"},{"@type":"Organization","@id":"https:\/\/aviator-slotgame.com\/#organization","name":"Aviator","url":"https:\/\/aviator-slotgame.com\/","logo":{"@type":"ImageObject","inLanguage":"sv-SE","@id":"https:\/\/aviator-slotgame.com\/#\/schema\/logo\/image\/","url":"https:\/\/aviator-slotgame.com\/wp-content\/uploads\/16f5e8_dade544d4623411c9c4153c639aae85amv2.webp","contentUrl":"https:\/\/aviator-slotgame.com\/wp-content\/uploads\/16f5e8_dade544d4623411c9c4153c639aae85amv2.webp","width":400,"height":300,"caption":"Aviator"},"image":{"@id":"https:\/\/aviator-slotgame.com\/#\/schema\/logo\/image\/"}}]}},"amp_enabled":true,"_links":{"self":[{"href":"https:\/\/aviator-slotgame.com\/sv\/wp-json\/wp\/v2\/pages\/215","targetHints":{"allow":["GET"]}}],"collection":[{"href":"https:\/\/aviator-slotgame.com\/sv\/wp-json\/wp\/v2\/pages"}],"about":[{"href":"https:\/\/aviator-slotgame.com\/sv\/wp-json\/wp\/v2\/types\/page"}],"author":[{"embeddable":true,"href":"https:\/\/aviator-slotgame.com\/sv\/wp-json\/wp\/v2\/users\/1"}],"replies":[{"embeddable":true,"href":"https:\/\/aviator-slotgame.com\/sv\/wp-json\/wp\/v2\/comments?post=215"}],"version-history":[{"count":6,"href":"https:\/\/aviator-slotgame.com\/sv\/wp-json\/wp\/v2\/pages\/215\/revisions"}],"predecessor-version":[{"id":309,"href":"https:\/\/aviator-slotgame.com\/sv\/wp-json\/wp\/v2\/pages\/215\/revisions\/309"}],"wp:attachment":[{"href":"https:\/\/aviator-slotgame.com\/sv\/wp-json\/wp\/v2\/media?parent=215"}],"curies":[{"name":"wp","href":"https:\/\/api.w.org\/{rel}","templated":true}]}}