{"id":230,"date":"2024-09-06T08:55:11","date_gmt":"2024-09-06T08:55:11","guid":{"rendered":"https:\/\/aviator-slotgame.com\/?page_id=230"},"modified":"2024-10-03T23:03:12","modified_gmt":"2024-10-03T23:03:12","slug":"strategy-and-tactics","status":"publish","type":"page","link":"https:\/\/aviator-slotgame.com\/sv\/strategy-and-tactics\/","title":{"rendered":"Aviator spelstrategier och taktik"},"content":{"rendered":"<div class=\"905be3da780a24624f9c2c0f7a042b9b\" data-index=\"1\" style=\"float: none; margin:10px 0 10px 0; text-align:center;\">\n<div class=\"custom-play-button\">\r\n<center><a href=\"https:\/\/aviator-slotgame.com\/sv\/play-game\/\" rel=\"nofollow\" target=\"_blank\">Spela nu<\/a><br><\/center>\r\n<\/div>\n<\/div>\n<p><img loading=\"lazy\" decoding=\"async\" class=\"alignnone wp-image-233 size-full\" title=\"Strategier i spelet Aviator\" src=\"https:\/\/aviator-slotgame.com\/wp-content\/uploads\/Aviator-4-800-x-600-\u043f\u0438\u043a\u0441.jpg\" alt=\"Aviator spelstrategier och taktik\" width=\"800\" height=\"600\" srcset=\"https:\/\/aviator-slotgame.com\/wp-content\/uploads\/Aviator-4-800-x-600-\u043f\u0438\u043a\u0441.jpg 800w, https:\/\/aviator-slotgame.com\/wp-content\/uploads\/Aviator-4-800-x-600-\u043f\u0438\u043a\u0441-300x225.jpg 300w, https:\/\/aviator-slotgame.com\/wp-content\/uploads\/Aviator-4-800-x-600-\u043f\u0438\u043a\u0441-768x576.jpg 768w, https:\/\/aviator-slotgame.com\/wp-content\/uploads\/Aviator-4-800-x-600-\u043f\u0438\u043a\u0441-16x12.jpg 16w\" sizes=\"auto, (max-width: 800px) 100vw, 800px\" \/><\/p>\n<p>I kraschspelet Aviator, som i m\u00e5nga andra hasardspel, \u00e4r det viktigt att komma ih\u00e5g att resultaten \u00e4r baserade p\u00e5 slumpen. Det finns dock flera strategier och taktiker som kan hj\u00e4lpa dig att \u00f6ka dina chanser att vinna och hantera din bankrulle. H\u00e4r \u00e4r n\u00e5gra av dem:<\/p>\n<h2>X-strategi i spelet Aviator - Hur man f\u00e5ngar stora odds<\/h2>\n<p>Summan av kardemumman \u00e4r att du ska f\u00f6rs\u00f6ka f\u00e5nga ett visst odds under en viss tidsperiod. Efter att ha analyserat spelets statistik kan du m\u00e4rka att vissa odds faller med en viss frekvens. X100 faller minst en g\u00e5ng i en och en halv timme, s\u00e5 om du r\u00e4knar hur mycket tid som har g\u00e5tt sedan den senaste minskningen av denna multiplikator, placerar en insats \u00f6ver 10$, kan du ta hem en stor vinst.<\/p>\n<p><img loading=\"lazy\" decoding=\"async\" class=\"alignnone size-full wp-image-303\" src=\"https:\/\/aviator-slotgame.com\/wp-content\/uploads\/Aviator-17-800-x-600-\u043f\u0438\u043a\u0441.jpg\" alt=\"F\u00e5nga oddsen i Aviator-spelet\" width=\"800\" height=\"600\" srcset=\"https:\/\/aviator-slotgame.com\/wp-content\/uploads\/Aviator-17-800-x-600-\u043f\u0438\u043a\u0441.jpg 800w, https:\/\/aviator-slotgame.com\/wp-content\/uploads\/Aviator-17-800-x-600-\u043f\u0438\u043a\u0441-300x225.jpg 300w, https:\/\/aviator-slotgame.com\/wp-content\/uploads\/Aviator-17-800-x-600-\u043f\u0438\u043a\u0441-768x576.jpg 768w, https:\/\/aviator-slotgame.com\/wp-content\/uploads\/Aviator-17-800-x-600-\u043f\u0438\u043a\u0441-16x12.jpg 16w\" sizes=\"auto, (max-width: 800px) 100vw, 800px\" \/><\/p><div class=\"905be3da780a24624f9c2c0f7a042b9b\" data-index=\"1\" style=\"float: none; margin:10px 0 10px 0; text-align:center;\">\n<div class=\"custom-play-button\">\r\n<center><a href=\"https:\/\/aviator-slotgame.com\/sv\/play-game\/\" rel=\"nofollow\" target=\"_blank\">Spela nu<\/a><br><\/center>\r\n<\/div>\n<\/div>\n\n<h2>Dubbelsatsning i Aviator-spelet - Minska riskerna och \u00f6ka vinsterna<\/h2>\n<p>F\u00f6ljande taktik \u00e4r l\u00e4mplig f\u00f6r dig som inte kan g\u00f6ra en stor handpenning eller inte vill riskera en stor summa. Din f\u00f6rsta insats ska vara 10$, vi pratar om en dubbelinsats, s\u00e5 i en omg\u00e5ng spenderar du minst 21$. Autoutbetalning p\u00e5 b\u00e5da sk\u00e4rmarna \u00e4r inst\u00e4lld p\u00e5 ungef\u00e4r 1,2. Planet \u00f6verskrider n\u00e4stan alltid detta m\u00e4rke. Av detta f\u00f6ljer att anv\u00e4ndaren, genom ett l\u00e5ngt spel, definitivt kommer att kunna vinna sina pengar vid l\u00e4gsta insatser.<\/p>\n<p><img loading=\"lazy\" decoding=\"async\" class=\"alignnone size-full wp-image-305\" src=\"https:\/\/aviator-slotgame.com\/wp-content\/uploads\/Aviator-18-800-x-600-\u043f\u0438\u043a\u0441.jpg\" alt=\"Dubbla insatser i Aviator-spelet\" width=\"800\" height=\"600\" srcset=\"https:\/\/aviator-slotgame.com\/wp-content\/uploads\/Aviator-18-800-x-600-\u043f\u0438\u043a\u0441.jpg 800w, https:\/\/aviator-slotgame.com\/wp-content\/uploads\/Aviator-18-800-x-600-\u043f\u0438\u043a\u0441-300x225.jpg 300w, https:\/\/aviator-slotgame.com\/wp-content\/uploads\/Aviator-18-800-x-600-\u043f\u0438\u043a\u0441-768x576.jpg 768w, https:\/\/aviator-slotgame.com\/wp-content\/uploads\/Aviator-18-800-x-600-\u043f\u0438\u043a\u0441-16x12.jpg 16w\" sizes=\"auto, (max-width: 800px) 100vw, 800px\" \/><\/p>\n<h2>Bankrullehantering i Aviator-spelet - Hur man undviker f\u00f6rluster och uppr\u00e4tth\u00e5ller balansen<\/h2>\n<p>En av nyckelstrategierna inom spel \u00e4r att hantera din bankrulle v\u00e4l. S\u00e4tt sj\u00e4lv gr\u00e4nser f\u00f6r hur mycket du kan f\u00f6rlora och vinna, och h\u00e5ll dig till dem. Detta hj\u00e4lper dig att undvika stora f\u00f6rluster och beh\u00e5lla din spelbalans.<\/p>\n<p><img loading=\"lazy\" decoding=\"async\" class=\"alignnone size-full wp-image-307\" src=\"https:\/\/aviator-slotgame.com\/wp-content\/uploads\/Aviator-19-800-x-600-\u043f\u0438\u043a\u0441.jpg\" alt=\"Hantera din bankrulle i spelet Aviator\" width=\"800\" height=\"600\" srcset=\"https:\/\/aviator-slotgame.com\/wp-content\/uploads\/Aviator-19-800-x-600-\u043f\u0438\u043a\u0441.jpg 800w, https:\/\/aviator-slotgame.com\/wp-content\/uploads\/Aviator-19-800-x-600-\u043f\u0438\u043a\u0441-300x225.jpg 300w, https:\/\/aviator-slotgame.com\/wp-content\/uploads\/Aviator-19-800-x-600-\u043f\u0438\u043a\u0441-768x576.jpg 768w, https:\/\/aviator-slotgame.com\/wp-content\/uploads\/Aviator-19-800-x-600-\u043f\u0438\u043a\u0441-16x12.jpg 16w\" sizes=\"auto, (max-width: 800px) 100vw, 800px\" \/><\/p>\n<h2>Varf\u00f6r Aviator \u00e4r ett av de b\u00e4sta high RTP-spelen<\/h2>\n<p>F\u00f6rs\u00f6k att v\u00e4lja spel med h\u00f6gre RTP (\u00c5terg\u00e5 till spelare). Onlinespelet Aviator tillh\u00f6r listan \u00f6ver kraschspel med h\u00f6g RTP-procent. Ju h\u00f6gre RTP, desto h\u00f6gre \u00e4r sannolikheten att vinna p\u00e5 l\u00e5ng sikt.<\/p>\n<h2>Spela med maximal insats i Aviator - Risker och bel\u00f6ningar<\/h2>\n<p>I vissa spel, inklusive Aviator, kan satsa maximalt \u00f6ka dina chanser att vinna stort. Kom dock ih\u00e5g att spel med maximal insats ocks\u00e5 kan leda till snabba f\u00f6rluster, s\u00e5 var f\u00f6rsiktig.<\/p>\n<h2>F\u00f6rdubblingsstrategi i spelet Aviator<\/h2>\n<p>Vissa spelare anv\u00e4nder en dubbleringsstrategi d\u00e4r de dubblar sin insats efter varje f\u00f6rlust. Denna taktik har sina risker, s\u00e5 anv\u00e4nd den med f\u00f6rsiktighet.<\/p>\n<h2>Demol\u00e4ge i spelet Aviator<\/h2>\n<p>Innan du spelar f\u00f6r riktiga pengar, prova att spela i demol\u00e4ge f\u00f6r att l\u00e4ra dig spelet, dess regler och funktioner. Detta hj\u00e4lper dig att utveckla din egen strategi och f\u00f6rbereda dig f\u00f6r att spela f\u00f6r riktiga pengar.<\/p>\n<h2>Rekommendationer och tips f\u00f6r spelet Aviator<\/h2>\n<p>Anv\u00e4nd f\u00f6ljande tips, det kommer definitivt att hj\u00e4lpa dig i spelet:<\/p>\n<ul>\n<li>Ta dig tid att bli ordentligt bekant med speltekniken, hur betalningar, p\u00e5fyllningar och bonusar sker. Om du f\u00f6rst\u00e5r spelets principer och hur det fungerar kommer dina framtida beslut att bli mer rationella.<\/li>\n<\/ul>\n<ul>\n<li>Variera dina insatser. Ist\u00e4llet f\u00f6r att g\u00f6ra samma satsningar varje runda, f\u00f6rs\u00f6k att variera dina satsningar. Ibland \u00e4r det b\u00e4ttre att g\u00f6ra en st\u00f6rre insats f\u00f6r att \u00f6ka dina chanser att vinna stort, och ibland att g\u00f6ra en mindre insats f\u00f6r att minska dina f\u00f6rluster.<\/li>\n<\/ul>\n<ul>\n<li>Hantera din budget. Det \u00e4r v\u00e4ldigt viktigt att kunna hantera sin ekonomi i spelet. S\u00e4tt dig sj\u00e4lv en f\u00f6rlustgr\u00e4ns och h\u00e5ll dig till den. Till\u00e5t dig inte att spela med stora summor som du inte har r\u00e5d att f\u00f6rlora.<\/li>\n<\/ul>\n<ul>\n<li>Spela smart. Gl\u00f6m inte att att spela p\u00e5 ett casino alltid inneb\u00e4r risker. Spela ansvarsfullt och l\u00e5t inte dina k\u00e4nslor p\u00e5verka dina beslut. Kom ih\u00e5g att tur kan vara of\u00f6ruts\u00e4gbar, s\u00e5 lita inte p\u00e5 den ensam.<\/li>\n<\/ul>\n<ul>\n<li>L\u00e4r dig spelets regler. F\u00f6r att bli framg\u00e5ngsrik i Aviator onlinecasinot och i alla andra casinon \u00e4r det viktigt att f\u00f6rst\u00e5 spelets regler v\u00e4l. Studera alla detaljer och funktioner i spelet f\u00f6r att fatta v\u00e4lgrundade beslut.<\/li>\n<\/ul>\n<ul>\n<li>Anv\u00e4nd demol\u00e4ge. Om du \u00e4r ny i spelet eller bara vill \u00f6va och f\u00f6rst\u00e5 spelet b\u00e4ttre, anv\u00e4nd demol\u00e4get f\u00f6r att spela utan risk att f\u00f6rlora riktiga pengar. Detta hj\u00e4lper dig att bli bekv\u00e4m med spelet och utveckla din strategi.<\/li>\n<\/ul>\n<ul>\n<li>Var uppm\u00e4rksam p\u00e5 andra spelares \u00e5sikter. Andra spelare kanske redan har hittat effektiva strategier eller tips f\u00f6r att spela Aviator. L\u00e4s forumen och diskussionerna f\u00f6r att l\u00e4ra dig mer om dem och till\u00e4mpa dem p\u00e5 ditt spel. Och var uppm\u00e4rksam p\u00e5 chatten i spelet oftare!<\/li>\n<\/ul>\n<ul>\n<li>Se till att du har en bra internetuppkoppling. Innan du b\u00f6rjar spela, se till att du har en stabil anslutning! I h\u00e4ndelse av ov\u00e4ntad fr\u00e5nkoppling \u00e4r utvecklarna inte ansvariga f\u00f6r det f\u00f6rlorade spelet.<\/li>\n<\/ul>\n<p>Jag hoppas att dessa rekommendationer kommer att hj\u00e4lpa dig att njuta av onlinespelet Aviator och \u00f6ka dina chanser att lyckas.<\/p>\n<p><img loading=\"lazy\" decoding=\"async\" class=\"alignnone size-full wp-image-301\" src=\"https:\/\/aviator-slotgame.com\/wp-content\/uploads\/Aviator-16-800-x-600-\u043f\u0438\u043a\u0441.jpg\" alt=\"Viktiga tips f\u00f6r att framg\u00e5ngsrikt spela Aviator\" width=\"800\" height=\"600\" srcset=\"https:\/\/aviator-slotgame.com\/wp-content\/uploads\/Aviator-16-800-x-600-\u043f\u0438\u043a\u0441.jpg 800w, https:\/\/aviator-slotgame.com\/wp-content\/uploads\/Aviator-16-800-x-600-\u043f\u0438\u043a\u0441-300x225.jpg 300w, https:\/\/aviator-slotgame.com\/wp-content\/uploads\/Aviator-16-800-x-600-\u043f\u0438\u043a\u0441-768x576.jpg 768w, https:\/\/aviator-slotgame.com\/wp-content\/uploads\/Aviator-16-800-x-600-\u043f\u0438\u043a\u0441-16x12.jpg 16w\" sizes=\"auto, (max-width: 800px) 100vw, 800px\" \/><\/p>\n\n<div style=\"font-size: 0px; height: 0px; line-height: 0px; margin: 0; padding: 0; clear: both;\"><\/div>","protected":false},"excerpt":{"rendered":"<p>I kraschspelet Aviator, som i m\u00e5nga andra hasardspel, \u00e4r det viktigt att komma ih\u00e5g att resultaten \u00e4r baserade p\u00e5 slumpen. Dock<\/p>","protected":false},"author":1,"featured_media":0,"parent":0,"menu_order":0,"comment_status":"closed","ping_status":"closed","template":"","meta":{"footnotes":""},"class_list":["post-230","page","type-page","status-publish","hentry"],"yoast_head":"<!-- This site is optimized with the Yoast SEO plugin v22.0 - https:\/\/yoast.com\/wordpress\/plugins\/seo\/ -->\n<title>C\u0442\u0440\u0430\u0442\u0435\u0433\u0438\u0438 \u0438\u0433\u0440\u044b \u0410\u0432\u0438\u0430\u0442\u043e\u0440 \u2014 \u041a\u0430\u043a \u0432\u044b\u0438\u0433\u0440\u044b\u0432\u0430\u0442\u044c \u0434\u0435\u043d\u044c\u0433\u0438 \u0432 \u043a\u0440\u0430\u0448-\u0441\u043b\u043e\u0442<\/title>\n<meta name=\"description\" content=\"\u0418\u0437\u0443\u0447\u0438\u0442\u0435 \u0441\u0442\u0440\u0430\u0442\u0435\u0433\u0438\u0438 \u0438 \u0442\u0430\u043a\u0442\u0438\u043a\u0438 \u0438\u0433\u0440\u044b \u0432 \u0441\u043b\u043e\u0442 \u0410\u0432\u0438\u0430\u0442\u043e\u0440. \u0423\u043f\u0440\u0430\u0432\u043b\u044f\u0439\u0442\u0435 \u0431\u0430\u043d\u043a\u0440\u043e\u043b\u043b\u043e\u043c, \u0438\u0441\u043f\u043e\u043b\u044c\u0437\u0443\u0439\u0442\u0435 \u043a\u043e\u044d\u0444\u0444\u0438\u0446\u0438\u0435\u043d\u0442\u044b \u0438 \u0443\u0432\u0435\u043b\u0438\u0447\u0438\u0432\u0430\u0439\u0442\u0435 \u0448\u0430\u043d\u0441\u044b \u043d\u0430 \u0432\u044b\u0438\u0433\u0440\u044b\u0448 \u0432 \u043a\u0440\u0430\u0448-\u0438\u0433\u0440\u0435 \u043d\u0430 \u0434\u0435\u043d\u044c\u0433\u0438.\" \/>\n<meta name=\"robots\" content=\"index, follow, max-snippet:-1, max-image-preview:large, max-video-preview:-1\" \/>\n<link rel=\"canonical\" href=\"https:\/\/aviator-slotgame.com\/sv\/strategy-and-tactics\/\" \/>\n<meta property=\"og:locale\" content=\"sv_SE\" \/>\n<meta property=\"og:type\" content=\"article\" \/>\n<meta property=\"og:title\" content=\"C\u0442\u0440\u0430\u0442\u0435\u0433\u0438\u0438 \u0438\u0433\u0440\u044b \u0410\u0432\u0438\u0430\u0442\u043e\u0440 \u2014 \u041a\u0430\u043a \u0432\u044b\u0438\u0433\u0440\u044b\u0432\u0430\u0442\u044c \u0434\u0435\u043d\u044c\u0433\u0438 \u0432 \u043a\u0440\u0430\u0448-\u0441\u043b\u043e\u0442\" \/>\n<meta property=\"og:description\" content=\"\u0418\u0437\u0443\u0447\u0438\u0442\u0435 \u0441\u0442\u0440\u0430\u0442\u0435\u0433\u0438\u0438 \u0438 \u0442\u0430\u043a\u0442\u0438\u043a\u0438 \u0438\u0433\u0440\u044b \u0432 \u0441\u043b\u043e\u0442 \u0410\u0432\u0438\u0430\u0442\u043e\u0440. \u0423\u043f\u0440\u0430\u0432\u043b\u044f\u0439\u0442\u0435 \u0431\u0430\u043d\u043a\u0440\u043e\u043b\u043b\u043e\u043c, \u0438\u0441\u043f\u043e\u043b\u044c\u0437\u0443\u0439\u0442\u0435 \u043a\u043e\u044d\u0444\u0444\u0438\u0446\u0438\u0435\u043d\u0442\u044b \u0438 \u0443\u0432\u0435\u043b\u0438\u0447\u0438\u0432\u0430\u0439\u0442\u0435 \u0448\u0430\u043d\u0441\u044b \u043d\u0430 \u0432\u044b\u0438\u0433\u0440\u044b\u0448 \u0432 \u043a\u0440\u0430\u0448-\u0438\u0433\u0440\u0435 \u043d\u0430 \u0434\u0435\u043d\u044c\u0433\u0438.\" \/>\n<meta property=\"og:url\" content=\"https:\/\/aviator-slotgame.com\/sv\/strategy-and-tactics\/\" \/>\n<meta property=\"og:site_name\" content=\"Aviator\" \/>\n<meta property=\"article:modified_time\" content=\"2024-10-03T23:03:12+00:00\" \/>\n<meta name=\"twitter:card\" content=\"summary_large_image\" \/>\n<meta name=\"twitter:label1\" content=\"Ber\u00e4knad l\u00e4stid\" \/>\n\t<meta name=\"twitter:data1\" content=\"4 minuter\" \/>\n<script type=\"application\/ld+json\" class=\"yoast-schema-graph\">{\"@context\":\"https:\/\/schema.org\",\"@graph\":[{\"@type\":\"WebPage\",\"@id\":\"https:\/\/aviator-slotgame.com\/strategy-and-tactics\/\",\"url\":\"https:\/\/aviator-slotgame.com\/strategy-and-tactics\/\",\"name\":\"C\u0442\u0440\u0430\u0442\u0435\u0433\u0438\u0438 \u0438\u0433\u0440\u044b \u0410\u0432\u0438\u0430\u0442\u043e\u0440 \u2014 \u041a\u0430\u043a \u0432\u044b\u0438\u0433\u0440\u044b\u0432\u0430\u0442\u044c \u0434\u0435\u043d\u044c\u0433\u0438 \u0432 \u043a\u0440\u0430\u0448-\u0441\u043b\u043e\u0442\",\"isPartOf\":{\"@id\":\"https:\/\/aviator-slotgame.com\/#website\"},\"datePublished\":\"2024-09-06T08:55:11+00:00\",\"dateModified\":\"2024-10-03T23:03:12+00:00\",\"description\":\"\u0418\u0437\u0443\u0447\u0438\u0442\u0435 \u0441\u0442\u0440\u0430\u0442\u0435\u0433\u0438\u0438 \u0438 \u0442\u0430\u043a\u0442\u0438\u043a\u0438 \u0438\u0433\u0440\u044b \u0432 \u0441\u043b\u043e\u0442 \u0410\u0432\u0438\u0430\u0442\u043e\u0440. \u0423\u043f\u0440\u0430\u0432\u043b\u044f\u0439\u0442\u0435 \u0431\u0430\u043d\u043a\u0440\u043e\u043b\u043b\u043e\u043c, \u0438\u0441\u043f\u043e\u043b\u044c\u0437\u0443\u0439\u0442\u0435 \u043a\u043e\u044d\u0444\u0444\u0438\u0446\u0438\u0435\u043d\u0442\u044b \u0438 \u0443\u0432\u0435\u043b\u0438\u0447\u0438\u0432\u0430\u0439\u0442\u0435 \u0448\u0430\u043d\u0441\u044b \u043d\u0430 \u0432\u044b\u0438\u0433\u0440\u044b\u0448 \u0432 \u043a\u0440\u0430\u0448-\u0438\u0433\u0440\u0435 \u043d\u0430 \u0434\u0435\u043d\u044c\u0433\u0438.\",\"breadcrumb\":{\"@id\":\"https:\/\/aviator-slotgame.com\/strategy-and-tactics\/#breadcrumb\"},\"inLanguage\":\"sv-SE\",\"potentialAction\":[{\"@type\":\"ReadAction\",\"target\":[\"https:\/\/aviator-slotgame.com\/strategy-and-tactics\/\"]}]},{\"@type\":\"BreadcrumbList\",\"@id\":\"https:\/\/aviator-slotgame.com\/strategy-and-tactics\/#breadcrumb\",\"itemListElement\":[{\"@type\":\"ListItem\",\"position\":1,\"name\":\"Home\",\"item\":\"https:\/\/aviator-slotgame.com\/\"},{\"@type\":\"ListItem\",\"position\":2,\"name\":\"\u0421\u0442\u0440\u0430\u0442\u0435\u0433\u0438\u0438 \u0438 \u0442\u0430\u043a\u0442\u0438\u043a\u0438 \u0438\u0433\u0440\u044b Aviator\"}]},{\"@type\":\"WebSite\",\"@id\":\"https:\/\/aviator-slotgame.com\/#website\",\"url\":\"https:\/\/aviator-slotgame.com\/\",\"name\":\"Aviator\",\"description\":\"\",\"publisher\":{\"@id\":\"https:\/\/aviator-slotgame.com\/#organization\"},\"potentialAction\":[{\"@type\":\"SearchAction\",\"target\":{\"@type\":\"EntryPoint\",\"urlTemplate\":\"https:\/\/aviator-slotgame.com\/?s={search_term_string}\"},\"query-input\":\"required name=search_term_string\"}],\"inLanguage\":\"sv-SE\"},{\"@type\":\"Organization\",\"@id\":\"https:\/\/aviator-slotgame.com\/#organization\",\"name\":\"Aviator\",\"url\":\"https:\/\/aviator-slotgame.com\/\",\"logo\":{\"@type\":\"ImageObject\",\"inLanguage\":\"sv-SE\",\"@id\":\"https:\/\/aviator-slotgame.com\/#\/schema\/logo\/image\/\",\"url\":\"https:\/\/aviator-slotgame.com\/wp-content\/uploads\/16f5e8_dade544d4623411c9c4153c639aae85amv2.webp\",\"contentUrl\":\"https:\/\/aviator-slotgame.com\/wp-content\/uploads\/16f5e8_dade544d4623411c9c4153c639aae85amv2.webp\",\"width\":400,\"height\":300,\"caption\":\"Aviator\"},\"image\":{\"@id\":\"https:\/\/aviator-slotgame.com\/#\/schema\/logo\/image\/\"}}]}<\/script>\n<!-- \/ Yoast SEO plugin. -->","yoast_head_json":{"title":"C\u0442\u0440\u0430\u0442\u0435\u0433\u0438\u0438 \u0438\u0433\u0440\u044b \u0410\u0432\u0438\u0430\u0442\u043e\u0440 \u2014 \u041a\u0430\u043a \u0432\u044b\u0438\u0433\u0440\u044b\u0432\u0430\u0442\u044c \u0434\u0435\u043d\u044c\u0433\u0438 \u0432 \u043a\u0440\u0430\u0448-\u0441\u043b\u043e\u0442","description":"\u0418\u0437\u0443\u0447\u0438\u0442\u0435 \u0441\u0442\u0440\u0430\u0442\u0435\u0433\u0438\u0438 \u0438 \u0442\u0430\u043a\u0442\u0438\u043a\u0438 \u0438\u0433\u0440\u044b \u0432 \u0441\u043b\u043e\u0442 \u0410\u0432\u0438\u0430\u0442\u043e\u0440. \u0423\u043f\u0440\u0430\u0432\u043b\u044f\u0439\u0442\u0435 \u0431\u0430\u043d\u043a\u0440\u043e\u043b\u043b\u043e\u043c, \u0438\u0441\u043f\u043e\u043b\u044c\u0437\u0443\u0439\u0442\u0435 \u043a\u043e\u044d\u0444\u0444\u0438\u0446\u0438\u0435\u043d\u0442\u044b \u0438 \u0443\u0432\u0435\u043b\u0438\u0447\u0438\u0432\u0430\u0439\u0442\u0435 \u0448\u0430\u043d\u0441\u044b \u043d\u0430 \u0432\u044b\u0438\u0433\u0440\u044b\u0448 \u0432 \u043a\u0440\u0430\u0448-\u0438\u0433\u0440\u0435 \u043d\u0430 \u0434\u0435\u043d\u044c\u0433\u0438.","robots":{"index":"index","follow":"follow","max-snippet":"max-snippet:-1","max-image-preview":"max-image-preview:large","max-video-preview":"max-video-preview:-1"},"canonical":"https:\/\/aviator-slotgame.com\/sv\/strategy-and-tactics\/","og_locale":"sv_SE","og_type":"article","og_title":"C\u0442\u0440\u0430\u0442\u0435\u0433\u0438\u0438 \u0438\u0433\u0440\u044b \u0410\u0432\u0438\u0430\u0442\u043e\u0440 \u2014 \u041a\u0430\u043a \u0432\u044b\u0438\u0433\u0440\u044b\u0432\u0430\u0442\u044c \u0434\u0435\u043d\u044c\u0433\u0438 \u0432 \u043a\u0440\u0430\u0448-\u0441\u043b\u043e\u0442","og_description":"\u0418\u0437\u0443\u0447\u0438\u0442\u0435 \u0441\u0442\u0440\u0430\u0442\u0435\u0433\u0438\u0438 \u0438 \u0442\u0430\u043a\u0442\u0438\u043a\u0438 \u0438\u0433\u0440\u044b \u0432 \u0441\u043b\u043e\u0442 \u0410\u0432\u0438\u0430\u0442\u043e\u0440. \u0423\u043f\u0440\u0430\u0432\u043b\u044f\u0439\u0442\u0435 \u0431\u0430\u043d\u043a\u0440\u043e\u043b\u043b\u043e\u043c, \u0438\u0441\u043f\u043e\u043b\u044c\u0437\u0443\u0439\u0442\u0435 \u043a\u043e\u044d\u0444\u0444\u0438\u0446\u0438\u0435\u043d\u0442\u044b \u0438 \u0443\u0432\u0435\u043b\u0438\u0447\u0438\u0432\u0430\u0439\u0442\u0435 \u0448\u0430\u043d\u0441\u044b \u043d\u0430 \u0432\u044b\u0438\u0433\u0440\u044b\u0448 \u0432 \u043a\u0440\u0430\u0448-\u0438\u0433\u0440\u0435 \u043d\u0430 \u0434\u0435\u043d\u044c\u0433\u0438.","og_url":"https:\/\/aviator-slotgame.com\/sv\/strategy-and-tactics\/","og_site_name":"Aviator","article_modified_time":"2024-10-03T23:03:12+00:00","twitter_card":"summary_large_image","twitter_misc":{"Ber\u00e4knad l\u00e4stid":"4 minuter"},"schema":{"@context":"https:\/\/schema.org","@graph":[{"@type":"WebPage","@id":"https:\/\/aviator-slotgame.com\/strategy-and-tactics\/","url":"https:\/\/aviator-slotgame.com\/strategy-and-tactics\/","name":"C\u0442\u0440\u0430\u0442\u0435\u0433\u0438\u0438 \u0438\u0433\u0440\u044b \u0410\u0432\u0438\u0430\u0442\u043e\u0440 \u2014 \u041a\u0430\u043a \u0432\u044b\u0438\u0433\u0440\u044b\u0432\u0430\u0442\u044c \u0434\u0435\u043d\u044c\u0433\u0438 \u0432 \u043a\u0440\u0430\u0448-\u0441\u043b\u043e\u0442","isPartOf":{"@id":"https:\/\/aviator-slotgame.com\/#website"},"datePublished":"2024-09-06T08:55:11+00:00","dateModified":"2024-10-03T23:03:12+00:00","description":"\u0418\u0437\u0443\u0447\u0438\u0442\u0435 \u0441\u0442\u0440\u0430\u0442\u0435\u0433\u0438\u0438 \u0438 \u0442\u0430\u043a\u0442\u0438\u043a\u0438 \u0438\u0433\u0440\u044b \u0432 \u0441\u043b\u043e\u0442 \u0410\u0432\u0438\u0430\u0442\u043e\u0440. \u0423\u043f\u0440\u0430\u0432\u043b\u044f\u0439\u0442\u0435 \u0431\u0430\u043d\u043a\u0440\u043e\u043b\u043b\u043e\u043c, \u0438\u0441\u043f\u043e\u043b\u044c\u0437\u0443\u0439\u0442\u0435 \u043a\u043e\u044d\u0444\u0444\u0438\u0446\u0438\u0435\u043d\u0442\u044b \u0438 \u0443\u0432\u0435\u043b\u0438\u0447\u0438\u0432\u0430\u0439\u0442\u0435 \u0448\u0430\u043d\u0441\u044b \u043d\u0430 \u0432\u044b\u0438\u0433\u0440\u044b\u0448 \u0432 \u043a\u0440\u0430\u0448-\u0438\u0433\u0440\u0435 \u043d\u0430 \u0434\u0435\u043d\u044c\u0433\u0438.","breadcrumb":{"@id":"https:\/\/aviator-slotgame.com\/strategy-and-tactics\/#breadcrumb"},"inLanguage":"sv-SE","potentialAction":[{"@type":"ReadAction","target":["https:\/\/aviator-slotgame.com\/strategy-and-tactics\/"]}]},{"@type":"BreadcrumbList","@id":"https:\/\/aviator-slotgame.com\/strategy-and-tactics\/#breadcrumb","itemListElement":[{"@type":"ListItem","position":1,"name":"Home","item":"https:\/\/aviator-slotgame.com\/"},{"@type":"ListItem","position":2,"name":"\u0421\u0442\u0440\u0430\u0442\u0435\u0433\u0438\u0438 \u0438 \u0442\u0430\u043a\u0442\u0438\u043a\u0438 \u0438\u0433\u0440\u044b Aviator"}]},{"@type":"WebSite","@id":"https:\/\/aviator-slotgame.com\/#website","url":"https:\/\/aviator-slotgame.com\/","name":"Aviator","description":"","publisher":{"@id":"https:\/\/aviator-slotgame.com\/#organization"},"potentialAction":[{"@type":"SearchAction","target":{"@type":"EntryPoint","urlTemplate":"https:\/\/aviator-slotgame.com\/?s={search_term_string}"},"query-input":"required name=search_term_string"}],"inLanguage":"sv-SE"},{"@type":"Organization","@id":"https:\/\/aviator-slotgame.com\/#organization","name":"Aviator","url":"https:\/\/aviator-slotgame.com\/","logo":{"@type":"ImageObject","inLanguage":"sv-SE","@id":"https:\/\/aviator-slotgame.com\/#\/schema\/logo\/image\/","url":"https:\/\/aviator-slotgame.com\/wp-content\/uploads\/16f5e8_dade544d4623411c9c4153c639aae85amv2.webp","contentUrl":"https:\/\/aviator-slotgame.com\/wp-content\/uploads\/16f5e8_dade544d4623411c9c4153c639aae85amv2.webp","width":400,"height":300,"caption":"Aviator"},"image":{"@id":"https:\/\/aviator-slotgame.com\/#\/schema\/logo\/image\/"}}]}},"amp_enabled":true,"_links":{"self":[{"href":"https:\/\/aviator-slotgame.com\/sv\/wp-json\/wp\/v2\/pages\/230","targetHints":{"allow":["GET"]}}],"collection":[{"href":"https:\/\/aviator-slotgame.com\/sv\/wp-json\/wp\/v2\/pages"}],"about":[{"href":"https:\/\/aviator-slotgame.com\/sv\/wp-json\/wp\/v2\/types\/page"}],"author":[{"embeddable":true,"href":"https:\/\/aviator-slotgame.com\/sv\/wp-json\/wp\/v2\/users\/1"}],"replies":[{"embeddable":true,"href":"https:\/\/aviator-slotgame.com\/sv\/wp-json\/wp\/v2\/comments?post=230"}],"version-history":[{"count":14,"href":"https:\/\/aviator-slotgame.com\/sv\/wp-json\/wp\/v2\/pages\/230\/revisions"}],"predecessor-version":[{"id":410,"href":"https:\/\/aviator-slotgame.com\/sv\/wp-json\/wp\/v2\/pages\/230\/revisions\/410"}],"wp:attachment":[{"href":"https:\/\/aviator-slotgame.com\/sv\/wp-json\/wp\/v2\/media?parent=230"}],"curies":[{"name":"wp","href":"https:\/\/api.w.org\/{rel}","templated":true}]}}