{"id":26,"date":"2024-01-31T12:57:07","date_gmt":"2024-01-31T12:57:07","guid":{"rendered":"https:\/\/aviator-slotgame.com\/?page_id=26"},"modified":"2024-10-03T23:16:00","modified_gmt":"2024-10-03T23:16:00","slug":"play-for-free","status":"publish","type":"page","link":"https:\/\/aviator-slotgame.com\/sv\/hur-du-spelar-aviator-demo-gratis\/","title":{"rendered":"Hur man spelar Aviator-demon gratis"},"content":{"rendered":"<div class=\"905be3da780a24624f9c2c0f7a042b9b\" data-index=\"1\" style=\"float: none; margin:10px 0 10px 0; text-align:center;\">\n<div class=\"custom-play-button\">\r\n<center><a href=\"https:\/\/aviator-slotgame.com\/sv\/play-game\/\" rel=\"nofollow\" target=\"_blank\">Spela nu<\/a><br><\/center>\r\n<\/div>\n<\/div>\n<p>Aviator-spelet fr\u00e5n Spribe \u00e4r ett nytt och sp\u00e4nnande kasinospel som l\u00e5ter spelare uppleva sp\u00e4nningen med att vinna medan de flyger h\u00f6gt. Demoversionen av spelet ger spelare chansen att prova spelet gratis, medan den fullst\u00e4ndiga versionen \u00e4r tillg\u00e4nglig p\u00e5 m\u00e5nga popul\u00e4ra kasinosajter. Den kostnadsfria Aviator-demon \u00e4r ett utm\u00e4rkt s\u00e4tt att l\u00e4ra sig hur man spelar spelet innan du spenderar pengar p\u00e5 den fullst\u00e4ndiga versionen, och det \u00e4r ett roligt s\u00e4tt att spendera tid online utan att spendera n\u00e5gra pengar.<\/p>\n<p>F\u00f6r att g\u00f6ra detta m\u00e5ste du g\u00e5 till den officiella Aviator-webbplatsen och v\u00e4lja demospell\u00e4get. I demoversionen kan du spela utan att beh\u00f6va satsa riktiga pengar och bara njuta av spelet.<\/p>\n<p><img loading=\"lazy\" decoding=\"async\" title=\"Spela Aviator-demon\" src=\"https:\/\/aviator-slotgame.com\/wp-content\/uploads\/aviator-3.png\" alt=\"Hur man spelar Aviator-demon gratis\" width=\"800\" height=\"445\" \/><\/p>\n<h2>Nyckelfunktioner<\/h2>\n<p>Demoversionen kommer att introducera dig till flera viktiga spelmekaniker. Genom att \u00f6va gratis f\u00f6rst kommer du att f\u00e5 en b\u00e4ttre f\u00f6rst\u00e5else f\u00f6r hur spelet fungerar och kan maximera dina vinster n\u00e4r du spelar f\u00f6r riktiga pengar. Aviator-demon \u00e4r ocks\u00e5 ett bra s\u00e4tt att ha lite kul utan att spendera n\u00e5gra pengar eller krediter.<\/p><div class=\"905be3da780a24624f9c2c0f7a042b9b\" data-index=\"1\" style=\"float: none; margin:10px 0 10px 0; text-align:center;\">\n<div class=\"custom-play-button\">\r\n<center><a href=\"https:\/\/aviator-slotgame.com\/sv\/play-game\/\" rel=\"nofollow\" target=\"_blank\">Spela nu<\/a><br><\/center>\r\n<\/div>\n<\/div>\n\n<h3>Dubbla ned-knappar<\/h3>\n<p>Dessa knappar ger dig m\u00f6jlighet att dubbla din insats n\u00e4r oddsen \u00e4r staplade till din f\u00f6rdel. Detta kan \u00f6ka dina vinster, men det \u00f6kar ocks\u00e5 riskfaktorn.<\/p>\n<p>Vi rekommenderar att du tr\u00e4nar p\u00e5 att anv\u00e4nda b\u00e5da knapparna i demoversionen innan du riskerar riktiga webbplatskrediter. Aviator-planet kan flyga iv\u00e4g under den tid det tar dig att trycka p\u00e5 den andra knappen. De b\u00e4sta Aviator-spelarna kan ta ut b\u00e5da sina insatser inom en sekund.<\/p>\n<h3>Leaderboard<\/h3>\n<p>Den h\u00e4r funktionen ger dig en uppfattning om hur v\u00e4l dina insatser st\u00e5r sig j\u00e4mf\u00f6rt med andra spelare i realtid! Det h\u00e4r \u00e4r ett bra s\u00e4tt att h\u00e5lla sig motiverad n\u00e4r du kommer till sj\u00e4lva spelet. I demon simuleras dessa spelare, men du kan f\u00e5 en uppfattning om vad du ska h\u00e5lla utkik efter.<\/p>\n<h3>Insats- och vinstgr\u00e4nser<\/h3>\n<p>Aviator-demon \u00e4r ett bra st\u00e4lle f\u00f6r att ta reda p\u00e5 vilka h\u00f6gsta och l\u00e4gsta satsningar du kan g\u00f6ra och hur mycket pengar tur kommer att ge dig. Denna information \u00e4r extremt viktig av tv\u00e5 sk\u00e4l. F\u00f6r det f\u00f6rsta kommer du att kunna k\u00e4nna till gr\u00e4nserna f\u00f6r ditt spel och inte g\u00e5 ut\u00f6ver dem n\u00e4r du spelar den fullst\u00e4ndiga versionen. F\u00f6r det andra kan du veta vad du kan f\u00f6rv\u00e4nta dig n\u00e4r multiplikatorn b\u00f6rjar \u00f6ka.<\/p>\n<table>\n<tbody>\n<tr>\n<td><strong>SPELGR\u00c4NSER<\/strong><\/td>\n<\/tr>\n<tr>\n<td><strong>Minsta bud<\/strong><\/td>\n<td>0.10<\/td>\n<\/tr>\n<tr>\n<td><strong>Maximal insats<\/strong><\/td>\n<td>100<\/td>\n<\/tr>\n<tr>\n<td><strong>Maximal vinst<\/strong><\/td>\n<td>10,000<\/td>\n<\/tr>\n<\/tbody>\n<\/table>\n<p><img loading=\"lazy\" decoding=\"async\" src=\"https:\/\/aviator-slotgame.com\/wp-content\/uploads\/Aviator-12-800-x-600-\u043f\u0438\u043a\u0441.jpg\" alt=\"Satsningar och vinster\" width=\"800\" height=\"600\" \/><\/p>\n<h3>Autospela<\/h3>\n<p>Autoplay placerar automatiskt insatser och betalar ut pengar f\u00f6r din r\u00e4kning enligt de inst\u00e4llningar du anger. Detta g\u00f6r att du kan luta dig tillbaka och koppla av medan Aviator-spelet g\u00f6r jobbet \u00e5t dig. F\u00f6r skojs skull och \u00f6vning, kommer spelet att till\u00e5ta spelare att prova olika kombinationer av inst\u00e4llningar.<\/p>\n<p>F\u00f6ljande autospelalternativ \u00e4r tillg\u00e4ngliga i demoversionen av Aviator:<\/p>\n<ul>\n<li>Gr\u00e4ns f\u00f6r kontantreduktion<\/li>\n<li>Vinstgr\u00e4ns<\/li>\n<li>Gr\u00e4ns per vinst<\/li>\n<li>Multiplikator f\u00f6r kontantutbetalning<\/li>\n<\/ul>\n<p><img loading=\"lazy\" decoding=\"async\" src=\"https:\/\/aviator-slotgame.com\/wp-content\/uploads\/Aviator-15-800-x-600-\u043f\u0438\u043a\u0441.jpg\" alt=\"Autoplay i Aviator\" width=\"800\" height=\"600\" \/><\/p>\n<h2>Funktioner som inte ing\u00e5r i demoversionen<\/h2>\n<p>Aviator-demon saknar en viktig funktion. Det g\u00e5r helt enkelt inte att modellera.<\/p>\n<h3>Spelare chattar<\/h3>\n<p>I den fullst\u00e4ndiga versionen av Aviator kan spelare komma \u00e5t chattsystemet i spelet f\u00f6r att diskutera strategi, missbruka multiplikatorer, dela tips och tricks, skryta om de senaste stora vinsterna och chatta med varandra. Denna funktion \u00e4r inte tillg\u00e4nglig i demoversionen.<\/p>\n<p>Du kanske inte kan tr\u00e4na p\u00e5 att kommunicera med andra spelare, men det \u00e4r en av de viktigaste aspekterna av ett livespel. Det h\u00e4r \u00e4r ett bra s\u00e4tt att bygga relationer med andra spelare och l\u00e4ra sig mer om spelet.<\/p>\n<h2>Gratis demo av Aviator j\u00e4mf\u00f6rt med sj\u00e4lva spelet<\/h2>\n<p>Aviator-demon \u00e4r en gratisversion av spelet som l\u00e5ter dig \u00f6va och prova olika strategier. Demoversionen inneh\u00e5ller alla funktioner som finns tillg\u00e4ngliga i den fullst\u00e4ndiga versionen, men med vissa begr\u00e4nsningar. Till exempel, i demoversionen av Aviator kan du inte tj\u00e4na riktiga pengar eller vinna priser. Men om du gillar att spela demoversionen och vill uppleva fler funktioner i detta sp\u00e4nnande spel, kan du forts\u00e4tta spela det riktiga spelet n\u00e4r som helst.<\/p>\n<p>Demoversionen av Aviator kommer med flera handledningar och tips som hj\u00e4lper dig att f\u00f6rst\u00e5 hur du spelar mer effektivt. De hj\u00e4lper dig att f\u00f6rb\u00e4ttra din \u00f6vergripande spelupplevelse genom att ge l\u00e4ttf\u00f6rst\u00e5elig v\u00e4gledning f\u00f6r nya spelare och l\u00e4ra ut nya tekniker. Du kan ocks\u00e5 se RNG-data (Random Number Generator) som genereras fr\u00e5n dessa omg\u00e5ngar, vilket g\u00f6r att du kan bli mer bekant med Sribes kryptoteknologi.<\/p>\n<table>\n<tbody>\n<tr>\n<td><strong>AVIATOR DEMO<\/strong><\/td>\n<td><strong>LIVESPEL &quot;AVIATOR&quot;<\/strong><\/td>\n<\/tr>\n<tr>\n<td>Spela gratis<\/td>\n<td>Webbplatskredit kr\u00e4vs<\/td>\n<\/tr>\n<tr>\n<td>Ingen livechatt<\/td>\n<td>Chatta f\u00f6r alla spelare<\/td>\n<\/tr>\n<tr>\n<td>Inga vinster<\/td>\n<td>Att vinna beror p\u00e5 multiplikatorn<\/td>\n<\/tr>\n<tr>\n<td>Du kan spela p\u00e5 den officiella Spribes hemsida<\/td>\n<td>Endast tillg\u00e4ngligt p\u00e5 licensierade onlinekasinon<\/td>\n<\/tr>\n<tr>\n<td>Simulerade spelare p\u00e5 topplistan<\/td>\n<td>Riktiga spelare satsar<\/td>\n<\/tr>\n<\/tbody>\n<\/table>\n<p>Genom att spela Aviator-demon f\u00f6rst kan du finslipa dina f\u00e4rdigheter innan du tar dig an andra spelare och kanske vinner p\u00e5 riktigt!<\/p>\n<p><img loading=\"lazy\" decoding=\"async\" src=\"https:\/\/aviator-slotgame.com\/wp-content\/uploads\/Aviator-11-800-x-600-\u043f\u0438\u043a\u0441.jpg\" alt=\"Demoversion i Aviator\" width=\"800\" height=\"600\" \/><\/p>\n<h2>Demoversion av spelet Aviator<\/h2>\n<p>Varf\u00f6r rekommenderar alla att du f\u00f6rst bekantar dig med demoversionen av Aviator-spelet?<\/p>\n<ol>\n<li><strong>Introduktion till spelet:<\/strong> Den kostnadsfria versionen av Aviator-spelet hj\u00e4lper spelare att bli bekanta med spelet, spelreglerna och spelautomatens funktioner utan att riskera sina pengar.<\/li>\n<li><strong>\u00d6va:<\/strong> Genom att spela gratisversionen kan spelare \u00f6va och finslipa sina f\u00e4rdigheter innan de spelar f\u00f6r riktiga pengar.<\/li>\n<li><strong>Intressepo\u00e4ng:<\/strong> Genom att spela gratisversionen kan du utv\u00e4rdera hur intressant och sp\u00e4nnande spelet \u00e4r, vilket hj\u00e4lper dig att avg\u00f6ra om du ska forts\u00e4tta spela f\u00f6r riktiga pengar.<\/li>\n<li><strong>Icke-finansiella risker:<\/strong> Gratisversionen eliminerar ekonomiska risker f\u00f6r spelaren, eftersom satsningar l\u00e4ggs p\u00e5 virtuella pengar, vilket g\u00f6r att du kan njuta av spelet utan stress.<\/li>\n<li><strong>Underh\u00e5llning:<\/strong> Att spela gratisversionen av Aviator kan vara ett bra s\u00e4tt att ha kul och f\u00f6rdriva tid utan att beh\u00f6va investera n\u00e5gra pengar.<\/li>\n<\/ol>\n<p><img loading=\"lazy\" decoding=\"async\" src=\"https:\/\/aviator-slotgame.com\/wp-content\/uploads\/Aviator-30-800-x-600-\u043f\u0438\u043a\u0441.jpg\" alt=\"Demospel Aviator\" width=\"800\" height=\"600\" \/><\/p>\n<h2>Var kan jag hitta en demoversion av spelet Aviator?<\/h2>\n<p>H\u00e4r \u00e4r detaljerade instruktioner om hur du hittar en demoversion av onlinespelet Aviator:<\/p>\n<ol>\n<li>\u00d6ppna webbl\u00e4saren p\u00e5 din enhet och g\u00e5 till den officiella hemsidan f\u00f6r casinot du vill spela p\u00e5.<\/li>\n<li>Om du redan har ett konto p\u00e5 webbplatsen, logga in med dina referenser. Om du inte har ett konto \u00e4nnu, registrera dig p\u00e5 kasinots hemsida.<\/li>\n<li>N\u00e4r du har g\u00e5tt in p\u00e5 sidan, hitta avsnittet med kraschspel eller anv\u00e4nd s\u00f6kf\u00e4ltet. Vanligtvis finns demoversioner av spel i avsnittet Spel.<\/li>\n<li>Hitta Aviator-spelet bland de alternativ som presenteras och klicka p\u00e5 det.<\/li>\n<li>I spelinformationen hittar du vanligtvis en Spela- eller Demo-knapp. Klicka p\u00e5 den h\u00e4r knappen f\u00f6r att starta demol\u00e4get f\u00f6r Aviator-spelet.<\/li>\n<li>Demoversionen av spelet kommer att laddas ner och du kan b\u00f6rja spela utan att beh\u00f6va satsa riktiga pengar. I demol\u00e4get kommer du att anv\u00e4nda virtuella pengar fr\u00e5n kasinot f\u00f6r att spela Aviator-kraschspelet.<\/li>\n<\/ol>\n<p>Genom att f\u00f6lja dessa steg kan du s\u00e5ledes enkelt hitta och spela demoversionen av Aviator-spelet p\u00e5 kasinots officiella webbplats<\/p>\n<p><img loading=\"lazy\" decoding=\"async\" src=\"https:\/\/aviator-slotgame.com\/wp-content\/uploads\/Aviator-31-800-x-600-\u043f\u0438\u043a\u0441.jpg\" alt=\"Hitta demospel Aviator\" width=\"800\" height=\"600\" \/><\/p>\n\n<div style=\"font-size: 0px; height: 0px; line-height: 0px; margin: 0; padding: 0; clear: both;\"><\/div>","protected":false},"excerpt":{"rendered":"<p>Sribe&#039;s Aviator \u00e4r ett nytt och sp\u00e4nnande kasinospel som l\u00e5ter spelare uppleva sp\u00e4nningen med att vinna<\/p>","protected":false},"author":1,"featured_media":0,"parent":0,"menu_order":0,"comment_status":"closed","ping_status":"closed","template":"","meta":{"footnotes":""},"class_list":["post-26","page","type-page","status-publish","hentry"],"yoast_head":"<!-- This site is optimized with the Yoast SEO plugin v22.0 - https:\/\/yoast.com\/wordpress\/plugins\/seo\/ -->\n<title>\u0414\u0435\u043c\u043e-\u0432\u0435\u0440\u0441\u0438\u044f \u0438\u0433\u0440\u044b \u0410\u0432\u0438\u0430\u0442\u043e\u0440 \u2014 \u0418\u0433\u0440\u0430\u0439\u0442\u0435 \u0432 \u043a\u0440\u0430\u0448-\u0441\u043b\u043e\u0442 \u0431\u0435\u0441\u043f\u043b\u0430\u0442\u043d\u043e<\/title>\n<meta name=\"description\" content=\"\u0418\u0433\u0440\u0430\u0439 \u0432 \u0434\u0435\u043c\u043e-\u0432\u0435\u0440\u0441\u0438\u044e \u0410\u0432\u0438\u0430\u0442\u043e\u0440 \u0431\u0435\u0441\u043f\u043b\u0430\u0442\u043d\u043e. \u0422\u0440\u0435\u043d\u0438\u0440\u0443\u0439\u0441\u044f \u0431\u0435\u0437 \u0434\u0435\u043d\u0435\u0433 \u0432 \u043a\u0440\u0430\u0448-\u0441\u043b\u043e\u0442\u0435 \u043e\u0442 Spribe \u043f\u0435\u0440\u0435\u0434 \u0438\u0433\u0440\u043e\u0439 \u043d\u0430 \u0440\u0435\u0430\u043b\u044c\u043d\u044b\u0435 \u0434\u0435\u043d\u044c\u0433\u0438 \u0432 \u043e\u043d\u043b\u0430\u0439\u043d \u043a\u0430\u0437\u0438\u043d\u043e.\" \/>\n<meta name=\"robots\" content=\"index, follow, max-snippet:-1, max-image-preview:large, max-video-preview:-1\" \/>\n<link rel=\"canonical\" href=\"https:\/\/aviator-slotgame.com\/sv\/hur-du-spelar-aviator-demo-gratis\/\" \/>\n<meta property=\"og:locale\" content=\"sv_SE\" \/>\n<meta property=\"og:type\" content=\"article\" \/>\n<meta property=\"og:title\" content=\"\u0414\u0435\u043c\u043e-\u0432\u0435\u0440\u0441\u0438\u044f \u0438\u0433\u0440\u044b \u0410\u0432\u0438\u0430\u0442\u043e\u0440 \u2014 \u0418\u0433\u0440\u0430\u0439\u0442\u0435 \u0432 \u043a\u0440\u0430\u0448-\u0441\u043b\u043e\u0442 \u0431\u0435\u0441\u043f\u043b\u0430\u0442\u043d\u043e\" \/>\n<meta property=\"og:description\" content=\"\u0418\u0433\u0440\u0430\u0439 \u0432 \u0434\u0435\u043c\u043e-\u0432\u0435\u0440\u0441\u0438\u044e \u0410\u0432\u0438\u0430\u0442\u043e\u0440 \u0431\u0435\u0441\u043f\u043b\u0430\u0442\u043d\u043e. \u0422\u0440\u0435\u043d\u0438\u0440\u0443\u0439\u0441\u044f \u0431\u0435\u0437 \u0434\u0435\u043d\u0435\u0433 \u0432 \u043a\u0440\u0430\u0448-\u0441\u043b\u043e\u0442\u0435 \u043e\u0442 Spribe \u043f\u0435\u0440\u0435\u0434 \u0438\u0433\u0440\u043e\u0439 \u043d\u0430 \u0440\u0435\u0430\u043b\u044c\u043d\u044b\u0435 \u0434\u0435\u043d\u044c\u0433\u0438 \u0432 \u043e\u043d\u043b\u0430\u0439\u043d \u043a\u0430\u0437\u0438\u043d\u043e.\" \/>\n<meta property=\"og:url\" content=\"https:\/\/aviator-slotgame.com\/sv\/hur-du-spelar-aviator-demo-gratis\/\" \/>\n<meta property=\"og:site_name\" content=\"Aviator\" \/>\n<meta property=\"article:modified_time\" content=\"2024-10-03T23:16:00+00:00\" \/>\n<meta property=\"og:image\" content=\"https:\/\/aviator-slotgame.com\/wp-content\/uploads\/aviator-3.png\" \/>\n<meta name=\"twitter:card\" content=\"summary_large_image\" \/>\n<meta name=\"twitter:label1\" content=\"Ber\u00e4knad l\u00e4stid\" \/>\n\t<meta name=\"twitter:data1\" content=\"6 minuter\" \/>\n<script type=\"application\/ld+json\" class=\"yoast-schema-graph\">{\"@context\":\"https:\/\/schema.org\",\"@graph\":[{\"@type\":\"WebPage\",\"@id\":\"https:\/\/aviator-slotgame.com\/play-for-free\/\",\"url\":\"https:\/\/aviator-slotgame.com\/play-for-free\/\",\"name\":\"\u0414\u0435\u043c\u043e-\u0432\u0435\u0440\u0441\u0438\u044f \u0438\u0433\u0440\u044b \u0410\u0432\u0438\u0430\u0442\u043e\u0440 \u2014 \u0418\u0433\u0440\u0430\u0439\u0442\u0435 \u0432 \u043a\u0440\u0430\u0448-\u0441\u043b\u043e\u0442 \u0431\u0435\u0441\u043f\u043b\u0430\u0442\u043d\u043e\",\"isPartOf\":{\"@id\":\"https:\/\/aviator-slotgame.com\/#website\"},\"datePublished\":\"2024-01-31T12:57:07+00:00\",\"dateModified\":\"2024-10-03T23:16:00+00:00\",\"description\":\"\u0418\u0433\u0440\u0430\u0439 \u0432 \u0434\u0435\u043c\u043e-\u0432\u0435\u0440\u0441\u0438\u044e \u0410\u0432\u0438\u0430\u0442\u043e\u0440 \u0431\u0435\u0441\u043f\u043b\u0430\u0442\u043d\u043e. \u0422\u0440\u0435\u043d\u0438\u0440\u0443\u0439\u0441\u044f \u0431\u0435\u0437 \u0434\u0435\u043d\u0435\u0433 \u0432 \u043a\u0440\u0430\u0448-\u0441\u043b\u043e\u0442\u0435 \u043e\u0442 Spribe \u043f\u0435\u0440\u0435\u0434 \u0438\u0433\u0440\u043e\u0439 \u043d\u0430 \u0440\u0435\u0430\u043b\u044c\u043d\u044b\u0435 \u0434\u0435\u043d\u044c\u0433\u0438 \u0432 \u043e\u043d\u043b\u0430\u0439\u043d \u043a\u0430\u0437\u0438\u043d\u043e.\",\"breadcrumb\":{\"@id\":\"https:\/\/aviator-slotgame.com\/play-for-free\/#breadcrumb\"},\"inLanguage\":\"sv-SE\",\"potentialAction\":[{\"@type\":\"ReadAction\",\"target\":[\"https:\/\/aviator-slotgame.com\/play-for-free\/\"]}]},{\"@type\":\"BreadcrumbList\",\"@id\":\"https:\/\/aviator-slotgame.com\/play-for-free\/#breadcrumb\",\"itemListElement\":[{\"@type\":\"ListItem\",\"position\":1,\"name\":\"Home\",\"item\":\"https:\/\/aviator-slotgame.com\/\"},{\"@type\":\"ListItem\",\"position\":2,\"name\":\"\u041a\u0430\u043a \u0438\u0433\u0440\u0430\u0442\u044c \u0432 \u0434\u0435\u043c\u043e-\u0432\u0435\u0440\u0441\u0438\u044e \u0410\u0432\u0438\u0430\u0442\u043e\u0440\u0430 \u0431\u0435\u0441\u043f\u043b\u0430\u0442\u043d\u043e\"}]},{\"@type\":\"WebSite\",\"@id\":\"https:\/\/aviator-slotgame.com\/#website\",\"url\":\"https:\/\/aviator-slotgame.com\/\",\"name\":\"Aviator\",\"description\":\"\",\"publisher\":{\"@id\":\"https:\/\/aviator-slotgame.com\/#organization\"},\"potentialAction\":[{\"@type\":\"SearchAction\",\"target\":{\"@type\":\"EntryPoint\",\"urlTemplate\":\"https:\/\/aviator-slotgame.com\/?s={search_term_string}\"},\"query-input\":\"required name=search_term_string\"}],\"inLanguage\":\"sv-SE\"},{\"@type\":\"Organization\",\"@id\":\"https:\/\/aviator-slotgame.com\/#organization\",\"name\":\"Aviator\",\"url\":\"https:\/\/aviator-slotgame.com\/\",\"logo\":{\"@type\":\"ImageObject\",\"inLanguage\":\"sv-SE\",\"@id\":\"https:\/\/aviator-slotgame.com\/#\/schema\/logo\/image\/\",\"url\":\"https:\/\/aviator-slotgame.com\/wp-content\/uploads\/16f5e8_dade544d4623411c9c4153c639aae85amv2.webp\",\"contentUrl\":\"https:\/\/aviator-slotgame.com\/wp-content\/uploads\/16f5e8_dade544d4623411c9c4153c639aae85amv2.webp\",\"width\":400,\"height\":300,\"caption\":\"Aviator\"},\"image\":{\"@id\":\"https:\/\/aviator-slotgame.com\/#\/schema\/logo\/image\/\"}}]}<\/script>\n<!-- \/ Yoast SEO plugin. -->","yoast_head_json":{"title":"\u0414\u0435\u043c\u043e-\u0432\u0435\u0440\u0441\u0438\u044f \u0438\u0433\u0440\u044b \u0410\u0432\u0438\u0430\u0442\u043e\u0440 \u2014 \u0418\u0433\u0440\u0430\u0439\u0442\u0435 \u0432 \u043a\u0440\u0430\u0448-\u0441\u043b\u043e\u0442 \u0431\u0435\u0441\u043f\u043b\u0430\u0442\u043d\u043e","description":"\u0418\u0433\u0440\u0430\u0439 \u0432 \u0434\u0435\u043c\u043e-\u0432\u0435\u0440\u0441\u0438\u044e \u0410\u0432\u0438\u0430\u0442\u043e\u0440 \u0431\u0435\u0441\u043f\u043b\u0430\u0442\u043d\u043e. \u0422\u0440\u0435\u043d\u0438\u0440\u0443\u0439\u0441\u044f \u0431\u0435\u0437 \u0434\u0435\u043d\u0435\u0433 \u0432 \u043a\u0440\u0430\u0448-\u0441\u043b\u043e\u0442\u0435 \u043e\u0442 Spribe \u043f\u0435\u0440\u0435\u0434 \u0438\u0433\u0440\u043e\u0439 \u043d\u0430 \u0440\u0435\u0430\u043b\u044c\u043d\u044b\u0435 \u0434\u0435\u043d\u044c\u0433\u0438 \u0432 \u043e\u043d\u043b\u0430\u0439\u043d \u043a\u0430\u0437\u0438\u043d\u043e.","robots":{"index":"index","follow":"follow","max-snippet":"max-snippet:-1","max-image-preview":"max-image-preview:large","max-video-preview":"max-video-preview:-1"},"canonical":"https:\/\/aviator-slotgame.com\/sv\/hur-du-spelar-aviator-demo-gratis\/","og_locale":"sv_SE","og_type":"article","og_title":"\u0414\u0435\u043c\u043e-\u0432\u0435\u0440\u0441\u0438\u044f \u0438\u0433\u0440\u044b \u0410\u0432\u0438\u0430\u0442\u043e\u0440 \u2014 \u0418\u0433\u0440\u0430\u0439\u0442\u0435 \u0432 \u043a\u0440\u0430\u0448-\u0441\u043b\u043e\u0442 \u0431\u0435\u0441\u043f\u043b\u0430\u0442\u043d\u043e","og_description":"\u0418\u0433\u0440\u0430\u0439 \u0432 \u0434\u0435\u043c\u043e-\u0432\u0435\u0440\u0441\u0438\u044e \u0410\u0432\u0438\u0430\u0442\u043e\u0440 \u0431\u0435\u0441\u043f\u043b\u0430\u0442\u043d\u043e. \u0422\u0440\u0435\u043d\u0438\u0440\u0443\u0439\u0441\u044f \u0431\u0435\u0437 \u0434\u0435\u043d\u0435\u0433 \u0432 \u043a\u0440\u0430\u0448-\u0441\u043b\u043e\u0442\u0435 \u043e\u0442 Spribe \u043f\u0435\u0440\u0435\u0434 \u0438\u0433\u0440\u043e\u0439 \u043d\u0430 \u0440\u0435\u0430\u043b\u044c\u043d\u044b\u0435 \u0434\u0435\u043d\u044c\u0433\u0438 \u0432 \u043e\u043d\u043b\u0430\u0439\u043d \u043a\u0430\u0437\u0438\u043d\u043e.","og_url":"https:\/\/aviator-slotgame.com\/sv\/hur-du-spelar-aviator-demo-gratis\/","og_site_name":"Aviator","article_modified_time":"2024-10-03T23:16:00+00:00","og_image":[{"url":"https:\/\/aviator-slotgame.com\/wp-content\/uploads\/aviator-3.png"}],"twitter_card":"summary_large_image","twitter_misc":{"Ber\u00e4knad l\u00e4stid":"6 minuter"},"schema":{"@context":"https:\/\/schema.org","@graph":[{"@type":"WebPage","@id":"https:\/\/aviator-slotgame.com\/play-for-free\/","url":"https:\/\/aviator-slotgame.com\/play-for-free\/","name":"\u0414\u0435\u043c\u043e-\u0432\u0435\u0440\u0441\u0438\u044f \u0438\u0433\u0440\u044b \u0410\u0432\u0438\u0430\u0442\u043e\u0440 \u2014 \u0418\u0433\u0440\u0430\u0439\u0442\u0435 \u0432 \u043a\u0440\u0430\u0448-\u0441\u043b\u043e\u0442 \u0431\u0435\u0441\u043f\u043b\u0430\u0442\u043d\u043e","isPartOf":{"@id":"https:\/\/aviator-slotgame.com\/#website"},"datePublished":"2024-01-31T12:57:07+00:00","dateModified":"2024-10-03T23:16:00+00:00","description":"\u0418\u0433\u0440\u0430\u0439 \u0432 \u0434\u0435\u043c\u043e-\u0432\u0435\u0440\u0441\u0438\u044e \u0410\u0432\u0438\u0430\u0442\u043e\u0440 \u0431\u0435\u0441\u043f\u043b\u0430\u0442\u043d\u043e. \u0422\u0440\u0435\u043d\u0438\u0440\u0443\u0439\u0441\u044f \u0431\u0435\u0437 \u0434\u0435\u043d\u0435\u0433 \u0432 \u043a\u0440\u0430\u0448-\u0441\u043b\u043e\u0442\u0435 \u043e\u0442 Spribe \u043f\u0435\u0440\u0435\u0434 \u0438\u0433\u0440\u043e\u0439 \u043d\u0430 \u0440\u0435\u0430\u043b\u044c\u043d\u044b\u0435 \u0434\u0435\u043d\u044c\u0433\u0438 \u0432 \u043e\u043d\u043b\u0430\u0439\u043d \u043a\u0430\u0437\u0438\u043d\u043e.","breadcrumb":{"@id":"https:\/\/aviator-slotgame.com\/play-for-free\/#breadcrumb"},"inLanguage":"sv-SE","potentialAction":[{"@type":"ReadAction","target":["https:\/\/aviator-slotgame.com\/play-for-free\/"]}]},{"@type":"BreadcrumbList","@id":"https:\/\/aviator-slotgame.com\/play-for-free\/#breadcrumb","itemListElement":[{"@type":"ListItem","position":1,"name":"Home","item":"https:\/\/aviator-slotgame.com\/"},{"@type":"ListItem","position":2,"name":"\u041a\u0430\u043a \u0438\u0433\u0440\u0430\u0442\u044c \u0432 \u0434\u0435\u043c\u043e-\u0432\u0435\u0440\u0441\u0438\u044e \u0410\u0432\u0438\u0430\u0442\u043e\u0440\u0430 \u0431\u0435\u0441\u043f\u043b\u0430\u0442\u043d\u043e"}]},{"@type":"WebSite","@id":"https:\/\/aviator-slotgame.com\/#website","url":"https:\/\/aviator-slotgame.com\/","name":"Aviator","description":"","publisher":{"@id":"https:\/\/aviator-slotgame.com\/#organization"},"potentialAction":[{"@type":"SearchAction","target":{"@type":"EntryPoint","urlTemplate":"https:\/\/aviator-slotgame.com\/?s={search_term_string}"},"query-input":"required name=search_term_string"}],"inLanguage":"sv-SE"},{"@type":"Organization","@id":"https:\/\/aviator-slotgame.com\/#organization","name":"Aviator","url":"https:\/\/aviator-slotgame.com\/","logo":{"@type":"ImageObject","inLanguage":"sv-SE","@id":"https:\/\/aviator-slotgame.com\/#\/schema\/logo\/image\/","url":"https:\/\/aviator-slotgame.com\/wp-content\/uploads\/16f5e8_dade544d4623411c9c4153c639aae85amv2.webp","contentUrl":"https:\/\/aviator-slotgame.com\/wp-content\/uploads\/16f5e8_dade544d4623411c9c4153c639aae85amv2.webp","width":400,"height":300,"caption":"Aviator"},"image":{"@id":"https:\/\/aviator-slotgame.com\/#\/schema\/logo\/image\/"}}]}},"amp_enabled":true,"_links":{"self":[{"href":"https:\/\/aviator-slotgame.com\/sv\/wp-json\/wp\/v2\/pages\/26","targetHints":{"allow":["GET"]}}],"collection":[{"href":"https:\/\/aviator-slotgame.com\/sv\/wp-json\/wp\/v2\/pages"}],"about":[{"href":"https:\/\/aviator-slotgame.com\/sv\/wp-json\/wp\/v2\/types\/page"}],"author":[{"embeddable":true,"href":"https:\/\/aviator-slotgame.com\/sv\/wp-json\/wp\/v2\/users\/1"}],"replies":[{"embeddable":true,"href":"https:\/\/aviator-slotgame.com\/sv\/wp-json\/wp\/v2\/comments?post=26"}],"version-history":[{"count":19,"href":"https:\/\/aviator-slotgame.com\/sv\/wp-json\/wp\/v2\/pages\/26\/revisions"}],"predecessor-version":[{"id":412,"href":"https:\/\/aviator-slotgame.com\/sv\/wp-json\/wp\/v2\/pages\/26\/revisions\/412"}],"wp:attachment":[{"href":"https:\/\/aviator-slotgame.com\/sv\/wp-json\/wp\/v2\/media?parent=26"}],"curies":[{"name":"wp","href":"https:\/\/api.w.org\/{rel}","templated":true}]}}