{"id":263,"date":"2024-09-06T14:43:40","date_gmt":"2024-09-06T14:43:40","guid":{"rendered":"https:\/\/aviator-slotgame.com\/?page_id=263"},"modified":"2024-09-08T10:40:25","modified_gmt":"2024-09-08T10:40:25","slug":"aviator","status":"publish","type":"page","link":"https:\/\/aviator-slotgame.com\/sv\/aviator\/","title":{"rendered":"Regler, funktioner och vinster i crash-slotspelet f\u00f6r pengar"},"content":{"rendered":"<div class=\"905be3da780a24624f9c2c0f7a042b9b\" data-index=\"1\" style=\"float: none; margin:10px 0 10px 0; text-align:center;\">\n<div class=\"custom-play-button\">\r\n<center><a href=\"https:\/\/aviator-slotgame.com\/sv\/play-game\/\" rel=\"nofollow\" target=\"_blank\">Spela nu<\/a><br><\/center>\r\n<\/div>\n<\/div>\n<h1><\/h1>\n<p><img loading=\"lazy\" decoding=\"async\" class=\"alignnone size-full wp-image-264\" src=\"https:\/\/aviator-slotgame.com\/wp-content\/uploads\/Aviator-7-800-x-600-\u043f\u0438\u043a\u0441.jpg\" alt=\"Online slot Aviator - Spela f\u00f6r riktiga pengar i kasinot \" width=\"800\" height=\"600\" srcset=\"https:\/\/aviator-slotgame.com\/wp-content\/uploads\/Aviator-7-800-x-600-\u043f\u0438\u043a\u0441.jpg 800w, https:\/\/aviator-slotgame.com\/wp-content\/uploads\/Aviator-7-800-x-600-\u043f\u0438\u043a\u0441-300x225.jpg 300w, https:\/\/aviator-slotgame.com\/wp-content\/uploads\/Aviator-7-800-x-600-\u043f\u0438\u043a\u0441-768x576.jpg 768w, https:\/\/aviator-slotgame.com\/wp-content\/uploads\/Aviator-7-800-x-600-\u043f\u0438\u043a\u0441-16x12.jpg 16w\" sizes=\"auto, (max-width: 800px) 100vw, 800px\" \/><\/p>\n<h2>Vad \u00e4r onlinekraschspelet Aviator?<\/h2>\n<p>Aviator \u00e4r ett av de popul\u00e4ra spelen som utvecklats av Spribe studio. En ny produkt p\u00e5 den moderna marknaden, skapad p\u00e5 basis av en slumptalsgenerator, f\u00e4ngslar spelaren fr\u00e5n f\u00f6rsta b\u00f6rjan. Vinnaren avg\u00f6rs genom slumpm\u00e4ssigt urval! Detta h\u00e5ller spelet r\u00e4ttvist och visar spelaren att deras insats inte \u00e4r beroende av spelets plattform eller ber\u00e4ttelse. Aviator skiljer sig fr\u00e5n andra popul\u00e4ra kraschspel i sitt ursprungliga speluppl\u00e4gg. Aviator har inte de vanliga rullarna, linjer med frukter och liknande som \u00e4r s\u00e5 tr\u00e5kiga f\u00f6r spelfantaster. Spelet lockar ocks\u00e5 med sina ganska enkla regler och m\u00f6jligheten att tj\u00e4na riktiga pengar, vilket g\u00f6r det popul\u00e4rt bland spelare, och speciellt bland fans av flygplan och allt som har med flyg att g\u00f6ra!<\/p>\n<p>K\u00e4rnan i spelet \u00e4r att anv\u00e4ndaren m\u00e5ste hinna spara sin insats innan planet flyger iv\u00e4g, och d\u00e4rmed \u00e5terst\u00e4lla spelarens koefficient till noll.<\/p>\n<p>Spribe \u00e4r ett v\u00e4lk\u00e4nt f\u00f6retag som specialiserat sig p\u00e5 utveckling av innovativa onlinespel och spelplattformar, deras spel \u00e4r popul\u00e4ra bland spelare runt om i v\u00e4rlden. F\u00f6retaget grundades 2018 och lyckades p\u00e5 kort tid vinna popularitet bland spelare och onlinekasinooperat\u00f6rer tack vare sin sp\u00e4nnande spelmekanik och m\u00f6jligheten att spela b\u00e5de f\u00f6r pengar och i demol\u00e4ge.<\/p><div class=\"905be3da780a24624f9c2c0f7a042b9b\" data-index=\"1\" style=\"float: none; margin:10px 0 10px 0; text-align:center;\">\n<div class=\"custom-play-button\">\r\n<center><a href=\"https:\/\/aviator-slotgame.com\/sv\/play-game\/\" rel=\"nofollow\" target=\"_blank\">Spela nu<\/a><br><\/center>\r\n<\/div>\n<\/div>\n\n<h2>Orsaker till populariteten f\u00f6r onlinespelet Aviator<\/h2>\n<p>Vad g\u00f6r Aviator-spelet s\u00e5 popul\u00e4rt bland spelare?<\/p>\n<ol>\n<li>Reglernas enkelhet: Aviator-spelet har enkla och begripliga regler, vilket g\u00f6r det tillg\u00e4ngligt f\u00f6r ett brett utbud av spelare, oavsett deras erfarenhet och tr\u00e4ningsniv\u00e5.<\/li>\n<\/ol>\n<p>Demol\u00e4ge: Om du inte vill riskera dina pengar och \u00e4r r\u00e4dd f\u00f6r att b\u00f6rja, kolla in det och prova dig fram i gratisl\u00e4get. Du investerar inte riktiga pengar. &quot;Fun Mode&quot; till\u00e5ter spelare att komma n\u00e4rmare spelet utan att riskera sina besparingar.<\/p>\n<p>M\u00f6jlighet till snabba vinster: Aviator-spelet erbjuder m\u00f6jligheten att vinna snabbt, vilket lockar m\u00e5nga spelare som letar efter sp\u00e4nning och adrenalin.<\/p>\n<p>Olika satsningar: Aviator-spelet erbjuder olika typer av satsningar, vilket g\u00f6r det m\u00f6jligt f\u00f6r spelare att v\u00e4lja den riskniv\u00e5 och potentiella vinster som passar dem.<\/p>\n<p>M\u00f6jlighet att spela online: Aviator-spelet \u00e4r tillg\u00e4ngligt i ett onlineformat, vilket g\u00f6r det tillg\u00e4ngligt att spela n\u00e4r som helst och var som helst i v\u00e4rlden.<\/p>\n<p>Bekv\u00e4mlighet och tillg\u00e4nglighet: Onlinespelet Aviator l\u00e5ter spelare njuta av sp\u00e4nningen direkt fr\u00e5n hemmet eller n\u00e5gon annan plats utan att l\u00e4mna hemmet. Detta g\u00f6r spelet bekv\u00e4mt och tillg\u00e4ngligt f\u00f6r ett brett utbud av spelare.<\/p>\n<p>Bonusar och specialerbjudanden: M\u00e5nga onlinekasinon som erbjuder Aviator-spelet erbjuder ofta olika bonusar, kampanjer och specialerbjudanden f\u00f6r att locka nya spelare och bel\u00f6na vanliga. Detta g\u00f6r spelet \u00e4nnu mer lockande.<\/p>\n<p>Grafik och ljuddesign: Moderna onlinekasinon erbjuder vanligtvis h\u00f6gkvalitativ grafik och ljuddesign f\u00f6r spel, inklusive Aviator-spelet. Och det dynamiska och sp\u00e4nnande spelandet kommer definitivt inte att l\u00e5ta spelare bli uttr\u00e5kade och bibeh\u00e5ller intresset f\u00f6r spelet under hela tiden.<\/p>\n<p>Mobilspelbarhet: M\u00e5nga onlinekasinon erbjuder Aviator-spelet i ett format som \u00e4r kompatibelt med mobila enheter, vilket g\u00f6r att spelare kan njuta av spelet n\u00e4r som helst, var som helst. Gl\u00f6m inte att se till att du har en bra internetuppkoppling och tillr\u00e4cklig laddning p\u00e5 din mobila enhet!<\/p>\n<p>&nbsp;<\/p>\n<h2>Aviator spelregler<\/h2>\n<p>Spelet har enkla och tydliga regler, d\u00e4r anv\u00e4ndaren satsar p\u00e5 ett visst resultat och kan vinna genom att multiplicera sin insats med oddsen. Du kan spela antingen i manuellt l\u00e4ge, g\u00f6ra dina satsningar sj\u00e4lv, eller i automatiskt l\u00e4ge, n\u00e4r spelet g\u00f6r satsningar \u00e5t dig baserat p\u00e5 de parametrar du st\u00e4ller in.<\/p>\n<h3>Spelets regler<\/h3>\n<p>F\u00f6r att b\u00f6rja spela Aviator-spelet m\u00e5ste du f\u00f6lja dessa steg:<\/p>\n<ol>\n<li>Hitta ett onlinecasino eller spelplattform som erbjuder Aviator-spelet.<\/li>\n<li>Registrera dig p\u00e5 den plattform du v\u00e4ljer genom att skapa ett konto och tillhandah\u00e5lla n\u00f6dv\u00e4ndig information.<\/li>\n<li>Fyll p\u00e5 ditt spelkonto med pengar f\u00f6r att kunna l\u00e4gga insatser i spelet.<\/li>\n<li>Hitta Aviator-spelet p\u00e5 plattformen och v\u00e4lj din insats.<\/li>\n<li>Spelet b\u00f6rjar med att spelaren g\u00f6r en insats.<\/li>\n<li>F\u00f6lj reglerna och instruktionerna p\u00e5 sk\u00e4rmen och styr spelprocessen genom att klicka p\u00e5 l\u00e4mpliga knappar.<\/li>\n<li>Efter att insatsen har lagts b\u00f6rjar planet r\u00f6ra sig upp\u00e5t eller ned\u00e5t p\u00e5 oddsskalan.<\/li>\n<li>Spelaren kan klicka p\u00e5 knappen Uttag n\u00e4r som helst f\u00f6r att avsluta spelet och f\u00e5 vinsterna multiplicerat med de aktuella oddsen, eller forts\u00e4tta spelet och v\u00e4nta med att \u00f6ka vinsterna F\u00f6rs\u00f6k att gissa \u00f6gonblicket n\u00e4r du ska ta ut dina vinster f\u00f6r att undvika att insatsen blir det \u00e5terst\u00e4lla.<\/li>\n<li>Om spelaren inte klickar p\u00e5 knappen Ta vinster och planet n\u00e5r slutet av oddsskalan, nollst\u00e4lls insatsen och spelaren f\u00e5r inte vinsten.<\/li>\n<li>M\u00e5let med spelet \u00e4r att ta dina vinster vid r\u00e4tt tidpunkt och undvika att din insats nollst\u00e4lls.<\/li>\n<\/ol>\n<p>Kom ih\u00e5g att spela ansvarsfullt, satsa bara den summa pengar du \u00e4r villig att f\u00f6rlora och kontrollera din spelaktivitet.<\/p>\n<p>Med h\u00e4nsyn till flygplanets unika bana blir spelet \u00e4nnu mer intressant och sp\u00e4nnande f\u00f6r spelare. Samtidigt \u00e4r det viktigt att vara uppm\u00e4rksam p\u00e5 dina satsningar och kontrollera dina handlingar f\u00f6r att beh\u00e5lla sp\u00e4nningen att spela f\u00f6r riktiga pengar.<\/p>\n<p>De viktigaste egenskaperna hos onlinespelet Aviator<\/p>\n<table>\n<tbody>\n<tr>\n<td>RTP<\/td>\n<td>96,49%, 96,48%, 95,45%<\/td>\n<\/tr>\n<tr>\n<td>Framkallare<\/td>\n<td>Studio Spribe<\/td>\n<\/tr>\n<tr>\n<td>Gratissnurr<\/td>\n<td>Inga<\/td>\n<\/tr>\n<tr>\n<td>Bonusspel<\/td>\n<td>Inga<\/td>\n<\/tr>\n<tr>\n<td>Minsta bud<\/td>\n<td>0,1$<\/td>\n<\/tr>\n<tr>\n<td>Maximal insats<\/td>\n<td>100$<\/td>\n<\/tr>\n<\/tbody>\n<\/table>\n<p>&nbsp;<\/p>\n<h2>Bonusar i spelet Aviator<\/h2>\n<p>Bonusar och rabatter i onlinespelet Aviator kan ges till spelare p\u00e5 olika s\u00e4tt, beroende p\u00e5 spelplattform eller kasino.<\/p>\n<p>H\u00e4r \u00e4r n\u00e5gra m\u00f6jliga bonusar och rabatter som kan vara tillg\u00e4ngliga i Aviator-spelet:<\/p>\n<h3>V\u00e4lkomstbonusar<\/h3>\n<p>nya spelare kan erbjudas speciella bonusar n\u00e4r de registrerar sig p\u00e5 plattformen, s\u00e5som ytterligare kontomedel eller gratissnurr.<\/p>\n<h3>Ins\u00e4ttningsbonusar<\/h3>\n<p>spelare kan f\u00e5 bonusar n\u00e4r de fyller p\u00e5 sitt spelkonto med ett visst belopp.<\/p>\n<h3>Kampanjer<\/h3>\n<p>kasinon eller spelplattformar kan k\u00f6ra tillf\u00e4lliga kampanjer som erbjuder olika bonusar och rabatter till spelare i Aviator-spelet.<\/p>\n<h3>VIP-program<\/h3>\n<p>Vissa plattformar kan erbjuda spelare deltagande i VIP-program d\u00e4r ytterligare bonusar, cashback och andra f\u00f6rm\u00e5ner \u00e4r tillg\u00e4ngliga.<\/p>\n<h3>Cashback<\/h3>\n<p>spelare kan ha m\u00f6jlighet att f\u00e5 en del av sina f\u00f6rlorade pengar som cashback som en del av bonusprogrammet.<\/p>\n<p>Innan du tar del av bonusar och rabatter i Aviator-spelet \u00e4r det viktigt att du noggrant g\u00e5r igenom villkoren och kraven s\u00e5 att du f\u00f6rst\u00e5r hur de fungerar och vad som kr\u00e4vs av dig f\u00f6r att f\u00e5 deras fulla f\u00f6rm\u00e5ner.<\/p>\n\n<div style=\"font-size: 0px; height: 0px; line-height: 0px; margin: 0; padding: 0; clear: both;\"><\/div>","protected":false},"excerpt":{"rendered":"<p>Vad \u00e4r Aviator online-kraschspel? Aviator \u00e4r ett av de popul\u00e4ra spelen som utvecklats av Spribe studio. Nytt p\u00e5 den moderna marknaden,<\/p>","protected":false},"author":1,"featured_media":0,"parent":0,"menu_order":0,"comment_status":"closed","ping_status":"closed","template":"","meta":{"footnotes":""},"class_list":["post-263","page","type-page","status-publish","hentry"],"yoast_head":"<!-- This site is optimized with the Yoast SEO plugin v22.0 - https:\/\/yoast.com\/wordpress\/plugins\/seo\/ -->\n<title>\u041e\u043d\u043b\u0430\u0439\u043d \u0441\u043b\u043e\u0442 \u0410\u0432\u0438\u0430\u0442\u043e\u0440 \u2014 \u0418\u0433\u0440\u0430\u0439 \u043d\u0430 \u0440\u0435\u0430\u043b\u044c\u043d\u044b\u0435 \u0434\u0435\u043d\u044c\u0433\u0438 \u0432 \u043a\u0430\u0437\u0438\u043d\u043e<\/title>\n<meta name=\"description\" content=\"\u0423\u0437\u043d\u0430\u0439\u0442\u0435 \u0432\u0441\u0435 \u043e \u043a\u0440\u0430\u0448-\u0438\u0433\u0440\u0435 \u0410\u0432\u0438\u0430\u0442\u043e\u0440: \u043f\u0440\u0430\u0432\u0438\u043b\u0430, \u0431\u043e\u043d\u0443\u0441\u044b, \u043e\u0441\u043e\u0431\u0435\u043d\u043d\u043e\u0441\u0442\u0438 \u0438 \u0445\u0430\u0440\u0430\u043a\u0442\u0435\u0440\u0438\u0441\u0442\u0438\u043a\u0438 \u0438\u0433\u0440\u044b \u0434\u043b\u044f \u0443\u0432\u0435\u043b\u0438\u0447\u0435\u043d\u0438\u0435 \u043f\u0440\u0438\u0431\u044b\u043b\u0438 \u0432 \u043a\u0430\u0437\u0438\u043d\u043e. \u0418\u0433\u0440\u0430\u0439 \u0432 Aviator \u043e\u0442 Spribe \u0432 \u043e\u043d\u043b\u0430\u0439\u043d\u0435.\" \/>\n<meta name=\"robots\" content=\"index, follow, max-snippet:-1, max-image-preview:large, max-video-preview:-1\" \/>\n<link rel=\"canonical\" href=\"https:\/\/aviator-slotgame.com\/sv\/aviator\/\" \/>\n<meta property=\"og:locale\" content=\"sv_SE\" \/>\n<meta property=\"og:type\" content=\"article\" \/>\n<meta property=\"og:title\" content=\"\u041e\u043d\u043b\u0430\u0439\u043d \u0441\u043b\u043e\u0442 \u0410\u0432\u0438\u0430\u0442\u043e\u0440 \u2014 \u0418\u0433\u0440\u0430\u0439 \u043d\u0430 \u0440\u0435\u0430\u043b\u044c\u043d\u044b\u0435 \u0434\u0435\u043d\u044c\u0433\u0438 \u0432 \u043a\u0430\u0437\u0438\u043d\u043e\" \/>\n<meta property=\"og:description\" content=\"\u0423\u0437\u043d\u0430\u0439\u0442\u0435 \u0432\u0441\u0435 \u043e \u043a\u0440\u0430\u0448-\u0438\u0433\u0440\u0435 \u0410\u0432\u0438\u0430\u0442\u043e\u0440: \u043f\u0440\u0430\u0432\u0438\u043b\u0430, \u0431\u043e\u043d\u0443\u0441\u044b, \u043e\u0441\u043e\u0431\u0435\u043d\u043d\u043e\u0441\u0442\u0438 \u0438 \u0445\u0430\u0440\u0430\u043a\u0442\u0435\u0440\u0438\u0441\u0442\u0438\u043a\u0438 \u0438\u0433\u0440\u044b \u0434\u043b\u044f \u0443\u0432\u0435\u043b\u0438\u0447\u0435\u043d\u0438\u0435 \u043f\u0440\u0438\u0431\u044b\u043b\u0438 \u0432 \u043a\u0430\u0437\u0438\u043d\u043e. \u0418\u0433\u0440\u0430\u0439 \u0432 Aviator \u043e\u0442 Spribe \u0432 \u043e\u043d\u043b\u0430\u0439\u043d\u0435.\" \/>\n<meta property=\"og:url\" content=\"https:\/\/aviator-slotgame.com\/sv\/aviator\/\" \/>\n<meta property=\"og:site_name\" content=\"Aviator\" \/>\n<meta property=\"article:modified_time\" content=\"2024-09-08T10:40:25+00:00\" \/>\n<meta name=\"twitter:card\" content=\"summary_large_image\" \/>\n<meta name=\"twitter:label1\" content=\"Ber\u00e4knad l\u00e4stid\" \/>\n\t<meta name=\"twitter:data1\" content=\"5 minuter\" \/>\n<script type=\"application\/ld+json\" class=\"yoast-schema-graph\">{\"@context\":\"https:\/\/schema.org\",\"@graph\":[{\"@type\":\"WebPage\",\"@id\":\"https:\/\/aviator-slotgame.com\/aviator\/\",\"url\":\"https:\/\/aviator-slotgame.com\/aviator\/\",\"name\":\"\u041e\u043d\u043b\u0430\u0439\u043d \u0441\u043b\u043e\u0442 \u0410\u0432\u0438\u0430\u0442\u043e\u0440 \u2014 \u0418\u0433\u0440\u0430\u0439 \u043d\u0430 \u0440\u0435\u0430\u043b\u044c\u043d\u044b\u0435 \u0434\u0435\u043d\u044c\u0433\u0438 \u0432 \u043a\u0430\u0437\u0438\u043d\u043e\",\"isPartOf\":{\"@id\":\"https:\/\/aviator-slotgame.com\/#website\"},\"datePublished\":\"2024-09-06T14:43:40+00:00\",\"dateModified\":\"2024-09-08T10:40:25+00:00\",\"description\":\"\u0423\u0437\u043d\u0430\u0439\u0442\u0435 \u0432\u0441\u0435 \u043e \u043a\u0440\u0430\u0448-\u0438\u0433\u0440\u0435 \u0410\u0432\u0438\u0430\u0442\u043e\u0440: \u043f\u0440\u0430\u0432\u0438\u043b\u0430, \u0431\u043e\u043d\u0443\u0441\u044b, \u043e\u0441\u043e\u0431\u0435\u043d\u043d\u043e\u0441\u0442\u0438 \u0438 \u0445\u0430\u0440\u0430\u043a\u0442\u0435\u0440\u0438\u0441\u0442\u0438\u043a\u0438 \u0438\u0433\u0440\u044b \u0434\u043b\u044f \u0443\u0432\u0435\u043b\u0438\u0447\u0435\u043d\u0438\u0435 \u043f\u0440\u0438\u0431\u044b\u043b\u0438 \u0432 \u043a\u0430\u0437\u0438\u043d\u043e. \u0418\u0433\u0440\u0430\u0439 \u0432 Aviator \u043e\u0442 Spribe \u0432 \u043e\u043d\u043b\u0430\u0439\u043d\u0435.\",\"breadcrumb\":{\"@id\":\"https:\/\/aviator-slotgame.com\/aviator\/#breadcrumb\"},\"inLanguage\":\"sv-SE\",\"potentialAction\":[{\"@type\":\"ReadAction\",\"target\":[\"https:\/\/aviator-slotgame.com\/aviator\/\"]}]},{\"@type\":\"BreadcrumbList\",\"@id\":\"https:\/\/aviator-slotgame.com\/aviator\/#breadcrumb\",\"itemListElement\":[{\"@type\":\"ListItem\",\"position\":1,\"name\":\"Home\",\"item\":\"https:\/\/aviator-slotgame.com\/\"},{\"@type\":\"ListItem\",\"position\":2,\"name\":\"\u041f\u0440\u0430\u0432\u0438\u043b\u0430,\u043e\u0441\u043e\u0431\u0435\u043d\u043e\u0441\u0442\u0438 \u0438 \u0432\u044b\u0438\u0433\u0440\u044b\u0448\u0438 \u0432 \u043a\u0440\u0430\u0448-\u0441\u043b\u043e\u0442 \u0438\u0433\u0440\u0435 \u043d\u0430 \u0434\u0435\u043d\u044c\u0433\u0438\"}]},{\"@type\":\"WebSite\",\"@id\":\"https:\/\/aviator-slotgame.com\/#website\",\"url\":\"https:\/\/aviator-slotgame.com\/\",\"name\":\"Aviator\",\"description\":\"\",\"publisher\":{\"@id\":\"https:\/\/aviator-slotgame.com\/#organization\"},\"potentialAction\":[{\"@type\":\"SearchAction\",\"target\":{\"@type\":\"EntryPoint\",\"urlTemplate\":\"https:\/\/aviator-slotgame.com\/?s={search_term_string}\"},\"query-input\":\"required name=search_term_string\"}],\"inLanguage\":\"sv-SE\"},{\"@type\":\"Organization\",\"@id\":\"https:\/\/aviator-slotgame.com\/#organization\",\"name\":\"Aviator\",\"url\":\"https:\/\/aviator-slotgame.com\/\",\"logo\":{\"@type\":\"ImageObject\",\"inLanguage\":\"sv-SE\",\"@id\":\"https:\/\/aviator-slotgame.com\/#\/schema\/logo\/image\/\",\"url\":\"https:\/\/aviator-slotgame.com\/wp-content\/uploads\/16f5e8_dade544d4623411c9c4153c639aae85amv2.webp\",\"contentUrl\":\"https:\/\/aviator-slotgame.com\/wp-content\/uploads\/16f5e8_dade544d4623411c9c4153c639aae85amv2.webp\",\"width\":400,\"height\":300,\"caption\":\"Aviator\"},\"image\":{\"@id\":\"https:\/\/aviator-slotgame.com\/#\/schema\/logo\/image\/\"}}]}<\/script>\n<!-- \/ Yoast SEO plugin. -->","yoast_head_json":{"title":"\u041e\u043d\u043b\u0430\u0439\u043d \u0441\u043b\u043e\u0442 \u0410\u0432\u0438\u0430\u0442\u043e\u0440 \u2014 \u0418\u0433\u0440\u0430\u0439 \u043d\u0430 \u0440\u0435\u0430\u043b\u044c\u043d\u044b\u0435 \u0434\u0435\u043d\u044c\u0433\u0438 \u0432 \u043a\u0430\u0437\u0438\u043d\u043e","description":"\u0423\u0437\u043d\u0430\u0439\u0442\u0435 \u0432\u0441\u0435 \u043e \u043a\u0440\u0430\u0448-\u0438\u0433\u0440\u0435 \u0410\u0432\u0438\u0430\u0442\u043e\u0440: \u043f\u0440\u0430\u0432\u0438\u043b\u0430, \u0431\u043e\u043d\u0443\u0441\u044b, \u043e\u0441\u043e\u0431\u0435\u043d\u043d\u043e\u0441\u0442\u0438 \u0438 \u0445\u0430\u0440\u0430\u043a\u0442\u0435\u0440\u0438\u0441\u0442\u0438\u043a\u0438 \u0438\u0433\u0440\u044b \u0434\u043b\u044f \u0443\u0432\u0435\u043b\u0438\u0447\u0435\u043d\u0438\u0435 \u043f\u0440\u0438\u0431\u044b\u043b\u0438 \u0432 \u043a\u0430\u0437\u0438\u043d\u043e. \u0418\u0433\u0440\u0430\u0439 \u0432 Aviator \u043e\u0442 Spribe \u0432 \u043e\u043d\u043b\u0430\u0439\u043d\u0435.","robots":{"index":"index","follow":"follow","max-snippet":"max-snippet:-1","max-image-preview":"max-image-preview:large","max-video-preview":"max-video-preview:-1"},"canonical":"https:\/\/aviator-slotgame.com\/sv\/aviator\/","og_locale":"sv_SE","og_type":"article","og_title":"\u041e\u043d\u043b\u0430\u0439\u043d \u0441\u043b\u043e\u0442 \u0410\u0432\u0438\u0430\u0442\u043e\u0440 \u2014 \u0418\u0433\u0440\u0430\u0439 \u043d\u0430 \u0440\u0435\u0430\u043b\u044c\u043d\u044b\u0435 \u0434\u0435\u043d\u044c\u0433\u0438 \u0432 \u043a\u0430\u0437\u0438\u043d\u043e","og_description":"\u0423\u0437\u043d\u0430\u0439\u0442\u0435 \u0432\u0441\u0435 \u043e \u043a\u0440\u0430\u0448-\u0438\u0433\u0440\u0435 \u0410\u0432\u0438\u0430\u0442\u043e\u0440: \u043f\u0440\u0430\u0432\u0438\u043b\u0430, \u0431\u043e\u043d\u0443\u0441\u044b, \u043e\u0441\u043e\u0431\u0435\u043d\u043d\u043e\u0441\u0442\u0438 \u0438 \u0445\u0430\u0440\u0430\u043a\u0442\u0435\u0440\u0438\u0441\u0442\u0438\u043a\u0438 \u0438\u0433\u0440\u044b \u0434\u043b\u044f \u0443\u0432\u0435\u043b\u0438\u0447\u0435\u043d\u0438\u0435 \u043f\u0440\u0438\u0431\u044b\u043b\u0438 \u0432 \u043a\u0430\u0437\u0438\u043d\u043e. \u0418\u0433\u0440\u0430\u0439 \u0432 Aviator \u043e\u0442 Spribe \u0432 \u043e\u043d\u043b\u0430\u0439\u043d\u0435.","og_url":"https:\/\/aviator-slotgame.com\/sv\/aviator\/","og_site_name":"Aviator","article_modified_time":"2024-09-08T10:40:25+00:00","twitter_card":"summary_large_image","twitter_misc":{"Ber\u00e4knad l\u00e4stid":"5 minuter"},"schema":{"@context":"https:\/\/schema.org","@graph":[{"@type":"WebPage","@id":"https:\/\/aviator-slotgame.com\/aviator\/","url":"https:\/\/aviator-slotgame.com\/aviator\/","name":"\u041e\u043d\u043b\u0430\u0439\u043d \u0441\u043b\u043e\u0442 \u0410\u0432\u0438\u0430\u0442\u043e\u0440 \u2014 \u0418\u0433\u0440\u0430\u0439 \u043d\u0430 \u0440\u0435\u0430\u043b\u044c\u043d\u044b\u0435 \u0434\u0435\u043d\u044c\u0433\u0438 \u0432 \u043a\u0430\u0437\u0438\u043d\u043e","isPartOf":{"@id":"https:\/\/aviator-slotgame.com\/#website"},"datePublished":"2024-09-06T14:43:40+00:00","dateModified":"2024-09-08T10:40:25+00:00","description":"\u0423\u0437\u043d\u0430\u0439\u0442\u0435 \u0432\u0441\u0435 \u043e \u043a\u0440\u0430\u0448-\u0438\u0433\u0440\u0435 \u0410\u0432\u0438\u0430\u0442\u043e\u0440: \u043f\u0440\u0430\u0432\u0438\u043b\u0430, \u0431\u043e\u043d\u0443\u0441\u044b, \u043e\u0441\u043e\u0431\u0435\u043d\u043d\u043e\u0441\u0442\u0438 \u0438 \u0445\u0430\u0440\u0430\u043a\u0442\u0435\u0440\u0438\u0441\u0442\u0438\u043a\u0438 \u0438\u0433\u0440\u044b \u0434\u043b\u044f \u0443\u0432\u0435\u043b\u0438\u0447\u0435\u043d\u0438\u0435 \u043f\u0440\u0438\u0431\u044b\u043b\u0438 \u0432 \u043a\u0430\u0437\u0438\u043d\u043e. \u0418\u0433\u0440\u0430\u0439 \u0432 Aviator \u043e\u0442 Spribe \u0432 \u043e\u043d\u043b\u0430\u0439\u043d\u0435.","breadcrumb":{"@id":"https:\/\/aviator-slotgame.com\/aviator\/#breadcrumb"},"inLanguage":"sv-SE","potentialAction":[{"@type":"ReadAction","target":["https:\/\/aviator-slotgame.com\/aviator\/"]}]},{"@type":"BreadcrumbList","@id":"https:\/\/aviator-slotgame.com\/aviator\/#breadcrumb","itemListElement":[{"@type":"ListItem","position":1,"name":"Home","item":"https:\/\/aviator-slotgame.com\/"},{"@type":"ListItem","position":2,"name":"\u041f\u0440\u0430\u0432\u0438\u043b\u0430,\u043e\u0441\u043e\u0431\u0435\u043d\u043e\u0441\u0442\u0438 \u0438 \u0432\u044b\u0438\u0433\u0440\u044b\u0448\u0438 \u0432 \u043a\u0440\u0430\u0448-\u0441\u043b\u043e\u0442 \u0438\u0433\u0440\u0435 \u043d\u0430 \u0434\u0435\u043d\u044c\u0433\u0438"}]},{"@type":"WebSite","@id":"https:\/\/aviator-slotgame.com\/#website","url":"https:\/\/aviator-slotgame.com\/","name":"Aviator","description":"","publisher":{"@id":"https:\/\/aviator-slotgame.com\/#organization"},"potentialAction":[{"@type":"SearchAction","target":{"@type":"EntryPoint","urlTemplate":"https:\/\/aviator-slotgame.com\/?s={search_term_string}"},"query-input":"required name=search_term_string"}],"inLanguage":"sv-SE"},{"@type":"Organization","@id":"https:\/\/aviator-slotgame.com\/#organization","name":"Aviator","url":"https:\/\/aviator-slotgame.com\/","logo":{"@type":"ImageObject","inLanguage":"sv-SE","@id":"https:\/\/aviator-slotgame.com\/#\/schema\/logo\/image\/","url":"https:\/\/aviator-slotgame.com\/wp-content\/uploads\/16f5e8_dade544d4623411c9c4153c639aae85amv2.webp","contentUrl":"https:\/\/aviator-slotgame.com\/wp-content\/uploads\/16f5e8_dade544d4623411c9c4153c639aae85amv2.webp","width":400,"height":300,"caption":"Aviator"},"image":{"@id":"https:\/\/aviator-slotgame.com\/#\/schema\/logo\/image\/"}}]}},"amp_enabled":true,"_links":{"self":[{"href":"https:\/\/aviator-slotgame.com\/sv\/wp-json\/wp\/v2\/pages\/263","targetHints":{"allow":["GET"]}}],"collection":[{"href":"https:\/\/aviator-slotgame.com\/sv\/wp-json\/wp\/v2\/pages"}],"about":[{"href":"https:\/\/aviator-slotgame.com\/sv\/wp-json\/wp\/v2\/types\/page"}],"author":[{"embeddable":true,"href":"https:\/\/aviator-slotgame.com\/sv\/wp-json\/wp\/v2\/users\/1"}],"replies":[{"embeddable":true,"href":"https:\/\/aviator-slotgame.com\/sv\/wp-json\/wp\/v2\/comments?post=263"}],"version-history":[{"count":4,"href":"https:\/\/aviator-slotgame.com\/sv\/wp-json\/wp\/v2\/pages\/263\/revisions"}],"predecessor-version":[{"id":287,"href":"https:\/\/aviator-slotgame.com\/sv\/wp-json\/wp\/v2\/pages\/263\/revisions\/287"}],"wp:attachment":[{"href":"https:\/\/aviator-slotgame.com\/sv\/wp-json\/wp\/v2\/media?parent=263"}],"curies":[{"name":"wp","href":"https:\/\/api.w.org\/{rel}","templated":true}]}}