{"id":278,"date":"2024-09-06T16:58:13","date_gmt":"2024-09-06T16:58:13","guid":{"rendered":"https:\/\/aviator-slotgame.com\/?page_id=278"},"modified":"2024-10-03T22:41:11","modified_gmt":"2024-10-03T22:41:11","slug":"online-casino","status":"publish","type":"page","link":"https:\/\/aviator-slotgame.com\/sv\/online-casino\/","title":{"rendered":"B\u00f6rja spela Aviator med ett bepr\u00f6vat casino och bonusar"},"content":{"rendered":"<div class=\"905be3da780a24624f9c2c0f7a042b9b\" data-index=\"1\" style=\"float: none; margin:10px 0 10px 0; text-align:center;\">\n<div class=\"custom-play-button\">\r\n<center><a href=\"https:\/\/aviator-slotgame.com\/sv\/play-game\/\" rel=\"nofollow\" target=\"_blank\">Spela nu<\/a><br><\/center>\r\n<\/div>\n<\/div>\n<p><img loading=\"lazy\" decoding=\"async\" class=\"alignnone size-full wp-image-284\" src=\"https:\/\/aviator-slotgame.com\/wp-content\/uploads\/Aviator-10-800-x-600-\u043f\u0438\u043a\u0441.jpg\" alt=\"Spela Aviator med ett bepr\u00f6vat casino och bonusar\" width=\"800\" height=\"600\" srcset=\"https:\/\/aviator-slotgame.com\/wp-content\/uploads\/Aviator-10-800-x-600-\u043f\u0438\u043a\u0441.jpg 800w, https:\/\/aviator-slotgame.com\/wp-content\/uploads\/Aviator-10-800-x-600-\u043f\u0438\u043a\u0441-300x225.jpg 300w, https:\/\/aviator-slotgame.com\/wp-content\/uploads\/Aviator-10-800-x-600-\u043f\u0438\u043a\u0441-768x576.jpg 768w, https:\/\/aviator-slotgame.com\/wp-content\/uploads\/Aviator-10-800-x-600-\u043f\u0438\u043a\u0441-16x12.jpg 16w\" sizes=\"auto, (max-width: 800px) 100vw, 800px\" \/><\/p>\n<p>Att v\u00e4lja en p\u00e5litlig och p\u00e5litlig sida att spela p\u00e5 ett kasino \u00e4r viktigt f\u00f6r din s\u00e4kerhet och skyddet av dina personuppgifter.<\/p><div class=\"905be3da780a24624f9c2c0f7a042b9b\" data-index=\"1\" style=\"float: none; margin:10px 0 10px 0; text-align:center;\">\n<div class=\"custom-play-button\">\r\n<center><a href=\"https:\/\/aviator-slotgame.com\/sv\/play-game\/\" rel=\"nofollow\" target=\"_blank\">Spela nu<\/a><br><\/center>\r\n<\/div>\n<\/div>\n\n<h2>H\u00e4r \u00e4r n\u00e5gra viktiga kriterier att t\u00e4nka p\u00e5 n\u00e4r du v\u00e4ljer en webbplats:<\/h2>\n<ol>\n<li><strong>Licens:<\/strong> Se till att kasinot har en giltig licens fr\u00e5n en v\u00e4lrenommerad tillsynsmyndighet som Malta, Gibraltar, Storbritannien och andra. Att ha en licens s\u00e4kerst\u00e4ller att kasinot uppfyller s\u00e4kerhets- och integritetsstandarder.<\/li>\n<li><strong>Kasino rykte:<\/strong> Titta p\u00e5 recensioner fr\u00e5n andra spelare om kasinot, studera betyg och riktiga recensioner p\u00e5 oberoende sajter och forum. Var uppm\u00e4rksam p\u00e5 hur l\u00e4nge casinot har funnits och dess rykte i branschen.<\/li>\n<li><strong>S\u00e4kerhet och skydd:<\/strong> Se till att kasinot anv\u00e4nder modern datakrypteringsteknik f\u00f6r att skydda din personliga information och finansiella transaktioner.<\/li>\n<li><strong>Antal spel och leverant\u00f6rer:<\/strong> V\u00e4lj ett casino som erbjuder ett brett utbud av spel fr\u00e5n v\u00e4lk\u00e4nda och p\u00e5litliga leverant\u00f6rer som NetEnt, Microgaming, Play&#039;n GO och andra. Detta garanterar dig spel av h\u00f6g kvalitet och r\u00e4ttvisa resultat.<\/li>\n<li><strong>Bonusar och kampanjer:<\/strong> Studera villkoren f\u00f6r de erbjudna bonusarna och kampanjerna, var uppm\u00e4rksam p\u00e5 oms\u00e4ttningskraven och begr\u00e4nsningarna f\u00f6r att undvika obehagliga \u00f6verraskningar.<\/li>\n<li><strong>Helpdesk:<\/strong> Kontrollera tillg\u00e4ngligheten och kvaliteten p\u00e5 casinosupport. Ett bra casino b\u00f6r ge professionell hj\u00e4lp och svara snabbt p\u00e5 dina fr\u00e5gor.<\/li>\n<\/ol>\n<p>Genom att f\u00f6lja dessa kriterier kommer du att kunna hitta en p\u00e5litlig och p\u00e5litlig casinosajt som ger dig en s\u00e4ker, r\u00e4ttvis och njutbar spelupplevelse.<\/p>\n<p><img loading=\"lazy\" decoding=\"async\" class=\"alignnone size-full wp-image-354\" src=\"https:\/\/aviator-slotgame.com\/wp-content\/uploads\/Aviator-29-800-x-600-\u043f\u0438\u043a\u0441.jpg\" alt=\"Viktiga kriterier att t\u00e4nka p\u00e5 n\u00e4r du v\u00e4ljer en webbplats:\" width=\"800\" height=\"600\" srcset=\"https:\/\/aviator-slotgame.com\/wp-content\/uploads\/Aviator-29-800-x-600-\u043f\u0438\u043a\u0441.jpg 800w, https:\/\/aviator-slotgame.com\/wp-content\/uploads\/Aviator-29-800-x-600-\u043f\u0438\u043a\u0441-300x225.jpg 300w, https:\/\/aviator-slotgame.com\/wp-content\/uploads\/Aviator-29-800-x-600-\u043f\u0438\u043a\u0441-768x576.jpg 768w, https:\/\/aviator-slotgame.com\/wp-content\/uploads\/Aviator-29-800-x-600-\u043f\u0438\u043a\u0441-16x12.jpg 16w\" sizes=\"auto, (max-width: 800px) 100vw, 800px\" \/><\/p>\n\n<div style=\"font-size: 0px; height: 0px; line-height: 0px; margin: 0; padding: 0; clear: both;\"><\/div>","protected":false},"excerpt":{"rendered":"<p>Att v\u00e4lja en p\u00e5litlig och p\u00e5litlig sida att spela p\u00e5 ett kasino \u00e4r viktigt f\u00f6r din s\u00e4kerhet och skyddet av din personliga information. H\u00e4r \u00e4r n\u00e5gra viktiga<\/p>","protected":false},"author":1,"featured_media":0,"parent":0,"menu_order":0,"comment_status":"closed","ping_status":"closed","template":"","meta":{"footnotes":""},"class_list":["post-278","page","type-page","status-publish","hentry"],"yoast_head":"<!-- This site is optimized with the Yoast SEO plugin v22.0 - https:\/\/yoast.com\/wordpress\/plugins\/seo\/ -->\n<title>\u0418\u0433\u0440\u0430\u0439 \u0432 \u043e\u043d\u043b\u0430\u0439\u043d \u043a\u0430\u0437\u0438\u043d\u043e \u0438\u0433\u0440\u0443 \u0410\u0432\u0438\u0430\u0442\u043e\u0440 \u043d\u0430 \u0434\u0435\u043d\u044c\u0433\u0438 \u043f\u0440\u044f\u043c\u043e \u0441\u0435\u0439\u0447\u0430\u0441<\/title>\n<meta name=\"description\" content=\"\u0423\u0437\u043d\u0430\u0439\u0442\u0435,\u043a\u0430\u043a \u0432\u044b\u0431\u0440\u0430\u0442\u044c \u043f\u0440\u043e\u0432\u0435\u0440\u0435\u043d\u043d\u043e\u0435 \u043a\u0430\u0437\u0438\u043d\u043e \u0434\u043b\u044f \u0438\u0433\u0440\u044b \u0432 \u0441\u043b\u043e\u0442 \u0410\u0432\u0438\u0430\u0442\u043e\u0440.\u041b\u0438\u0446\u0435\u043d\u0437\u0438\u044f, \u0431\u0435\u0437\u043e\u043f\u0430\u0441\u043d\u043e\u0441\u0442\u044c, \u0440\u0435\u043f\u0443\u0442\u0430\u0446\u0438\u044f \u0438 \u0431\u043e\u043d\u0443\u0441\u044b \u043f\u043e\u043c\u043e\u0433\u0443\u0442 \u0432\u0430\u043c \u0432\u044b\u0431\u0440\u0430\u0442\u044c \u043d\u0430\u0434\u0435\u0436\u043d\u044b\u0439 \u0441\u0430\u0439\u0442 \u0434\u043b\u044f \u0438\u0433\u0440\u044b \u043d\u0430 \u0434\u0435\u043d\u044c\u0433\u0438.\" \/>\n<meta name=\"robots\" content=\"index, follow, max-snippet:-1, max-image-preview:large, max-video-preview:-1\" \/>\n<link rel=\"canonical\" href=\"https:\/\/aviator-slotgame.com\/sv\/online-casino\/\" \/>\n<meta property=\"og:locale\" content=\"sv_SE\" \/>\n<meta property=\"og:type\" content=\"article\" \/>\n<meta property=\"og:title\" content=\"\u0418\u0433\u0440\u0430\u0439 \u0432 \u043e\u043d\u043b\u0430\u0439\u043d \u043a\u0430\u0437\u0438\u043d\u043e \u0438\u0433\u0440\u0443 \u0410\u0432\u0438\u0430\u0442\u043e\u0440 \u043d\u0430 \u0434\u0435\u043d\u044c\u0433\u0438 \u043f\u0440\u044f\u043c\u043e \u0441\u0435\u0439\u0447\u0430\u0441\" \/>\n<meta property=\"og:description\" content=\"\u0423\u0437\u043d\u0430\u0439\u0442\u0435,\u043a\u0430\u043a \u0432\u044b\u0431\u0440\u0430\u0442\u044c \u043f\u0440\u043e\u0432\u0435\u0440\u0435\u043d\u043d\u043e\u0435 \u043a\u0430\u0437\u0438\u043d\u043e \u0434\u043b\u044f \u0438\u0433\u0440\u044b \u0432 \u0441\u043b\u043e\u0442 \u0410\u0432\u0438\u0430\u0442\u043e\u0440.\u041b\u0438\u0446\u0435\u043d\u0437\u0438\u044f, \u0431\u0435\u0437\u043e\u043f\u0430\u0441\u043d\u043e\u0441\u0442\u044c, \u0440\u0435\u043f\u0443\u0442\u0430\u0446\u0438\u044f \u0438 \u0431\u043e\u043d\u0443\u0441\u044b \u043f\u043e\u043c\u043e\u0433\u0443\u0442 \u0432\u0430\u043c \u0432\u044b\u0431\u0440\u0430\u0442\u044c \u043d\u0430\u0434\u0435\u0436\u043d\u044b\u0439 \u0441\u0430\u0439\u0442 \u0434\u043b\u044f \u0438\u0433\u0440\u044b \u043d\u0430 \u0434\u0435\u043d\u044c\u0433\u0438.\" \/>\n<meta property=\"og:url\" content=\"https:\/\/aviator-slotgame.com\/sv\/online-casino\/\" \/>\n<meta property=\"og:site_name\" content=\"Aviator\" \/>\n<meta property=\"article:modified_time\" content=\"2024-10-03T22:41:11+00:00\" \/>\n<meta name=\"twitter:card\" content=\"summary_large_image\" \/>\n<meta name=\"twitter:label1\" content=\"Ber\u00e4knad l\u00e4stid\" \/>\n\t<meta name=\"twitter:data1\" content=\"2 minuter\" \/>\n<script type=\"application\/ld+json\" class=\"yoast-schema-graph\">{\"@context\":\"https:\/\/schema.org\",\"@graph\":[{\"@type\":\"WebPage\",\"@id\":\"https:\/\/aviator-slotgame.com\/online-casino\/\",\"url\":\"https:\/\/aviator-slotgame.com\/online-casino\/\",\"name\":\"\u0418\u0433\u0440\u0430\u0439 \u0432 \u043e\u043d\u043b\u0430\u0439\u043d \u043a\u0430\u0437\u0438\u043d\u043e \u0438\u0433\u0440\u0443 \u0410\u0432\u0438\u0430\u0442\u043e\u0440 \u043d\u0430 \u0434\u0435\u043d\u044c\u0433\u0438 \u043f\u0440\u044f\u043c\u043e \u0441\u0435\u0439\u0447\u0430\u0441\",\"isPartOf\":{\"@id\":\"https:\/\/aviator-slotgame.com\/#website\"},\"datePublished\":\"2024-09-06T16:58:13+00:00\",\"dateModified\":\"2024-10-03T22:41:11+00:00\",\"description\":\"\u0423\u0437\u043d\u0430\u0439\u0442\u0435,\u043a\u0430\u043a \u0432\u044b\u0431\u0440\u0430\u0442\u044c \u043f\u0440\u043e\u0432\u0435\u0440\u0435\u043d\u043d\u043e\u0435 \u043a\u0430\u0437\u0438\u043d\u043e \u0434\u043b\u044f \u0438\u0433\u0440\u044b \u0432 \u0441\u043b\u043e\u0442 \u0410\u0432\u0438\u0430\u0442\u043e\u0440.\u041b\u0438\u0446\u0435\u043d\u0437\u0438\u044f, \u0431\u0435\u0437\u043e\u043f\u0430\u0441\u043d\u043e\u0441\u0442\u044c, \u0440\u0435\u043f\u0443\u0442\u0430\u0446\u0438\u044f \u0438 \u0431\u043e\u043d\u0443\u0441\u044b \u043f\u043e\u043c\u043e\u0433\u0443\u0442 \u0432\u0430\u043c \u0432\u044b\u0431\u0440\u0430\u0442\u044c \u043d\u0430\u0434\u0435\u0436\u043d\u044b\u0439 \u0441\u0430\u0439\u0442 \u0434\u043b\u044f \u0438\u0433\u0440\u044b \u043d\u0430 \u0434\u0435\u043d\u044c\u0433\u0438.\",\"breadcrumb\":{\"@id\":\"https:\/\/aviator-slotgame.com\/online-casino\/#breadcrumb\"},\"inLanguage\":\"sv-SE\",\"potentialAction\":[{\"@type\":\"ReadAction\",\"target\":[\"https:\/\/aviator-slotgame.com\/online-casino\/\"]}]},{\"@type\":\"BreadcrumbList\",\"@id\":\"https:\/\/aviator-slotgame.com\/online-casino\/#breadcrumb\",\"itemListElement\":[{\"@type\":\"ListItem\",\"position\":1,\"name\":\"Home\",\"item\":\"https:\/\/aviator-slotgame.com\/\"},{\"@type\":\"ListItem\",\"position\":2,\"name\":\"\u041d\u0430\u0447\u043d\u0438 \u0438\u0433\u0440\u0430\u0442\u044c \u0432 \u0410\u0432\u0438\u0430\u0442\u043e\u0440 \u0441 \u043f\u0440\u043e\u0432\u0435\u0440\u0435\u043d\u043d\u044b\u043c \u043a\u0430\u0437\u0438\u043d\u043e \u0438 \u0431\u043e\u043d\u0443\u0441\u0430\u043c\u0438\"}]},{\"@type\":\"WebSite\",\"@id\":\"https:\/\/aviator-slotgame.com\/#website\",\"url\":\"https:\/\/aviator-slotgame.com\/\",\"name\":\"Aviator\",\"description\":\"\",\"publisher\":{\"@id\":\"https:\/\/aviator-slotgame.com\/#organization\"},\"potentialAction\":[{\"@type\":\"SearchAction\",\"target\":{\"@type\":\"EntryPoint\",\"urlTemplate\":\"https:\/\/aviator-slotgame.com\/?s={search_term_string}\"},\"query-input\":\"required name=search_term_string\"}],\"inLanguage\":\"sv-SE\"},{\"@type\":\"Organization\",\"@id\":\"https:\/\/aviator-slotgame.com\/#organization\",\"name\":\"Aviator\",\"url\":\"https:\/\/aviator-slotgame.com\/\",\"logo\":{\"@type\":\"ImageObject\",\"inLanguage\":\"sv-SE\",\"@id\":\"https:\/\/aviator-slotgame.com\/#\/schema\/logo\/image\/\",\"url\":\"https:\/\/aviator-slotgame.com\/wp-content\/uploads\/16f5e8_dade544d4623411c9c4153c639aae85amv2.webp\",\"contentUrl\":\"https:\/\/aviator-slotgame.com\/wp-content\/uploads\/16f5e8_dade544d4623411c9c4153c639aae85amv2.webp\",\"width\":400,\"height\":300,\"caption\":\"Aviator\"},\"image\":{\"@id\":\"https:\/\/aviator-slotgame.com\/#\/schema\/logo\/image\/\"}}]}<\/script>\n<!-- \/ Yoast SEO plugin. -->","yoast_head_json":{"title":"\u0418\u0433\u0440\u0430\u0439 \u0432 \u043e\u043d\u043b\u0430\u0439\u043d \u043a\u0430\u0437\u0438\u043d\u043e \u0438\u0433\u0440\u0443 \u0410\u0432\u0438\u0430\u0442\u043e\u0440 \u043d\u0430 \u0434\u0435\u043d\u044c\u0433\u0438 \u043f\u0440\u044f\u043c\u043e \u0441\u0435\u0439\u0447\u0430\u0441","description":"\u0423\u0437\u043d\u0430\u0439\u0442\u0435,\u043a\u0430\u043a \u0432\u044b\u0431\u0440\u0430\u0442\u044c \u043f\u0440\u043e\u0432\u0435\u0440\u0435\u043d\u043d\u043e\u0435 \u043a\u0430\u0437\u0438\u043d\u043e \u0434\u043b\u044f \u0438\u0433\u0440\u044b \u0432 \u0441\u043b\u043e\u0442 \u0410\u0432\u0438\u0430\u0442\u043e\u0440.\u041b\u0438\u0446\u0435\u043d\u0437\u0438\u044f, \u0431\u0435\u0437\u043e\u043f\u0430\u0441\u043d\u043e\u0441\u0442\u044c, \u0440\u0435\u043f\u0443\u0442\u0430\u0446\u0438\u044f \u0438 \u0431\u043e\u043d\u0443\u0441\u044b \u043f\u043e\u043c\u043e\u0433\u0443\u0442 \u0432\u0430\u043c \u0432\u044b\u0431\u0440\u0430\u0442\u044c \u043d\u0430\u0434\u0435\u0436\u043d\u044b\u0439 \u0441\u0430\u0439\u0442 \u0434\u043b\u044f \u0438\u0433\u0440\u044b \u043d\u0430 \u0434\u0435\u043d\u044c\u0433\u0438.","robots":{"index":"index","follow":"follow","max-snippet":"max-snippet:-1","max-image-preview":"max-image-preview:large","max-video-preview":"max-video-preview:-1"},"canonical":"https:\/\/aviator-slotgame.com\/sv\/online-casino\/","og_locale":"sv_SE","og_type":"article","og_title":"\u0418\u0433\u0440\u0430\u0439 \u0432 \u043e\u043d\u043b\u0430\u0439\u043d \u043a\u0430\u0437\u0438\u043d\u043e \u0438\u0433\u0440\u0443 \u0410\u0432\u0438\u0430\u0442\u043e\u0440 \u043d\u0430 \u0434\u0435\u043d\u044c\u0433\u0438 \u043f\u0440\u044f\u043c\u043e \u0441\u0435\u0439\u0447\u0430\u0441","og_description":"\u0423\u0437\u043d\u0430\u0439\u0442\u0435,\u043a\u0430\u043a \u0432\u044b\u0431\u0440\u0430\u0442\u044c \u043f\u0440\u043e\u0432\u0435\u0440\u0435\u043d\u043d\u043e\u0435 \u043a\u0430\u0437\u0438\u043d\u043e \u0434\u043b\u044f \u0438\u0433\u0440\u044b \u0432 \u0441\u043b\u043e\u0442 \u0410\u0432\u0438\u0430\u0442\u043e\u0440.\u041b\u0438\u0446\u0435\u043d\u0437\u0438\u044f, \u0431\u0435\u0437\u043e\u043f\u0430\u0441\u043d\u043e\u0441\u0442\u044c, \u0440\u0435\u043f\u0443\u0442\u0430\u0446\u0438\u044f \u0438 \u0431\u043e\u043d\u0443\u0441\u044b \u043f\u043e\u043c\u043e\u0433\u0443\u0442 \u0432\u0430\u043c \u0432\u044b\u0431\u0440\u0430\u0442\u044c \u043d\u0430\u0434\u0435\u0436\u043d\u044b\u0439 \u0441\u0430\u0439\u0442 \u0434\u043b\u044f \u0438\u0433\u0440\u044b \u043d\u0430 \u0434\u0435\u043d\u044c\u0433\u0438.","og_url":"https:\/\/aviator-slotgame.com\/sv\/online-casino\/","og_site_name":"Aviator","article_modified_time":"2024-10-03T22:41:11+00:00","twitter_card":"summary_large_image","twitter_misc":{"Ber\u00e4knad l\u00e4stid":"2 minuter"},"schema":{"@context":"https:\/\/schema.org","@graph":[{"@type":"WebPage","@id":"https:\/\/aviator-slotgame.com\/online-casino\/","url":"https:\/\/aviator-slotgame.com\/online-casino\/","name":"\u0418\u0433\u0440\u0430\u0439 \u0432 \u043e\u043d\u043b\u0430\u0439\u043d \u043a\u0430\u0437\u0438\u043d\u043e \u0438\u0433\u0440\u0443 \u0410\u0432\u0438\u0430\u0442\u043e\u0440 \u043d\u0430 \u0434\u0435\u043d\u044c\u0433\u0438 \u043f\u0440\u044f\u043c\u043e \u0441\u0435\u0439\u0447\u0430\u0441","isPartOf":{"@id":"https:\/\/aviator-slotgame.com\/#website"},"datePublished":"2024-09-06T16:58:13+00:00","dateModified":"2024-10-03T22:41:11+00:00","description":"\u0423\u0437\u043d\u0430\u0439\u0442\u0435,\u043a\u0430\u043a \u0432\u044b\u0431\u0440\u0430\u0442\u044c \u043f\u0440\u043e\u0432\u0435\u0440\u0435\u043d\u043d\u043e\u0435 \u043a\u0430\u0437\u0438\u043d\u043e \u0434\u043b\u044f \u0438\u0433\u0440\u044b \u0432 \u0441\u043b\u043e\u0442 \u0410\u0432\u0438\u0430\u0442\u043e\u0440.\u041b\u0438\u0446\u0435\u043d\u0437\u0438\u044f, \u0431\u0435\u0437\u043e\u043f\u0430\u0441\u043d\u043e\u0441\u0442\u044c, \u0440\u0435\u043f\u0443\u0442\u0430\u0446\u0438\u044f \u0438 \u0431\u043e\u043d\u0443\u0441\u044b \u043f\u043e\u043c\u043e\u0433\u0443\u0442 \u0432\u0430\u043c \u0432\u044b\u0431\u0440\u0430\u0442\u044c \u043d\u0430\u0434\u0435\u0436\u043d\u044b\u0439 \u0441\u0430\u0439\u0442 \u0434\u043b\u044f \u0438\u0433\u0440\u044b \u043d\u0430 \u0434\u0435\u043d\u044c\u0433\u0438.","breadcrumb":{"@id":"https:\/\/aviator-slotgame.com\/online-casino\/#breadcrumb"},"inLanguage":"sv-SE","potentialAction":[{"@type":"ReadAction","target":["https:\/\/aviator-slotgame.com\/online-casino\/"]}]},{"@type":"BreadcrumbList","@id":"https:\/\/aviator-slotgame.com\/online-casino\/#breadcrumb","itemListElement":[{"@type":"ListItem","position":1,"name":"Home","item":"https:\/\/aviator-slotgame.com\/"},{"@type":"ListItem","position":2,"name":"\u041d\u0430\u0447\u043d\u0438 \u0438\u0433\u0440\u0430\u0442\u044c \u0432 \u0410\u0432\u0438\u0430\u0442\u043e\u0440 \u0441 \u043f\u0440\u043e\u0432\u0435\u0440\u0435\u043d\u043d\u044b\u043c \u043a\u0430\u0437\u0438\u043d\u043e \u0438 \u0431\u043e\u043d\u0443\u0441\u0430\u043c\u0438"}]},{"@type":"WebSite","@id":"https:\/\/aviator-slotgame.com\/#website","url":"https:\/\/aviator-slotgame.com\/","name":"Aviator","description":"","publisher":{"@id":"https:\/\/aviator-slotgame.com\/#organization"},"potentialAction":[{"@type":"SearchAction","target":{"@type":"EntryPoint","urlTemplate":"https:\/\/aviator-slotgame.com\/?s={search_term_string}"},"query-input":"required name=search_term_string"}],"inLanguage":"sv-SE"},{"@type":"Organization","@id":"https:\/\/aviator-slotgame.com\/#organization","name":"Aviator","url":"https:\/\/aviator-slotgame.com\/","logo":{"@type":"ImageObject","inLanguage":"sv-SE","@id":"https:\/\/aviator-slotgame.com\/#\/schema\/logo\/image\/","url":"https:\/\/aviator-slotgame.com\/wp-content\/uploads\/16f5e8_dade544d4623411c9c4153c639aae85amv2.webp","contentUrl":"https:\/\/aviator-slotgame.com\/wp-content\/uploads\/16f5e8_dade544d4623411c9c4153c639aae85amv2.webp","width":400,"height":300,"caption":"Aviator"},"image":{"@id":"https:\/\/aviator-slotgame.com\/#\/schema\/logo\/image\/"}}]}},"amp_enabled":true,"_links":{"self":[{"href":"https:\/\/aviator-slotgame.com\/sv\/wp-json\/wp\/v2\/pages\/278","targetHints":{"allow":["GET"]}}],"collection":[{"href":"https:\/\/aviator-slotgame.com\/sv\/wp-json\/wp\/v2\/pages"}],"about":[{"href":"https:\/\/aviator-slotgame.com\/sv\/wp-json\/wp\/v2\/types\/page"}],"author":[{"embeddable":true,"href":"https:\/\/aviator-slotgame.com\/sv\/wp-json\/wp\/v2\/users\/1"}],"replies":[{"embeddable":true,"href":"https:\/\/aviator-slotgame.com\/sv\/wp-json\/wp\/v2\/comments?post=278"}],"version-history":[{"count":9,"href":"https:\/\/aviator-slotgame.com\/sv\/wp-json\/wp\/v2\/pages\/278\/revisions"}],"predecessor-version":[{"id":405,"href":"https:\/\/aviator-slotgame.com\/sv\/wp-json\/wp\/v2\/pages\/278\/revisions\/405"}],"wp:attachment":[{"href":"https:\/\/aviator-slotgame.com\/sv\/wp-json\/wp\/v2\/media?parent=278"}],"curies":[{"name":"wp","href":"https:\/\/api.w.org\/{rel}","templated":true}]}}