{"id":215,"date":"2024-04-02T16:05:37","date_gmt":"2024-04-02T16:05:37","guid":{"rendered":"https:\/\/aviator-slotgame.com\/?page_id=215"},"modified":"2024-09-09T10:50:04","modified_gmt":"2024-09-09T10:50:04","slug":"aviator-slots","status":"publish","type":"page","link":"https:\/\/aviator-slotgame.com\/tr\/aviator-slotu-vs-geleneksel-video-slotlari\/","title":{"rendered":"Havac\u0131 yuvalar\u0131"},"content":{"rendered":"<div class=\"2cc50155eac92949667cb114f6c245c0\" data-index=\"1\" style=\"float: none; margin:10px 0 10px 0; text-align:center;\">\n<div class=\"custom-play-button\">\r\n<center><a href=\"https:\/\/aviator-slotgame.com\/tr\/play-game\/\" rel=\"nofollow\" target=\"_blank\">\u015eimdi oyna<\/a><br><\/center>\r\n<\/div>\n<\/div>\n<p>Spribe&#039;dan Aviator ortalama video slotunuz de\u011fil. Geleneksel video slotlar\u0131nda bulamayaca\u011f\u0131n\u0131z sosyal oyun \u00f6zellikleri sunar. E\u011flenceye kat\u0131labilir ve heyecan verici bonuslar, \u00e7arpanlar ve di\u011fer s\u00fcrprizlerle dolu bir \u00e7evrimi\u00e7i casino oyununa kat\u0131lmak i\u00e7in di\u011fer oyunculara meydan okuyabilirsiniz.<\/p>\n<p><img loading=\"lazy\" decoding=\"async\" class=\"alignnone size-full wp-image-216\" title=\"Aviator ve geleneksel slot makineleri\" src=\"https:\/\/aviator-slotgame.com\/wp-content\/uploads\/aviator-4-1.png\" alt=\"Aviator ve geleneksel slot makineleri\" width=\"800\" height=\"445\" srcset=\"https:\/\/aviator-slotgame.com\/wp-content\/uploads\/aviator-4-1.png 800w, https:\/\/aviator-slotgame.com\/wp-content\/uploads\/aviator-4-1-300x167.png 300w, https:\/\/aviator-slotgame.com\/wp-content\/uploads\/aviator-4-1-768x427.png 768w, https:\/\/aviator-slotgame.com\/wp-content\/uploads\/aviator-4-1-18x10.png 18w\" sizes=\"auto, (max-width: 800px) 100vw, 800px\" \/><\/p>\n<p>Aviator standart 3x5 makaral\u0131 slot makinelerinden daha fazlas\u0131n\u0131 sunuyor. Her oyuncu para \u00e7ekmeye karar verene kadar artan ve artan RNG&#039;ye dayal\u0131 bir \u00e7arpan\u0131 vard\u0131r. Bu, e\u011fer \u015fansl\u0131ysan\u0131z t\u00fcm g\u00fcn oynayabilece\u011finiz ve kazanc\u0131n\u0131z\u0131n ger\u00e7ekten artmaya ba\u015flayaca\u011f\u0131 anlam\u0131na gelir!<\/p>\n<p>Ayr\u0131ca Aviator, e\u011flenceye kat\u0131labilecek oyuncu say\u0131s\u0131n\u0131 s\u0131n\u0131rlamaz. Oyunun a\u00e7\u0131lmas\u0131n\u0131 beklemek konusunda endi\u015felenmenize gerek yok \u00e7\u00fcnk\u00fc hi\u00e7bir zaman dolmayacak, her zaman daha fazla oyuncuya yer olacak. Oyuncu dostu oranlar, RTP ve y\u00fcksek \u00f6demelerle, bu heyecan verici alternatif slotta zirveye \u00e7\u0131kmak i\u00e7in bir\u00e7ok f\u0131rsat\u0131n\u0131z var.<\/p><div class=\"2cc50155eac92949667cb114f6c245c0\" data-index=\"1\" style=\"float: none; margin:10px 0 10px 0; text-align:center;\">\n<div class=\"custom-play-button\">\r\n<center><a href=\"https:\/\/aviator-slotgame.com\/tr\/play-game\/\" rel=\"nofollow\" target=\"_blank\">\u015eimdi oyna<\/a><br><\/center>\r\n<\/div>\n<\/div>\n\n<p>Yani ister s\u00fcr\u00fckleyici bir oyun deneyimi ar\u0131yor olun, ister arkan\u0131za yaslan\u0131p farkl\u0131 bir tarza sahip klasik video slot tarz\u0131 bir oyunun tad\u0131n\u0131 \u00e7\u0131karmak istiyor olun, Spribe&#039;s Aviator&#039;da ger\u00e7ekten herkese sunacak bir \u015feyler var.<\/p>\n<h2 id=\"h-rtp-of-aviator-and-regular-slot-games\">Aviator&#039;\u0131n RTP&#039;si ve normal slotlar<\/h2>\n<p>En pop\u00fcler slotlar\u0131n ortalama RTP de\u011ferleri 65%\u2019nin \u00fczerindedir. Bu say\u0131 oyundan oyuna de\u011fi\u015febilir; baz\u0131 oyunlar 97%&#039;ye kadar \u00e7\u0131kabilir, ancak genel olarak norm ondal\u0131k say\u0131yla 65%&#039;dir.<\/p>\n<p>\u00d6rne\u011fin d\u00fcnyan\u0131n en pop\u00fcler slotlar\u0131ndan biri olan Second Strike&#039;\u0131n RTP&#039;si 96.26%&#039;dir; Havac\u0131 daha da fazlas\u0131!<\/p>\n<p>Aviator&#039;\u0131n yakla\u015f\u0131k RTP&#039;si (oyuncuya d\u00f6n\u00fc\u015f) 97%&#039;dir ve bu bir video slotu i\u00e7in ortalaman\u0131n \u00fczerindedir. Bu, Aviator oynaman\u0131n size ortalama olarak geleneksel slotlara k\u0131yasla daha fazla para kazand\u0131raca\u011f\u0131 anlam\u0131na gelir. Ve s\u00fcrekli b\u00fcy\u00fcyen \u00e7arpanla en b\u00fcy\u00fck turlar daha da heyecanl\u0131 hale gelecek! Dolay\u0131s\u0131yla, daha y\u00fcksek bir RTP ve kazan\u00e7 potansiyelinizi art\u0131rma yetene\u011fi ar\u0131yorsan\u0131z, Aviator tam da ka\u00e7\u0131rd\u0131\u011f\u0131n\u0131z \u015fey olabilir.<\/p>\n<figure class=\"wp-block-table\">\n<table>\n<tbody>\n<tr>\n<td><strong>HAVACI<\/strong><\/td>\n<td><strong>GELENEKSEL SLOT OYUNU<\/strong><\/td>\n<\/tr>\n<tr>\n<td>Di\u011fer oyuncularla sohbet edin<\/td>\n<td>Kullan\u0131c\u0131 Oyun Deneyimi<\/td>\n<\/tr>\n<tr>\n<td>Oyun odas\u0131nda s\u0131n\u0131rs\u0131z say\u0131da oyuncu<\/td>\n<td>Makine veya sayfa ba\u015f\u0131na bir oyuncu<\/td>\n<\/tr>\n<tr>\n<td>Tek RNG ile oyun mekani\u011fi<\/td>\n<td>\u00c7oklu makaralar ve \u00e7izgiler<\/td>\n<\/tr>\n<tr>\n<td>~97% iadesi<\/td>\n<td>~96% iadesi<\/td>\n<\/tr>\n<\/tbody>\n<\/table><figcaption class=\"wp-element-caption\">Kumar makinesi\u00a0<strong><strong>HAVACI<\/strong><\/strong><img loading=\"lazy\" decoding=\"async\" class=\"alignnone size-full wp-image-293\" src=\"https:\/\/aviator-slotgame.com\/wp-content\/uploads\/Aviator-13-800-x-600-\u043f\u0438\u043a\u0441.jpg\" alt=\"Aviator&#039;\u0131n RTP&#039;si ve normal slotlar\" width=\"800\" height=\"600\" srcset=\"https:\/\/aviator-slotgame.com\/wp-content\/uploads\/Aviator-13-800-x-600-\u043f\u0438\u043a\u0441.jpg 800w, https:\/\/aviator-slotgame.com\/wp-content\/uploads\/Aviator-13-800-x-600-\u043f\u0438\u043a\u0441-300x225.jpg 300w, https:\/\/aviator-slotgame.com\/wp-content\/uploads\/Aviator-13-800-x-600-\u043f\u0438\u043a\u0441-768x576.jpg 768w, https:\/\/aviator-slotgame.com\/wp-content\/uploads\/Aviator-13-800-x-600-\u043f\u0438\u043a\u0441-16x12.jpg 16w\" sizes=\"auto, (max-width: 800px) 100vw, 800px\" \/><\/figcaption><\/figure>\n<h2 id=\"h-the-bottom-line\">Sonu\u00e7 olarak<\/h2>\n<p>Spribe&#039;s Aviator, oyunculara s\u00fcr\u00fckleyici bir oyun deneyimi sunabilen geleneksel video slotlar\u0131n\u0131n benzersiz bir yorumunu sunuyor. S\u00fcrekli artan \u00e7arpanlar ve y\u00fcksek RTP ile Aviator&#039;\u0131 denemek i\u00e7in pek \u00e7ok neden var. \u00dcstelik sosyal y\u00f6n\u00fc onu daha da heyecanl\u0131 k\u0131l\u0131yor!<\/p>\n<h2 id=\"h-using-bonus-spins-on-aviator\">Aviator&#039;da bonus d\u00f6nd\u00fcrmelerin kullan\u0131lmas\u0131<\/h2>\n<p>Bonus \u00e7evirmeler casino sitelerinin vazge\u00e7ilmezidir. Bir kumarhane sitesine kaydoldu\u011funuzda, genellikle ho\u015f geldin bonusu olarak bedava \u00e7evirmeler al\u0131rs\u0131n\u0131z. Hatta s\u0131n\u0131rl\u0131 s\u00fcreli promosyonlarla veya di\u011fer oyunlarda \u00f6d\u00fcl olarak bile elde edilebilirler!<\/p>\n<p>Aviator veya di\u011fer casino oyunlar\u0131n\u0131n hayran\u0131ysan\u0131z, bonus d\u00f6nd\u00fcrmeler, makaralar\u0131 d\u00f6nd\u00fcrmek, u\u00e7a\u011fa binmek ve belki biraz para kazanmak i\u00e7in bedava f\u0131rsatlar elde etmenin harika bir yoludur. Asl\u0131nda, bonus d\u00f6nd\u00fcrmeler normal oyun i\u00e7i d\u00f6nd\u00fcrmelerden daha de\u011ferli olabilir \u00e7\u00fcnk\u00fc genellikle herhangi bir bahis zorunlulu\u011fu veya ba\u015fka kazanma k\u0131s\u0131tlamas\u0131 yoktur.<\/p>\n<h2 id=\"h-how-to-get-bonus-spins\">Bonus \u00e7evirmeler nas\u0131l al\u0131n\u0131r<\/h2>\n<p>\u00dccretsiz d\u00f6n\u00fc\u015fler, ilk para yat\u0131rma i\u015flemi yapan yeni kullan\u0131c\u0131lara y\u00f6nelik ho\u015f geldin bonuslar\u0131 veya promosyon kodlar\u0131 ve s\u0131n\u0131rl\u0131 s\u00fcreli etkinlikler gibi \u00e7e\u015fitli yerlerden gelebilir.<\/p>\n<h3 id=\"h-welcome-bonus-spins-for-aviator\">Aviator Ho\u015fgeldin Bonusu D\u00f6nd\u00fcrmeleri<\/h3>\n<p>Baz\u0131 casinolar, hesap olu\u015fturdu\u011funuzda size bedava d\u00f6n\u00fc\u015fler verir. Aviator oynarken bu bedava d\u00f6n\u00fc\u015flerin nas\u0131l faydal\u0131 olabilece\u011fini merak ediyor olabilirsiniz; ancak bazen kumarhaneler bu bedava \u00e7evirmelerin kullan\u0131m\u0131n\u0131 yaln\u0131zca en pop\u00fcler geleneksel slot makineleriyle s\u0131n\u0131rland\u0131r\u0131r. Ancak endi\u015felenmeyin, Aviator&#039;\u0131n sizin i\u00e7in haz\u0131rlad\u0131\u011f\u0131 t\u00fcm bedava d\u00f6n\u00fc\u015fleri kullanman\u0131n h\u00e2l\u00e2 yollar\u0131 var.<\/p>\n<h2 id=\"h-how-to-use-free-spins-in-aviator\">Aviator&#039;da \u00fccretsiz d\u00f6nd\u00fcrmeler nas\u0131l kullan\u0131l\u0131r?<\/h2>\n<p>\u00c7evirmeleriniz Aviator&#039;da \u00e7al\u0131\u015fm\u0131yorsa, di\u011fer casino oyunlar\u0131nda kredi kazanmak i\u00e7in bunlar\u0131 her zaman kullanabilirsiniz. \u00d6rne\u011fin, bir slot makinesinde bedava \u00e7evirme hakk\u0131n\u0131z varsa, bu kredileri oyun masalar\u0131nda fi\u015flerle de\u011fi\u015ftirebilirsiniz. Daha sonra bu \u00e7ipleri Aviator&#039;a veya ba\u015fka bir casino oyununa bahis yapmak i\u00e7in kullanabilirsiniz!<\/p>\n<p>\u0130\u015fte nas\u0131l:<\/p>\n<ol start=\"1\" type=\"1\">\n<li>En sevdi\u011finiz slot makinelerinden birini se\u00e7in.<\/li>\n<li>\u00dccretsiz d\u00f6nd\u00fcrmelerden yararlan\u0131n.<\/li>\n<li>D\u00f6nd\u00fcrmeler s\u0131ras\u0131nda kazand\u0131\u011f\u0131n\u0131z t\u00fcm kredileri al\u0131n ve Aviator&#039;\u0131 oynay\u0131n!<\/li>\n<\/ol>\n<p>\u00c7ok basit.<\/p>\n<h2 id=\"h-can-you-win-free-spins-in-aviator\">Aviator&#039;da bedava d\u00f6n\u00fc\u015fler kazanabilir misiniz?<\/h2>\n<p>Free spin \u00f6zelli\u011fi bulunmamaktad\u0131r. Tur s\u0131ras\u0131nda kazanaca\u011f\u0131n\u0131z tek \u00f6d\u00fcl, bahsinizin k\u0131rm\u0131z\u0131 u\u00e7a\u011f\u0131n kalk\u0131\u015f\u0131yla \u00e7arp\u0131lmas\u0131d\u0131r.<\/p>\n<h2 id=\"h-in-conclusion\">\u00c7\u00f6z\u00fcm<\/h2>\n<p>Bunlar\u0131 nas\u0131l elde etti\u011finize bak\u0131lmaks\u0131z\u0131n (ho\u015f geldin bonus d\u00f6nd\u00fcrmeleri, promosyon kodlar\u0131 veya s\u0131n\u0131rl\u0131 s\u00fcreli teklifler) bonus d\u00f6nd\u00fcrmeler, her beceri seviyesindeki oyuncular\u0131n bir s\u00fcre kaybetme endi\u015fesi duymadan oynamaya devam etmeleri i\u00e7in harika bir yoldur. Ve hangi oyun i\u00e7in olursa olsun deneyimli oyuncular, spinlerini canl\u0131 bir Aviator oyununda kullan\u0131labilecek faydal\u0131 kredilere d\u00f6n\u00fc\u015ft\u00fcrebilirler.<\/p>\n<p><img loading=\"lazy\" decoding=\"async\" class=\"alignnone size-full wp-image-297\" src=\"https:\/\/aviator-slotgame.com\/wp-content\/uploads\/Aviator-14-800-x-600-\u043f\u0438\u043a\u0441.jpg\" alt=\"\u00c7\u00f6z\u00fcm\" width=\"800\" height=\"600\" srcset=\"https:\/\/aviator-slotgame.com\/wp-content\/uploads\/Aviator-14-800-x-600-\u043f\u0438\u043a\u0441.jpg 800w, https:\/\/aviator-slotgame.com\/wp-content\/uploads\/Aviator-14-800-x-600-\u043f\u0438\u043a\u0441-300x225.jpg 300w, https:\/\/aviator-slotgame.com\/wp-content\/uploads\/Aviator-14-800-x-600-\u043f\u0438\u043a\u0441-768x576.jpg 768w, https:\/\/aviator-slotgame.com\/wp-content\/uploads\/Aviator-14-800-x-600-\u043f\u0438\u043a\u0441-16x12.jpg 16w\" sizes=\"auto, (max-width: 800px) 100vw, 800px\" \/><\/p>\n\n<div style=\"font-size: 0px; height: 0px; line-height: 0px; margin: 0; padding: 0; clear: both;\"><\/div>","protected":false},"excerpt":{"rendered":"<p>Spribe&#039;dan Aviator ortalama video slotunuz de\u011fil. Geleneksel video slotlar\u0131nda bulamayaca\u011f\u0131n\u0131z sosyal oyun \u00f6zellikleri sunar.<\/p>","protected":false},"author":1,"featured_media":0,"parent":0,"menu_order":0,"comment_status":"closed","ping_status":"closed","template":"","meta":{"footnotes":""},"class_list":["post-215","page","type-page","status-publish","hentry"],"yoast_head":"<!-- This site is optimized with the Yoast SEO plugin v22.0 - https:\/\/yoast.com\/wordpress\/plugins\/seo\/ -->\n<title>\u0410\u0432\u0438\u0430\u0442\u043e\u0440 \u0441\u043b\u043e\u0442\u044b - Aviator<\/title>\n<meta name=\"robots\" content=\"index, follow, max-snippet:-1, max-image-preview:large, max-video-preview:-1\" \/>\n<link rel=\"canonical\" href=\"https:\/\/aviator-slotgame.com\/tr\/aviator-slotu-vs-geleneksel-video-slotlari\/\" \/>\n<meta property=\"og:locale\" content=\"tr_TR\" \/>\n<meta property=\"og:type\" content=\"article\" \/>\n<meta property=\"og:title\" content=\"\u0410\u0432\u0438\u0430\u0442\u043e\u0440 \u0441\u043b\u043e\u0442\u044b - Aviator\" \/>\n<meta property=\"og:description\" content=\"Aviator \u043e\u0442 Spribe \u2013 \u044d\u0442\u043e \u043d\u0435 \u043e\u0431\u044b\u0447\u043d\u044b\u0439 \u0432\u0438\u0434\u0435\u043e\u0441\u043b\u043e\u0442. \u041e\u043d \u043f\u0440\u0435\u0434\u043b\u0430\u0433\u0430\u0435\u0442 \u0432\u043e\u0437\u043c\u043e\u0436\u043d\u043e\u0441\u0442\u0438 \u0441\u043e\u0446\u0438\u0430\u043b\u044c\u043d\u044b\u0445 \u0438\u0433\u0440, \u043a\u043e\u0442\u043e\u0440\u044b\u0435 \u0432\u044b \u043d\u0435 \u043d\u0430\u0439\u0434\u0435\u0442\u0435 \u0432 \u0442\u0440\u0430\u0434\u0438\u0446\u0438\u043e\u043d\u043d\u044b\u0445 \u0432\u0438\u0434\u0435\u043e\u0441\u043b\u043e\u0442\u0430\u0445.\" \/>\n<meta property=\"og:url\" content=\"https:\/\/aviator-slotgame.com\/tr\/aviator-slotu-vs-geleneksel-video-slotlari\/\" \/>\n<meta property=\"og:site_name\" content=\"Aviator\" \/>\n<meta property=\"article:modified_time\" content=\"2024-09-09T10:50:04+00:00\" \/>\n<meta property=\"og:image\" content=\"https:\/\/aviator-slotgame.com\/wp-content\/uploads\/aviator-4-1.png\" \/>\n<meta name=\"twitter:card\" content=\"summary_large_image\" \/>\n<meta name=\"twitter:label1\" content=\"Tahmini okuma s\u00fcresi\" \/>\n\t<meta name=\"twitter:data1\" content=\"4 dakika\" \/>\n<script type=\"application\/ld+json\" class=\"yoast-schema-graph\">{\"@context\":\"https:\/\/schema.org\",\"@graph\":[{\"@type\":\"WebPage\",\"@id\":\"https:\/\/aviator-slotgame.com\/aviator-slots\/\",\"url\":\"https:\/\/aviator-slotgame.com\/aviator-slots\/\",\"name\":\"\u0410\u0432\u0438\u0430\u0442\u043e\u0440 \u0441\u043b\u043e\u0442\u044b - Aviator\",\"isPartOf\":{\"@id\":\"https:\/\/aviator-slotgame.com\/#website\"},\"datePublished\":\"2024-04-02T16:05:37+00:00\",\"dateModified\":\"2024-09-09T10:50:04+00:00\",\"breadcrumb\":{\"@id\":\"https:\/\/aviator-slotgame.com\/aviator-slots\/#breadcrumb\"},\"inLanguage\":\"tr\",\"potentialAction\":[{\"@type\":\"ReadAction\",\"target\":[\"https:\/\/aviator-slotgame.com\/aviator-slots\/\"]}]},{\"@type\":\"BreadcrumbList\",\"@id\":\"https:\/\/aviator-slotgame.com\/aviator-slots\/#breadcrumb\",\"itemListElement\":[{\"@type\":\"ListItem\",\"position\":1,\"name\":\"Home\",\"item\":\"https:\/\/aviator-slotgame.com\/\"},{\"@type\":\"ListItem\",\"position\":2,\"name\":\"\u0410\u0432\u0438\u0430\u0442\u043e\u0440 \u0441\u043b\u043e\u0442\u044b\"}]},{\"@type\":\"WebSite\",\"@id\":\"https:\/\/aviator-slotgame.com\/#website\",\"url\":\"https:\/\/aviator-slotgame.com\/\",\"name\":\"Aviator\",\"description\":\"\",\"publisher\":{\"@id\":\"https:\/\/aviator-slotgame.com\/#organization\"},\"potentialAction\":[{\"@type\":\"SearchAction\",\"target\":{\"@type\":\"EntryPoint\",\"urlTemplate\":\"https:\/\/aviator-slotgame.com\/?s={search_term_string}\"},\"query-input\":\"required name=search_term_string\"}],\"inLanguage\":\"tr\"},{\"@type\":\"Organization\",\"@id\":\"https:\/\/aviator-slotgame.com\/#organization\",\"name\":\"Aviator\",\"url\":\"https:\/\/aviator-slotgame.com\/\",\"logo\":{\"@type\":\"ImageObject\",\"inLanguage\":\"tr\",\"@id\":\"https:\/\/aviator-slotgame.com\/#\/schema\/logo\/image\/\",\"url\":\"https:\/\/aviator-slotgame.com\/wp-content\/uploads\/16f5e8_dade544d4623411c9c4153c639aae85amv2.webp\",\"contentUrl\":\"https:\/\/aviator-slotgame.com\/wp-content\/uploads\/16f5e8_dade544d4623411c9c4153c639aae85amv2.webp\",\"width\":400,\"height\":300,\"caption\":\"Aviator\"},\"image\":{\"@id\":\"https:\/\/aviator-slotgame.com\/#\/schema\/logo\/image\/\"}}]}<\/script>\n<!-- \/ Yoast SEO plugin. -->","yoast_head_json":{"title":"\u0410\u0432\u0438\u0430\u0442\u043e\u0440 \u0441\u043b\u043e\u0442\u044b - Aviator","robots":{"index":"index","follow":"follow","max-snippet":"max-snippet:-1","max-image-preview":"max-image-preview:large","max-video-preview":"max-video-preview:-1"},"canonical":"https:\/\/aviator-slotgame.com\/tr\/aviator-slotu-vs-geleneksel-video-slotlari\/","og_locale":"tr_TR","og_type":"article","og_title":"\u0410\u0432\u0438\u0430\u0442\u043e\u0440 \u0441\u043b\u043e\u0442\u044b - Aviator","og_description":"Aviator \u043e\u0442 Spribe \u2013 \u044d\u0442\u043e \u043d\u0435 \u043e\u0431\u044b\u0447\u043d\u044b\u0439 \u0432\u0438\u0434\u0435\u043e\u0441\u043b\u043e\u0442. \u041e\u043d \u043f\u0440\u0435\u0434\u043b\u0430\u0433\u0430\u0435\u0442 \u0432\u043e\u0437\u043c\u043e\u0436\u043d\u043e\u0441\u0442\u0438 \u0441\u043e\u0446\u0438\u0430\u043b\u044c\u043d\u044b\u0445 \u0438\u0433\u0440, \u043a\u043e\u0442\u043e\u0440\u044b\u0435 \u0432\u044b \u043d\u0435 \u043d\u0430\u0439\u0434\u0435\u0442\u0435 \u0432 \u0442\u0440\u0430\u0434\u0438\u0446\u0438\u043e\u043d\u043d\u044b\u0445 \u0432\u0438\u0434\u0435\u043e\u0441\u043b\u043e\u0442\u0430\u0445.","og_url":"https:\/\/aviator-slotgame.com\/tr\/aviator-slotu-vs-geleneksel-video-slotlari\/","og_site_name":"Aviator","article_modified_time":"2024-09-09T10:50:04+00:00","og_image":[{"url":"https:\/\/aviator-slotgame.com\/wp-content\/uploads\/aviator-4-1.png"}],"twitter_card":"summary_large_image","twitter_misc":{"Tahmini okuma s\u00fcresi":"4 dakika"},"schema":{"@context":"https:\/\/schema.org","@graph":[{"@type":"WebPage","@id":"https:\/\/aviator-slotgame.com\/aviator-slots\/","url":"https:\/\/aviator-slotgame.com\/aviator-slots\/","name":"\u0410\u0432\u0438\u0430\u0442\u043e\u0440 \u0441\u043b\u043e\u0442\u044b - Aviator","isPartOf":{"@id":"https:\/\/aviator-slotgame.com\/#website"},"datePublished":"2024-04-02T16:05:37+00:00","dateModified":"2024-09-09T10:50:04+00:00","breadcrumb":{"@id":"https:\/\/aviator-slotgame.com\/aviator-slots\/#breadcrumb"},"inLanguage":"tr","potentialAction":[{"@type":"ReadAction","target":["https:\/\/aviator-slotgame.com\/aviator-slots\/"]}]},{"@type":"BreadcrumbList","@id":"https:\/\/aviator-slotgame.com\/aviator-slots\/#breadcrumb","itemListElement":[{"@type":"ListItem","position":1,"name":"Home","item":"https:\/\/aviator-slotgame.com\/"},{"@type":"ListItem","position":2,"name":"\u0410\u0432\u0438\u0430\u0442\u043e\u0440 \u0441\u043b\u043e\u0442\u044b"}]},{"@type":"WebSite","@id":"https:\/\/aviator-slotgame.com\/#website","url":"https:\/\/aviator-slotgame.com\/","name":"Aviator","description":"","publisher":{"@id":"https:\/\/aviator-slotgame.com\/#organization"},"potentialAction":[{"@type":"SearchAction","target":{"@type":"EntryPoint","urlTemplate":"https:\/\/aviator-slotgame.com\/?s={search_term_string}"},"query-input":"required name=search_term_string"}],"inLanguage":"tr"},{"@type":"Organization","@id":"https:\/\/aviator-slotgame.com\/#organization","name":"Aviator","url":"https:\/\/aviator-slotgame.com\/","logo":{"@type":"ImageObject","inLanguage":"tr","@id":"https:\/\/aviator-slotgame.com\/#\/schema\/logo\/image\/","url":"https:\/\/aviator-slotgame.com\/wp-content\/uploads\/16f5e8_dade544d4623411c9c4153c639aae85amv2.webp","contentUrl":"https:\/\/aviator-slotgame.com\/wp-content\/uploads\/16f5e8_dade544d4623411c9c4153c639aae85amv2.webp","width":400,"height":300,"caption":"Aviator"},"image":{"@id":"https:\/\/aviator-slotgame.com\/#\/schema\/logo\/image\/"}}]}},"amp_enabled":true,"_links":{"self":[{"href":"https:\/\/aviator-slotgame.com\/tr\/wp-json\/wp\/v2\/pages\/215","targetHints":{"allow":["GET"]}}],"collection":[{"href":"https:\/\/aviator-slotgame.com\/tr\/wp-json\/wp\/v2\/pages"}],"about":[{"href":"https:\/\/aviator-slotgame.com\/tr\/wp-json\/wp\/v2\/types\/page"}],"author":[{"embeddable":true,"href":"https:\/\/aviator-slotgame.com\/tr\/wp-json\/wp\/v2\/users\/1"}],"replies":[{"embeddable":true,"href":"https:\/\/aviator-slotgame.com\/tr\/wp-json\/wp\/v2\/comments?post=215"}],"version-history":[{"count":6,"href":"https:\/\/aviator-slotgame.com\/tr\/wp-json\/wp\/v2\/pages\/215\/revisions"}],"predecessor-version":[{"id":309,"href":"https:\/\/aviator-slotgame.com\/tr\/wp-json\/wp\/v2\/pages\/215\/revisions\/309"}],"wp:attachment":[{"href":"https:\/\/aviator-slotgame.com\/tr\/wp-json\/wp\/v2\/media?parent=215"}],"curies":[{"name":"wp","href":"https:\/\/api.w.org\/{rel}","templated":true}]}}