{"id":254,"date":"2024-09-06T13:57:42","date_gmt":"2024-09-06T13:57:42","guid":{"rendered":"https:\/\/aviator-slotgame.com\/?page_id=254"},"modified":"2024-10-03T22:49:00","modified_gmt":"2024-10-03T22:49:00","slug":"reviews","status":"publish","type":"page","link":"https:\/\/aviator-slotgame.com\/tr\/reviews\/","title":{"rendered":"Aviator oyununun incelemeleri - Para i\u00e7in \u00e7arp\u0131\u015fma yuvas\u0131ndan izlenimler"},"content":{"rendered":"<div class=\"2cc50155eac92949667cb114f6c245c0\" data-index=\"1\" style=\"float: none; margin:10px 0 10px 0; text-align:center;\">\n<div class=\"custom-play-button\">\r\n<center><a href=\"https:\/\/aviator-slotgame.com\/tr\/play-game\/\" rel=\"nofollow\" target=\"_blank\">\u015eimdi oyna<\/a><br><\/center>\r\n<\/div>\n<\/div>\n<p><img loading=\"lazy\" decoding=\"async\" class=\"alignnone size-full wp-image-259\" src=\"https:\/\/aviator-slotgame.com\/wp-content\/uploads\/Aviator-6-800-x-600-\u043f\u0438\u043a\u0441.-1.jpg\" alt=\"Aviator oyununun incelemeleri\" width=\"800\" height=\"600\" srcset=\"https:\/\/aviator-slotgame.com\/wp-content\/uploads\/Aviator-6-800-x-600-\u043f\u0438\u043a\u0441.-1.jpg 800w, https:\/\/aviator-slotgame.com\/wp-content\/uploads\/Aviator-6-800-x-600-\u043f\u0438\u043a\u0441.-1-300x225.jpg 300w, https:\/\/aviator-slotgame.com\/wp-content\/uploads\/Aviator-6-800-x-600-\u043f\u0438\u043a\u0441.-1-768x576.jpg 768w, https:\/\/aviator-slotgame.com\/wp-content\/uploads\/Aviator-6-800-x-600-\u043f\u0438\u043a\u0441.-1-16x12.jpg 16w\" sizes=\"auto, (max-width: 800px) 100vw, 800px\" \/><\/p>\n<h2>Yorumlar<\/h2>\n<ol>\n<li>Yak\u0131n zamanda Aviator kumar oyununu oynamaya ba\u015flad\u0131m ve \u015fimdiden olduk\u00e7a fazla para kazanmay\u0131 ba\u015fard\u0131m))) T\u00fcm adrenalin severlere tavsiye etti\u011fim \u00e7ok ilgin\u00e7 ve heyecan verici bir deneyim.\u00a0<em>Aleksey, 32 ya\u015f\u0131nda<\/em><\/li>\n<li>Aviator oynamak beni b\u00fcy\u00fcl\u00fcyor! B\u00fcy\u00fcleyici grafikler, ba\u011f\u0131ml\u0131l\u0131k yaratan oynan\u0131\u015f ve b\u00fcy\u00fck kazanma \u015fans\u0131 bu oyunu favorilerimden biri yap\u0131yor.\u00a0<em>Julia, 21 ya\u015f\u0131nda<\/em><\/li>\n<li>Aviator oyunu beni ilk dakikalardan itibaren b\u00fcy\u00fcledi! Heyecan verici s\u00fcre\u00e7ten kendimi al\u0131koyam\u0131yorum ve b\u00fcy\u00fck bir \u00e7arpan yakalaman\u0131n hayalini kuruyorum, bir kez ba\u015fard\u0131m)) Herkese denemesini tavsiye ediyorum!\u00a0<em>Daniel, 29 ya\u015f\u0131nda<\/em><\/li>\n<li>Aviator, heyecan\u0131 ve adrenalini sevenler i\u00e7in harika bir oyundur. Kendinizi nas\u0131l bir pilot gibi hissedebilece\u011finizi ve ayn\u0131 zamanda dengenizi nas\u0131l art\u0131rabilece\u011finizi seviyorum.\u00a0<em>Vladimir, 34 ya\u015f\u0131nda<\/em><\/li>\n<li>Aviator kumar oyunu benim i\u00e7in ger\u00e7ek bir meydan okuma haline geldi. Ve bazen ba\u015far\u0131s\u0131zl\u0131klarla y\u00fczle\u015fmek zorunda kalsan\u0131z da kazanman\u0131n sevinci t\u00fcm zorluklar\u0131n \u00fcstesinden gelir. T\u00fcm kumar severlere tavsiye ederim!\u00a0<em>Svetlana, 24 ya\u015f\u0131nda<\/em><\/li>\n<\/ol>\n\n<div style=\"font-size: 0px; height: 0px; line-height: 0px; margin: 0; padding: 0; clear: both;\"><\/div>","protected":false},"excerpt":{"rendered":"<p>\u0130ncelemeler Yak\u0131n zamanda Aviator kumar oyununu oynamaya ba\u015flad\u0131m ve \u015fimdiden olduk\u00e7a fazla para kazanmay\u0131 ba\u015fard\u0131m))) \u00c7ok ilgin\u00e7 ve heyecan verici bir deneyim<\/p>","protected":false},"author":1,"featured_media":0,"parent":0,"menu_order":0,"comment_status":"closed","ping_status":"closed","template":"","meta":{"footnotes":""},"class_list":["post-254","page","type-page","status-publish","hentry"],"yoast_head":"<!-- This site is optimized with the Yoast SEO plugin v22.0 - https:\/\/yoast.com\/wordpress\/plugins\/seo\/ -->\n<title>\u041e\u0442\u0437\u044b\u0432\u044b \u043e\u0431 \u0438\u0433\u0440\u0435 \u0410\u0432\u0438\u0430\u0442\u043e\u0440 \u2014 \u041c\u043d\u0435\u043d\u0438\u044f \u0438\u0433\u0440\u043e\u043a\u043e\u0432 \u043e \u043a\u0440\u0430\u0448-\u0438\u0433\u0440\u0435<\/title>\n<meta name=\"description\" content=\"\u041f\u0440\u043e\u0447\u0438\u0442\u0430\u0439\u0442\u0435 \u0440\u0435\u0430\u043b\u044c\u043d\u044b\u0435 \u043e\u0442\u0437\u044b\u0432\u044b \u043e\u0442 \u0438\u0433\u0440\u043e\u043a\u043e\u0432 \u043e\u0431 \u0430\u0437\u0430\u0440\u0442\u043d\u043e\u0439 \u0438\u0433\u0440\u0435 \u0410\u0432\u0438\u0430\u0442\u043e\u0440. \u0423\u0437\u043d\u0430\u0439\u0442\u0435, \u043a\u0430\u043a \u0441\u043b\u043e\u0442 \u0410\u0432\u0438\u0430\u0442\u043e\u0440 \u043f\u0440\u0438\u043d\u043e\u0441\u0438\u0442 \u0430\u0434\u0440\u0435\u043d\u0430\u043b\u0438\u043d, \u0430\u0437\u0430\u0440\u0442 \u0438 \u0440\u0435\u0430\u043b\u044c\u043d\u044b\u0435 \u0434\u0435\u043d\u044c\u0433\u0438 \u0432\u044b\u0438\u0433\u0440\u044b\u0448\u0430 \u0432 \u043e\u043d\u043b\u0430\u0439\u043d \u043a\u0430\u0437\u0438\u043d\u043e.\" \/>\n<meta name=\"robots\" content=\"index, follow, max-snippet:-1, max-image-preview:large, max-video-preview:-1\" \/>\n<link rel=\"canonical\" href=\"https:\/\/aviator-slotgame.com\/tr\/reviews\/\" \/>\n<meta property=\"og:locale\" content=\"tr_TR\" \/>\n<meta property=\"og:type\" content=\"article\" \/>\n<meta property=\"og:title\" content=\"\u041e\u0442\u0437\u044b\u0432\u044b \u043e\u0431 \u0438\u0433\u0440\u0435 \u0410\u0432\u0438\u0430\u0442\u043e\u0440 \u2014 \u041c\u043d\u0435\u043d\u0438\u044f \u0438\u0433\u0440\u043e\u043a\u043e\u0432 \u043e \u043a\u0440\u0430\u0448-\u0438\u0433\u0440\u0435\" \/>\n<meta property=\"og:description\" content=\"\u041f\u0440\u043e\u0447\u0438\u0442\u0430\u0439\u0442\u0435 \u0440\u0435\u0430\u043b\u044c\u043d\u044b\u0435 \u043e\u0442\u0437\u044b\u0432\u044b \u043e\u0442 \u0438\u0433\u0440\u043e\u043a\u043e\u0432 \u043e\u0431 \u0430\u0437\u0430\u0440\u0442\u043d\u043e\u0439 \u0438\u0433\u0440\u0435 \u0410\u0432\u0438\u0430\u0442\u043e\u0440. \u0423\u0437\u043d\u0430\u0439\u0442\u0435, \u043a\u0430\u043a \u0441\u043b\u043e\u0442 \u0410\u0432\u0438\u0430\u0442\u043e\u0440 \u043f\u0440\u0438\u043d\u043e\u0441\u0438\u0442 \u0430\u0434\u0440\u0435\u043d\u0430\u043b\u0438\u043d, \u0430\u0437\u0430\u0440\u0442 \u0438 \u0440\u0435\u0430\u043b\u044c\u043d\u044b\u0435 \u0434\u0435\u043d\u044c\u0433\u0438 \u0432\u044b\u0438\u0433\u0440\u044b\u0448\u0430 \u0432 \u043e\u043d\u043b\u0430\u0439\u043d \u043a\u0430\u0437\u0438\u043d\u043e.\" \/>\n<meta property=\"og:url\" content=\"https:\/\/aviator-slotgame.com\/tr\/reviews\/\" \/>\n<meta property=\"og:site_name\" content=\"Aviator\" \/>\n<meta property=\"article:modified_time\" content=\"2024-10-03T22:49:00+00:00\" \/>\n<meta name=\"twitter:card\" content=\"summary_large_image\" \/>\n<meta name=\"twitter:label1\" content=\"Tahmini okuma s\u00fcresi\" \/>\n\t<meta name=\"twitter:data1\" content=\"1 dakika\" \/>\n<script type=\"application\/ld+json\" class=\"yoast-schema-graph\">{\"@context\":\"https:\/\/schema.org\",\"@graph\":[{\"@type\":\"WebPage\",\"@id\":\"https:\/\/aviator-slotgame.com\/reviews\/\",\"url\":\"https:\/\/aviator-slotgame.com\/reviews\/\",\"name\":\"\u041e\u0442\u0437\u044b\u0432\u044b \u043e\u0431 \u0438\u0433\u0440\u0435 \u0410\u0432\u0438\u0430\u0442\u043e\u0440 \u2014 \u041c\u043d\u0435\u043d\u0438\u044f \u0438\u0433\u0440\u043e\u043a\u043e\u0432 \u043e \u043a\u0440\u0430\u0448-\u0438\u0433\u0440\u0435\",\"isPartOf\":{\"@id\":\"https:\/\/aviator-slotgame.com\/#website\"},\"datePublished\":\"2024-09-06T13:57:42+00:00\",\"dateModified\":\"2024-10-03T22:49:00+00:00\",\"description\":\"\u041f\u0440\u043e\u0447\u0438\u0442\u0430\u0439\u0442\u0435 \u0440\u0435\u0430\u043b\u044c\u043d\u044b\u0435 \u043e\u0442\u0437\u044b\u0432\u044b \u043e\u0442 \u0438\u0433\u0440\u043e\u043a\u043e\u0432 \u043e\u0431 \u0430\u0437\u0430\u0440\u0442\u043d\u043e\u0439 \u0438\u0433\u0440\u0435 \u0410\u0432\u0438\u0430\u0442\u043e\u0440. \u0423\u0437\u043d\u0430\u0439\u0442\u0435, \u043a\u0430\u043a \u0441\u043b\u043e\u0442 \u0410\u0432\u0438\u0430\u0442\u043e\u0440 \u043f\u0440\u0438\u043d\u043e\u0441\u0438\u0442 \u0430\u0434\u0440\u0435\u043d\u0430\u043b\u0438\u043d, \u0430\u0437\u0430\u0440\u0442 \u0438 \u0440\u0435\u0430\u043b\u044c\u043d\u044b\u0435 \u0434\u0435\u043d\u044c\u0433\u0438 \u0432\u044b\u0438\u0433\u0440\u044b\u0448\u0430 \u0432 \u043e\u043d\u043b\u0430\u0439\u043d \u043a\u0430\u0437\u0438\u043d\u043e.\",\"breadcrumb\":{\"@id\":\"https:\/\/aviator-slotgame.com\/reviews\/#breadcrumb\"},\"inLanguage\":\"tr\",\"potentialAction\":[{\"@type\":\"ReadAction\",\"target\":[\"https:\/\/aviator-slotgame.com\/reviews\/\"]}]},{\"@type\":\"BreadcrumbList\",\"@id\":\"https:\/\/aviator-slotgame.com\/reviews\/#breadcrumb\",\"itemListElement\":[{\"@type\":\"ListItem\",\"position\":1,\"name\":\"Home\",\"item\":\"https:\/\/aviator-slotgame.com\/\"},{\"@type\":\"ListItem\",\"position\":2,\"name\":\"\u041e\u0442\u0437\u044b\u0432\u044b \u043e\u0431 \u0438\u0433\u0440\u0435 \u0410\u0432\u0438\u0430\u0442\u043e\u0440 \u2014 \u0412\u043f\u0435\u0447\u0430\u0442\u043b\u0435\u043d\u0438\u044f \u043e\u0442 \u043a\u0440\u0430\u0448-\u0441\u043b\u043e\u0442\u0430 \u043d\u0430 \u0434\u0435\u043d\u044c\u0433\u0438\"}]},{\"@type\":\"WebSite\",\"@id\":\"https:\/\/aviator-slotgame.com\/#website\",\"url\":\"https:\/\/aviator-slotgame.com\/\",\"name\":\"Aviator\",\"description\":\"\",\"publisher\":{\"@id\":\"https:\/\/aviator-slotgame.com\/#organization\"},\"potentialAction\":[{\"@type\":\"SearchAction\",\"target\":{\"@type\":\"EntryPoint\",\"urlTemplate\":\"https:\/\/aviator-slotgame.com\/?s={search_term_string}\"},\"query-input\":\"required name=search_term_string\"}],\"inLanguage\":\"tr\"},{\"@type\":\"Organization\",\"@id\":\"https:\/\/aviator-slotgame.com\/#organization\",\"name\":\"Aviator\",\"url\":\"https:\/\/aviator-slotgame.com\/\",\"logo\":{\"@type\":\"ImageObject\",\"inLanguage\":\"tr\",\"@id\":\"https:\/\/aviator-slotgame.com\/#\/schema\/logo\/image\/\",\"url\":\"https:\/\/aviator-slotgame.com\/wp-content\/uploads\/16f5e8_dade544d4623411c9c4153c639aae85amv2.webp\",\"contentUrl\":\"https:\/\/aviator-slotgame.com\/wp-content\/uploads\/16f5e8_dade544d4623411c9c4153c639aae85amv2.webp\",\"width\":400,\"height\":300,\"caption\":\"Aviator\"},\"image\":{\"@id\":\"https:\/\/aviator-slotgame.com\/#\/schema\/logo\/image\/\"}}]}<\/script>\n<!-- \/ Yoast SEO plugin. -->","yoast_head_json":{"title":"\u041e\u0442\u0437\u044b\u0432\u044b \u043e\u0431 \u0438\u0433\u0440\u0435 \u0410\u0432\u0438\u0430\u0442\u043e\u0440 \u2014 \u041c\u043d\u0435\u043d\u0438\u044f \u0438\u0433\u0440\u043e\u043a\u043e\u0432 \u043e \u043a\u0440\u0430\u0448-\u0438\u0433\u0440\u0435","description":"\u041f\u0440\u043e\u0447\u0438\u0442\u0430\u0439\u0442\u0435 \u0440\u0435\u0430\u043b\u044c\u043d\u044b\u0435 \u043e\u0442\u0437\u044b\u0432\u044b \u043e\u0442 \u0438\u0433\u0440\u043e\u043a\u043e\u0432 \u043e\u0431 \u0430\u0437\u0430\u0440\u0442\u043d\u043e\u0439 \u0438\u0433\u0440\u0435 \u0410\u0432\u0438\u0430\u0442\u043e\u0440. \u0423\u0437\u043d\u0430\u0439\u0442\u0435, \u043a\u0430\u043a \u0441\u043b\u043e\u0442 \u0410\u0432\u0438\u0430\u0442\u043e\u0440 \u043f\u0440\u0438\u043d\u043e\u0441\u0438\u0442 \u0430\u0434\u0440\u0435\u043d\u0430\u043b\u0438\u043d, \u0430\u0437\u0430\u0440\u0442 \u0438 \u0440\u0435\u0430\u043b\u044c\u043d\u044b\u0435 \u0434\u0435\u043d\u044c\u0433\u0438 \u0432\u044b\u0438\u0433\u0440\u044b\u0448\u0430 \u0432 \u043e\u043d\u043b\u0430\u0439\u043d \u043a\u0430\u0437\u0438\u043d\u043e.","robots":{"index":"index","follow":"follow","max-snippet":"max-snippet:-1","max-image-preview":"max-image-preview:large","max-video-preview":"max-video-preview:-1"},"canonical":"https:\/\/aviator-slotgame.com\/tr\/reviews\/","og_locale":"tr_TR","og_type":"article","og_title":"\u041e\u0442\u0437\u044b\u0432\u044b \u043e\u0431 \u0438\u0433\u0440\u0435 \u0410\u0432\u0438\u0430\u0442\u043e\u0440 \u2014 \u041c\u043d\u0435\u043d\u0438\u044f \u0438\u0433\u0440\u043e\u043a\u043e\u0432 \u043e \u043a\u0440\u0430\u0448-\u0438\u0433\u0440\u0435","og_description":"\u041f\u0440\u043e\u0447\u0438\u0442\u0430\u0439\u0442\u0435 \u0440\u0435\u0430\u043b\u044c\u043d\u044b\u0435 \u043e\u0442\u0437\u044b\u0432\u044b \u043e\u0442 \u0438\u0433\u0440\u043e\u043a\u043e\u0432 \u043e\u0431 \u0430\u0437\u0430\u0440\u0442\u043d\u043e\u0439 \u0438\u0433\u0440\u0435 \u0410\u0432\u0438\u0430\u0442\u043e\u0440. \u0423\u0437\u043d\u0430\u0439\u0442\u0435, \u043a\u0430\u043a \u0441\u043b\u043e\u0442 \u0410\u0432\u0438\u0430\u0442\u043e\u0440 \u043f\u0440\u0438\u043d\u043e\u0441\u0438\u0442 \u0430\u0434\u0440\u0435\u043d\u0430\u043b\u0438\u043d, \u0430\u0437\u0430\u0440\u0442 \u0438 \u0440\u0435\u0430\u043b\u044c\u043d\u044b\u0435 \u0434\u0435\u043d\u044c\u0433\u0438 \u0432\u044b\u0438\u0433\u0440\u044b\u0448\u0430 \u0432 \u043e\u043d\u043b\u0430\u0439\u043d \u043a\u0430\u0437\u0438\u043d\u043e.","og_url":"https:\/\/aviator-slotgame.com\/tr\/reviews\/","og_site_name":"Aviator","article_modified_time":"2024-10-03T22:49:00+00:00","twitter_card":"summary_large_image","twitter_misc":{"Tahmini okuma s\u00fcresi":"1 dakika"},"schema":{"@context":"https:\/\/schema.org","@graph":[{"@type":"WebPage","@id":"https:\/\/aviator-slotgame.com\/reviews\/","url":"https:\/\/aviator-slotgame.com\/reviews\/","name":"\u041e\u0442\u0437\u044b\u0432\u044b \u043e\u0431 \u0438\u0433\u0440\u0435 \u0410\u0432\u0438\u0430\u0442\u043e\u0440 \u2014 \u041c\u043d\u0435\u043d\u0438\u044f \u0438\u0433\u0440\u043e\u043a\u043e\u0432 \u043e \u043a\u0440\u0430\u0448-\u0438\u0433\u0440\u0435","isPartOf":{"@id":"https:\/\/aviator-slotgame.com\/#website"},"datePublished":"2024-09-06T13:57:42+00:00","dateModified":"2024-10-03T22:49:00+00:00","description":"\u041f\u0440\u043e\u0447\u0438\u0442\u0430\u0439\u0442\u0435 \u0440\u0435\u0430\u043b\u044c\u043d\u044b\u0435 \u043e\u0442\u0437\u044b\u0432\u044b \u043e\u0442 \u0438\u0433\u0440\u043e\u043a\u043e\u0432 \u043e\u0431 \u0430\u0437\u0430\u0440\u0442\u043d\u043e\u0439 \u0438\u0433\u0440\u0435 \u0410\u0432\u0438\u0430\u0442\u043e\u0440. \u0423\u0437\u043d\u0430\u0439\u0442\u0435, \u043a\u0430\u043a \u0441\u043b\u043e\u0442 \u0410\u0432\u0438\u0430\u0442\u043e\u0440 \u043f\u0440\u0438\u043d\u043e\u0441\u0438\u0442 \u0430\u0434\u0440\u0435\u043d\u0430\u043b\u0438\u043d, \u0430\u0437\u0430\u0440\u0442 \u0438 \u0440\u0435\u0430\u043b\u044c\u043d\u044b\u0435 \u0434\u0435\u043d\u044c\u0433\u0438 \u0432\u044b\u0438\u0433\u0440\u044b\u0448\u0430 \u0432 \u043e\u043d\u043b\u0430\u0439\u043d \u043a\u0430\u0437\u0438\u043d\u043e.","breadcrumb":{"@id":"https:\/\/aviator-slotgame.com\/reviews\/#breadcrumb"},"inLanguage":"tr","potentialAction":[{"@type":"ReadAction","target":["https:\/\/aviator-slotgame.com\/reviews\/"]}]},{"@type":"BreadcrumbList","@id":"https:\/\/aviator-slotgame.com\/reviews\/#breadcrumb","itemListElement":[{"@type":"ListItem","position":1,"name":"Home","item":"https:\/\/aviator-slotgame.com\/"},{"@type":"ListItem","position":2,"name":"\u041e\u0442\u0437\u044b\u0432\u044b \u043e\u0431 \u0438\u0433\u0440\u0435 \u0410\u0432\u0438\u0430\u0442\u043e\u0440 \u2014 \u0412\u043f\u0435\u0447\u0430\u0442\u043b\u0435\u043d\u0438\u044f \u043e\u0442 \u043a\u0440\u0430\u0448-\u0441\u043b\u043e\u0442\u0430 \u043d\u0430 \u0434\u0435\u043d\u044c\u0433\u0438"}]},{"@type":"WebSite","@id":"https:\/\/aviator-slotgame.com\/#website","url":"https:\/\/aviator-slotgame.com\/","name":"Aviator","description":"","publisher":{"@id":"https:\/\/aviator-slotgame.com\/#organization"},"potentialAction":[{"@type":"SearchAction","target":{"@type":"EntryPoint","urlTemplate":"https:\/\/aviator-slotgame.com\/?s={search_term_string}"},"query-input":"required name=search_term_string"}],"inLanguage":"tr"},{"@type":"Organization","@id":"https:\/\/aviator-slotgame.com\/#organization","name":"Aviator","url":"https:\/\/aviator-slotgame.com\/","logo":{"@type":"ImageObject","inLanguage":"tr","@id":"https:\/\/aviator-slotgame.com\/#\/schema\/logo\/image\/","url":"https:\/\/aviator-slotgame.com\/wp-content\/uploads\/16f5e8_dade544d4623411c9c4153c639aae85amv2.webp","contentUrl":"https:\/\/aviator-slotgame.com\/wp-content\/uploads\/16f5e8_dade544d4623411c9c4153c639aae85amv2.webp","width":400,"height":300,"caption":"Aviator"},"image":{"@id":"https:\/\/aviator-slotgame.com\/#\/schema\/logo\/image\/"}}]}},"amp_enabled":true,"_links":{"self":[{"href":"https:\/\/aviator-slotgame.com\/tr\/wp-json\/wp\/v2\/pages\/254","targetHints":{"allow":["GET"]}}],"collection":[{"href":"https:\/\/aviator-slotgame.com\/tr\/wp-json\/wp\/v2\/pages"}],"about":[{"href":"https:\/\/aviator-slotgame.com\/tr\/wp-json\/wp\/v2\/types\/page"}],"author":[{"embeddable":true,"href":"https:\/\/aviator-slotgame.com\/tr\/wp-json\/wp\/v2\/users\/1"}],"replies":[{"embeddable":true,"href":"https:\/\/aviator-slotgame.com\/tr\/wp-json\/wp\/v2\/comments?post=254"}],"version-history":[{"count":8,"href":"https:\/\/aviator-slotgame.com\/tr\/wp-json\/wp\/v2\/pages\/254\/revisions"}],"predecessor-version":[{"id":408,"href":"https:\/\/aviator-slotgame.com\/tr\/wp-json\/wp\/v2\/pages\/254\/revisions\/408"}],"wp:attachment":[{"href":"https:\/\/aviator-slotgame.com\/tr\/wp-json\/wp\/v2\/media?parent=254"}],"curies":[{"name":"wp","href":"https:\/\/api.w.org\/{rel}","templated":true}]}}