{"id":26,"date":"2024-01-31T12:57:07","date_gmt":"2024-01-31T12:57:07","guid":{"rendered":"https:\/\/aviator-slotgame.com\/?page_id=26"},"modified":"2024-10-03T23:16:00","modified_gmt":"2024-10-03T23:16:00","slug":"play-for-free","status":"publish","type":"page","link":"https:\/\/aviator-slotgame.com\/tr\/aviator-demosunu-ucretsiz-olarak-oynama\/","title":{"rendered":"Aviator demosunu \u00fccretsiz oynama"},"content":{"rendered":"<div class=\"2cc50155eac92949667cb114f6c245c0\" data-index=\"1\" style=\"float: none; margin:10px 0 10px 0; text-align:center;\">\n<div class=\"custom-play-button\">\r\n<center><a href=\"https:\/\/aviator-slotgame.com\/tr\/play-game\/\" rel=\"nofollow\" target=\"_blank\">\u015eimdi oyna<\/a><br><\/center>\r\n<\/div>\n<\/div>\n<p>Spribe&#039;\u0131n Aviator oyunu, oyuncular\u0131n y\u00fckseklere u\u00e7arken kazanman\u0131n heyecan\u0131n\u0131 ya\u015famalar\u0131na olanak tan\u0131yan yeni ve heyecan verici bir casino oyunudur. Oyunun demo s\u00fcr\u00fcm\u00fc oyunculara oyunu \u00fccretsiz olarak deneme \u015fans\u0131 verirken, tam s\u00fcr\u00fcm\u00fc de bir\u00e7ok \u00f6nde gelen casino sitesinde mevcuttur. \u00dccretsiz Aviator demosu, tam s\u00fcr\u00fcme para harcamadan \u00f6nce oyunu nas\u0131l oynayaca\u011f\u0131n\u0131z\u0131 \u00f6\u011frenmenin harika bir yoludur ve hi\u00e7 para harcamadan \u00e7evrimi\u00e7i vakit ge\u00e7irmenin e\u011flenceli bir yoludur.<\/p>\n<p>Bunu yapmak i\u00e7in resmi Aviator web sitesine gitmeniz ve demo oyun modunu se\u00e7meniz gerekir. Demo versiyonunda ger\u00e7ek para yat\u0131rman\u0131za gerek kalmadan oynayabilir ve sadece oyunun tad\u0131n\u0131 \u00e7\u0131karabilirsiniz.<\/p>\n<p><img loading=\"lazy\" decoding=\"async\" title=\"Aviator demosunu oyna\" src=\"https:\/\/aviator-slotgame.com\/wp-content\/uploads\/aviator-3.png\" alt=\"Aviator demosunu \u00fccretsiz oynama\" width=\"800\" height=\"445\" \/><\/p>\n<h2>Ana \u00d6zellikler<\/h2>\n<p>Demo s\u00fcr\u00fcm\u00fc size bir\u00e7ok \u00f6nemli oyun mekani\u011fini tan\u0131tacakt\u0131r. \u00d6nce \u00fccretsiz pratik yaparak oyunun nas\u0131l \u00e7al\u0131\u015ft\u0131\u011f\u0131n\u0131 daha iyi anlayacak ve ger\u00e7ek parayla oynarken kazanc\u0131n\u0131z\u0131 en \u00fcst d\u00fczeye \u00e7\u0131karabileceksiniz. Aviator demosu ayr\u0131ca herhangi bir nakit veya kredi harcamadan biraz e\u011flenmenin harika bir yoludur.<\/p><div class=\"2cc50155eac92949667cb114f6c245c0\" data-index=\"1\" style=\"float: none; margin:10px 0 10px 0; text-align:center;\">\n<div class=\"custom-play-button\">\r\n<center><a href=\"https:\/\/aviator-slotgame.com\/tr\/play-game\/\" rel=\"nofollow\" target=\"_blank\">\u015eimdi oyna<\/a><br><\/center>\r\n<\/div>\n<\/div>\n\n<h3>\u00c7ift a\u015fa\u011f\u0131 d\u00fc\u011fmeler<\/h3>\n<p>Bu d\u00fc\u011fmeler, oranlar lehinize oldu\u011funda bahisinizi ikiye katlama f\u0131rsat\u0131 verir. Bu kazanc\u0131n\u0131z\u0131 art\u0131rabilir ancak ayn\u0131 zamanda risk fakt\u00f6r\u00fcn\u00fc de art\u0131r\u0131r.<\/p>\n<p>Ger\u00e7ek site kredilerini riske atmadan \u00f6nce demo s\u00fcr\u00fcm\u00fcnde her iki d\u00fc\u011fmeyi de kullanarak pratik yapman\u0131z\u0131 \u00f6neririz. Aviator u\u00e7a\u011f\u0131 2. butona bast\u0131\u011f\u0131n\u0131z anda u\u00e7up gidebilir. En iyi Aviator oyuncular\u0131 her iki bahsi de bir saniye i\u00e7inde bozdurabilir.<\/p>\n<h3>Liderler S\u0131ralamas\u0131<\/h3>\n<p>Bu \u00f6zellik, bahislerinizin di\u011fer oyuncularla kar\u015f\u0131la\u015ft\u0131r\u0131ld\u0131\u011f\u0131nda ger\u00e7ek zamanl\u0131 olarak ne kadar iyi oldu\u011funa dair size bir fikir verir! Bu, as\u0131l oyuna ba\u015flad\u0131\u011f\u0131n\u0131zda motive kalman\u0131n harika bir yoludur. Demoda bu oyuncular sim\u00fcle edilmi\u015ftir ancak nelere dikkat etmeniz gerekti\u011fi konusunda fikir edinebilirsiniz.<\/p>\n<h3>Bahis ve kazanma limitleri<\/h3>\n<p>Aviator demosu, yapabilece\u011finiz maksimum ve minimum bahislerin neler oldu\u011funu ve \u015fans\u0131n size ne kadar para getirece\u011fini \u00f6\u011frenmek i\u00e7in iyi bir yerdir. Bu bilgi iki nedenden dolay\u0131 son derece \u00f6nemlidir. \u00d6ncelikle tam s\u00fcr\u00fcm\u00fc oynarken oyununuzun s\u0131n\u0131rlar\u0131n\u0131 bilebilecek ve bu s\u0131n\u0131rlar\u0131n d\u0131\u015f\u0131na \u00e7\u0131kamayacaks\u0131n\u0131z. \u0130kinci olarak \u00e7arpan artmaya ba\u015flad\u0131\u011f\u0131nda ne bekleyece\u011finizi bilebilirsiniz.<\/p>\n<table>\n<tbody>\n<tr>\n<td><strong>OYUN L\u0130M\u0130TLER\u0130<\/strong><\/td>\n<\/tr>\n<tr>\n<td><strong>Minimum teklif<\/strong><\/td>\n<td>0.10<\/td>\n<\/tr>\n<tr>\n<td><strong>Maksimum bahis<\/strong><\/td>\n<td>100<\/td>\n<\/tr>\n<tr>\n<td><strong>Maksimum kazan\u00e7<\/strong><\/td>\n<td>10,000<\/td>\n<\/tr>\n<\/tbody>\n<\/table>\n<p><img loading=\"lazy\" decoding=\"async\" src=\"https:\/\/aviator-slotgame.com\/wp-content\/uploads\/Aviator-12-800-x-600-\u043f\u0438\u043a\u0441.jpg\" alt=\"Bahisler ve kazan\u00e7lar\" width=\"800\" height=\"600\" \/><\/p>\n<h3>Otomatik oynatma<\/h3>\n<p>Otomatik oyun, belirtti\u011finiz ayarlara g\u00f6re otomatik olarak bahis koyar ve sizin ad\u0131n\u0131za para \u00f6der. Bu, Aviator oyunu sizin i\u00e7in i\u015fi yaparken arkan\u0131za yaslan\u0131p rahatlaman\u0131za olanak tan\u0131r. E\u011flence ve pratik i\u00e7in oyun, oyuncular\u0131n farkl\u0131 ayar kombinasyonlar\u0131n\u0131 denemesine olanak tan\u0131yacak.<\/p>\n<p>Aviator&#039;\u0131n demo s\u00fcr\u00fcm\u00fcnde a\u015fa\u011f\u0131daki otomatik oynatma se\u00e7enekleri mevcuttur:<\/p>\n<ul>\n<li>Nakit azaltma limiti<\/li>\n<li>Kazanma limiti<\/li>\n<li>Galibiyet ba\u015f\u0131na limit<\/li>\n<li>Nakit \u00f6deme \u00e7arpan\u0131<\/li>\n<\/ul>\n<p><img loading=\"lazy\" decoding=\"async\" src=\"https:\/\/aviator-slotgame.com\/wp-content\/uploads\/Aviator-15-800-x-600-\u043f\u0438\u043a\u0441.jpg\" alt=\"Aviator&#039;da otomatik oynatma\" width=\"800\" height=\"600\" \/><\/p>\n<h2>Demo s\u00fcr\u00fcm\u00fcnde bulunmayan \u00f6zellikler<\/h2>\n<p>Aviator demosunda hayati bir \u00f6zellik eksik. Basit\u00e7e modellenemez.<\/p>\n<h3>Oyuncular sohbeti<\/h3>\n<p>Aviator&#039;\u0131n tam s\u00fcr\u00fcm\u00fcnde oyuncular stratejiyi tart\u0131\u015fmak, \u00e7arpanlar\u0131 k\u00f6t\u00fcye kullanmak, ipu\u00e7lar\u0131n\u0131 ve p\u00fcf noktalar\u0131n\u0131 payla\u015fmak, son b\u00fcy\u00fck kazan\u00e7larla \u00f6v\u00fcnmek ve birbirleriyle sohbet etmek i\u00e7in oyun i\u00e7i sohbet sistemine eri\u015febilirler. Bu \u00f6zellik demo s\u00fcr\u00fcm\u00fcnde mevcut de\u011fildir.<\/p>\n<p>Di\u011fer oyuncularla ileti\u015fim kurma prati\u011fi yapamayabilirsiniz ancak bu, canl\u0131 bir oyunun en \u00f6nemli y\u00f6nlerinden biridir. Bu, di\u011fer oyuncularla ili\u015fkiler kurman\u0131n ve oyun hakk\u0131nda daha fazla bilgi edinmenin harika bir yoludur.<\/p>\n<h2>Ger\u00e7ek oyunla kar\u015f\u0131la\u015ft\u0131r\u0131ld\u0131\u011f\u0131nda Aviator&#039;\u0131n \u00fccretsiz demosu<\/h2>\n<p>Aviator demosu, oyunun farkl\u0131 stratejiler denemenize ve pratik yapman\u0131za olanak tan\u0131yan \u00fccretsiz bir s\u00fcr\u00fcm\u00fcd\u00fcr. Demo s\u00fcr\u00fcm\u00fc, tam s\u00fcr\u00fcmde bulunan t\u00fcm \u00f6zellikleri i\u00e7erir, ancak baz\u0131 s\u0131n\u0131rlamalara sahiptir. \u00d6rne\u011fin Aviator&#039;\u0131n demo s\u00fcr\u00fcm\u00fcnde ger\u00e7ek para kazanamaz veya \u00f6d\u00fcller kazanamazs\u0131n\u0131z. Ancak demo versiyonunu oynamaktan ho\u015flan\u0131yorsan\u0131z ve bu heyecan verici oyunun daha fazla \u00f6zelli\u011fini deneyimlemek istiyorsan\u0131z, istedi\u011finiz zaman ger\u00e7ek oyunu oynamaya devam edebilirsiniz.<\/p>\n<p>Aviator&#039;\u0131n demo s\u00fcr\u00fcm\u00fc, nas\u0131l daha verimli oynayaca\u011f\u0131n\u0131z\u0131 anlaman\u0131za yard\u0131mc\u0131 olacak \u00e7e\u015fitli e\u011fitimler ve ipu\u00e7lar\u0131yla birlikte gelir. Yeni oyuncular i\u00e7in anla\u015f\u0131lmas\u0131 kolay rehberlik sa\u011flayarak ve yeni teknikler \u00f6\u011freterek genel oyun deneyiminizi geli\u015ftirmenize yard\u0131mc\u0131 olacaklar. Ayr\u0131ca bu turlardan olu\u015fturulan RNG (Rastgele Say\u0131 \u00dcreteci) verilerini de g\u00f6r\u00fcnt\u00fcleyerek Spribe&#039;\u0131n kripto teknolojisine daha a\u015fina olman\u0131z\u0131 sa\u011flayabilirsiniz.<\/p>\n<table>\n<tbody>\n<tr>\n<td><strong>HAVACI DEMOSU<\/strong><\/td>\n<td><strong>CANLI OYUN \u201cHAVACI\u201d<\/strong><\/td>\n<\/tr>\n<tr>\n<td>Bedava Oyna<\/td>\n<td>Site kredisi gerekli<\/td>\n<\/tr>\n<tr>\n<td>Canl\u0131 sohbet yok<\/td>\n<td>T\u00fcm oyuncularla sohbet edin<\/td>\n<\/tr>\n<tr>\n<td>Kazan\u00e7 yok<\/td>\n<td>Kazanmak \u00e7arpana ba\u011fl\u0131d\u0131r<\/td>\n<\/tr>\n<tr>\n<td>Resmi Spribe web sitesinde oynayabilirsiniz<\/td>\n<td>Yaln\u0131zca lisansl\u0131 \u00e7evrimi\u00e7i kumarhanelerde mevcuttur<\/td>\n<\/tr>\n<tr>\n<td>Liderlik tablosunda sim\u00fcle edilmi\u015f oyuncular<\/td>\n<td>Ger\u00e7ek oyuncular bahis oynar<\/td>\n<\/tr>\n<\/tbody>\n<\/table>\n<p>\u00d6nce Aviator demosunu oynayarak, di\u011fer oyuncularla kar\u015f\u0131la\u015fmadan \u00f6nce becerilerinizi geli\u015ftirebilir ve belki de ger\u00e7ekten kazanabilirsiniz!<\/p>\n<p><img loading=\"lazy\" decoding=\"async\" src=\"https:\/\/aviator-slotgame.com\/wp-content\/uploads\/Aviator-11-800-x-600-\u043f\u0438\u043a\u0441.jpg\" alt=\"Aviator&#039;da demo s\u00fcr\u00fcm\u00fc\" width=\"800\" height=\"600\" \/><\/p>\n<h2>Aviator oyununun demo versiyonu<\/h2>\n<p>Neden herkes \u00f6ncelikle Aviator oyununun demo versiyonunu tan\u0131man\u0131z\u0131 tavsiye ediyor?<\/p>\n<ol>\n<li><strong>Oyuna giri\u015f:<\/strong> Aviator oyununun \u00fccretsiz s\u00fcr\u00fcm\u00fc, oyuncular\u0131n paralar\u0131n\u0131 riske atmadan oynan\u0131\u015fa, oyun kurallar\u0131na ve slot i\u015flevlerine a\u015fina olmalar\u0131na yard\u0131mc\u0131 olur.<\/li>\n<li><strong>Pratik:<\/strong> \u00dccretsiz s\u00fcr\u00fcm\u00fc oynamak, oyuncular\u0131n ger\u00e7ek parayla oynamadan \u00f6nce pratik yapmalar\u0131na ve becerilerini geli\u015ftirmelerine olanak tan\u0131r.<\/li>\n<li><strong>\u0130lgi Puan\u0131:<\/strong> \u00dccretsiz s\u00fcr\u00fcm\u00fc oynayarak oyunun ne kadar ilgin\u00e7 ve heyecan verici oldu\u011funu de\u011ferlendirebilirsiniz, bu da ger\u00e7ek parayla oynamaya devam edip etmeyece\u011finize karar vermenize yard\u0131mc\u0131 olacakt\u0131r.<\/li>\n<li><strong>Finansal olmayan riskler:<\/strong> \u00dccretsiz s\u00fcr\u00fcm, bahislerin sanal paraya yat\u0131r\u0131lmas\u0131 nedeniyle oyuncu i\u00e7in finansal riskleri ortadan kald\u0131r\u0131r ve bu da oyunun stres olmadan keyfini \u00e7\u0131karman\u0131za olanak tan\u0131r.<\/li>\n<li><strong>E\u011flence:<\/strong> Aviator&#039;\u0131n \u00fccretsiz s\u00fcr\u00fcm\u00fcn\u00fc oynamak, para yat\u0131rman\u0131za gerek kalmadan e\u011flenmenin ve zaman ge\u00e7irmenin harika bir yolu olabilir.<\/li>\n<\/ol>\n<p><img loading=\"lazy\" decoding=\"async\" src=\"https:\/\/aviator-slotgame.com\/wp-content\/uploads\/Aviator-30-800-x-600-\u043f\u0438\u043a\u0441.jpg\" alt=\"Demo oyunu Aviator\" width=\"800\" height=\"600\" \/><\/p>\n<h2>Aviator oyununun demo versiyonunu nerede bulabilirim?<\/h2>\n<p>\u00c7evrimi\u00e7i Aviator oyununun demo versiyonunu nas\u0131l bulaca\u011f\u0131n\u0131za dair ayr\u0131nt\u0131l\u0131 talimatlar:<\/p>\n<ol>\n<li>Cihaz\u0131n\u0131z\u0131n internet taray\u0131c\u0131s\u0131n\u0131 a\u00e7\u0131n ve oynamak istedi\u011finiz casinonun resmi web sitesine gidin.<\/li>\n<li>Sitede zaten bir hesab\u0131n\u0131z varsa kimlik bilgilerinizi kullanarak giri\u015f yap\u0131n. Hen\u00fcz bir hesab\u0131n\u0131z yoksa, casino web sitesine kaydolun.<\/li>\n<li>Siteye girdikten sonra \u00e7arp\u0131\u015fma oyunlar\u0131n\u0131n oldu\u011fu b\u00f6l\u00fcm\u00fc bulun veya arama \u00e7ubu\u011funu kullan\u0131n. Genellikle oyunlar\u0131n demo versiyonlar\u0131 Oyunlar b\u00f6l\u00fcm\u00fcnde sa\u011flan\u0131r.<\/li>\n<li>Sunulan se\u00e7enekler aras\u0131ndan Aviator oyununu bulun ve \u00fczerine t\u0131klay\u0131n.<\/li>\n<li>Oyun bilgilerinde genellikle Oynat veya Demo d\u00fc\u011fmesini bulacaks\u0131n\u0131z. Aviator oyununun demo modunu ba\u015flatmak i\u00e7in bu butona t\u0131klay\u0131n.<\/li>\n<li>Oyunun demo versiyonu indirilecek ve ger\u00e7ek parayla bahis oynaman\u0131za gerek kalmadan oynamaya ba\u015flayabilirsiniz. Demo modunda, Aviator Crash oyununu oynamak i\u00e7in casino taraf\u0131ndan sa\u011flanan sanal paray\u0131 kullanacaks\u0131n\u0131z.<\/li>\n<\/ol>\n<p>B\u00f6ylece bu ad\u0131mlar\u0131 takip ederek Aviator oyununun demo versiyonunu casinonun resmi web sitesinde kolayca bulabilir ve oynayabilirsiniz.<\/p>\n<p><img loading=\"lazy\" decoding=\"async\" src=\"https:\/\/aviator-slotgame.com\/wp-content\/uploads\/Aviator-31-800-x-600-\u043f\u0438\u043a\u0441.jpg\" alt=\"Aviator demo oyununu bulun\" width=\"800\" height=\"600\" \/><\/p>\n\n<div style=\"font-size: 0px; height: 0px; line-height: 0px; margin: 0; padding: 0; clear: both;\"><\/div>","protected":false},"excerpt":{"rendered":"<p>Spribe&#039;s Aviator, oyuncular\u0131n kazanman\u0131n heyecan\u0131n\u0131 ya\u015famas\u0131na olanak tan\u0131yan yeni ve heyecan verici bir casino oyunudur<\/p>","protected":false},"author":1,"featured_media":0,"parent":0,"menu_order":0,"comment_status":"closed","ping_status":"closed","template":"","meta":{"footnotes":""},"class_list":["post-26","page","type-page","status-publish","hentry"],"yoast_head":"<!-- This site is optimized with the Yoast SEO plugin v22.0 - https:\/\/yoast.com\/wordpress\/plugins\/seo\/ -->\n<title>\u0414\u0435\u043c\u043e-\u0432\u0435\u0440\u0441\u0438\u044f \u0438\u0433\u0440\u044b \u0410\u0432\u0438\u0430\u0442\u043e\u0440 \u2014 \u0418\u0433\u0440\u0430\u0439\u0442\u0435 \u0432 \u043a\u0440\u0430\u0448-\u0441\u043b\u043e\u0442 \u0431\u0435\u0441\u043f\u043b\u0430\u0442\u043d\u043e<\/title>\n<meta name=\"description\" content=\"\u0418\u0433\u0440\u0430\u0439 \u0432 \u0434\u0435\u043c\u043e-\u0432\u0435\u0440\u0441\u0438\u044e \u0410\u0432\u0438\u0430\u0442\u043e\u0440 \u0431\u0435\u0441\u043f\u043b\u0430\u0442\u043d\u043e. \u0422\u0440\u0435\u043d\u0438\u0440\u0443\u0439\u0441\u044f \u0431\u0435\u0437 \u0434\u0435\u043d\u0435\u0433 \u0432 \u043a\u0440\u0430\u0448-\u0441\u043b\u043e\u0442\u0435 \u043e\u0442 Spribe \u043f\u0435\u0440\u0435\u0434 \u0438\u0433\u0440\u043e\u0439 \u043d\u0430 \u0440\u0435\u0430\u043b\u044c\u043d\u044b\u0435 \u0434\u0435\u043d\u044c\u0433\u0438 \u0432 \u043e\u043d\u043b\u0430\u0439\u043d \u043a\u0430\u0437\u0438\u043d\u043e.\" \/>\n<meta name=\"robots\" content=\"index, follow, max-snippet:-1, max-image-preview:large, max-video-preview:-1\" \/>\n<link rel=\"canonical\" href=\"https:\/\/aviator-slotgame.com\/tr\/aviator-demosunu-ucretsiz-olarak-oynama\/\" \/>\n<meta property=\"og:locale\" content=\"tr_TR\" \/>\n<meta property=\"og:type\" content=\"article\" \/>\n<meta property=\"og:title\" content=\"\u0414\u0435\u043c\u043e-\u0432\u0435\u0440\u0441\u0438\u044f \u0438\u0433\u0440\u044b \u0410\u0432\u0438\u0430\u0442\u043e\u0440 \u2014 \u0418\u0433\u0440\u0430\u0439\u0442\u0435 \u0432 \u043a\u0440\u0430\u0448-\u0441\u043b\u043e\u0442 \u0431\u0435\u0441\u043f\u043b\u0430\u0442\u043d\u043e\" \/>\n<meta property=\"og:description\" content=\"\u0418\u0433\u0440\u0430\u0439 \u0432 \u0434\u0435\u043c\u043e-\u0432\u0435\u0440\u0441\u0438\u044e \u0410\u0432\u0438\u0430\u0442\u043e\u0440 \u0431\u0435\u0441\u043f\u043b\u0430\u0442\u043d\u043e. \u0422\u0440\u0435\u043d\u0438\u0440\u0443\u0439\u0441\u044f \u0431\u0435\u0437 \u0434\u0435\u043d\u0435\u0433 \u0432 \u043a\u0440\u0430\u0448-\u0441\u043b\u043e\u0442\u0435 \u043e\u0442 Spribe \u043f\u0435\u0440\u0435\u0434 \u0438\u0433\u0440\u043e\u0439 \u043d\u0430 \u0440\u0435\u0430\u043b\u044c\u043d\u044b\u0435 \u0434\u0435\u043d\u044c\u0433\u0438 \u0432 \u043e\u043d\u043b\u0430\u0439\u043d \u043a\u0430\u0437\u0438\u043d\u043e.\" \/>\n<meta property=\"og:url\" content=\"https:\/\/aviator-slotgame.com\/tr\/aviator-demosunu-ucretsiz-olarak-oynama\/\" \/>\n<meta property=\"og:site_name\" content=\"Aviator\" \/>\n<meta property=\"article:modified_time\" content=\"2024-10-03T23:16:00+00:00\" \/>\n<meta property=\"og:image\" content=\"https:\/\/aviator-slotgame.com\/wp-content\/uploads\/aviator-3.png\" \/>\n<meta name=\"twitter:card\" content=\"summary_large_image\" \/>\n<meta name=\"twitter:label1\" content=\"Tahmini okuma s\u00fcresi\" \/>\n\t<meta name=\"twitter:data1\" content=\"6 dakika\" \/>\n<script type=\"application\/ld+json\" class=\"yoast-schema-graph\">{\"@context\":\"https:\/\/schema.org\",\"@graph\":[{\"@type\":\"WebPage\",\"@id\":\"https:\/\/aviator-slotgame.com\/play-for-free\/\",\"url\":\"https:\/\/aviator-slotgame.com\/play-for-free\/\",\"name\":\"\u0414\u0435\u043c\u043e-\u0432\u0435\u0440\u0441\u0438\u044f \u0438\u0433\u0440\u044b \u0410\u0432\u0438\u0430\u0442\u043e\u0440 \u2014 \u0418\u0433\u0440\u0430\u0439\u0442\u0435 \u0432 \u043a\u0440\u0430\u0448-\u0441\u043b\u043e\u0442 \u0431\u0435\u0441\u043f\u043b\u0430\u0442\u043d\u043e\",\"isPartOf\":{\"@id\":\"https:\/\/aviator-slotgame.com\/#website\"},\"datePublished\":\"2024-01-31T12:57:07+00:00\",\"dateModified\":\"2024-10-03T23:16:00+00:00\",\"description\":\"\u0418\u0433\u0440\u0430\u0439 \u0432 \u0434\u0435\u043c\u043e-\u0432\u0435\u0440\u0441\u0438\u044e \u0410\u0432\u0438\u0430\u0442\u043e\u0440 \u0431\u0435\u0441\u043f\u043b\u0430\u0442\u043d\u043e. \u0422\u0440\u0435\u043d\u0438\u0440\u0443\u0439\u0441\u044f \u0431\u0435\u0437 \u0434\u0435\u043d\u0435\u0433 \u0432 \u043a\u0440\u0430\u0448-\u0441\u043b\u043e\u0442\u0435 \u043e\u0442 Spribe \u043f\u0435\u0440\u0435\u0434 \u0438\u0433\u0440\u043e\u0439 \u043d\u0430 \u0440\u0435\u0430\u043b\u044c\u043d\u044b\u0435 \u0434\u0435\u043d\u044c\u0433\u0438 \u0432 \u043e\u043d\u043b\u0430\u0439\u043d \u043a\u0430\u0437\u0438\u043d\u043e.\",\"breadcrumb\":{\"@id\":\"https:\/\/aviator-slotgame.com\/play-for-free\/#breadcrumb\"},\"inLanguage\":\"tr\",\"potentialAction\":[{\"@type\":\"ReadAction\",\"target\":[\"https:\/\/aviator-slotgame.com\/play-for-free\/\"]}]},{\"@type\":\"BreadcrumbList\",\"@id\":\"https:\/\/aviator-slotgame.com\/play-for-free\/#breadcrumb\",\"itemListElement\":[{\"@type\":\"ListItem\",\"position\":1,\"name\":\"Home\",\"item\":\"https:\/\/aviator-slotgame.com\/\"},{\"@type\":\"ListItem\",\"position\":2,\"name\":\"\u041a\u0430\u043a \u0438\u0433\u0440\u0430\u0442\u044c \u0432 \u0434\u0435\u043c\u043e-\u0432\u0435\u0440\u0441\u0438\u044e \u0410\u0432\u0438\u0430\u0442\u043e\u0440\u0430 \u0431\u0435\u0441\u043f\u043b\u0430\u0442\u043d\u043e\"}]},{\"@type\":\"WebSite\",\"@id\":\"https:\/\/aviator-slotgame.com\/#website\",\"url\":\"https:\/\/aviator-slotgame.com\/\",\"name\":\"Aviator\",\"description\":\"\",\"publisher\":{\"@id\":\"https:\/\/aviator-slotgame.com\/#organization\"},\"potentialAction\":[{\"@type\":\"SearchAction\",\"target\":{\"@type\":\"EntryPoint\",\"urlTemplate\":\"https:\/\/aviator-slotgame.com\/?s={search_term_string}\"},\"query-input\":\"required name=search_term_string\"}],\"inLanguage\":\"tr\"},{\"@type\":\"Organization\",\"@id\":\"https:\/\/aviator-slotgame.com\/#organization\",\"name\":\"Aviator\",\"url\":\"https:\/\/aviator-slotgame.com\/\",\"logo\":{\"@type\":\"ImageObject\",\"inLanguage\":\"tr\",\"@id\":\"https:\/\/aviator-slotgame.com\/#\/schema\/logo\/image\/\",\"url\":\"https:\/\/aviator-slotgame.com\/wp-content\/uploads\/16f5e8_dade544d4623411c9c4153c639aae85amv2.webp\",\"contentUrl\":\"https:\/\/aviator-slotgame.com\/wp-content\/uploads\/16f5e8_dade544d4623411c9c4153c639aae85amv2.webp\",\"width\":400,\"height\":300,\"caption\":\"Aviator\"},\"image\":{\"@id\":\"https:\/\/aviator-slotgame.com\/#\/schema\/logo\/image\/\"}}]}<\/script>\n<!-- \/ Yoast SEO plugin. -->","yoast_head_json":{"title":"\u0414\u0435\u043c\u043e-\u0432\u0435\u0440\u0441\u0438\u044f \u0438\u0433\u0440\u044b \u0410\u0432\u0438\u0430\u0442\u043e\u0440 \u2014 \u0418\u0433\u0440\u0430\u0439\u0442\u0435 \u0432 \u043a\u0440\u0430\u0448-\u0441\u043b\u043e\u0442 \u0431\u0435\u0441\u043f\u043b\u0430\u0442\u043d\u043e","description":"\u0418\u0433\u0440\u0430\u0439 \u0432 \u0434\u0435\u043c\u043e-\u0432\u0435\u0440\u0441\u0438\u044e \u0410\u0432\u0438\u0430\u0442\u043e\u0440 \u0431\u0435\u0441\u043f\u043b\u0430\u0442\u043d\u043e. \u0422\u0440\u0435\u043d\u0438\u0440\u0443\u0439\u0441\u044f \u0431\u0435\u0437 \u0434\u0435\u043d\u0435\u0433 \u0432 \u043a\u0440\u0430\u0448-\u0441\u043b\u043e\u0442\u0435 \u043e\u0442 Spribe \u043f\u0435\u0440\u0435\u0434 \u0438\u0433\u0440\u043e\u0439 \u043d\u0430 \u0440\u0435\u0430\u043b\u044c\u043d\u044b\u0435 \u0434\u0435\u043d\u044c\u0433\u0438 \u0432 \u043e\u043d\u043b\u0430\u0439\u043d \u043a\u0430\u0437\u0438\u043d\u043e.","robots":{"index":"index","follow":"follow","max-snippet":"max-snippet:-1","max-image-preview":"max-image-preview:large","max-video-preview":"max-video-preview:-1"},"canonical":"https:\/\/aviator-slotgame.com\/tr\/aviator-demosunu-ucretsiz-olarak-oynama\/","og_locale":"tr_TR","og_type":"article","og_title":"\u0414\u0435\u043c\u043e-\u0432\u0435\u0440\u0441\u0438\u044f \u0438\u0433\u0440\u044b \u0410\u0432\u0438\u0430\u0442\u043e\u0440 \u2014 \u0418\u0433\u0440\u0430\u0439\u0442\u0435 \u0432 \u043a\u0440\u0430\u0448-\u0441\u043b\u043e\u0442 \u0431\u0435\u0441\u043f\u043b\u0430\u0442\u043d\u043e","og_description":"\u0418\u0433\u0440\u0430\u0439 \u0432 \u0434\u0435\u043c\u043e-\u0432\u0435\u0440\u0441\u0438\u044e \u0410\u0432\u0438\u0430\u0442\u043e\u0440 \u0431\u0435\u0441\u043f\u043b\u0430\u0442\u043d\u043e. \u0422\u0440\u0435\u043d\u0438\u0440\u0443\u0439\u0441\u044f \u0431\u0435\u0437 \u0434\u0435\u043d\u0435\u0433 \u0432 \u043a\u0440\u0430\u0448-\u0441\u043b\u043e\u0442\u0435 \u043e\u0442 Spribe \u043f\u0435\u0440\u0435\u0434 \u0438\u0433\u0440\u043e\u0439 \u043d\u0430 \u0440\u0435\u0430\u043b\u044c\u043d\u044b\u0435 \u0434\u0435\u043d\u044c\u0433\u0438 \u0432 \u043e\u043d\u043b\u0430\u0439\u043d \u043a\u0430\u0437\u0438\u043d\u043e.","og_url":"https:\/\/aviator-slotgame.com\/tr\/aviator-demosunu-ucretsiz-olarak-oynama\/","og_site_name":"Aviator","article_modified_time":"2024-10-03T23:16:00+00:00","og_image":[{"url":"https:\/\/aviator-slotgame.com\/wp-content\/uploads\/aviator-3.png"}],"twitter_card":"summary_large_image","twitter_misc":{"Tahmini okuma s\u00fcresi":"6 dakika"},"schema":{"@context":"https:\/\/schema.org","@graph":[{"@type":"WebPage","@id":"https:\/\/aviator-slotgame.com\/play-for-free\/","url":"https:\/\/aviator-slotgame.com\/play-for-free\/","name":"\u0414\u0435\u043c\u043e-\u0432\u0435\u0440\u0441\u0438\u044f \u0438\u0433\u0440\u044b \u0410\u0432\u0438\u0430\u0442\u043e\u0440 \u2014 \u0418\u0433\u0440\u0430\u0439\u0442\u0435 \u0432 \u043a\u0440\u0430\u0448-\u0441\u043b\u043e\u0442 \u0431\u0435\u0441\u043f\u043b\u0430\u0442\u043d\u043e","isPartOf":{"@id":"https:\/\/aviator-slotgame.com\/#website"},"datePublished":"2024-01-31T12:57:07+00:00","dateModified":"2024-10-03T23:16:00+00:00","description":"\u0418\u0433\u0440\u0430\u0439 \u0432 \u0434\u0435\u043c\u043e-\u0432\u0435\u0440\u0441\u0438\u044e \u0410\u0432\u0438\u0430\u0442\u043e\u0440 \u0431\u0435\u0441\u043f\u043b\u0430\u0442\u043d\u043e. \u0422\u0440\u0435\u043d\u0438\u0440\u0443\u0439\u0441\u044f \u0431\u0435\u0437 \u0434\u0435\u043d\u0435\u0433 \u0432 \u043a\u0440\u0430\u0448-\u0441\u043b\u043e\u0442\u0435 \u043e\u0442 Spribe \u043f\u0435\u0440\u0435\u0434 \u0438\u0433\u0440\u043e\u0439 \u043d\u0430 \u0440\u0435\u0430\u043b\u044c\u043d\u044b\u0435 \u0434\u0435\u043d\u044c\u0433\u0438 \u0432 \u043e\u043d\u043b\u0430\u0439\u043d \u043a\u0430\u0437\u0438\u043d\u043e.","breadcrumb":{"@id":"https:\/\/aviator-slotgame.com\/play-for-free\/#breadcrumb"},"inLanguage":"tr","potentialAction":[{"@type":"ReadAction","target":["https:\/\/aviator-slotgame.com\/play-for-free\/"]}]},{"@type":"BreadcrumbList","@id":"https:\/\/aviator-slotgame.com\/play-for-free\/#breadcrumb","itemListElement":[{"@type":"ListItem","position":1,"name":"Home","item":"https:\/\/aviator-slotgame.com\/"},{"@type":"ListItem","position":2,"name":"\u041a\u0430\u043a \u0438\u0433\u0440\u0430\u0442\u044c \u0432 \u0434\u0435\u043c\u043e-\u0432\u0435\u0440\u0441\u0438\u044e \u0410\u0432\u0438\u0430\u0442\u043e\u0440\u0430 \u0431\u0435\u0441\u043f\u043b\u0430\u0442\u043d\u043e"}]},{"@type":"WebSite","@id":"https:\/\/aviator-slotgame.com\/#website","url":"https:\/\/aviator-slotgame.com\/","name":"Aviator","description":"","publisher":{"@id":"https:\/\/aviator-slotgame.com\/#organization"},"potentialAction":[{"@type":"SearchAction","target":{"@type":"EntryPoint","urlTemplate":"https:\/\/aviator-slotgame.com\/?s={search_term_string}"},"query-input":"required name=search_term_string"}],"inLanguage":"tr"},{"@type":"Organization","@id":"https:\/\/aviator-slotgame.com\/#organization","name":"Aviator","url":"https:\/\/aviator-slotgame.com\/","logo":{"@type":"ImageObject","inLanguage":"tr","@id":"https:\/\/aviator-slotgame.com\/#\/schema\/logo\/image\/","url":"https:\/\/aviator-slotgame.com\/wp-content\/uploads\/16f5e8_dade544d4623411c9c4153c639aae85amv2.webp","contentUrl":"https:\/\/aviator-slotgame.com\/wp-content\/uploads\/16f5e8_dade544d4623411c9c4153c639aae85amv2.webp","width":400,"height":300,"caption":"Aviator"},"image":{"@id":"https:\/\/aviator-slotgame.com\/#\/schema\/logo\/image\/"}}]}},"amp_enabled":true,"_links":{"self":[{"href":"https:\/\/aviator-slotgame.com\/tr\/wp-json\/wp\/v2\/pages\/26","targetHints":{"allow":["GET"]}}],"collection":[{"href":"https:\/\/aviator-slotgame.com\/tr\/wp-json\/wp\/v2\/pages"}],"about":[{"href":"https:\/\/aviator-slotgame.com\/tr\/wp-json\/wp\/v2\/types\/page"}],"author":[{"embeddable":true,"href":"https:\/\/aviator-slotgame.com\/tr\/wp-json\/wp\/v2\/users\/1"}],"replies":[{"embeddable":true,"href":"https:\/\/aviator-slotgame.com\/tr\/wp-json\/wp\/v2\/comments?post=26"}],"version-history":[{"count":19,"href":"https:\/\/aviator-slotgame.com\/tr\/wp-json\/wp\/v2\/pages\/26\/revisions"}],"predecessor-version":[{"id":412,"href":"https:\/\/aviator-slotgame.com\/tr\/wp-json\/wp\/v2\/pages\/26\/revisions\/412"}],"wp:attachment":[{"href":"https:\/\/aviator-slotgame.com\/tr\/wp-json\/wp\/v2\/media?parent=26"}],"curies":[{"name":"wp","href":"https:\/\/api.w.org\/{rel}","templated":true}]}}