{"id":263,"date":"2024-09-06T14:43:40","date_gmt":"2024-09-06T14:43:40","guid":{"rendered":"https:\/\/aviator-slotgame.com\/?page_id=263"},"modified":"2024-09-08T10:40:25","modified_gmt":"2024-09-08T10:40:25","slug":"aviator","status":"publish","type":"page","link":"https:\/\/aviator-slotgame.com\/tr\/aviator\/","title":{"rendered":"Para i\u00e7in Crash Slot Oyununun Kurallar\u0131, \u00d6zellikleri ve Kazan\u00e7lar\u0131"},"content":{"rendered":"<div class=\"2cc50155eac92949667cb114f6c245c0\" data-index=\"1\" style=\"float: none; margin:10px 0 10px 0; text-align:center;\">\n<div class=\"custom-play-button\">\r\n<center><a href=\"https:\/\/aviator-slotgame.com\/tr\/play-game\/\" rel=\"nofollow\" target=\"_blank\">\u015eimdi oyna<\/a><br><\/center>\r\n<\/div>\n<\/div>\n<h1><\/h1>\n<p><img loading=\"lazy\" decoding=\"async\" class=\"alignnone size-full wp-image-264\" src=\"https:\/\/aviator-slotgame.com\/wp-content\/uploads\/Aviator-7-800-x-600-\u043f\u0438\u043a\u0441.jpg\" alt=\"\u00c7evrimi\u00e7i slot Aviator - Kumarhanede ger\u00e7ek parayla oynay\u0131n \" width=\"800\" height=\"600\" srcset=\"https:\/\/aviator-slotgame.com\/wp-content\/uploads\/Aviator-7-800-x-600-\u043f\u0438\u043a\u0441.jpg 800w, https:\/\/aviator-slotgame.com\/wp-content\/uploads\/Aviator-7-800-x-600-\u043f\u0438\u043a\u0441-300x225.jpg 300w, https:\/\/aviator-slotgame.com\/wp-content\/uploads\/Aviator-7-800-x-600-\u043f\u0438\u043a\u0441-768x576.jpg 768w, https:\/\/aviator-slotgame.com\/wp-content\/uploads\/Aviator-7-800-x-600-\u043f\u0438\u043a\u0441-16x12.jpg 16w\" sizes=\"auto, (max-width: 800px) 100vw, 800px\" \/><\/p>\n<h2>\u00c7evrimi\u00e7i \u00e7arp\u0131\u015fma oyunu Aviator nedir?<\/h2>\n<p>Aviator, Spribe st\u00fcdyosunun geli\u015ftirdi\u011fi pop\u00fcler oyunlardan biridir. Rastgele say\u0131 \u00fcreteci temelinde olu\u015fturulan modern pazardaki yeni bir \u00fcr\u00fcn, oyuncuyu en ba\u015f\u0131ndan beri b\u00fcy\u00fcl\u00fcyor. Kazanan rastgele se\u00e7imle belirlenir! Bu, oyunun adil olmas\u0131n\u0131 sa\u011flar ve oyuncuya bahislerinin oyunun platformuna veya hikayesine ba\u011fl\u0131 olmad\u0131\u011f\u0131n\u0131 g\u00f6sterir. Aviator, orijinal oynan\u0131\u015f\u0131yla di\u011fer pop\u00fcler \u00e7arp\u0131\u015fma oyunlar\u0131ndan farkl\u0131d\u0131r; Aviator, kumar hayranlar\u0131 i\u00e7in \u00e7ok s\u0131k\u0131c\u0131 olan al\u0131\u015f\u0131lagelmi\u015f makaralara, meyveli \u00e7izgilere ve benzerlerine sahip de\u011fildir. Oyun ayn\u0131 zamanda olduk\u00e7a basit kurallar\u0131 ve ger\u00e7ek para kazanma f\u0131rsat\u0131yla da dikkat \u00e7ekiyor, bu da onu kumarbazlar aras\u0131nda ve \u00f6zellikle u\u00e7ak hayranlar\u0131 ve u\u00e7makla ilgili her \u015fey aras\u0131nda pop\u00fcler k\u0131l\u0131yor!<\/p>\n<p>Oyunun \u00f6z\u00fc, kullan\u0131c\u0131n\u0131n u\u00e7ak u\u00e7up gitmeden \u00f6nce bahsini kurtarmak i\u00e7in zamana sahip olmas\u0131 ve b\u00f6ylece oyuncunun katsay\u0131s\u0131n\u0131n s\u0131f\u0131rlanmas\u0131d\u0131r.<\/p>\n<p>Spribe, yenilik\u00e7i \u00e7evrimi\u00e7i oyunlar\u0131n ve kumar platformlar\u0131n\u0131n geli\u015ftirilmesinde uzmanla\u015fm\u0131\u015f tan\u0131nm\u0131\u015f bir \u015firkettir; oyunlar\u0131 d\u00fcnya \u00e7ap\u0131ndaki kumarbazlar aras\u0131nda pop\u00fclerdir. \u015eirket 2018 y\u0131l\u0131nda kuruldu ve heyecan verici oyun mekani\u011fi ve hem parayla hem de demo modunda oynama yetene\u011fi sayesinde k\u0131sa s\u00fcrede oyuncular ve \u00e7evrimi\u00e7i casino operat\u00f6rleri aras\u0131nda pop\u00fclerlik kazanmay\u0131 ba\u015fard\u0131.<\/p><div class=\"2cc50155eac92949667cb114f6c245c0\" data-index=\"1\" style=\"float: none; margin:10px 0 10px 0; text-align:center;\">\n<div class=\"custom-play-button\">\r\n<center><a href=\"https:\/\/aviator-slotgame.com\/tr\/play-game\/\" rel=\"nofollow\" target=\"_blank\">\u015eimdi oyna<\/a><br><\/center>\r\n<\/div>\n<\/div>\n\n<h2>\u00c7evrimi\u00e7i Aviator oyununun pop\u00fclaritesinin nedenleri<\/h2>\n<p>Aviator oyununu kumarbazlar aras\u0131nda bu kadar pop\u00fcler k\u0131lan \u015fey nedir?<\/p>\n<ol>\n<li>Kurallar\u0131n basitli\u011fi: Aviator oyununun basit ve anla\u015f\u0131l\u0131r kurallar\u0131 vard\u0131r, bu da oyunu deneyimlerine ve e\u011fitim seviyelerine bak\u0131lmaks\u0131z\u0131n \u00e7ok \u00e7e\u015fitli oyuncular i\u00e7in eri\u015filebilir k\u0131lar.<\/li>\n<\/ol>\n<p>Demo modu: Paran\u0131z\u0131 riske atmak istemiyorsan\u0131z ve ba\u015flamaktan korkuyorsan\u0131z, bir g\u00f6z at\u0131n ve serbest modda kendinizi deneyin. Ger\u00e7ek parayla yat\u0131r\u0131m yapm\u0131yorsunuz. \u201cE\u011flence Modu\u201d oyuncular\u0131n tasarruflar\u0131n\u0131 riske atmadan oyuna daha yak\u0131n olmalar\u0131n\u0131 sa\u011flar.<\/p>\n<p>H\u0131zl\u0131 kazanma f\u0131rsat\u0131: Heyecan ve adrenalin arayan bir\u00e7ok oyuncunun ilgisini \u00e7eken Aviator kumar oyunu, h\u0131zl\u0131 kazanma f\u0131rsat\u0131 sunuyor.<\/p>\n<p>Bahis \u00e7e\u015fitlili\u011fi: Aviator oyunu \u00e7e\u015fitli bahis t\u00fcrleri sunarak oyuncular\u0131n kendilerine uygun risk seviyesini ve potansiyel \u00f6d\u00fcl\u00fc se\u00e7melerine olanak tan\u0131r.<\/p>\n<p>\u00c7evrimi\u00e7i oynama imkan\u0131: Aviator oyunu \u00e7evrimi\u00e7i formatta mevcuttur, bu da onu uygun herhangi bir zamanda ve d\u00fcnyan\u0131n herhangi bir yerinden oynamaya uygun hale getirir.<\/p>\n<p>Kolayl\u0131k ve eri\u015filebilirlik: Aviator \u00e7evrimi\u00e7i oyunu, oyuncular\u0131n evden \u00e7\u0131kmadan do\u011frudan evden veya ba\u015fka bir yerden heyecan\u0131n tad\u0131n\u0131 \u00e7\u0131karmas\u0131na olanak tan\u0131r. Bu, oyunu geni\u015f bir oyuncu yelpazesi i\u00e7in uygun ve eri\u015filebilir hale getirir.<\/p>\n<p>Bonuslar ve \u00f6zel teklifler: Aviator oyununu sunan bir\u00e7ok \u00e7evrimi\u00e7i kumarhane, yeni oyuncular\u0131 \u00e7ekmek ve d\u00fczenli oyuncular\u0131 \u00f6d\u00fcllendirmek i\u00e7in s\u0131kl\u0131kla \u00e7e\u015fitli bonuslar, promosyonlar ve \u00f6zel teklifler sunar. Bu da oyunu daha da \u00e7ekici k\u0131l\u0131yor.<\/p>\n<p>Grafik ve ses tasar\u0131m\u0131: Modern \u00e7evrimi\u00e7i kumarhaneler, Aviator oyunu da dahil olmak \u00fczere oyunlar i\u00e7in genellikle y\u00fcksek kaliteli grafikler ve ses tasar\u0131m\u0131 sunar. Dinamik ve heyecan verici oynan\u0131\u015f kesinlikle oyuncular\u0131n s\u0131k\u0131lmas\u0131na izin vermeyecek ve oyuna olan ilgiyi t\u00fcm zaman boyunca koruyacakt\u0131r.<\/p>\n<p>Mobil Oynanabilirlik: Bir\u00e7ok \u00e7evrimi\u00e7i kumarhane, Aviator oyununu mobil cihazlarla uyumlu bir formatta sunarak oyuncular\u0131n oyunun keyfini her zaman, her yerde \u00e7\u0131karmas\u0131na olanak tan\u0131r. \u0130yi bir \u0130nternet ba\u011flant\u0131n\u0131z\u0131n oldu\u011fundan ve mobil cihaz\u0131n\u0131zda yeterli \u015farj oldu\u011fundan emin olmay\u0131 unutmay\u0131n!<\/p>\n<p>&nbsp;<\/p>\n<h2>Havac\u0131 kumar kurallar\u0131<\/h2>\n<p>Oyunun basit ve net kurallar\u0131 vard\u0131r; burada kullan\u0131c\u0131 belirli bir sonuca bahis yapar ve bahisini oranlarla \u00e7arparak kazanabilir. Kendi bahislerinizi yaparak manuel modda veya belirledi\u011finiz parametrelere g\u00f6re oyun sizin i\u00e7in bahis yapt\u0131\u011f\u0131nda otomatik modda oynayabilirsiniz.<\/p>\n<h3>Oyunun kurallar\u0131<\/h3>\n<p>Aviator oyununu oynamaya ba\u015flamak i\u00e7in \u015fu ad\u0131mlar\u0131 izlemeniz gerekir:<\/p>\n<ol>\n<li>Aviator oyununu sunan bir \u00e7evrimi\u00e7i kumarhane veya oyun platformu bulun.<\/li>\n<li>Bir hesap olu\u015fturarak ve gerekli bilgileri sa\u011flayarak se\u00e7ti\u011finiz platforma kaydolun.<\/li>\n<li>Oyuna bahis koyabilmek i\u00e7in oyun hesab\u0131n\u0131za para y\u00fckleyin.<\/li>\n<li>Platformda Aviator oyununu bulun ve bahsinizi se\u00e7in.<\/li>\n<li>Oyun oyuncunun bahis yapmas\u0131yla ba\u015flar.<\/li>\n<li>Ekrandaki kurallar\u0131 ve talimatlar\u0131 izleyin ve uygun d\u00fc\u011fmelere t\u0131klayarak oyun s\u00fcrecini kontrol edin.<\/li>\n<li>Bahis oynand\u0131ktan sonra u\u00e7ak oran \u00f6l\u00e7e\u011finde yukar\u0131 veya a\u015fa\u011f\u0131 hareket etmeye ba\u015flar.<\/li>\n<li>Oyuncu, oyunu bitirmek ve mevcut oranlarla \u00e7arp\u0131lm\u0131\u015f kazan\u00e7lar\u0131 almak i\u00e7in istedi\u011fi zaman Para \u00c7ekme d\u00fc\u011fmesine t\u0131klayabilir veya oyuna devam ederek kazanc\u0131n\u0131z\u0131 art\u0131rmak i\u00e7in bekleyebilirsiniz. S\u0131f\u0131rla.<\/li>\n<li>Oyuncu Kazan\u00e7lar\u0131 Al butonuna t\u0131klamazsa ve u\u00e7ak oran skalas\u0131n\u0131n sonuna ula\u015f\u0131rsa bahis s\u0131f\u0131rlan\u0131r ve oyuncu kazanc\u0131 alamayacakt\u0131r.<\/li>\n<li>Oyunun amac\u0131 kazanc\u0131n\u0131z\u0131 do\u011fru zamanda almak ve bahisinizin s\u0131f\u0131rlanmas\u0131n\u0131 \u00f6nlemektir.<\/li>\n<\/ol>\n<p>Sorumlu bir \u015fekilde kumar oynamay\u0131, yaln\u0131zca kaybetmeye haz\u0131r oldu\u011funuz miktarda bahis oynamay\u0131 ve kumar faaliyetinizi kontrol etmeyi unutmay\u0131n.<\/p>\n<p>U\u00e7a\u011f\u0131n benzersiz y\u00f6r\u00fcngesi dikkate al\u0131nd\u0131\u011f\u0131nda oyun, oyuncular i\u00e7in daha da ilgin\u00e7 ve heyecan verici hale geliyor. Ayn\u0131 zamanda ger\u00e7ek parayla oynaman\u0131n heyecan\u0131n\u0131 s\u00fcrd\u00fcrmek i\u00e7in bahislerinize dikkat etmeniz ve hareketlerinizi kontrol etmeniz \u00f6nemlidir.<\/p>\n<p>\u00c7evrimi\u00e7i Aviator oyununun temel \u00f6zellikleri<\/p>\n<table>\n<tbody>\n<tr>\n<td>RTP<\/td>\n<td>96,49%, 96,48%, 95,45%<\/td>\n<\/tr>\n<tr>\n<td>Geli\u015ftirici<\/td>\n<td>St\u00fcdyo Spribe<\/td>\n<\/tr>\n<tr>\n<td>\u00dccretsiz d\u00f6nd\u00fcrmeler<\/td>\n<td>HAYIR<\/td>\n<\/tr>\n<tr>\n<td>Bonus oyunu<\/td>\n<td>HAYIR<\/td>\n<\/tr>\n<tr>\n<td>Minimum teklif<\/td>\n<td>0,1$<\/td>\n<\/tr>\n<tr>\n<td>Maksimum bahis<\/td>\n<td>100$<\/td>\n<\/tr>\n<\/tbody>\n<\/table>\n<p>&nbsp;<\/p>\n<h2>Kumar oyunu Aviator&#039;daki bonuslar<\/h2>\n<p>Aviator \u00e7evrimi\u00e7i oyunundaki bonuslar ve indirimler, oyun platformuna veya casinoya ba\u011fl\u0131 olarak oyunculara \u00e7e\u015fitli \u015fekillerde sunulabilir.<\/p>\n<p>Aviator oyununda bulunabilecek baz\u0131 olas\u0131 bonuslar ve indirimler \u015funlard\u0131r:<\/p>\n<h3>Ho\u015f geldin bonuslar\u0131<\/h3>\n<p>Yeni oyunculara platforma kaydolurken ek hesap paras\u0131 veya bedava \u00e7evirme gibi \u00f6zel bonuslar sunulabilir.<\/p>\n<h3>Para yat\u0131rma bonuslar\u0131<\/h3>\n<p>Oyuncular, oyun hesaplar\u0131na belirli bir miktar y\u00fckleme yapt\u0131klar\u0131nda bonus alabilirler.<\/p>\n<h3>Promosyonlar<\/h3>\n<p>kumarhaneler veya oyun platformlar\u0131, Aviator oyununda oyunculara \u00e7e\u015fitli bonuslar ve indirimler sunan ge\u00e7ici promosyonlar y\u00fcr\u00fctebilir.<\/p>\n<h3>VIP programlar<\/h3>\n<p>Baz\u0131 platformlar, oyunculara ek bonuslar\u0131n, para iadesinin ve di\u011fer avantajlar\u0131n sunuldu\u011fu VIP programlar\u0131na kat\u0131l\u0131m olana\u011f\u0131 sunabilir.<\/p>\n<h3>Para iadesi<\/h3>\n<p>oyuncular, bonus program\u0131n\u0131n bir par\u00e7as\u0131 olarak kaybettikleri paran\u0131n bir k\u0131sm\u0131n\u0131 nakit iadesi olarak alma f\u0131rsat\u0131na sahip olabilirler.<\/p>\n<p>Aviator oyununda bonuslara ve indirimlere kat\u0131lmadan \u00f6nce, \u015fartlar\u0131 ve gereksinimleri dikkatlice g\u00f6zden ge\u00e7irmeniz \u00f6nemlidir; b\u00f6ylece bunlar\u0131n nas\u0131l \u00e7al\u0131\u015ft\u0131\u011f\u0131n\u0131 ve bunlar\u0131n t\u00fcm avantajlar\u0131ndan yararlanmak i\u00e7in nelerin gerekli oldu\u011funu anlayabilirsiniz.<\/p>\n\n<div style=\"font-size: 0px; height: 0px; line-height: 0px; margin: 0; padding: 0; clear: both;\"><\/div>","protected":false},"excerpt":{"rendered":"<p>Aviator online crash oyunu nedir? Aviator, Spribe st\u00fcdyosunun geli\u015ftirdi\u011fi pop\u00fcler oyunlardan biridir. Modern pazarda yeni,<\/p>","protected":false},"author":1,"featured_media":0,"parent":0,"menu_order":0,"comment_status":"closed","ping_status":"closed","template":"","meta":{"footnotes":""},"class_list":["post-263","page","type-page","status-publish","hentry"],"yoast_head":"<!-- This site is optimized with the Yoast SEO plugin v22.0 - https:\/\/yoast.com\/wordpress\/plugins\/seo\/ -->\n<title>\u041e\u043d\u043b\u0430\u0439\u043d \u0441\u043b\u043e\u0442 \u0410\u0432\u0438\u0430\u0442\u043e\u0440 \u2014 \u0418\u0433\u0440\u0430\u0439 \u043d\u0430 \u0440\u0435\u0430\u043b\u044c\u043d\u044b\u0435 \u0434\u0435\u043d\u044c\u0433\u0438 \u0432 \u043a\u0430\u0437\u0438\u043d\u043e<\/title>\n<meta name=\"description\" content=\"\u0423\u0437\u043d\u0430\u0439\u0442\u0435 \u0432\u0441\u0435 \u043e \u043a\u0440\u0430\u0448-\u0438\u0433\u0440\u0435 \u0410\u0432\u0438\u0430\u0442\u043e\u0440: \u043f\u0440\u0430\u0432\u0438\u043b\u0430, \u0431\u043e\u043d\u0443\u0441\u044b, \u043e\u0441\u043e\u0431\u0435\u043d\u043d\u043e\u0441\u0442\u0438 \u0438 \u0445\u0430\u0440\u0430\u043a\u0442\u0435\u0440\u0438\u0441\u0442\u0438\u043a\u0438 \u0438\u0433\u0440\u044b \u0434\u043b\u044f \u0443\u0432\u0435\u043b\u0438\u0447\u0435\u043d\u0438\u0435 \u043f\u0440\u0438\u0431\u044b\u043b\u0438 \u0432 \u043a\u0430\u0437\u0438\u043d\u043e. \u0418\u0433\u0440\u0430\u0439 \u0432 Aviator \u043e\u0442 Spribe \u0432 \u043e\u043d\u043b\u0430\u0439\u043d\u0435.\" \/>\n<meta name=\"robots\" content=\"index, follow, max-snippet:-1, max-image-preview:large, max-video-preview:-1\" \/>\n<link rel=\"canonical\" href=\"https:\/\/aviator-slotgame.com\/tr\/aviator\/\" \/>\n<meta property=\"og:locale\" content=\"tr_TR\" \/>\n<meta property=\"og:type\" content=\"article\" \/>\n<meta property=\"og:title\" content=\"\u041e\u043d\u043b\u0430\u0439\u043d \u0441\u043b\u043e\u0442 \u0410\u0432\u0438\u0430\u0442\u043e\u0440 \u2014 \u0418\u0433\u0440\u0430\u0439 \u043d\u0430 \u0440\u0435\u0430\u043b\u044c\u043d\u044b\u0435 \u0434\u0435\u043d\u044c\u0433\u0438 \u0432 \u043a\u0430\u0437\u0438\u043d\u043e\" \/>\n<meta property=\"og:description\" content=\"\u0423\u0437\u043d\u0430\u0439\u0442\u0435 \u0432\u0441\u0435 \u043e \u043a\u0440\u0430\u0448-\u0438\u0433\u0440\u0435 \u0410\u0432\u0438\u0430\u0442\u043e\u0440: \u043f\u0440\u0430\u0432\u0438\u043b\u0430, \u0431\u043e\u043d\u0443\u0441\u044b, \u043e\u0441\u043e\u0431\u0435\u043d\u043d\u043e\u0441\u0442\u0438 \u0438 \u0445\u0430\u0440\u0430\u043a\u0442\u0435\u0440\u0438\u0441\u0442\u0438\u043a\u0438 \u0438\u0433\u0440\u044b \u0434\u043b\u044f \u0443\u0432\u0435\u043b\u0438\u0447\u0435\u043d\u0438\u0435 \u043f\u0440\u0438\u0431\u044b\u043b\u0438 \u0432 \u043a\u0430\u0437\u0438\u043d\u043e. \u0418\u0433\u0440\u0430\u0439 \u0432 Aviator \u043e\u0442 Spribe \u0432 \u043e\u043d\u043b\u0430\u0439\u043d\u0435.\" \/>\n<meta property=\"og:url\" content=\"https:\/\/aviator-slotgame.com\/tr\/aviator\/\" \/>\n<meta property=\"og:site_name\" content=\"Aviator\" \/>\n<meta property=\"article:modified_time\" content=\"2024-09-08T10:40:25+00:00\" \/>\n<meta name=\"twitter:card\" content=\"summary_large_image\" \/>\n<meta name=\"twitter:label1\" content=\"Tahmini okuma s\u00fcresi\" \/>\n\t<meta name=\"twitter:data1\" content=\"5 dakika\" \/>\n<script type=\"application\/ld+json\" class=\"yoast-schema-graph\">{\"@context\":\"https:\/\/schema.org\",\"@graph\":[{\"@type\":\"WebPage\",\"@id\":\"https:\/\/aviator-slotgame.com\/aviator\/\",\"url\":\"https:\/\/aviator-slotgame.com\/aviator\/\",\"name\":\"\u041e\u043d\u043b\u0430\u0439\u043d \u0441\u043b\u043e\u0442 \u0410\u0432\u0438\u0430\u0442\u043e\u0440 \u2014 \u0418\u0433\u0440\u0430\u0439 \u043d\u0430 \u0440\u0435\u0430\u043b\u044c\u043d\u044b\u0435 \u0434\u0435\u043d\u044c\u0433\u0438 \u0432 \u043a\u0430\u0437\u0438\u043d\u043e\",\"isPartOf\":{\"@id\":\"https:\/\/aviator-slotgame.com\/#website\"},\"datePublished\":\"2024-09-06T14:43:40+00:00\",\"dateModified\":\"2024-09-08T10:40:25+00:00\",\"description\":\"\u0423\u0437\u043d\u0430\u0439\u0442\u0435 \u0432\u0441\u0435 \u043e \u043a\u0440\u0430\u0448-\u0438\u0433\u0440\u0435 \u0410\u0432\u0438\u0430\u0442\u043e\u0440: \u043f\u0440\u0430\u0432\u0438\u043b\u0430, \u0431\u043e\u043d\u0443\u0441\u044b, \u043e\u0441\u043e\u0431\u0435\u043d\u043d\u043e\u0441\u0442\u0438 \u0438 \u0445\u0430\u0440\u0430\u043a\u0442\u0435\u0440\u0438\u0441\u0442\u0438\u043a\u0438 \u0438\u0433\u0440\u044b \u0434\u043b\u044f \u0443\u0432\u0435\u043b\u0438\u0447\u0435\u043d\u0438\u0435 \u043f\u0440\u0438\u0431\u044b\u043b\u0438 \u0432 \u043a\u0430\u0437\u0438\u043d\u043e. \u0418\u0433\u0440\u0430\u0439 \u0432 Aviator \u043e\u0442 Spribe \u0432 \u043e\u043d\u043b\u0430\u0439\u043d\u0435.\",\"breadcrumb\":{\"@id\":\"https:\/\/aviator-slotgame.com\/aviator\/#breadcrumb\"},\"inLanguage\":\"tr\",\"potentialAction\":[{\"@type\":\"ReadAction\",\"target\":[\"https:\/\/aviator-slotgame.com\/aviator\/\"]}]},{\"@type\":\"BreadcrumbList\",\"@id\":\"https:\/\/aviator-slotgame.com\/aviator\/#breadcrumb\",\"itemListElement\":[{\"@type\":\"ListItem\",\"position\":1,\"name\":\"Home\",\"item\":\"https:\/\/aviator-slotgame.com\/\"},{\"@type\":\"ListItem\",\"position\":2,\"name\":\"\u041f\u0440\u0430\u0432\u0438\u043b\u0430,\u043e\u0441\u043e\u0431\u0435\u043d\u043e\u0441\u0442\u0438 \u0438 \u0432\u044b\u0438\u0433\u0440\u044b\u0448\u0438 \u0432 \u043a\u0440\u0430\u0448-\u0441\u043b\u043e\u0442 \u0438\u0433\u0440\u0435 \u043d\u0430 \u0434\u0435\u043d\u044c\u0433\u0438\"}]},{\"@type\":\"WebSite\",\"@id\":\"https:\/\/aviator-slotgame.com\/#website\",\"url\":\"https:\/\/aviator-slotgame.com\/\",\"name\":\"Aviator\",\"description\":\"\",\"publisher\":{\"@id\":\"https:\/\/aviator-slotgame.com\/#organization\"},\"potentialAction\":[{\"@type\":\"SearchAction\",\"target\":{\"@type\":\"EntryPoint\",\"urlTemplate\":\"https:\/\/aviator-slotgame.com\/?s={search_term_string}\"},\"query-input\":\"required name=search_term_string\"}],\"inLanguage\":\"tr\"},{\"@type\":\"Organization\",\"@id\":\"https:\/\/aviator-slotgame.com\/#organization\",\"name\":\"Aviator\",\"url\":\"https:\/\/aviator-slotgame.com\/\",\"logo\":{\"@type\":\"ImageObject\",\"inLanguage\":\"tr\",\"@id\":\"https:\/\/aviator-slotgame.com\/#\/schema\/logo\/image\/\",\"url\":\"https:\/\/aviator-slotgame.com\/wp-content\/uploads\/16f5e8_dade544d4623411c9c4153c639aae85amv2.webp\",\"contentUrl\":\"https:\/\/aviator-slotgame.com\/wp-content\/uploads\/16f5e8_dade544d4623411c9c4153c639aae85amv2.webp\",\"width\":400,\"height\":300,\"caption\":\"Aviator\"},\"image\":{\"@id\":\"https:\/\/aviator-slotgame.com\/#\/schema\/logo\/image\/\"}}]}<\/script>\n<!-- \/ Yoast SEO plugin. -->","yoast_head_json":{"title":"\u041e\u043d\u043b\u0430\u0439\u043d \u0441\u043b\u043e\u0442 \u0410\u0432\u0438\u0430\u0442\u043e\u0440 \u2014 \u0418\u0433\u0440\u0430\u0439 \u043d\u0430 \u0440\u0435\u0430\u043b\u044c\u043d\u044b\u0435 \u0434\u0435\u043d\u044c\u0433\u0438 \u0432 \u043a\u0430\u0437\u0438\u043d\u043e","description":"\u0423\u0437\u043d\u0430\u0439\u0442\u0435 \u0432\u0441\u0435 \u043e \u043a\u0440\u0430\u0448-\u0438\u0433\u0440\u0435 \u0410\u0432\u0438\u0430\u0442\u043e\u0440: \u043f\u0440\u0430\u0432\u0438\u043b\u0430, \u0431\u043e\u043d\u0443\u0441\u044b, \u043e\u0441\u043e\u0431\u0435\u043d\u043d\u043e\u0441\u0442\u0438 \u0438 \u0445\u0430\u0440\u0430\u043a\u0442\u0435\u0440\u0438\u0441\u0442\u0438\u043a\u0438 \u0438\u0433\u0440\u044b \u0434\u043b\u044f \u0443\u0432\u0435\u043b\u0438\u0447\u0435\u043d\u0438\u0435 \u043f\u0440\u0438\u0431\u044b\u043b\u0438 \u0432 \u043a\u0430\u0437\u0438\u043d\u043e. \u0418\u0433\u0440\u0430\u0439 \u0432 Aviator \u043e\u0442 Spribe \u0432 \u043e\u043d\u043b\u0430\u0439\u043d\u0435.","robots":{"index":"index","follow":"follow","max-snippet":"max-snippet:-1","max-image-preview":"max-image-preview:large","max-video-preview":"max-video-preview:-1"},"canonical":"https:\/\/aviator-slotgame.com\/tr\/aviator\/","og_locale":"tr_TR","og_type":"article","og_title":"\u041e\u043d\u043b\u0430\u0439\u043d \u0441\u043b\u043e\u0442 \u0410\u0432\u0438\u0430\u0442\u043e\u0440 \u2014 \u0418\u0433\u0440\u0430\u0439 \u043d\u0430 \u0440\u0435\u0430\u043b\u044c\u043d\u044b\u0435 \u0434\u0435\u043d\u044c\u0433\u0438 \u0432 \u043a\u0430\u0437\u0438\u043d\u043e","og_description":"\u0423\u0437\u043d\u0430\u0439\u0442\u0435 \u0432\u0441\u0435 \u043e \u043a\u0440\u0430\u0448-\u0438\u0433\u0440\u0435 \u0410\u0432\u0438\u0430\u0442\u043e\u0440: \u043f\u0440\u0430\u0432\u0438\u043b\u0430, \u0431\u043e\u043d\u0443\u0441\u044b, \u043e\u0441\u043e\u0431\u0435\u043d\u043d\u043e\u0441\u0442\u0438 \u0438 \u0445\u0430\u0440\u0430\u043a\u0442\u0435\u0440\u0438\u0441\u0442\u0438\u043a\u0438 \u0438\u0433\u0440\u044b \u0434\u043b\u044f \u0443\u0432\u0435\u043b\u0438\u0447\u0435\u043d\u0438\u0435 \u043f\u0440\u0438\u0431\u044b\u043b\u0438 \u0432 \u043a\u0430\u0437\u0438\u043d\u043e. \u0418\u0433\u0440\u0430\u0439 \u0432 Aviator \u043e\u0442 Spribe \u0432 \u043e\u043d\u043b\u0430\u0439\u043d\u0435.","og_url":"https:\/\/aviator-slotgame.com\/tr\/aviator\/","og_site_name":"Aviator","article_modified_time":"2024-09-08T10:40:25+00:00","twitter_card":"summary_large_image","twitter_misc":{"Tahmini okuma s\u00fcresi":"5 dakika"},"schema":{"@context":"https:\/\/schema.org","@graph":[{"@type":"WebPage","@id":"https:\/\/aviator-slotgame.com\/aviator\/","url":"https:\/\/aviator-slotgame.com\/aviator\/","name":"\u041e\u043d\u043b\u0430\u0439\u043d \u0441\u043b\u043e\u0442 \u0410\u0432\u0438\u0430\u0442\u043e\u0440 \u2014 \u0418\u0433\u0440\u0430\u0439 \u043d\u0430 \u0440\u0435\u0430\u043b\u044c\u043d\u044b\u0435 \u0434\u0435\u043d\u044c\u0433\u0438 \u0432 \u043a\u0430\u0437\u0438\u043d\u043e","isPartOf":{"@id":"https:\/\/aviator-slotgame.com\/#website"},"datePublished":"2024-09-06T14:43:40+00:00","dateModified":"2024-09-08T10:40:25+00:00","description":"\u0423\u0437\u043d\u0430\u0439\u0442\u0435 \u0432\u0441\u0435 \u043e \u043a\u0440\u0430\u0448-\u0438\u0433\u0440\u0435 \u0410\u0432\u0438\u0430\u0442\u043e\u0440: \u043f\u0440\u0430\u0432\u0438\u043b\u0430, \u0431\u043e\u043d\u0443\u0441\u044b, \u043e\u0441\u043e\u0431\u0435\u043d\u043d\u043e\u0441\u0442\u0438 \u0438 \u0445\u0430\u0440\u0430\u043a\u0442\u0435\u0440\u0438\u0441\u0442\u0438\u043a\u0438 \u0438\u0433\u0440\u044b \u0434\u043b\u044f \u0443\u0432\u0435\u043b\u0438\u0447\u0435\u043d\u0438\u0435 \u043f\u0440\u0438\u0431\u044b\u043b\u0438 \u0432 \u043a\u0430\u0437\u0438\u043d\u043e. \u0418\u0433\u0440\u0430\u0439 \u0432 Aviator \u043e\u0442 Spribe \u0432 \u043e\u043d\u043b\u0430\u0439\u043d\u0435.","breadcrumb":{"@id":"https:\/\/aviator-slotgame.com\/aviator\/#breadcrumb"},"inLanguage":"tr","potentialAction":[{"@type":"ReadAction","target":["https:\/\/aviator-slotgame.com\/aviator\/"]}]},{"@type":"BreadcrumbList","@id":"https:\/\/aviator-slotgame.com\/aviator\/#breadcrumb","itemListElement":[{"@type":"ListItem","position":1,"name":"Home","item":"https:\/\/aviator-slotgame.com\/"},{"@type":"ListItem","position":2,"name":"\u041f\u0440\u0430\u0432\u0438\u043b\u0430,\u043e\u0441\u043e\u0431\u0435\u043d\u043e\u0441\u0442\u0438 \u0438 \u0432\u044b\u0438\u0433\u0440\u044b\u0448\u0438 \u0432 \u043a\u0440\u0430\u0448-\u0441\u043b\u043e\u0442 \u0438\u0433\u0440\u0435 \u043d\u0430 \u0434\u0435\u043d\u044c\u0433\u0438"}]},{"@type":"WebSite","@id":"https:\/\/aviator-slotgame.com\/#website","url":"https:\/\/aviator-slotgame.com\/","name":"Aviator","description":"","publisher":{"@id":"https:\/\/aviator-slotgame.com\/#organization"},"potentialAction":[{"@type":"SearchAction","target":{"@type":"EntryPoint","urlTemplate":"https:\/\/aviator-slotgame.com\/?s={search_term_string}"},"query-input":"required name=search_term_string"}],"inLanguage":"tr"},{"@type":"Organization","@id":"https:\/\/aviator-slotgame.com\/#organization","name":"Aviator","url":"https:\/\/aviator-slotgame.com\/","logo":{"@type":"ImageObject","inLanguage":"tr","@id":"https:\/\/aviator-slotgame.com\/#\/schema\/logo\/image\/","url":"https:\/\/aviator-slotgame.com\/wp-content\/uploads\/16f5e8_dade544d4623411c9c4153c639aae85amv2.webp","contentUrl":"https:\/\/aviator-slotgame.com\/wp-content\/uploads\/16f5e8_dade544d4623411c9c4153c639aae85amv2.webp","width":400,"height":300,"caption":"Aviator"},"image":{"@id":"https:\/\/aviator-slotgame.com\/#\/schema\/logo\/image\/"}}]}},"amp_enabled":true,"_links":{"self":[{"href":"https:\/\/aviator-slotgame.com\/tr\/wp-json\/wp\/v2\/pages\/263","targetHints":{"allow":["GET"]}}],"collection":[{"href":"https:\/\/aviator-slotgame.com\/tr\/wp-json\/wp\/v2\/pages"}],"about":[{"href":"https:\/\/aviator-slotgame.com\/tr\/wp-json\/wp\/v2\/types\/page"}],"author":[{"embeddable":true,"href":"https:\/\/aviator-slotgame.com\/tr\/wp-json\/wp\/v2\/users\/1"}],"replies":[{"embeddable":true,"href":"https:\/\/aviator-slotgame.com\/tr\/wp-json\/wp\/v2\/comments?post=263"}],"version-history":[{"count":4,"href":"https:\/\/aviator-slotgame.com\/tr\/wp-json\/wp\/v2\/pages\/263\/revisions"}],"predecessor-version":[{"id":287,"href":"https:\/\/aviator-slotgame.com\/tr\/wp-json\/wp\/v2\/pages\/263\/revisions\/287"}],"wp:attachment":[{"href":"https:\/\/aviator-slotgame.com\/tr\/wp-json\/wp\/v2\/media?parent=263"}],"curies":[{"name":"wp","href":"https:\/\/api.w.org\/{rel}","templated":true}]}}