{"id":29,"date":"2024-01-31T12:59:48","date_gmt":"2024-01-31T12:59:48","guid":{"rendered":"https:\/\/aviator-slotgame.com\/?page_id=29"},"modified":"2024-10-04T00:04:28","modified_gmt":"2024-10-04T00:04:28","slug":"aviator-by-spribe","status":"publish","type":"page","link":"https:\/\/aviator-slotgame.com\/tr\/spribeden-aviator-ile-online-casinolar\/","title":{"rendered":"Spribe&#039;dan Aviator ile \u00e7evrimi\u00e7i kumarhane"},"content":{"rendered":"<div class=\"2cc50155eac92949667cb114f6c245c0\" data-index=\"1\" style=\"float: none; margin:10px 0 10px 0; text-align:center;\">\n<div class=\"custom-play-button\">\r\n<center><a href=\"https:\/\/aviator-slotgame.com\/tr\/play-game\/\" rel=\"nofollow\" target=\"_blank\">\u015eimdi oyna<\/a><br><\/center>\r\n<\/div>\n<\/div>\n<p>Aviator sunan \u00e7evrimi\u00e7i casinolar\u0131 m\u0131 ar\u0131yorsunuz? Do\u011fru yere geldiniz!<\/p>\n<p>\u00c7evrimi\u00e7i bir kumarhanede oynamak heyecan verici ve e\u011flenceli bir deneyim olabilir. Aviator ak\u0131c\u0131 bir oynan\u0131\u015fa, harika grafiklere ve bonuslara sahiptir. Bu oyunu sunan en iyi \u00e7evrimi\u00e7i casinolardan kolay para yat\u0131rma ve \u00e7ekme, g\u00fcvenli oyun ko\u015fullar\u0131, 7\/24 m\u00fc\u015fteri deste\u011fi ve aralar\u0131ndan se\u00e7im yapabilece\u011finiz \u00e7ok \u00e7e\u015fitli oyunlar bekleyebilirsiniz.<\/p>\n<p>\u00c7evrimi\u00e7i bir kumarhanede ger\u00e7ek parayla veya kripto para birimiyle oynarken, \u00e7evrimi\u00e7i kumarhanenin g\u00fcvenilir oldu\u011fundan emin olmak \u00f6nemlidir. Aviator ihtiya\u00e7lar\u0131n\u0131z i\u00e7in hangi \u00e7evrimi\u00e7i kumarhanenin en iyi oldu\u011funa karar vermenize yard\u0131mc\u0131 olaca\u011f\u0131z. Bu k\u0131lavuzu takip ederek Aviator sunan \u00e7evrimi\u00e7i kumarhaneleri kolayca bulabilir ve m\u00fckemmel \u00e7evrimi\u00e7i oyunlar\u0131n keyfini \u00e7\u0131karmaya hemen ba\u015flayabilirsiniz!<\/p>\n<p><img loading=\"lazy\" decoding=\"async\" class=\"alignnone size-full wp-image-209\" title=\"Spribe&#039;dan Havac\u0131\" src=\"https:\/\/aviator-slotgame.com\/wp-content\/uploads\/aviator-2.png\" alt=\"Spribe&#039;dan Havac\u0131\" width=\"800\" height=\"445\" srcset=\"https:\/\/aviator-slotgame.com\/wp-content\/uploads\/aviator-2.png 800w, https:\/\/aviator-slotgame.com\/wp-content\/uploads\/aviator-2-300x167.png 300w, https:\/\/aviator-slotgame.com\/wp-content\/uploads\/aviator-2-768x427.png 768w, https:\/\/aviator-slotgame.com\/wp-content\/uploads\/aviator-2-18x10.png 18w\" sizes=\"auto, (max-width: 800px) 100vw, 800px\" \/><\/p><div class=\"2cc50155eac92949667cb114f6c245c0\" data-index=\"1\" style=\"float: none; margin:10px 0 10px 0; text-align:center;\">\n<div class=\"custom-play-button\">\r\n<center><a href=\"https:\/\/aviator-slotgame.com\/tr\/play-game\/\" rel=\"nofollow\" target=\"_blank\">\u015eimdi oyna<\/a><br><\/center>\r\n<\/div>\n<\/div>\n\n<h2>Aviator oynamak i\u00e7in \u00e7evrimi\u00e7i bir kumarhane se\u00e7me<\/h2>\n<p>Bir kumarhane sitesi se\u00e7erken dikkate al\u0131nmas\u0131 gereken sorular\u0131n listesi:<\/p>\n<ul>\n<li>Sitenin oyuncular aras\u0131nda iyi bir itibar\u0131 var m\u0131?<\/li>\n<li>Aviator bu sitede mevcut mu?<\/li>\n<li>Bu kumarhane \u00fclkenizde faaliyet g\u00f6sterme lisans\u0131na sahip mi?<\/li>\n<li>\u00c7evrimi\u00e7i kumarhane tercih etti\u011finiz para birimini kabul ediyor mu?<\/li>\n<li>Kripto para birimini kullanmak istiyorsan\u0131z favori paran\u0131z\u0131 kabul ediyorlar m\u0131?<\/li>\n<li>Yeni \u00e7evrimi\u00e7i casino oyuncular\u0131 i\u00e7in hangi ho\u015f geldin bonuslar\u0131 mevcut?<\/li>\n<\/ul>\n<h3>Aviator Oyuncular\u0131 i\u00e7in En \u0130yi Ho\u015f Geldiniz Bonuslar\u0131<\/h3>\n<p>En iyi casino ho\u015f geldin bonusu, yeni oyunculara ilk para yat\u0131rmalar\u0131nda e\u015fle\u015fen site kredisinin yan\u0131 s\u0131ra \u00fccretsiz bir d\u00f6nd\u00fcrme paketi sunacak! Kay\u0131t olmadan \u00f6nce, \u00e7evrimi\u00e7i kumarhanenin \u015fartlar\u0131n\u0131 ve ko\u015fullar\u0131n\u0131 okudu\u011funuzdan emin olun.<\/p>\n<p>Son olarak e\u011flenmeyi unutmay\u0131n! \u00c7evrimi\u00e7i bir kumarhanede oynamak e\u011flenceli olmal\u0131. Acele etmeyin, birka\u00e7 test s\u00fcr\u00fc\u015f\u00fc yap\u0131n ve ard\u0131ndan Aviator oynaman\u0131n heyecan\u0131n\u0131n tad\u0131n\u0131 \u00e7\u0131kar\u0131n! \u0130yi \u015fanlar!<\/p>\n<table>\n<tbody>\n<tr>\n<td><strong>HO\u015eGELD\u0130N\u0130Z BONUS TEKL\u0130FLER\u0130<\/strong><\/td>\n<\/tr>\n<tr>\n<td><strong>\u0130lk mevduat kredisi<\/strong><\/td>\n<td>150% veya \u00fczeri<\/td>\n<\/tr>\n<tr>\n<td><strong>Maksimum bonus<\/strong><\/td>\n<td>25.000\u20b9&#039;den az de\u011fil<\/td>\n<\/tr>\n<tr>\n<td><strong>\u00dccretsiz d\u00f6nd\u00fcrme<\/strong><\/td>\n<td>150&#039;den fazla bedava d\u00f6n\u00fc\u015f<\/td>\n<\/tr>\n<\/tbody>\n<\/table>\n<p><img loading=\"lazy\" decoding=\"async\" class=\"alignnone size-full wp-image-363\" src=\"https:\/\/aviator-slotgame.com\/wp-content\/uploads\/Aviator-32-800-x-600-\u043f\u0438\u043a\u0441.jpg\" alt=\"Aviator oyununda \u00e7evrimi\u00e7i casino\" width=\"800\" height=\"600\" srcset=\"https:\/\/aviator-slotgame.com\/wp-content\/uploads\/Aviator-32-800-x-600-\u043f\u0438\u043a\u0441.jpg 800w, https:\/\/aviator-slotgame.com\/wp-content\/uploads\/Aviator-32-800-x-600-\u043f\u0438\u043a\u0441-300x225.jpg 300w, https:\/\/aviator-slotgame.com\/wp-content\/uploads\/Aviator-32-800-x-600-\u043f\u0438\u043a\u0441-768x576.jpg 768w, https:\/\/aviator-slotgame.com\/wp-content\/uploads\/Aviator-32-800-x-600-\u043f\u0438\u043a\u0441-16x12.jpg 16w\" sizes=\"auto, (max-width: 800px) 100vw, 800px\" \/><\/p>\n<h2 id=\"h-online-cryptocurrency-casinos\">Kripto para birimi \u00e7evrimi\u00e7i kumarhaneleri<\/h2>\n<p>Aviator&#039;\u0131n ilk pop\u00fclaritesi kripto para birimi kumarhaneleri d\u00fcnyas\u0131ndan geldi. D\u00fc\u015f\u00fck kasa avantaj\u0131 ve h\u0131zl\u0131 oyun temposu, onu d\u00fcnya \u00e7ap\u0131ndaki kripto slot oyuncular\u0131 aras\u0131nda favori haline getirdi. Ek olarak, sosyal \u00e7ok oyunculu ve rekabet\u00e7i y\u00f6nler, oyunu kripto topluluklar\u0131 i\u00e7in m\u00fckemmel bir se\u00e7im haline getiriyor.<\/p>\n<p>Kripto para birimini destekleyen bir \u00e7evrimi\u00e7i kumarhane ar\u0131yorsan\u0131z akl\u0131n\u0131zda bulundurman\u0131z gereken birka\u00e7 \u015fey vard\u0131r.<\/p>\n<figure class=\"wp-block-table\">\n<table>\n<tbody>\n<tr>\n<td><strong>CAS\u0130NOLARDA YAYGIN OLARAK KABUL ED\u0130LEN KR\u0130PTO PARALAR<\/strong><\/td>\n<\/tr>\n<tr>\n<td><strong>Bitcoin (BTC)<\/strong><\/td>\n<\/tr>\n<tr>\n<td><strong>Ethereum (ETH)<\/strong><\/td>\n<\/tr>\n<tr>\n<td><strong>Bitcoin Nakit (BCH)<\/strong><\/td>\n<\/tr>\n<tr>\n<td><strong>Litecoin (LTC)<\/strong><\/td>\n<\/tr>\n<tr>\n<td><strong>Dogecoin (DOGE)<\/strong><\/td>\n<\/tr>\n<\/tbody>\n<\/table>\n<\/figure>\n<p><img loading=\"lazy\" decoding=\"async\" class=\"alignnone size-full wp-image-356\" src=\"https:\/\/aviator-slotgame.com\/wp-content\/uploads\/Aviator-29-800-x-600-\u043f\u0438\u043a\u0441-1.jpg\" alt=\"\u00c7evrimi\u00e7i kumarhanelerde kriptoyla \u00f6deme\" width=\"800\" height=\"600\" srcset=\"https:\/\/aviator-slotgame.com\/wp-content\/uploads\/Aviator-29-800-x-600-\u043f\u0438\u043a\u0441-1.jpg 800w, https:\/\/aviator-slotgame.com\/wp-content\/uploads\/Aviator-29-800-x-600-\u043f\u0438\u043a\u0441-1-300x225.jpg 300w, https:\/\/aviator-slotgame.com\/wp-content\/uploads\/Aviator-29-800-x-600-\u043f\u0438\u043a\u0441-1-768x576.jpg 768w, https:\/\/aviator-slotgame.com\/wp-content\/uploads\/Aviator-29-800-x-600-\u043f\u0438\u043a\u0441-1-16x12.jpg 16w\" sizes=\"auto, (max-width: 800px) 100vw, 800px\" \/><\/p>\n<h2 id=\"h-the-social-experience\">Sosyal deneyim<\/h2>\n<p>Aviator&#039;da di\u011fer oyuncularla ger\u00e7ek zamanl\u0131 olarak sohbet edebilir, kendi profil foto\u011fraf\u0131n\u0131z\u0131 olu\u015fturabilir, birbirinizin bahislerini g\u00f6r\u00fcnt\u00fcleyebilir ve en y\u00fcksek kazanc\u0131n\u0131z\u0131 g\u00f6sterebilirsiniz! Ve bunlar\u0131n hepsi \u00e7evrimi\u00e7i!<\/p>\n<p>\u00c7ok az say\u0131da slot benzeri oyun, oyunculara Aviator&#039;\u0131n yapt\u0131\u011f\u0131 gibi ileti\u015fim kurma ve birbirlerinin bahislerini takip etme f\u0131rsat\u0131 sunar. \u00c7evrimi\u00e7i \u00e7ok oyunculu oyun hissi, insanlar\u0131n genellikle izole oldu\u011fu ve en sevdikleri makaralar\u0131 tek ba\u015f\u0131na d\u00f6nd\u00fcrd\u00fc\u011f\u00fc kumarhane d\u00fcnyas\u0131nda nadirdir. Normal bir kumarhanede yaln\u0131z olabilirsiniz, ancak sitelerde bu 100 kat daha kolayd\u0131r.<\/p>\n<p><img loading=\"lazy\" decoding=\"async\" class=\"alignnone size-full wp-image-365\" src=\"https:\/\/aviator-slotgame.com\/wp-content\/uploads\/Aviator-33-800-x-600-\u043f\u0438\u043a\u0441.jpg\" alt=\"Aviator&#039;da Sosyal Deneyim\" width=\"800\" height=\"600\" srcset=\"https:\/\/aviator-slotgame.com\/wp-content\/uploads\/Aviator-33-800-x-600-\u043f\u0438\u043a\u0441.jpg 800w, https:\/\/aviator-slotgame.com\/wp-content\/uploads\/Aviator-33-800-x-600-\u043f\u0438\u043a\u0441-300x225.jpg 300w, https:\/\/aviator-slotgame.com\/wp-content\/uploads\/Aviator-33-800-x-600-\u043f\u0438\u043a\u0441-768x576.jpg 768w, https:\/\/aviator-slotgame.com\/wp-content\/uploads\/Aviator-33-800-x-600-\u043f\u0438\u043a\u0441-16x12.jpg 16w\" sizes=\"auto, (max-width: 800px) 100vw, 800px\" \/><\/p>\n<h2 id=\"h-aviator-mobile-devices\">Havac\u0131 mobil cihazlar\u0131<\/h2>\n<p>Favori casino siteniz sitenin mobil bir versiyonunu veya \u00f6zel bir uygulamay\u0131 sunuyorsa, Aviator&#039;\u0131 h\u00fccresel hizmetinizin oldu\u011fu her yerden \u00e7evrimi\u00e7i olarak oynayabilirsiniz. Belki kumsaldas\u0131n ya da kanepedesin. Ya da belki sabah kahveniz i\u00e7in s\u0131rada bekliyorsunuz ve beklerken birka\u00e7 u\u00e7u\u015fa bahis oynamak istiyorsunuz.<\/p>\n<p>Aviator oynuyorsan\u0131z bu harika bir haber; oyun ak\u0131ll\u0131 telefon ekranlar\u0131 i\u00e7in optimize edilmi\u015ftir ve hem Android hem de iOS i\u015fletim sistemlerinde m\u00fckemmel \u015fekilde oynan\u0131r. Kullan\u0131\u015fl\u0131 kontroller sayesinde kolayca bahis oynayabilir, &quot;\u00c7ek&quot; butonuna t\u0131klayabilir ve kazanc\u0131n\u0131z\u0131 istedi\u011finiz yerden \u00e7ekebilirsiniz!<\/p>\n<p><img loading=\"lazy\" decoding=\"async\" class=\"alignnone size-full wp-image-367\" src=\"https:\/\/aviator-slotgame.com\/wp-content\/uploads\/Aviator-34-800-x-600-\u043f\u0438\u043a\u0441.jpg\" alt=\"Aviator&#039;\u0131 telefonlarda oynay\u0131n\" width=\"800\" height=\"600\" srcset=\"https:\/\/aviator-slotgame.com\/wp-content\/uploads\/Aviator-34-800-x-600-\u043f\u0438\u043a\u0441.jpg 800w, https:\/\/aviator-slotgame.com\/wp-content\/uploads\/Aviator-34-800-x-600-\u043f\u0438\u043a\u0441-300x225.jpg 300w, https:\/\/aviator-slotgame.com\/wp-content\/uploads\/Aviator-34-800-x-600-\u043f\u0438\u043a\u0441-768x576.jpg 768w, https:\/\/aviator-slotgame.com\/wp-content\/uploads\/Aviator-34-800-x-600-\u043f\u0438\u043a\u0441-16x12.jpg 16w\" sizes=\"auto, (max-width: 800px) 100vw, 800px\" \/><\/p>\n<h2 id=\"h-the-bottom-line\">Sonu\u00e7 olarak<\/h2>\n<p>Heyecan verici ve yeni bir \u00e7evrimi\u00e7i kumarhane ar\u0131yorsan\u0131z, Aviator by Spribe&#039;dan ba\u015fkas\u0131na bakmay\u0131n. D\u00fc\u015f\u00fck bahis oranlar\u0131 ve \u00f6\u011frenmesi kolay kurallar\u0131yla bu kumarhanede herkes i\u00e7in bir \u015feyler var. \u00dcstelik Aviator, sosyal y\u00f6n\u00fc ve kripto para birimi deste\u011fiyle \u00e7evrimi\u00e7i heyecan\u0131n\u0131z\u0131 bir \u00fcst seviyeye ta\u015f\u0131yabilir! Ne i\u00e7in bekliyorsun? Bug\u00fcn deneyin ve neden \u015fehirdeki en yeni oyunlardan biri oldu\u011funu \u00f6\u011frenin!<\/p>\n<p>\u0130yi u\u00e7u\u015flar!<\/p>\n<p><img loading=\"lazy\" decoding=\"async\" class=\"alignnone size-full wp-image-369\" src=\"https:\/\/aviator-slotgame.com\/wp-content\/uploads\/Aviator-35-800-x-600-\u043f\u0438\u043a\u0441.jpg\" alt=\"Sonu\u00e7lar\" width=\"800\" height=\"600\" srcset=\"https:\/\/aviator-slotgame.com\/wp-content\/uploads\/Aviator-35-800-x-600-\u043f\u0438\u043a\u0441.jpg 800w, https:\/\/aviator-slotgame.com\/wp-content\/uploads\/Aviator-35-800-x-600-\u043f\u0438\u043a\u0441-300x225.jpg 300w, https:\/\/aviator-slotgame.com\/wp-content\/uploads\/Aviator-35-800-x-600-\u043f\u0438\u043a\u0441-768x576.jpg 768w, https:\/\/aviator-slotgame.com\/wp-content\/uploads\/Aviator-35-800-x-600-\u043f\u0438\u043a\u0441-16x12.jpg 16w\" sizes=\"auto, (max-width: 800px) 100vw, 800px\" \/><\/p>\n<h2 id=\"h-frequently-asked-questions-faq\">S\u0131k Sorulan Sorular (SSS)<\/h2>\n<h3 id=\"h-is-aviator-legal\">Aviator oyunu yasal m\u0131?<\/h3>\n<p>Evet. Aviator 100% yasald\u0131r. Bu oyunu sunan \u00e7evrimi\u00e7i casinolar da b\u00f6lgelerindeki ilgili devlet yetkilileri taraf\u0131ndan yasald\u0131r, lisanslan\u0131r ve denetlenir.<\/p>\n<h3 id=\"h-who-makes-aviator\">Aviator&#039;\u0131 kim yapar?<\/h3>\n<p>Aviator Spribe taraf\u0131ndan yarat\u0131ld\u0131.<\/p>\n<p>Spribe, d\u00fcnya \u00e7ap\u0131ndaki siteler i\u00e7in \u00e7ok \u00e7e\u015fitli \u00e7evrimi\u00e7i oyunlar\u0131 destekler ve geli\u015ftirir.<\/p>\n<h3 id=\"h-are-online-casinos-rigged\">\u00c7evrimi\u00e7i Kumarhaneler Doland\u0131r\u0131c\u0131l\u0131k m\u0131d\u0131r?<\/h3>\n<p>Oynamak i\u00e7in sayg\u0131n, lisansl\u0131 siteleri se\u00e7erseniz, bu siteler kesinlikle hileli DE\u011e\u0130LD\u0130R.<\/p>\n<h3 id=\"h-is-aviator-fair\">Aviator d\u00fcr\u00fcst m\u00fc?<\/h3>\n<p>\u00c7evrimi\u00e7i kumardan \u015f\u00fcphelenmek kolayd\u0131r. Anl\u0131yoruz. Ancak Aviator t\u00fcm piyasadaki en adil ve en \u015feffaf casino oyunudur.<\/p>\n<p>Spribe, her turun tamamen rastgele ve adil olmas\u0131n\u0131 sa\u011flamak i\u00e7in Kan\u0131tlanabilir Adil Teknoloji ad\u0131n\u0131 verdi\u011fi teknolojiyi kullan\u0131yor. Canl\u0131 oyunlardan birini oynuyorsan\u0131z ekran\u0131n alt k\u0131sm\u0131ndaki veya bahsinizin yan\u0131ndaki ye\u015fil kalkan simgesine t\u0131klayarak bu bilgiyi g\u00f6rebilirsiniz.<\/p>\n\n<div style=\"font-size: 0px; height: 0px; line-height: 0px; margin: 0; padding: 0; clear: both;\"><\/div>","protected":false},"excerpt":{"rendered":"<p>Aviator sunan \u00e7evrimi\u00e7i casinolar\u0131 m\u0131 ar\u0131yorsunuz? Do\u011fru yere geldiniz! \u00c7evrimi\u00e7i bir kumarhanede oynamak heyecan verici ve e\u011flenceli olabilir<\/p>","protected":false},"author":1,"featured_media":0,"parent":0,"menu_order":0,"comment_status":"closed","ping_status":"closed","template":"","meta":{"footnotes":""},"class_list":["post-29","page","type-page","status-publish","hentry"],"yoast_head":"<!-- This site is optimized with the Yoast SEO plugin v22.0 - https:\/\/yoast.com\/wordpress\/plugins\/seo\/ -->\n<title>Aviator \u043e\u0442 Spribe \u2013 \u041f\u043e\u043f\u0443\u043b\u044f\u0440\u043d\u0430\u044f \u0438\u0433\u0440\u0430 \u0441 \u0432\u044b\u0441\u043e\u043a\u0438\u043c\u0438 \u0432\u044b\u0438\u0433\u0440\u044b\u0448\u0430\u043c\u0438<\/title>\n<meta name=\"description\" content=\"\u041a\u0440\u0430\u0448-\u0438\u0433\u0440\u0430 \u0410\u0432\u0438\u0430\u0442\u043e\u0440 \u043e\u0442 Spribe \u2013 \u043b\u0443\u0447\u0448\u0438\u0439 \u0441\u043b\u043e\u0442 \u0434\u043b\u044f \u0430\u0437\u0430\u0440\u0442\u043d\u044b\u0445 \u0438\u0433\u0440\u043e\u043a\u043e\u0432. \u0421\u043b\u0435\u0434\u0438 \u0437\u0430 \u0441\u0430\u043c\u043e\u043b\u0435\u0442\u043e\u043c \u0438 \u0438\u0433\u0440\u0430\u0439 \u043d\u0430 \u0434\u0435\u043d\u044c\u0433\u0438 \u0432 \u043e\u043d\u043b\u0430\u0439\u043d \u043a\u0430\u0437\u0438\u043d\u043e, \u0438\u0433\u0440\u0430\u0439 \u0441 \u043c\u043e\u0431\u0438\u043b\u044c\u043d\u043e\u0433\u043e \u0438\u043b\u0438 \u0441\u043a\u0430\u0447\u0430\u0439 \u043d\u0430 \u0442\u0435\u043b\u0435\u0444\u043e\u043d.\" \/>\n<meta name=\"robots\" content=\"index, follow, max-snippet:-1, max-image-preview:large, max-video-preview:-1\" \/>\n<link rel=\"canonical\" href=\"https:\/\/aviator-slotgame.com\/tr\/spribeden-aviator-ile-online-casinolar\/\" \/>\n<meta property=\"og:locale\" content=\"tr_TR\" \/>\n<meta property=\"og:type\" content=\"article\" \/>\n<meta property=\"og:title\" content=\"Aviator \u043e\u0442 Spribe \u2013 \u041f\u043e\u043f\u0443\u043b\u044f\u0440\u043d\u0430\u044f \u0438\u0433\u0440\u0430 \u0441 \u0432\u044b\u0441\u043e\u043a\u0438\u043c\u0438 \u0432\u044b\u0438\u0433\u0440\u044b\u0448\u0430\u043c\u0438\" \/>\n<meta property=\"og:description\" content=\"\u041a\u0440\u0430\u0448-\u0438\u0433\u0440\u0430 \u0410\u0432\u0438\u0430\u0442\u043e\u0440 \u043e\u0442 Spribe \u2013 \u043b\u0443\u0447\u0448\u0438\u0439 \u0441\u043b\u043e\u0442 \u0434\u043b\u044f \u0430\u0437\u0430\u0440\u0442\u043d\u044b\u0445 \u0438\u0433\u0440\u043e\u043a\u043e\u0432. \u0421\u043b\u0435\u0434\u0438 \u0437\u0430 \u0441\u0430\u043c\u043e\u043b\u0435\u0442\u043e\u043c \u0438 \u0438\u0433\u0440\u0430\u0439 \u043d\u0430 \u0434\u0435\u043d\u044c\u0433\u0438 \u0432 \u043e\u043d\u043b\u0430\u0439\u043d \u043a\u0430\u0437\u0438\u043d\u043e, \u0438\u0433\u0440\u0430\u0439 \u0441 \u043c\u043e\u0431\u0438\u043b\u044c\u043d\u043e\u0433\u043e \u0438\u043b\u0438 \u0441\u043a\u0430\u0447\u0430\u0439 \u043d\u0430 \u0442\u0435\u043b\u0435\u0444\u043e\u043d.\" \/>\n<meta property=\"og:url\" content=\"https:\/\/aviator-slotgame.com\/tr\/spribeden-aviator-ile-online-casinolar\/\" \/>\n<meta property=\"og:site_name\" content=\"Aviator\" \/>\n<meta property=\"article:modified_time\" content=\"2024-10-04T00:04:28+00:00\" \/>\n<meta property=\"og:image\" content=\"https:\/\/aviator-slotgame.com\/wp-content\/uploads\/aviator-2.png\" \/>\n<meta name=\"twitter:card\" content=\"summary_large_image\" \/>\n<meta name=\"twitter:label1\" content=\"Tahmini okuma s\u00fcresi\" \/>\n\t<meta name=\"twitter:data1\" content=\"5 dakika\" \/>\n<script type=\"application\/ld+json\" class=\"yoast-schema-graph\">{\"@context\":\"https:\/\/schema.org\",\"@graph\":[{\"@type\":\"WebPage\",\"@id\":\"https:\/\/aviator-slotgame.com\/aviator-by-spribe\/\",\"url\":\"https:\/\/aviator-slotgame.com\/aviator-by-spribe\/\",\"name\":\"Aviator \u043e\u0442 Spribe \u2013 \u041f\u043e\u043f\u0443\u043b\u044f\u0440\u043d\u0430\u044f \u0438\u0433\u0440\u0430 \u0441 \u0432\u044b\u0441\u043e\u043a\u0438\u043c\u0438 \u0432\u044b\u0438\u0433\u0440\u044b\u0448\u0430\u043c\u0438\",\"isPartOf\":{\"@id\":\"https:\/\/aviator-slotgame.com\/#website\"},\"datePublished\":\"2024-01-31T12:59:48+00:00\",\"dateModified\":\"2024-10-04T00:04:28+00:00\",\"description\":\"\u041a\u0440\u0430\u0448-\u0438\u0433\u0440\u0430 \u0410\u0432\u0438\u0430\u0442\u043e\u0440 \u043e\u0442 Spribe \u2013 \u043b\u0443\u0447\u0448\u0438\u0439 \u0441\u043b\u043e\u0442 \u0434\u043b\u044f \u0430\u0437\u0430\u0440\u0442\u043d\u044b\u0445 \u0438\u0433\u0440\u043e\u043a\u043e\u0432. \u0421\u043b\u0435\u0434\u0438 \u0437\u0430 \u0441\u0430\u043c\u043e\u043b\u0435\u0442\u043e\u043c \u0438 \u0438\u0433\u0440\u0430\u0439 \u043d\u0430 \u0434\u0435\u043d\u044c\u0433\u0438 \u0432 \u043e\u043d\u043b\u0430\u0439\u043d \u043a\u0430\u0437\u0438\u043d\u043e, \u0438\u0433\u0440\u0430\u0439 \u0441 \u043c\u043e\u0431\u0438\u043b\u044c\u043d\u043e\u0433\u043e \u0438\u043b\u0438 \u0441\u043a\u0430\u0447\u0430\u0439 \u043d\u0430 \u0442\u0435\u043b\u0435\u0444\u043e\u043d.\",\"breadcrumb\":{\"@id\":\"https:\/\/aviator-slotgame.com\/aviator-by-spribe\/#breadcrumb\"},\"inLanguage\":\"tr\",\"potentialAction\":[{\"@type\":\"ReadAction\",\"target\":[\"https:\/\/aviator-slotgame.com\/aviator-by-spribe\/\"]}]},{\"@type\":\"BreadcrumbList\",\"@id\":\"https:\/\/aviator-slotgame.com\/aviator-by-spribe\/#breadcrumb\",\"itemListElement\":[{\"@type\":\"ListItem\",\"position\":1,\"name\":\"Home\",\"item\":\"https:\/\/aviator-slotgame.com\/\"},{\"@type\":\"ListItem\",\"position\":2,\"name\":\"\u041e\u043d\u043b\u0430\u0439\u043d \u043a\u0430\u0437\u0438\u043d\u043e \u0441 \u0410\u0432\u0438\u0430\u0442\u043e\u0440\u043e\u043c \u043e\u0442 Spribe\"}]},{\"@type\":\"WebSite\",\"@id\":\"https:\/\/aviator-slotgame.com\/#website\",\"url\":\"https:\/\/aviator-slotgame.com\/\",\"name\":\"Aviator\",\"description\":\"\",\"publisher\":{\"@id\":\"https:\/\/aviator-slotgame.com\/#organization\"},\"potentialAction\":[{\"@type\":\"SearchAction\",\"target\":{\"@type\":\"EntryPoint\",\"urlTemplate\":\"https:\/\/aviator-slotgame.com\/?s={search_term_string}\"},\"query-input\":\"required name=search_term_string\"}],\"inLanguage\":\"tr\"},{\"@type\":\"Organization\",\"@id\":\"https:\/\/aviator-slotgame.com\/#organization\",\"name\":\"Aviator\",\"url\":\"https:\/\/aviator-slotgame.com\/\",\"logo\":{\"@type\":\"ImageObject\",\"inLanguage\":\"tr\",\"@id\":\"https:\/\/aviator-slotgame.com\/#\/schema\/logo\/image\/\",\"url\":\"https:\/\/aviator-slotgame.com\/wp-content\/uploads\/16f5e8_dade544d4623411c9c4153c639aae85amv2.webp\",\"contentUrl\":\"https:\/\/aviator-slotgame.com\/wp-content\/uploads\/16f5e8_dade544d4623411c9c4153c639aae85amv2.webp\",\"width\":400,\"height\":300,\"caption\":\"Aviator\"},\"image\":{\"@id\":\"https:\/\/aviator-slotgame.com\/#\/schema\/logo\/image\/\"}}]}<\/script>\n<!-- \/ Yoast SEO plugin. -->","yoast_head_json":{"title":"Aviator \u043e\u0442 Spribe \u2013 \u041f\u043e\u043f\u0443\u043b\u044f\u0440\u043d\u0430\u044f \u0438\u0433\u0440\u0430 \u0441 \u0432\u044b\u0441\u043e\u043a\u0438\u043c\u0438 \u0432\u044b\u0438\u0433\u0440\u044b\u0448\u0430\u043c\u0438","description":"\u041a\u0440\u0430\u0448-\u0438\u0433\u0440\u0430 \u0410\u0432\u0438\u0430\u0442\u043e\u0440 \u043e\u0442 Spribe \u2013 \u043b\u0443\u0447\u0448\u0438\u0439 \u0441\u043b\u043e\u0442 \u0434\u043b\u044f \u0430\u0437\u0430\u0440\u0442\u043d\u044b\u0445 \u0438\u0433\u0440\u043e\u043a\u043e\u0432. \u0421\u043b\u0435\u0434\u0438 \u0437\u0430 \u0441\u0430\u043c\u043e\u043b\u0435\u0442\u043e\u043c \u0438 \u0438\u0433\u0440\u0430\u0439 \u043d\u0430 \u0434\u0435\u043d\u044c\u0433\u0438 \u0432 \u043e\u043d\u043b\u0430\u0439\u043d \u043a\u0430\u0437\u0438\u043d\u043e, \u0438\u0433\u0440\u0430\u0439 \u0441 \u043c\u043e\u0431\u0438\u043b\u044c\u043d\u043e\u0433\u043e \u0438\u043b\u0438 \u0441\u043a\u0430\u0447\u0430\u0439 \u043d\u0430 \u0442\u0435\u043b\u0435\u0444\u043e\u043d.","robots":{"index":"index","follow":"follow","max-snippet":"max-snippet:-1","max-image-preview":"max-image-preview:large","max-video-preview":"max-video-preview:-1"},"canonical":"https:\/\/aviator-slotgame.com\/tr\/spribeden-aviator-ile-online-casinolar\/","og_locale":"tr_TR","og_type":"article","og_title":"Aviator \u043e\u0442 Spribe \u2013 \u041f\u043e\u043f\u0443\u043b\u044f\u0440\u043d\u0430\u044f \u0438\u0433\u0440\u0430 \u0441 \u0432\u044b\u0441\u043e\u043a\u0438\u043c\u0438 \u0432\u044b\u0438\u0433\u0440\u044b\u0448\u0430\u043c\u0438","og_description":"\u041a\u0440\u0430\u0448-\u0438\u0433\u0440\u0430 \u0410\u0432\u0438\u0430\u0442\u043e\u0440 \u043e\u0442 Spribe \u2013 \u043b\u0443\u0447\u0448\u0438\u0439 \u0441\u043b\u043e\u0442 \u0434\u043b\u044f \u0430\u0437\u0430\u0440\u0442\u043d\u044b\u0445 \u0438\u0433\u0440\u043e\u043a\u043e\u0432. \u0421\u043b\u0435\u0434\u0438 \u0437\u0430 \u0441\u0430\u043c\u043e\u043b\u0435\u0442\u043e\u043c \u0438 \u0438\u0433\u0440\u0430\u0439 \u043d\u0430 \u0434\u0435\u043d\u044c\u0433\u0438 \u0432 \u043e\u043d\u043b\u0430\u0439\u043d \u043a\u0430\u0437\u0438\u043d\u043e, \u0438\u0433\u0440\u0430\u0439 \u0441 \u043c\u043e\u0431\u0438\u043b\u044c\u043d\u043e\u0433\u043e \u0438\u043b\u0438 \u0441\u043a\u0430\u0447\u0430\u0439 \u043d\u0430 \u0442\u0435\u043b\u0435\u0444\u043e\u043d.","og_url":"https:\/\/aviator-slotgame.com\/tr\/spribeden-aviator-ile-online-casinolar\/","og_site_name":"Aviator","article_modified_time":"2024-10-04T00:04:28+00:00","og_image":[{"url":"https:\/\/aviator-slotgame.com\/wp-content\/uploads\/aviator-2.png"}],"twitter_card":"summary_large_image","twitter_misc":{"Tahmini okuma s\u00fcresi":"5 dakika"},"schema":{"@context":"https:\/\/schema.org","@graph":[{"@type":"WebPage","@id":"https:\/\/aviator-slotgame.com\/aviator-by-spribe\/","url":"https:\/\/aviator-slotgame.com\/aviator-by-spribe\/","name":"Aviator \u043e\u0442 Spribe \u2013 \u041f\u043e\u043f\u0443\u043b\u044f\u0440\u043d\u0430\u044f \u0438\u0433\u0440\u0430 \u0441 \u0432\u044b\u0441\u043e\u043a\u0438\u043c\u0438 \u0432\u044b\u0438\u0433\u0440\u044b\u0448\u0430\u043c\u0438","isPartOf":{"@id":"https:\/\/aviator-slotgame.com\/#website"},"datePublished":"2024-01-31T12:59:48+00:00","dateModified":"2024-10-04T00:04:28+00:00","description":"\u041a\u0440\u0430\u0448-\u0438\u0433\u0440\u0430 \u0410\u0432\u0438\u0430\u0442\u043e\u0440 \u043e\u0442 Spribe \u2013 \u043b\u0443\u0447\u0448\u0438\u0439 \u0441\u043b\u043e\u0442 \u0434\u043b\u044f \u0430\u0437\u0430\u0440\u0442\u043d\u044b\u0445 \u0438\u0433\u0440\u043e\u043a\u043e\u0432. \u0421\u043b\u0435\u0434\u0438 \u0437\u0430 \u0441\u0430\u043c\u043e\u043b\u0435\u0442\u043e\u043c \u0438 \u0438\u0433\u0440\u0430\u0439 \u043d\u0430 \u0434\u0435\u043d\u044c\u0433\u0438 \u0432 \u043e\u043d\u043b\u0430\u0439\u043d \u043a\u0430\u0437\u0438\u043d\u043e, \u0438\u0433\u0440\u0430\u0439 \u0441 \u043c\u043e\u0431\u0438\u043b\u044c\u043d\u043e\u0433\u043e \u0438\u043b\u0438 \u0441\u043a\u0430\u0447\u0430\u0439 \u043d\u0430 \u0442\u0435\u043b\u0435\u0444\u043e\u043d.","breadcrumb":{"@id":"https:\/\/aviator-slotgame.com\/aviator-by-spribe\/#breadcrumb"},"inLanguage":"tr","potentialAction":[{"@type":"ReadAction","target":["https:\/\/aviator-slotgame.com\/aviator-by-spribe\/"]}]},{"@type":"BreadcrumbList","@id":"https:\/\/aviator-slotgame.com\/aviator-by-spribe\/#breadcrumb","itemListElement":[{"@type":"ListItem","position":1,"name":"Home","item":"https:\/\/aviator-slotgame.com\/"},{"@type":"ListItem","position":2,"name":"\u041e\u043d\u043b\u0430\u0439\u043d \u043a\u0430\u0437\u0438\u043d\u043e \u0441 \u0410\u0432\u0438\u0430\u0442\u043e\u0440\u043e\u043c \u043e\u0442 Spribe"}]},{"@type":"WebSite","@id":"https:\/\/aviator-slotgame.com\/#website","url":"https:\/\/aviator-slotgame.com\/","name":"Aviator","description":"","publisher":{"@id":"https:\/\/aviator-slotgame.com\/#organization"},"potentialAction":[{"@type":"SearchAction","target":{"@type":"EntryPoint","urlTemplate":"https:\/\/aviator-slotgame.com\/?s={search_term_string}"},"query-input":"required name=search_term_string"}],"inLanguage":"tr"},{"@type":"Organization","@id":"https:\/\/aviator-slotgame.com\/#organization","name":"Aviator","url":"https:\/\/aviator-slotgame.com\/","logo":{"@type":"ImageObject","inLanguage":"tr","@id":"https:\/\/aviator-slotgame.com\/#\/schema\/logo\/image\/","url":"https:\/\/aviator-slotgame.com\/wp-content\/uploads\/16f5e8_dade544d4623411c9c4153c639aae85amv2.webp","contentUrl":"https:\/\/aviator-slotgame.com\/wp-content\/uploads\/16f5e8_dade544d4623411c9c4153c639aae85amv2.webp","width":400,"height":300,"caption":"Aviator"},"image":{"@id":"https:\/\/aviator-slotgame.com\/#\/schema\/logo\/image\/"}}]}},"amp_enabled":true,"_links":{"self":[{"href":"https:\/\/aviator-slotgame.com\/tr\/wp-json\/wp\/v2\/pages\/29","targetHints":{"allow":["GET"]}}],"collection":[{"href":"https:\/\/aviator-slotgame.com\/tr\/wp-json\/wp\/v2\/pages"}],"about":[{"href":"https:\/\/aviator-slotgame.com\/tr\/wp-json\/wp\/v2\/types\/page"}],"author":[{"embeddable":true,"href":"https:\/\/aviator-slotgame.com\/tr\/wp-json\/wp\/v2\/users\/1"}],"replies":[{"embeddable":true,"href":"https:\/\/aviator-slotgame.com\/tr\/wp-json\/wp\/v2\/comments?post=29"}],"version-history":[{"count":13,"href":"https:\/\/aviator-slotgame.com\/tr\/wp-json\/wp\/v2\/pages\/29\/revisions"}],"predecessor-version":[{"id":413,"href":"https:\/\/aviator-slotgame.com\/tr\/wp-json\/wp\/v2\/pages\/29\/revisions\/413"}],"wp:attachment":[{"href":"https:\/\/aviator-slotgame.com\/tr\/wp-json\/wp\/v2\/media?parent=29"}],"curies":[{"name":"wp","href":"https:\/\/api.w.org\/{rel}","templated":true}]}}