{"id":31,"date":"2024-01-31T13:01:43","date_gmt":"2024-01-31T13:01:43","guid":{"rendered":"https:\/\/aviator-slotgame.com\/?page_id=31"},"modified":"2024-10-03T23:08:38","modified_gmt":"2024-10-03T23:08:38","slug":"download-apk-games","status":"publish","type":"page","link":"https:\/\/aviator-slotgame.com\/tr\/aviator-oyunu-apksini-simdi-indirin\/","title":{"rendered":"Android s\u00fcr\u00fcm\u00fc i\u00e7in Aviator APK&#039;s\u0131n\u0131 hemen y\u00fckleyin"},"content":{"rendered":"<div class=\"2cc50155eac92949667cb114f6c245c0\" data-index=\"1\" style=\"float: none; margin:10px 0 10px 0; text-align:center;\">\n<div class=\"custom-play-button\">\r\n<center><a href=\"https:\/\/aviator-slotgame.com\/tr\/play-game\/\" rel=\"nofollow\" target=\"_blank\">\u015eimdi oyna<\/a><br><\/center>\r\n<\/div>\n<\/div>\n<p>Aviator, Spribe&#039;\u0131n oyun becerilerinizi s\u0131n\u0131rlar\u0131na kadar test edecek heyecan verici bir \u00e7evrimi\u00e7i casino oyunudur. \u00d6\u011frenmesi kolay kurallar\u0131 olan bu oyun saatlerce e\u011flence sa\u011flayacak. Daha da s\u00fcr\u00fckleyici ve ta\u015f\u0131nabilir bir deneyim isteyenler i\u00e7in, genel olarak Aviator oyuncular\u0131 ve kumarbazlar i\u00e7in \u00f6zel olarak tasarlanm\u0131\u015f \u00e7e\u015fitli mobil uygulamalar bulunmaktad\u0131r.<\/p>\n<p><img loading=\"lazy\" decoding=\"async\" class=\"alignnone size-full wp-image-204\" title=\"Aviator oyununun APK&#039;s\u0131n\u0131 hemen indirin\" src=\"https:\/\/aviator-slotgame.com\/wp-content\/uploads\/aviator-4.png\" alt=\"Aviator oyununun APK&#039;s\u0131n\u0131 hemen indirin\" width=\"800\" height=\"445\" srcset=\"https:\/\/aviator-slotgame.com\/wp-content\/uploads\/aviator-4.png 800w, https:\/\/aviator-slotgame.com\/wp-content\/uploads\/aviator-4-300x167.png 300w, https:\/\/aviator-slotgame.com\/wp-content\/uploads\/aviator-4-768x427.png 768w, https:\/\/aviator-slotgame.com\/wp-content\/uploads\/aviator-4-18x10.png 18w\" sizes=\"auto, (max-width: 800px) 100vw, 800px\" \/><\/p>\n<h2 id=\"h-what-is-an-android-apk\">Android i\u00e7in APK nedir?<\/h2>\n<p>Android APK dosyas\u0131, \u00f6zellikle Android i\u015fletim sistemine indirmek i\u00e7in olu\u015fturulmu\u015f \u00f6zel bir dosya t\u00fcr\u00fcd\u00fcr. Uygulamay\u0131 bir Android cihazda \u00e7al\u0131\u015ft\u0131rmak i\u00e7in gerekli t\u00fcm dosyalar\u0131 ve kodlar\u0131 i\u00e7erir. Dosyalar tek bir dosyada s\u0131k\u0131\u015ft\u0131r\u0131larak uygulamalar\u0131n aktar\u0131lmas\u0131, payla\u015f\u0131lmas\u0131 ve kurulmas\u0131 kolayla\u015f\u0131r.<\/p>\n<p>APK dosyas\u0131, Windows Installer paketleri veya Mac OSX uygulamalar\u0131 gibi di\u011fer yaz\u0131l\u0131m y\u00fckleme paketi t\u00fcrlerine benzer.<\/p><div class=\"2cc50155eac92949667cb114f6c245c0\" data-index=\"1\" style=\"float: none; margin:10px 0 10px 0; text-align:center;\">\n<div class=\"custom-play-button\">\r\n<center><a href=\"https:\/\/aviator-slotgame.com\/tr\/play-game\/\" rel=\"nofollow\" target=\"_blank\">\u015eimdi oyna<\/a><br><\/center>\r\n<\/div>\n<\/div>\n\n<p>APK dosyas\u0131n\u0131n amac\u0131 bizim gibi Aviator oyuncular\u0131na Google Play Store&#039;da bulunmayan uygulamalar\u0131 indirip y\u00fcklemenin kolay bir yolunu sa\u011flamakt\u0131r. Hemen hemen her \u00f6nde gelen \u00e7evrimi\u00e7i casino sitesinin bir mobil uygulamas\u0131 vard\u0131r, ancak neredeyse hi\u00e7biri resmi Play Store&#039;dan indirilemez.<\/p>\n<p><img loading=\"lazy\" decoding=\"async\" class=\"alignnone size-full wp-image-345\" src=\"https:\/\/aviator-slotgame.com\/wp-content\/uploads\/Aviator-25-800-x-600-\u043f\u0438\u043a\u0441.jpg\" alt=\"Android i\u00e7in APK\" width=\"800\" height=\"600\" srcset=\"https:\/\/aviator-slotgame.com\/wp-content\/uploads\/Aviator-25-800-x-600-\u043f\u0438\u043a\u0441.jpg 800w, https:\/\/aviator-slotgame.com\/wp-content\/uploads\/Aviator-25-800-x-600-\u043f\u0438\u043a\u0441-300x225.jpg 300w, https:\/\/aviator-slotgame.com\/wp-content\/uploads\/Aviator-25-800-x-600-\u043f\u0438\u043a\u0441-768x576.jpg 768w, https:\/\/aviator-slotgame.com\/wp-content\/uploads\/Aviator-25-800-x-600-\u043f\u0438\u043a\u0441-16x12.jpg 16w\" sizes=\"auto, (max-width: 800px) 100vw, 800px\" \/><\/p>\n<h2 id=\"h-how-to-download-and-install-the-aviator-apk\">Aviator APK Nas\u0131l \u0130ndirilir ve Kurulur<\/h2>\n<p>Ancak Aviator oyununun APK dosyas\u0131n\u0131 indirebilece\u011finiz g\u00fcvenilir bir kayna\u011f\u0131n\u0131z varsa, Android cihaz\u0131n\u0131za y\u00fcklemek i\u00e7in \u015fu ad\u0131mlar\u0131 izleyin:<\/p>\n<ol>\n<li>Android cihaz\u0131n\u0131zda Ayarlar&#039;a gidin.<\/li>\n<li>G\u00fcvenlik veya G\u00fcvenlik Ayarlar\u0131&#039;n\u0131 bulup a\u00e7\u0131n.<\/li>\n<li>Bilinmeyen kaynaklar veya Uygulamalar\u0131 bilinmeyen kaynaklardan y\u00fckle se\u00e7ene\u011fini etkinle\u015ftirin.<\/li>\n<li>Aviator oyununun indirilen APK dosyas\u0131n\u0131 cihaz\u0131n\u0131zda bulun.<\/li>\n<li>Kurulum i\u015flemine ba\u015flamak i\u00e7in dosyaya t\u0131klay\u0131n.<\/li>\n<li>Kurulduktan sonra Aviator oyununu Android cihaz\u0131n\u0131zda \u00e7al\u0131\u015ft\u0131rabilirsiniz.<\/li>\n<\/ol>\n<p>Resmi olmayan kaynaklardan uygulama indirmenin ve y\u00fcklemenin cihaz\u0131n\u0131z i\u00e7in g\u00fcvenlik riski olu\u015fturabilece\u011fini l\u00fctfen unutmay\u0131n. G\u00fcvenlik risklerinden ka\u00e7\u0131nmak i\u00e7in uygulamalar\u0131n yaln\u0131zca Google Play Store gibi g\u00fcvenilir ve resmi kaynaklardan indirilip y\u00fcklenmesi \u00f6nerilir.<\/p>\n<p><img loading=\"lazy\" decoding=\"async\" class=\"alignnone size-full wp-image-347\" src=\"https:\/\/aviator-slotgame.com\/wp-content\/uploads\/Aviator-26-800-x-600-\u043f\u0438\u043a\u0441.jpg\" alt=\"Aviator APK&#039;s\u0131n\u0131 indirin ve y\u00fckleyin\" width=\"800\" height=\"600\" srcset=\"https:\/\/aviator-slotgame.com\/wp-content\/uploads\/Aviator-26-800-x-600-\u043f\u0438\u043a\u0441.jpg 800w, https:\/\/aviator-slotgame.com\/wp-content\/uploads\/Aviator-26-800-x-600-\u043f\u0438\u043a\u0441-300x225.jpg 300w, https:\/\/aviator-slotgame.com\/wp-content\/uploads\/Aviator-26-800-x-600-\u043f\u0438\u043a\u0441-768x576.jpg 768w, https:\/\/aviator-slotgame.com\/wp-content\/uploads\/Aviator-26-800-x-600-\u043f\u0438\u043a\u0441-16x12.jpg 16w\" sizes=\"auto, (max-width: 800px) 100vw, 800px\" \/><\/p>\n<h2 id=\"h-frequently-asked-questions-faq\">S\u0131k Sorulan Sorular (SSS)<\/h2>\n<h3 id=\"h-are-apks-safe-for-my-device\">APK&#039;lar cihaz\u0131m i\u00e7in g\u00fcvenli mi?<\/h3>\n<p>Evet, indirdi\u011finiz siteye g\u00fcveniyorsan\u0131z. Her zaman APKMirror gibi g\u00fcvenilir bir kaynaktan veya uygulaman\u0131n resmi web sitesinden indirdi\u011finizden emin olun.<\/p>\n<p>Not: K\u00f6t\u00fc ama\u00e7l\u0131 dosyalar mevcuttur; Kaynaklar\u0131n\u0131z\u0131 her zaman iki kez kontrol edin.<\/p>\n<h3 id=\"h-are-apks-illegal\">APK&#039;lar yasa d\u0131\u015f\u0131 m\u0131?<\/h3>\n<p>Hay\u0131r, Aviator&#039;\u0131 sunan en iyi casinolar\u0131n \u00e7o\u011funda yasal olan indirilebilir uygulamalar bulunur. Kumarhane resmi Android mobil ma\u011fazalar\u0131nda mevcut de\u011fildir.<\/p>\n<h3 id=\"h-can-you-play-aviator-for-free\">Aviator&#039;\u0131 \u00fccretsiz oynayabilir misin?<\/h3>\n<p>\u0130OS ve Google Play&#039;de bir\u00e7ok \u00fccretsiz Aviator uygulamas\u0131 bulunmaktad\u0131r. Bu indirilebilir oyunlar, ger\u00e7ek para, kredi veya ki\u015fi kullanmadan canl\u0131 bir oyun odas\u0131 deneyimini sim\u00fcle eder.<\/p>\n<p>\u00dccretsiz Aviator&#039;\u0131n ana dezavantaj\u0131, sohbette ger\u00e7ek arkada\u015flar\u0131n olmamas\u0131 ve nakde \u00e7evrilebilecek ger\u00e7ek kazan\u00e7lard\u0131r.<\/p>\n<h3 id=\"h-can-i-install-an-apk-on-my-ios-device\">APK&#039;yi iOS cihaz\u0131ma y\u00fckleyebilir miyim?<\/h3>\n<p>HAYIR. APK, Android Paketi anlam\u0131na gelir. Bu dosya t\u00fcr\u00fc yaln\u0131zca Android cihazlara indirmek i\u00e7in tasarlanm\u0131\u015ft\u0131r. iPhone gibi Apple cihazlar\u0131 bu t\u00fcr uygulamalarla \u00e7al\u0131\u015fmaz.<\/p>\n<h3 id=\"h-can-we-hack-the-aviator-game\">Aviator oyununu hacklemek m\u00fcmk\u00fcn m\u00fc?<\/h3>\n<p>APK veya iOS uygulamas\u0131n\u0131 indirseniz bile ger\u00e7ek Aviator oyununu hacklemek kesinlikle imkans\u0131zd\u0131r. Spribe&#039;\u0131n oyunu \u00e7al\u0131\u015ft\u0131rmak i\u00e7in kulland\u0131\u011f\u0131 sistemler, 100% vakalar\u0131nda sonu\u00e7lar\u0131n adil olmas\u0131n\u0131 ve tahrif edilmemesini garanti eden \u015fifreleme teknolojisini kullan\u0131r.<\/p>\n<h3 id=\"h-do-aviator-predictors-work\">Aviator tahminleri i\u015fe yar\u0131yor mu?<\/h3>\n<p>HAYIR. Canl\u0131 bir Aviator oyununda turlar\u0131n sonucunu tahmin etmeyi vaat eden veya kazanmay\u0131 vaat eden herhangi bir APK, yaland\u0131r ya da doland\u0131r\u0131c\u0131d\u0131r. Bu uygulamalar\u0131 indirmeyin.<\/p>\n<p>Oyun RNG (rastgele say\u0131 \u00fcretimi) ve \u015fans\u0131n\u0131za g\u00f6re belirlenir; burada hi\u00e7bir s\u0131r ya da hile yok.<\/p>\n\n<div style=\"font-size: 0px; height: 0px; line-height: 0px; margin: 0; padding: 0; clear: both;\"><\/div>","protected":false},"excerpt":{"rendered":"<p>Aviator, Spribe&#039;\u0131n oyun becerilerinizi s\u0131n\u0131rlar\u0131na kadar test edecek heyecan verici bir \u00e7evrimi\u00e7i casino oyunudur. \u00d6\u011frenmesi kolay sayesinde<\/p>","protected":false},"author":1,"featured_media":0,"parent":0,"menu_order":0,"comment_status":"closed","ping_status":"closed","template":"","meta":{"footnotes":""},"class_list":["post-31","page","type-page","status-publish","hentry"],"yoast_head":"<!-- This site is optimized with the Yoast SEO plugin v22.0 - https:\/\/yoast.com\/wordpress\/plugins\/seo\/ -->\n<title>\u0421\u043a\u0430\u0447\u0430\u0439 Aviator APK \u0434\u043b\u044f Android \u2014 \u0418\u0433\u0440\u0430 \u0432 \u043a\u0440\u0430\u0448-\u0441\u043b\u043e\u0442 \u043d\u0430 \u0434\u0435\u043d\u044c\u0433\u0438<\/title>\n<meta name=\"description\" content=\"\u0423\u0441\u0442\u0430\u043d\u043e\u0432\u0438\u0442\u0435 \u0438\u0433\u0440\u0443 Aviator \u043d\u0430 Android \u0441 \u043f\u043e\u043c\u043e\u0449\u044c\u044e APK-\u0444\u0430\u0439\u043b\u0430. \u0418\u0433\u0440\u0430\u0439\u0442\u0435 \u0432 \u043a\u0440\u0430\u0448-\u0441\u043b\u043e\u0442 \u0438\u0433\u0440\u0443 \u043d\u0430 \u0434\u0435\u043d\u044c\u0433\u0438, \u0441\u043a\u0430\u0447\u0438\u0432\u0430\u044f \u043f\u0440\u0438\u043b\u043e\u0436\u0435\u043d\u0438\u0435 \u0431\u0435\u0437\u043e\u043f\u0430\u0441\u043d\u043e \u0438 \u043b\u0435\u0433\u043a\u043e.\" \/>\n<meta name=\"robots\" content=\"index, follow, max-snippet:-1, max-image-preview:large, max-video-preview:-1\" \/>\n<link rel=\"canonical\" href=\"https:\/\/aviator-slotgame.com\/tr\/aviator-oyunu-apksini-simdi-indirin\/\" \/>\n<meta property=\"og:locale\" content=\"tr_TR\" \/>\n<meta property=\"og:type\" content=\"article\" \/>\n<meta property=\"og:title\" content=\"\u0421\u043a\u0430\u0447\u0430\u0439 Aviator APK \u0434\u043b\u044f Android \u2014 \u0418\u0433\u0440\u0430 \u0432 \u043a\u0440\u0430\u0448-\u0441\u043b\u043e\u0442 \u043d\u0430 \u0434\u0435\u043d\u044c\u0433\u0438\" \/>\n<meta property=\"og:description\" content=\"\u0423\u0441\u0442\u0430\u043d\u043e\u0432\u0438\u0442\u0435 \u0438\u0433\u0440\u0443 Aviator \u043d\u0430 Android \u0441 \u043f\u043e\u043c\u043e\u0449\u044c\u044e APK-\u0444\u0430\u0439\u043b\u0430. \u0418\u0433\u0440\u0430\u0439\u0442\u0435 \u0432 \u043a\u0440\u0430\u0448-\u0441\u043b\u043e\u0442 \u0438\u0433\u0440\u0443 \u043d\u0430 \u0434\u0435\u043d\u044c\u0433\u0438, \u0441\u043a\u0430\u0447\u0438\u0432\u0430\u044f \u043f\u0440\u0438\u043b\u043e\u0436\u0435\u043d\u0438\u0435 \u0431\u0435\u0437\u043e\u043f\u0430\u0441\u043d\u043e \u0438 \u043b\u0435\u0433\u043a\u043e.\" \/>\n<meta property=\"og:url\" content=\"https:\/\/aviator-slotgame.com\/tr\/aviator-oyunu-apksini-simdi-indirin\/\" \/>\n<meta property=\"og:site_name\" content=\"Aviator\" \/>\n<meta property=\"article:modified_time\" content=\"2024-10-03T23:08:38+00:00\" \/>\n<meta property=\"og:image\" content=\"https:\/\/aviator-slotgame.com\/wp-content\/uploads\/aviator-4.png\" \/>\n<meta name=\"twitter:card\" content=\"summary_large_image\" \/>\n<meta name=\"twitter:label1\" content=\"Tahmini okuma s\u00fcresi\" \/>\n\t<meta name=\"twitter:data1\" content=\"3 dakika\" \/>\n<script type=\"application\/ld+json\" class=\"yoast-schema-graph\">{\"@context\":\"https:\/\/schema.org\",\"@graph\":[{\"@type\":\"WebPage\",\"@id\":\"https:\/\/aviator-slotgame.com\/download-apk-games\/\",\"url\":\"https:\/\/aviator-slotgame.com\/download-apk-games\/\",\"name\":\"\u0421\u043a\u0430\u0447\u0430\u0439 Aviator APK \u0434\u043b\u044f Android \u2014 \u0418\u0433\u0440\u0430 \u0432 \u043a\u0440\u0430\u0448-\u0441\u043b\u043e\u0442 \u043d\u0430 \u0434\u0435\u043d\u044c\u0433\u0438\",\"isPartOf\":{\"@id\":\"https:\/\/aviator-slotgame.com\/#website\"},\"datePublished\":\"2024-01-31T13:01:43+00:00\",\"dateModified\":\"2024-10-03T23:08:38+00:00\",\"description\":\"\u0423\u0441\u0442\u0430\u043d\u043e\u0432\u0438\u0442\u0435 \u0438\u0433\u0440\u0443 Aviator \u043d\u0430 Android \u0441 \u043f\u043e\u043c\u043e\u0449\u044c\u044e APK-\u0444\u0430\u0439\u043b\u0430. \u0418\u0433\u0440\u0430\u0439\u0442\u0435 \u0432 \u043a\u0440\u0430\u0448-\u0441\u043b\u043e\u0442 \u0438\u0433\u0440\u0443 \u043d\u0430 \u0434\u0435\u043d\u044c\u0433\u0438, \u0441\u043a\u0430\u0447\u0438\u0432\u0430\u044f \u043f\u0440\u0438\u043b\u043e\u0436\u0435\u043d\u0438\u0435 \u0431\u0435\u0437\u043e\u043f\u0430\u0441\u043d\u043e \u0438 \u043b\u0435\u0433\u043a\u043e.\",\"breadcrumb\":{\"@id\":\"https:\/\/aviator-slotgame.com\/download-apk-games\/#breadcrumb\"},\"inLanguage\":\"tr\",\"potentialAction\":[{\"@type\":\"ReadAction\",\"target\":[\"https:\/\/aviator-slotgame.com\/download-apk-games\/\"]}]},{\"@type\":\"BreadcrumbList\",\"@id\":\"https:\/\/aviator-slotgame.com\/download-apk-games\/#breadcrumb\",\"itemListElement\":[{\"@type\":\"ListItem\",\"position\":1,\"name\":\"Home\",\"item\":\"https:\/\/aviator-slotgame.com\/\"},{\"@type\":\"ListItem\",\"position\":2,\"name\":\"\u0423\u0441\u0442\u0430\u043d\u043e\u0432\u0438 Aviator APK \u0434\u043b\u044f Android \u0432\u0435\u0440\u0441\u0438\u0438 \u043f\u0440\u044f\u043c\u043e \u0441\u0435\u0439\u0447\u0430\u0441\"}]},{\"@type\":\"WebSite\",\"@id\":\"https:\/\/aviator-slotgame.com\/#website\",\"url\":\"https:\/\/aviator-slotgame.com\/\",\"name\":\"Aviator\",\"description\":\"\",\"publisher\":{\"@id\":\"https:\/\/aviator-slotgame.com\/#organization\"},\"potentialAction\":[{\"@type\":\"SearchAction\",\"target\":{\"@type\":\"EntryPoint\",\"urlTemplate\":\"https:\/\/aviator-slotgame.com\/?s={search_term_string}\"},\"query-input\":\"required name=search_term_string\"}],\"inLanguage\":\"tr\"},{\"@type\":\"Organization\",\"@id\":\"https:\/\/aviator-slotgame.com\/#organization\",\"name\":\"Aviator\",\"url\":\"https:\/\/aviator-slotgame.com\/\",\"logo\":{\"@type\":\"ImageObject\",\"inLanguage\":\"tr\",\"@id\":\"https:\/\/aviator-slotgame.com\/#\/schema\/logo\/image\/\",\"url\":\"https:\/\/aviator-slotgame.com\/wp-content\/uploads\/16f5e8_dade544d4623411c9c4153c639aae85amv2.webp\",\"contentUrl\":\"https:\/\/aviator-slotgame.com\/wp-content\/uploads\/16f5e8_dade544d4623411c9c4153c639aae85amv2.webp\",\"width\":400,\"height\":300,\"caption\":\"Aviator\"},\"image\":{\"@id\":\"https:\/\/aviator-slotgame.com\/#\/schema\/logo\/image\/\"}}]}<\/script>\n<!-- \/ Yoast SEO plugin. -->","yoast_head_json":{"title":"\u0421\u043a\u0430\u0447\u0430\u0439 Aviator APK \u0434\u043b\u044f Android \u2014 \u0418\u0433\u0440\u0430 \u0432 \u043a\u0440\u0430\u0448-\u0441\u043b\u043e\u0442 \u043d\u0430 \u0434\u0435\u043d\u044c\u0433\u0438","description":"\u0423\u0441\u0442\u0430\u043d\u043e\u0432\u0438\u0442\u0435 \u0438\u0433\u0440\u0443 Aviator \u043d\u0430 Android \u0441 \u043f\u043e\u043c\u043e\u0449\u044c\u044e APK-\u0444\u0430\u0439\u043b\u0430. \u0418\u0433\u0440\u0430\u0439\u0442\u0435 \u0432 \u043a\u0440\u0430\u0448-\u0441\u043b\u043e\u0442 \u0438\u0433\u0440\u0443 \u043d\u0430 \u0434\u0435\u043d\u044c\u0433\u0438, \u0441\u043a\u0430\u0447\u0438\u0432\u0430\u044f \u043f\u0440\u0438\u043b\u043e\u0436\u0435\u043d\u0438\u0435 \u0431\u0435\u0437\u043e\u043f\u0430\u0441\u043d\u043e \u0438 \u043b\u0435\u0433\u043a\u043e.","robots":{"index":"index","follow":"follow","max-snippet":"max-snippet:-1","max-image-preview":"max-image-preview:large","max-video-preview":"max-video-preview:-1"},"canonical":"https:\/\/aviator-slotgame.com\/tr\/aviator-oyunu-apksini-simdi-indirin\/","og_locale":"tr_TR","og_type":"article","og_title":"\u0421\u043a\u0430\u0447\u0430\u0439 Aviator APK \u0434\u043b\u044f Android \u2014 \u0418\u0433\u0440\u0430 \u0432 \u043a\u0440\u0430\u0448-\u0441\u043b\u043e\u0442 \u043d\u0430 \u0434\u0435\u043d\u044c\u0433\u0438","og_description":"\u0423\u0441\u0442\u0430\u043d\u043e\u0432\u0438\u0442\u0435 \u0438\u0433\u0440\u0443 Aviator \u043d\u0430 Android \u0441 \u043f\u043e\u043c\u043e\u0449\u044c\u044e APK-\u0444\u0430\u0439\u043b\u0430. \u0418\u0433\u0440\u0430\u0439\u0442\u0435 \u0432 \u043a\u0440\u0430\u0448-\u0441\u043b\u043e\u0442 \u0438\u0433\u0440\u0443 \u043d\u0430 \u0434\u0435\u043d\u044c\u0433\u0438, \u0441\u043a\u0430\u0447\u0438\u0432\u0430\u044f \u043f\u0440\u0438\u043b\u043e\u0436\u0435\u043d\u0438\u0435 \u0431\u0435\u0437\u043e\u043f\u0430\u0441\u043d\u043e \u0438 \u043b\u0435\u0433\u043a\u043e.","og_url":"https:\/\/aviator-slotgame.com\/tr\/aviator-oyunu-apksini-simdi-indirin\/","og_site_name":"Aviator","article_modified_time":"2024-10-03T23:08:38+00:00","og_image":[{"url":"https:\/\/aviator-slotgame.com\/wp-content\/uploads\/aviator-4.png"}],"twitter_card":"summary_large_image","twitter_misc":{"Tahmini okuma s\u00fcresi":"3 dakika"},"schema":{"@context":"https:\/\/schema.org","@graph":[{"@type":"WebPage","@id":"https:\/\/aviator-slotgame.com\/download-apk-games\/","url":"https:\/\/aviator-slotgame.com\/download-apk-games\/","name":"\u0421\u043a\u0430\u0447\u0430\u0439 Aviator APK \u0434\u043b\u044f Android \u2014 \u0418\u0433\u0440\u0430 \u0432 \u043a\u0440\u0430\u0448-\u0441\u043b\u043e\u0442 \u043d\u0430 \u0434\u0435\u043d\u044c\u0433\u0438","isPartOf":{"@id":"https:\/\/aviator-slotgame.com\/#website"},"datePublished":"2024-01-31T13:01:43+00:00","dateModified":"2024-10-03T23:08:38+00:00","description":"\u0423\u0441\u0442\u0430\u043d\u043e\u0432\u0438\u0442\u0435 \u0438\u0433\u0440\u0443 Aviator \u043d\u0430 Android \u0441 \u043f\u043e\u043c\u043e\u0449\u044c\u044e APK-\u0444\u0430\u0439\u043b\u0430. \u0418\u0433\u0440\u0430\u0439\u0442\u0435 \u0432 \u043a\u0440\u0430\u0448-\u0441\u043b\u043e\u0442 \u0438\u0433\u0440\u0443 \u043d\u0430 \u0434\u0435\u043d\u044c\u0433\u0438, \u0441\u043a\u0430\u0447\u0438\u0432\u0430\u044f \u043f\u0440\u0438\u043b\u043e\u0436\u0435\u043d\u0438\u0435 \u0431\u0435\u0437\u043e\u043f\u0430\u0441\u043d\u043e \u0438 \u043b\u0435\u0433\u043a\u043e.","breadcrumb":{"@id":"https:\/\/aviator-slotgame.com\/download-apk-games\/#breadcrumb"},"inLanguage":"tr","potentialAction":[{"@type":"ReadAction","target":["https:\/\/aviator-slotgame.com\/download-apk-games\/"]}]},{"@type":"BreadcrumbList","@id":"https:\/\/aviator-slotgame.com\/download-apk-games\/#breadcrumb","itemListElement":[{"@type":"ListItem","position":1,"name":"Home","item":"https:\/\/aviator-slotgame.com\/"},{"@type":"ListItem","position":2,"name":"\u0423\u0441\u0442\u0430\u043d\u043e\u0432\u0438 Aviator APK \u0434\u043b\u044f Android \u0432\u0435\u0440\u0441\u0438\u0438 \u043f\u0440\u044f\u043c\u043e \u0441\u0435\u0439\u0447\u0430\u0441"}]},{"@type":"WebSite","@id":"https:\/\/aviator-slotgame.com\/#website","url":"https:\/\/aviator-slotgame.com\/","name":"Aviator","description":"","publisher":{"@id":"https:\/\/aviator-slotgame.com\/#organization"},"potentialAction":[{"@type":"SearchAction","target":{"@type":"EntryPoint","urlTemplate":"https:\/\/aviator-slotgame.com\/?s={search_term_string}"},"query-input":"required name=search_term_string"}],"inLanguage":"tr"},{"@type":"Organization","@id":"https:\/\/aviator-slotgame.com\/#organization","name":"Aviator","url":"https:\/\/aviator-slotgame.com\/","logo":{"@type":"ImageObject","inLanguage":"tr","@id":"https:\/\/aviator-slotgame.com\/#\/schema\/logo\/image\/","url":"https:\/\/aviator-slotgame.com\/wp-content\/uploads\/16f5e8_dade544d4623411c9c4153c639aae85amv2.webp","contentUrl":"https:\/\/aviator-slotgame.com\/wp-content\/uploads\/16f5e8_dade544d4623411c9c4153c639aae85amv2.webp","width":400,"height":300,"caption":"Aviator"},"image":{"@id":"https:\/\/aviator-slotgame.com\/#\/schema\/logo\/image\/"}}]}},"amp_enabled":true,"_links":{"self":[{"href":"https:\/\/aviator-slotgame.com\/tr\/wp-json\/wp\/v2\/pages\/31","targetHints":{"allow":["GET"]}}],"collection":[{"href":"https:\/\/aviator-slotgame.com\/tr\/wp-json\/wp\/v2\/pages"}],"about":[{"href":"https:\/\/aviator-slotgame.com\/tr\/wp-json\/wp\/v2\/types\/page"}],"author":[{"embeddable":true,"href":"https:\/\/aviator-slotgame.com\/tr\/wp-json\/wp\/v2\/users\/1"}],"replies":[{"embeddable":true,"href":"https:\/\/aviator-slotgame.com\/tr\/wp-json\/wp\/v2\/comments?post=31"}],"version-history":[{"count":13,"href":"https:\/\/aviator-slotgame.com\/tr\/wp-json\/wp\/v2\/pages\/31\/revisions"}],"predecessor-version":[{"id":411,"href":"https:\/\/aviator-slotgame.com\/tr\/wp-json\/wp\/v2\/pages\/31\/revisions\/411"}],"wp:attachment":[{"href":"https:\/\/aviator-slotgame.com\/tr\/wp-json\/wp\/v2\/media?parent=31"}],"curies":[{"name":"wp","href":"https:\/\/api.w.org\/{rel}","templated":true}]}}